{"id":56325,"date":"2026-04-27T14:04:22","date_gmt":"2026-04-27T14:04:22","guid":{"rendered":""},"modified":"2026-04-27T14:04:22","modified_gmt":"2026-04-27T14:04:22","slug":"znackovy-cata-odsavac-par-empire-vd-204060-nerez-56325","status":"publish","type":"product","link":"https:\/\/www.koupeltech.com\/index.php\/produkt\/znackovy-cata-odsavac-par-empire-vd-204060-nerez-56325\/","title":{"rendered":"Zna\u010dkov\u00fd CATA Odsava\u010d par EMPIRE VD 204060 Nerez"},"content":{"rendered":"<div id=\"e5260221\" class=\"pages\">\n<div>\n<div id=\"PDDescription\" class=\"UserContentView userContent v1a v1 bs-view dcon dc164 PDDescription\" ><dc-con><dc-con><bs-empty><\/bs-empty><\/dc-con><dc-con>        <\/p>\n<div class=\"customDescription\">                    <\/div>\n<p><\/dc-con><dc-con>Vestavn\u00e1 digesto\u0159, \u0161\u00ed\u0159e 60 cm, nerez, max. v\u00fdkon 405 m3\/h (5 Pa), hlu\u010dnost Lw 51 \u2013 61 dB(A), 3 rychlosti, ods\u00e1vac\u00ed jednotky maj\u00ed individu\u00e1ln\u011b vyva\u017eovanou turb\u00ednu, motory jsou opat\u0159en\u00e9 vratn\u00fdmi tepeln\u00fdmi pojistkami (p\u0159i p\u0159et\u00ed\u017een\u00ed motoru vypne, po jeho vychladnut\u00ed op\u011bt sepne), mechanick\u00e9 tla\u010d\u00edtkov\u00e9 ovl\u00e1d\u00e1n\u00ed, kovov\u00e9 sendvi\u010dov\u00e9 tukov\u00e9 filtry, kter\u00e9 lze m\u00fdt v my\u010dce, mo\u017enost pr\u00e1ce v odtahov\u00e9m i recirkula\u010dn\u00edm re\u017eimu, v\u00fdstupn\u00ed pr\u016fm\u011br 150 mm, V\u00fdbava: \u00fasporn\u00e9 LED osv\u011btlen\u00ed 2 \u00d7 2 W, zdarma redukce na 120 mm a zp\u011btn\u00e1 klapka Recirkula\u010dn\u00ed re\u017eim u vestavn\u00fdch digesto\u0159\u00ed: Digesto\u0159 se osad\u00ed uhl\u00edkov\u00fdm pachov\u00fdm filtrem. P\u0159efiltrovan\u00fd vzduch se z digesto\u0159e odv\u00e1d\u00ed obdobn\u011b jako u odtahov\u00e9ho re\u017eimu trubkou, kter\u00e1 proch\u00e1z\u00ed celou sk\u0159\u00ed\u0148kou. Tato trubka v\u0161ak ne\u00fast\u00ed kolenem do zdi, ale nad sk\u0159\u00ed\u0148ku, kde ji doporu\u010dujeme zakon\u010dit m\u0159\u00ed\u017ekou. Pro v\u00fdrobu sk\u0159\u00ed\u0148ky je sm\u011brodatn\u00fd rozm\u011brov\u00fd n\u00e1kres a \u00fadaje v n\u011bm uveden\u00e9. Fotografie digesto\u0159\u00ed jsou ilustra\u010dn\u00ed.<\/dc-con><\/dc-con><\/div>\n<div id=\"PDDescription2\" class=\"UserContentView userContent v1a v1 bs-view dcon dc165 PDDescription2\" >\n<table class=\"params-table\">\n<tr>\n<td>\u0160\u00ed\u0159e<\/td>\n<td>60<\/td>\n<\/tr>\n<tr>\n<td>Barva<\/td>\n<td>Nerez<\/td>\n<\/tr>\n<tr>\n<td>Motor<\/td>\n<td>1 \u00d7 100 W<\/td>\n<\/tr>\n<tr>\n<td>Hmotnost<\/td>\n<td>5.6 kg<\/td>\n<\/tr>\n<tr>\n<td>Max. tlak<\/td>\n<td>166<\/td>\n<\/tr>\n<tr>\n<td>Ovl\u00e1d\u00e1n\u00ed<\/td>\n<td>Mechanick\u00e9 tla\u010d\u00edtkov\u00e9<\/td>\n<\/tr>\n<tr>\n<td>Barva kat.<\/td>\n<td>Nerez<\/td>\n<\/tr>\n<tr>\n<td>Kategorie<\/td>\n<td>Vestavn\u00e9<\/td>\n<\/tr>\n<tr>\n<td>Osv\u011btlen\u00ed<\/td>\n<td>2 \u00d7 2 W LED<\/td>\n<\/tr>\n<tr>\n<td>Recirkulace<\/td>\n<td>Ano<\/td>\n<\/tr>\n<tr>\n<td>Sm\u011br odtahu<\/td>\n<td>Nahoru<\/td>\n<\/tr>\n<tr>\n<td>LED osv\u011btlen\u00ed<\/td>\n<td>Ano<\/td>\n<\/tr>\n<tr>\n<td>Pr\u016fm\u011br odtahu<\/td>\n<td>150, zdarma redukce 150 \/ 120<\/td>\n<\/tr>\n<tr>\n<td>Tukov\u00e9 filtry<\/td>\n<td>Kovov\u00e9 sendvi\u010dov\u00e9<\/td>\n<\/tr>\n<tr>\n<td>Max. sac\u00ed v\u00fdkon<\/td>\n<td>473<\/td>\n<\/tr>\n<tr>\n<td>Po\u010det rychlost\u00ed<\/td>\n<td>3<\/td>\n<\/tr>\n<tr>\n<td>Energetick\u00e1 t\u0159\u00edda<\/td>\n<td>D<\/td>\n<\/tr>\n<tr>\n<td>V\u00fd\u0161ka k vrcholu p\u0159\u00edruby<\/td>\n<td>285<\/td>\n<\/tr>\n<tr>\n<td>Hlu\u010dnost Lw (hl. ak. v\u00fdkonu) \u2013 max.<\/td>\n<td>61<\/td>\n<\/tr>\n<tr>\n<td>Hlu\u010dnost Lw (hl. ak. v\u00fdkonu) \u2013 min.<\/td>\n<td>51<\/td>\n<\/tr>\n<tr>\n<td>Min. v\u00fd\u0161ka nad plynovou deskou<\/td>\n<td>750<\/td>\n<\/tr>\n<tr>\n<td>Tlak pro m\u011b\u0159en\u00ed v\u00fdkonu dle EN<\/td>\n<td>5<\/td>\n<\/tr>\n<tr>\n<td>Tukov\u00e9 filtry lze m\u00fdt v my\u010dce<\/td>\n<td>Ano<\/td>\n<\/tr>\n<tr>\n<td>Min.v\u00fd\u0161ka nad elektrickou deskou<\/td>\n<td>500<\/td>\n<\/tr>\n<\/table>\n<\/div><\/div>\n<div id=\"PDTable3\" class=\"ProductDetailTableView v3a v3 bs-view dcon dc185 PDTable3\" >\n<table>\n<thead><\/thead>\n<tbody>\n<tr class=\"attribute attr_kategorie\">\n<td class=\"caption\">Kategorie<\/td>\n<td class=\"value\">Odsava\u010de par<\/td>\n<\/tr>\n<tr class=\"attribute attr_sirkatext\">\n<td class=\"caption\">\u0160\u00ed\u0159ka<\/td>\n<td class=\"value\">60cm<\/td>\n<\/tr>\n<tr class=\"attribute attr_bsshop_maker\">\n<td class=\"caption\">V\u00fdrobce<\/td>\n<td class=\"value\">Empire<\/td>\n<\/tr>\n<tr class=\"attribute attr_ovladani\">\n<td class=\"caption\">Ovl\u00e1d\u00e1n\u00ed<\/td>\n<td class=\"value\">Mechanick\u00e9 tla\u010d\u00edtkov\u00e9<\/td>\n<\/tr>\n<tr class=\"attribute attr_sirka\">\n<td class=\"caption\">\u0160\u00ed\u0159ka v mm<\/td>\n<td class=\"value\">60<\/td>\n<\/tr>\n<tr class=\"attribute attr_tlak\">\n<td class=\"caption\">Tlak v barech<\/td>\n<td class=\"value\">166<\/td>\n<\/tr>\n<\/tbody>\n<\/table>\n<\/div>\n<\/div>\n<div id=\"e5260222\" class=\"tabs\">\n","protected":false},"excerpt":{"rendered":"<p>Vestavn\u00e1 digesto\u0159, \u0161\u00ed\u0159e 60 cm, nerez, max. v\u00fdkon 405 m3\/h (5 Pa), hlu\u010dnost Lw 51 \u2013 61 dB(A), 3 rychlosti, ods\u00e1vac\u00ed jednotky maj\u00ed individu\u00e1ln\u011b vyva\u017eovanou turb\u00ednu, motory jsou opat\u0159en\u00e9 vratn\u00fdmi tepeln\u00fdmi pojistkami (p\u0159i p\u0159et\u00ed\u017een\u00ed motoru vypne, po jeho vychladnut\u00ed op\u011bt sepne), mechanick\u00e9 tla\u010d\u00edtkov\u00e9 ovl\u00e1d\u00e1n\u00ed, kovov\u00e9 sendvi\u010dov\u00e9 tukov\u00e9 filtry, kter\u00e9 lze m\u00fdt v my\u010dce, mo\u017enost pr\u00e1ce [&hellip;]<\/p>\n","protected":false},"featured_media":56425,"comment_status":"open","ping_status":"open","template":"","meta":[],"product_brand":[],"product_cat":[95],"product_tag":[],"class_list":{"0":"post-56325","1":"product","2":"type-product","3":"status-publish","4":"has-post-thumbnail","6":"product_cat-pochutiny-dum-a-zahrada","8":"first","9":"instock","10":"sale","11":"shipping-taxable","12":"purchasable","13":"product-type-simple"},"yoast_head":"<!-- This site is optimized with the Yoast SEO plugin v26.8 - https:\/\/yoast.com\/product\/yoast-seo-wordpress\/ -->\n<title>Zna\u010dkov\u00fd CATA Odsava\u010d par EMPIRE VD 204060 Nerez -<\/title>\n<meta name=\"robots\" content=\"index, follow, max-snippet:-1, max-image-preview:large, max-video-preview:-1\" \/>\n<link rel=\"canonical\" href=\"https:\/\/www.koupeltech.com\/index.php\/produkt\/znackovy-cata-odsavac-par-empire-vd-204060-nerez-56325\/\" \/>\n<meta property=\"og:locale\" content=\"cs_CZ\" \/>\n<meta property=\"og:type\" content=\"article\" \/>\n<meta property=\"og:title\" content=\"Zna\u010dkov\u00fd CATA Odsava\u010d par EMPIRE VD 204060 Nerez -\" \/>\n<meta property=\"og:description\" content=\"Vestavn\u00e1 digesto\u0159, \u0161\u00ed\u0159e 60 cm, nerez, max. v\u00fdkon 405 m3\/h (5 Pa), hlu\u010dnost Lw 51 \u2013 61 dB(A), 3 rychlosti, ods\u00e1vac\u00ed jednotky maj\u00ed individu\u00e1ln\u011b vyva\u017eovanou turb\u00ednu, motory jsou opat\u0159en\u00e9 vratn\u00fdmi tepeln\u00fdmi pojistkami (p\u0159i p\u0159et\u00ed\u017een\u00ed motoru vypne, po jeho vychladnut\u00ed op\u011bt sepne), mechanick\u00e9 tla\u010d\u00edtkov\u00e9 ovl\u00e1d\u00e1n\u00ed, kovov\u00e9 sendvi\u010dov\u00e9 tukov\u00e9 filtry, kter\u00e9 lze m\u00fdt v my\u010dce, mo\u017enost pr\u00e1ce [&hellip;]\" \/>\n<meta property=\"og:url\" content=\"https:\/\/www.koupeltech.com\/index.php\/produkt\/znackovy-cata-odsavac-par-empire-vd-204060-nerez-56325\/\" \/>\n<meta property=\"og:image\" content=\"https:\/\/www.koupeltech.com\/wp-content\/uploads\/2026\/SK0022201-CZ20260425-093449-0-1777080896-cata-odsavac-par-empire-vd-204060-nerez.webp\" \/>\n\t<meta property=\"og:image:width\" content=\"1000\" \/>\n\t<meta property=\"og:image:height\" content=\"525\" \/>\n\t<meta property=\"og:image:type\" content=\"image\/webp\" \/>\n<meta name=\"twitter:card\" content=\"summary_large_image\" \/>\n<meta name=\"twitter:label1\" content=\"Odhadovan\u00e1 doba \u010dten\u00ed\" \/>\n\t<meta name=\"twitter:data1\" content=\"1 minuta\" \/>\n<script type=\"application\/ld+json\" class=\"yoast-schema-graph\">{\"@context\":\"https:\/\/schema.org\",\"@graph\":[{\"@type\":\"WebPage\",\"@id\":\"https:\/\/www.koupeltech.com\/index.php\/produkt\/znackovy-cata-odsavac-par-empire-vd-204060-nerez-56325\/\",\"url\":\"https:\/\/www.koupeltech.com\/index.php\/produkt\/znackovy-cata-odsavac-par-empire-vd-204060-nerez-56325\/\",\"name\":\"Zna\u010dkov\u00fd CATA Odsava\u010d par EMPIRE VD 204060 Nerez -\",\"isPartOf\":{\"@id\":\"https:\/\/www.koupeltech.com\/#website\"},\"primaryImageOfPage\":{\"@id\":\"https:\/\/www.koupeltech.com\/index.php\/produkt\/znackovy-cata-odsavac-par-empire-vd-204060-nerez-56325\/#primaryimage\"},\"image\":{\"@id\":\"https:\/\/www.koupeltech.com\/index.php\/produkt\/znackovy-cata-odsavac-par-empire-vd-204060-nerez-56325\/#primaryimage\"},\"thumbnailUrl\":\"https:\/\/www.koupeltech.com\/wp-content\/uploads\/2026\/SK0022201-CZ20260425-093449-0-1777080896-cata-odsavac-par-empire-vd-204060-nerez.webp\",\"datePublished\":\"2026-04-27T14:04:22+00:00\",\"breadcrumb\":{\"@id\":\"https:\/\/www.koupeltech.com\/index.php\/produkt\/znackovy-cata-odsavac-par-empire-vd-204060-nerez-56325\/#breadcrumb\"},\"inLanguage\":\"cs\",\"potentialAction\":[{\"@type\":\"ReadAction\",\"target\":[\"https:\/\/www.koupeltech.com\/index.php\/produkt\/znackovy-cata-odsavac-par-empire-vd-204060-nerez-56325\/\"]}]},{\"@type\":\"ImageObject\",\"inLanguage\":\"cs\",\"@id\":\"https:\/\/www.koupeltech.com\/index.php\/produkt\/znackovy-cata-odsavac-par-empire-vd-204060-nerez-56325\/#primaryimage\",\"url\":\"https:\/\/www.koupeltech.com\/wp-content\/uploads\/2026\/SK0022201-CZ20260425-093449-0-1777080896-cata-odsavac-par-empire-vd-204060-nerez.webp\",\"contentUrl\":\"https:\/\/www.koupeltech.com\/wp-content\/uploads\/2026\/SK0022201-CZ20260425-093449-0-1777080896-cata-odsavac-par-empire-vd-204060-nerez.webp\",\"width\":1000,\"height\":525},{\"@type\":\"BreadcrumbList\",\"@id\":\"https:\/\/www.koupeltech.com\/index.php\/produkt\/znackovy-cata-odsavac-par-empire-vd-204060-nerez-56325\/#breadcrumb\",\"itemListElement\":[{\"@type\":\"ListItem\",\"position\":1,\"name\":\"Home\",\"item\":\"https:\/\/www.koupeltech.com\/\"},{\"@type\":\"ListItem\",\"position\":2,\"name\":\"Products\",\"item\":\"https:\/\/www.koupeltech.com\/index.php\/products\/\"},{\"@type\":\"ListItem\",\"position\":3,\"name\":\"Zna\u010dkov\u00fd CATA Odsava\u010d par EMPIRE VD 204060 Nerez\"}]},{\"@type\":\"WebSite\",\"@id\":\"https:\/\/www.koupeltech.com\/#website\",\"url\":\"https:\/\/www.koupeltech.com\/\",\"name\":\"\",\"description\":\"\",\"potentialAction\":[{\"@type\":\"SearchAction\",\"target\":{\"@type\":\"EntryPoint\",\"urlTemplate\":\"https:\/\/www.koupeltech.com\/?s={search_term_string}\"},\"query-input\":{\"@type\":\"PropertyValueSpecification\",\"valueRequired\":true,\"valueName\":\"search_term_string\"}}],\"inLanguage\":\"cs\"}]}<\/script>\n<!-- \/ Yoast SEO plugin. -->","yoast_head_json":{"title":"Zna\u010dkov\u00fd CATA Odsava\u010d par EMPIRE VD 204060 Nerez -","robots":{"index":"index","follow":"follow","max-snippet":"max-snippet:-1","max-image-preview":"max-image-preview:large","max-video-preview":"max-video-preview:-1"},"canonical":"https:\/\/www.koupeltech.com\/index.php\/produkt\/znackovy-cata-odsavac-par-empire-vd-204060-nerez-56325\/","og_locale":"cs_CZ","og_type":"article","og_title":"Zna\u010dkov\u00fd CATA Odsava\u010d par EMPIRE VD 204060 Nerez -","og_description":"Vestavn\u00e1 digesto\u0159, \u0161\u00ed\u0159e 60 cm, nerez, max. v\u00fdkon 405 m3\/h (5 Pa), hlu\u010dnost Lw 51 \u2013 61 dB(A), 3 rychlosti, ods\u00e1vac\u00ed jednotky maj\u00ed individu\u00e1ln\u011b vyva\u017eovanou turb\u00ednu, motory jsou opat\u0159en\u00e9 vratn\u00fdmi tepeln\u00fdmi pojistkami (p\u0159i p\u0159et\u00ed\u017een\u00ed motoru vypne, po jeho vychladnut\u00ed op\u011bt sepne), mechanick\u00e9 tla\u010d\u00edtkov\u00e9 ovl\u00e1d\u00e1n\u00ed, kovov\u00e9 sendvi\u010dov\u00e9 tukov\u00e9 filtry, kter\u00e9 lze m\u00fdt v my\u010dce, mo\u017enost pr\u00e1ce [&hellip;]","og_url":"https:\/\/www.koupeltech.com\/index.php\/produkt\/znackovy-cata-odsavac-par-empire-vd-204060-nerez-56325\/","og_image":[{"width":1000,"height":525,"url":"https:\/\/www.koupeltech.com\/wp-content\/uploads\/2026\/SK0022201-CZ20260425-093449-0-1777080896-cata-odsavac-par-empire-vd-204060-nerez.webp","type":"image\/webp"}],"twitter_card":"summary_large_image","twitter_misc":{"Odhadovan\u00e1 doba \u010dten\u00ed":"1 minuta"},"schema":{"@context":"https:\/\/schema.org","@graph":[{"@type":"WebPage","@id":"https:\/\/www.koupeltech.com\/index.php\/produkt\/znackovy-cata-odsavac-par-empire-vd-204060-nerez-56325\/","url":"https:\/\/www.koupeltech.com\/index.php\/produkt\/znackovy-cata-odsavac-par-empire-vd-204060-nerez-56325\/","name":"Zna\u010dkov\u00fd CATA Odsava\u010d par EMPIRE VD 204060 Nerez -","isPartOf":{"@id":"https:\/\/www.koupeltech.com\/#website"},"primaryImageOfPage":{"@id":"https:\/\/www.koupeltech.com\/index.php\/produkt\/znackovy-cata-odsavac-par-empire-vd-204060-nerez-56325\/#primaryimage"},"image":{"@id":"https:\/\/www.koupeltech.com\/index.php\/produkt\/znackovy-cata-odsavac-par-empire-vd-204060-nerez-56325\/#primaryimage"},"thumbnailUrl":"https:\/\/www.koupeltech.com\/wp-content\/uploads\/2026\/SK0022201-CZ20260425-093449-0-1777080896-cata-odsavac-par-empire-vd-204060-nerez.webp","datePublished":"2026-04-27T14:04:22+00:00","breadcrumb":{"@id":"https:\/\/www.koupeltech.com\/index.php\/produkt\/znackovy-cata-odsavac-par-empire-vd-204060-nerez-56325\/#breadcrumb"},"inLanguage":"cs","potentialAction":[{"@type":"ReadAction","target":["https:\/\/www.koupeltech.com\/index.php\/produkt\/znackovy-cata-odsavac-par-empire-vd-204060-nerez-56325\/"]}]},{"@type":"ImageObject","inLanguage":"cs","@id":"https:\/\/www.koupeltech.com\/index.php\/produkt\/znackovy-cata-odsavac-par-empire-vd-204060-nerez-56325\/#primaryimage","url":"https:\/\/www.koupeltech.com\/wp-content\/uploads\/2026\/SK0022201-CZ20260425-093449-0-1777080896-cata-odsavac-par-empire-vd-204060-nerez.webp","contentUrl":"https:\/\/www.koupeltech.com\/wp-content\/uploads\/2026\/SK0022201-CZ20260425-093449-0-1777080896-cata-odsavac-par-empire-vd-204060-nerez.webp","width":1000,"height":525},{"@type":"BreadcrumbList","@id":"https:\/\/www.koupeltech.com\/index.php\/produkt\/znackovy-cata-odsavac-par-empire-vd-204060-nerez-56325\/#breadcrumb","itemListElement":[{"@type":"ListItem","position":1,"name":"Home","item":"https:\/\/www.koupeltech.com\/"},{"@type":"ListItem","position":2,"name":"Products","item":"https:\/\/www.koupeltech.com\/index.php\/products\/"},{"@type":"ListItem","position":3,"name":"Zna\u010dkov\u00fd CATA Odsava\u010d par EMPIRE VD 204060 Nerez"}]},{"@type":"WebSite","@id":"https:\/\/www.koupeltech.com\/#website","url":"https:\/\/www.koupeltech.com\/","name":"","description":"","potentialAction":[{"@type":"SearchAction","target":{"@type":"EntryPoint","urlTemplate":"https:\/\/www.koupeltech.com\/?s={search_term_string}"},"query-input":{"@type":"PropertyValueSpecification","valueRequired":true,"valueName":"search_term_string"}}],"inLanguage":"cs"}]}},"_links":{"self":[{"href":"https:\/\/www.koupeltech.com\/index.php\/wp-json\/wp\/v2\/product\/56325","targetHints":{"allow":["GET"]}}],"collection":[{"href":"https:\/\/www.koupeltech.com\/index.php\/wp-json\/wp\/v2\/product"}],"about":[{"href":"https:\/\/www.koupeltech.com\/index.php\/wp-json\/wp\/v2\/types\/product"}],"replies":[{"embeddable":true,"href":"https:\/\/www.koupeltech.com\/index.php\/wp-json\/wp\/v2\/comments?post=56325"}],"wp:featuredmedia":[{"embeddable":true,"href":"https:\/\/www.koupeltech.com\/index.php\/wp-json\/wp\/v2\/media\/56425"}],"wp:attachment":[{"href":"https:\/\/www.koupeltech.com\/index.php\/wp-json\/wp\/v2\/media?parent=56325"}],"wp:term":[{"taxonomy":"product_brand","embeddable":true,"href":"https:\/\/www.koupeltech.com\/index.php\/wp-json\/wp\/v2\/product_brand?post=56325"},{"taxonomy":"product_cat","embeddable":true,"href":"https:\/\/www.koupeltech.com\/index.php\/wp-json\/wp\/v2\/product_cat?post=56325"},{"taxonomy":"product_tag","embeddable":true,"href":"https:\/\/www.koupeltech.com\/index.php\/wp-json\/wp\/v2\/product_tag?post=56325"}],"curies":[{"name":"wp","href":"https:\/\/api.w.org\/{rel}","templated":true}]}}