{"id":56383,"date":"2026-04-27T14:04:22","date_gmt":"2026-04-27T14:04:22","guid":{"rendered":""},"modified":"2026-04-27T14:04:22","modified_gmt":"2026-04-27T14:04:22","slug":"akce-cata-odsavac-par-empire-vd-211060-bile-sklo-dalkove-ovladani-56383","status":"publish","type":"product","link":"https:\/\/www.koupeltech.com\/index.php\/produkt\/akce-cata-odsavac-par-empire-vd-211060-bile-sklo-dalkove-ovladani-56383\/","title":{"rendered":"Akce CATA Odsava\u010d par EMPIRE VD 211060 B\u00edl\u00e9 sklo + D\u00c1LKOV\u00c9 OVL\u00c1D\u00c1N\u00cd"},"content":{"rendered":"<div id=\"e4804492\" class=\"pages\">\n<div>\n<div id=\"PDDescription\" class=\"UserContentView userContent v1a v1 bs-view dcon dc164 PDDescription\" ><dc-con><dc-con><bs-empty><\/bs-empty><\/dc-con><dc-con>        <\/p>\n<div class=\"customDescription\">                    <\/div>\n<p><\/dc-con><dc-con>Vestavn\u00e1 digesto\u0159, \u0161\u00ed\u0159e 60 cm, nerez, max. v\u00fdkon 650 m3\/h (5 Pa), hlu\u010dnost Lw 51 \u2013 70 dB(A), 2 rychlosti + TURBO, ods\u00e1vac\u00ed jednotky maj\u00ed individu\u00e1ln\u011b vyva\u017eovanou turb\u00ednu, motory jsou opat\u0159en\u00e9 vratn\u00fdmi tepeln\u00fdmi pojistkami (p\u0159i p\u0159et\u00ed\u017een\u00ed motoru vypne, po jeho vychladnut\u00ed op\u011bt sepne), kovov\u00e9 sendvi\u010dov\u00e9 tukov\u00e9 filtry, kter\u00e9 lze m\u00fdt v my\u010dce, v\u00fdstupn\u00ed pr\u016fm\u011br 150 mm, mo\u017enost pr\u00e1ce v odtahov\u00e9m i recirkula\u010dn\u00edm re\u017eimu, V\u00fdbava: \u00fasporn\u00e9 LED osv\u011btlen\u00ed 2 \u00d7 2 W, elektronick\u00e9 ovl\u00e1d\u00e1n\u00ed s dob\u011bhov\u00fdm \u010dasova\u010dem, zdarma d\u00e1lkov\u00fd ovlada\u010d i s bateriemi, zdarma redukce na 120 mm a zp\u011btn\u00e1 klapka, Benefity: pou\u017e\u00edv\u00e1n\u00ed d\u00e1lkov\u00e9ho ovl\u00e1d\u00e1n\u00ed usnad\u0148uje \u00fadr\u017ebu digesto\u0159e (m\u00e9n\u011b otisk\u016f na digesto\u0159i = snaz\u0161\u00ed \u010di\u0161t\u011bn\u00ed), ovlada\u010d je opat\u0159en\u00fd magnetem, lze jej p\u0159ichytit t\u0159eba na dve\u0159e lednice (m\u016f\u017ee b\u00fdt snadno po ruce, nikam nezapadne) Recirkula\u010dn\u00ed re\u017eim u vestavn\u00fdch digesto\u0159\u00ed: Digesto\u0159 se osad\u00ed uhl\u00edkov\u00fdm pachov\u00fdm filtrem. P\u0159efiltrovan\u00fd vzduch se z digesto\u0159e odv\u00e1d\u00ed obdobn\u011b jako u odtahov\u00e9ho re\u017eimu trubkou, kter\u00e1 proch\u00e1z\u00ed celou sk\u0159\u00ed\u0148kou. Tato trubka v\u0161ak ne\u00fast\u00ed kolenem do zdi, ale nad sk\u0159\u00ed\u0148ku, kde ji doporu\u010dujeme zakon\u010dit m\u0159\u00ed\u017ekou. Pro v\u00fdrobu sk\u0159\u00ed\u0148ky je sm\u011brodatn\u00fd rozm\u011brov\u00fd n\u00e1kres a \u00fadaje v n\u011bm uveden\u00e9. Fotografie digesto\u0159\u00ed jsou ilustra\u010dn\u00ed.<\/dc-con><\/dc-con><\/div>\n<div id=\"PDDescription2\" class=\"UserContentView userContent v1a v1 bs-view dcon dc165 PDDescription2\" >\n<table class=\"params-table\">\n<tr>\n<td>\u0160\u00ed\u0159e<\/td>\n<td>60<\/td>\n<\/tr>\n<tr>\n<td>Barva<\/td>\n<td>Nerez \/ B\u00edl\u00e9 sklo<\/td>\n<\/tr>\n<tr>\n<td>Motor<\/td>\n<td>1 \u00d7 240 W<\/td>\n<\/tr>\n<tr>\n<td>Hmotnost<\/td>\n<td>7.395 kg<\/td>\n<\/tr>\n<tr>\n<td>Max. tlak<\/td>\n<td>418<\/td>\n<\/tr>\n<tr>\n<td>Ovl\u00e1d\u00e1n\u00ed<\/td>\n<td>Elektronick\u00e9 tla\u010d\u00edtkov\u00e9<\/td>\n<\/tr>\n<tr>\n<td>Barva kat.<\/td>\n<td>Nerez \/ sklo<\/td>\n<\/tr>\n<tr>\n<td>Kategorie<\/td>\n<td>Vestavn\u00e9<\/td>\n<\/tr>\n<tr>\n<td>Osv\u011btlen\u00ed<\/td>\n<td>2 \u00d7 LED 2 W<\/td>\n<\/tr>\n<tr>\n<td>Recirkulace<\/td>\n<td>Ano<\/td>\n<\/tr>\n<tr>\n<td>Sm\u011br odtahu<\/td>\n<td>Nahoru<\/td>\n<\/tr>\n<tr>\n<td>LED osv\u011btlen\u00ed<\/td>\n<td>Ano<\/td>\n<\/tr>\n<tr>\n<td>Pr\u016fm\u011br odtahu<\/td>\n<td>150 + redukce 150\/120 zdarma<\/td>\n<\/tr>\n<tr>\n<td>Tukov\u00e9 filtry<\/td>\n<td>Kovov\u00e9 sendvi\u010dov\u00e9<\/td>\n<\/tr>\n<tr>\n<td>Max. sac\u00ed v\u00fdkon<\/td>\n<td>650<\/td>\n<\/tr>\n<tr>\n<td>Po\u010det rychlost\u00ed<\/td>\n<td>2 + Turbo<\/td>\n<\/tr>\n<tr>\n<td>D\u00e1lkov\u00e9 ovl\u00e1d\u00e1n\u00ed<\/td>\n<td>Ano<\/td>\n<\/tr>\n<tr>\n<td>Dob\u011bh ventil\u00e1toru<\/td>\n<td>Ano<\/td>\n<\/tr>\n<tr>\n<td>Energetick\u00e1 t\u0159\u00edda<\/td>\n<td>A<\/td>\n<\/tr>\n<tr>\n<td>Hlu\u010dnost Lw (hl. ak. v\u00fdkonu) \u2013 max.<\/td>\n<td>70<\/td>\n<\/tr>\n<tr>\n<td>Hlu\u010dnost Lw (hl. ak. v\u00fdkonu) \u2013 min.<\/td>\n<td>51<\/td>\n<\/tr>\n<tr>\n<td>Min. v\u00fd\u0161ka nad plynovou deskou<\/td>\n<td>750<\/td>\n<\/tr>\n<tr>\n<td>Tlak pro m\u011b\u0159en\u00ed v\u00fdkonu dle EN<\/td>\n<td>5<\/td>\n<\/tr>\n<tr>\n<td>Tukov\u00e9 filtry lze m\u00fdt v my\u010dce<\/td>\n<td>Ano<\/td>\n<\/tr>\n<tr>\n<td>Min.v\u00fd\u0161ka nad elektrickou deskou<\/td>\n<td>500<\/td>\n<\/tr>\n<\/table>\n<\/div><\/div>\n<div id=\"PDTable3\" class=\"ProductDetailTableView v3a v3 bs-view dcon dc185 PDTable3\" >\n<table>\n<thead><\/thead>\n<tbody>\n<tr class=\"attribute attr_kategorie\">\n<td class=\"caption\">Kategorie<\/td>\n<td class=\"value\">Odsava\u010de par<\/td>\n<\/tr>\n<tr class=\"attribute attr_sirkatext\">\n<td class=\"caption\">\u0160\u00ed\u0159ka<\/td>\n<td class=\"value\">60cm<\/td>\n<\/tr>\n<tr class=\"attribute attr_bsshop_maker\">\n<td class=\"caption\">V\u00fdrobce<\/td>\n<td class=\"value\">Empire<\/td>\n<\/tr>\n<tr class=\"attribute attr_ovladani\">\n<td class=\"caption\">Ovl\u00e1d\u00e1n\u00ed<\/td>\n<td class=\"value\">Elektronick\u00e9 tla\u010d\u00edtkov\u00e9<\/td>\n<\/tr>\n<tr class=\"attribute attr_sirka\">\n<td class=\"caption\">\u0160\u00ed\u0159ka v mm<\/td>\n<td class=\"value\">60<\/td>\n<\/tr>\n<tr class=\"attribute attr_tlak\">\n<td class=\"caption\">Tlak v barech<\/td>\n<td class=\"value\">418<\/td>\n<\/tr>\n<\/tbody>\n<\/table>\n<\/div>\n<\/div>\n<div id=\"e4804493\" class=\"tabs\">\n","protected":false},"excerpt":{"rendered":"<p>Vestavn\u00e1 digesto\u0159, \u0161\u00ed\u0159e 60 cm, nerez, max. v\u00fdkon 650 m3\/h (5 Pa), hlu\u010dnost Lw 51 \u2013 70 dB(A), 2 rychlosti + TURBO, ods\u00e1vac\u00ed jednotky maj\u00ed individu\u00e1ln\u011b vyva\u017eovanou turb\u00ednu, motory jsou opat\u0159en\u00e9 vratn\u00fdmi tepeln\u00fdmi pojistkami (p\u0159i p\u0159et\u00ed\u017een\u00ed motoru vypne, po jeho vychladnut\u00ed op\u011bt sepne), kovov\u00e9 sendvi\u010dov\u00e9 tukov\u00e9 filtry, kter\u00e9 lze m\u00fdt v my\u010dce, v\u00fdstupn\u00ed pr\u016fm\u011br 150 [&hellip;]<\/p>\n","protected":false},"featured_media":56483,"comment_status":"open","ping_status":"open","template":"","meta":[],"product_brand":[],"product_cat":[95],"product_tag":[],"class_list":{"0":"post-56383","1":"product","2":"type-product","3":"status-publish","4":"has-post-thumbnail","6":"product_cat-pochutiny-dum-a-zahrada","8":"first","9":"instock","10":"sale","11":"shipping-taxable","12":"purchasable","13":"product-type-simple"},"yoast_head":"<!-- This site is optimized with the Yoast SEO plugin v26.8 - https:\/\/yoast.com\/product\/yoast-seo-wordpress\/ -->\n<title>Akce CATA Odsava\u010d par EMPIRE VD 211060 B\u00edl\u00e9 sklo + D\u00c1LKOV\u00c9 OVL\u00c1D\u00c1N\u00cd -<\/title>\n<meta name=\"robots\" content=\"index, follow, max-snippet:-1, max-image-preview:large, max-video-preview:-1\" \/>\n<link rel=\"canonical\" href=\"https:\/\/www.koupeltech.com\/index.php\/produkt\/akce-cata-odsavac-par-empire-vd-211060-bile-sklo-dalkove-ovladani-56383\/\" \/>\n<meta property=\"og:locale\" content=\"cs_CZ\" \/>\n<meta property=\"og:type\" content=\"article\" \/>\n<meta property=\"og:title\" content=\"Akce CATA Odsava\u010d par EMPIRE VD 211060 B\u00edl\u00e9 sklo + D\u00c1LKOV\u00c9 OVL\u00c1D\u00c1N\u00cd -\" \/>\n<meta property=\"og:description\" content=\"Vestavn\u00e1 digesto\u0159, \u0161\u00ed\u0159e 60 cm, nerez, max. v\u00fdkon 650 m3\/h (5 Pa), hlu\u010dnost Lw 51 \u2013 70 dB(A), 2 rychlosti + TURBO, ods\u00e1vac\u00ed jednotky maj\u00ed individu\u00e1ln\u011b vyva\u017eovanou turb\u00ednu, motory jsou opat\u0159en\u00e9 vratn\u00fdmi tepeln\u00fdmi pojistkami (p\u0159i p\u0159et\u00ed\u017een\u00ed motoru vypne, po jeho vychladnut\u00ed op\u011bt sepne), kovov\u00e9 sendvi\u010dov\u00e9 tukov\u00e9 filtry, kter\u00e9 lze m\u00fdt v my\u010dce, v\u00fdstupn\u00ed pr\u016fm\u011br 150 [&hellip;]\" \/>\n<meta property=\"og:url\" content=\"https:\/\/www.koupeltech.com\/index.php\/produkt\/akce-cata-odsavac-par-empire-vd-211060-bile-sklo-dalkove-ovladani-56383\/\" \/>\n<meta property=\"og:image\" content=\"https:\/\/www.koupeltech.com\/wp-content\/uploads\/2026\/SK0022259-CZ20260425-093449-0-1777080896-cata-odsavac-par-empire-vd-211060-bile-sklo-dalkove-ovladan.webp\" \/>\n\t<meta property=\"og:image:width\" content=\"1000\" \/>\n\t<meta property=\"og:image:height\" content=\"525\" \/>\n\t<meta property=\"og:image:type\" content=\"image\/webp\" \/>\n<meta name=\"twitter:card\" content=\"summary_large_image\" \/>\n<meta name=\"twitter:label1\" content=\"Odhadovan\u00e1 doba \u010dten\u00ed\" \/>\n\t<meta name=\"twitter:data1\" content=\"2 minuty\" \/>\n<script type=\"application\/ld+json\" class=\"yoast-schema-graph\">{\"@context\":\"https:\/\/schema.org\",\"@graph\":[{\"@type\":\"WebPage\",\"@id\":\"https:\/\/www.koupeltech.com\/index.php\/produkt\/akce-cata-odsavac-par-empire-vd-211060-bile-sklo-dalkove-ovladani-56383\/\",\"url\":\"https:\/\/www.koupeltech.com\/index.php\/produkt\/akce-cata-odsavac-par-empire-vd-211060-bile-sklo-dalkove-ovladani-56383\/\",\"name\":\"Akce CATA Odsava\u010d par EMPIRE VD 211060 B\u00edl\u00e9 sklo + D\u00c1LKOV\u00c9 OVL\u00c1D\u00c1N\u00cd -\",\"isPartOf\":{\"@id\":\"https:\/\/www.koupeltech.com\/#website\"},\"primaryImageOfPage\":{\"@id\":\"https:\/\/www.koupeltech.com\/index.php\/produkt\/akce-cata-odsavac-par-empire-vd-211060-bile-sklo-dalkove-ovladani-56383\/#primaryimage\"},\"image\":{\"@id\":\"https:\/\/www.koupeltech.com\/index.php\/produkt\/akce-cata-odsavac-par-empire-vd-211060-bile-sklo-dalkove-ovladani-56383\/#primaryimage\"},\"thumbnailUrl\":\"https:\/\/www.koupeltech.com\/wp-content\/uploads\/2026\/SK0022259-CZ20260425-093449-0-1777080896-cata-odsavac-par-empire-vd-211060-bile-sklo-dalkove-ovladan.webp\",\"datePublished\":\"2026-04-27T14:04:22+00:00\",\"breadcrumb\":{\"@id\":\"https:\/\/www.koupeltech.com\/index.php\/produkt\/akce-cata-odsavac-par-empire-vd-211060-bile-sklo-dalkove-ovladani-56383\/#breadcrumb\"},\"inLanguage\":\"cs\",\"potentialAction\":[{\"@type\":\"ReadAction\",\"target\":[\"https:\/\/www.koupeltech.com\/index.php\/produkt\/akce-cata-odsavac-par-empire-vd-211060-bile-sklo-dalkove-ovladani-56383\/\"]}]},{\"@type\":\"ImageObject\",\"inLanguage\":\"cs\",\"@id\":\"https:\/\/www.koupeltech.com\/index.php\/produkt\/akce-cata-odsavac-par-empire-vd-211060-bile-sklo-dalkove-ovladani-56383\/#primaryimage\",\"url\":\"https:\/\/www.koupeltech.com\/wp-content\/uploads\/2026\/SK0022259-CZ20260425-093449-0-1777080896-cata-odsavac-par-empire-vd-211060-bile-sklo-dalkove-ovladan.webp\",\"contentUrl\":\"https:\/\/www.koupeltech.com\/wp-content\/uploads\/2026\/SK0022259-CZ20260425-093449-0-1777080896-cata-odsavac-par-empire-vd-211060-bile-sklo-dalkove-ovladan.webp\",\"width\":1000,\"height\":525},{\"@type\":\"BreadcrumbList\",\"@id\":\"https:\/\/www.koupeltech.com\/index.php\/produkt\/akce-cata-odsavac-par-empire-vd-211060-bile-sklo-dalkove-ovladani-56383\/#breadcrumb\",\"itemListElement\":[{\"@type\":\"ListItem\",\"position\":1,\"name\":\"Home\",\"item\":\"https:\/\/www.koupeltech.com\/\"},{\"@type\":\"ListItem\",\"position\":2,\"name\":\"Products\",\"item\":\"https:\/\/www.koupeltech.com\/index.php\/products\/\"},{\"@type\":\"ListItem\",\"position\":3,\"name\":\"Akce CATA Odsava\u010d par EMPIRE VD 211060 B\u00edl\u00e9 sklo + D\u00c1LKOV\u00c9 OVL\u00c1D\u00c1N\u00cd\"}]},{\"@type\":\"WebSite\",\"@id\":\"https:\/\/www.koupeltech.com\/#website\",\"url\":\"https:\/\/www.koupeltech.com\/\",\"name\":\"\",\"description\":\"\",\"potentialAction\":[{\"@type\":\"SearchAction\",\"target\":{\"@type\":\"EntryPoint\",\"urlTemplate\":\"https:\/\/www.koupeltech.com\/?s={search_term_string}\"},\"query-input\":{\"@type\":\"PropertyValueSpecification\",\"valueRequired\":true,\"valueName\":\"search_term_string\"}}],\"inLanguage\":\"cs\"}]}<\/script>\n<!-- \/ Yoast SEO plugin. -->","yoast_head_json":{"title":"Akce CATA Odsava\u010d par EMPIRE VD 211060 B\u00edl\u00e9 sklo + D\u00c1LKOV\u00c9 OVL\u00c1D\u00c1N\u00cd -","robots":{"index":"index","follow":"follow","max-snippet":"max-snippet:-1","max-image-preview":"max-image-preview:large","max-video-preview":"max-video-preview:-1"},"canonical":"https:\/\/www.koupeltech.com\/index.php\/produkt\/akce-cata-odsavac-par-empire-vd-211060-bile-sklo-dalkove-ovladani-56383\/","og_locale":"cs_CZ","og_type":"article","og_title":"Akce CATA Odsava\u010d par EMPIRE VD 211060 B\u00edl\u00e9 sklo + D\u00c1LKOV\u00c9 OVL\u00c1D\u00c1N\u00cd -","og_description":"Vestavn\u00e1 digesto\u0159, \u0161\u00ed\u0159e 60 cm, nerez, max. v\u00fdkon 650 m3\/h (5 Pa), hlu\u010dnost Lw 51 \u2013 70 dB(A), 2 rychlosti + TURBO, ods\u00e1vac\u00ed jednotky maj\u00ed individu\u00e1ln\u011b vyva\u017eovanou turb\u00ednu, motory jsou opat\u0159en\u00e9 vratn\u00fdmi tepeln\u00fdmi pojistkami (p\u0159i p\u0159et\u00ed\u017een\u00ed motoru vypne, po jeho vychladnut\u00ed op\u011bt sepne), kovov\u00e9 sendvi\u010dov\u00e9 tukov\u00e9 filtry, kter\u00e9 lze m\u00fdt v my\u010dce, v\u00fdstupn\u00ed pr\u016fm\u011br 150 [&hellip;]","og_url":"https:\/\/www.koupeltech.com\/index.php\/produkt\/akce-cata-odsavac-par-empire-vd-211060-bile-sklo-dalkove-ovladani-56383\/","og_image":[{"width":1000,"height":525,"url":"https:\/\/www.koupeltech.com\/wp-content\/uploads\/2026\/SK0022259-CZ20260425-093449-0-1777080896-cata-odsavac-par-empire-vd-211060-bile-sklo-dalkove-ovladan.webp","type":"image\/webp"}],"twitter_card":"summary_large_image","twitter_misc":{"Odhadovan\u00e1 doba \u010dten\u00ed":"2 minuty"},"schema":{"@context":"https:\/\/schema.org","@graph":[{"@type":"WebPage","@id":"https:\/\/www.koupeltech.com\/index.php\/produkt\/akce-cata-odsavac-par-empire-vd-211060-bile-sklo-dalkove-ovladani-56383\/","url":"https:\/\/www.koupeltech.com\/index.php\/produkt\/akce-cata-odsavac-par-empire-vd-211060-bile-sklo-dalkove-ovladani-56383\/","name":"Akce CATA Odsava\u010d par EMPIRE VD 211060 B\u00edl\u00e9 sklo + D\u00c1LKOV\u00c9 OVL\u00c1D\u00c1N\u00cd -","isPartOf":{"@id":"https:\/\/www.koupeltech.com\/#website"},"primaryImageOfPage":{"@id":"https:\/\/www.koupeltech.com\/index.php\/produkt\/akce-cata-odsavac-par-empire-vd-211060-bile-sklo-dalkove-ovladani-56383\/#primaryimage"},"image":{"@id":"https:\/\/www.koupeltech.com\/index.php\/produkt\/akce-cata-odsavac-par-empire-vd-211060-bile-sklo-dalkove-ovladani-56383\/#primaryimage"},"thumbnailUrl":"https:\/\/www.koupeltech.com\/wp-content\/uploads\/2026\/SK0022259-CZ20260425-093449-0-1777080896-cata-odsavac-par-empire-vd-211060-bile-sklo-dalkove-ovladan.webp","datePublished":"2026-04-27T14:04:22+00:00","breadcrumb":{"@id":"https:\/\/www.koupeltech.com\/index.php\/produkt\/akce-cata-odsavac-par-empire-vd-211060-bile-sklo-dalkove-ovladani-56383\/#breadcrumb"},"inLanguage":"cs","potentialAction":[{"@type":"ReadAction","target":["https:\/\/www.koupeltech.com\/index.php\/produkt\/akce-cata-odsavac-par-empire-vd-211060-bile-sklo-dalkove-ovladani-56383\/"]}]},{"@type":"ImageObject","inLanguage":"cs","@id":"https:\/\/www.koupeltech.com\/index.php\/produkt\/akce-cata-odsavac-par-empire-vd-211060-bile-sklo-dalkove-ovladani-56383\/#primaryimage","url":"https:\/\/www.koupeltech.com\/wp-content\/uploads\/2026\/SK0022259-CZ20260425-093449-0-1777080896-cata-odsavac-par-empire-vd-211060-bile-sklo-dalkove-ovladan.webp","contentUrl":"https:\/\/www.koupeltech.com\/wp-content\/uploads\/2026\/SK0022259-CZ20260425-093449-0-1777080896-cata-odsavac-par-empire-vd-211060-bile-sklo-dalkove-ovladan.webp","width":1000,"height":525},{"@type":"BreadcrumbList","@id":"https:\/\/www.koupeltech.com\/index.php\/produkt\/akce-cata-odsavac-par-empire-vd-211060-bile-sklo-dalkove-ovladani-56383\/#breadcrumb","itemListElement":[{"@type":"ListItem","position":1,"name":"Home","item":"https:\/\/www.koupeltech.com\/"},{"@type":"ListItem","position":2,"name":"Products","item":"https:\/\/www.koupeltech.com\/index.php\/products\/"},{"@type":"ListItem","position":3,"name":"Akce CATA Odsava\u010d par EMPIRE VD 211060 B\u00edl\u00e9 sklo + D\u00c1LKOV\u00c9 OVL\u00c1D\u00c1N\u00cd"}]},{"@type":"WebSite","@id":"https:\/\/www.koupeltech.com\/#website","url":"https:\/\/www.koupeltech.com\/","name":"","description":"","potentialAction":[{"@type":"SearchAction","target":{"@type":"EntryPoint","urlTemplate":"https:\/\/www.koupeltech.com\/?s={search_term_string}"},"query-input":{"@type":"PropertyValueSpecification","valueRequired":true,"valueName":"search_term_string"}}],"inLanguage":"cs"}]}},"_links":{"self":[{"href":"https:\/\/www.koupeltech.com\/index.php\/wp-json\/wp\/v2\/product\/56383","targetHints":{"allow":["GET"]}}],"collection":[{"href":"https:\/\/www.koupeltech.com\/index.php\/wp-json\/wp\/v2\/product"}],"about":[{"href":"https:\/\/www.koupeltech.com\/index.php\/wp-json\/wp\/v2\/types\/product"}],"replies":[{"embeddable":true,"href":"https:\/\/www.koupeltech.com\/index.php\/wp-json\/wp\/v2\/comments?post=56383"}],"wp:featuredmedia":[{"embeddable":true,"href":"https:\/\/www.koupeltech.com\/index.php\/wp-json\/wp\/v2\/media\/56483"}],"wp:attachment":[{"href":"https:\/\/www.koupeltech.com\/index.php\/wp-json\/wp\/v2\/media?parent=56383"}],"wp:term":[{"taxonomy":"product_brand","embeddable":true,"href":"https:\/\/www.koupeltech.com\/index.php\/wp-json\/wp\/v2\/product_brand?post=56383"},{"taxonomy":"product_cat","embeddable":true,"href":"https:\/\/www.koupeltech.com\/index.php\/wp-json\/wp\/v2\/product_cat?post=56383"},{"taxonomy":"product_tag","embeddable":true,"href":"https:\/\/www.koupeltech.com\/index.php\/wp-json\/wp\/v2\/product_tag?post=56383"}],"curies":[{"name":"wp","href":"https:\/\/api.w.org\/{rel}","templated":true}]}}