{"id":62156,"date":"2026-04-27T14:05:19","date_gmt":"2026-04-27T14:05:19","guid":{"rendered":""},"modified":"2026-04-27T14:05:19","modified_gmt":"2026-04-27T14:05:19","slug":"akce-alkyton-kladivkova-barva-tm-zelena-750ml-62156","status":"publish","type":"product","link":"https:\/\/www.koupeltech.com\/index.php\/produkt\/akce-alkyton-kladivkova-barva-tm-zelena-750ml-62156\/","title":{"rendered":"Akce ALKYTON klad\u00edvkov\u00e1 barva tm.zelen\u00e1 750ml"},"content":{"rendered":"<table>\n<div class=\"tab-pane active product-description\" id=\"popis\" role=\"tabpanel\">\n<div class=\"short-description\" itemprop=\"description\"><\/div>\n<div class=\"description\"><span class='bullet-line'>Alkyton &#8211; p\u0159\u00edmo na rez je samo z\u00e1kladov\u00e1 antikorozn\u00ed barva na b\u00e1zi alkydov\u00fdch prysky\u0159ic modifikovan\u00fdch uretany. <br \/><\/span><span class='bullet-line'>N\u00e1t\u011br Alkytonem vykazuje vynikaj\u00edc\u00ed pru\u017enost, odolnost proti \u00faderu a dobrou charakteristiku zasych\u00e1n\u00ed.<br \/><\/span><span class='bullet-line'>Antikorozivn\u00ed p\u0159\u00edpravky Alkyton jsou samoz\u00e1kladov\u00e9 barvy v proveden\u00ed RAL odst\u00edn\u016f a klad\u00edvkov\u00e9m proveden\u00ed pro o\u0161et\u0159ov\u00e1n\u00ed r\u016fzn\u00fdch povrch\u016f a jejich ochran\u011b proti korozi. <br \/><\/span><span class='bullet-line'>Syst\u00e9m Antikor\u00f3zn\u00ed barva Alkyton zahrnuje i n\u011bkter\u00e9 speci\u00e1ln\u00ed materi\u00e1ly, jako nap\u0159\u00edklad Galvinol, Primer a Penetr\u00e1tor.<br \/><\/span><span class='bullet-line'>Alkyton vstoupil na trh teprve ned\u00e1vno, dok\u00e1zal svoji konkurenci p\u0159edb\u011bhnout a nab\u00eddnout n\u011bco v\u00edc.<br \/><\/span><span class='bullet-line'>Antikor\u00f3zn\u00ed barva Alkyton je p\u0159edev\u0161\u00edm ur\u010dena k n\u00e1t\u011br\u016fm nov\u00fdch ale i zkorodovan\u00fdch \u017eelezn\u00fdch kov\u016f v exteri\u00e9rech.<br \/><\/span><span class='bullet-line'>Antikor\u00f3zn\u00ed barvu Alkyton lze aplikovat p\u0159\u00edmo na kov v prost\u0159ed\u00ed s m\u00edrn\u00fdm pr\u016fmyslov\u00fdm zne\u010di\u0161t\u011bn\u00edm, nebo s pou\u017eit\u00edm v syst\u00e9mu se z\u00e1kladov\u00fdmi n\u00e1t\u011bry na kovov\u00e9 konstrukce vystaven\u00e9 agresivn\u011bj\u0161\u00edmu pr\u016fmyslov\u00e9mu prost\u0159ed\u00ed.<br \/><\/span><span class='bullet-line'>Barva Alkyton kryje v 1vrstv\u011b v cel\u00e9m spektru dod\u00e1van\u00fdch odst\u00edn\u016f. <br \/><\/span><span class='bullet-line'>\u00da\u010dinn\u00e9 antikorozn\u00ed pigmenty vytv\u00e1\u0159ej\u00ed dlouhodobou antikorozn\u00ed ochranu. <br \/><\/span><span class='bullet-line'>V\u00fdrobek m\u00e1 velmi dobrou p\u0159ilnavost i na zkorodovan\u00fd povrch po ru\u010dn\u00edm o\u010di\u0161t\u011bn\u00ed. <br \/><\/span><span class='bullet-line'>Pou\u017eit\u00e1 rozpou\u0161t\u011bdla dod\u00e1vaj\u00ed v\u00fdrobku vynikaj\u00edc\u00ed sl\u00e9vatelnost- p\u0159i aplikaci \u0161t\u011btcem lze dos\u00e1hnout vzhled obdobn\u00e9 kvality jako p\u0159i st\u0159\u00edk\u00e1n\u00ed. <br \/><\/span><span class='bullet-line'>Modifikace alkydov\u00fdch prysky\u0159ic uretany dod\u00e1v\u00e1 v\u00fdrobku dlouhodobou barevnou st\u00e1lost a podstatn\u011b prodlu\u017euje lesk.<br \/><\/span><br \/>\u27a4 Rozd\u00edly v hladk\u00e9m a klad\u00edvkov\u00e9m proveden\u00ed.<span class='bullet-line'>Hladk\u00e9 odst\u00edny odpov\u00eddaj\u00ed vzorkovnici odst\u00edn\u016f RAL. V tom je velk\u00e1 v\u00fdhoda barev Alkyton mezi sv\u00fdmi konkurenty.<br \/><\/span><span class='bullet-line'>Barvu Alkyton v hladk\u00e9m proveden\u00ed lze aplikovat p\u0159i teplot\u011b od 5\u00b0C do 25\u00b0C. <br \/><\/span><span class='bullet-line'>Ni\u017e\u0161\u00ed teploty maj\u00ed vliv na dobu zasych\u00e1n\u00ed barvy, vy\u0161\u0161\u00ed teploty naopak na kvalitu n\u00e1t\u011bru. <br \/><\/span><span class='bullet-line'>Alkyton RAL 9006 a 9007 jsou stejn\u011b jako u ostatn\u00edch v\u00fdrobc\u016f jen p\u0159ibli\u017en\u00e9 odst\u00edny (obsahuj\u00ed Aluminiov\u00fd prach, kter\u00fd p\u0159i nat\u00edr\u00e1n\u00ed \u0161t\u011btcem zv\u00fdrazn\u00ed tahy \u0161t\u011btcem r\u016fzn\u00fdm sm\u011brem.)<br \/><\/span><span class='bullet-line'>Jak na to? Je lep\u0161\u00ed nan\u00e9st \u0161t\u011btcem prvn\u00ed vrstvu barvy, druhou vrstvu po zaschnut\u00ed nan\u00e9st st\u0159\u00edkac\u00ed pistol\u00ed.<br \/><\/span><span class='bullet-line'>Klad\u00edvkov\u00e9 efekty se pou\u017e\u00edvaj\u00ed na optick\u00e9 vyrovn\u00e1n\u00ed nerovnost\u00ed. Kole\u010dka (oka) d\u011bl\u00e1 silikonov\u00e1 slo\u017eka, kter\u00e1 je v barv\u011b obsa\u017eena. <br \/><\/span><span class='bullet-line'>P\u0159i nan\u00e1\u0161en\u00ed barvy silikon \u010d\u00e1ste\u010dn\u011b odpuzuje barvu d\u00edky odli\u0161n\u00e9mu povrchov\u00e9mu nap\u011bt\u00ed silikonu. P\u0159i nan\u00e1\u0161en\u00ed barvy \u0161t\u011btcem nemus\u00ed b\u00fdt v\u0161echna \u201eoka\u201c stejn\u00e1.<br \/><\/span><span class='bullet-line'>Je mo\u017en\u00e9 nan\u00e9st jednu vrstvu \u0161t\u011btcem, druhou vrstvu st\u0159\u00edkat vzduchovou pistol\u00ed. <br \/><\/span><span class='bullet-line'>V\u011bt\u0161\u00ed \u0159ed\u011bn\u00ed \u201eklad\u00edvkov\u00e9 barvy\u201c zp\u016fsobuje v\u011bt\u0161\u00ed velikost \u201eok\u201c barvy.<\/span><\/div>\n<div class=\"parameters\">\n<tr>\n<td>APLIKACE:<\/td>\n<td>\u0160t\u011btec, st\u0159\u00edk\u00e1n\u00ed.<\/td>\n<\/tr>\n<tr>\n<td>VYDATNOST:<\/td>\n<td>10,5 m2\/l.<\/td>\n<\/tr>\n<tr>\n<td>DOBA SCHNUT\u00cd:<\/td>\n<td>Na prach 2 hodiny, p\u0159et\u00edrateln\u00fd po 16 hodin\u00e1ch.<\/td>\n<\/tr><\/div>\n<\/table>\n","protected":false},"excerpt":{"rendered":"<p>Alkyton &#8211; p\u0159\u00edmo na rez je samo z\u00e1kladov\u00e1 antikorozn\u00ed barva na b\u00e1zi alkydov\u00fdch prysky\u0159ic modifikovan\u00fdch uretany. N\u00e1t\u011br Alkytonem vykazuje vynikaj\u00edc\u00ed pru\u017enost, odolnost proti \u00faderu a dobrou charakteristiku zasych\u00e1n\u00ed.Antikorozivn\u00ed p\u0159\u00edpravky Alkyton jsou samoz\u00e1kladov\u00e9 barvy v proveden\u00ed RAL odst\u00edn\u016f a klad\u00edvkov\u00e9m proveden\u00ed pro o\u0161et\u0159ov\u00e1n\u00ed r\u016fzn\u00fdch povrch\u016f a jejich ochran\u011b proti korozi. Syst\u00e9m Antikor\u00f3zn\u00ed barva Alkyton zahrnuje i [&hellip;]<\/p>\n","protected":false},"featured_media":62256,"comment_status":"open","ping_status":"open","template":"","meta":[],"product_brand":[],"product_cat":[40,42,41],"product_tag":[],"class_list":{"0":"post-62156","1":"product","2":"type-product","3":"status-publish","4":"has-post-thumbnail","6":"product_cat-barvy","7":"product_cat-chemie","8":"product_cat-laky","10":"first","11":"instock","12":"sale","13":"shipping-taxable","14":"purchasable","15":"product-type-simple"},"yoast_head":"<!-- This site is optimized with the Yoast SEO plugin v26.8 - https:\/\/yoast.com\/product\/yoast-seo-wordpress\/ -->\n<title>Akce ALKYTON klad\u00edvkov\u00e1 barva tm.zelen\u00e1 750ml -<\/title>\n<meta name=\"robots\" content=\"index, follow, max-snippet:-1, max-image-preview:large, max-video-preview:-1\" \/>\n<link rel=\"canonical\" href=\"https:\/\/www.koupeltech.com\/index.php\/produkt\/akce-alkyton-kladivkova-barva-tm-zelena-750ml-62156\/\" \/>\n<meta property=\"og:locale\" content=\"cs_CZ\" \/>\n<meta property=\"og:type\" content=\"article\" \/>\n<meta property=\"og:title\" content=\"Akce ALKYTON klad\u00edvkov\u00e1 barva tm.zelen\u00e1 750ml -\" \/>\n<meta property=\"og:description\" content=\"Alkyton &#8211; p\u0159\u00edmo na rez je samo z\u00e1kladov\u00e1 antikorozn\u00ed barva na b\u00e1zi alkydov\u00fdch prysky\u0159ic modifikovan\u00fdch uretany. N\u00e1t\u011br Alkytonem vykazuje vynikaj\u00edc\u00ed pru\u017enost, odolnost proti \u00faderu a dobrou charakteristiku zasych\u00e1n\u00ed.Antikorozivn\u00ed p\u0159\u00edpravky Alkyton jsou samoz\u00e1kladov\u00e9 barvy v proveden\u00ed RAL odst\u00edn\u016f a klad\u00edvkov\u00e9m proveden\u00ed pro o\u0161et\u0159ov\u00e1n\u00ed r\u016fzn\u00fdch povrch\u016f a jejich ochran\u011b proti korozi. Syst\u00e9m Antikor\u00f3zn\u00ed barva Alkyton zahrnuje i [&hellip;]\" \/>\n<meta property=\"og:url\" content=\"https:\/\/www.koupeltech.com\/index.php\/produkt\/akce-alkyton-kladivkova-barva-tm-zelena-750ml-62156\/\" \/>\n<meta property=\"og:image\" content=\"https:\/\/www.koupeltech.com\/wp-content\/uploads\/2026\/SK0026549-CZ20260425-092328-0-1777080210-cb25555d37b3929c964798c1ac2833ffd88fbc8b_1.webp\" \/>\n\t<meta property=\"og:image:width\" content=\"620\" \/>\n\t<meta property=\"og:image:height\" content=\"620\" \/>\n\t<meta property=\"og:image:type\" content=\"image\/webp\" \/>\n<meta name=\"twitter:card\" content=\"summary_large_image\" \/>\n<meta name=\"twitter:label1\" content=\"Odhadovan\u00e1 doba \u010dten\u00ed\" \/>\n\t<meta name=\"twitter:data1\" content=\"3 minuty\" \/>\n<script type=\"application\/ld+json\" class=\"yoast-schema-graph\">{\"@context\":\"https:\/\/schema.org\",\"@graph\":[{\"@type\":\"WebPage\",\"@id\":\"https:\/\/www.koupeltech.com\/index.php\/produkt\/akce-alkyton-kladivkova-barva-tm-zelena-750ml-62156\/\",\"url\":\"https:\/\/www.koupeltech.com\/index.php\/produkt\/akce-alkyton-kladivkova-barva-tm-zelena-750ml-62156\/\",\"name\":\"Akce ALKYTON klad\u00edvkov\u00e1 barva tm.zelen\u00e1 750ml -\",\"isPartOf\":{\"@id\":\"https:\/\/www.koupeltech.com\/#website\"},\"primaryImageOfPage\":{\"@id\":\"https:\/\/www.koupeltech.com\/index.php\/produkt\/akce-alkyton-kladivkova-barva-tm-zelena-750ml-62156\/#primaryimage\"},\"image\":{\"@id\":\"https:\/\/www.koupeltech.com\/index.php\/produkt\/akce-alkyton-kladivkova-barva-tm-zelena-750ml-62156\/#primaryimage\"},\"thumbnailUrl\":\"https:\/\/www.koupeltech.com\/wp-content\/uploads\/2026\/SK0026549-CZ20260425-092328-0-1777080210-cb25555d37b3929c964798c1ac2833ffd88fbc8b_1.webp\",\"datePublished\":\"2026-04-27T14:05:19+00:00\",\"breadcrumb\":{\"@id\":\"https:\/\/www.koupeltech.com\/index.php\/produkt\/akce-alkyton-kladivkova-barva-tm-zelena-750ml-62156\/#breadcrumb\"},\"inLanguage\":\"cs\",\"potentialAction\":[{\"@type\":\"ReadAction\",\"target\":[\"https:\/\/www.koupeltech.com\/index.php\/produkt\/akce-alkyton-kladivkova-barva-tm-zelena-750ml-62156\/\"]}]},{\"@type\":\"ImageObject\",\"inLanguage\":\"cs\",\"@id\":\"https:\/\/www.koupeltech.com\/index.php\/produkt\/akce-alkyton-kladivkova-barva-tm-zelena-750ml-62156\/#primaryimage\",\"url\":\"https:\/\/www.koupeltech.com\/wp-content\/uploads\/2026\/SK0026549-CZ20260425-092328-0-1777080210-cb25555d37b3929c964798c1ac2833ffd88fbc8b_1.webp\",\"contentUrl\":\"https:\/\/www.koupeltech.com\/wp-content\/uploads\/2026\/SK0026549-CZ20260425-092328-0-1777080210-cb25555d37b3929c964798c1ac2833ffd88fbc8b_1.webp\",\"width\":620,\"height\":620},{\"@type\":\"BreadcrumbList\",\"@id\":\"https:\/\/www.koupeltech.com\/index.php\/produkt\/akce-alkyton-kladivkova-barva-tm-zelena-750ml-62156\/#breadcrumb\",\"itemListElement\":[{\"@type\":\"ListItem\",\"position\":1,\"name\":\"Home\",\"item\":\"https:\/\/www.koupeltech.com\/\"},{\"@type\":\"ListItem\",\"position\":2,\"name\":\"Products\",\"item\":\"https:\/\/www.koupeltech.com\/index.php\/products\/\"},{\"@type\":\"ListItem\",\"position\":3,\"name\":\"Akce ALKYTON klad\u00edvkov\u00e1 barva tm.zelen\u00e1 750ml\"}]},{\"@type\":\"WebSite\",\"@id\":\"https:\/\/www.koupeltech.com\/#website\",\"url\":\"https:\/\/www.koupeltech.com\/\",\"name\":\"\",\"description\":\"\",\"potentialAction\":[{\"@type\":\"SearchAction\",\"target\":{\"@type\":\"EntryPoint\",\"urlTemplate\":\"https:\/\/www.koupeltech.com\/?s={search_term_string}\"},\"query-input\":{\"@type\":\"PropertyValueSpecification\",\"valueRequired\":true,\"valueName\":\"search_term_string\"}}],\"inLanguage\":\"cs\"}]}<\/script>\n<!-- \/ Yoast SEO plugin. -->","yoast_head_json":{"title":"Akce ALKYTON klad\u00edvkov\u00e1 barva tm.zelen\u00e1 750ml -","robots":{"index":"index","follow":"follow","max-snippet":"max-snippet:-1","max-image-preview":"max-image-preview:large","max-video-preview":"max-video-preview:-1"},"canonical":"https:\/\/www.koupeltech.com\/index.php\/produkt\/akce-alkyton-kladivkova-barva-tm-zelena-750ml-62156\/","og_locale":"cs_CZ","og_type":"article","og_title":"Akce ALKYTON klad\u00edvkov\u00e1 barva tm.zelen\u00e1 750ml -","og_description":"Alkyton &#8211; p\u0159\u00edmo na rez je samo z\u00e1kladov\u00e1 antikorozn\u00ed barva na b\u00e1zi alkydov\u00fdch prysky\u0159ic modifikovan\u00fdch uretany. N\u00e1t\u011br Alkytonem vykazuje vynikaj\u00edc\u00ed pru\u017enost, odolnost proti \u00faderu a dobrou charakteristiku zasych\u00e1n\u00ed.Antikorozivn\u00ed p\u0159\u00edpravky Alkyton jsou samoz\u00e1kladov\u00e9 barvy v proveden\u00ed RAL odst\u00edn\u016f a klad\u00edvkov\u00e9m proveden\u00ed pro o\u0161et\u0159ov\u00e1n\u00ed r\u016fzn\u00fdch povrch\u016f a jejich ochran\u011b proti korozi. Syst\u00e9m Antikor\u00f3zn\u00ed barva Alkyton zahrnuje i [&hellip;]","og_url":"https:\/\/www.koupeltech.com\/index.php\/produkt\/akce-alkyton-kladivkova-barva-tm-zelena-750ml-62156\/","og_image":[{"width":620,"height":620,"url":"https:\/\/www.koupeltech.com\/wp-content\/uploads\/2026\/SK0026549-CZ20260425-092328-0-1777080210-cb25555d37b3929c964798c1ac2833ffd88fbc8b_1.webp","type":"image\/webp"}],"twitter_card":"summary_large_image","twitter_misc":{"Odhadovan\u00e1 doba \u010dten\u00ed":"3 minuty"},"schema":{"@context":"https:\/\/schema.org","@graph":[{"@type":"WebPage","@id":"https:\/\/www.koupeltech.com\/index.php\/produkt\/akce-alkyton-kladivkova-barva-tm-zelena-750ml-62156\/","url":"https:\/\/www.koupeltech.com\/index.php\/produkt\/akce-alkyton-kladivkova-barva-tm-zelena-750ml-62156\/","name":"Akce ALKYTON klad\u00edvkov\u00e1 barva tm.zelen\u00e1 750ml -","isPartOf":{"@id":"https:\/\/www.koupeltech.com\/#website"},"primaryImageOfPage":{"@id":"https:\/\/www.koupeltech.com\/index.php\/produkt\/akce-alkyton-kladivkova-barva-tm-zelena-750ml-62156\/#primaryimage"},"image":{"@id":"https:\/\/www.koupeltech.com\/index.php\/produkt\/akce-alkyton-kladivkova-barva-tm-zelena-750ml-62156\/#primaryimage"},"thumbnailUrl":"https:\/\/www.koupeltech.com\/wp-content\/uploads\/2026\/SK0026549-CZ20260425-092328-0-1777080210-cb25555d37b3929c964798c1ac2833ffd88fbc8b_1.webp","datePublished":"2026-04-27T14:05:19+00:00","breadcrumb":{"@id":"https:\/\/www.koupeltech.com\/index.php\/produkt\/akce-alkyton-kladivkova-barva-tm-zelena-750ml-62156\/#breadcrumb"},"inLanguage":"cs","potentialAction":[{"@type":"ReadAction","target":["https:\/\/www.koupeltech.com\/index.php\/produkt\/akce-alkyton-kladivkova-barva-tm-zelena-750ml-62156\/"]}]},{"@type":"ImageObject","inLanguage":"cs","@id":"https:\/\/www.koupeltech.com\/index.php\/produkt\/akce-alkyton-kladivkova-barva-tm-zelena-750ml-62156\/#primaryimage","url":"https:\/\/www.koupeltech.com\/wp-content\/uploads\/2026\/SK0026549-CZ20260425-092328-0-1777080210-cb25555d37b3929c964798c1ac2833ffd88fbc8b_1.webp","contentUrl":"https:\/\/www.koupeltech.com\/wp-content\/uploads\/2026\/SK0026549-CZ20260425-092328-0-1777080210-cb25555d37b3929c964798c1ac2833ffd88fbc8b_1.webp","width":620,"height":620},{"@type":"BreadcrumbList","@id":"https:\/\/www.koupeltech.com\/index.php\/produkt\/akce-alkyton-kladivkova-barva-tm-zelena-750ml-62156\/#breadcrumb","itemListElement":[{"@type":"ListItem","position":1,"name":"Home","item":"https:\/\/www.koupeltech.com\/"},{"@type":"ListItem","position":2,"name":"Products","item":"https:\/\/www.koupeltech.com\/index.php\/products\/"},{"@type":"ListItem","position":3,"name":"Akce ALKYTON klad\u00edvkov\u00e1 barva tm.zelen\u00e1 750ml"}]},{"@type":"WebSite","@id":"https:\/\/www.koupeltech.com\/#website","url":"https:\/\/www.koupeltech.com\/","name":"","description":"","potentialAction":[{"@type":"SearchAction","target":{"@type":"EntryPoint","urlTemplate":"https:\/\/www.koupeltech.com\/?s={search_term_string}"},"query-input":{"@type":"PropertyValueSpecification","valueRequired":true,"valueName":"search_term_string"}}],"inLanguage":"cs"}]}},"_links":{"self":[{"href":"https:\/\/www.koupeltech.com\/index.php\/wp-json\/wp\/v2\/product\/62156","targetHints":{"allow":["GET"]}}],"collection":[{"href":"https:\/\/www.koupeltech.com\/index.php\/wp-json\/wp\/v2\/product"}],"about":[{"href":"https:\/\/www.koupeltech.com\/index.php\/wp-json\/wp\/v2\/types\/product"}],"replies":[{"embeddable":true,"href":"https:\/\/www.koupeltech.com\/index.php\/wp-json\/wp\/v2\/comments?post=62156"}],"wp:featuredmedia":[{"embeddable":true,"href":"https:\/\/www.koupeltech.com\/index.php\/wp-json\/wp\/v2\/media\/62256"}],"wp:attachment":[{"href":"https:\/\/www.koupeltech.com\/index.php\/wp-json\/wp\/v2\/media?parent=62156"}],"wp:term":[{"taxonomy":"product_brand","embeddable":true,"href":"https:\/\/www.koupeltech.com\/index.php\/wp-json\/wp\/v2\/product_brand?post=62156"},{"taxonomy":"product_cat","embeddable":true,"href":"https:\/\/www.koupeltech.com\/index.php\/wp-json\/wp\/v2\/product_cat?post=62156"},{"taxonomy":"product_tag","embeddable":true,"href":"https:\/\/www.koupeltech.com\/index.php\/wp-json\/wp\/v2\/product_tag?post=62156"}],"curies":[{"name":"wp","href":"https:\/\/api.w.org\/{rel}","templated":true}]}}