{"id":62186,"date":"2026-04-27T14:05:19","date_gmt":"2026-04-27T14:05:19","guid":{"rendered":""},"modified":"2026-04-27T14:05:19","modified_gmt":"2026-04-27T14:05:19","slug":"znackovy-alkyton-kovarska-cerna-akce-1l-62186","status":"publish","type":"product","link":"https:\/\/www.koupeltech.com\/index.php\/produkt\/znackovy-alkyton-kovarska-cerna-akce-1l-62186\/","title":{"rendered":"Zna\u010dkov\u00fd ALKYTON kov\u00e1\u0159sk\u00e1 \u010dern\u00e1 AKCE 1l"},"content":{"rendered":"<table>\n<div class=\"tab-pane active product-description\" id=\"popis\" role=\"tabpanel\">\n<div class=\"short-description\" itemprop=\"description\"><\/div>\n<div class=\"description\"><span class='bullet-line'>Alkyton Kov\u00e1\u0159sk\u00e1 barva \u010dern\u00e1 je antikorozn\u00ed, alkyd-uretanov\u00e1 vrchn\u00ed i z\u00e1kladn\u00ed barva v jednom. <br \/><\/span><span class='bullet-line'>Vysok\u00fd obsah kovov\u00fdch pigment\u016f vytv\u00e1\u0159\u00ed atraktivn\u00ed, matn\u00fd, drsn\u00fd povrch s kovov\u00fdmi odlesky.<br \/><\/span><span class='bullet-line'>Alkyton Kov\u00e1\u0159sk\u00e1 barva \u010dern\u00e1 je odoln\u00e1 proti p\u016fsoben\u00ed pov\u011btrnostn\u00edch vliv\u016f. <br \/><\/span><span class='bullet-line'>Zasych\u00e1 i p\u0159i n\u00edzk\u00fdch teplot\u00e1ch nad +5 \u00b0C. <br \/><\/span><span class='bullet-line'>Je ur\u010dena k n\u00e1t\u011br\u016fm na zreziv\u011bl\u00fd &#8211; ru\u010dn\u011b o\u010di\u0161t\u011bn\u00fd kov, novou ocel nebo na dob\u0159e dr\u017e\u00edc\u00ed z\u00e1kladov\u00e9 n\u00e1t\u011bry v exteri\u00e9rech a interi\u00e9rech.<br \/><\/span><br \/>\u27a4 P\u0158\u00cdPRAVA PODKLADU:<span class='bullet-line'>Odstra\u0148te z povrchu ne\u010distoty, mastnotu a prach. <br \/><\/span><span class='bullet-line'>Odlupuj\u00edc\u00ed se rez a \u0161patn\u011b dr\u017e\u00edc\u00ed star\u00e9 n\u00e1t\u011bry odstra\u0148te ocelov\u00fdm kart\u00e1\u010dem nebo \u0161krabkou. <br \/><\/span><span class='bullet-line'>Leskl\u00e9 a hladk\u00e9 povrchy odmast\u011bte a lehce zdrsn\u011bte. <br \/><\/span><span class='bullet-line'>Na pozink, hlin\u00edk a m\u011b\u010f pou\u017eijte z\u00e1klad Galvinol.<br \/><\/span><span class='bullet-line'>Na pozink (nov\u00fd i zoxidovan\u00fd), hlin\u00edk a m\u011b\u010f pou\u017eijte z\u00e1kladov\u00fd n\u00e1t\u011br Galvinol. <br \/><\/span><span class='bullet-line'>Zv\u00fd\u0161en\u00ed antikorozn\u00ed ochrany lze dos\u00e1hnout v syst\u00e9mu s rychleschnouc\u00edm antikorozn\u00edm z\u00e1kladem Primer +.<br \/><\/span><span class='bullet-line'>Tam, kde nelze povrch dob\u0159e o\u010distit, pou\u017eijte antikorozn\u00ed z\u00e1klad Penetr\u00e1tor.<br \/><\/span><br \/>\u27a4 ZP\u016eSOB NAN\u00c1\u0160EN\u00cd:<span class='bullet-line'>Pro n\u00e1t\u011bry \u0161t\u011btcem ne\u0159e\u010fte.<br \/><\/span><span class='bullet-line'>Pro n\u00e1t\u011bry v\u00e1le\u010dkem v p\u0159\u00edpad\u011b pot\u0159eby na\u0159e\u010fte a\u017e do 10 % \u0159edidlem S 6005.<br \/><\/span><span class='bullet-line'>Pro vzduchov\u00e9 st\u0159\u00edk\u00e1n\u00ed na\u0159e\u010fte 10 a\u017e 25 % S 6005.<\/span><\/div>\n<div class=\"parameters\">\n<tr>\n<td>\u0158ED\u011aN\u00cd:<\/td>\n<td>V p\u0159\u00edpad\u011b pot\u0159eby S 6005.<\/td>\n<\/tr>\n<tr>\n<td>VYDATNOST:<\/td>\n<td>10,3 m2 z jednoho litru v jedn\u00e9 vrstv\u011b 55 mikrometr\u016f.<\/td>\n<\/tr>\n<tr>\n<td>BALEN\u00cd:<\/td>\n<td>0,25 L<\/td>\n<\/tr><\/div>\n<\/table>\n","protected":false},"excerpt":{"rendered":"<p>Alkyton Kov\u00e1\u0159sk\u00e1 barva \u010dern\u00e1 je antikorozn\u00ed, alkyd-uretanov\u00e1 vrchn\u00ed i z\u00e1kladn\u00ed barva v jednom. Vysok\u00fd obsah kovov\u00fdch pigment\u016f vytv\u00e1\u0159\u00ed atraktivn\u00ed, matn\u00fd, drsn\u00fd povrch s kovov\u00fdmi odlesky.Alkyton Kov\u00e1\u0159sk\u00e1 barva \u010dern\u00e1 je odoln\u00e1 proti p\u016fsoben\u00ed pov\u011btrnostn\u00edch vliv\u016f. Zasych\u00e1 i p\u0159i n\u00edzk\u00fdch teplot\u00e1ch nad +5 \u00b0C. Je ur\u010dena k n\u00e1t\u011br\u016fm na zreziv\u011bl\u00fd &#8211; ru\u010dn\u011b o\u010di\u0161t\u011bn\u00fd kov, novou ocel nebo [&hellip;]<\/p>\n","protected":false},"featured_media":62286,"comment_status":"open","ping_status":"open","template":"","meta":[],"product_brand":[],"product_cat":[40,42,41],"product_tag":[],"class_list":{"0":"post-62186","1":"product","2":"type-product","3":"status-publish","4":"has-post-thumbnail","6":"product_cat-barvy","7":"product_cat-chemie","8":"product_cat-laky","10":"first","11":"instock","12":"sale","13":"shipping-taxable","14":"purchasable","15":"product-type-simple"},"yoast_head":"<!-- This site is optimized with the Yoast SEO plugin v26.8 - https:\/\/yoast.com\/product\/yoast-seo-wordpress\/ -->\n<title>Zna\u010dkov\u00fd ALKYTON kov\u00e1\u0159sk\u00e1 \u010dern\u00e1 AKCE 1l -<\/title>\n<meta name=\"robots\" content=\"index, follow, max-snippet:-1, max-image-preview:large, max-video-preview:-1\" \/>\n<link rel=\"canonical\" href=\"https:\/\/www.koupeltech.com\/index.php\/produkt\/znackovy-alkyton-kovarska-cerna-akce-1l-62186\/\" \/>\n<meta property=\"og:locale\" content=\"cs_CZ\" \/>\n<meta property=\"og:type\" content=\"article\" \/>\n<meta property=\"og:title\" content=\"Zna\u010dkov\u00fd ALKYTON kov\u00e1\u0159sk\u00e1 \u010dern\u00e1 AKCE 1l -\" \/>\n<meta property=\"og:description\" content=\"Alkyton Kov\u00e1\u0159sk\u00e1 barva \u010dern\u00e1 je antikorozn\u00ed, alkyd-uretanov\u00e1 vrchn\u00ed i z\u00e1kladn\u00ed barva v jednom. Vysok\u00fd obsah kovov\u00fdch pigment\u016f vytv\u00e1\u0159\u00ed atraktivn\u00ed, matn\u00fd, drsn\u00fd povrch s kovov\u00fdmi odlesky.Alkyton Kov\u00e1\u0159sk\u00e1 barva \u010dern\u00e1 je odoln\u00e1 proti p\u016fsoben\u00ed pov\u011btrnostn\u00edch vliv\u016f. Zasych\u00e1 i p\u0159i n\u00edzk\u00fdch teplot\u00e1ch nad +5 \u00b0C. Je ur\u010dena k n\u00e1t\u011br\u016fm na zreziv\u011bl\u00fd &#8211; ru\u010dn\u011b o\u010di\u0161t\u011bn\u00fd kov, novou ocel nebo [&hellip;]\" \/>\n<meta property=\"og:url\" content=\"https:\/\/www.koupeltech.com\/index.php\/produkt\/znackovy-alkyton-kovarska-cerna-akce-1l-62186\/\" \/>\n<meta property=\"og:image\" content=\"https:\/\/www.koupeltech.com\/wp-content\/uploads\/2026\/SK0026579-CZ20260425-092328-0-1777080210-6c66101c587fea71a5a8f998c4912e103885fa1a.webp\" \/>\n\t<meta property=\"og:image:width\" content=\"620\" \/>\n\t<meta property=\"og:image:height\" content=\"620\" \/>\n\t<meta property=\"og:image:type\" content=\"image\/webp\" \/>\n<meta name=\"twitter:card\" content=\"summary_large_image\" \/>\n<meta name=\"twitter:label1\" content=\"Odhadovan\u00e1 doba \u010dten\u00ed\" \/>\n\t<meta name=\"twitter:data1\" content=\"1 minuta\" \/>\n<script type=\"application\/ld+json\" class=\"yoast-schema-graph\">{\"@context\":\"https:\/\/schema.org\",\"@graph\":[{\"@type\":\"WebPage\",\"@id\":\"https:\/\/www.koupeltech.com\/index.php\/produkt\/znackovy-alkyton-kovarska-cerna-akce-1l-62186\/\",\"url\":\"https:\/\/www.koupeltech.com\/index.php\/produkt\/znackovy-alkyton-kovarska-cerna-akce-1l-62186\/\",\"name\":\"Zna\u010dkov\u00fd ALKYTON kov\u00e1\u0159sk\u00e1 \u010dern\u00e1 AKCE 1l -\",\"isPartOf\":{\"@id\":\"https:\/\/www.koupeltech.com\/#website\"},\"primaryImageOfPage\":{\"@id\":\"https:\/\/www.koupeltech.com\/index.php\/produkt\/znackovy-alkyton-kovarska-cerna-akce-1l-62186\/#primaryimage\"},\"image\":{\"@id\":\"https:\/\/www.koupeltech.com\/index.php\/produkt\/znackovy-alkyton-kovarska-cerna-akce-1l-62186\/#primaryimage\"},\"thumbnailUrl\":\"https:\/\/www.koupeltech.com\/wp-content\/uploads\/2026\/SK0026579-CZ20260425-092328-0-1777080210-6c66101c587fea71a5a8f998c4912e103885fa1a.webp\",\"datePublished\":\"2026-04-27T14:05:19+00:00\",\"breadcrumb\":{\"@id\":\"https:\/\/www.koupeltech.com\/index.php\/produkt\/znackovy-alkyton-kovarska-cerna-akce-1l-62186\/#breadcrumb\"},\"inLanguage\":\"cs\",\"potentialAction\":[{\"@type\":\"ReadAction\",\"target\":[\"https:\/\/www.koupeltech.com\/index.php\/produkt\/znackovy-alkyton-kovarska-cerna-akce-1l-62186\/\"]}]},{\"@type\":\"ImageObject\",\"inLanguage\":\"cs\",\"@id\":\"https:\/\/www.koupeltech.com\/index.php\/produkt\/znackovy-alkyton-kovarska-cerna-akce-1l-62186\/#primaryimage\",\"url\":\"https:\/\/www.koupeltech.com\/wp-content\/uploads\/2026\/SK0026579-CZ20260425-092328-0-1777080210-6c66101c587fea71a5a8f998c4912e103885fa1a.webp\",\"contentUrl\":\"https:\/\/www.koupeltech.com\/wp-content\/uploads\/2026\/SK0026579-CZ20260425-092328-0-1777080210-6c66101c587fea71a5a8f998c4912e103885fa1a.webp\",\"width\":620,\"height\":620},{\"@type\":\"BreadcrumbList\",\"@id\":\"https:\/\/www.koupeltech.com\/index.php\/produkt\/znackovy-alkyton-kovarska-cerna-akce-1l-62186\/#breadcrumb\",\"itemListElement\":[{\"@type\":\"ListItem\",\"position\":1,\"name\":\"Home\",\"item\":\"https:\/\/www.koupeltech.com\/\"},{\"@type\":\"ListItem\",\"position\":2,\"name\":\"Products\",\"item\":\"https:\/\/www.koupeltech.com\/index.php\/products\/\"},{\"@type\":\"ListItem\",\"position\":3,\"name\":\"Zna\u010dkov\u00fd ALKYTON kov\u00e1\u0159sk\u00e1 \u010dern\u00e1 AKCE 1l\"}]},{\"@type\":\"WebSite\",\"@id\":\"https:\/\/www.koupeltech.com\/#website\",\"url\":\"https:\/\/www.koupeltech.com\/\",\"name\":\"\",\"description\":\"\",\"potentialAction\":[{\"@type\":\"SearchAction\",\"target\":{\"@type\":\"EntryPoint\",\"urlTemplate\":\"https:\/\/www.koupeltech.com\/?s={search_term_string}\"},\"query-input\":{\"@type\":\"PropertyValueSpecification\",\"valueRequired\":true,\"valueName\":\"search_term_string\"}}],\"inLanguage\":\"cs\"}]}<\/script>\n<!-- \/ Yoast SEO plugin. -->","yoast_head_json":{"title":"Zna\u010dkov\u00fd ALKYTON kov\u00e1\u0159sk\u00e1 \u010dern\u00e1 AKCE 1l -","robots":{"index":"index","follow":"follow","max-snippet":"max-snippet:-1","max-image-preview":"max-image-preview:large","max-video-preview":"max-video-preview:-1"},"canonical":"https:\/\/www.koupeltech.com\/index.php\/produkt\/znackovy-alkyton-kovarska-cerna-akce-1l-62186\/","og_locale":"cs_CZ","og_type":"article","og_title":"Zna\u010dkov\u00fd ALKYTON kov\u00e1\u0159sk\u00e1 \u010dern\u00e1 AKCE 1l -","og_description":"Alkyton Kov\u00e1\u0159sk\u00e1 barva \u010dern\u00e1 je antikorozn\u00ed, alkyd-uretanov\u00e1 vrchn\u00ed i z\u00e1kladn\u00ed barva v jednom. Vysok\u00fd obsah kovov\u00fdch pigment\u016f vytv\u00e1\u0159\u00ed atraktivn\u00ed, matn\u00fd, drsn\u00fd povrch s kovov\u00fdmi odlesky.Alkyton Kov\u00e1\u0159sk\u00e1 barva \u010dern\u00e1 je odoln\u00e1 proti p\u016fsoben\u00ed pov\u011btrnostn\u00edch vliv\u016f. Zasych\u00e1 i p\u0159i n\u00edzk\u00fdch teplot\u00e1ch nad +5 \u00b0C. Je ur\u010dena k n\u00e1t\u011br\u016fm na zreziv\u011bl\u00fd &#8211; ru\u010dn\u011b o\u010di\u0161t\u011bn\u00fd kov, novou ocel nebo [&hellip;]","og_url":"https:\/\/www.koupeltech.com\/index.php\/produkt\/znackovy-alkyton-kovarska-cerna-akce-1l-62186\/","og_image":[{"width":620,"height":620,"url":"https:\/\/www.koupeltech.com\/wp-content\/uploads\/2026\/SK0026579-CZ20260425-092328-0-1777080210-6c66101c587fea71a5a8f998c4912e103885fa1a.webp","type":"image\/webp"}],"twitter_card":"summary_large_image","twitter_misc":{"Odhadovan\u00e1 doba \u010dten\u00ed":"1 minuta"},"schema":{"@context":"https:\/\/schema.org","@graph":[{"@type":"WebPage","@id":"https:\/\/www.koupeltech.com\/index.php\/produkt\/znackovy-alkyton-kovarska-cerna-akce-1l-62186\/","url":"https:\/\/www.koupeltech.com\/index.php\/produkt\/znackovy-alkyton-kovarska-cerna-akce-1l-62186\/","name":"Zna\u010dkov\u00fd ALKYTON kov\u00e1\u0159sk\u00e1 \u010dern\u00e1 AKCE 1l -","isPartOf":{"@id":"https:\/\/www.koupeltech.com\/#website"},"primaryImageOfPage":{"@id":"https:\/\/www.koupeltech.com\/index.php\/produkt\/znackovy-alkyton-kovarska-cerna-akce-1l-62186\/#primaryimage"},"image":{"@id":"https:\/\/www.koupeltech.com\/index.php\/produkt\/znackovy-alkyton-kovarska-cerna-akce-1l-62186\/#primaryimage"},"thumbnailUrl":"https:\/\/www.koupeltech.com\/wp-content\/uploads\/2026\/SK0026579-CZ20260425-092328-0-1777080210-6c66101c587fea71a5a8f998c4912e103885fa1a.webp","datePublished":"2026-04-27T14:05:19+00:00","breadcrumb":{"@id":"https:\/\/www.koupeltech.com\/index.php\/produkt\/znackovy-alkyton-kovarska-cerna-akce-1l-62186\/#breadcrumb"},"inLanguage":"cs","potentialAction":[{"@type":"ReadAction","target":["https:\/\/www.koupeltech.com\/index.php\/produkt\/znackovy-alkyton-kovarska-cerna-akce-1l-62186\/"]}]},{"@type":"ImageObject","inLanguage":"cs","@id":"https:\/\/www.koupeltech.com\/index.php\/produkt\/znackovy-alkyton-kovarska-cerna-akce-1l-62186\/#primaryimage","url":"https:\/\/www.koupeltech.com\/wp-content\/uploads\/2026\/SK0026579-CZ20260425-092328-0-1777080210-6c66101c587fea71a5a8f998c4912e103885fa1a.webp","contentUrl":"https:\/\/www.koupeltech.com\/wp-content\/uploads\/2026\/SK0026579-CZ20260425-092328-0-1777080210-6c66101c587fea71a5a8f998c4912e103885fa1a.webp","width":620,"height":620},{"@type":"BreadcrumbList","@id":"https:\/\/www.koupeltech.com\/index.php\/produkt\/znackovy-alkyton-kovarska-cerna-akce-1l-62186\/#breadcrumb","itemListElement":[{"@type":"ListItem","position":1,"name":"Home","item":"https:\/\/www.koupeltech.com\/"},{"@type":"ListItem","position":2,"name":"Products","item":"https:\/\/www.koupeltech.com\/index.php\/products\/"},{"@type":"ListItem","position":3,"name":"Zna\u010dkov\u00fd ALKYTON kov\u00e1\u0159sk\u00e1 \u010dern\u00e1 AKCE 1l"}]},{"@type":"WebSite","@id":"https:\/\/www.koupeltech.com\/#website","url":"https:\/\/www.koupeltech.com\/","name":"","description":"","potentialAction":[{"@type":"SearchAction","target":{"@type":"EntryPoint","urlTemplate":"https:\/\/www.koupeltech.com\/?s={search_term_string}"},"query-input":{"@type":"PropertyValueSpecification","valueRequired":true,"valueName":"search_term_string"}}],"inLanguage":"cs"}]}},"_links":{"self":[{"href":"https:\/\/www.koupeltech.com\/index.php\/wp-json\/wp\/v2\/product\/62186","targetHints":{"allow":["GET"]}}],"collection":[{"href":"https:\/\/www.koupeltech.com\/index.php\/wp-json\/wp\/v2\/product"}],"about":[{"href":"https:\/\/www.koupeltech.com\/index.php\/wp-json\/wp\/v2\/types\/product"}],"replies":[{"embeddable":true,"href":"https:\/\/www.koupeltech.com\/index.php\/wp-json\/wp\/v2\/comments?post=62186"}],"wp:featuredmedia":[{"embeddable":true,"href":"https:\/\/www.koupeltech.com\/index.php\/wp-json\/wp\/v2\/media\/62286"}],"wp:attachment":[{"href":"https:\/\/www.koupeltech.com\/index.php\/wp-json\/wp\/v2\/media?parent=62186"}],"wp:term":[{"taxonomy":"product_brand","embeddable":true,"href":"https:\/\/www.koupeltech.com\/index.php\/wp-json\/wp\/v2\/product_brand?post=62186"},{"taxonomy":"product_cat","embeddable":true,"href":"https:\/\/www.koupeltech.com\/index.php\/wp-json\/wp\/v2\/product_cat?post=62186"},{"taxonomy":"product_tag","embeddable":true,"href":"https:\/\/www.koupeltech.com\/index.php\/wp-json\/wp\/v2\/product_tag?post=62186"}],"curies":[{"name":"wp","href":"https:\/\/api.w.org\/{rel}","templated":true}]}}