{"id":62325,"date":"2026-04-27T14:05:22","date_gmt":"2026-04-27T14:05:22","guid":{"rendered":""},"modified":"2026-04-27T14:05:22","modified_gmt":"2026-04-27T14:05:22","slug":"zlevneny-bosch-glm-150-27-c-laserovy-dalkomer-s-integrovanou-optikou-62325","status":"publish","type":"product","link":"https:\/\/www.koupeltech.com\/index.php\/produkt\/zlevneny-bosch-glm-150-27-c-laserovy-dalkomer-s-integrovanou-optikou-62325\/","title":{"rendered":"Zlevn\u011bn\u00fd Bosch GLM 150-27 C Laserov\u00fd d\u00e1lkom\u011br s integrovanou optikou"},"content":{"rendered":"<table>\n<div class=\"tab-pane active product-description\" id=\"popis\" role=\"tabpanel\">\n<div class=\"short-description\" itemprop=\"description\"><\/div>\n<div class=\"description\"><span class='bullet-line'>Polohov\u00e1n\u00ed\t<br \/><\/span>Pokro\u010dil\u00fd laserov\u00fd d\u00e1lkom\u011br na dlouh\u00e9 vzd\u00e1lenosti i v exteri\u00e9ru s chytrou dokumentac\u00ed<span class='bullet-line'>Dlouh\u00e1 verze, \u010d\u00e1st 1\t<br \/><\/span>Tento robustn\u00ed laserov\u00fd d\u00e1lkom\u011br do exteri\u00e9ru je vybaven digit\u00e1ln\u00edm hled\u00e1\u010dkem s funkc\u00ed p\u0159ibl\u00ed\u017een\u00ed pro p\u0159esn\u00e9 m\u011b\u0159en\u00ed vzd\u00e1lenosti a\u017e do 150 m. Nam\u011b\u0159en\u00e9 hodnoty a sn\u00edmky se automaticky ukl\u00e1daj\u00ed a lze si je snadno prohl\u00ed\u017eet na velk\u00e9m 2,8&#8243; barevn\u00e9m displeji s vysok\u00fdm rozli\u0161en\u00edm, kter\u00fd umo\u017e\u0148uje volbu mezi svislou nebo vodorovnou orientac\u00ed. Pro pohodlnou dokumentaci lze v\u0161echna data p\u0159en\u00e1\u0161et p\u0159es Bluetooth do aplikace Bosch MeasureOn nebo p\u0159es USB do stoln\u00edho po\u010d\u00edta\u010de. Tento laserov\u00fd d\u00e1lkom\u011br s kryt\u00edm IP54, sklem odoln\u00fdm proti po\u0161kr\u00e1b\u00e1n\u00ed a u\u017eivatelsky p\u0159\u00edv\u011btiv\u00fdm rozhran\u00edm je praktick\u00fd v\u0161estrann\u00fd pomocn\u00edk na n\u00e1ro\u010dn\u00e1 pracovi\u0161t\u011b.<span class='bullet-line'>Dlouh\u00e1 verze, \u010d\u00e1st 2\t<br \/><\/span>Architekti, stavbyvedouc\u00ed nebo instalat\u00e9\u0159i vzduchotechniky sahaj\u00ed po tomto chytr\u00e9m laserov\u00e9m d\u00e1lkom\u011bru pro jeho dlouh\u00fd dosah, snadnou \u010ditelnost a pohodlnou dokumentaci.<span class='bullet-line'>Dlouh\u00e1 verze, \u010d\u00e1st 3\t<br \/><\/span>Laserov\u00fd d\u00e1lkom\u011br GLM 150-27 C m\u00e1 zabudovan\u00fd lithium-iontov\u00fd akumul\u00e1tor, kter\u00fd zaru\u010duje dlouhou dobu provozu a v\u011bt\u0161\u00ed flexibilitu.<span class='bullet-line'>V\u00fdhody pro u\u017eivatele v\u010d. p\u0159esv\u011bd\u010div\u00fdch d\u016fkaz\u016f\t<br \/><\/span>Precizn\u00ed m\u011b\u0159en\u00ed laserem na dlouh\u00e9 vzd\u00e1lenosti d\u00edky digit\u00e1ln\u00edmu hled\u00e1\u010dku s funkc\u00ed p\u0159ibl\u00ed\u017een\u00ed<br \/>Optim\u00e1ln\u00ed ode\u010d\u00edt\u00e1n\u00ed na velk\u00e9m barevn\u00e9m IPS displeji s vysok\u00fdm rozli\u0161en\u00edm s mo\u017enost\u00ed p\u0159eklopen\u00ed zobrazen\u00ed<br \/>Lze p\u0159ipojit p\u0159es Bluetooth nebo kabel USB pro snadnou dokumentaci \u00fadaj\u016f<\/p>\n<p>\u25ba Rozsah dod\u00e1vky<br \/>Kabel mikro USB<br \/>2 609 120 670\t\u2713<br \/>Nosn\u00e9 poutko\t\u2713<br \/>Ochrann\u00e9 pouzdro\t\u2713<\/div>\n<div class=\"parameters\">\n<tr>\n<td>Laserov\u00e1 dioda<\/td>\n<td>650 nm, &lt; 1 mW<\/td>\n<\/tr>\n<tr>\n<td>M\u011b\u0159ic\u00ed rozsah, a\u017e<\/td>\n<td>150,00 m<\/td>\n<\/tr>\n<tr>\n<td>M\u011b\u0159ic\u00ed rozsah<\/td>\n<td>0,08 \u2013 150,00 m<\/td>\n<\/tr>\n<tr>\n<td>T\u0159\u00edda laseru<\/td>\n<td>2<\/td>\n<\/tr>\n<tr>\n<td>P\u0159esnost m\u011b\u0159en\u00ed, typ.<\/td>\n<td>\u00b11,5 mm* (* plus odchylka z\u00e1visl\u00e1 na pou\u017eit\u00ed)<\/td>\n<\/tr>\n<tr>\n<td>M\u011b\u0159ic\u00ed rozsah, m\u011b\u0159en\u00ed sklon\u016f<\/td>\n<td>0\u2013360\u00b0 (4\u00d7 90\u00b0)<\/td>\n<\/tr>\n<tr>\n<td>P\u0159esnost m\u011b\u0159en\u00ed (typicky)<\/td>\n<td>\u00b1 0,2\u00b0* (* plus odchylka z\u00e1visl\u00e1 na pou\u017eit\u00ed)<\/td>\n<\/tr>\n<tr>\n<td>Doba m\u011b\u0159en\u00ed, typ.<\/td>\n<td>&lt; 0,5 s<\/td>\n<\/tr>\n<tr>\n<td>Doba m\u011b\u0159en\u00ed max.<\/td>\n<td>4 s<\/td>\n<\/tr>\n<tr>\n<td>Nap\u00e1jen\u00ed<\/td>\n<td>1\u00d7 Li-Ion akumul\u00e1tor 3,6 V (3 120 mAh)<\/td>\n<\/tr>\n<tr>\n<td>Automatick\u00e9 vypnut\u00ed<\/td>\n<td>5 min<\/td>\n<\/tr>\n<tr>\n<td>Hmotnost, cca<\/td>\n<td>0.21 kg<\/td>\n<\/tr>\n<tr>\n<td>M\u011brn\u00e9 jednotky<\/td>\n<td>m\/cm\/mm\/ft\/inch\/ft-inch<\/td>\n<\/tr>\n<tr>\n<td>Po\u010det ulo\u017een\u00fdch hodnot<\/td>\n<td>50<\/td>\n<\/tr>\n<tr>\n<td>Ochrana proti prachu a st\u0159\u00edkaj\u00edc\u00ed vod\u011b<\/td>\n<td>IP 54<\/td>\n<\/tr>\n<tr>\n<td>Stativov\u00fd z\u00e1vit<\/td>\n<td>1\/4&#8243;<\/td>\n<\/tr>\n<tr>\n<td>Digit\u00e1ln\u00ed hled\u00e1\u010dek<\/td>\n<td>integrovan\u00e1<\/td>\n<\/tr>\n<tr>\n<td>P\u0159enos dat<\/td>\n<td>Bluetooth\u2122 4.2 Low Energy<\/td>\n<\/tr>\n<tr>\n<td>Barva laseru<\/td>\n<td>\u010derven\u00e1<\/td>\n<\/tr>\n<tr>\n<td>Segment<\/td>\n<td><\/td>\n<\/tr>\n<tr>\n<td>Mailingov\u00fd segment<\/td>\n<td>Kov<\/td>\n<\/tr>\n<tr>\n<td><\/td>\n<td>K\u00e1men<\/td>\n<\/tr>\n<tr>\n<td><\/td>\n<td>D\u0159evo<\/td>\n<\/tr><\/div>\n<\/table>\n","protected":false},"excerpt":{"rendered":"<p>Polohov\u00e1n\u00ed Pokro\u010dil\u00fd laserov\u00fd d\u00e1lkom\u011br na dlouh\u00e9 vzd\u00e1lenosti i v exteri\u00e9ru s chytrou dokumentac\u00edDlouh\u00e1 verze, \u010d\u00e1st 1 Tento robustn\u00ed laserov\u00fd d\u00e1lkom\u011br do exteri\u00e9ru je vybaven digit\u00e1ln\u00edm hled\u00e1\u010dkem s funkc\u00ed p\u0159ibl\u00ed\u017een\u00ed pro p\u0159esn\u00e9 m\u011b\u0159en\u00ed vzd\u00e1lenosti a\u017e do 150 m. Nam\u011b\u0159en\u00e9 hodnoty a sn\u00edmky se automaticky ukl\u00e1daj\u00ed a lze si je snadno prohl\u00ed\u017eet na velk\u00e9m 2,8&#8243; barevn\u00e9m displeji [&hellip;]<\/p>\n","protected":false},"featured_media":62425,"comment_status":"open","ping_status":"open","template":"","meta":[],"product_brand":[],"product_cat":[43],"product_tag":[],"class_list":{"0":"post-62325","1":"product","2":"type-product","3":"status-publish","4":"has-post-thumbnail","6":"product_cat-naradi","8":"first","9":"instock","10":"sale","11":"shipping-taxable","12":"purchasable","13":"product-type-simple"},"yoast_head":"<!-- This site is optimized with the Yoast SEO plugin v26.8 - https:\/\/yoast.com\/product\/yoast-seo-wordpress\/ -->\n<title>Zlevn\u011bn\u00fd Bosch GLM 150-27 C Laserov\u00fd d\u00e1lkom\u011br s integrovanou optikou -<\/title>\n<meta name=\"robots\" content=\"index, follow, max-snippet:-1, max-image-preview:large, max-video-preview:-1\" \/>\n<link rel=\"canonical\" href=\"https:\/\/www.koupeltech.com\/index.php\/produkt\/zlevneny-bosch-glm-150-27-c-laserovy-dalkomer-s-integrovanou-optikou-62325\/\" \/>\n<meta property=\"og:locale\" content=\"cs_CZ\" \/>\n<meta property=\"og:type\" content=\"article\" \/>\n<meta property=\"og:title\" content=\"Zlevn\u011bn\u00fd Bosch GLM 150-27 C Laserov\u00fd d\u00e1lkom\u011br s integrovanou optikou -\" \/>\n<meta property=\"og:description\" content=\"Polohov\u00e1n\u00ed Pokro\u010dil\u00fd laserov\u00fd d\u00e1lkom\u011br na dlouh\u00e9 vzd\u00e1lenosti i v exteri\u00e9ru s chytrou dokumentac\u00edDlouh\u00e1 verze, \u010d\u00e1st 1 Tento robustn\u00ed laserov\u00fd d\u00e1lkom\u011br do exteri\u00e9ru je vybaven digit\u00e1ln\u00edm hled\u00e1\u010dkem s funkc\u00ed p\u0159ibl\u00ed\u017een\u00ed pro p\u0159esn\u00e9 m\u011b\u0159en\u00ed vzd\u00e1lenosti a\u017e do 150 m. Nam\u011b\u0159en\u00e9 hodnoty a sn\u00edmky se automaticky ukl\u00e1daj\u00ed a lze si je snadno prohl\u00ed\u017eet na velk\u00e9m 2,8&#8243; barevn\u00e9m displeji [&hellip;]\" \/>\n<meta property=\"og:url\" content=\"https:\/\/www.koupeltech.com\/index.php\/produkt\/zlevneny-bosch-glm-150-27-c-laserovy-dalkomer-s-integrovanou-optikou-62325\/\" \/>\n<meta property=\"og:image\" content=\"https:\/\/www.koupeltech.com\/wp-content\/uploads\/2026\/SK0026623-CZ20260425-092328-0-1777080210-1249010-1_143848.webp\" \/>\n\t<meta property=\"og:image:width\" content=\"800\" \/>\n\t<meta property=\"og:image:height\" content=\"800\" \/>\n\t<meta property=\"og:image:type\" content=\"image\/webp\" \/>\n<meta name=\"twitter:card\" content=\"summary_large_image\" \/>\n<meta name=\"twitter:label1\" content=\"Odhadovan\u00e1 doba \u010dten\u00ed\" \/>\n\t<meta name=\"twitter:data1\" content=\"2 minuty\" \/>\n<script type=\"application\/ld+json\" class=\"yoast-schema-graph\">{\"@context\":\"https:\/\/schema.org\",\"@graph\":[{\"@type\":\"WebPage\",\"@id\":\"https:\/\/www.koupeltech.com\/index.php\/produkt\/zlevneny-bosch-glm-150-27-c-laserovy-dalkomer-s-integrovanou-optikou-62325\/\",\"url\":\"https:\/\/www.koupeltech.com\/index.php\/produkt\/zlevneny-bosch-glm-150-27-c-laserovy-dalkomer-s-integrovanou-optikou-62325\/\",\"name\":\"Zlevn\u011bn\u00fd Bosch GLM 150-27 C Laserov\u00fd d\u00e1lkom\u011br s integrovanou optikou -\",\"isPartOf\":{\"@id\":\"https:\/\/www.koupeltech.com\/#website\"},\"primaryImageOfPage\":{\"@id\":\"https:\/\/www.koupeltech.com\/index.php\/produkt\/zlevneny-bosch-glm-150-27-c-laserovy-dalkomer-s-integrovanou-optikou-62325\/#primaryimage\"},\"image\":{\"@id\":\"https:\/\/www.koupeltech.com\/index.php\/produkt\/zlevneny-bosch-glm-150-27-c-laserovy-dalkomer-s-integrovanou-optikou-62325\/#primaryimage\"},\"thumbnailUrl\":\"https:\/\/www.koupeltech.com\/wp-content\/uploads\/2026\/SK0026623-CZ20260425-092328-0-1777080210-1249010-1_143848.webp\",\"datePublished\":\"2026-04-27T14:05:22+00:00\",\"breadcrumb\":{\"@id\":\"https:\/\/www.koupeltech.com\/index.php\/produkt\/zlevneny-bosch-glm-150-27-c-laserovy-dalkomer-s-integrovanou-optikou-62325\/#breadcrumb\"},\"inLanguage\":\"cs\",\"potentialAction\":[{\"@type\":\"ReadAction\",\"target\":[\"https:\/\/www.koupeltech.com\/index.php\/produkt\/zlevneny-bosch-glm-150-27-c-laserovy-dalkomer-s-integrovanou-optikou-62325\/\"]}]},{\"@type\":\"ImageObject\",\"inLanguage\":\"cs\",\"@id\":\"https:\/\/www.koupeltech.com\/index.php\/produkt\/zlevneny-bosch-glm-150-27-c-laserovy-dalkomer-s-integrovanou-optikou-62325\/#primaryimage\",\"url\":\"https:\/\/www.koupeltech.com\/wp-content\/uploads\/2026\/SK0026623-CZ20260425-092328-0-1777080210-1249010-1_143848.webp\",\"contentUrl\":\"https:\/\/www.koupeltech.com\/wp-content\/uploads\/2026\/SK0026623-CZ20260425-092328-0-1777080210-1249010-1_143848.webp\",\"width\":800,\"height\":800},{\"@type\":\"BreadcrumbList\",\"@id\":\"https:\/\/www.koupeltech.com\/index.php\/produkt\/zlevneny-bosch-glm-150-27-c-laserovy-dalkomer-s-integrovanou-optikou-62325\/#breadcrumb\",\"itemListElement\":[{\"@type\":\"ListItem\",\"position\":1,\"name\":\"Home\",\"item\":\"https:\/\/www.koupeltech.com\/\"},{\"@type\":\"ListItem\",\"position\":2,\"name\":\"Products\",\"item\":\"https:\/\/www.koupeltech.com\/index.php\/products\/\"},{\"@type\":\"ListItem\",\"position\":3,\"name\":\"Zlevn\u011bn\u00fd Bosch GLM 150-27 C Laserov\u00fd d\u00e1lkom\u011br s integrovanou optikou\"}]},{\"@type\":\"WebSite\",\"@id\":\"https:\/\/www.koupeltech.com\/#website\",\"url\":\"https:\/\/www.koupeltech.com\/\",\"name\":\"\",\"description\":\"\",\"potentialAction\":[{\"@type\":\"SearchAction\",\"target\":{\"@type\":\"EntryPoint\",\"urlTemplate\":\"https:\/\/www.koupeltech.com\/?s={search_term_string}\"},\"query-input\":{\"@type\":\"PropertyValueSpecification\",\"valueRequired\":true,\"valueName\":\"search_term_string\"}}],\"inLanguage\":\"cs\"}]}<\/script>\n<!-- \/ Yoast SEO plugin. -->","yoast_head_json":{"title":"Zlevn\u011bn\u00fd Bosch GLM 150-27 C Laserov\u00fd d\u00e1lkom\u011br s integrovanou optikou -","robots":{"index":"index","follow":"follow","max-snippet":"max-snippet:-1","max-image-preview":"max-image-preview:large","max-video-preview":"max-video-preview:-1"},"canonical":"https:\/\/www.koupeltech.com\/index.php\/produkt\/zlevneny-bosch-glm-150-27-c-laserovy-dalkomer-s-integrovanou-optikou-62325\/","og_locale":"cs_CZ","og_type":"article","og_title":"Zlevn\u011bn\u00fd Bosch GLM 150-27 C Laserov\u00fd d\u00e1lkom\u011br s integrovanou optikou -","og_description":"Polohov\u00e1n\u00ed Pokro\u010dil\u00fd laserov\u00fd d\u00e1lkom\u011br na dlouh\u00e9 vzd\u00e1lenosti i v exteri\u00e9ru s chytrou dokumentac\u00edDlouh\u00e1 verze, \u010d\u00e1st 1 Tento robustn\u00ed laserov\u00fd d\u00e1lkom\u011br do exteri\u00e9ru je vybaven digit\u00e1ln\u00edm hled\u00e1\u010dkem s funkc\u00ed p\u0159ibl\u00ed\u017een\u00ed pro p\u0159esn\u00e9 m\u011b\u0159en\u00ed vzd\u00e1lenosti a\u017e do 150 m. Nam\u011b\u0159en\u00e9 hodnoty a sn\u00edmky se automaticky ukl\u00e1daj\u00ed a lze si je snadno prohl\u00ed\u017eet na velk\u00e9m 2,8&#8243; barevn\u00e9m displeji [&hellip;]","og_url":"https:\/\/www.koupeltech.com\/index.php\/produkt\/zlevneny-bosch-glm-150-27-c-laserovy-dalkomer-s-integrovanou-optikou-62325\/","og_image":[{"width":800,"height":800,"url":"https:\/\/www.koupeltech.com\/wp-content\/uploads\/2026\/SK0026623-CZ20260425-092328-0-1777080210-1249010-1_143848.webp","type":"image\/webp"}],"twitter_card":"summary_large_image","twitter_misc":{"Odhadovan\u00e1 doba \u010dten\u00ed":"2 minuty"},"schema":{"@context":"https:\/\/schema.org","@graph":[{"@type":"WebPage","@id":"https:\/\/www.koupeltech.com\/index.php\/produkt\/zlevneny-bosch-glm-150-27-c-laserovy-dalkomer-s-integrovanou-optikou-62325\/","url":"https:\/\/www.koupeltech.com\/index.php\/produkt\/zlevneny-bosch-glm-150-27-c-laserovy-dalkomer-s-integrovanou-optikou-62325\/","name":"Zlevn\u011bn\u00fd Bosch GLM 150-27 C Laserov\u00fd d\u00e1lkom\u011br s integrovanou optikou -","isPartOf":{"@id":"https:\/\/www.koupeltech.com\/#website"},"primaryImageOfPage":{"@id":"https:\/\/www.koupeltech.com\/index.php\/produkt\/zlevneny-bosch-glm-150-27-c-laserovy-dalkomer-s-integrovanou-optikou-62325\/#primaryimage"},"image":{"@id":"https:\/\/www.koupeltech.com\/index.php\/produkt\/zlevneny-bosch-glm-150-27-c-laserovy-dalkomer-s-integrovanou-optikou-62325\/#primaryimage"},"thumbnailUrl":"https:\/\/www.koupeltech.com\/wp-content\/uploads\/2026\/SK0026623-CZ20260425-092328-0-1777080210-1249010-1_143848.webp","datePublished":"2026-04-27T14:05:22+00:00","breadcrumb":{"@id":"https:\/\/www.koupeltech.com\/index.php\/produkt\/zlevneny-bosch-glm-150-27-c-laserovy-dalkomer-s-integrovanou-optikou-62325\/#breadcrumb"},"inLanguage":"cs","potentialAction":[{"@type":"ReadAction","target":["https:\/\/www.koupeltech.com\/index.php\/produkt\/zlevneny-bosch-glm-150-27-c-laserovy-dalkomer-s-integrovanou-optikou-62325\/"]}]},{"@type":"ImageObject","inLanguage":"cs","@id":"https:\/\/www.koupeltech.com\/index.php\/produkt\/zlevneny-bosch-glm-150-27-c-laserovy-dalkomer-s-integrovanou-optikou-62325\/#primaryimage","url":"https:\/\/www.koupeltech.com\/wp-content\/uploads\/2026\/SK0026623-CZ20260425-092328-0-1777080210-1249010-1_143848.webp","contentUrl":"https:\/\/www.koupeltech.com\/wp-content\/uploads\/2026\/SK0026623-CZ20260425-092328-0-1777080210-1249010-1_143848.webp","width":800,"height":800},{"@type":"BreadcrumbList","@id":"https:\/\/www.koupeltech.com\/index.php\/produkt\/zlevneny-bosch-glm-150-27-c-laserovy-dalkomer-s-integrovanou-optikou-62325\/#breadcrumb","itemListElement":[{"@type":"ListItem","position":1,"name":"Home","item":"https:\/\/www.koupeltech.com\/"},{"@type":"ListItem","position":2,"name":"Products","item":"https:\/\/www.koupeltech.com\/index.php\/products\/"},{"@type":"ListItem","position":3,"name":"Zlevn\u011bn\u00fd Bosch GLM 150-27 C Laserov\u00fd d\u00e1lkom\u011br s integrovanou optikou"}]},{"@type":"WebSite","@id":"https:\/\/www.koupeltech.com\/#website","url":"https:\/\/www.koupeltech.com\/","name":"","description":"","potentialAction":[{"@type":"SearchAction","target":{"@type":"EntryPoint","urlTemplate":"https:\/\/www.koupeltech.com\/?s={search_term_string}"},"query-input":{"@type":"PropertyValueSpecification","valueRequired":true,"valueName":"search_term_string"}}],"inLanguage":"cs"}]}},"_links":{"self":[{"href":"https:\/\/www.koupeltech.com\/index.php\/wp-json\/wp\/v2\/product\/62325","targetHints":{"allow":["GET"]}}],"collection":[{"href":"https:\/\/www.koupeltech.com\/index.php\/wp-json\/wp\/v2\/product"}],"about":[{"href":"https:\/\/www.koupeltech.com\/index.php\/wp-json\/wp\/v2\/types\/product"}],"replies":[{"embeddable":true,"href":"https:\/\/www.koupeltech.com\/index.php\/wp-json\/wp\/v2\/comments?post=62325"}],"wp:featuredmedia":[{"embeddable":true,"href":"https:\/\/www.koupeltech.com\/index.php\/wp-json\/wp\/v2\/media\/62425"}],"wp:attachment":[{"href":"https:\/\/www.koupeltech.com\/index.php\/wp-json\/wp\/v2\/media?parent=62325"}],"wp:term":[{"taxonomy":"product_brand","embeddable":true,"href":"https:\/\/www.koupeltech.com\/index.php\/wp-json\/wp\/v2\/product_brand?post=62325"},{"taxonomy":"product_cat","embeddable":true,"href":"https:\/\/www.koupeltech.com\/index.php\/wp-json\/wp\/v2\/product_cat?post=62325"},{"taxonomy":"product_tag","embeddable":true,"href":"https:\/\/www.koupeltech.com\/index.php\/wp-json\/wp\/v2\/product_tag?post=62325"}],"curies":[{"name":"wp","href":"https:\/\/api.w.org\/{rel}","templated":true}]}}