{"id":62352,"date":"2026-04-27T14:05:22","date_gmt":"2026-04-27T14:05:22","guid":{"rendered":""},"modified":"2026-04-27T14:05:22","modified_gmt":"2026-04-27T14:05:22","slug":"zlevneny-bosch-pll-1p-laserova-vodovaha-62352","status":"publish","type":"product","link":"https:\/\/www.koupeltech.com\/index.php\/produkt\/zlevneny-bosch-pll-1p-laserova-vodovaha-62352\/","title":{"rendered":"Zlevn\u011bn\u00fd BOSCH PLL 1P Laserov\u00e1 vodov\u00e1ha"},"content":{"rendered":"<table>\n<div class=\"tab-pane active product-description\" id=\"popis\" role=\"tabpanel\">\n<div class=\"short-description\" itemprop=\"description\"><\/div>\n<div class=\"description\"><span class='bullet-line'>Praktick\u00e1 kapesn\u00ed laserov\u00e1 vodov\u00e1ha na celou \u0161k\u00e1lu projekt\u016f<br \/><\/span><br \/>\u25ba P\u0159\u00ednos pro u\u017eivatele<span class='bullet-line'>Kombinace funk\u010dnosti vodov\u00e1hy a \u010d\u00e1rov\u00e9ho laseru v jednom<br \/><\/span><span class='bullet-line'>Prom\u00edt\u00e1 vodorovn\u00e9, svisl\u00e9 \u010di \u00fahlop\u0159\u00ed\u010dn\u00e9 \u010d\u00e1ry (a\u017e do 5 m) \u010di body (a\u017e do 20 m)<br \/><\/span><span class='bullet-line'>Pru\u017en\u00fd dr\u017e\u00e1k na st\u011bnu si pohodln\u011b rozum\u00ed se v\u0161emi povrchy<br \/><\/span><span class='bullet-line'>Snadn\u00e1 obsluha \u2013 rychl\u00e9 a p\u0159esn\u00e9 v\u00fdsledky s p\u0159esnost\u00ed \u00b1 0,5 mm\/m<br \/><\/span><span class='bullet-line'>Perfektn\u00ed na v\u011b\u0161en\u00ed obraz\u016f \u010di zarovn\u00e1v\u00e1n\u00ed sk\u0159\u00edn\u011bk, vyp\u00edna\u010d\u016f a z\u00e1suvek do stejn\u00e9 v\u00fd\u0161ky<br \/><\/span><br \/>\u25ba Sou\u010d\u00e1st\u00ed dod\u00e1vky je:<br \/>Akumul\u00e1tor\t\u2713<br \/>N\u00e1st\u011bnn\u00fd dr\u017e\u00e1k\t\u2713<\/div>\n<div class=\"parameters\">\n<tr>\n<td>Pracovn\u00ed dosah, laserov\u00e1 \u010d\u00e1ra<\/td>\n<td>5 m<\/td>\n<\/tr>\n<tr>\n<td>Pracovn\u00ed dosah, laserov\u00fd bod<\/td>\n<td>20 m<\/td>\n<\/tr>\n<tr>\n<td>Laserov\u00e1 dioda, laserov\u00e1 \u010d\u00e1ra<\/td>\n<td>635 nm<\/td>\n<\/tr>\n<tr>\n<td>Laserov\u00e1 dioda, laserov\u00fd bod<\/td>\n<td>650 nm<\/td>\n<\/tr>\n<tr>\n<td>T\u0159\u00edda laseru<\/td>\n<td>2<\/td>\n<\/tr>\n<tr>\n<td>P\u0159esnost**<\/td>\n<td>\u00b1 0,5 mm\/m<\/td>\n<\/tr>\n<tr>\n<td>Stativov\u00fd z\u00e1vit<\/td>\n<td>1\/4&#8243;<\/td>\n<\/tr>\n<tr>\n<td>Hmotnost<\/td>\n<td>0.14 kg<\/td>\n<\/tr>\n<tr>\n<td>Akumul\u00e1tor<\/td>\n<td>2 x 1,5-V-LR03 (AAA)<\/td>\n<\/tr>\n<tr>\n<td>V souprav\u011b se stativem<\/td>\n<td><\/td>\n<\/tr>\n<tr>\n<td>Funkce<\/td>\n<td><\/td>\n<\/tr>\n<tr>\n<td>Mo\u017enost volby laserov\u00e9 funkce<\/td>\n<td>\u2713<\/td>\n<\/tr><\/div>\n<\/table>\n","protected":false},"excerpt":{"rendered":"<p>Praktick\u00e1 kapesn\u00ed laserov\u00e1 vodov\u00e1ha na celou \u0161k\u00e1lu projekt\u016f\u25ba P\u0159\u00ednos pro u\u017eivateleKombinace funk\u010dnosti vodov\u00e1hy a \u010d\u00e1rov\u00e9ho laseru v jednomProm\u00edt\u00e1 vodorovn\u00e9, svisl\u00e9 \u010di \u00fahlop\u0159\u00ed\u010dn\u00e9 \u010d\u00e1ry (a\u017e do 5 m) \u010di body (a\u017e do 20 m)Pru\u017en\u00fd dr\u017e\u00e1k na st\u011bnu si pohodln\u011b rozum\u00ed se v\u0161emi povrchySnadn\u00e1 obsluha \u2013 rychl\u00e9 a p\u0159esn\u00e9 v\u00fdsledky s p\u0159esnost\u00ed \u00b1 0,5 mm\/mPerfektn\u00ed na v\u011b\u0161en\u00ed [&hellip;]<\/p>\n","protected":false},"featured_media":62452,"comment_status":"open","ping_status":"open","template":"","meta":[],"product_brand":[],"product_cat":[43],"product_tag":[],"class_list":{"0":"post-62352","1":"product","2":"type-product","3":"status-publish","4":"has-post-thumbnail","6":"product_cat-naradi","8":"first","9":"instock","10":"sale","11":"shipping-taxable","12":"purchasable","13":"product-type-simple"},"yoast_head":"<!-- This site is optimized with the Yoast SEO plugin v26.8 - https:\/\/yoast.com\/product\/yoast-seo-wordpress\/ -->\n<title>Zlevn\u011bn\u00fd BOSCH PLL 1P Laserov\u00e1 vodov\u00e1ha -<\/title>\n<meta name=\"robots\" content=\"index, follow, max-snippet:-1, max-image-preview:large, max-video-preview:-1\" \/>\n<link rel=\"canonical\" href=\"https:\/\/www.koupeltech.com\/index.php\/produkt\/zlevneny-bosch-pll-1p-laserova-vodovaha-62352\/\" \/>\n<meta property=\"og:locale\" content=\"cs_CZ\" \/>\n<meta property=\"og:type\" content=\"article\" \/>\n<meta property=\"og:title\" content=\"Zlevn\u011bn\u00fd BOSCH PLL 1P Laserov\u00e1 vodov\u00e1ha -\" \/>\n<meta property=\"og:description\" content=\"Praktick\u00e1 kapesn\u00ed laserov\u00e1 vodov\u00e1ha na celou \u0161k\u00e1lu projekt\u016f\u25ba P\u0159\u00ednos pro u\u017eivateleKombinace funk\u010dnosti vodov\u00e1hy a \u010d\u00e1rov\u00e9ho laseru v jednomProm\u00edt\u00e1 vodorovn\u00e9, svisl\u00e9 \u010di \u00fahlop\u0159\u00ed\u010dn\u00e9 \u010d\u00e1ry (a\u017e do 5 m) \u010di body (a\u017e do 20 m)Pru\u017en\u00fd dr\u017e\u00e1k na st\u011bnu si pohodln\u011b rozum\u00ed se v\u0161emi povrchySnadn\u00e1 obsluha \u2013 rychl\u00e9 a p\u0159esn\u00e9 v\u00fdsledky s p\u0159esnost\u00ed \u00b1 0,5 mm\/mPerfektn\u00ed na v\u011b\u0161en\u00ed [&hellip;]\" \/>\n<meta property=\"og:url\" content=\"https:\/\/www.koupeltech.com\/index.php\/produkt\/zlevneny-bosch-pll-1p-laserova-vodovaha-62352\/\" \/>\n<meta property=\"og:image\" content=\"https:\/\/www.koupeltech.com\/wp-content\/uploads\/2026\/SK0026654-CZ20260425-092328-0-1777080210-123761-1_135846.webp\" \/>\n\t<meta property=\"og:image:width\" content=\"800\" \/>\n\t<meta property=\"og:image:height\" content=\"349\" \/>\n\t<meta property=\"og:image:type\" content=\"image\/webp\" \/>\n<meta name=\"twitter:card\" content=\"summary_large_image\" \/>\n<meta name=\"twitter:label1\" content=\"Odhadovan\u00e1 doba \u010dten\u00ed\" \/>\n\t<meta name=\"twitter:data1\" content=\"1 minuta\" \/>\n<script type=\"application\/ld+json\" class=\"yoast-schema-graph\">{\"@context\":\"https:\/\/schema.org\",\"@graph\":[{\"@type\":\"WebPage\",\"@id\":\"https:\/\/www.koupeltech.com\/index.php\/produkt\/zlevneny-bosch-pll-1p-laserova-vodovaha-62352\/\",\"url\":\"https:\/\/www.koupeltech.com\/index.php\/produkt\/zlevneny-bosch-pll-1p-laserova-vodovaha-62352\/\",\"name\":\"Zlevn\u011bn\u00fd BOSCH PLL 1P Laserov\u00e1 vodov\u00e1ha -\",\"isPartOf\":{\"@id\":\"https:\/\/www.koupeltech.com\/#website\"},\"primaryImageOfPage\":{\"@id\":\"https:\/\/www.koupeltech.com\/index.php\/produkt\/zlevneny-bosch-pll-1p-laserova-vodovaha-62352\/#primaryimage\"},\"image\":{\"@id\":\"https:\/\/www.koupeltech.com\/index.php\/produkt\/zlevneny-bosch-pll-1p-laserova-vodovaha-62352\/#primaryimage\"},\"thumbnailUrl\":\"https:\/\/www.koupeltech.com\/wp-content\/uploads\/2026\/SK0026654-CZ20260425-092328-0-1777080210-123761-1_135846.webp\",\"datePublished\":\"2026-04-27T14:05:22+00:00\",\"breadcrumb\":{\"@id\":\"https:\/\/www.koupeltech.com\/index.php\/produkt\/zlevneny-bosch-pll-1p-laserova-vodovaha-62352\/#breadcrumb\"},\"inLanguage\":\"cs\",\"potentialAction\":[{\"@type\":\"ReadAction\",\"target\":[\"https:\/\/www.koupeltech.com\/index.php\/produkt\/zlevneny-bosch-pll-1p-laserova-vodovaha-62352\/\"]}]},{\"@type\":\"ImageObject\",\"inLanguage\":\"cs\",\"@id\":\"https:\/\/www.koupeltech.com\/index.php\/produkt\/zlevneny-bosch-pll-1p-laserova-vodovaha-62352\/#primaryimage\",\"url\":\"https:\/\/www.koupeltech.com\/wp-content\/uploads\/2026\/SK0026654-CZ20260425-092328-0-1777080210-123761-1_135846.webp\",\"contentUrl\":\"https:\/\/www.koupeltech.com\/wp-content\/uploads\/2026\/SK0026654-CZ20260425-092328-0-1777080210-123761-1_135846.webp\",\"width\":800,\"height\":349},{\"@type\":\"BreadcrumbList\",\"@id\":\"https:\/\/www.koupeltech.com\/index.php\/produkt\/zlevneny-bosch-pll-1p-laserova-vodovaha-62352\/#breadcrumb\",\"itemListElement\":[{\"@type\":\"ListItem\",\"position\":1,\"name\":\"Home\",\"item\":\"https:\/\/www.koupeltech.com\/\"},{\"@type\":\"ListItem\",\"position\":2,\"name\":\"Products\",\"item\":\"https:\/\/www.koupeltech.com\/index.php\/products\/\"},{\"@type\":\"ListItem\",\"position\":3,\"name\":\"Zlevn\u011bn\u00fd BOSCH PLL 1P Laserov\u00e1 vodov\u00e1ha\"}]},{\"@type\":\"WebSite\",\"@id\":\"https:\/\/www.koupeltech.com\/#website\",\"url\":\"https:\/\/www.koupeltech.com\/\",\"name\":\"\",\"description\":\"\",\"potentialAction\":[{\"@type\":\"SearchAction\",\"target\":{\"@type\":\"EntryPoint\",\"urlTemplate\":\"https:\/\/www.koupeltech.com\/?s={search_term_string}\"},\"query-input\":{\"@type\":\"PropertyValueSpecification\",\"valueRequired\":true,\"valueName\":\"search_term_string\"}}],\"inLanguage\":\"cs\"}]}<\/script>\n<!-- \/ Yoast SEO plugin. -->","yoast_head_json":{"title":"Zlevn\u011bn\u00fd BOSCH PLL 1P Laserov\u00e1 vodov\u00e1ha -","robots":{"index":"index","follow":"follow","max-snippet":"max-snippet:-1","max-image-preview":"max-image-preview:large","max-video-preview":"max-video-preview:-1"},"canonical":"https:\/\/www.koupeltech.com\/index.php\/produkt\/zlevneny-bosch-pll-1p-laserova-vodovaha-62352\/","og_locale":"cs_CZ","og_type":"article","og_title":"Zlevn\u011bn\u00fd BOSCH PLL 1P Laserov\u00e1 vodov\u00e1ha -","og_description":"Praktick\u00e1 kapesn\u00ed laserov\u00e1 vodov\u00e1ha na celou \u0161k\u00e1lu projekt\u016f\u25ba P\u0159\u00ednos pro u\u017eivateleKombinace funk\u010dnosti vodov\u00e1hy a \u010d\u00e1rov\u00e9ho laseru v jednomProm\u00edt\u00e1 vodorovn\u00e9, svisl\u00e9 \u010di \u00fahlop\u0159\u00ed\u010dn\u00e9 \u010d\u00e1ry (a\u017e do 5 m) \u010di body (a\u017e do 20 m)Pru\u017en\u00fd dr\u017e\u00e1k na st\u011bnu si pohodln\u011b rozum\u00ed se v\u0161emi povrchySnadn\u00e1 obsluha \u2013 rychl\u00e9 a p\u0159esn\u00e9 v\u00fdsledky s p\u0159esnost\u00ed \u00b1 0,5 mm\/mPerfektn\u00ed na v\u011b\u0161en\u00ed [&hellip;]","og_url":"https:\/\/www.koupeltech.com\/index.php\/produkt\/zlevneny-bosch-pll-1p-laserova-vodovaha-62352\/","og_image":[{"width":800,"height":349,"url":"https:\/\/www.koupeltech.com\/wp-content\/uploads\/2026\/SK0026654-CZ20260425-092328-0-1777080210-123761-1_135846.webp","type":"image\/webp"}],"twitter_card":"summary_large_image","twitter_misc":{"Odhadovan\u00e1 doba \u010dten\u00ed":"1 minuta"},"schema":{"@context":"https:\/\/schema.org","@graph":[{"@type":"WebPage","@id":"https:\/\/www.koupeltech.com\/index.php\/produkt\/zlevneny-bosch-pll-1p-laserova-vodovaha-62352\/","url":"https:\/\/www.koupeltech.com\/index.php\/produkt\/zlevneny-bosch-pll-1p-laserova-vodovaha-62352\/","name":"Zlevn\u011bn\u00fd BOSCH PLL 1P Laserov\u00e1 vodov\u00e1ha -","isPartOf":{"@id":"https:\/\/www.koupeltech.com\/#website"},"primaryImageOfPage":{"@id":"https:\/\/www.koupeltech.com\/index.php\/produkt\/zlevneny-bosch-pll-1p-laserova-vodovaha-62352\/#primaryimage"},"image":{"@id":"https:\/\/www.koupeltech.com\/index.php\/produkt\/zlevneny-bosch-pll-1p-laserova-vodovaha-62352\/#primaryimage"},"thumbnailUrl":"https:\/\/www.koupeltech.com\/wp-content\/uploads\/2026\/SK0026654-CZ20260425-092328-0-1777080210-123761-1_135846.webp","datePublished":"2026-04-27T14:05:22+00:00","breadcrumb":{"@id":"https:\/\/www.koupeltech.com\/index.php\/produkt\/zlevneny-bosch-pll-1p-laserova-vodovaha-62352\/#breadcrumb"},"inLanguage":"cs","potentialAction":[{"@type":"ReadAction","target":["https:\/\/www.koupeltech.com\/index.php\/produkt\/zlevneny-bosch-pll-1p-laserova-vodovaha-62352\/"]}]},{"@type":"ImageObject","inLanguage":"cs","@id":"https:\/\/www.koupeltech.com\/index.php\/produkt\/zlevneny-bosch-pll-1p-laserova-vodovaha-62352\/#primaryimage","url":"https:\/\/www.koupeltech.com\/wp-content\/uploads\/2026\/SK0026654-CZ20260425-092328-0-1777080210-123761-1_135846.webp","contentUrl":"https:\/\/www.koupeltech.com\/wp-content\/uploads\/2026\/SK0026654-CZ20260425-092328-0-1777080210-123761-1_135846.webp","width":800,"height":349},{"@type":"BreadcrumbList","@id":"https:\/\/www.koupeltech.com\/index.php\/produkt\/zlevneny-bosch-pll-1p-laserova-vodovaha-62352\/#breadcrumb","itemListElement":[{"@type":"ListItem","position":1,"name":"Home","item":"https:\/\/www.koupeltech.com\/"},{"@type":"ListItem","position":2,"name":"Products","item":"https:\/\/www.koupeltech.com\/index.php\/products\/"},{"@type":"ListItem","position":3,"name":"Zlevn\u011bn\u00fd BOSCH PLL 1P Laserov\u00e1 vodov\u00e1ha"}]},{"@type":"WebSite","@id":"https:\/\/www.koupeltech.com\/#website","url":"https:\/\/www.koupeltech.com\/","name":"","description":"","potentialAction":[{"@type":"SearchAction","target":{"@type":"EntryPoint","urlTemplate":"https:\/\/www.koupeltech.com\/?s={search_term_string}"},"query-input":{"@type":"PropertyValueSpecification","valueRequired":true,"valueName":"search_term_string"}}],"inLanguage":"cs"}]}},"_links":{"self":[{"href":"https:\/\/www.koupeltech.com\/index.php\/wp-json\/wp\/v2\/product\/62352","targetHints":{"allow":["GET"]}}],"collection":[{"href":"https:\/\/www.koupeltech.com\/index.php\/wp-json\/wp\/v2\/product"}],"about":[{"href":"https:\/\/www.koupeltech.com\/index.php\/wp-json\/wp\/v2\/types\/product"}],"replies":[{"embeddable":true,"href":"https:\/\/www.koupeltech.com\/index.php\/wp-json\/wp\/v2\/comments?post=62352"}],"wp:featuredmedia":[{"embeddable":true,"href":"https:\/\/www.koupeltech.com\/index.php\/wp-json\/wp\/v2\/media\/62452"}],"wp:attachment":[{"href":"https:\/\/www.koupeltech.com\/index.php\/wp-json\/wp\/v2\/media?parent=62352"}],"wp:term":[{"taxonomy":"product_brand","embeddable":true,"href":"https:\/\/www.koupeltech.com\/index.php\/wp-json\/wp\/v2\/product_brand?post=62352"},{"taxonomy":"product_cat","embeddable":true,"href":"https:\/\/www.koupeltech.com\/index.php\/wp-json\/wp\/v2\/product_cat?post=62352"},{"taxonomy":"product_tag","embeddable":true,"href":"https:\/\/www.koupeltech.com\/index.php\/wp-json\/wp\/v2\/product_tag?post=62352"}],"curies":[{"name":"wp","href":"https:\/\/api.w.org\/{rel}","templated":true}]}}