{"id":62369,"date":"2026-04-27T14:05:22","date_gmt":"2026-04-27T14:05:22","guid":{"rendered":""},"modified":"2026-04-27T14:05:22","modified_gmt":"2026-04-27T14:05:22","slug":"zlevneny-makita-vc002glz01-aku-vysavac-s-aws-li-ion-xgt-40v-bez-aku-z-62369","status":"publish","type":"product","link":"https:\/\/www.koupeltech.com\/index.php\/produkt\/zlevneny-makita-vc002glz01-aku-vysavac-s-aws-li-ion-xgt-40v-bez-aku-z-62369\/","title":{"rendered":"Zlevn\u011bn\u00fd Makita VC002GLZ01 Aku-vysava\u010d s AWS Li-ion XGT 40V,bez aku Z"},"content":{"rendered":"<table>\n<div class=\"tab-pane active product-description\" id=\"popis\" role=\"tabpanel\">\n<div class=\"short-description\" itemprop=\"description\"><\/div>\n<div class=\"description\"><span class='bullet-line'>Velmi v\u00fdkonn\u00fd aku vysava\u010d pro extern\u00ed ods\u00e1v\u00e1n\u00ed s n\u00e1dobou 8 l<br \/><\/span><span class='bullet-line'>Technologie Li-ion XGT 40V umo\u017e\u0148uj\u00edc\u00ed extr\u00e9mn\u00ed zat\u00ed\u017een\u00ed stroje a dlouhou v\u00fddr\u017e na jedno nabit\u00ed akumul\u00e1toru<br \/><\/span><span class='bullet-line'>Technologie AWS &#8211; mo\u017enost p\u0159ipojen\u00ed extern\u00edho p\u0159\u00edstroje p\u0159es BlueTooth a automatick\u00e9 spu\u0161t\u011bn\u00ed ods\u00e1v\u00e1n\u00ed v p\u0159\u00edpad\u011b zapnut\u00ed tohoto stroje<br \/><\/span><span class='bullet-line'>V\u00fdrazn\u011b vy\u0161\u0161\u00ed sac\u00ed v\u00fdkon ve srovn\u00e1n\u00ed s aku vysava\u010di \u0159ady LXT<br \/><\/span><span class='bullet-line'>Vysava\u010d je vhodn\u00fd pouze pro such\u00e9 ods\u00e1v\u00e1n\u00ed\/vys\u00e1v\u00e1n\u00ed<br \/><\/span><span class='bullet-line'>T\u0159\u00edda prachu L<br \/><\/span><span class='bullet-line'>HEPA filtr<br \/><\/span><span class='bullet-line'>Mo\u017enost regulace s\u00edly s\u00e1n\u00ed<br \/><\/span><span class='bullet-line'>Plastov\u00e1 n\u00e1doba o objemu 8 l<br \/><\/span><span class='bullet-line'>Velmi tich\u00fd chod<br \/><\/span><span class='bullet-line'>Maxim\u00e1ln\u00ed s\u00edla s\u00e1n\u00ed 205 W<br \/><\/span><span class='bullet-line'>Doba pou\u017eit\u00ed 28-220 min na jedno nabit\u00ed dvou akumul\u00e1tor\u016f BL4050F<br \/><\/span><span class='bullet-line'>Indikace stavu nabit\u00ed akumul\u00e1tor\u016f)<br \/><\/span><span class='bullet-line'>Praktick\u00fd dr\u017e\u00e1k p\u0159\u00edslu\u0161enstv\u00ed<br \/><\/span><span class='bullet-line'>Dod\u00e1vka bez akumul\u00e1tor\u016f a nab\u00edje\u010dky<br \/><\/span><br \/>\u27a4P\u0159\u00edslu\u0161enstv\u00ed<span class='bullet-line'>Sac\u00ed hadice 38mmx2,5m (195434-1)<br \/><\/span><span class='bullet-line'>Sac\u00ed hadice 28mmx3,5m (195433-3)<br \/><\/span><span class='bullet-line'>Prodlu\u017eovac\u00ed trubka rovn\u00e1 (192563-1)<br \/><\/span><span class='bullet-line'>Prodlu\u017eovac\u00ed trubka zahnut\u00e1 (192562-3)<br \/><\/span><span class='bullet-line'>\u00dazk\u00e1 hubice (410306-2)<br \/><\/span><span class='bullet-line'>Podlahov\u00e1 hubice (199455-5)<br \/><\/span><span class='bullet-line'>Poly s\u00e1\u010dek (195432-5)<br \/><\/span><span class='bullet-line'>Dr\u017e\u00e1k p\u0159\u00edslu\u0161enstv\u00ed (413B37-4)<br \/><\/span><span class='bullet-line'>Ods\u00e1vac\u00ed adapt\u00e9r 22 (195547-8)<br \/><\/span><span class='bullet-line'>Ods\u00e1vac\u00ed adapt\u00e9r 24 (195546-0)<\/span><\/div>\n<div class=\"parameters\">\n<tr>\n<td>Akumul\u00e1tor<\/td>\n<td>Li-ion 40 V<\/td>\n<\/tr>\n<tr>\n<td>Doba pou\u017eit\u00ed\/akumul\u00e1tor<\/td>\n<td>28-220 min\/2xBL4050F<\/td>\n<\/tr>\n<tr>\n<td>Max. pr\u016ftok vzduchu<\/td>\n<td>1,8 m3\/min<\/td>\n<\/tr>\n<tr>\n<td>Max. v\u00fdkon<\/td>\n<td>205 W<\/td>\n<\/tr>\n<tr>\n<td>Objem n\u00e1doby<\/td>\n<td>8 l<\/td>\n<\/tr>\n<tr>\n<td>Hmotnost<\/td>\n<td>7,7 \/ 9,7 kg<\/td>\n<\/tr>\n<tr>\n<td>Rozm\u011bry (Dx\u0160xV)<\/td>\n<td>366 x 334 x 425 mm<\/td>\n<\/tr><\/div>\n<\/table>\n","protected":false},"excerpt":{"rendered":"<p>Velmi v\u00fdkonn\u00fd aku vysava\u010d pro extern\u00ed ods\u00e1v\u00e1n\u00ed s n\u00e1dobou 8 lTechnologie Li-ion XGT 40V umo\u017e\u0148uj\u00edc\u00ed extr\u00e9mn\u00ed zat\u00ed\u017een\u00ed stroje a dlouhou v\u00fddr\u017e na jedno nabit\u00ed akumul\u00e1toruTechnologie AWS &#8211; mo\u017enost p\u0159ipojen\u00ed extern\u00edho p\u0159\u00edstroje p\u0159es BlueTooth a automatick\u00e9 spu\u0161t\u011bn\u00ed ods\u00e1v\u00e1n\u00ed v p\u0159\u00edpad\u011b zapnut\u00ed tohoto strojeV\u00fdrazn\u011b vy\u0161\u0161\u00ed sac\u00ed v\u00fdkon ve srovn\u00e1n\u00ed s aku vysava\u010di \u0159ady LXTVysava\u010d je vhodn\u00fd pouze [&hellip;]<\/p>\n","protected":false},"featured_media":62469,"comment_status":"open","ping_status":"open","template":"","meta":[],"product_brand":[],"product_cat":[43],"product_tag":[],"class_list":{"0":"post-62369","1":"product","2":"type-product","3":"status-publish","4":"has-post-thumbnail","6":"product_cat-naradi","8":"first","9":"instock","10":"sale","11":"shipping-taxable","12":"purchasable","13":"product-type-simple"},"yoast_head":"<!-- This site is optimized with the Yoast SEO plugin v26.8 - https:\/\/yoast.com\/product\/yoast-seo-wordpress\/ -->\n<title>Zlevn\u011bn\u00fd Makita VC002GLZ01 Aku-vysava\u010d s AWS Li-ion XGT 40V,bez aku Z -<\/title>\n<meta name=\"robots\" content=\"index, follow, max-snippet:-1, max-image-preview:large, max-video-preview:-1\" \/>\n<link rel=\"canonical\" href=\"https:\/\/www.koupeltech.com\/index.php\/produkt\/zlevneny-makita-vc002glz01-aku-vysavac-s-aws-li-ion-xgt-40v-bez-aku-z-62369\/\" \/>\n<meta property=\"og:locale\" content=\"cs_CZ\" \/>\n<meta property=\"og:type\" content=\"article\" \/>\n<meta property=\"og:title\" content=\"Zlevn\u011bn\u00fd Makita VC002GLZ01 Aku-vysava\u010d s AWS Li-ion XGT 40V,bez aku Z -\" \/>\n<meta property=\"og:description\" content=\"Velmi v\u00fdkonn\u00fd aku vysava\u010d pro extern\u00ed ods\u00e1v\u00e1n\u00ed s n\u00e1dobou 8 lTechnologie Li-ion XGT 40V umo\u017e\u0148uj\u00edc\u00ed extr\u00e9mn\u00ed zat\u00ed\u017een\u00ed stroje a dlouhou v\u00fddr\u017e na jedno nabit\u00ed akumul\u00e1toruTechnologie AWS &#8211; mo\u017enost p\u0159ipojen\u00ed extern\u00edho p\u0159\u00edstroje p\u0159es BlueTooth a automatick\u00e9 spu\u0161t\u011bn\u00ed ods\u00e1v\u00e1n\u00ed v p\u0159\u00edpad\u011b zapnut\u00ed tohoto strojeV\u00fdrazn\u011b vy\u0161\u0161\u00ed sac\u00ed v\u00fdkon ve srovn\u00e1n\u00ed s aku vysava\u010di \u0159ady LXTVysava\u010d je vhodn\u00fd pouze [&hellip;]\" \/>\n<meta property=\"og:url\" content=\"https:\/\/www.koupeltech.com\/index.php\/produkt\/zlevneny-makita-vc002glz01-aku-vysavac-s-aws-li-ion-xgt-40v-bez-aku-z-62369\/\" \/>\n<meta property=\"og:image\" content=\"https:\/\/www.koupeltech.com\/wp-content\/uploads\/2026\/SK0026671-CZ20260425-092328-0-1777080210-vc002glz01_c1l0_s100.webp\" \/>\n\t<meta property=\"og:image:width\" content=\"699\" \/>\n\t<meta property=\"og:image:height\" content=\"616\" \/>\n\t<meta property=\"og:image:type\" content=\"image\/webp\" \/>\n<meta name=\"twitter:card\" content=\"summary_large_image\" \/>\n<meta name=\"twitter:label1\" content=\"Odhadovan\u00e1 doba \u010dten\u00ed\" \/>\n\t<meta name=\"twitter:data1\" content=\"1 minuta\" \/>\n<script type=\"application\/ld+json\" class=\"yoast-schema-graph\">{\"@context\":\"https:\/\/schema.org\",\"@graph\":[{\"@type\":\"WebPage\",\"@id\":\"https:\/\/www.koupeltech.com\/index.php\/produkt\/zlevneny-makita-vc002glz01-aku-vysavac-s-aws-li-ion-xgt-40v-bez-aku-z-62369\/\",\"url\":\"https:\/\/www.koupeltech.com\/index.php\/produkt\/zlevneny-makita-vc002glz01-aku-vysavac-s-aws-li-ion-xgt-40v-bez-aku-z-62369\/\",\"name\":\"Zlevn\u011bn\u00fd Makita VC002GLZ01 Aku-vysava\u010d s AWS Li-ion XGT 40V,bez aku Z -\",\"isPartOf\":{\"@id\":\"https:\/\/www.koupeltech.com\/#website\"},\"primaryImageOfPage\":{\"@id\":\"https:\/\/www.koupeltech.com\/index.php\/produkt\/zlevneny-makita-vc002glz01-aku-vysavac-s-aws-li-ion-xgt-40v-bez-aku-z-62369\/#primaryimage\"},\"image\":{\"@id\":\"https:\/\/www.koupeltech.com\/index.php\/produkt\/zlevneny-makita-vc002glz01-aku-vysavac-s-aws-li-ion-xgt-40v-bez-aku-z-62369\/#primaryimage\"},\"thumbnailUrl\":\"https:\/\/www.koupeltech.com\/wp-content\/uploads\/2026\/SK0026671-CZ20260425-092328-0-1777080210-vc002glz01_c1l0_s100.webp\",\"datePublished\":\"2026-04-27T14:05:22+00:00\",\"breadcrumb\":{\"@id\":\"https:\/\/www.koupeltech.com\/index.php\/produkt\/zlevneny-makita-vc002glz01-aku-vysavac-s-aws-li-ion-xgt-40v-bez-aku-z-62369\/#breadcrumb\"},\"inLanguage\":\"cs\",\"potentialAction\":[{\"@type\":\"ReadAction\",\"target\":[\"https:\/\/www.koupeltech.com\/index.php\/produkt\/zlevneny-makita-vc002glz01-aku-vysavac-s-aws-li-ion-xgt-40v-bez-aku-z-62369\/\"]}]},{\"@type\":\"ImageObject\",\"inLanguage\":\"cs\",\"@id\":\"https:\/\/www.koupeltech.com\/index.php\/produkt\/zlevneny-makita-vc002glz01-aku-vysavac-s-aws-li-ion-xgt-40v-bez-aku-z-62369\/#primaryimage\",\"url\":\"https:\/\/www.koupeltech.com\/wp-content\/uploads\/2026\/SK0026671-CZ20260425-092328-0-1777080210-vc002glz01_c1l0_s100.webp\",\"contentUrl\":\"https:\/\/www.koupeltech.com\/wp-content\/uploads\/2026\/SK0026671-CZ20260425-092328-0-1777080210-vc002glz01_c1l0_s100.webp\",\"width\":699,\"height\":616},{\"@type\":\"BreadcrumbList\",\"@id\":\"https:\/\/www.koupeltech.com\/index.php\/produkt\/zlevneny-makita-vc002glz01-aku-vysavac-s-aws-li-ion-xgt-40v-bez-aku-z-62369\/#breadcrumb\",\"itemListElement\":[{\"@type\":\"ListItem\",\"position\":1,\"name\":\"Home\",\"item\":\"https:\/\/www.koupeltech.com\/\"},{\"@type\":\"ListItem\",\"position\":2,\"name\":\"Products\",\"item\":\"https:\/\/www.koupeltech.com\/index.php\/products\/\"},{\"@type\":\"ListItem\",\"position\":3,\"name\":\"Zlevn\u011bn\u00fd Makita VC002GLZ01 Aku-vysava\u010d s AWS Li-ion XGT 40V,bez aku Z\"}]},{\"@type\":\"WebSite\",\"@id\":\"https:\/\/www.koupeltech.com\/#website\",\"url\":\"https:\/\/www.koupeltech.com\/\",\"name\":\"\",\"description\":\"\",\"potentialAction\":[{\"@type\":\"SearchAction\",\"target\":{\"@type\":\"EntryPoint\",\"urlTemplate\":\"https:\/\/www.koupeltech.com\/?s={search_term_string}\"},\"query-input\":{\"@type\":\"PropertyValueSpecification\",\"valueRequired\":true,\"valueName\":\"search_term_string\"}}],\"inLanguage\":\"cs\"}]}<\/script>\n<!-- \/ Yoast SEO plugin. -->","yoast_head_json":{"title":"Zlevn\u011bn\u00fd Makita VC002GLZ01 Aku-vysava\u010d s AWS Li-ion XGT 40V,bez aku Z -","robots":{"index":"index","follow":"follow","max-snippet":"max-snippet:-1","max-image-preview":"max-image-preview:large","max-video-preview":"max-video-preview:-1"},"canonical":"https:\/\/www.koupeltech.com\/index.php\/produkt\/zlevneny-makita-vc002glz01-aku-vysavac-s-aws-li-ion-xgt-40v-bez-aku-z-62369\/","og_locale":"cs_CZ","og_type":"article","og_title":"Zlevn\u011bn\u00fd Makita VC002GLZ01 Aku-vysava\u010d s AWS Li-ion XGT 40V,bez aku Z -","og_description":"Velmi v\u00fdkonn\u00fd aku vysava\u010d pro extern\u00ed ods\u00e1v\u00e1n\u00ed s n\u00e1dobou 8 lTechnologie Li-ion XGT 40V umo\u017e\u0148uj\u00edc\u00ed extr\u00e9mn\u00ed zat\u00ed\u017een\u00ed stroje a dlouhou v\u00fddr\u017e na jedno nabit\u00ed akumul\u00e1toruTechnologie AWS &#8211; mo\u017enost p\u0159ipojen\u00ed extern\u00edho p\u0159\u00edstroje p\u0159es BlueTooth a automatick\u00e9 spu\u0161t\u011bn\u00ed ods\u00e1v\u00e1n\u00ed v p\u0159\u00edpad\u011b zapnut\u00ed tohoto strojeV\u00fdrazn\u011b vy\u0161\u0161\u00ed sac\u00ed v\u00fdkon ve srovn\u00e1n\u00ed s aku vysava\u010di \u0159ady LXTVysava\u010d je vhodn\u00fd pouze [&hellip;]","og_url":"https:\/\/www.koupeltech.com\/index.php\/produkt\/zlevneny-makita-vc002glz01-aku-vysavac-s-aws-li-ion-xgt-40v-bez-aku-z-62369\/","og_image":[{"width":699,"height":616,"url":"https:\/\/www.koupeltech.com\/wp-content\/uploads\/2026\/SK0026671-CZ20260425-092328-0-1777080210-vc002glz01_c1l0_s100.webp","type":"image\/webp"}],"twitter_card":"summary_large_image","twitter_misc":{"Odhadovan\u00e1 doba \u010dten\u00ed":"1 minuta"},"schema":{"@context":"https:\/\/schema.org","@graph":[{"@type":"WebPage","@id":"https:\/\/www.koupeltech.com\/index.php\/produkt\/zlevneny-makita-vc002glz01-aku-vysavac-s-aws-li-ion-xgt-40v-bez-aku-z-62369\/","url":"https:\/\/www.koupeltech.com\/index.php\/produkt\/zlevneny-makita-vc002glz01-aku-vysavac-s-aws-li-ion-xgt-40v-bez-aku-z-62369\/","name":"Zlevn\u011bn\u00fd Makita VC002GLZ01 Aku-vysava\u010d s AWS Li-ion XGT 40V,bez aku Z -","isPartOf":{"@id":"https:\/\/www.koupeltech.com\/#website"},"primaryImageOfPage":{"@id":"https:\/\/www.koupeltech.com\/index.php\/produkt\/zlevneny-makita-vc002glz01-aku-vysavac-s-aws-li-ion-xgt-40v-bez-aku-z-62369\/#primaryimage"},"image":{"@id":"https:\/\/www.koupeltech.com\/index.php\/produkt\/zlevneny-makita-vc002glz01-aku-vysavac-s-aws-li-ion-xgt-40v-bez-aku-z-62369\/#primaryimage"},"thumbnailUrl":"https:\/\/www.koupeltech.com\/wp-content\/uploads\/2026\/SK0026671-CZ20260425-092328-0-1777080210-vc002glz01_c1l0_s100.webp","datePublished":"2026-04-27T14:05:22+00:00","breadcrumb":{"@id":"https:\/\/www.koupeltech.com\/index.php\/produkt\/zlevneny-makita-vc002glz01-aku-vysavac-s-aws-li-ion-xgt-40v-bez-aku-z-62369\/#breadcrumb"},"inLanguage":"cs","potentialAction":[{"@type":"ReadAction","target":["https:\/\/www.koupeltech.com\/index.php\/produkt\/zlevneny-makita-vc002glz01-aku-vysavac-s-aws-li-ion-xgt-40v-bez-aku-z-62369\/"]}]},{"@type":"ImageObject","inLanguage":"cs","@id":"https:\/\/www.koupeltech.com\/index.php\/produkt\/zlevneny-makita-vc002glz01-aku-vysavac-s-aws-li-ion-xgt-40v-bez-aku-z-62369\/#primaryimage","url":"https:\/\/www.koupeltech.com\/wp-content\/uploads\/2026\/SK0026671-CZ20260425-092328-0-1777080210-vc002glz01_c1l0_s100.webp","contentUrl":"https:\/\/www.koupeltech.com\/wp-content\/uploads\/2026\/SK0026671-CZ20260425-092328-0-1777080210-vc002glz01_c1l0_s100.webp","width":699,"height":616},{"@type":"BreadcrumbList","@id":"https:\/\/www.koupeltech.com\/index.php\/produkt\/zlevneny-makita-vc002glz01-aku-vysavac-s-aws-li-ion-xgt-40v-bez-aku-z-62369\/#breadcrumb","itemListElement":[{"@type":"ListItem","position":1,"name":"Home","item":"https:\/\/www.koupeltech.com\/"},{"@type":"ListItem","position":2,"name":"Products","item":"https:\/\/www.koupeltech.com\/index.php\/products\/"},{"@type":"ListItem","position":3,"name":"Zlevn\u011bn\u00fd Makita VC002GLZ01 Aku-vysava\u010d s AWS Li-ion XGT 40V,bez aku Z"}]},{"@type":"WebSite","@id":"https:\/\/www.koupeltech.com\/#website","url":"https:\/\/www.koupeltech.com\/","name":"","description":"","potentialAction":[{"@type":"SearchAction","target":{"@type":"EntryPoint","urlTemplate":"https:\/\/www.koupeltech.com\/?s={search_term_string}"},"query-input":{"@type":"PropertyValueSpecification","valueRequired":true,"valueName":"search_term_string"}}],"inLanguage":"cs"}]}},"_links":{"self":[{"href":"https:\/\/www.koupeltech.com\/index.php\/wp-json\/wp\/v2\/product\/62369","targetHints":{"allow":["GET"]}}],"collection":[{"href":"https:\/\/www.koupeltech.com\/index.php\/wp-json\/wp\/v2\/product"}],"about":[{"href":"https:\/\/www.koupeltech.com\/index.php\/wp-json\/wp\/v2\/types\/product"}],"replies":[{"embeddable":true,"href":"https:\/\/www.koupeltech.com\/index.php\/wp-json\/wp\/v2\/comments?post=62369"}],"wp:featuredmedia":[{"embeddable":true,"href":"https:\/\/www.koupeltech.com\/index.php\/wp-json\/wp\/v2\/media\/62469"}],"wp:attachment":[{"href":"https:\/\/www.koupeltech.com\/index.php\/wp-json\/wp\/v2\/media?parent=62369"}],"wp:term":[{"taxonomy":"product_brand","embeddable":true,"href":"https:\/\/www.koupeltech.com\/index.php\/wp-json\/wp\/v2\/product_brand?post=62369"},{"taxonomy":"product_cat","embeddable":true,"href":"https:\/\/www.koupeltech.com\/index.php\/wp-json\/wp\/v2\/product_cat?post=62369"},{"taxonomy":"product_tag","embeddable":true,"href":"https:\/\/www.koupeltech.com\/index.php\/wp-json\/wp\/v2\/product_tag?post=62369"}],"curies":[{"name":"wp","href":"https:\/\/api.w.org\/{rel}","templated":true}]}}