{"id":62380,"date":"2026-04-27T14:05:22","date_gmt":"2026-04-27T14:05:22","guid":{"rendered":""},"modified":"2026-04-27T14:05:22","modified_gmt":"2026-04-27T14:05:22","slug":"akce-sika-aktivator-205-250ml-62380","status":"publish","type":"product","link":"https:\/\/www.koupeltech.com\/index.php\/produkt\/akce-sika-aktivator-205-250ml-62380\/","title":{"rendered":"Akce Sika Aktivator-205 250ml"},"content":{"rendered":"<table>\n<div class=\"tab-pane active product-description\" id=\"popis\" role=\"tabpanel\">\n<div class=\"short-description\" itemprop=\"description\"><\/div>\n<div class=\"description\"><span class='bullet-line'>\u010dist\u00edc\u00ed a aktiva\u010dn\u00ed prost\u0159edek pro p\u0159\u00edpravu plochy p\u0159ed lepen\u00edm a tmelen\u00edm materi\u00e1ly Sikaflex. <\/span><span class='bullet-line'>Pro p\u0159\u00edpravu ploch kov\u016f, plast\u016f, lakovan\u00fdch povrch\u016f, keramiky atd.<\/span><span class='bullet-line'>Sika Aktivator-205 je \u010dist\u00edc\u00ed a aktiva\u010dn\u00ed prost\u0159edek na b\u00e1zi alkoholu s aktiva\u010dn\u00edmi p\u0159\u00edsadami k p\u0159\u00edprav\u011b spojovan\u00fdch ploch p\u0159ed lepen\u00edm nebo tmelen\u00edm produkty Sikaflex \u0159ady 1-k PUR.<\/span><br \/>\u27a4 OBLAST POU\u017dIT\u00cd<span class='bullet-line'>Sika Aktivator-205 je ur\u010den pro \u010di\u0161t\u011bn\u00ed a zv\u00fd\u0161en\u00ed aktivace ploch nepor\u00e9zn\u00edch materi\u00e1l\u016f jako nap\u0159. kov\u016f, plast\u016f, lakovan\u00fdch povrch\u016f, glazovan\u00fdch keramick\u00fdch povrch\u016f atd.<\/span><\/div>\n<\/table>\n","protected":false},"excerpt":{"rendered":"<p>\u010dist\u00edc\u00ed a aktiva\u010dn\u00ed prost\u0159edek pro p\u0159\u00edpravu plochy p\u0159ed lepen\u00edm a tmelen\u00edm materi\u00e1ly Sikaflex. Pro p\u0159\u00edpravu ploch kov\u016f, plast\u016f, lakovan\u00fdch povrch\u016f, keramiky atd.Sika Aktivator-205 je \u010dist\u00edc\u00ed a aktiva\u010dn\u00ed prost\u0159edek na b\u00e1zi alkoholu s aktiva\u010dn\u00edmi p\u0159\u00edsadami k p\u0159\u00edprav\u011b spojovan\u00fdch ploch p\u0159ed lepen\u00edm nebo tmelen\u00edm produkty Sikaflex \u0159ady 1-k PUR.\u27a4 OBLAST POU\u017dIT\u00cdSika Aktivator-205 je ur\u010den pro \u010di\u0161t\u011bn\u00ed a [&hellip;]<\/p>\n","protected":false},"featured_media":62480,"comment_status":"open","ping_status":"open","template":"","meta":[],"product_brand":[],"product_cat":[40,42,41],"product_tag":[],"class_list":{"0":"post-62380","1":"product","2":"type-product","3":"status-publish","4":"has-post-thumbnail","6":"product_cat-barvy","7":"product_cat-chemie","8":"product_cat-laky","10":"first","11":"instock","12":"sale","13":"shipping-taxable","14":"purchasable","15":"product-type-simple"},"yoast_head":"<!-- This site is optimized with the Yoast SEO plugin v26.8 - https:\/\/yoast.com\/product\/yoast-seo-wordpress\/ -->\n<title>Akce Sika Aktivator-205 250ml -<\/title>\n<meta name=\"robots\" content=\"index, follow, max-snippet:-1, max-image-preview:large, max-video-preview:-1\" \/>\n<link rel=\"canonical\" href=\"https:\/\/www.koupeltech.com\/index.php\/produkt\/akce-sika-aktivator-205-250ml-62380\/\" \/>\n<meta property=\"og:locale\" content=\"cs_CZ\" \/>\n<meta property=\"og:type\" content=\"article\" \/>\n<meta property=\"og:title\" content=\"Akce Sika Aktivator-205 250ml -\" \/>\n<meta property=\"og:description\" content=\"\u010dist\u00edc\u00ed a aktiva\u010dn\u00ed prost\u0159edek pro p\u0159\u00edpravu plochy p\u0159ed lepen\u00edm a tmelen\u00edm materi\u00e1ly Sikaflex. Pro p\u0159\u00edpravu ploch kov\u016f, plast\u016f, lakovan\u00fdch povrch\u016f, keramiky atd.Sika Aktivator-205 je \u010dist\u00edc\u00ed a aktiva\u010dn\u00ed prost\u0159edek na b\u00e1zi alkoholu s aktiva\u010dn\u00edmi p\u0159\u00edsadami k p\u0159\u00edprav\u011b spojovan\u00fdch ploch p\u0159ed lepen\u00edm nebo tmelen\u00edm produkty Sikaflex \u0159ady 1-k PUR.\u27a4 OBLAST POU\u017dIT\u00cdSika Aktivator-205 je ur\u010den pro \u010di\u0161t\u011bn\u00ed a [&hellip;]\" \/>\n<meta property=\"og:url\" content=\"https:\/\/www.koupeltech.com\/index.php\/produkt\/akce-sika-aktivator-205-250ml-62380\/\" \/>\n<meta property=\"og:image\" content=\"https:\/\/www.koupeltech.com\/wp-content\/uploads\/2026\/SK0026682-CZ20260425-092328-0-1777080210-1249090-1_080759.webp\" \/>\n\t<meta property=\"og:image:width\" content=\"800\" \/>\n\t<meta property=\"og:image:height\" content=\"800\" \/>\n\t<meta property=\"og:image:type\" content=\"image\/webp\" \/>\n<meta name=\"twitter:card\" content=\"summary_large_image\" \/>\n<meta name=\"twitter:label1\" content=\"Odhadovan\u00e1 doba \u010dten\u00ed\" \/>\n\t<meta name=\"twitter:data1\" content=\"1 minuta\" \/>\n<script type=\"application\/ld+json\" class=\"yoast-schema-graph\">{\"@context\":\"https:\/\/schema.org\",\"@graph\":[{\"@type\":\"WebPage\",\"@id\":\"https:\/\/www.koupeltech.com\/index.php\/produkt\/akce-sika-aktivator-205-250ml-62380\/\",\"url\":\"https:\/\/www.koupeltech.com\/index.php\/produkt\/akce-sika-aktivator-205-250ml-62380\/\",\"name\":\"Akce Sika Aktivator-205 250ml -\",\"isPartOf\":{\"@id\":\"https:\/\/www.koupeltech.com\/#website\"},\"primaryImageOfPage\":{\"@id\":\"https:\/\/www.koupeltech.com\/index.php\/produkt\/akce-sika-aktivator-205-250ml-62380\/#primaryimage\"},\"image\":{\"@id\":\"https:\/\/www.koupeltech.com\/index.php\/produkt\/akce-sika-aktivator-205-250ml-62380\/#primaryimage\"},\"thumbnailUrl\":\"https:\/\/www.koupeltech.com\/wp-content\/uploads\/2026\/SK0026682-CZ20260425-092328-0-1777080210-1249090-1_080759.webp\",\"datePublished\":\"2026-04-27T14:05:22+00:00\",\"breadcrumb\":{\"@id\":\"https:\/\/www.koupeltech.com\/index.php\/produkt\/akce-sika-aktivator-205-250ml-62380\/#breadcrumb\"},\"inLanguage\":\"cs\",\"potentialAction\":[{\"@type\":\"ReadAction\",\"target\":[\"https:\/\/www.koupeltech.com\/index.php\/produkt\/akce-sika-aktivator-205-250ml-62380\/\"]}]},{\"@type\":\"ImageObject\",\"inLanguage\":\"cs\",\"@id\":\"https:\/\/www.koupeltech.com\/index.php\/produkt\/akce-sika-aktivator-205-250ml-62380\/#primaryimage\",\"url\":\"https:\/\/www.koupeltech.com\/wp-content\/uploads\/2026\/SK0026682-CZ20260425-092328-0-1777080210-1249090-1_080759.webp\",\"contentUrl\":\"https:\/\/www.koupeltech.com\/wp-content\/uploads\/2026\/SK0026682-CZ20260425-092328-0-1777080210-1249090-1_080759.webp\",\"width\":800,\"height\":800},{\"@type\":\"BreadcrumbList\",\"@id\":\"https:\/\/www.koupeltech.com\/index.php\/produkt\/akce-sika-aktivator-205-250ml-62380\/#breadcrumb\",\"itemListElement\":[{\"@type\":\"ListItem\",\"position\":1,\"name\":\"Home\",\"item\":\"https:\/\/www.koupeltech.com\/\"},{\"@type\":\"ListItem\",\"position\":2,\"name\":\"Products\",\"item\":\"https:\/\/www.koupeltech.com\/index.php\/products\/\"},{\"@type\":\"ListItem\",\"position\":3,\"name\":\"Akce Sika Aktivator-205 250ml\"}]},{\"@type\":\"WebSite\",\"@id\":\"https:\/\/www.koupeltech.com\/#website\",\"url\":\"https:\/\/www.koupeltech.com\/\",\"name\":\"\",\"description\":\"\",\"potentialAction\":[{\"@type\":\"SearchAction\",\"target\":{\"@type\":\"EntryPoint\",\"urlTemplate\":\"https:\/\/www.koupeltech.com\/?s={search_term_string}\"},\"query-input\":{\"@type\":\"PropertyValueSpecification\",\"valueRequired\":true,\"valueName\":\"search_term_string\"}}],\"inLanguage\":\"cs\"}]}<\/script>\n<!-- \/ Yoast SEO plugin. -->","yoast_head_json":{"title":"Akce Sika Aktivator-205 250ml -","robots":{"index":"index","follow":"follow","max-snippet":"max-snippet:-1","max-image-preview":"max-image-preview:large","max-video-preview":"max-video-preview:-1"},"canonical":"https:\/\/www.koupeltech.com\/index.php\/produkt\/akce-sika-aktivator-205-250ml-62380\/","og_locale":"cs_CZ","og_type":"article","og_title":"Akce Sika Aktivator-205 250ml -","og_description":"\u010dist\u00edc\u00ed a aktiva\u010dn\u00ed prost\u0159edek pro p\u0159\u00edpravu plochy p\u0159ed lepen\u00edm a tmelen\u00edm materi\u00e1ly Sikaflex. Pro p\u0159\u00edpravu ploch kov\u016f, plast\u016f, lakovan\u00fdch povrch\u016f, keramiky atd.Sika Aktivator-205 je \u010dist\u00edc\u00ed a aktiva\u010dn\u00ed prost\u0159edek na b\u00e1zi alkoholu s aktiva\u010dn\u00edmi p\u0159\u00edsadami k p\u0159\u00edprav\u011b spojovan\u00fdch ploch p\u0159ed lepen\u00edm nebo tmelen\u00edm produkty Sikaflex \u0159ady 1-k PUR.\u27a4 OBLAST POU\u017dIT\u00cdSika Aktivator-205 je ur\u010den pro \u010di\u0161t\u011bn\u00ed a [&hellip;]","og_url":"https:\/\/www.koupeltech.com\/index.php\/produkt\/akce-sika-aktivator-205-250ml-62380\/","og_image":[{"width":800,"height":800,"url":"https:\/\/www.koupeltech.com\/wp-content\/uploads\/2026\/SK0026682-CZ20260425-092328-0-1777080210-1249090-1_080759.webp","type":"image\/webp"}],"twitter_card":"summary_large_image","twitter_misc":{"Odhadovan\u00e1 doba \u010dten\u00ed":"1 minuta"},"schema":{"@context":"https:\/\/schema.org","@graph":[{"@type":"WebPage","@id":"https:\/\/www.koupeltech.com\/index.php\/produkt\/akce-sika-aktivator-205-250ml-62380\/","url":"https:\/\/www.koupeltech.com\/index.php\/produkt\/akce-sika-aktivator-205-250ml-62380\/","name":"Akce Sika Aktivator-205 250ml -","isPartOf":{"@id":"https:\/\/www.koupeltech.com\/#website"},"primaryImageOfPage":{"@id":"https:\/\/www.koupeltech.com\/index.php\/produkt\/akce-sika-aktivator-205-250ml-62380\/#primaryimage"},"image":{"@id":"https:\/\/www.koupeltech.com\/index.php\/produkt\/akce-sika-aktivator-205-250ml-62380\/#primaryimage"},"thumbnailUrl":"https:\/\/www.koupeltech.com\/wp-content\/uploads\/2026\/SK0026682-CZ20260425-092328-0-1777080210-1249090-1_080759.webp","datePublished":"2026-04-27T14:05:22+00:00","breadcrumb":{"@id":"https:\/\/www.koupeltech.com\/index.php\/produkt\/akce-sika-aktivator-205-250ml-62380\/#breadcrumb"},"inLanguage":"cs","potentialAction":[{"@type":"ReadAction","target":["https:\/\/www.koupeltech.com\/index.php\/produkt\/akce-sika-aktivator-205-250ml-62380\/"]}]},{"@type":"ImageObject","inLanguage":"cs","@id":"https:\/\/www.koupeltech.com\/index.php\/produkt\/akce-sika-aktivator-205-250ml-62380\/#primaryimage","url":"https:\/\/www.koupeltech.com\/wp-content\/uploads\/2026\/SK0026682-CZ20260425-092328-0-1777080210-1249090-1_080759.webp","contentUrl":"https:\/\/www.koupeltech.com\/wp-content\/uploads\/2026\/SK0026682-CZ20260425-092328-0-1777080210-1249090-1_080759.webp","width":800,"height":800},{"@type":"BreadcrumbList","@id":"https:\/\/www.koupeltech.com\/index.php\/produkt\/akce-sika-aktivator-205-250ml-62380\/#breadcrumb","itemListElement":[{"@type":"ListItem","position":1,"name":"Home","item":"https:\/\/www.koupeltech.com\/"},{"@type":"ListItem","position":2,"name":"Products","item":"https:\/\/www.koupeltech.com\/index.php\/products\/"},{"@type":"ListItem","position":3,"name":"Akce Sika Aktivator-205 250ml"}]},{"@type":"WebSite","@id":"https:\/\/www.koupeltech.com\/#website","url":"https:\/\/www.koupeltech.com\/","name":"","description":"","potentialAction":[{"@type":"SearchAction","target":{"@type":"EntryPoint","urlTemplate":"https:\/\/www.koupeltech.com\/?s={search_term_string}"},"query-input":{"@type":"PropertyValueSpecification","valueRequired":true,"valueName":"search_term_string"}}],"inLanguage":"cs"}]}},"_links":{"self":[{"href":"https:\/\/www.koupeltech.com\/index.php\/wp-json\/wp\/v2\/product\/62380","targetHints":{"allow":["GET"]}}],"collection":[{"href":"https:\/\/www.koupeltech.com\/index.php\/wp-json\/wp\/v2\/product"}],"about":[{"href":"https:\/\/www.koupeltech.com\/index.php\/wp-json\/wp\/v2\/types\/product"}],"replies":[{"embeddable":true,"href":"https:\/\/www.koupeltech.com\/index.php\/wp-json\/wp\/v2\/comments?post=62380"}],"wp:featuredmedia":[{"embeddable":true,"href":"https:\/\/www.koupeltech.com\/index.php\/wp-json\/wp\/v2\/media\/62480"}],"wp:attachment":[{"href":"https:\/\/www.koupeltech.com\/index.php\/wp-json\/wp\/v2\/media?parent=62380"}],"wp:term":[{"taxonomy":"product_brand","embeddable":true,"href":"https:\/\/www.koupeltech.com\/index.php\/wp-json\/wp\/v2\/product_brand?post=62380"},{"taxonomy":"product_cat","embeddable":true,"href":"https:\/\/www.koupeltech.com\/index.php\/wp-json\/wp\/v2\/product_cat?post=62380"},{"taxonomy":"product_tag","embeddable":true,"href":"https:\/\/www.koupeltech.com\/index.php\/wp-json\/wp\/v2\/product_tag?post=62380"}],"curies":[{"name":"wp","href":"https:\/\/api.w.org\/{rel}","templated":true}]}}