{"id":62549,"date":"2026-04-27T14:05:24","date_gmt":"2026-04-27T14:05:24","guid":{"rendered":""},"modified":"2026-04-27T14:05:24","modified_gmt":"2026-04-27T14:05:24","slug":"znackovy-sikagard-6060-1l-cerna-62549","status":"publish","type":"product","link":"https:\/\/www.koupeltech.com\/index.php\/produkt\/znackovy-sikagard-6060-1l-cerna-62549\/","title":{"rendered":"Zna\u010dkov\u00fd Sikagard -6060 1L \u010dern\u00e1"},"content":{"rendered":"<table>\n<div class=\"tab-pane active product-description\" id=\"popis\" role=\"tabpanel\">\n<div class=\"short-description\" itemprop=\"description\"><\/div>\n<div class=\"description\"><span class='bullet-line'>bitumenov\u00e1 ochrana spodk\u016f karoseri\u00ed<\/span><br \/>\u27a4 POPIS<span class='bullet-line'>SikaGard -6060 je trvanliv\u00fd tixotropick\u00fd ochrann\u00fd n\u00e1st\u0159ik na b\u00e1zi bitumen\u016f s vysok\u00fdm antikorozn\u00edm ochrann\u00fdm \u00fa\u010dinkem a s velmi dobr\u00fdmi protihlukov\u00fdmi tlum\u00edc\u00edmi vlastnostmi pro o\u0161et\u0159en\u00ed zejm\u00e9na spodn\u00edch \u010d\u00e1st\u00ed a podb\u011bh\u016f karoseri\u00ed automobil\u016f.<\/span><br \/>\u27a4 P\u0158EDNOSTI PRODUKTU<span class='bullet-line'>vynikaj\u00edc\u00ed akustick\u00e9 a tlum\u00edc\u00ed vlastnosti<\/span><span class='bullet-line'>dobr\u00e1 p\u0159ilnavost na \u0161irok\u00fd rozsah podklad\u016f<\/span><span class='bullet-line'>vynikaj\u00edc\u00ed aplika\u010dn\u00ed vlastnosti (po nanesen\u00ed neskap\u00e1v\u00e1)<\/span><span class='bullet-line'>odoln\u00fd sol\u00edm<\/span><span class='bullet-line'>rychl\u00e9 schnut\u00ed<\/span><span class='bullet-line'>vysok\u00fd obsah pevn\u00fdch \u010d\u00e1stic<\/span><br \/>\u27a4 OBLAST POU\u017dIT\u00cd<span class='bullet-line'>SikaGard -6060 je st\u0159\u00edkateln\u00fd antikorozn\u00ed n\u00e1t\u011br na ochranu a opravy neviditeln\u00fdch \u010d\u00e1st\u00ed vozidel, jako jsou podb\u011bhy kol a podvozky, kter\u00e9 nepot\u0159ebuj\u00ed b\u00fdt p\u0159elakov\u00e1ny. <\/span><span class='bullet-line'>P\u0159i aplikaci produkt nevytv\u00e1\u0159\u00ed mlhovinu ani pavu\u010diny vl\u00e1ken a neskap\u00e1v\u00e1 z o\u0161et\u0159en\u00e9ho povrchu. <\/span><span class='bullet-line'>SikaGard -6060 vykazuje velmi dobr\u00e9 adhezn\u00ed vlastnosti na r\u016fzn\u00e9 laky, kovov\u00e9 podklady a PVC bez jak\u00e9koliv p\u0159e\u00fapravy.<\/span><\/div>\n<\/table>\n","protected":false},"excerpt":{"rendered":"<p>bitumenov\u00e1 ochrana spodk\u016f karoseri\u00ed\u27a4 POPISSikaGard -6060 je trvanliv\u00fd tixotropick\u00fd ochrann\u00fd n\u00e1st\u0159ik na b\u00e1zi bitumen\u016f s vysok\u00fdm antikorozn\u00edm ochrann\u00fdm \u00fa\u010dinkem a s velmi dobr\u00fdmi protihlukov\u00fdmi tlum\u00edc\u00edmi vlastnostmi pro o\u0161et\u0159en\u00ed zejm\u00e9na spodn\u00edch \u010d\u00e1st\u00ed a podb\u011bh\u016f karoseri\u00ed automobil\u016f.\u27a4 P\u0158EDNOSTI PRODUKTUvynikaj\u00edc\u00ed akustick\u00e9 a tlum\u00edc\u00ed vlastnostidobr\u00e1 p\u0159ilnavost na \u0161irok\u00fd rozsah podklad\u016fvynikaj\u00edc\u00ed aplika\u010dn\u00ed vlastnosti (po nanesen\u00ed neskap\u00e1v\u00e1)odoln\u00fd sol\u00edmrychl\u00e9 schnut\u00edvysok\u00fd obsah pevn\u00fdch [&hellip;]<\/p>\n","protected":false},"featured_media":62649,"comment_status":"open","ping_status":"open","template":"","meta":[],"product_brand":[],"product_cat":[40,42,41],"product_tag":[],"class_list":{"0":"post-62549","1":"product","2":"type-product","3":"status-publish","4":"has-post-thumbnail","6":"product_cat-barvy","7":"product_cat-chemie","8":"product_cat-laky","10":"first","11":"instock","12":"sale","13":"shipping-taxable","14":"purchasable","15":"product-type-simple"},"yoast_head":"<!-- This site is optimized with the Yoast SEO plugin v26.8 - https:\/\/yoast.com\/product\/yoast-seo-wordpress\/ -->\n<title>Zna\u010dkov\u00fd Sikagard -6060 1L \u010dern\u00e1 -<\/title>\n<meta name=\"robots\" content=\"index, follow, max-snippet:-1, max-image-preview:large, max-video-preview:-1\" \/>\n<link rel=\"canonical\" href=\"https:\/\/www.koupeltech.com\/index.php\/produkt\/znackovy-sikagard-6060-1l-cerna-62549\/\" \/>\n<meta property=\"og:locale\" content=\"cs_CZ\" \/>\n<meta property=\"og:type\" content=\"article\" \/>\n<meta property=\"og:title\" content=\"Zna\u010dkov\u00fd Sikagard -6060 1L \u010dern\u00e1 -\" \/>\n<meta property=\"og:description\" content=\"bitumenov\u00e1 ochrana spodk\u016f karoseri\u00ed\u27a4 POPISSikaGard -6060 je trvanliv\u00fd tixotropick\u00fd ochrann\u00fd n\u00e1st\u0159ik na b\u00e1zi bitumen\u016f s vysok\u00fdm antikorozn\u00edm ochrann\u00fdm \u00fa\u010dinkem a s velmi dobr\u00fdmi protihlukov\u00fdmi tlum\u00edc\u00edmi vlastnostmi pro o\u0161et\u0159en\u00ed zejm\u00e9na spodn\u00edch \u010d\u00e1st\u00ed a podb\u011bh\u016f karoseri\u00ed automobil\u016f.\u27a4 P\u0158EDNOSTI PRODUKTUvynikaj\u00edc\u00ed akustick\u00e9 a tlum\u00edc\u00ed vlastnostidobr\u00e1 p\u0159ilnavost na \u0161irok\u00fd rozsah podklad\u016fvynikaj\u00edc\u00ed aplika\u010dn\u00ed vlastnosti (po nanesen\u00ed neskap\u00e1v\u00e1)odoln\u00fd sol\u00edmrychl\u00e9 schnut\u00edvysok\u00fd obsah pevn\u00fdch [&hellip;]\" \/>\n<meta property=\"og:url\" content=\"https:\/\/www.koupeltech.com\/index.php\/produkt\/znackovy-sikagard-6060-1l-cerna-62549\/\" \/>\n<meta property=\"og:image\" content=\"https:\/\/www.koupeltech.com\/wp-content\/uploads\/2026\/SK0026762-CZ20260425-092328-0-1777080210-1249225-1_082559.webp\" \/>\n\t<meta property=\"og:image:width\" content=\"800\" \/>\n\t<meta property=\"og:image:height\" content=\"800\" \/>\n\t<meta property=\"og:image:type\" content=\"image\/webp\" \/>\n<meta name=\"twitter:card\" content=\"summary_large_image\" \/>\n<meta name=\"twitter:label1\" content=\"Odhadovan\u00e1 doba \u010dten\u00ed\" \/>\n\t<meta name=\"twitter:data1\" content=\"1 minuta\" \/>\n<script type=\"application\/ld+json\" class=\"yoast-schema-graph\">{\"@context\":\"https:\/\/schema.org\",\"@graph\":[{\"@type\":\"WebPage\",\"@id\":\"https:\/\/www.koupeltech.com\/index.php\/produkt\/znackovy-sikagard-6060-1l-cerna-62549\/\",\"url\":\"https:\/\/www.koupeltech.com\/index.php\/produkt\/znackovy-sikagard-6060-1l-cerna-62549\/\",\"name\":\"Zna\u010dkov\u00fd Sikagard -6060 1L \u010dern\u00e1 -\",\"isPartOf\":{\"@id\":\"https:\/\/www.koupeltech.com\/#website\"},\"primaryImageOfPage\":{\"@id\":\"https:\/\/www.koupeltech.com\/index.php\/produkt\/znackovy-sikagard-6060-1l-cerna-62549\/#primaryimage\"},\"image\":{\"@id\":\"https:\/\/www.koupeltech.com\/index.php\/produkt\/znackovy-sikagard-6060-1l-cerna-62549\/#primaryimage\"},\"thumbnailUrl\":\"https:\/\/www.koupeltech.com\/wp-content\/uploads\/2026\/SK0026762-CZ20260425-092328-0-1777080210-1249225-1_082559.webp\",\"datePublished\":\"2026-04-27T14:05:24+00:00\",\"breadcrumb\":{\"@id\":\"https:\/\/www.koupeltech.com\/index.php\/produkt\/znackovy-sikagard-6060-1l-cerna-62549\/#breadcrumb\"},\"inLanguage\":\"cs\",\"potentialAction\":[{\"@type\":\"ReadAction\",\"target\":[\"https:\/\/www.koupeltech.com\/index.php\/produkt\/znackovy-sikagard-6060-1l-cerna-62549\/\"]}]},{\"@type\":\"ImageObject\",\"inLanguage\":\"cs\",\"@id\":\"https:\/\/www.koupeltech.com\/index.php\/produkt\/znackovy-sikagard-6060-1l-cerna-62549\/#primaryimage\",\"url\":\"https:\/\/www.koupeltech.com\/wp-content\/uploads\/2026\/SK0026762-CZ20260425-092328-0-1777080210-1249225-1_082559.webp\",\"contentUrl\":\"https:\/\/www.koupeltech.com\/wp-content\/uploads\/2026\/SK0026762-CZ20260425-092328-0-1777080210-1249225-1_082559.webp\",\"width\":800,\"height\":800},{\"@type\":\"BreadcrumbList\",\"@id\":\"https:\/\/www.koupeltech.com\/index.php\/produkt\/znackovy-sikagard-6060-1l-cerna-62549\/#breadcrumb\",\"itemListElement\":[{\"@type\":\"ListItem\",\"position\":1,\"name\":\"Home\",\"item\":\"https:\/\/www.koupeltech.com\/\"},{\"@type\":\"ListItem\",\"position\":2,\"name\":\"Products\",\"item\":\"https:\/\/www.koupeltech.com\/index.php\/products\/\"},{\"@type\":\"ListItem\",\"position\":3,\"name\":\"Zna\u010dkov\u00fd Sikagard -6060 1L \u010dern\u00e1\"}]},{\"@type\":\"WebSite\",\"@id\":\"https:\/\/www.koupeltech.com\/#website\",\"url\":\"https:\/\/www.koupeltech.com\/\",\"name\":\"\",\"description\":\"\",\"potentialAction\":[{\"@type\":\"SearchAction\",\"target\":{\"@type\":\"EntryPoint\",\"urlTemplate\":\"https:\/\/www.koupeltech.com\/?s={search_term_string}\"},\"query-input\":{\"@type\":\"PropertyValueSpecification\",\"valueRequired\":true,\"valueName\":\"search_term_string\"}}],\"inLanguage\":\"cs\"}]}<\/script>\n<!-- \/ Yoast SEO plugin. -->","yoast_head_json":{"title":"Zna\u010dkov\u00fd Sikagard -6060 1L \u010dern\u00e1 -","robots":{"index":"index","follow":"follow","max-snippet":"max-snippet:-1","max-image-preview":"max-image-preview:large","max-video-preview":"max-video-preview:-1"},"canonical":"https:\/\/www.koupeltech.com\/index.php\/produkt\/znackovy-sikagard-6060-1l-cerna-62549\/","og_locale":"cs_CZ","og_type":"article","og_title":"Zna\u010dkov\u00fd Sikagard -6060 1L \u010dern\u00e1 -","og_description":"bitumenov\u00e1 ochrana spodk\u016f karoseri\u00ed\u27a4 POPISSikaGard -6060 je trvanliv\u00fd tixotropick\u00fd ochrann\u00fd n\u00e1st\u0159ik na b\u00e1zi bitumen\u016f s vysok\u00fdm antikorozn\u00edm ochrann\u00fdm \u00fa\u010dinkem a s velmi dobr\u00fdmi protihlukov\u00fdmi tlum\u00edc\u00edmi vlastnostmi pro o\u0161et\u0159en\u00ed zejm\u00e9na spodn\u00edch \u010d\u00e1st\u00ed a podb\u011bh\u016f karoseri\u00ed automobil\u016f.\u27a4 P\u0158EDNOSTI PRODUKTUvynikaj\u00edc\u00ed akustick\u00e9 a tlum\u00edc\u00ed vlastnostidobr\u00e1 p\u0159ilnavost na \u0161irok\u00fd rozsah podklad\u016fvynikaj\u00edc\u00ed aplika\u010dn\u00ed vlastnosti (po nanesen\u00ed neskap\u00e1v\u00e1)odoln\u00fd sol\u00edmrychl\u00e9 schnut\u00edvysok\u00fd obsah pevn\u00fdch [&hellip;]","og_url":"https:\/\/www.koupeltech.com\/index.php\/produkt\/znackovy-sikagard-6060-1l-cerna-62549\/","og_image":[{"width":800,"height":800,"url":"https:\/\/www.koupeltech.com\/wp-content\/uploads\/2026\/SK0026762-CZ20260425-092328-0-1777080210-1249225-1_082559.webp","type":"image\/webp"}],"twitter_card":"summary_large_image","twitter_misc":{"Odhadovan\u00e1 doba \u010dten\u00ed":"1 minuta"},"schema":{"@context":"https:\/\/schema.org","@graph":[{"@type":"WebPage","@id":"https:\/\/www.koupeltech.com\/index.php\/produkt\/znackovy-sikagard-6060-1l-cerna-62549\/","url":"https:\/\/www.koupeltech.com\/index.php\/produkt\/znackovy-sikagard-6060-1l-cerna-62549\/","name":"Zna\u010dkov\u00fd Sikagard -6060 1L \u010dern\u00e1 -","isPartOf":{"@id":"https:\/\/www.koupeltech.com\/#website"},"primaryImageOfPage":{"@id":"https:\/\/www.koupeltech.com\/index.php\/produkt\/znackovy-sikagard-6060-1l-cerna-62549\/#primaryimage"},"image":{"@id":"https:\/\/www.koupeltech.com\/index.php\/produkt\/znackovy-sikagard-6060-1l-cerna-62549\/#primaryimage"},"thumbnailUrl":"https:\/\/www.koupeltech.com\/wp-content\/uploads\/2026\/SK0026762-CZ20260425-092328-0-1777080210-1249225-1_082559.webp","datePublished":"2026-04-27T14:05:24+00:00","breadcrumb":{"@id":"https:\/\/www.koupeltech.com\/index.php\/produkt\/znackovy-sikagard-6060-1l-cerna-62549\/#breadcrumb"},"inLanguage":"cs","potentialAction":[{"@type":"ReadAction","target":["https:\/\/www.koupeltech.com\/index.php\/produkt\/znackovy-sikagard-6060-1l-cerna-62549\/"]}]},{"@type":"ImageObject","inLanguage":"cs","@id":"https:\/\/www.koupeltech.com\/index.php\/produkt\/znackovy-sikagard-6060-1l-cerna-62549\/#primaryimage","url":"https:\/\/www.koupeltech.com\/wp-content\/uploads\/2026\/SK0026762-CZ20260425-092328-0-1777080210-1249225-1_082559.webp","contentUrl":"https:\/\/www.koupeltech.com\/wp-content\/uploads\/2026\/SK0026762-CZ20260425-092328-0-1777080210-1249225-1_082559.webp","width":800,"height":800},{"@type":"BreadcrumbList","@id":"https:\/\/www.koupeltech.com\/index.php\/produkt\/znackovy-sikagard-6060-1l-cerna-62549\/#breadcrumb","itemListElement":[{"@type":"ListItem","position":1,"name":"Home","item":"https:\/\/www.koupeltech.com\/"},{"@type":"ListItem","position":2,"name":"Products","item":"https:\/\/www.koupeltech.com\/index.php\/products\/"},{"@type":"ListItem","position":3,"name":"Zna\u010dkov\u00fd Sikagard -6060 1L \u010dern\u00e1"}]},{"@type":"WebSite","@id":"https:\/\/www.koupeltech.com\/#website","url":"https:\/\/www.koupeltech.com\/","name":"","description":"","potentialAction":[{"@type":"SearchAction","target":{"@type":"EntryPoint","urlTemplate":"https:\/\/www.koupeltech.com\/?s={search_term_string}"},"query-input":{"@type":"PropertyValueSpecification","valueRequired":true,"valueName":"search_term_string"}}],"inLanguage":"cs"}]}},"_links":{"self":[{"href":"https:\/\/www.koupeltech.com\/index.php\/wp-json\/wp\/v2\/product\/62549","targetHints":{"allow":["GET"]}}],"collection":[{"href":"https:\/\/www.koupeltech.com\/index.php\/wp-json\/wp\/v2\/product"}],"about":[{"href":"https:\/\/www.koupeltech.com\/index.php\/wp-json\/wp\/v2\/types\/product"}],"replies":[{"embeddable":true,"href":"https:\/\/www.koupeltech.com\/index.php\/wp-json\/wp\/v2\/comments?post=62549"}],"wp:featuredmedia":[{"embeddable":true,"href":"https:\/\/www.koupeltech.com\/index.php\/wp-json\/wp\/v2\/media\/62649"}],"wp:attachment":[{"href":"https:\/\/www.koupeltech.com\/index.php\/wp-json\/wp\/v2\/media?parent=62549"}],"wp:term":[{"taxonomy":"product_brand","embeddable":true,"href":"https:\/\/www.koupeltech.com\/index.php\/wp-json\/wp\/v2\/product_brand?post=62549"},{"taxonomy":"product_cat","embeddable":true,"href":"https:\/\/www.koupeltech.com\/index.php\/wp-json\/wp\/v2\/product_cat?post=62549"},{"taxonomy":"product_tag","embeddable":true,"href":"https:\/\/www.koupeltech.com\/index.php\/wp-json\/wp\/v2\/product_tag?post=62549"}],"curies":[{"name":"wp","href":"https:\/\/api.w.org\/{rel}","templated":true}]}}