{"id":62581,"date":"2026-04-27T14:05:24","date_gmt":"2026-04-27T14:05:24","guid":{"rendered":""},"modified":"2026-04-27T14:05:24","modified_gmt":"2026-04-27T14:05:24","slug":"zlevneny-sikaflex-11fc-purform-brown-300ml-62581","status":"publish","type":"product","link":"https:\/\/www.koupeltech.com\/index.php\/produkt\/zlevneny-sikaflex-11fc-purform-brown-300ml-62581\/","title":{"rendered":"Zlevn\u011bn\u00fd Sikaflex-11FC Purform brown 300ml"},"content":{"rendered":"<table>\n<div class=\"tab-pane active product-description\" id=\"popis\" role=\"tabpanel\">\n<div class=\"short-description\" itemprop=\"description\"><\/div>\n<div class=\"description\">\n<p><span class=\"bullet-line\">1-komponentn\u00ed PU flexibiln\u00ed lepidlo a tmel<\/span><br \/><span class=\"bullet-line\">Sikaflex 11 FC Purform je inovovan\u00fd Sikaflex 11 FC+ spl\u0148uj\u00edc\u00ed nov\u00fd limit REACH obsahu diisokyan\u00e1t\u016f do 0,1% hmotnosti bez pot\u0159eby \u0161kolen\u00ed.&nbsp;<\/span><br \/><span class=\"bullet-line\">Pou\u017e\u00edv\u00e1 se pro vnit\u0159n\u00ed a vn\u011bj\u0161\u00ed v\u00edce\u00fa\u010delov\u00e9 lepen\u00ed a t\u011bsn\u011bn\u00ed sp\u00e1r.<\/span><br \/><span class=\"bullet-line\">M\u00e1 vynikaj\u00edc\u00ed trvanlivou p\u0159ilnavost k v\u011bt\u0161in\u011b stavebn\u00edch materi\u00e1l\u016f je dlouhodob\u011b odoln\u00fd.<\/span><br \/><span class=\"bullet-line\">Sikaflex -11 FC Purform je 1-komponentn\u00ed flexibiln\u00ed lepidlo a tmel vytvrzuj\u00edc\u00ed vlhkost\u00ed.&nbsp;<\/span><br \/><span class=\"bullet-line\">Pou\u017e\u00edv\u00e1 se pro vnit\u0159n\u00ed a vn\u011bj\u0161\u00ed v\u00edce\u00fa\u010delov\u00e9 lepen\u00ed a t\u011bsn\u011bn\u00ed sp\u00e1r.&nbsp;<\/span><br \/><span class=\"bullet-line\">M\u00e1 vynikaj\u00edc\u00ed trvanlivou p\u0159ilnavost k v\u011bt\u0161in\u011b stavebn\u00edch materi\u00e1l\u016f je dlouhodob\u011b odoln\u00fd.<\/span><\/p>\n<p>\u27a4 POU\u017dIT\u00cd<span class=\"bullet-line\">Lepidlo k lepen\u00ed konstruk\u010dn\u00edch prvk\u016f a stavebn\u00edch materi\u00e1l\u016f, jako jsou:<\/span><br \/>&#8211; Beton<br \/>&#8211; Zdivo<br \/>&#8211; Rekonstruovan\u00fd nebo lit\u00fd k\u00e1men<br \/>&#8211; Keramika<br \/>&#8211; D\u0159evo<br \/>&#8211; Kov<br \/>&#8211; Sklo<br \/>&#8211; Tmel k ut\u011bsn\u011bn\u00ed svisl\u00fdch a vodorovn\u00fdch sp\u00e1r.<\/p>\n<p>\u27a4 VLASTNOSTI \/ V\u00ddHODY<span class=\"bullet-line\">Kapacita pohybu \u00b1 25%<\/span><br \/><span class=\"bullet-line\">Snadno se aplikuje a nest\u00e9k\u00e1<\/span><br \/><span class=\"bullet-line\">Lep\u00ed dob\u0159e na v\u011bt\u0161inu stavebn\u00edch materi\u00e1l\u016f<\/span><br \/><span class=\"bullet-line\">Dobr\u00e1 mechanick\u00e1 odolnost a odolnost proti pov\u011btrnostn\u00edm vliv\u016fm<\/span><br \/><span class=\"bullet-line\">Velmi n\u00edzk\u00fd obsah monomeru<\/span><br \/><span class=\"bullet-line\">Nen\u00ed pot\u0159eba \u0161kolen\u00ed o bezpe\u010dn\u00e9m pou\u017e\u00edv\u00e1n\u00ed diisokyan\u00e1t\u016f (REACH)<\/span><br \/><span class=\"bullet-line\">Lepic\u00ed tmel s ozna\u010den\u00edm CE<\/span><\/p>\n<p>\u27a4 UDR\u017dITELN\u00dd ROZVOJ<span class=\"bullet-line\">Spl\u0148uje po\u017eadavky LEED v4 EQc 2: Low-Emitting Materials<\/span><br \/><span class=\"bullet-line\">VOC emise &#8211; klasifikace GEV-Emicode EC1PLUS<\/span><br \/><span class=\"bullet-line\">VOC emise &#8211; t\u0159\u00edda A+ podle francouzsk\u00e9 metodiky<\/span><\/p>\n<p>\u27a4 SCHV\u00c1LEN\u00cd \/ STANDARDY<span class=\"bullet-line\">Prohl\u00e1\u0161en\u00ed o vlastnostech podle EN 15651-1 &#8211; Tmel pro nekonstruk\u010dn\u00ed sp\u00e1ry v budov\u00e1ch, komunikac\u00edch a fas\u00e1d\u00e1ch, tmely pro fas\u00e1dn\u00ed prvky. T\u0159\u00edda F EXT-INT CC 25HM, CE zna\u010den\u00ed.<\/span><br \/><span class=\"bullet-line\">Prohl\u00e1\u0161en\u00ed o vlastnostech podle EN 15651-3 &#8211; Tmel pro nekonstruk\u010dn\u00ed sp\u00e1ry v budov\u00e1ch a komunikac\u00edch pro chodce, tmely pro sanit\u00e1rn\u00ed spoje, klasifikace XS 3, CE zna\u010den\u00ed.<\/span><br \/><span class=\"bullet-line\">Prohl\u00e1\u0161en\u00ed o vlastnostech podle EN 15651-4 &#8211; Tmel pro nekonstruk\u010dn\u00ed sp\u00e1ry v budov\u00e1ch a komunikac\u00edch pro chodce, tmely pro komunikace pro chodce. T\u0159\u00edda PW EXT-INT CC 25 HM, CE zna\u010den\u00ed.&nbsp;<\/span><br \/><span class=\"bullet-line\">Migra\u010dn\u00ed chov\u00e1n\u00ed podle EN 1186, EN 13130, CEN\/TS 14234, Sikaflex -11 FC Purform, ISEGA, Certifik\u00e1t \u010d. 54312 U 2<\/span><\/p>\n<\/div>\n<\/table>\n","protected":false},"excerpt":{"rendered":"<p>1-komponentn\u00ed PU flexibiln\u00ed lepidlo a tmelSikaflex 11 FC Purform je inovovan\u00fd Sikaflex 11 FC+ spl\u0148uj\u00edc\u00ed nov\u00fd limit REACH obsahu diisokyan\u00e1t\u016f do 0,1% hmotnosti bez pot\u0159eby \u0161kolen\u00ed.&nbsp;Pou\u017e\u00edv\u00e1 se pro vnit\u0159n\u00ed a vn\u011bj\u0161\u00ed v\u00edce\u00fa\u010delov\u00e9 lepen\u00ed a t\u011bsn\u011bn\u00ed sp\u00e1r.M\u00e1 vynikaj\u00edc\u00ed trvanlivou p\u0159ilnavost k v\u011bt\u0161in\u011b stavebn\u00edch materi\u00e1l\u016f je dlouhodob\u011b odoln\u00fd.Sikaflex -11 FC Purform je 1-komponentn\u00ed flexibiln\u00ed lepidlo a tmel [&hellip;]<\/p>\n","protected":false},"featured_media":62681,"comment_status":"open","ping_status":"open","template":"","meta":[],"product_brand":[],"product_cat":[40,42,41],"product_tag":[],"class_list":{"0":"post-62581","1":"product","2":"type-product","3":"status-publish","4":"has-post-thumbnail","6":"product_cat-barvy","7":"product_cat-chemie","8":"product_cat-laky","10":"first","11":"instock","12":"sale","13":"shipping-taxable","14":"purchasable","15":"product-type-simple"},"yoast_head":"<!-- This site is optimized with the Yoast SEO plugin v26.8 - https:\/\/yoast.com\/product\/yoast-seo-wordpress\/ -->\n<title>Zlevn\u011bn\u00fd Sikaflex-11FC Purform brown 300ml -<\/title>\n<meta name=\"robots\" content=\"index, follow, max-snippet:-1, max-image-preview:large, max-video-preview:-1\" \/>\n<link rel=\"canonical\" href=\"https:\/\/www.koupeltech.com\/index.php\/produkt\/zlevneny-sikaflex-11fc-purform-brown-300ml-62581\/\" \/>\n<meta property=\"og:locale\" content=\"cs_CZ\" \/>\n<meta property=\"og:type\" content=\"article\" \/>\n<meta property=\"og:title\" content=\"Zlevn\u011bn\u00fd Sikaflex-11FC Purform brown 300ml -\" \/>\n<meta property=\"og:description\" content=\"1-komponentn\u00ed PU flexibiln\u00ed lepidlo a tmelSikaflex 11 FC Purform je inovovan\u00fd Sikaflex 11 FC+ spl\u0148uj\u00edc\u00ed nov\u00fd limit REACH obsahu diisokyan\u00e1t\u016f do 0,1% hmotnosti bez pot\u0159eby \u0161kolen\u00ed.&nbsp;Pou\u017e\u00edv\u00e1 se pro vnit\u0159n\u00ed a vn\u011bj\u0161\u00ed v\u00edce\u00fa\u010delov\u00e9 lepen\u00ed a t\u011bsn\u011bn\u00ed sp\u00e1r.M\u00e1 vynikaj\u00edc\u00ed trvanlivou p\u0159ilnavost k v\u011bt\u0161in\u011b stavebn\u00edch materi\u00e1l\u016f je dlouhodob\u011b odoln\u00fd.Sikaflex -11 FC Purform je 1-komponentn\u00ed flexibiln\u00ed lepidlo a tmel [&hellip;]\" \/>\n<meta property=\"og:url\" content=\"https:\/\/www.koupeltech.com\/index.php\/produkt\/zlevneny-sikaflex-11fc-purform-brown-300ml-62581\/\" \/>\n<meta property=\"og:image\" content=\"https:\/\/www.koupeltech.com\/wp-content\/uploads\/2026\/SK0026803-CZ20260425-092328-0-1777080210-1249308-1_083859.webp\" \/>\n\t<meta property=\"og:image:width\" content=\"214\" \/>\n\t<meta property=\"og:image:height\" content=\"768\" \/>\n\t<meta property=\"og:image:type\" content=\"image\/webp\" \/>\n<meta name=\"twitter:card\" content=\"summary_large_image\" \/>\n<meta name=\"twitter:label1\" content=\"Odhadovan\u00e1 doba \u010dten\u00ed\" \/>\n\t<meta name=\"twitter:data1\" content=\"2 minuty\" \/>\n<script type=\"application\/ld+json\" class=\"yoast-schema-graph\">{\"@context\":\"https:\/\/schema.org\",\"@graph\":[{\"@type\":\"WebPage\",\"@id\":\"https:\/\/www.koupeltech.com\/index.php\/produkt\/zlevneny-sikaflex-11fc-purform-brown-300ml-62581\/\",\"url\":\"https:\/\/www.koupeltech.com\/index.php\/produkt\/zlevneny-sikaflex-11fc-purform-brown-300ml-62581\/\",\"name\":\"Zlevn\u011bn\u00fd Sikaflex-11FC Purform brown 300ml -\",\"isPartOf\":{\"@id\":\"https:\/\/www.koupeltech.com\/#website\"},\"primaryImageOfPage\":{\"@id\":\"https:\/\/www.koupeltech.com\/index.php\/produkt\/zlevneny-sikaflex-11fc-purform-brown-300ml-62581\/#primaryimage\"},\"image\":{\"@id\":\"https:\/\/www.koupeltech.com\/index.php\/produkt\/zlevneny-sikaflex-11fc-purform-brown-300ml-62581\/#primaryimage\"},\"thumbnailUrl\":\"https:\/\/www.koupeltech.com\/wp-content\/uploads\/2026\/SK0026803-CZ20260425-092328-0-1777080210-1249308-1_083859.webp\",\"datePublished\":\"2026-04-27T14:05:24+00:00\",\"breadcrumb\":{\"@id\":\"https:\/\/www.koupeltech.com\/index.php\/produkt\/zlevneny-sikaflex-11fc-purform-brown-300ml-62581\/#breadcrumb\"},\"inLanguage\":\"cs\",\"potentialAction\":[{\"@type\":\"ReadAction\",\"target\":[\"https:\/\/www.koupeltech.com\/index.php\/produkt\/zlevneny-sikaflex-11fc-purform-brown-300ml-62581\/\"]}]},{\"@type\":\"ImageObject\",\"inLanguage\":\"cs\",\"@id\":\"https:\/\/www.koupeltech.com\/index.php\/produkt\/zlevneny-sikaflex-11fc-purform-brown-300ml-62581\/#primaryimage\",\"url\":\"https:\/\/www.koupeltech.com\/wp-content\/uploads\/2026\/SK0026803-CZ20260425-092328-0-1777080210-1249308-1_083859.webp\",\"contentUrl\":\"https:\/\/www.koupeltech.com\/wp-content\/uploads\/2026\/SK0026803-CZ20260425-092328-0-1777080210-1249308-1_083859.webp\",\"width\":214,\"height\":768},{\"@type\":\"BreadcrumbList\",\"@id\":\"https:\/\/www.koupeltech.com\/index.php\/produkt\/zlevneny-sikaflex-11fc-purform-brown-300ml-62581\/#breadcrumb\",\"itemListElement\":[{\"@type\":\"ListItem\",\"position\":1,\"name\":\"Home\",\"item\":\"https:\/\/www.koupeltech.com\/\"},{\"@type\":\"ListItem\",\"position\":2,\"name\":\"Products\",\"item\":\"https:\/\/www.koupeltech.com\/index.php\/products\/\"},{\"@type\":\"ListItem\",\"position\":3,\"name\":\"Zlevn\u011bn\u00fd Sikaflex-11FC Purform brown 300ml\"}]},{\"@type\":\"WebSite\",\"@id\":\"https:\/\/www.koupeltech.com\/#website\",\"url\":\"https:\/\/www.koupeltech.com\/\",\"name\":\"\",\"description\":\"\",\"potentialAction\":[{\"@type\":\"SearchAction\",\"target\":{\"@type\":\"EntryPoint\",\"urlTemplate\":\"https:\/\/www.koupeltech.com\/?s={search_term_string}\"},\"query-input\":{\"@type\":\"PropertyValueSpecification\",\"valueRequired\":true,\"valueName\":\"search_term_string\"}}],\"inLanguage\":\"cs\"}]}<\/script>\n<!-- \/ Yoast SEO plugin. -->","yoast_head_json":{"title":"Zlevn\u011bn\u00fd Sikaflex-11FC Purform brown 300ml -","robots":{"index":"index","follow":"follow","max-snippet":"max-snippet:-1","max-image-preview":"max-image-preview:large","max-video-preview":"max-video-preview:-1"},"canonical":"https:\/\/www.koupeltech.com\/index.php\/produkt\/zlevneny-sikaflex-11fc-purform-brown-300ml-62581\/","og_locale":"cs_CZ","og_type":"article","og_title":"Zlevn\u011bn\u00fd Sikaflex-11FC Purform brown 300ml -","og_description":"1-komponentn\u00ed PU flexibiln\u00ed lepidlo a tmelSikaflex 11 FC Purform je inovovan\u00fd Sikaflex 11 FC+ spl\u0148uj\u00edc\u00ed nov\u00fd limit REACH obsahu diisokyan\u00e1t\u016f do 0,1% hmotnosti bez pot\u0159eby \u0161kolen\u00ed.&nbsp;Pou\u017e\u00edv\u00e1 se pro vnit\u0159n\u00ed a vn\u011bj\u0161\u00ed v\u00edce\u00fa\u010delov\u00e9 lepen\u00ed a t\u011bsn\u011bn\u00ed sp\u00e1r.M\u00e1 vynikaj\u00edc\u00ed trvanlivou p\u0159ilnavost k v\u011bt\u0161in\u011b stavebn\u00edch materi\u00e1l\u016f je dlouhodob\u011b odoln\u00fd.Sikaflex -11 FC Purform je 1-komponentn\u00ed flexibiln\u00ed lepidlo a tmel [&hellip;]","og_url":"https:\/\/www.koupeltech.com\/index.php\/produkt\/zlevneny-sikaflex-11fc-purform-brown-300ml-62581\/","og_image":[{"width":214,"height":768,"url":"https:\/\/www.koupeltech.com\/wp-content\/uploads\/2026\/SK0026803-CZ20260425-092328-0-1777080210-1249308-1_083859.webp","type":"image\/webp"}],"twitter_card":"summary_large_image","twitter_misc":{"Odhadovan\u00e1 doba \u010dten\u00ed":"2 minuty"},"schema":{"@context":"https:\/\/schema.org","@graph":[{"@type":"WebPage","@id":"https:\/\/www.koupeltech.com\/index.php\/produkt\/zlevneny-sikaflex-11fc-purform-brown-300ml-62581\/","url":"https:\/\/www.koupeltech.com\/index.php\/produkt\/zlevneny-sikaflex-11fc-purform-brown-300ml-62581\/","name":"Zlevn\u011bn\u00fd Sikaflex-11FC Purform brown 300ml -","isPartOf":{"@id":"https:\/\/www.koupeltech.com\/#website"},"primaryImageOfPage":{"@id":"https:\/\/www.koupeltech.com\/index.php\/produkt\/zlevneny-sikaflex-11fc-purform-brown-300ml-62581\/#primaryimage"},"image":{"@id":"https:\/\/www.koupeltech.com\/index.php\/produkt\/zlevneny-sikaflex-11fc-purform-brown-300ml-62581\/#primaryimage"},"thumbnailUrl":"https:\/\/www.koupeltech.com\/wp-content\/uploads\/2026\/SK0026803-CZ20260425-092328-0-1777080210-1249308-1_083859.webp","datePublished":"2026-04-27T14:05:24+00:00","breadcrumb":{"@id":"https:\/\/www.koupeltech.com\/index.php\/produkt\/zlevneny-sikaflex-11fc-purform-brown-300ml-62581\/#breadcrumb"},"inLanguage":"cs","potentialAction":[{"@type":"ReadAction","target":["https:\/\/www.koupeltech.com\/index.php\/produkt\/zlevneny-sikaflex-11fc-purform-brown-300ml-62581\/"]}]},{"@type":"ImageObject","inLanguage":"cs","@id":"https:\/\/www.koupeltech.com\/index.php\/produkt\/zlevneny-sikaflex-11fc-purform-brown-300ml-62581\/#primaryimage","url":"https:\/\/www.koupeltech.com\/wp-content\/uploads\/2026\/SK0026803-CZ20260425-092328-0-1777080210-1249308-1_083859.webp","contentUrl":"https:\/\/www.koupeltech.com\/wp-content\/uploads\/2026\/SK0026803-CZ20260425-092328-0-1777080210-1249308-1_083859.webp","width":214,"height":768},{"@type":"BreadcrumbList","@id":"https:\/\/www.koupeltech.com\/index.php\/produkt\/zlevneny-sikaflex-11fc-purform-brown-300ml-62581\/#breadcrumb","itemListElement":[{"@type":"ListItem","position":1,"name":"Home","item":"https:\/\/www.koupeltech.com\/"},{"@type":"ListItem","position":2,"name":"Products","item":"https:\/\/www.koupeltech.com\/index.php\/products\/"},{"@type":"ListItem","position":3,"name":"Zlevn\u011bn\u00fd Sikaflex-11FC Purform brown 300ml"}]},{"@type":"WebSite","@id":"https:\/\/www.koupeltech.com\/#website","url":"https:\/\/www.koupeltech.com\/","name":"","description":"","potentialAction":[{"@type":"SearchAction","target":{"@type":"EntryPoint","urlTemplate":"https:\/\/www.koupeltech.com\/?s={search_term_string}"},"query-input":{"@type":"PropertyValueSpecification","valueRequired":true,"valueName":"search_term_string"}}],"inLanguage":"cs"}]}},"_links":{"self":[{"href":"https:\/\/www.koupeltech.com\/index.php\/wp-json\/wp\/v2\/product\/62581","targetHints":{"allow":["GET"]}}],"collection":[{"href":"https:\/\/www.koupeltech.com\/index.php\/wp-json\/wp\/v2\/product"}],"about":[{"href":"https:\/\/www.koupeltech.com\/index.php\/wp-json\/wp\/v2\/types\/product"}],"replies":[{"embeddable":true,"href":"https:\/\/www.koupeltech.com\/index.php\/wp-json\/wp\/v2\/comments?post=62581"}],"wp:featuredmedia":[{"embeddable":true,"href":"https:\/\/www.koupeltech.com\/index.php\/wp-json\/wp\/v2\/media\/62681"}],"wp:attachment":[{"href":"https:\/\/www.koupeltech.com\/index.php\/wp-json\/wp\/v2\/media?parent=62581"}],"wp:term":[{"taxonomy":"product_brand","embeddable":true,"href":"https:\/\/www.koupeltech.com\/index.php\/wp-json\/wp\/v2\/product_brand?post=62581"},{"taxonomy":"product_cat","embeddable":true,"href":"https:\/\/www.koupeltech.com\/index.php\/wp-json\/wp\/v2\/product_cat?post=62581"},{"taxonomy":"product_tag","embeddable":true,"href":"https:\/\/www.koupeltech.com\/index.php\/wp-json\/wp\/v2\/product_tag?post=62581"}],"curies":[{"name":"wp","href":"https:\/\/api.w.org\/{rel}","templated":true}]}}