{"id":62763,"date":"2026-04-27T14:05:25","date_gmt":"2026-04-27T14:05:25","guid":{"rendered":""},"modified":"2026-04-27T14:05:25","modified_gmt":"2026-04-27T14:05:25","slug":"akce-makita-195548-6-adapter-22-38mm-vc2510-vc3210l-62763","status":"publish","type":"product","link":"https:\/\/www.koupeltech.com\/index.php\/produkt\/akce-makita-195548-6-adapter-22-38mm-vc2510-vc3210l-62763\/","title":{"rendered":"Akce Makita 195548-6 adapt\u00e9r 22-38mm VC2510\/VC3210L"},"content":{"rendered":"<table>\n<div class=\"tab-pane active product-description\" id=\"popis\" role=\"tabpanel\">\n<div class=\"short-description\" itemprop=\"description\"><\/div>\n<div class=\"description\"><span class='bullet-line'>MAKITA 195548-6 gumov\u00fd ods\u00e1vac\u00ed adapt\u00e9r 22-38 pro napojen\u00ed na vysava\u010d<\/span><br \/>\u27a4 Vhodn\u00fd pro excentrick\u00e9 brusky:<br \/>BO5020<br \/>BO5021<br \/>BO5030<br \/>BO5031<br \/>BO5041<br \/>BO6030<br \/>BO6040<br \/>BO6050<br \/>BBO180<br \/>DBO180<\/div>\n<\/table>\n","protected":false},"excerpt":{"rendered":"<p>MAKITA 195548-6 gumov\u00fd ods\u00e1vac\u00ed adapt\u00e9r 22-38 pro napojen\u00ed na vysava\u010d\u27a4 Vhodn\u00fd pro excentrick\u00e9 brusky:BO5020BO5021BO5030BO5031BO5041BO6030BO6040BO6050BBO180DBO180<\/p>\n","protected":false},"featured_media":62863,"comment_status":"open","ping_status":"open","template":"","meta":[],"product_brand":[],"product_cat":[43],"product_tag":[],"class_list":{"0":"post-62763","1":"product","2":"type-product","3":"status-publish","4":"has-post-thumbnail","6":"product_cat-naradi","8":"first","9":"instock","10":"sale","11":"shipping-taxable","12":"purchasable","13":"product-type-simple"},"yoast_head":"<!-- This site is optimized with the Yoast SEO plugin v26.8 - https:\/\/yoast.com\/product\/yoast-seo-wordpress\/ -->\n<title>Akce Makita 195548-6 adapt\u00e9r 22-38mm VC2510\/VC3210L -<\/title>\n<meta name=\"robots\" content=\"index, follow, max-snippet:-1, max-image-preview:large, max-video-preview:-1\" \/>\n<link rel=\"canonical\" href=\"https:\/\/www.koupeltech.com\/index.php\/produkt\/akce-makita-195548-6-adapter-22-38mm-vc2510-vc3210l-62763\/\" \/>\n<meta property=\"og:locale\" content=\"cs_CZ\" \/>\n<meta property=\"og:type\" content=\"article\" \/>\n<meta property=\"og:title\" content=\"Akce Makita 195548-6 adapt\u00e9r 22-38mm VC2510\/VC3210L -\" \/>\n<meta property=\"og:description\" content=\"MAKITA 195548-6 gumov\u00fd ods\u00e1vac\u00ed adapt\u00e9r 22-38 pro napojen\u00ed na vysava\u010d\u27a4 Vhodn\u00fd pro excentrick\u00e9 brusky:BO5020BO5021BO5030BO5031BO5041BO6030BO6040BO6050BBO180DBO180\" \/>\n<meta property=\"og:url\" content=\"https:\/\/www.koupeltech.com\/index.php\/produkt\/akce-makita-195548-6-adapter-22-38mm-vc2510-vc3210l-62763\/\" \/>\n<meta property=\"og:image\" content=\"https:\/\/www.koupeltech.com\/wp-content\/uploads\/2026\/SK0026885-CZ20260425-092328-0-1777080210-1249453-1_150002.webp\" \/>\n\t<meta property=\"og:image:width\" content=\"500\" \/>\n\t<meta property=\"og:image:height\" content=\"227\" \/>\n\t<meta property=\"og:image:type\" content=\"image\/webp\" \/>\n<meta name=\"twitter:card\" content=\"summary_large_image\" \/>\n<script type=\"application\/ld+json\" class=\"yoast-schema-graph\">{\"@context\":\"https:\/\/schema.org\",\"@graph\":[{\"@type\":\"WebPage\",\"@id\":\"https:\/\/www.koupeltech.com\/index.php\/produkt\/akce-makita-195548-6-adapter-22-38mm-vc2510-vc3210l-62763\/\",\"url\":\"https:\/\/www.koupeltech.com\/index.php\/produkt\/akce-makita-195548-6-adapter-22-38mm-vc2510-vc3210l-62763\/\",\"name\":\"Akce Makita 195548-6 adapt\u00e9r 22-38mm VC2510\/VC3210L -\",\"isPartOf\":{\"@id\":\"https:\/\/www.koupeltech.com\/#website\"},\"primaryImageOfPage\":{\"@id\":\"https:\/\/www.koupeltech.com\/index.php\/produkt\/akce-makita-195548-6-adapter-22-38mm-vc2510-vc3210l-62763\/#primaryimage\"},\"image\":{\"@id\":\"https:\/\/www.koupeltech.com\/index.php\/produkt\/akce-makita-195548-6-adapter-22-38mm-vc2510-vc3210l-62763\/#primaryimage\"},\"thumbnailUrl\":\"https:\/\/www.koupeltech.com\/wp-content\/uploads\/2026\/SK0026885-CZ20260425-092328-0-1777080210-1249453-1_150002.webp\",\"datePublished\":\"2026-04-27T14:05:25+00:00\",\"breadcrumb\":{\"@id\":\"https:\/\/www.koupeltech.com\/index.php\/produkt\/akce-makita-195548-6-adapter-22-38mm-vc2510-vc3210l-62763\/#breadcrumb\"},\"inLanguage\":\"cs\",\"potentialAction\":[{\"@type\":\"ReadAction\",\"target\":[\"https:\/\/www.koupeltech.com\/index.php\/produkt\/akce-makita-195548-6-adapter-22-38mm-vc2510-vc3210l-62763\/\"]}]},{\"@type\":\"ImageObject\",\"inLanguage\":\"cs\",\"@id\":\"https:\/\/www.koupeltech.com\/index.php\/produkt\/akce-makita-195548-6-adapter-22-38mm-vc2510-vc3210l-62763\/#primaryimage\",\"url\":\"https:\/\/www.koupeltech.com\/wp-content\/uploads\/2026\/SK0026885-CZ20260425-092328-0-1777080210-1249453-1_150002.webp\",\"contentUrl\":\"https:\/\/www.koupeltech.com\/wp-content\/uploads\/2026\/SK0026885-CZ20260425-092328-0-1777080210-1249453-1_150002.webp\",\"width\":500,\"height\":227},{\"@type\":\"BreadcrumbList\",\"@id\":\"https:\/\/www.koupeltech.com\/index.php\/produkt\/akce-makita-195548-6-adapter-22-38mm-vc2510-vc3210l-62763\/#breadcrumb\",\"itemListElement\":[{\"@type\":\"ListItem\",\"position\":1,\"name\":\"Home\",\"item\":\"https:\/\/www.koupeltech.com\/\"},{\"@type\":\"ListItem\",\"position\":2,\"name\":\"Products\",\"item\":\"https:\/\/www.koupeltech.com\/index.php\/products\/\"},{\"@type\":\"ListItem\",\"position\":3,\"name\":\"Akce Makita 195548-6 adapt\u00e9r 22-38mm VC2510\/VC3210L\"}]},{\"@type\":\"WebSite\",\"@id\":\"https:\/\/www.koupeltech.com\/#website\",\"url\":\"https:\/\/www.koupeltech.com\/\",\"name\":\"\",\"description\":\"\",\"potentialAction\":[{\"@type\":\"SearchAction\",\"target\":{\"@type\":\"EntryPoint\",\"urlTemplate\":\"https:\/\/www.koupeltech.com\/?s={search_term_string}\"},\"query-input\":{\"@type\":\"PropertyValueSpecification\",\"valueRequired\":true,\"valueName\":\"search_term_string\"}}],\"inLanguage\":\"cs\"}]}<\/script>\n<!-- \/ Yoast SEO plugin. -->","yoast_head_json":{"title":"Akce Makita 195548-6 adapt\u00e9r 22-38mm VC2510\/VC3210L -","robots":{"index":"index","follow":"follow","max-snippet":"max-snippet:-1","max-image-preview":"max-image-preview:large","max-video-preview":"max-video-preview:-1"},"canonical":"https:\/\/www.koupeltech.com\/index.php\/produkt\/akce-makita-195548-6-adapter-22-38mm-vc2510-vc3210l-62763\/","og_locale":"cs_CZ","og_type":"article","og_title":"Akce Makita 195548-6 adapt\u00e9r 22-38mm VC2510\/VC3210L -","og_description":"MAKITA 195548-6 gumov\u00fd ods\u00e1vac\u00ed adapt\u00e9r 22-38 pro napojen\u00ed na vysava\u010d\u27a4 Vhodn\u00fd pro excentrick\u00e9 brusky:BO5020BO5021BO5030BO5031BO5041BO6030BO6040BO6050BBO180DBO180","og_url":"https:\/\/www.koupeltech.com\/index.php\/produkt\/akce-makita-195548-6-adapter-22-38mm-vc2510-vc3210l-62763\/","og_image":[{"width":500,"height":227,"url":"https:\/\/www.koupeltech.com\/wp-content\/uploads\/2026\/SK0026885-CZ20260425-092328-0-1777080210-1249453-1_150002.webp","type":"image\/webp"}],"twitter_card":"summary_large_image","schema":{"@context":"https:\/\/schema.org","@graph":[{"@type":"WebPage","@id":"https:\/\/www.koupeltech.com\/index.php\/produkt\/akce-makita-195548-6-adapter-22-38mm-vc2510-vc3210l-62763\/","url":"https:\/\/www.koupeltech.com\/index.php\/produkt\/akce-makita-195548-6-adapter-22-38mm-vc2510-vc3210l-62763\/","name":"Akce Makita 195548-6 adapt\u00e9r 22-38mm VC2510\/VC3210L -","isPartOf":{"@id":"https:\/\/www.koupeltech.com\/#website"},"primaryImageOfPage":{"@id":"https:\/\/www.koupeltech.com\/index.php\/produkt\/akce-makita-195548-6-adapter-22-38mm-vc2510-vc3210l-62763\/#primaryimage"},"image":{"@id":"https:\/\/www.koupeltech.com\/index.php\/produkt\/akce-makita-195548-6-adapter-22-38mm-vc2510-vc3210l-62763\/#primaryimage"},"thumbnailUrl":"https:\/\/www.koupeltech.com\/wp-content\/uploads\/2026\/SK0026885-CZ20260425-092328-0-1777080210-1249453-1_150002.webp","datePublished":"2026-04-27T14:05:25+00:00","breadcrumb":{"@id":"https:\/\/www.koupeltech.com\/index.php\/produkt\/akce-makita-195548-6-adapter-22-38mm-vc2510-vc3210l-62763\/#breadcrumb"},"inLanguage":"cs","potentialAction":[{"@type":"ReadAction","target":["https:\/\/www.koupeltech.com\/index.php\/produkt\/akce-makita-195548-6-adapter-22-38mm-vc2510-vc3210l-62763\/"]}]},{"@type":"ImageObject","inLanguage":"cs","@id":"https:\/\/www.koupeltech.com\/index.php\/produkt\/akce-makita-195548-6-adapter-22-38mm-vc2510-vc3210l-62763\/#primaryimage","url":"https:\/\/www.koupeltech.com\/wp-content\/uploads\/2026\/SK0026885-CZ20260425-092328-0-1777080210-1249453-1_150002.webp","contentUrl":"https:\/\/www.koupeltech.com\/wp-content\/uploads\/2026\/SK0026885-CZ20260425-092328-0-1777080210-1249453-1_150002.webp","width":500,"height":227},{"@type":"BreadcrumbList","@id":"https:\/\/www.koupeltech.com\/index.php\/produkt\/akce-makita-195548-6-adapter-22-38mm-vc2510-vc3210l-62763\/#breadcrumb","itemListElement":[{"@type":"ListItem","position":1,"name":"Home","item":"https:\/\/www.koupeltech.com\/"},{"@type":"ListItem","position":2,"name":"Products","item":"https:\/\/www.koupeltech.com\/index.php\/products\/"},{"@type":"ListItem","position":3,"name":"Akce Makita 195548-6 adapt\u00e9r 22-38mm VC2510\/VC3210L"}]},{"@type":"WebSite","@id":"https:\/\/www.koupeltech.com\/#website","url":"https:\/\/www.koupeltech.com\/","name":"","description":"","potentialAction":[{"@type":"SearchAction","target":{"@type":"EntryPoint","urlTemplate":"https:\/\/www.koupeltech.com\/?s={search_term_string}"},"query-input":{"@type":"PropertyValueSpecification","valueRequired":true,"valueName":"search_term_string"}}],"inLanguage":"cs"}]}},"_links":{"self":[{"href":"https:\/\/www.koupeltech.com\/index.php\/wp-json\/wp\/v2\/product\/62763","targetHints":{"allow":["GET"]}}],"collection":[{"href":"https:\/\/www.koupeltech.com\/index.php\/wp-json\/wp\/v2\/product"}],"about":[{"href":"https:\/\/www.koupeltech.com\/index.php\/wp-json\/wp\/v2\/types\/product"}],"replies":[{"embeddable":true,"href":"https:\/\/www.koupeltech.com\/index.php\/wp-json\/wp\/v2\/comments?post=62763"}],"wp:featuredmedia":[{"embeddable":true,"href":"https:\/\/www.koupeltech.com\/index.php\/wp-json\/wp\/v2\/media\/62863"}],"wp:attachment":[{"href":"https:\/\/www.koupeltech.com\/index.php\/wp-json\/wp\/v2\/media?parent=62763"}],"wp:term":[{"taxonomy":"product_brand","embeddable":true,"href":"https:\/\/www.koupeltech.com\/index.php\/wp-json\/wp\/v2\/product_brand?post=62763"},{"taxonomy":"product_cat","embeddable":true,"href":"https:\/\/www.koupeltech.com\/index.php\/wp-json\/wp\/v2\/product_cat?post=62763"},{"taxonomy":"product_tag","embeddable":true,"href":"https:\/\/www.koupeltech.com\/index.php\/wp-json\/wp\/v2\/product_tag?post=62763"}],"curies":[{"name":"wp","href":"https:\/\/api.w.org\/{rel}","templated":true}]}}