{"id":63105,"date":"2026-04-27T14:05:29","date_gmt":"2026-04-27T14:05:29","guid":{"rendered":""},"modified":"2026-04-27T14:05:29","modified_gmt":"2026-04-27T14:05:29","slug":"overeny-happypeople-plavecke-bryle-pro-deti-polykarbonat-cocky-63105","status":"publish","type":"product","link":"https:\/\/www.koupeltech.com\/index.php\/produkt\/overeny-happypeople-plavecke-bryle-pro-deti-polykarbonat-cocky-63105\/","title":{"rendered":"Ov\u011b\u0159en\u00fd HappyPeople Plaveck\u00e9 br\u00fdle pro d\u011bti polykarbon\u00e1t \u010do\u010dky"},"content":{"rendered":"<table>\n<div class=\"tab-pane active product-description\" id=\"popis\" role=\"tabpanel\">\n<div class=\"short-description\" itemprop=\"description\"><\/div>\n<div class=\"description\">\n<p><span class=\"bullet-line\">UV ochrana proti zaml\u017eov\u00e1n\u00ed&nbsp;<\/span><br \/><span class=\"bullet-line\">\u010celenka a t\u011bsn\u011bn\u00ed o\u010d\u00ed vyroben\u00e9 ze silikonu 3-cestn\u011b nastaviteln\u00fd PU nosn\u00ed most ve vysoce kvalitn\u00edm \u00falo\u017en\u00e9m boxu<\/span><\/p>\n<\/div>\n<\/table>\n","protected":false},"excerpt":{"rendered":"<p>UV ochrana proti zaml\u017eov\u00e1n\u00ed&nbsp;\u010celenka a t\u011bsn\u011bn\u00ed o\u010d\u00ed vyroben\u00e9 ze silikonu 3-cestn\u011b nastaviteln\u00fd PU nosn\u00ed most ve vysoce kvalitn\u00edm \u00falo\u017en\u00e9m boxu<\/p>\n","protected":false},"featured_media":63205,"comment_status":"open","ping_status":"open","template":"","meta":[],"product_brand":[],"product_cat":[51,52,53],"product_tag":[],"class_list":{"0":"post-63105","1":"product","2":"type-product","3":"status-publish","4":"has-post-thumbnail","6":"product_cat-bazen","7":"product_cat-sport","8":"product_cat-volny-cas","10":"first","11":"instock","12":"sale","13":"shipping-taxable","14":"purchasable","15":"product-type-simple"},"yoast_head":"<!-- This site is optimized with the Yoast SEO plugin v26.8 - https:\/\/yoast.com\/product\/yoast-seo-wordpress\/ -->\n<title>Ov\u011b\u0159en\u00fd HappyPeople Plaveck\u00e9 br\u00fdle pro d\u011bti polykarbon\u00e1t \u010do\u010dky -<\/title>\n<meta name=\"robots\" content=\"index, follow, max-snippet:-1, max-image-preview:large, max-video-preview:-1\" \/>\n<link rel=\"canonical\" href=\"https:\/\/www.koupeltech.com\/index.php\/produkt\/overeny-happypeople-plavecke-bryle-pro-deti-polykarbonat-cocky-63105\/\" \/>\n<meta property=\"og:locale\" content=\"cs_CZ\" \/>\n<meta property=\"og:type\" content=\"article\" \/>\n<meta property=\"og:title\" content=\"Ov\u011b\u0159en\u00fd HappyPeople Plaveck\u00e9 br\u00fdle pro d\u011bti polykarbon\u00e1t \u010do\u010dky -\" \/>\n<meta property=\"og:description\" content=\"UV ochrana proti zaml\u017eov\u00e1n\u00ed&nbsp;\u010celenka a t\u011bsn\u011bn\u00ed o\u010d\u00ed vyroben\u00e9 ze silikonu 3-cestn\u011b nastaviteln\u00fd PU nosn\u00ed most ve vysoce kvalitn\u00edm \u00falo\u017en\u00e9m boxu\" \/>\n<meta property=\"og:url\" content=\"https:\/\/www.koupeltech.com\/index.php\/produkt\/overeny-happypeople-plavecke-bryle-pro-deti-polykarbonat-cocky-63105\/\" \/>\n<meta property=\"og:image\" content=\"https:\/\/www.koupeltech.com\/wp-content\/uploads\/2026\/SK0027029-CZ20260425-092328-0-1777080210-1249695-1_163018.webp\" \/>\n\t<meta property=\"og:image:width\" content=\"800\" \/>\n\t<meta property=\"og:image:height\" content=\"800\" \/>\n\t<meta property=\"og:image:type\" content=\"image\/webp\" \/>\n<meta name=\"twitter:card\" content=\"summary_large_image\" \/>\n<script type=\"application\/ld+json\" class=\"yoast-schema-graph\">{\"@context\":\"https:\/\/schema.org\",\"@graph\":[{\"@type\":\"WebPage\",\"@id\":\"https:\/\/www.koupeltech.com\/index.php\/produkt\/overeny-happypeople-plavecke-bryle-pro-deti-polykarbonat-cocky-63105\/\",\"url\":\"https:\/\/www.koupeltech.com\/index.php\/produkt\/overeny-happypeople-plavecke-bryle-pro-deti-polykarbonat-cocky-63105\/\",\"name\":\"Ov\u011b\u0159en\u00fd HappyPeople Plaveck\u00e9 br\u00fdle pro d\u011bti polykarbon\u00e1t \u010do\u010dky -\",\"isPartOf\":{\"@id\":\"https:\/\/www.koupeltech.com\/#website\"},\"primaryImageOfPage\":{\"@id\":\"https:\/\/www.koupeltech.com\/index.php\/produkt\/overeny-happypeople-plavecke-bryle-pro-deti-polykarbonat-cocky-63105\/#primaryimage\"},\"image\":{\"@id\":\"https:\/\/www.koupeltech.com\/index.php\/produkt\/overeny-happypeople-plavecke-bryle-pro-deti-polykarbonat-cocky-63105\/#primaryimage\"},\"thumbnailUrl\":\"https:\/\/www.koupeltech.com\/wp-content\/uploads\/2026\/SK0027029-CZ20260425-092328-0-1777080210-1249695-1_163018.webp\",\"datePublished\":\"2026-04-27T14:05:29+00:00\",\"breadcrumb\":{\"@id\":\"https:\/\/www.koupeltech.com\/index.php\/produkt\/overeny-happypeople-plavecke-bryle-pro-deti-polykarbonat-cocky-63105\/#breadcrumb\"},\"inLanguage\":\"cs\",\"potentialAction\":[{\"@type\":\"ReadAction\",\"target\":[\"https:\/\/www.koupeltech.com\/index.php\/produkt\/overeny-happypeople-plavecke-bryle-pro-deti-polykarbonat-cocky-63105\/\"]}]},{\"@type\":\"ImageObject\",\"inLanguage\":\"cs\",\"@id\":\"https:\/\/www.koupeltech.com\/index.php\/produkt\/overeny-happypeople-plavecke-bryle-pro-deti-polykarbonat-cocky-63105\/#primaryimage\",\"url\":\"https:\/\/www.koupeltech.com\/wp-content\/uploads\/2026\/SK0027029-CZ20260425-092328-0-1777080210-1249695-1_163018.webp\",\"contentUrl\":\"https:\/\/www.koupeltech.com\/wp-content\/uploads\/2026\/SK0027029-CZ20260425-092328-0-1777080210-1249695-1_163018.webp\",\"width\":800,\"height\":800},{\"@type\":\"BreadcrumbList\",\"@id\":\"https:\/\/www.koupeltech.com\/index.php\/produkt\/overeny-happypeople-plavecke-bryle-pro-deti-polykarbonat-cocky-63105\/#breadcrumb\",\"itemListElement\":[{\"@type\":\"ListItem\",\"position\":1,\"name\":\"Home\",\"item\":\"https:\/\/www.koupeltech.com\/\"},{\"@type\":\"ListItem\",\"position\":2,\"name\":\"Products\",\"item\":\"https:\/\/www.koupeltech.com\/index.php\/products\/\"},{\"@type\":\"ListItem\",\"position\":3,\"name\":\"Ov\u011b\u0159en\u00fd HappyPeople Plaveck\u00e9 br\u00fdle pro d\u011bti polykarbon\u00e1t \u010do\u010dky\"}]},{\"@type\":\"WebSite\",\"@id\":\"https:\/\/www.koupeltech.com\/#website\",\"url\":\"https:\/\/www.koupeltech.com\/\",\"name\":\"\",\"description\":\"\",\"potentialAction\":[{\"@type\":\"SearchAction\",\"target\":{\"@type\":\"EntryPoint\",\"urlTemplate\":\"https:\/\/www.koupeltech.com\/?s={search_term_string}\"},\"query-input\":{\"@type\":\"PropertyValueSpecification\",\"valueRequired\":true,\"valueName\":\"search_term_string\"}}],\"inLanguage\":\"cs\"}]}<\/script>\n<!-- \/ Yoast SEO plugin. -->","yoast_head_json":{"title":"Ov\u011b\u0159en\u00fd HappyPeople Plaveck\u00e9 br\u00fdle pro d\u011bti polykarbon\u00e1t \u010do\u010dky -","robots":{"index":"index","follow":"follow","max-snippet":"max-snippet:-1","max-image-preview":"max-image-preview:large","max-video-preview":"max-video-preview:-1"},"canonical":"https:\/\/www.koupeltech.com\/index.php\/produkt\/overeny-happypeople-plavecke-bryle-pro-deti-polykarbonat-cocky-63105\/","og_locale":"cs_CZ","og_type":"article","og_title":"Ov\u011b\u0159en\u00fd HappyPeople Plaveck\u00e9 br\u00fdle pro d\u011bti polykarbon\u00e1t \u010do\u010dky -","og_description":"UV ochrana proti zaml\u017eov\u00e1n\u00ed&nbsp;\u010celenka a t\u011bsn\u011bn\u00ed o\u010d\u00ed vyroben\u00e9 ze silikonu 3-cestn\u011b nastaviteln\u00fd PU nosn\u00ed most ve vysoce kvalitn\u00edm \u00falo\u017en\u00e9m boxu","og_url":"https:\/\/www.koupeltech.com\/index.php\/produkt\/overeny-happypeople-plavecke-bryle-pro-deti-polykarbonat-cocky-63105\/","og_image":[{"width":800,"height":800,"url":"https:\/\/www.koupeltech.com\/wp-content\/uploads\/2026\/SK0027029-CZ20260425-092328-0-1777080210-1249695-1_163018.webp","type":"image\/webp"}],"twitter_card":"summary_large_image","schema":{"@context":"https:\/\/schema.org","@graph":[{"@type":"WebPage","@id":"https:\/\/www.koupeltech.com\/index.php\/produkt\/overeny-happypeople-plavecke-bryle-pro-deti-polykarbonat-cocky-63105\/","url":"https:\/\/www.koupeltech.com\/index.php\/produkt\/overeny-happypeople-plavecke-bryle-pro-deti-polykarbonat-cocky-63105\/","name":"Ov\u011b\u0159en\u00fd HappyPeople Plaveck\u00e9 br\u00fdle pro d\u011bti polykarbon\u00e1t \u010do\u010dky -","isPartOf":{"@id":"https:\/\/www.koupeltech.com\/#website"},"primaryImageOfPage":{"@id":"https:\/\/www.koupeltech.com\/index.php\/produkt\/overeny-happypeople-plavecke-bryle-pro-deti-polykarbonat-cocky-63105\/#primaryimage"},"image":{"@id":"https:\/\/www.koupeltech.com\/index.php\/produkt\/overeny-happypeople-plavecke-bryle-pro-deti-polykarbonat-cocky-63105\/#primaryimage"},"thumbnailUrl":"https:\/\/www.koupeltech.com\/wp-content\/uploads\/2026\/SK0027029-CZ20260425-092328-0-1777080210-1249695-1_163018.webp","datePublished":"2026-04-27T14:05:29+00:00","breadcrumb":{"@id":"https:\/\/www.koupeltech.com\/index.php\/produkt\/overeny-happypeople-plavecke-bryle-pro-deti-polykarbonat-cocky-63105\/#breadcrumb"},"inLanguage":"cs","potentialAction":[{"@type":"ReadAction","target":["https:\/\/www.koupeltech.com\/index.php\/produkt\/overeny-happypeople-plavecke-bryle-pro-deti-polykarbonat-cocky-63105\/"]}]},{"@type":"ImageObject","inLanguage":"cs","@id":"https:\/\/www.koupeltech.com\/index.php\/produkt\/overeny-happypeople-plavecke-bryle-pro-deti-polykarbonat-cocky-63105\/#primaryimage","url":"https:\/\/www.koupeltech.com\/wp-content\/uploads\/2026\/SK0027029-CZ20260425-092328-0-1777080210-1249695-1_163018.webp","contentUrl":"https:\/\/www.koupeltech.com\/wp-content\/uploads\/2026\/SK0027029-CZ20260425-092328-0-1777080210-1249695-1_163018.webp","width":800,"height":800},{"@type":"BreadcrumbList","@id":"https:\/\/www.koupeltech.com\/index.php\/produkt\/overeny-happypeople-plavecke-bryle-pro-deti-polykarbonat-cocky-63105\/#breadcrumb","itemListElement":[{"@type":"ListItem","position":1,"name":"Home","item":"https:\/\/www.koupeltech.com\/"},{"@type":"ListItem","position":2,"name":"Products","item":"https:\/\/www.koupeltech.com\/index.php\/products\/"},{"@type":"ListItem","position":3,"name":"Ov\u011b\u0159en\u00fd HappyPeople Plaveck\u00e9 br\u00fdle pro d\u011bti polykarbon\u00e1t \u010do\u010dky"}]},{"@type":"WebSite","@id":"https:\/\/www.koupeltech.com\/#website","url":"https:\/\/www.koupeltech.com\/","name":"","description":"","potentialAction":[{"@type":"SearchAction","target":{"@type":"EntryPoint","urlTemplate":"https:\/\/www.koupeltech.com\/?s={search_term_string}"},"query-input":{"@type":"PropertyValueSpecification","valueRequired":true,"valueName":"search_term_string"}}],"inLanguage":"cs"}]}},"_links":{"self":[{"href":"https:\/\/www.koupeltech.com\/index.php\/wp-json\/wp\/v2\/product\/63105","targetHints":{"allow":["GET"]}}],"collection":[{"href":"https:\/\/www.koupeltech.com\/index.php\/wp-json\/wp\/v2\/product"}],"about":[{"href":"https:\/\/www.koupeltech.com\/index.php\/wp-json\/wp\/v2\/types\/product"}],"replies":[{"embeddable":true,"href":"https:\/\/www.koupeltech.com\/index.php\/wp-json\/wp\/v2\/comments?post=63105"}],"wp:featuredmedia":[{"embeddable":true,"href":"https:\/\/www.koupeltech.com\/index.php\/wp-json\/wp\/v2\/media\/63205"}],"wp:attachment":[{"href":"https:\/\/www.koupeltech.com\/index.php\/wp-json\/wp\/v2\/media?parent=63105"}],"wp:term":[{"taxonomy":"product_brand","embeddable":true,"href":"https:\/\/www.koupeltech.com\/index.php\/wp-json\/wp\/v2\/product_brand?post=63105"},{"taxonomy":"product_cat","embeddable":true,"href":"https:\/\/www.koupeltech.com\/index.php\/wp-json\/wp\/v2\/product_cat?post=63105"},{"taxonomy":"product_tag","embeddable":true,"href":"https:\/\/www.koupeltech.com\/index.php\/wp-json\/wp\/v2\/product_tag?post=63105"}],"curies":[{"name":"wp","href":"https:\/\/api.w.org\/{rel}","templated":true}]}}