{"id":63116,"date":"2026-04-27T14:05:29","date_gmt":"2026-04-27T14:05:29","guid":{"rendered":""},"modified":"2026-04-27T14:05:29","modified_gmt":"2026-04-27T14:05:29","slug":"happypeople-drevena-hlinena-kuchyne-cca-90x44x94cm-omezena-nabidka-63116","status":"publish","type":"product","link":"https:\/\/www.koupeltech.com\/index.php\/produkt\/happypeople-drevena-hlinena-kuchyne-cca-90x44x94cm-omezena-nabidka-63116\/","title":{"rendered":"HappyPeople D\u0159ev\u011bn\u00e1 hlin\u011bn\u00e1 kuchyn\u011b cca 90x44x94cm Omezen\u00e1 Nab\u00eddka"},"content":{"rendered":"<table>\n<div class=\"tab-pane active product-description\" id=\"popis\" role=\"tabpanel\">\n<div class=\"short-description\" itemprop=\"description\"><\/div>\n<div class=\"description\"><span class='bullet-line'>cca 90 x 44 x 94 cm d\u0159ev\u011bn\u00fd st\u016fl s 5 umyvadlov\u00fdmi vlo\u017ekami z nerezov\u00e9 oceli 1x 30 cm \u00d8 a 4x 14 cm \u00d8 v\u010detn\u011b n\u00e1dr\u017eky na vodu o objemu 1 l neupraven\u00e9 d\u0159evo<\/span><\/div>\n<\/table>\n","protected":false},"excerpt":{"rendered":"<p>cca 90 x 44 x 94 cm d\u0159ev\u011bn\u00fd st\u016fl s 5 umyvadlov\u00fdmi vlo\u017ekami z nerezov\u00e9 oceli 1x 30 cm \u00d8 a 4x 14 cm \u00d8 v\u010detn\u011b n\u00e1dr\u017eky na vodu o objemu 1 l neupraven\u00e9 d\u0159evo<\/p>\n","protected":false},"featured_media":63216,"comment_status":"open","ping_status":"open","template":"","meta":[],"product_brand":[],"product_cat":[51,52,53],"product_tag":[],"class_list":{"0":"post-63116","1":"product","2":"type-product","3":"status-publish","4":"has-post-thumbnail","6":"product_cat-bazen","7":"product_cat-sport","8":"product_cat-volny-cas","10":"first","11":"instock","12":"sale","13":"shipping-taxable","14":"purchasable","15":"product-type-simple"},"yoast_head":"<!-- This site is optimized with the Yoast SEO plugin v26.8 - https:\/\/yoast.com\/product\/yoast-seo-wordpress\/ -->\n<title>HappyPeople D\u0159ev\u011bn\u00e1 hlin\u011bn\u00e1 kuchyn\u011b cca 90x44x94cm Omezen\u00e1 Nab\u00eddka -<\/title>\n<meta name=\"robots\" content=\"index, follow, max-snippet:-1, max-image-preview:large, max-video-preview:-1\" \/>\n<link rel=\"canonical\" href=\"https:\/\/www.koupeltech.com\/index.php\/produkt\/happypeople-drevena-hlinena-kuchyne-cca-90x44x94cm-omezena-nabidka-63116\/\" \/>\n<meta property=\"og:locale\" content=\"cs_CZ\" \/>\n<meta property=\"og:type\" content=\"article\" \/>\n<meta property=\"og:title\" content=\"HappyPeople D\u0159ev\u011bn\u00e1 hlin\u011bn\u00e1 kuchyn\u011b cca 90x44x94cm Omezen\u00e1 Nab\u00eddka -\" \/>\n<meta property=\"og:description\" content=\"cca 90 x 44 x 94 cm d\u0159ev\u011bn\u00fd st\u016fl s 5 umyvadlov\u00fdmi vlo\u017ekami z nerezov\u00e9 oceli 1x 30 cm \u00d8 a 4x 14 cm \u00d8 v\u010detn\u011b n\u00e1dr\u017eky na vodu o objemu 1 l neupraven\u00e9 d\u0159evo\" \/>\n<meta property=\"og:url\" content=\"https:\/\/www.koupeltech.com\/index.php\/produkt\/happypeople-drevena-hlinena-kuchyne-cca-90x44x94cm-omezena-nabidka-63116\/\" \/>\n<meta property=\"og:image\" content=\"https:\/\/www.koupeltech.com\/wp-content\/uploads\/2026\/SK0027041-CZ20260425-092328-0-1777080210-1249711-1_164918.webp\" \/>\n\t<meta property=\"og:image:width\" content=\"800\" \/>\n\t<meta property=\"og:image:height\" content=\"800\" \/>\n\t<meta property=\"og:image:type\" content=\"image\/webp\" \/>\n<meta name=\"twitter:card\" content=\"summary_large_image\" \/>\n<script type=\"application\/ld+json\" class=\"yoast-schema-graph\">{\"@context\":\"https:\/\/schema.org\",\"@graph\":[{\"@type\":\"WebPage\",\"@id\":\"https:\/\/www.koupeltech.com\/index.php\/produkt\/happypeople-drevena-hlinena-kuchyne-cca-90x44x94cm-omezena-nabidka-63116\/\",\"url\":\"https:\/\/www.koupeltech.com\/index.php\/produkt\/happypeople-drevena-hlinena-kuchyne-cca-90x44x94cm-omezena-nabidka-63116\/\",\"name\":\"HappyPeople D\u0159ev\u011bn\u00e1 hlin\u011bn\u00e1 kuchyn\u011b cca 90x44x94cm Omezen\u00e1 Nab\u00eddka -\",\"isPartOf\":{\"@id\":\"https:\/\/www.koupeltech.com\/#website\"},\"primaryImageOfPage\":{\"@id\":\"https:\/\/www.koupeltech.com\/index.php\/produkt\/happypeople-drevena-hlinena-kuchyne-cca-90x44x94cm-omezena-nabidka-63116\/#primaryimage\"},\"image\":{\"@id\":\"https:\/\/www.koupeltech.com\/index.php\/produkt\/happypeople-drevena-hlinena-kuchyne-cca-90x44x94cm-omezena-nabidka-63116\/#primaryimage\"},\"thumbnailUrl\":\"https:\/\/www.koupeltech.com\/wp-content\/uploads\/2026\/SK0027041-CZ20260425-092328-0-1777080210-1249711-1_164918.webp\",\"datePublished\":\"2026-04-27T14:05:29+00:00\",\"breadcrumb\":{\"@id\":\"https:\/\/www.koupeltech.com\/index.php\/produkt\/happypeople-drevena-hlinena-kuchyne-cca-90x44x94cm-omezena-nabidka-63116\/#breadcrumb\"},\"inLanguage\":\"cs\",\"potentialAction\":[{\"@type\":\"ReadAction\",\"target\":[\"https:\/\/www.koupeltech.com\/index.php\/produkt\/happypeople-drevena-hlinena-kuchyne-cca-90x44x94cm-omezena-nabidka-63116\/\"]}]},{\"@type\":\"ImageObject\",\"inLanguage\":\"cs\",\"@id\":\"https:\/\/www.koupeltech.com\/index.php\/produkt\/happypeople-drevena-hlinena-kuchyne-cca-90x44x94cm-omezena-nabidka-63116\/#primaryimage\",\"url\":\"https:\/\/www.koupeltech.com\/wp-content\/uploads\/2026\/SK0027041-CZ20260425-092328-0-1777080210-1249711-1_164918.webp\",\"contentUrl\":\"https:\/\/www.koupeltech.com\/wp-content\/uploads\/2026\/SK0027041-CZ20260425-092328-0-1777080210-1249711-1_164918.webp\",\"width\":800,\"height\":800},{\"@type\":\"BreadcrumbList\",\"@id\":\"https:\/\/www.koupeltech.com\/index.php\/produkt\/happypeople-drevena-hlinena-kuchyne-cca-90x44x94cm-omezena-nabidka-63116\/#breadcrumb\",\"itemListElement\":[{\"@type\":\"ListItem\",\"position\":1,\"name\":\"Home\",\"item\":\"https:\/\/www.koupeltech.com\/\"},{\"@type\":\"ListItem\",\"position\":2,\"name\":\"Products\",\"item\":\"https:\/\/www.koupeltech.com\/index.php\/products\/\"},{\"@type\":\"ListItem\",\"position\":3,\"name\":\"HappyPeople D\u0159ev\u011bn\u00e1 hlin\u011bn\u00e1 kuchyn\u011b cca 90x44x94cm Omezen\u00e1 Nab\u00eddka\"}]},{\"@type\":\"WebSite\",\"@id\":\"https:\/\/www.koupeltech.com\/#website\",\"url\":\"https:\/\/www.koupeltech.com\/\",\"name\":\"\",\"description\":\"\",\"potentialAction\":[{\"@type\":\"SearchAction\",\"target\":{\"@type\":\"EntryPoint\",\"urlTemplate\":\"https:\/\/www.koupeltech.com\/?s={search_term_string}\"},\"query-input\":{\"@type\":\"PropertyValueSpecification\",\"valueRequired\":true,\"valueName\":\"search_term_string\"}}],\"inLanguage\":\"cs\"}]}<\/script>\n<!-- \/ Yoast SEO plugin. -->","yoast_head_json":{"title":"HappyPeople D\u0159ev\u011bn\u00e1 hlin\u011bn\u00e1 kuchyn\u011b cca 90x44x94cm Omezen\u00e1 Nab\u00eddka -","robots":{"index":"index","follow":"follow","max-snippet":"max-snippet:-1","max-image-preview":"max-image-preview:large","max-video-preview":"max-video-preview:-1"},"canonical":"https:\/\/www.koupeltech.com\/index.php\/produkt\/happypeople-drevena-hlinena-kuchyne-cca-90x44x94cm-omezena-nabidka-63116\/","og_locale":"cs_CZ","og_type":"article","og_title":"HappyPeople D\u0159ev\u011bn\u00e1 hlin\u011bn\u00e1 kuchyn\u011b cca 90x44x94cm Omezen\u00e1 Nab\u00eddka -","og_description":"cca 90 x 44 x 94 cm d\u0159ev\u011bn\u00fd st\u016fl s 5 umyvadlov\u00fdmi vlo\u017ekami z nerezov\u00e9 oceli 1x 30 cm \u00d8 a 4x 14 cm \u00d8 v\u010detn\u011b n\u00e1dr\u017eky na vodu o objemu 1 l neupraven\u00e9 d\u0159evo","og_url":"https:\/\/www.koupeltech.com\/index.php\/produkt\/happypeople-drevena-hlinena-kuchyne-cca-90x44x94cm-omezena-nabidka-63116\/","og_image":[{"width":800,"height":800,"url":"https:\/\/www.koupeltech.com\/wp-content\/uploads\/2026\/SK0027041-CZ20260425-092328-0-1777080210-1249711-1_164918.webp","type":"image\/webp"}],"twitter_card":"summary_large_image","schema":{"@context":"https:\/\/schema.org","@graph":[{"@type":"WebPage","@id":"https:\/\/www.koupeltech.com\/index.php\/produkt\/happypeople-drevena-hlinena-kuchyne-cca-90x44x94cm-omezena-nabidka-63116\/","url":"https:\/\/www.koupeltech.com\/index.php\/produkt\/happypeople-drevena-hlinena-kuchyne-cca-90x44x94cm-omezena-nabidka-63116\/","name":"HappyPeople D\u0159ev\u011bn\u00e1 hlin\u011bn\u00e1 kuchyn\u011b cca 90x44x94cm Omezen\u00e1 Nab\u00eddka -","isPartOf":{"@id":"https:\/\/www.koupeltech.com\/#website"},"primaryImageOfPage":{"@id":"https:\/\/www.koupeltech.com\/index.php\/produkt\/happypeople-drevena-hlinena-kuchyne-cca-90x44x94cm-omezena-nabidka-63116\/#primaryimage"},"image":{"@id":"https:\/\/www.koupeltech.com\/index.php\/produkt\/happypeople-drevena-hlinena-kuchyne-cca-90x44x94cm-omezena-nabidka-63116\/#primaryimage"},"thumbnailUrl":"https:\/\/www.koupeltech.com\/wp-content\/uploads\/2026\/SK0027041-CZ20260425-092328-0-1777080210-1249711-1_164918.webp","datePublished":"2026-04-27T14:05:29+00:00","breadcrumb":{"@id":"https:\/\/www.koupeltech.com\/index.php\/produkt\/happypeople-drevena-hlinena-kuchyne-cca-90x44x94cm-omezena-nabidka-63116\/#breadcrumb"},"inLanguage":"cs","potentialAction":[{"@type":"ReadAction","target":["https:\/\/www.koupeltech.com\/index.php\/produkt\/happypeople-drevena-hlinena-kuchyne-cca-90x44x94cm-omezena-nabidka-63116\/"]}]},{"@type":"ImageObject","inLanguage":"cs","@id":"https:\/\/www.koupeltech.com\/index.php\/produkt\/happypeople-drevena-hlinena-kuchyne-cca-90x44x94cm-omezena-nabidka-63116\/#primaryimage","url":"https:\/\/www.koupeltech.com\/wp-content\/uploads\/2026\/SK0027041-CZ20260425-092328-0-1777080210-1249711-1_164918.webp","contentUrl":"https:\/\/www.koupeltech.com\/wp-content\/uploads\/2026\/SK0027041-CZ20260425-092328-0-1777080210-1249711-1_164918.webp","width":800,"height":800},{"@type":"BreadcrumbList","@id":"https:\/\/www.koupeltech.com\/index.php\/produkt\/happypeople-drevena-hlinena-kuchyne-cca-90x44x94cm-omezena-nabidka-63116\/#breadcrumb","itemListElement":[{"@type":"ListItem","position":1,"name":"Home","item":"https:\/\/www.koupeltech.com\/"},{"@type":"ListItem","position":2,"name":"Products","item":"https:\/\/www.koupeltech.com\/index.php\/products\/"},{"@type":"ListItem","position":3,"name":"HappyPeople D\u0159ev\u011bn\u00e1 hlin\u011bn\u00e1 kuchyn\u011b cca 90x44x94cm Omezen\u00e1 Nab\u00eddka"}]},{"@type":"WebSite","@id":"https:\/\/www.koupeltech.com\/#website","url":"https:\/\/www.koupeltech.com\/","name":"","description":"","potentialAction":[{"@type":"SearchAction","target":{"@type":"EntryPoint","urlTemplate":"https:\/\/www.koupeltech.com\/?s={search_term_string}"},"query-input":{"@type":"PropertyValueSpecification","valueRequired":true,"valueName":"search_term_string"}}],"inLanguage":"cs"}]}},"_links":{"self":[{"href":"https:\/\/www.koupeltech.com\/index.php\/wp-json\/wp\/v2\/product\/63116","targetHints":{"allow":["GET"]}}],"collection":[{"href":"https:\/\/www.koupeltech.com\/index.php\/wp-json\/wp\/v2\/product"}],"about":[{"href":"https:\/\/www.koupeltech.com\/index.php\/wp-json\/wp\/v2\/types\/product"}],"replies":[{"embeddable":true,"href":"https:\/\/www.koupeltech.com\/index.php\/wp-json\/wp\/v2\/comments?post=63116"}],"wp:featuredmedia":[{"embeddable":true,"href":"https:\/\/www.koupeltech.com\/index.php\/wp-json\/wp\/v2\/media\/63216"}],"wp:attachment":[{"href":"https:\/\/www.koupeltech.com\/index.php\/wp-json\/wp\/v2\/media?parent=63116"}],"wp:term":[{"taxonomy":"product_brand","embeddable":true,"href":"https:\/\/www.koupeltech.com\/index.php\/wp-json\/wp\/v2\/product_brand?post=63116"},{"taxonomy":"product_cat","embeddable":true,"href":"https:\/\/www.koupeltech.com\/index.php\/wp-json\/wp\/v2\/product_cat?post=63116"},{"taxonomy":"product_tag","embeddable":true,"href":"https:\/\/www.koupeltech.com\/index.php\/wp-json\/wp\/v2\/product_tag?post=63116"}],"curies":[{"name":"wp","href":"https:\/\/api.w.org\/{rel}","templated":true}]}}