{"id":63120,"date":"2026-04-27T14:05:29","date_gmt":"2026-04-27T14:05:29","guid":{"rendered":""},"modified":"2026-04-27T14:05:29","modified_gmt":"2026-04-27T14:05:29","slug":"happypeople-detska-matrace-arctic-friends-cca-67x43-cm-originalni-63120","status":"publish","type":"product","link":"https:\/\/www.koupeltech.com\/index.php\/produkt\/happypeople-detska-matrace-arctic-friends-cca-67x43-cm-originalni-63120\/","title":{"rendered":"HappyPeople D\u011btsk\u00e1 matrace Arctic Friends cca. 67&#215;43 cm Origin\u00e1ln\u00ed"},"content":{"rendered":"<table>\n<div class=\"tab-pane active product-description\" id=\"popis\" role=\"tabpanel\">\n<div class=\"short-description\" itemprop=\"description\"><\/div>\n<div class=\"description\">\n<p><span class=\"bullet-line\">D\u011btsk\u00e1 matrace 67 x 43 cm s motivem okna: Arctic Friends<\/span><\/p>\n<\/div>\n<\/table>\n","protected":false},"excerpt":{"rendered":"<p>D\u011btsk\u00e1 matrace 67 x 43 cm s motivem okna: Arctic Friends<\/p>\n","protected":false},"featured_media":63220,"comment_status":"open","ping_status":"open","template":"","meta":[],"product_brand":[],"product_cat":[51,52,53],"product_tag":[],"class_list":{"0":"post-63120","1":"product","2":"type-product","3":"status-publish","4":"has-post-thumbnail","6":"product_cat-bazen","7":"product_cat-sport","8":"product_cat-volny-cas","10":"first","11":"instock","12":"sale","13":"shipping-taxable","14":"purchasable","15":"product-type-simple"},"yoast_head":"<!-- This site is optimized with the Yoast SEO plugin v26.8 - https:\/\/yoast.com\/product\/yoast-seo-wordpress\/ -->\n<title>HappyPeople D\u011btsk\u00e1 matrace Arctic Friends cca. 67x43 cm Origin\u00e1ln\u00ed -<\/title>\n<meta name=\"robots\" content=\"index, follow, max-snippet:-1, max-image-preview:large, max-video-preview:-1\" \/>\n<link rel=\"canonical\" href=\"https:\/\/www.koupeltech.com\/index.php\/produkt\/happypeople-detska-matrace-arctic-friends-cca-67x43-cm-originalni-63120\/\" \/>\n<meta property=\"og:locale\" content=\"cs_CZ\" \/>\n<meta property=\"og:type\" content=\"article\" \/>\n<meta property=\"og:title\" content=\"HappyPeople D\u011btsk\u00e1 matrace Arctic Friends cca. 67x43 cm Origin\u00e1ln\u00ed -\" \/>\n<meta property=\"og:description\" content=\"D\u011btsk\u00e1 matrace 67 x 43 cm s motivem okna: Arctic Friends\" \/>\n<meta property=\"og:url\" content=\"https:\/\/www.koupeltech.com\/index.php\/produkt\/happypeople-detska-matrace-arctic-friends-cca-67x43-cm-originalni-63120\/\" \/>\n<meta property=\"og:image\" content=\"https:\/\/www.koupeltech.com\/wp-content\/uploads\/2026\/SK0027045-CZ20260425-092328-0-1777080210-1249720-1_160019.webp\" \/>\n\t<meta property=\"og:image:width\" content=\"800\" \/>\n\t<meta property=\"og:image:height\" content=\"800\" \/>\n\t<meta property=\"og:image:type\" content=\"image\/webp\" \/>\n<meta name=\"twitter:card\" content=\"summary_large_image\" \/>\n<script type=\"application\/ld+json\" class=\"yoast-schema-graph\">{\"@context\":\"https:\/\/schema.org\",\"@graph\":[{\"@type\":\"WebPage\",\"@id\":\"https:\/\/www.koupeltech.com\/index.php\/produkt\/happypeople-detska-matrace-arctic-friends-cca-67x43-cm-originalni-63120\/\",\"url\":\"https:\/\/www.koupeltech.com\/index.php\/produkt\/happypeople-detska-matrace-arctic-friends-cca-67x43-cm-originalni-63120\/\",\"name\":\"HappyPeople D\u011btsk\u00e1 matrace Arctic Friends cca. 67x43 cm Origin\u00e1ln\u00ed -\",\"isPartOf\":{\"@id\":\"https:\/\/www.koupeltech.com\/#website\"},\"primaryImageOfPage\":{\"@id\":\"https:\/\/www.koupeltech.com\/index.php\/produkt\/happypeople-detska-matrace-arctic-friends-cca-67x43-cm-originalni-63120\/#primaryimage\"},\"image\":{\"@id\":\"https:\/\/www.koupeltech.com\/index.php\/produkt\/happypeople-detska-matrace-arctic-friends-cca-67x43-cm-originalni-63120\/#primaryimage\"},\"thumbnailUrl\":\"https:\/\/www.koupeltech.com\/wp-content\/uploads\/2026\/SK0027045-CZ20260425-092328-0-1777080210-1249720-1_160019.webp\",\"datePublished\":\"2026-04-27T14:05:29+00:00\",\"breadcrumb\":{\"@id\":\"https:\/\/www.koupeltech.com\/index.php\/produkt\/happypeople-detska-matrace-arctic-friends-cca-67x43-cm-originalni-63120\/#breadcrumb\"},\"inLanguage\":\"cs\",\"potentialAction\":[{\"@type\":\"ReadAction\",\"target\":[\"https:\/\/www.koupeltech.com\/index.php\/produkt\/happypeople-detska-matrace-arctic-friends-cca-67x43-cm-originalni-63120\/\"]}]},{\"@type\":\"ImageObject\",\"inLanguage\":\"cs\",\"@id\":\"https:\/\/www.koupeltech.com\/index.php\/produkt\/happypeople-detska-matrace-arctic-friends-cca-67x43-cm-originalni-63120\/#primaryimage\",\"url\":\"https:\/\/www.koupeltech.com\/wp-content\/uploads\/2026\/SK0027045-CZ20260425-092328-0-1777080210-1249720-1_160019.webp\",\"contentUrl\":\"https:\/\/www.koupeltech.com\/wp-content\/uploads\/2026\/SK0027045-CZ20260425-092328-0-1777080210-1249720-1_160019.webp\",\"width\":800,\"height\":800},{\"@type\":\"BreadcrumbList\",\"@id\":\"https:\/\/www.koupeltech.com\/index.php\/produkt\/happypeople-detska-matrace-arctic-friends-cca-67x43-cm-originalni-63120\/#breadcrumb\",\"itemListElement\":[{\"@type\":\"ListItem\",\"position\":1,\"name\":\"Home\",\"item\":\"https:\/\/www.koupeltech.com\/\"},{\"@type\":\"ListItem\",\"position\":2,\"name\":\"Products\",\"item\":\"https:\/\/www.koupeltech.com\/index.php\/products\/\"},{\"@type\":\"ListItem\",\"position\":3,\"name\":\"HappyPeople D\u011btsk\u00e1 matrace Arctic Friends cca. 67&#215;43 cm Origin\u00e1ln\u00ed\"}]},{\"@type\":\"WebSite\",\"@id\":\"https:\/\/www.koupeltech.com\/#website\",\"url\":\"https:\/\/www.koupeltech.com\/\",\"name\":\"\",\"description\":\"\",\"potentialAction\":[{\"@type\":\"SearchAction\",\"target\":{\"@type\":\"EntryPoint\",\"urlTemplate\":\"https:\/\/www.koupeltech.com\/?s={search_term_string}\"},\"query-input\":{\"@type\":\"PropertyValueSpecification\",\"valueRequired\":true,\"valueName\":\"search_term_string\"}}],\"inLanguage\":\"cs\"}]}<\/script>\n<!-- \/ Yoast SEO plugin. -->","yoast_head_json":{"title":"HappyPeople D\u011btsk\u00e1 matrace Arctic Friends cca. 67x43 cm Origin\u00e1ln\u00ed -","robots":{"index":"index","follow":"follow","max-snippet":"max-snippet:-1","max-image-preview":"max-image-preview:large","max-video-preview":"max-video-preview:-1"},"canonical":"https:\/\/www.koupeltech.com\/index.php\/produkt\/happypeople-detska-matrace-arctic-friends-cca-67x43-cm-originalni-63120\/","og_locale":"cs_CZ","og_type":"article","og_title":"HappyPeople D\u011btsk\u00e1 matrace Arctic Friends cca. 67x43 cm Origin\u00e1ln\u00ed -","og_description":"D\u011btsk\u00e1 matrace 67 x 43 cm s motivem okna: Arctic Friends","og_url":"https:\/\/www.koupeltech.com\/index.php\/produkt\/happypeople-detska-matrace-arctic-friends-cca-67x43-cm-originalni-63120\/","og_image":[{"width":800,"height":800,"url":"https:\/\/www.koupeltech.com\/wp-content\/uploads\/2026\/SK0027045-CZ20260425-092328-0-1777080210-1249720-1_160019.webp","type":"image\/webp"}],"twitter_card":"summary_large_image","schema":{"@context":"https:\/\/schema.org","@graph":[{"@type":"WebPage","@id":"https:\/\/www.koupeltech.com\/index.php\/produkt\/happypeople-detska-matrace-arctic-friends-cca-67x43-cm-originalni-63120\/","url":"https:\/\/www.koupeltech.com\/index.php\/produkt\/happypeople-detska-matrace-arctic-friends-cca-67x43-cm-originalni-63120\/","name":"HappyPeople D\u011btsk\u00e1 matrace Arctic Friends cca. 67x43 cm Origin\u00e1ln\u00ed -","isPartOf":{"@id":"https:\/\/www.koupeltech.com\/#website"},"primaryImageOfPage":{"@id":"https:\/\/www.koupeltech.com\/index.php\/produkt\/happypeople-detska-matrace-arctic-friends-cca-67x43-cm-originalni-63120\/#primaryimage"},"image":{"@id":"https:\/\/www.koupeltech.com\/index.php\/produkt\/happypeople-detska-matrace-arctic-friends-cca-67x43-cm-originalni-63120\/#primaryimage"},"thumbnailUrl":"https:\/\/www.koupeltech.com\/wp-content\/uploads\/2026\/SK0027045-CZ20260425-092328-0-1777080210-1249720-1_160019.webp","datePublished":"2026-04-27T14:05:29+00:00","breadcrumb":{"@id":"https:\/\/www.koupeltech.com\/index.php\/produkt\/happypeople-detska-matrace-arctic-friends-cca-67x43-cm-originalni-63120\/#breadcrumb"},"inLanguage":"cs","potentialAction":[{"@type":"ReadAction","target":["https:\/\/www.koupeltech.com\/index.php\/produkt\/happypeople-detska-matrace-arctic-friends-cca-67x43-cm-originalni-63120\/"]}]},{"@type":"ImageObject","inLanguage":"cs","@id":"https:\/\/www.koupeltech.com\/index.php\/produkt\/happypeople-detska-matrace-arctic-friends-cca-67x43-cm-originalni-63120\/#primaryimage","url":"https:\/\/www.koupeltech.com\/wp-content\/uploads\/2026\/SK0027045-CZ20260425-092328-0-1777080210-1249720-1_160019.webp","contentUrl":"https:\/\/www.koupeltech.com\/wp-content\/uploads\/2026\/SK0027045-CZ20260425-092328-0-1777080210-1249720-1_160019.webp","width":800,"height":800},{"@type":"BreadcrumbList","@id":"https:\/\/www.koupeltech.com\/index.php\/produkt\/happypeople-detska-matrace-arctic-friends-cca-67x43-cm-originalni-63120\/#breadcrumb","itemListElement":[{"@type":"ListItem","position":1,"name":"Home","item":"https:\/\/www.koupeltech.com\/"},{"@type":"ListItem","position":2,"name":"Products","item":"https:\/\/www.koupeltech.com\/index.php\/products\/"},{"@type":"ListItem","position":3,"name":"HappyPeople D\u011btsk\u00e1 matrace Arctic Friends cca. 67&#215;43 cm Origin\u00e1ln\u00ed"}]},{"@type":"WebSite","@id":"https:\/\/www.koupeltech.com\/#website","url":"https:\/\/www.koupeltech.com\/","name":"","description":"","potentialAction":[{"@type":"SearchAction","target":{"@type":"EntryPoint","urlTemplate":"https:\/\/www.koupeltech.com\/?s={search_term_string}"},"query-input":{"@type":"PropertyValueSpecification","valueRequired":true,"valueName":"search_term_string"}}],"inLanguage":"cs"}]}},"_links":{"self":[{"href":"https:\/\/www.koupeltech.com\/index.php\/wp-json\/wp\/v2\/product\/63120","targetHints":{"allow":["GET"]}}],"collection":[{"href":"https:\/\/www.koupeltech.com\/index.php\/wp-json\/wp\/v2\/product"}],"about":[{"href":"https:\/\/www.koupeltech.com\/index.php\/wp-json\/wp\/v2\/types\/product"}],"replies":[{"embeddable":true,"href":"https:\/\/www.koupeltech.com\/index.php\/wp-json\/wp\/v2\/comments?post=63120"}],"wp:featuredmedia":[{"embeddable":true,"href":"https:\/\/www.koupeltech.com\/index.php\/wp-json\/wp\/v2\/media\/63220"}],"wp:attachment":[{"href":"https:\/\/www.koupeltech.com\/index.php\/wp-json\/wp\/v2\/media?parent=63120"}],"wp:term":[{"taxonomy":"product_brand","embeddable":true,"href":"https:\/\/www.koupeltech.com\/index.php\/wp-json\/wp\/v2\/product_brand?post=63120"},{"taxonomy":"product_cat","embeddable":true,"href":"https:\/\/www.koupeltech.com\/index.php\/wp-json\/wp\/v2\/product_cat?post=63120"},{"taxonomy":"product_tag","embeddable":true,"href":"https:\/\/www.koupeltech.com\/index.php\/wp-json\/wp\/v2\/product_tag?post=63120"}],"curies":[{"name":"wp","href":"https:\/\/api.w.org\/{rel}","templated":true}]}}