{"id":63146,"date":"2026-04-27T14:05:29","date_gmt":"2026-04-27T14:05:29","guid":{"rendered":""},"modified":"2026-04-27T14:05:29","modified_gmt":"2026-04-27T14:05:29","slug":"znackovy-metabo-pilovy-kotouc-hw-ct-254-x-30-mm-48-zubu-628221000-63146","status":"publish","type":"product","link":"https:\/\/www.koupeltech.com\/index.php\/produkt\/znackovy-metabo-pilovy-kotouc-hw-ct-254-x-30-mm-48-zubu-628221000-63146\/","title":{"rendered":"Zna\u010dkov\u00fd Metabo Pilov\u00fd kotou\u010d HW\/CT 254 x 30 mm, 48 zub\u016f, 628221000"},"content":{"rendered":"<table>\n<div class=\"tab-pane active product-description\" id=\"popis\" role=\"tabpanel\">\n<div class=\"short-description\" itemprop=\"description\"><\/div>\n<div class=\"description\">\n<p><span class=\"bullet-line\">Velmi \u0161irok\u00e9 spektrum pou\u017eit\u00ed p\u0159i zpracov\u00e1n\u00ed d\u0159eva<\/span><br \/><span class=\"bullet-line\">Pro velmi dobr\u00e9, \u010dist\u00e9 v\u00fdsledky \u0159ez\u00e1n\u00ed u pod\u00e9ln\u00fdch a p\u0159\u00ed\u010dn\u00fdch \u0159ez\u016f do m\u011bkk\u00e9ho a tvrd\u00e9ho d\u0159eva<\/span><br \/><span class=\"bullet-line\">Perfektn\u011b vhodn\u00e9 pro masivn\u00ed a vrstven\u00e9 d\u0159evo, d\u0159evot\u0159\u00edskov\u00e9 desky surov\u00e9, povrstven\u00e9 nebo d\u00fdhovan\u00e9, st\u0159edn\u011b tvrd\u00e9 vl\u00e1knit\u00e9 desky, kompozitn\u00ed materi\u00e1ly*<\/span><br \/><span class=\"bullet-line\">Nutn\u00e1 v\u00fdkonn\u011bj\u0161\u00ed okru\u017en\u00ed pila<\/span><br \/><span class=\"bullet-line\">Obzvl\u00e1\u0161\u0165 vysok\u00e1 \u017eivotnost d\u00edky nejlep\u0161\u00ed kvalit\u011b tvrdokovu a jemn\u011b brou\u0161en\u00fdm zub\u016fm<\/span><br \/><span class=\"bullet-line\">Precizn\u00ed, nehlu\u010dn\u00e9 \u0159ezy s minimalizovan\u00fdmi vibracemi d\u00edky laserem zhotoven\u00fdm dilata\u010dn\u00edm z\u00e1\u0159ez\u016fm (a \u010d\u00e1ste\u010dn\u011b laserem vytvo\u0159en\u00e9 ornamenty), a tak\u00e9 d\u00edky laserem zhotoven\u00fdm kmenov\u00fdm list\u016fm z vysoce kvalitn\u00ed oceli<\/span><br \/><span class=\"bullet-line\">Up\u00edn\u00e1n\u00ed u pilov\u00fdch kotou\u010d\u016f s \u00d8 216, 250 a s pr\u016fm\u011brem nad 300 mm<\/span><\/p>\n<\/div>\n<div class=\"parameters\">\n<tr>\n<td>Materi\u00e1l<\/td>\n<td>HW\/CT<\/td>\n<\/tr>\n<tr>\n<td>Po\u010det zub\u016f<\/td>\n<td>48<\/td>\n<\/tr>\n<tr>\n<td>Tvar zub\u016f<\/td>\n<td>WZ<\/td>\n<\/tr>\n<tr>\n<td>Vhodn\u00fd pro<\/td>\n<td>KS 254 Plus \/ KGS 254 M \/ KGS 254 Plus \/ KGS 254 I Plus<\/td>\n<\/tr>\n<tr>\n<td>Obal<\/td>\n<td>Lepenkov\u00e1 krabice<\/td>\n<\/tr>\n<tr>\n<td>\u00dahel \u010dela<\/td>\n<td>5\u00b0 neg.<\/td>\n<\/tr>\n<tr>\n<td>Tlou\u0161\u0165ka kmenov\u00e9ho kotou\u010de<\/td>\n<td>1.8 mm<\/td>\n<\/tr>\n<tr>\n<td>Pr\u016fm\u011br x \u0159ezn\u00e1 \u0161\u00ed\u0159e x vrt\u00e1n\u00ed<\/td>\n<td>254 x 2.4 x 30 mm<\/td>\n<\/tr><\/div>\n<\/table>\n","protected":false},"excerpt":{"rendered":"<p>Velmi \u0161irok\u00e9 spektrum pou\u017eit\u00ed p\u0159i zpracov\u00e1n\u00ed d\u0159evaPro velmi dobr\u00e9, \u010dist\u00e9 v\u00fdsledky \u0159ez\u00e1n\u00ed u pod\u00e9ln\u00fdch a p\u0159\u00ed\u010dn\u00fdch \u0159ez\u016f do m\u011bkk\u00e9ho a tvrd\u00e9ho d\u0159evaPerfektn\u011b vhodn\u00e9 pro masivn\u00ed a vrstven\u00e9 d\u0159evo, d\u0159evot\u0159\u00edskov\u00e9 desky surov\u00e9, povrstven\u00e9 nebo d\u00fdhovan\u00e9, st\u0159edn\u011b tvrd\u00e9 vl\u00e1knit\u00e9 desky, kompozitn\u00ed materi\u00e1ly*Nutn\u00e1 v\u00fdkonn\u011bj\u0161\u00ed okru\u017en\u00ed pilaObzvl\u00e1\u0161\u0165 vysok\u00e1 \u017eivotnost d\u00edky nejlep\u0161\u00ed kvalit\u011b tvrdokovu a jemn\u011b brou\u0161en\u00fdm zub\u016fmPrecizn\u00ed, nehlu\u010dn\u00e9 \u0159ezy [&hellip;]<\/p>\n","protected":false},"featured_media":63246,"comment_status":"open","ping_status":"open","template":"","meta":[],"product_brand":[],"product_cat":[43],"product_tag":[],"class_list":{"0":"post-63146","1":"product","2":"type-product","3":"status-publish","4":"has-post-thumbnail","6":"product_cat-naradi","8":"first","9":"instock","10":"sale","11":"shipping-taxable","12":"purchasable","13":"product-type-simple"},"yoast_head":"<!-- This site is optimized with the Yoast SEO plugin v26.8 - https:\/\/yoast.com\/product\/yoast-seo-wordpress\/ -->\n<title>Zna\u010dkov\u00fd Metabo Pilov\u00fd kotou\u010d HW\/CT 254 x 30 mm, 48 zub\u016f, 628221000 -<\/title>\n<meta name=\"robots\" content=\"index, follow, max-snippet:-1, max-image-preview:large, max-video-preview:-1\" \/>\n<link rel=\"canonical\" href=\"https:\/\/www.koupeltech.com\/index.php\/produkt\/znackovy-metabo-pilovy-kotouc-hw-ct-254-x-30-mm-48-zubu-628221000-63146\/\" \/>\n<meta property=\"og:locale\" content=\"cs_CZ\" \/>\n<meta property=\"og:type\" content=\"article\" \/>\n<meta property=\"og:title\" content=\"Zna\u010dkov\u00fd Metabo Pilov\u00fd kotou\u010d HW\/CT 254 x 30 mm, 48 zub\u016f, 628221000 -\" \/>\n<meta property=\"og:description\" content=\"Velmi \u0161irok\u00e9 spektrum pou\u017eit\u00ed p\u0159i zpracov\u00e1n\u00ed d\u0159evaPro velmi dobr\u00e9, \u010dist\u00e9 v\u00fdsledky \u0159ez\u00e1n\u00ed u pod\u00e9ln\u00fdch a p\u0159\u00ed\u010dn\u00fdch \u0159ez\u016f do m\u011bkk\u00e9ho a tvrd\u00e9ho d\u0159evaPerfektn\u011b vhodn\u00e9 pro masivn\u00ed a vrstven\u00e9 d\u0159evo, d\u0159evot\u0159\u00edskov\u00e9 desky surov\u00e9, povrstven\u00e9 nebo d\u00fdhovan\u00e9, st\u0159edn\u011b tvrd\u00e9 vl\u00e1knit\u00e9 desky, kompozitn\u00ed materi\u00e1ly*Nutn\u00e1 v\u00fdkonn\u011bj\u0161\u00ed okru\u017en\u00ed pilaObzvl\u00e1\u0161\u0165 vysok\u00e1 \u017eivotnost d\u00edky nejlep\u0161\u00ed kvalit\u011b tvrdokovu a jemn\u011b brou\u0161en\u00fdm zub\u016fmPrecizn\u00ed, nehlu\u010dn\u00e9 \u0159ezy [&hellip;]\" \/>\n<meta property=\"og:url\" content=\"https:\/\/www.koupeltech.com\/index.php\/produkt\/znackovy-metabo-pilovy-kotouc-hw-ct-254-x-30-mm-48-zubu-628221000-63146\/\" \/>\n<meta property=\"og:image\" content=\"https:\/\/www.koupeltech.com\/wp-content\/uploads\/2026\/SK0027071-CZ20260425-092328-0-1777080210-2822100s_51.webp\" \/>\n\t<meta property=\"og:image:width\" content=\"699\" \/>\n\t<meta property=\"og:image:height\" content=\"466\" \/>\n\t<meta property=\"og:image:type\" content=\"image\/webp\" \/>\n<meta name=\"twitter:card\" content=\"summary_large_image\" \/>\n<meta name=\"twitter:label1\" content=\"Odhadovan\u00e1 doba \u010dten\u00ed\" \/>\n\t<meta name=\"twitter:data1\" content=\"1 minuta\" \/>\n<script type=\"application\/ld+json\" class=\"yoast-schema-graph\">{\"@context\":\"https:\/\/schema.org\",\"@graph\":[{\"@type\":\"WebPage\",\"@id\":\"https:\/\/www.koupeltech.com\/index.php\/produkt\/znackovy-metabo-pilovy-kotouc-hw-ct-254-x-30-mm-48-zubu-628221000-63146\/\",\"url\":\"https:\/\/www.koupeltech.com\/index.php\/produkt\/znackovy-metabo-pilovy-kotouc-hw-ct-254-x-30-mm-48-zubu-628221000-63146\/\",\"name\":\"Zna\u010dkov\u00fd Metabo Pilov\u00fd kotou\u010d HW\/CT 254 x 30 mm, 48 zub\u016f, 628221000 -\",\"isPartOf\":{\"@id\":\"https:\/\/www.koupeltech.com\/#website\"},\"primaryImageOfPage\":{\"@id\":\"https:\/\/www.koupeltech.com\/index.php\/produkt\/znackovy-metabo-pilovy-kotouc-hw-ct-254-x-30-mm-48-zubu-628221000-63146\/#primaryimage\"},\"image\":{\"@id\":\"https:\/\/www.koupeltech.com\/index.php\/produkt\/znackovy-metabo-pilovy-kotouc-hw-ct-254-x-30-mm-48-zubu-628221000-63146\/#primaryimage\"},\"thumbnailUrl\":\"https:\/\/www.koupeltech.com\/wp-content\/uploads\/2026\/SK0027071-CZ20260425-092328-0-1777080210-2822100s_51.webp\",\"datePublished\":\"2026-04-27T14:05:29+00:00\",\"breadcrumb\":{\"@id\":\"https:\/\/www.koupeltech.com\/index.php\/produkt\/znackovy-metabo-pilovy-kotouc-hw-ct-254-x-30-mm-48-zubu-628221000-63146\/#breadcrumb\"},\"inLanguage\":\"cs\",\"potentialAction\":[{\"@type\":\"ReadAction\",\"target\":[\"https:\/\/www.koupeltech.com\/index.php\/produkt\/znackovy-metabo-pilovy-kotouc-hw-ct-254-x-30-mm-48-zubu-628221000-63146\/\"]}]},{\"@type\":\"ImageObject\",\"inLanguage\":\"cs\",\"@id\":\"https:\/\/www.koupeltech.com\/index.php\/produkt\/znackovy-metabo-pilovy-kotouc-hw-ct-254-x-30-mm-48-zubu-628221000-63146\/#primaryimage\",\"url\":\"https:\/\/www.koupeltech.com\/wp-content\/uploads\/2026\/SK0027071-CZ20260425-092328-0-1777080210-2822100s_51.webp\",\"contentUrl\":\"https:\/\/www.koupeltech.com\/wp-content\/uploads\/2026\/SK0027071-CZ20260425-092328-0-1777080210-2822100s_51.webp\",\"width\":699,\"height\":466},{\"@type\":\"BreadcrumbList\",\"@id\":\"https:\/\/www.koupeltech.com\/index.php\/produkt\/znackovy-metabo-pilovy-kotouc-hw-ct-254-x-30-mm-48-zubu-628221000-63146\/#breadcrumb\",\"itemListElement\":[{\"@type\":\"ListItem\",\"position\":1,\"name\":\"Home\",\"item\":\"https:\/\/www.koupeltech.com\/\"},{\"@type\":\"ListItem\",\"position\":2,\"name\":\"Products\",\"item\":\"https:\/\/www.koupeltech.com\/index.php\/products\/\"},{\"@type\":\"ListItem\",\"position\":3,\"name\":\"Zna\u010dkov\u00fd Metabo Pilov\u00fd kotou\u010d HW\/CT 254 x 30 mm, 48 zub\u016f, 628221000\"}]},{\"@type\":\"WebSite\",\"@id\":\"https:\/\/www.koupeltech.com\/#website\",\"url\":\"https:\/\/www.koupeltech.com\/\",\"name\":\"\",\"description\":\"\",\"potentialAction\":[{\"@type\":\"SearchAction\",\"target\":{\"@type\":\"EntryPoint\",\"urlTemplate\":\"https:\/\/www.koupeltech.com\/?s={search_term_string}\"},\"query-input\":{\"@type\":\"PropertyValueSpecification\",\"valueRequired\":true,\"valueName\":\"search_term_string\"}}],\"inLanguage\":\"cs\"}]}<\/script>\n<!-- \/ Yoast SEO plugin. -->","yoast_head_json":{"title":"Zna\u010dkov\u00fd Metabo Pilov\u00fd kotou\u010d HW\/CT 254 x 30 mm, 48 zub\u016f, 628221000 -","robots":{"index":"index","follow":"follow","max-snippet":"max-snippet:-1","max-image-preview":"max-image-preview:large","max-video-preview":"max-video-preview:-1"},"canonical":"https:\/\/www.koupeltech.com\/index.php\/produkt\/znackovy-metabo-pilovy-kotouc-hw-ct-254-x-30-mm-48-zubu-628221000-63146\/","og_locale":"cs_CZ","og_type":"article","og_title":"Zna\u010dkov\u00fd Metabo Pilov\u00fd kotou\u010d HW\/CT 254 x 30 mm, 48 zub\u016f, 628221000 -","og_description":"Velmi \u0161irok\u00e9 spektrum pou\u017eit\u00ed p\u0159i zpracov\u00e1n\u00ed d\u0159evaPro velmi dobr\u00e9, \u010dist\u00e9 v\u00fdsledky \u0159ez\u00e1n\u00ed u pod\u00e9ln\u00fdch a p\u0159\u00ed\u010dn\u00fdch \u0159ez\u016f do m\u011bkk\u00e9ho a tvrd\u00e9ho d\u0159evaPerfektn\u011b vhodn\u00e9 pro masivn\u00ed a vrstven\u00e9 d\u0159evo, d\u0159evot\u0159\u00edskov\u00e9 desky surov\u00e9, povrstven\u00e9 nebo d\u00fdhovan\u00e9, st\u0159edn\u011b tvrd\u00e9 vl\u00e1knit\u00e9 desky, kompozitn\u00ed materi\u00e1ly*Nutn\u00e1 v\u00fdkonn\u011bj\u0161\u00ed okru\u017en\u00ed pilaObzvl\u00e1\u0161\u0165 vysok\u00e1 \u017eivotnost d\u00edky nejlep\u0161\u00ed kvalit\u011b tvrdokovu a jemn\u011b brou\u0161en\u00fdm zub\u016fmPrecizn\u00ed, nehlu\u010dn\u00e9 \u0159ezy [&hellip;]","og_url":"https:\/\/www.koupeltech.com\/index.php\/produkt\/znackovy-metabo-pilovy-kotouc-hw-ct-254-x-30-mm-48-zubu-628221000-63146\/","og_image":[{"width":699,"height":466,"url":"https:\/\/www.koupeltech.com\/wp-content\/uploads\/2026\/SK0027071-CZ20260425-092328-0-1777080210-2822100s_51.webp","type":"image\/webp"}],"twitter_card":"summary_large_image","twitter_misc":{"Odhadovan\u00e1 doba \u010dten\u00ed":"1 minuta"},"schema":{"@context":"https:\/\/schema.org","@graph":[{"@type":"WebPage","@id":"https:\/\/www.koupeltech.com\/index.php\/produkt\/znackovy-metabo-pilovy-kotouc-hw-ct-254-x-30-mm-48-zubu-628221000-63146\/","url":"https:\/\/www.koupeltech.com\/index.php\/produkt\/znackovy-metabo-pilovy-kotouc-hw-ct-254-x-30-mm-48-zubu-628221000-63146\/","name":"Zna\u010dkov\u00fd Metabo Pilov\u00fd kotou\u010d HW\/CT 254 x 30 mm, 48 zub\u016f, 628221000 -","isPartOf":{"@id":"https:\/\/www.koupeltech.com\/#website"},"primaryImageOfPage":{"@id":"https:\/\/www.koupeltech.com\/index.php\/produkt\/znackovy-metabo-pilovy-kotouc-hw-ct-254-x-30-mm-48-zubu-628221000-63146\/#primaryimage"},"image":{"@id":"https:\/\/www.koupeltech.com\/index.php\/produkt\/znackovy-metabo-pilovy-kotouc-hw-ct-254-x-30-mm-48-zubu-628221000-63146\/#primaryimage"},"thumbnailUrl":"https:\/\/www.koupeltech.com\/wp-content\/uploads\/2026\/SK0027071-CZ20260425-092328-0-1777080210-2822100s_51.webp","datePublished":"2026-04-27T14:05:29+00:00","breadcrumb":{"@id":"https:\/\/www.koupeltech.com\/index.php\/produkt\/znackovy-metabo-pilovy-kotouc-hw-ct-254-x-30-mm-48-zubu-628221000-63146\/#breadcrumb"},"inLanguage":"cs","potentialAction":[{"@type":"ReadAction","target":["https:\/\/www.koupeltech.com\/index.php\/produkt\/znackovy-metabo-pilovy-kotouc-hw-ct-254-x-30-mm-48-zubu-628221000-63146\/"]}]},{"@type":"ImageObject","inLanguage":"cs","@id":"https:\/\/www.koupeltech.com\/index.php\/produkt\/znackovy-metabo-pilovy-kotouc-hw-ct-254-x-30-mm-48-zubu-628221000-63146\/#primaryimage","url":"https:\/\/www.koupeltech.com\/wp-content\/uploads\/2026\/SK0027071-CZ20260425-092328-0-1777080210-2822100s_51.webp","contentUrl":"https:\/\/www.koupeltech.com\/wp-content\/uploads\/2026\/SK0027071-CZ20260425-092328-0-1777080210-2822100s_51.webp","width":699,"height":466},{"@type":"BreadcrumbList","@id":"https:\/\/www.koupeltech.com\/index.php\/produkt\/znackovy-metabo-pilovy-kotouc-hw-ct-254-x-30-mm-48-zubu-628221000-63146\/#breadcrumb","itemListElement":[{"@type":"ListItem","position":1,"name":"Home","item":"https:\/\/www.koupeltech.com\/"},{"@type":"ListItem","position":2,"name":"Products","item":"https:\/\/www.koupeltech.com\/index.php\/products\/"},{"@type":"ListItem","position":3,"name":"Zna\u010dkov\u00fd Metabo Pilov\u00fd kotou\u010d HW\/CT 254 x 30 mm, 48 zub\u016f, 628221000"}]},{"@type":"WebSite","@id":"https:\/\/www.koupeltech.com\/#website","url":"https:\/\/www.koupeltech.com\/","name":"","description":"","potentialAction":[{"@type":"SearchAction","target":{"@type":"EntryPoint","urlTemplate":"https:\/\/www.koupeltech.com\/?s={search_term_string}"},"query-input":{"@type":"PropertyValueSpecification","valueRequired":true,"valueName":"search_term_string"}}],"inLanguage":"cs"}]}},"_links":{"self":[{"href":"https:\/\/www.koupeltech.com\/index.php\/wp-json\/wp\/v2\/product\/63146","targetHints":{"allow":["GET"]}}],"collection":[{"href":"https:\/\/www.koupeltech.com\/index.php\/wp-json\/wp\/v2\/product"}],"about":[{"href":"https:\/\/www.koupeltech.com\/index.php\/wp-json\/wp\/v2\/types\/product"}],"replies":[{"embeddable":true,"href":"https:\/\/www.koupeltech.com\/index.php\/wp-json\/wp\/v2\/comments?post=63146"}],"wp:featuredmedia":[{"embeddable":true,"href":"https:\/\/www.koupeltech.com\/index.php\/wp-json\/wp\/v2\/media\/63246"}],"wp:attachment":[{"href":"https:\/\/www.koupeltech.com\/index.php\/wp-json\/wp\/v2\/media?parent=63146"}],"wp:term":[{"taxonomy":"product_brand","embeddable":true,"href":"https:\/\/www.koupeltech.com\/index.php\/wp-json\/wp\/v2\/product_brand?post=63146"},{"taxonomy":"product_cat","embeddable":true,"href":"https:\/\/www.koupeltech.com\/index.php\/wp-json\/wp\/v2\/product_cat?post=63146"},{"taxonomy":"product_tag","embeddable":true,"href":"https:\/\/www.koupeltech.com\/index.php\/wp-json\/wp\/v2\/product_tag?post=63146"}],"curies":[{"name":"wp","href":"https:\/\/api.w.org\/{rel}","templated":true}]}}