{"id":63176,"date":"2026-04-27T14:05:29","date_gmt":"2026-04-27T14:05:29","guid":{"rendered":""},"modified":"2026-04-27T14:05:29","modified_gmt":"2026-04-27T14:05:29","slug":"znackovy-naftove-topidlo-bgo1601-20-max-20kw-63176","status":"publish","type":"product","link":"https:\/\/www.koupeltech.com\/index.php\/produkt\/znackovy-naftove-topidlo-bgo1601-20-max-20kw-63176\/","title":{"rendered":"Zna\u010dkov\u00fd Naftov\u00e9 topidlo BGO1601-20, max. 20kW"},"content":{"rendered":"<table>\n<div class=\"tab-pane active product-description\" id=\"popis\" role=\"tabpanel\">\n<div class=\"short-description\" itemprop=\"description\"><\/div>\n<div class=\"description\"><span class='bullet-line'>Naftov\u00e9 topidlo BGO1601-20, s maxim\u00e1ln\u00edm topn\u00fdm v\u00fdkonem 20 kW<\/span><\/div>\n<div class=\"parameters\">\n<tr>\n<td>Teplota oh\u0159\u00e1t\u00e9ho vzduchu:<\/td>\n<td>800 \u00b0 C<\/td>\n<\/tr>\n<tr>\n<td>Proud:<\/td>\n<td>1,13 A<\/td>\n<\/tr>\n<tr>\n<td>Nep\u0159etr\u017eit\u00fd provoz:<\/td>\n<td>10 h<\/td>\n<\/tr>\n<tr>\n<td>V\u00fdrobce<\/td>\n<td>0033<\/td>\n<\/tr>\n<tr>\n<td>D\u00e9lka kabelu<\/td>\n<td>0.00 m<\/td>\n<\/tr>\n<tr>\n<td>Hmotnost<\/td>\n<td>&#8212;<\/td>\n<\/tr>\n<tr>\n<td>Kapacita aku<\/td>\n<td>0.00 Ah<\/td>\n<\/tr>\n<tr>\n<td>Nap\u011bt\u00ed<\/td>\n<td>230.00 V<\/td>\n<\/tr>\n<tr>\n<td>Objem palivov\u00e9 n\u00e1dr\u017ee<\/td>\n<td>19l<\/td>\n<\/tr>\n<tr>\n<td>Pohon<\/td>\n<td>Nafta\/ELTO<\/td>\n<\/tr>\n<tr>\n<td>Pr\u016ftok vzduchu<\/td>\n<td>550.00 m3\/h<\/td>\n<\/tr>\n<tr>\n<td>P\u0159\u00edkon<\/td>\n<td>0.00 W<\/td>\n<\/tr>\n<tr>\n<td>Po\u010det dostupn\u00fdch akumul\u00e1tor\u016f<\/td>\n<td>0<\/td>\n<\/tr>\n<tr>\n<td>Rozm\u011br<\/td>\n<td>750x315x415mm<\/td>\n<\/tr>\n<tr>\n<td>Spot\u0159eba paliva<\/td>\n<td>1.9l\/h<\/td>\n<\/tr>\n<tr>\n<td>Tlak<\/td>\n<td>0.00 bar<\/td>\n<\/tr>\n<tr>\n<td>Topn\u00fd v\u00fdkon<\/td>\n<td>20000 W<\/td>\n<\/tr>\n<tr>\n<td>Typ akumul\u00e1toru<\/td>\n<td>&#8212;<\/td>\n<\/tr>\n<tr>\n<td>V\u00fdkon<\/td>\n<td>0.00 W<\/td>\n<\/tr>\n<tr>\n<td>Standardn\u00ed v\u00fdbava<\/td>\n<td>1x naftov\u00e9 topidlo BGO1601-20, max. 20kW<\/td>\n<\/tr><\/div>\n<\/table>\n","protected":false},"excerpt":{"rendered":"<p>Naftov\u00e9 topidlo BGO1601-20, s maxim\u00e1ln\u00edm topn\u00fdm v\u00fdkonem 20 kW Teplota oh\u0159\u00e1t\u00e9ho vzduchu: 800 \u00b0 C Proud: 1,13 A Nep\u0159etr\u017eit\u00fd provoz: 10 h V\u00fdrobce 0033 D\u00e9lka kabelu 0.00 m Hmotnost &#8212; Kapacita aku 0.00 Ah Nap\u011bt\u00ed 230.00 V Objem palivov\u00e9 n\u00e1dr\u017ee 19l Pohon Nafta\/ELTO Pr\u016ftok vzduchu 550.00 m3\/h P\u0159\u00edkon 0.00 W Po\u010det dostupn\u00fdch akumul\u00e1tor\u016f 0 Rozm\u011br [&hellip;]<\/p>\n","protected":false},"featured_media":63276,"comment_status":"open","ping_status":"open","template":"","meta":[],"product_brand":[],"product_cat":[50],"product_tag":[],"class_list":{"0":"post-63176","1":"product","2":"type-product","3":"status-publish","4":"has-post-thumbnail","6":"product_cat-stavebni-technika","8":"first","9":"instock","10":"sale","11":"shipping-taxable","12":"purchasable","13":"product-type-simple"},"yoast_head":"<!-- This site is optimized with the Yoast SEO plugin v26.8 - https:\/\/yoast.com\/product\/yoast-seo-wordpress\/ -->\n<title>Zna\u010dkov\u00fd Naftov\u00e9 topidlo BGO1601-20, max. 20kW -<\/title>\n<meta name=\"robots\" content=\"index, follow, max-snippet:-1, max-image-preview:large, max-video-preview:-1\" \/>\n<link rel=\"canonical\" href=\"https:\/\/www.koupeltech.com\/index.php\/produkt\/znackovy-naftove-topidlo-bgo1601-20-max-20kw-63176\/\" \/>\n<meta property=\"og:locale\" content=\"cs_CZ\" \/>\n<meta property=\"og:type\" content=\"article\" \/>\n<meta property=\"og:title\" content=\"Zna\u010dkov\u00fd Naftov\u00e9 topidlo BGO1601-20, max. 20kW -\" \/>\n<meta property=\"og:description\" content=\"Naftov\u00e9 topidlo BGO1601-20, s maxim\u00e1ln\u00edm topn\u00fdm v\u00fdkonem 20 kW Teplota oh\u0159\u00e1t\u00e9ho vzduchu: 800 \u00b0 C Proud: 1,13 A Nep\u0159etr\u017eit\u00fd provoz: 10 h V\u00fdrobce 0033 D\u00e9lka kabelu 0.00 m Hmotnost &#8212; Kapacita aku 0.00 Ah Nap\u011bt\u00ed 230.00 V Objem palivov\u00e9 n\u00e1dr\u017ee 19l Pohon Nafta\/ELTO Pr\u016ftok vzduchu 550.00 m3\/h P\u0159\u00edkon 0.00 W Po\u010det dostupn\u00fdch akumul\u00e1tor\u016f 0 Rozm\u011br [&hellip;]\" \/>\n<meta property=\"og:url\" content=\"https:\/\/www.koupeltech.com\/index.php\/produkt\/znackovy-naftove-topidlo-bgo1601-20-max-20kw-63176\/\" \/>\n<meta property=\"og:image\" content=\"https:\/\/www.koupeltech.com\/wp-content\/uploads\/2026\/SK0027101-CZ20260425-092328-0-1777080210-283aaf8215af4d6cff40c8a994a930a1064d82c2..webp\" \/>\n\t<meta property=\"og:image:width\" content=\"570\" \/>\n\t<meta property=\"og:image:height\" content=\"570\" \/>\n\t<meta property=\"og:image:type\" content=\"image\/webp\" \/>\n<meta name=\"twitter:card\" content=\"summary_large_image\" \/>\n<script type=\"application\/ld+json\" class=\"yoast-schema-graph\">{\"@context\":\"https:\/\/schema.org\",\"@graph\":[{\"@type\":\"WebPage\",\"@id\":\"https:\/\/www.koupeltech.com\/index.php\/produkt\/znackovy-naftove-topidlo-bgo1601-20-max-20kw-63176\/\",\"url\":\"https:\/\/www.koupeltech.com\/index.php\/produkt\/znackovy-naftove-topidlo-bgo1601-20-max-20kw-63176\/\",\"name\":\"Zna\u010dkov\u00fd Naftov\u00e9 topidlo BGO1601-20, max. 20kW -\",\"isPartOf\":{\"@id\":\"https:\/\/www.koupeltech.com\/#website\"},\"primaryImageOfPage\":{\"@id\":\"https:\/\/www.koupeltech.com\/index.php\/produkt\/znackovy-naftove-topidlo-bgo1601-20-max-20kw-63176\/#primaryimage\"},\"image\":{\"@id\":\"https:\/\/www.koupeltech.com\/index.php\/produkt\/znackovy-naftove-topidlo-bgo1601-20-max-20kw-63176\/#primaryimage\"},\"thumbnailUrl\":\"https:\/\/www.koupeltech.com\/wp-content\/uploads\/2026\/SK0027101-CZ20260425-092328-0-1777080210-283aaf8215af4d6cff40c8a994a930a1064d82c2..webp\",\"datePublished\":\"2026-04-27T14:05:29+00:00\",\"breadcrumb\":{\"@id\":\"https:\/\/www.koupeltech.com\/index.php\/produkt\/znackovy-naftove-topidlo-bgo1601-20-max-20kw-63176\/#breadcrumb\"},\"inLanguage\":\"cs\",\"potentialAction\":[{\"@type\":\"ReadAction\",\"target\":[\"https:\/\/www.koupeltech.com\/index.php\/produkt\/znackovy-naftove-topidlo-bgo1601-20-max-20kw-63176\/\"]}]},{\"@type\":\"ImageObject\",\"inLanguage\":\"cs\",\"@id\":\"https:\/\/www.koupeltech.com\/index.php\/produkt\/znackovy-naftove-topidlo-bgo1601-20-max-20kw-63176\/#primaryimage\",\"url\":\"https:\/\/www.koupeltech.com\/wp-content\/uploads\/2026\/SK0027101-CZ20260425-092328-0-1777080210-283aaf8215af4d6cff40c8a994a930a1064d82c2..webp\",\"contentUrl\":\"https:\/\/www.koupeltech.com\/wp-content\/uploads\/2026\/SK0027101-CZ20260425-092328-0-1777080210-283aaf8215af4d6cff40c8a994a930a1064d82c2..webp\",\"width\":570,\"height\":570},{\"@type\":\"BreadcrumbList\",\"@id\":\"https:\/\/www.koupeltech.com\/index.php\/produkt\/znackovy-naftove-topidlo-bgo1601-20-max-20kw-63176\/#breadcrumb\",\"itemListElement\":[{\"@type\":\"ListItem\",\"position\":1,\"name\":\"Home\",\"item\":\"https:\/\/www.koupeltech.com\/\"},{\"@type\":\"ListItem\",\"position\":2,\"name\":\"Products\",\"item\":\"https:\/\/www.koupeltech.com\/index.php\/products\/\"},{\"@type\":\"ListItem\",\"position\":3,\"name\":\"Zna\u010dkov\u00fd Naftov\u00e9 topidlo BGO1601-20, max. 20kW\"}]},{\"@type\":\"WebSite\",\"@id\":\"https:\/\/www.koupeltech.com\/#website\",\"url\":\"https:\/\/www.koupeltech.com\/\",\"name\":\"\",\"description\":\"\",\"potentialAction\":[{\"@type\":\"SearchAction\",\"target\":{\"@type\":\"EntryPoint\",\"urlTemplate\":\"https:\/\/www.koupeltech.com\/?s={search_term_string}\"},\"query-input\":{\"@type\":\"PropertyValueSpecification\",\"valueRequired\":true,\"valueName\":\"search_term_string\"}}],\"inLanguage\":\"cs\"}]}<\/script>\n<!-- \/ Yoast SEO plugin. -->","yoast_head_json":{"title":"Zna\u010dkov\u00fd Naftov\u00e9 topidlo BGO1601-20, max. 20kW -","robots":{"index":"index","follow":"follow","max-snippet":"max-snippet:-1","max-image-preview":"max-image-preview:large","max-video-preview":"max-video-preview:-1"},"canonical":"https:\/\/www.koupeltech.com\/index.php\/produkt\/znackovy-naftove-topidlo-bgo1601-20-max-20kw-63176\/","og_locale":"cs_CZ","og_type":"article","og_title":"Zna\u010dkov\u00fd Naftov\u00e9 topidlo BGO1601-20, max. 20kW -","og_description":"Naftov\u00e9 topidlo BGO1601-20, s maxim\u00e1ln\u00edm topn\u00fdm v\u00fdkonem 20 kW Teplota oh\u0159\u00e1t\u00e9ho vzduchu: 800 \u00b0 C Proud: 1,13 A Nep\u0159etr\u017eit\u00fd provoz: 10 h V\u00fdrobce 0033 D\u00e9lka kabelu 0.00 m Hmotnost &#8212; Kapacita aku 0.00 Ah Nap\u011bt\u00ed 230.00 V Objem palivov\u00e9 n\u00e1dr\u017ee 19l Pohon Nafta\/ELTO Pr\u016ftok vzduchu 550.00 m3\/h P\u0159\u00edkon 0.00 W Po\u010det dostupn\u00fdch akumul\u00e1tor\u016f 0 Rozm\u011br [&hellip;]","og_url":"https:\/\/www.koupeltech.com\/index.php\/produkt\/znackovy-naftove-topidlo-bgo1601-20-max-20kw-63176\/","og_image":[{"width":570,"height":570,"url":"https:\/\/www.koupeltech.com\/wp-content\/uploads\/2026\/SK0027101-CZ20260425-092328-0-1777080210-283aaf8215af4d6cff40c8a994a930a1064d82c2..webp","type":"image\/webp"}],"twitter_card":"summary_large_image","schema":{"@context":"https:\/\/schema.org","@graph":[{"@type":"WebPage","@id":"https:\/\/www.koupeltech.com\/index.php\/produkt\/znackovy-naftove-topidlo-bgo1601-20-max-20kw-63176\/","url":"https:\/\/www.koupeltech.com\/index.php\/produkt\/znackovy-naftove-topidlo-bgo1601-20-max-20kw-63176\/","name":"Zna\u010dkov\u00fd Naftov\u00e9 topidlo BGO1601-20, max. 20kW -","isPartOf":{"@id":"https:\/\/www.koupeltech.com\/#website"},"primaryImageOfPage":{"@id":"https:\/\/www.koupeltech.com\/index.php\/produkt\/znackovy-naftove-topidlo-bgo1601-20-max-20kw-63176\/#primaryimage"},"image":{"@id":"https:\/\/www.koupeltech.com\/index.php\/produkt\/znackovy-naftove-topidlo-bgo1601-20-max-20kw-63176\/#primaryimage"},"thumbnailUrl":"https:\/\/www.koupeltech.com\/wp-content\/uploads\/2026\/SK0027101-CZ20260425-092328-0-1777080210-283aaf8215af4d6cff40c8a994a930a1064d82c2..webp","datePublished":"2026-04-27T14:05:29+00:00","breadcrumb":{"@id":"https:\/\/www.koupeltech.com\/index.php\/produkt\/znackovy-naftove-topidlo-bgo1601-20-max-20kw-63176\/#breadcrumb"},"inLanguage":"cs","potentialAction":[{"@type":"ReadAction","target":["https:\/\/www.koupeltech.com\/index.php\/produkt\/znackovy-naftove-topidlo-bgo1601-20-max-20kw-63176\/"]}]},{"@type":"ImageObject","inLanguage":"cs","@id":"https:\/\/www.koupeltech.com\/index.php\/produkt\/znackovy-naftove-topidlo-bgo1601-20-max-20kw-63176\/#primaryimage","url":"https:\/\/www.koupeltech.com\/wp-content\/uploads\/2026\/SK0027101-CZ20260425-092328-0-1777080210-283aaf8215af4d6cff40c8a994a930a1064d82c2..webp","contentUrl":"https:\/\/www.koupeltech.com\/wp-content\/uploads\/2026\/SK0027101-CZ20260425-092328-0-1777080210-283aaf8215af4d6cff40c8a994a930a1064d82c2..webp","width":570,"height":570},{"@type":"BreadcrumbList","@id":"https:\/\/www.koupeltech.com\/index.php\/produkt\/znackovy-naftove-topidlo-bgo1601-20-max-20kw-63176\/#breadcrumb","itemListElement":[{"@type":"ListItem","position":1,"name":"Home","item":"https:\/\/www.koupeltech.com\/"},{"@type":"ListItem","position":2,"name":"Products","item":"https:\/\/www.koupeltech.com\/index.php\/products\/"},{"@type":"ListItem","position":3,"name":"Zna\u010dkov\u00fd Naftov\u00e9 topidlo BGO1601-20, max. 20kW"}]},{"@type":"WebSite","@id":"https:\/\/www.koupeltech.com\/#website","url":"https:\/\/www.koupeltech.com\/","name":"","description":"","potentialAction":[{"@type":"SearchAction","target":{"@type":"EntryPoint","urlTemplate":"https:\/\/www.koupeltech.com\/?s={search_term_string}"},"query-input":{"@type":"PropertyValueSpecification","valueRequired":true,"valueName":"search_term_string"}}],"inLanguage":"cs"}]}},"_links":{"self":[{"href":"https:\/\/www.koupeltech.com\/index.php\/wp-json\/wp\/v2\/product\/63176","targetHints":{"allow":["GET"]}}],"collection":[{"href":"https:\/\/www.koupeltech.com\/index.php\/wp-json\/wp\/v2\/product"}],"about":[{"href":"https:\/\/www.koupeltech.com\/index.php\/wp-json\/wp\/v2\/types\/product"}],"replies":[{"embeddable":true,"href":"https:\/\/www.koupeltech.com\/index.php\/wp-json\/wp\/v2\/comments?post=63176"}],"wp:featuredmedia":[{"embeddable":true,"href":"https:\/\/www.koupeltech.com\/index.php\/wp-json\/wp\/v2\/media\/63276"}],"wp:attachment":[{"href":"https:\/\/www.koupeltech.com\/index.php\/wp-json\/wp\/v2\/media?parent=63176"}],"wp:term":[{"taxonomy":"product_brand","embeddable":true,"href":"https:\/\/www.koupeltech.com\/index.php\/wp-json\/wp\/v2\/product_brand?post=63176"},{"taxonomy":"product_cat","embeddable":true,"href":"https:\/\/www.koupeltech.com\/index.php\/wp-json\/wp\/v2\/product_cat?post=63176"},{"taxonomy":"product_tag","embeddable":true,"href":"https:\/\/www.koupeltech.com\/index.php\/wp-json\/wp\/v2\/product_tag?post=63176"}],"curies":[{"name":"wp","href":"https:\/\/api.w.org\/{rel}","templated":true}]}}