{"id":63304,"date":"2026-04-27T14:05:31","date_gmt":"2026-04-27T14:05:31","guid":{"rendered":""},"modified":"2026-04-27T14:05:31","modified_gmt":"2026-04-27T14:05:31","slug":"aircraft-r-kompresor-mobilboy-241-24-ac-overeny-63304","status":"publish","type":"product","link":"https:\/\/www.koupeltech.com\/index.php\/produkt\/aircraft-r-kompresor-mobilboy-241-24-ac-overeny-63304\/","title":{"rendered":"Aircraft\u00ae Kompresor Mobilboy 241\/24 AC Ov\u011b\u0159en\u00fd"},"content":{"rendered":"<table>\n<div class=\"tab-pane active product-description\" id=\"popis\" role=\"tabpanel\">\n<div class=\"short-description\" itemprop=\"description\">P\u0159\u00edmo spojen\u00fd mobiln\u00ed kompresor se standardn\u00edm vybaven\u00edm.<\/div>\n<div class=\"description\"><span class='bullet-line'>Vhodn\u00fd pro \u0159emesln\u00edky<br \/><\/span><span class='bullet-line'>Agreg\u00e1t s v\u00fdkonn\u00fdm maz\u00e1n\u00edm oleje p\u0159i sou\u010dasn\u00e9m optim\u00e1ln\u00edm ut\u011bsn\u011bn\u00ed<br \/><\/span><span class='bullet-line'>Regul\u00e1tor tlaku pro plynul\u00e9 nastaven\u00ed po\u017eadovan\u00e9ho pracovn\u00edho tlaku<br \/><\/span><span class='bullet-line'>Odb\u011br stla\u010den\u00e9ho vzduchu p\u0159es rychlospojku<br \/><\/span><br \/>\u27a4 Argumenty<span class='bullet-line'>Vhodn\u00fd pro \u0159emesln\u00edky<br \/><\/span><span class='bullet-line'>Agreg\u00e1t s v\u00fdkonn\u00fdm maz\u00e1n\u00edm oleje p\u0159i sou\u010dasn\u00e9m optim\u00e1ln\u00edm ut\u011bsn\u011bn\u00ed<br \/><\/span><span class='bullet-line'>Regul\u00e1tor tlaku pro plynul\u00e9 nastaven\u00ed po\u017eadovan\u00e9ho pracovn\u00edho tlaku<br \/><\/span><span class='bullet-line'>Odb\u011br stla\u010den\u00e9ho vzduchu p\u0159es rychlospojku<br \/><\/span><span class='bullet-line'>Pln\u011b automatick\u00e9 zap\u00edn\u00e1n\u00ed a vyp\u00edn\u00e1n\u00ed pomoc\u00ed tlakov\u00e9ho sp\u00edna\u010de<br \/><\/span><span class='bullet-line'>Dva manometry ukazuj\u00ed tlak v n\u00e1dob\u011b a pracovn\u00ed tlak<br \/><\/span><span class='bullet-line'>Elektromotor s tepelnou ochranou<br \/><\/span><span class='bullet-line'>Tlakov\u00e1 n\u00e1doba je chr\u00e1n\u011bna pr\u00e1\u0161kovou barvou<br \/><\/span><span class='bullet-line'>Zadn\u00ed plastov\u00e1 kola<\/span><\/div>\n<div class=\"parameters\">\n<tr>\n<td>Max. provozn\u00ed tlak<\/td>\n<td>8 bar<\/td>\n<\/tr>\n<tr>\n<td>Objem tlakov\u00e9 n\u00e1doby<\/td>\n<td>24 l<\/td>\n<\/tr>\n<tr>\n<td>Pln\u00edc\u00ed v\u00fdkon cca<\/td>\n<td>120 l\/min<\/td>\n<\/tr>\n<tr>\n<td>Sac\u00ed v\u00fdkon cca<\/td>\n<td>190 l\/min<\/td>\n<\/tr>\n<tr>\n<td>Kompresn\u00ed syst\u00e9m<\/td>\n<td>HOS<\/td>\n<\/tr>\n<tr>\n<td>V\u00e1lce\/stupn\u011b<\/td>\n<td>1\/1<\/td>\n<\/tr>\n<tr>\n<td>Ot\u00e1\u010dky<\/td>\n<td>2850 ot\/min<\/td>\n<\/tr>\n<tr>\n<td>P\u0159\u00edkon<\/td>\n<td>1,1 kW<\/td>\n<\/tr>\n<tr>\n<td>Elektrick\u00e9 p\u0159ipojen\u00ed<\/td>\n<td>230 V<\/td>\n<\/tr>\n<tr>\n<td>Rozm\u011bry (\u0161 \u00d7 v \u00d7 h)<\/td>\n<td>600 \u00d7 615 \u00d7 290 mm<\/td>\n<\/tr>\n<tr>\n<td>Hmotnost<\/td>\n<td>24 kg<\/td>\n<\/tr><\/div>\n<\/table>\n","protected":false},"excerpt":{"rendered":"<p>P\u0159\u00edmo spojen\u00fd mobiln\u00ed kompresor se standardn\u00edm vybaven\u00edm. Vhodn\u00fd pro \u0159emesln\u00edkyAgreg\u00e1t s v\u00fdkonn\u00fdm maz\u00e1n\u00edm oleje p\u0159i sou\u010dasn\u00e9m optim\u00e1ln\u00edm ut\u011bsn\u011bn\u00edRegul\u00e1tor tlaku pro plynul\u00e9 nastaven\u00ed po\u017eadovan\u00e9ho pracovn\u00edho tlakuOdb\u011br stla\u010den\u00e9ho vzduchu p\u0159es rychlospojku\u27a4 ArgumentyVhodn\u00fd pro \u0159emesln\u00edkyAgreg\u00e1t s v\u00fdkonn\u00fdm maz\u00e1n\u00edm oleje p\u0159i sou\u010dasn\u00e9m optim\u00e1ln\u00edm ut\u011bsn\u011bn\u00edRegul\u00e1tor tlaku pro plynul\u00e9 nastaven\u00ed po\u017eadovan\u00e9ho pracovn\u00edho tlakuOdb\u011br stla\u010den\u00e9ho vzduchu p\u0159es rychlospojkuPln\u011b automatick\u00e9 zap\u00edn\u00e1n\u00ed a vyp\u00edn\u00e1n\u00ed [&hellip;]<\/p>\n","protected":false},"featured_media":63404,"comment_status":"open","ping_status":"open","template":"","meta":[],"product_brand":[],"product_cat":[43],"product_tag":[],"class_list":{"0":"post-63304","1":"product","2":"type-product","3":"status-publish","4":"has-post-thumbnail","6":"product_cat-naradi","8":"first","9":"instock","10":"sale","11":"shipping-taxable","12":"purchasable","13":"product-type-simple"},"yoast_head":"<!-- This site is optimized with the Yoast SEO plugin v26.8 - https:\/\/yoast.com\/product\/yoast-seo-wordpress\/ -->\n<title>Aircraft\u00ae Kompresor Mobilboy 241\/24 AC Ov\u011b\u0159en\u00fd -<\/title>\n<meta name=\"robots\" content=\"index, follow, max-snippet:-1, max-image-preview:large, max-video-preview:-1\" \/>\n<link rel=\"canonical\" href=\"https:\/\/www.koupeltech.com\/index.php\/produkt\/aircraft-r-kompresor-mobilboy-241-24-ac-overeny-63304\/\" \/>\n<meta property=\"og:locale\" content=\"cs_CZ\" \/>\n<meta property=\"og:type\" content=\"article\" \/>\n<meta property=\"og:title\" content=\"Aircraft\u00ae Kompresor Mobilboy 241\/24 AC Ov\u011b\u0159en\u00fd -\" \/>\n<meta property=\"og:description\" content=\"P\u0159\u00edmo spojen\u00fd mobiln\u00ed kompresor se standardn\u00edm vybaven\u00edm. Vhodn\u00fd pro \u0159emesln\u00edkyAgreg\u00e1t s v\u00fdkonn\u00fdm maz\u00e1n\u00edm oleje p\u0159i sou\u010dasn\u00e9m optim\u00e1ln\u00edm ut\u011bsn\u011bn\u00edRegul\u00e1tor tlaku pro plynul\u00e9 nastaven\u00ed po\u017eadovan\u00e9ho pracovn\u00edho tlakuOdb\u011br stla\u010den\u00e9ho vzduchu p\u0159es rychlospojku\u27a4 ArgumentyVhodn\u00fd pro \u0159emesln\u00edkyAgreg\u00e1t s v\u00fdkonn\u00fdm maz\u00e1n\u00edm oleje p\u0159i sou\u010dasn\u00e9m optim\u00e1ln\u00edm ut\u011bsn\u011bn\u00edRegul\u00e1tor tlaku pro plynul\u00e9 nastaven\u00ed po\u017eadovan\u00e9ho pracovn\u00edho tlakuOdb\u011br stla\u010den\u00e9ho vzduchu p\u0159es rychlospojkuPln\u011b automatick\u00e9 zap\u00edn\u00e1n\u00ed a vyp\u00edn\u00e1n\u00ed [&hellip;]\" \/>\n<meta property=\"og:url\" content=\"https:\/\/www.koupeltech.com\/index.php\/produkt\/aircraft-r-kompresor-mobilboy-241-24-ac-overeny-63304\/\" \/>\n<meta property=\"og:image\" content=\"https:\/\/www.koupeltech.com\/wp-content\/uploads\/2026\/SK0027129-CZ20260425-092328-0-1777080210-2004242_h.webp\" \/>\n\t<meta property=\"og:image:width\" content=\"675\" \/>\n\t<meta property=\"og:image:height\" content=\"800\" \/>\n\t<meta property=\"og:image:type\" content=\"image\/webp\" \/>\n<meta name=\"twitter:card\" content=\"summary_large_image\" \/>\n<meta name=\"twitter:label1\" content=\"Odhadovan\u00e1 doba \u010dten\u00ed\" \/>\n\t<meta name=\"twitter:data1\" content=\"1 minuta\" \/>\n<script type=\"application\/ld+json\" class=\"yoast-schema-graph\">{\"@context\":\"https:\/\/schema.org\",\"@graph\":[{\"@type\":\"WebPage\",\"@id\":\"https:\/\/www.koupeltech.com\/index.php\/produkt\/aircraft-r-kompresor-mobilboy-241-24-ac-overeny-63304\/\",\"url\":\"https:\/\/www.koupeltech.com\/index.php\/produkt\/aircraft-r-kompresor-mobilboy-241-24-ac-overeny-63304\/\",\"name\":\"Aircraft\u00ae Kompresor Mobilboy 241\/24 AC Ov\u011b\u0159en\u00fd -\",\"isPartOf\":{\"@id\":\"https:\/\/www.koupeltech.com\/#website\"},\"primaryImageOfPage\":{\"@id\":\"https:\/\/www.koupeltech.com\/index.php\/produkt\/aircraft-r-kompresor-mobilboy-241-24-ac-overeny-63304\/#primaryimage\"},\"image\":{\"@id\":\"https:\/\/www.koupeltech.com\/index.php\/produkt\/aircraft-r-kompresor-mobilboy-241-24-ac-overeny-63304\/#primaryimage\"},\"thumbnailUrl\":\"https:\/\/www.koupeltech.com\/wp-content\/uploads\/2026\/SK0027129-CZ20260425-092328-0-1777080210-2004242_h.webp\",\"datePublished\":\"2026-04-27T14:05:31+00:00\",\"breadcrumb\":{\"@id\":\"https:\/\/www.koupeltech.com\/index.php\/produkt\/aircraft-r-kompresor-mobilboy-241-24-ac-overeny-63304\/#breadcrumb\"},\"inLanguage\":\"cs\",\"potentialAction\":[{\"@type\":\"ReadAction\",\"target\":[\"https:\/\/www.koupeltech.com\/index.php\/produkt\/aircraft-r-kompresor-mobilboy-241-24-ac-overeny-63304\/\"]}]},{\"@type\":\"ImageObject\",\"inLanguage\":\"cs\",\"@id\":\"https:\/\/www.koupeltech.com\/index.php\/produkt\/aircraft-r-kompresor-mobilboy-241-24-ac-overeny-63304\/#primaryimage\",\"url\":\"https:\/\/www.koupeltech.com\/wp-content\/uploads\/2026\/SK0027129-CZ20260425-092328-0-1777080210-2004242_h.webp\",\"contentUrl\":\"https:\/\/www.koupeltech.com\/wp-content\/uploads\/2026\/SK0027129-CZ20260425-092328-0-1777080210-2004242_h.webp\",\"width\":675,\"height\":800},{\"@type\":\"BreadcrumbList\",\"@id\":\"https:\/\/www.koupeltech.com\/index.php\/produkt\/aircraft-r-kompresor-mobilboy-241-24-ac-overeny-63304\/#breadcrumb\",\"itemListElement\":[{\"@type\":\"ListItem\",\"position\":1,\"name\":\"Home\",\"item\":\"https:\/\/www.koupeltech.com\/\"},{\"@type\":\"ListItem\",\"position\":2,\"name\":\"Products\",\"item\":\"https:\/\/www.koupeltech.com\/index.php\/products\/\"},{\"@type\":\"ListItem\",\"position\":3,\"name\":\"Aircraft\u00ae Kompresor Mobilboy 241\/24 AC Ov\u011b\u0159en\u00fd\"}]},{\"@type\":\"WebSite\",\"@id\":\"https:\/\/www.koupeltech.com\/#website\",\"url\":\"https:\/\/www.koupeltech.com\/\",\"name\":\"\",\"description\":\"\",\"potentialAction\":[{\"@type\":\"SearchAction\",\"target\":{\"@type\":\"EntryPoint\",\"urlTemplate\":\"https:\/\/www.koupeltech.com\/?s={search_term_string}\"},\"query-input\":{\"@type\":\"PropertyValueSpecification\",\"valueRequired\":true,\"valueName\":\"search_term_string\"}}],\"inLanguage\":\"cs\"}]}<\/script>\n<!-- \/ Yoast SEO plugin. -->","yoast_head_json":{"title":"Aircraft\u00ae Kompresor Mobilboy 241\/24 AC Ov\u011b\u0159en\u00fd -","robots":{"index":"index","follow":"follow","max-snippet":"max-snippet:-1","max-image-preview":"max-image-preview:large","max-video-preview":"max-video-preview:-1"},"canonical":"https:\/\/www.koupeltech.com\/index.php\/produkt\/aircraft-r-kompresor-mobilboy-241-24-ac-overeny-63304\/","og_locale":"cs_CZ","og_type":"article","og_title":"Aircraft\u00ae Kompresor Mobilboy 241\/24 AC Ov\u011b\u0159en\u00fd -","og_description":"P\u0159\u00edmo spojen\u00fd mobiln\u00ed kompresor se standardn\u00edm vybaven\u00edm. Vhodn\u00fd pro \u0159emesln\u00edkyAgreg\u00e1t s v\u00fdkonn\u00fdm maz\u00e1n\u00edm oleje p\u0159i sou\u010dasn\u00e9m optim\u00e1ln\u00edm ut\u011bsn\u011bn\u00edRegul\u00e1tor tlaku pro plynul\u00e9 nastaven\u00ed po\u017eadovan\u00e9ho pracovn\u00edho tlakuOdb\u011br stla\u010den\u00e9ho vzduchu p\u0159es rychlospojku\u27a4 ArgumentyVhodn\u00fd pro \u0159emesln\u00edkyAgreg\u00e1t s v\u00fdkonn\u00fdm maz\u00e1n\u00edm oleje p\u0159i sou\u010dasn\u00e9m optim\u00e1ln\u00edm ut\u011bsn\u011bn\u00edRegul\u00e1tor tlaku pro plynul\u00e9 nastaven\u00ed po\u017eadovan\u00e9ho pracovn\u00edho tlakuOdb\u011br stla\u010den\u00e9ho vzduchu p\u0159es rychlospojkuPln\u011b automatick\u00e9 zap\u00edn\u00e1n\u00ed a vyp\u00edn\u00e1n\u00ed [&hellip;]","og_url":"https:\/\/www.koupeltech.com\/index.php\/produkt\/aircraft-r-kompresor-mobilboy-241-24-ac-overeny-63304\/","og_image":[{"width":675,"height":800,"url":"https:\/\/www.koupeltech.com\/wp-content\/uploads\/2026\/SK0027129-CZ20260425-092328-0-1777080210-2004242_h.webp","type":"image\/webp"}],"twitter_card":"summary_large_image","twitter_misc":{"Odhadovan\u00e1 doba \u010dten\u00ed":"1 minuta"},"schema":{"@context":"https:\/\/schema.org","@graph":[{"@type":"WebPage","@id":"https:\/\/www.koupeltech.com\/index.php\/produkt\/aircraft-r-kompresor-mobilboy-241-24-ac-overeny-63304\/","url":"https:\/\/www.koupeltech.com\/index.php\/produkt\/aircraft-r-kompresor-mobilboy-241-24-ac-overeny-63304\/","name":"Aircraft\u00ae Kompresor Mobilboy 241\/24 AC Ov\u011b\u0159en\u00fd -","isPartOf":{"@id":"https:\/\/www.koupeltech.com\/#website"},"primaryImageOfPage":{"@id":"https:\/\/www.koupeltech.com\/index.php\/produkt\/aircraft-r-kompresor-mobilboy-241-24-ac-overeny-63304\/#primaryimage"},"image":{"@id":"https:\/\/www.koupeltech.com\/index.php\/produkt\/aircraft-r-kompresor-mobilboy-241-24-ac-overeny-63304\/#primaryimage"},"thumbnailUrl":"https:\/\/www.koupeltech.com\/wp-content\/uploads\/2026\/SK0027129-CZ20260425-092328-0-1777080210-2004242_h.webp","datePublished":"2026-04-27T14:05:31+00:00","breadcrumb":{"@id":"https:\/\/www.koupeltech.com\/index.php\/produkt\/aircraft-r-kompresor-mobilboy-241-24-ac-overeny-63304\/#breadcrumb"},"inLanguage":"cs","potentialAction":[{"@type":"ReadAction","target":["https:\/\/www.koupeltech.com\/index.php\/produkt\/aircraft-r-kompresor-mobilboy-241-24-ac-overeny-63304\/"]}]},{"@type":"ImageObject","inLanguage":"cs","@id":"https:\/\/www.koupeltech.com\/index.php\/produkt\/aircraft-r-kompresor-mobilboy-241-24-ac-overeny-63304\/#primaryimage","url":"https:\/\/www.koupeltech.com\/wp-content\/uploads\/2026\/SK0027129-CZ20260425-092328-0-1777080210-2004242_h.webp","contentUrl":"https:\/\/www.koupeltech.com\/wp-content\/uploads\/2026\/SK0027129-CZ20260425-092328-0-1777080210-2004242_h.webp","width":675,"height":800},{"@type":"BreadcrumbList","@id":"https:\/\/www.koupeltech.com\/index.php\/produkt\/aircraft-r-kompresor-mobilboy-241-24-ac-overeny-63304\/#breadcrumb","itemListElement":[{"@type":"ListItem","position":1,"name":"Home","item":"https:\/\/www.koupeltech.com\/"},{"@type":"ListItem","position":2,"name":"Products","item":"https:\/\/www.koupeltech.com\/index.php\/products\/"},{"@type":"ListItem","position":3,"name":"Aircraft\u00ae Kompresor Mobilboy 241\/24 AC Ov\u011b\u0159en\u00fd"}]},{"@type":"WebSite","@id":"https:\/\/www.koupeltech.com\/#website","url":"https:\/\/www.koupeltech.com\/","name":"","description":"","potentialAction":[{"@type":"SearchAction","target":{"@type":"EntryPoint","urlTemplate":"https:\/\/www.koupeltech.com\/?s={search_term_string}"},"query-input":{"@type":"PropertyValueSpecification","valueRequired":true,"valueName":"search_term_string"}}],"inLanguage":"cs"}]}},"_links":{"self":[{"href":"https:\/\/www.koupeltech.com\/index.php\/wp-json\/wp\/v2\/product\/63304","targetHints":{"allow":["GET"]}}],"collection":[{"href":"https:\/\/www.koupeltech.com\/index.php\/wp-json\/wp\/v2\/product"}],"about":[{"href":"https:\/\/www.koupeltech.com\/index.php\/wp-json\/wp\/v2\/types\/product"}],"replies":[{"embeddable":true,"href":"https:\/\/www.koupeltech.com\/index.php\/wp-json\/wp\/v2\/comments?post=63304"}],"wp:featuredmedia":[{"embeddable":true,"href":"https:\/\/www.koupeltech.com\/index.php\/wp-json\/wp\/v2\/media\/63404"}],"wp:attachment":[{"href":"https:\/\/www.koupeltech.com\/index.php\/wp-json\/wp\/v2\/media?parent=63304"}],"wp:term":[{"taxonomy":"product_brand","embeddable":true,"href":"https:\/\/www.koupeltech.com\/index.php\/wp-json\/wp\/v2\/product_brand?post=63304"},{"taxonomy":"product_cat","embeddable":true,"href":"https:\/\/www.koupeltech.com\/index.php\/wp-json\/wp\/v2\/product_cat?post=63304"},{"taxonomy":"product_tag","embeddable":true,"href":"https:\/\/www.koupeltech.com\/index.php\/wp-json\/wp\/v2\/product_tag?post=63304"}],"curies":[{"name":"wp","href":"https:\/\/api.w.org\/{rel}","templated":true}]}}