{"id":63316,"date":"2026-04-27T14:05:31","date_gmt":"2026-04-27T14:05:31","guid":{"rendered":""},"modified":"2026-04-27T14:05:31","modified_gmt":"2026-04-27T14:05:31","slug":"znackovy-dewalt-dcf922p2t-18v-aku-bezuhlikovy-razovy-utahovak-1-2-2-x-5-0-ah-baterie-xr-li-ion-nabijecka-kufr-t-stak-63316","status":"publish","type":"product","link":"https:\/\/www.koupeltech.com\/index.php\/produkt\/znackovy-dewalt-dcf922p2t-18v-aku-bezuhlikovy-razovy-utahovak-1-2-2-x-5-0-ah-baterie-xr-li-ion-nabijecka-kufr-t-stak-63316\/","title":{"rendered":"Zna\u010dkov\u00fd DEWALT DCF922P2T 18V AKU BEZUHL\u00cdKOV\u00dd R\u00c1ZOV\u00dd UTAHOV\u00c1K 1\/2&#8243;, 2 X 5,0 AH BATERIE XR LI-ION, NAB\u00cdJE\u010cKA, KUFR T-STAK"},"content":{"rendered":"<table>\n<div class=\"tab-pane active product-description\" id=\"popis\" role=\"tabpanel\">\n<div class=\"short-description\" itemprop=\"description\"><\/div>\n<div class=\"description\">\n<p><span class=\"bullet-line\">Up\u00ednac\u00ed \u010dty\u0159hran 1\/2\u201d s pojistnou kuli\u010dkou umo\u017e\u0148uje rychlou v\u00fdm\u011bnu n\u00e1str\u010dn\u00e9ho kl\u00ed\u010de<\/span><br \/><span class=\"bullet-line\">Spou\u0161\u0165 s plynulou regulac\u00ed ot\u00e1\u010dek umo\u017e\u0148uje regulaci ot\u00e1\u010dek p\u0159i pou\u017eit\u00e9 k p\u0159esn\u00e9mu utahov\u00e1n\u00ed<\/span><br \/><span class=\"bullet-line\">Dotykov\u00fd ovlada\u010d re\u017eim\u016f, rychlost\u00ed a LED umo\u017e\u0148uje u\u017eivateli nastavit specifick\u00fd re\u017eim, regulovat ot\u00e1\u010dky nebo upravit jas LED<\/span><br \/><span class=\"bullet-line\">Precision wrench\u2122 : P\u0159i povolen\u00ed \u0161roubu se sn\u00ed\u017e\u00ed ot\u00e1\u010dky. P\u0159i za\u0161roubov\u00e1n\u00ed voln\u00e9ho z\u00e1vitu stroj zastav\u00ed na 0,5 s a n\u00e1sledn\u011b za\u010dne dotahovat \u0161roub<\/span><br \/><span class=\"bullet-line\">Timber Screw\u2122 : optimalizovan\u00fd chod stroje pro pr\u00e1ci s konstruk\u010dn\u00edmi vruty to d\u0159eva<\/span><br \/><span class=\"bullet-line\">LED sv\u00edtilna s vynikaj\u00edc\u00edm jasem osv\u011btluje pracovn\u00ed prostor. U\u017eivatel nepot\u0159ebuje samostatnou sv\u00edtilnu<\/span><br \/><span class=\"bullet-line\">Optimalizovan\u00fd r\u00e1zov\u00fd mechanismus poskytuje trhac\u00ed moment a\u017e 610 Nm pro povolov\u00e1n\u00ed matic. Umo\u017e\u0148uje rychlej\u0161\u00ed prov\u00e1d\u011bn\u00ed pr\u00e1ce<\/span><br \/><span class=\"bullet-line\">Bezuhl\u00edkov\u00fd motor = vy\u0161\u0161\u00ed v\u00fdkon, \u00fa\u010dinnost a odolnost. \u00da\u010dinn\u011bj\u0161\u00ed a spolehliv\u011bj\u0161\u00ed utahov\u00e1k<\/span><br \/><span class=\"bullet-line\">T\u011blo stroje z GFN plastu &#8211; del\u0161\u00ed \u017eivotnost a zv\u00fd\u0161en\u00e1 odolnost proti oleji, chemik\u00e1li\u00edm a ot\u0159es\u016fm<\/span><br \/><span class=\"bullet-line\">Ergonomick\u00fd \u00fachop pohodln\u011bj\u0161\u00ed \u00fachop umo\u017e\u0148uj\u00edc\u00ed dlouhodob\u011bj\u0161\u00ed pou\u017e\u00edv\u00e1n\u00ed<\/span><\/p>\n<p>\u27a4 STANDARDN\u00cd V\u00ddBAVA:<span class=\"bullet-line\">2 x baterie XR Li-Ion s kapacitou 5,0 Ah s indik\u00e1torem stavu nabit\u00ed<\/span><br \/><span class=\"bullet-line\">univerz\u00e1ln\u00ed nab\u00edje\u010dka XR<\/span><br \/><span class=\"bullet-line\">odoln\u00fd kufr TSTAK<\/span><\/p>\n<\/div>\n<div class=\"parameters\">\n<tr>\n<td>Nap\u00e1jec\u00ed nap\u011bt\u00ed<\/td>\n<td>18V<\/td>\n<\/tr>\n<tr>\n<td>Max. utahovac\u00ed moment<\/td>\n<td>406 Nm<\/td>\n<\/tr>\n<tr>\n<td>Maxim\u00e1ln\u00ed povolovac\u00ed moment<\/td>\n<td>610 Nm<\/td>\n<\/tr>\n<tr>\n<td>Ot\u00e1\u010dky napr\u00e1zdno<\/td>\n<td>0 \u2013 2500 ot. \/ min.<\/td>\n<\/tr>\n<tr>\n<td>Po\u010det r\u00e1z\u016f (r\u00e1z\u016f\/min)<\/td>\n<td>0 \u2013 3550<\/td>\n<\/tr>\n<tr>\n<td>Typ up\u00ednac\u00ed \u010dty\u0159hranu \u010dty\u0159hranu<\/td>\n<td>1\/2&#8243; s pojistnou kuli\u010dkou<\/td>\n<\/tr>\n<tr>\n<td>Hmotnost bez akumul\u00e1toru (kg)<\/td>\n<td>1,1 kg<\/td>\n<\/tr><\/div>\n<\/table>\n","protected":false},"excerpt":{"rendered":"<p>Up\u00ednac\u00ed \u010dty\u0159hran 1\/2\u201d s pojistnou kuli\u010dkou umo\u017e\u0148uje rychlou v\u00fdm\u011bnu n\u00e1str\u010dn\u00e9ho kl\u00ed\u010deSpou\u0161\u0165 s plynulou regulac\u00ed ot\u00e1\u010dek umo\u017e\u0148uje regulaci ot\u00e1\u010dek p\u0159i pou\u017eit\u00e9 k p\u0159esn\u00e9mu utahov\u00e1n\u00edDotykov\u00fd ovlada\u010d re\u017eim\u016f, rychlost\u00ed a LED umo\u017e\u0148uje u\u017eivateli nastavit specifick\u00fd re\u017eim, regulovat ot\u00e1\u010dky nebo upravit jas LEDPrecision wrench\u2122 : P\u0159i povolen\u00ed \u0161roubu se sn\u00ed\u017e\u00ed ot\u00e1\u010dky. P\u0159i za\u0161roubov\u00e1n\u00ed voln\u00e9ho z\u00e1vitu stroj zastav\u00ed na 0,5 [&hellip;]<\/p>\n","protected":false},"featured_media":63416,"comment_status":"open","ping_status":"open","template":"","meta":[],"product_brand":[],"product_cat":[43],"product_tag":[],"class_list":{"0":"post-63316","1":"product","2":"type-product","3":"status-publish","4":"has-post-thumbnail","6":"product_cat-naradi","8":"first","9":"instock","10":"sale","11":"shipping-taxable","12":"purchasable","13":"product-type-simple"},"yoast_head":"<!-- This site is optimized with the Yoast SEO plugin v26.8 - https:\/\/yoast.com\/product\/yoast-seo-wordpress\/ -->\n<title>Zna\u010dkov\u00fd DEWALT DCF922P2T 18V AKU BEZUHL\u00cdKOV\u00dd R\u00c1ZOV\u00dd UTAHOV\u00c1K 1\/2&quot;, 2 X 5,0 AH BATERIE XR LI-ION, NAB\u00cdJE\u010cKA, KUFR T-STAK -<\/title>\n<meta name=\"robots\" content=\"index, follow, max-snippet:-1, max-image-preview:large, max-video-preview:-1\" \/>\n<link rel=\"canonical\" href=\"https:\/\/www.koupeltech.com\/index.php\/produkt\/znackovy-dewalt-dcf922p2t-18v-aku-bezuhlikovy-razovy-utahovak-1-2-2-x-5-0-ah-baterie-xr-li-ion-nabijecka-kufr-t-stak-63316\/\" \/>\n<meta property=\"og:locale\" content=\"cs_CZ\" \/>\n<meta property=\"og:type\" content=\"article\" \/>\n<meta property=\"og:title\" content=\"Zna\u010dkov\u00fd DEWALT DCF922P2T 18V AKU BEZUHL\u00cdKOV\u00dd R\u00c1ZOV\u00dd UTAHOV\u00c1K 1\/2&quot;, 2 X 5,0 AH BATERIE XR LI-ION, NAB\u00cdJE\u010cKA, KUFR T-STAK -\" \/>\n<meta property=\"og:description\" content=\"Up\u00ednac\u00ed \u010dty\u0159hran 1\/2\u201d s pojistnou kuli\u010dkou umo\u017e\u0148uje rychlou v\u00fdm\u011bnu n\u00e1str\u010dn\u00e9ho kl\u00ed\u010deSpou\u0161\u0165 s plynulou regulac\u00ed ot\u00e1\u010dek umo\u017e\u0148uje regulaci ot\u00e1\u010dek p\u0159i pou\u017eit\u00e9 k p\u0159esn\u00e9mu utahov\u00e1n\u00edDotykov\u00fd ovlada\u010d re\u017eim\u016f, rychlost\u00ed a LED umo\u017e\u0148uje u\u017eivateli nastavit specifick\u00fd re\u017eim, regulovat ot\u00e1\u010dky nebo upravit jas LEDPrecision wrench\u2122 : P\u0159i povolen\u00ed \u0161roubu se sn\u00ed\u017e\u00ed ot\u00e1\u010dky. P\u0159i za\u0161roubov\u00e1n\u00ed voln\u00e9ho z\u00e1vitu stroj zastav\u00ed na 0,5 [&hellip;]\" \/>\n<meta property=\"og:url\" content=\"https:\/\/www.koupeltech.com\/index.php\/produkt\/znackovy-dewalt-dcf922p2t-18v-aku-bezuhlikovy-razovy-utahovak-1-2-2-x-5-0-ah-baterie-xr-li-ion-nabijecka-kufr-t-stak-63316\/\" \/>\n<meta property=\"og:image\" content=\"https:\/\/www.koupeltech.com\/wp-content\/uploads\/2026\/SK0027144-CZ20260425-092328-0-1777080210-32039-1_dcf922aab.jpg-622769cb.webp\" \/>\n\t<meta property=\"og:image:width\" content=\"1000\" \/>\n\t<meta property=\"og:image:height\" content=\"750\" \/>\n\t<meta property=\"og:image:type\" content=\"image\/webp\" \/>\n<meta name=\"twitter:card\" content=\"summary_large_image\" \/>\n<meta name=\"twitter:label1\" content=\"Odhadovan\u00e1 doba \u010dten\u00ed\" \/>\n\t<meta name=\"twitter:data1\" content=\"1 minuta\" \/>\n<script type=\"application\/ld+json\" class=\"yoast-schema-graph\">{\"@context\":\"https:\/\/schema.org\",\"@graph\":[{\"@type\":\"WebPage\",\"@id\":\"https:\/\/www.koupeltech.com\/index.php\/produkt\/znackovy-dewalt-dcf922p2t-18v-aku-bezuhlikovy-razovy-utahovak-1-2-2-x-5-0-ah-baterie-xr-li-ion-nabijecka-kufr-t-stak-63316\/\",\"url\":\"https:\/\/www.koupeltech.com\/index.php\/produkt\/znackovy-dewalt-dcf922p2t-18v-aku-bezuhlikovy-razovy-utahovak-1-2-2-x-5-0-ah-baterie-xr-li-ion-nabijecka-kufr-t-stak-63316\/\",\"name\":\"Zna\u010dkov\u00fd DEWALT DCF922P2T 18V AKU BEZUHL\u00cdKOV\u00dd R\u00c1ZOV\u00dd UTAHOV\u00c1K 1\/2\\\", 2 X 5,0 AH BATERIE XR LI-ION, NAB\u00cdJE\u010cKA, KUFR T-STAK -\",\"isPartOf\":{\"@id\":\"https:\/\/www.koupeltech.com\/#website\"},\"primaryImageOfPage\":{\"@id\":\"https:\/\/www.koupeltech.com\/index.php\/produkt\/znackovy-dewalt-dcf922p2t-18v-aku-bezuhlikovy-razovy-utahovak-1-2-2-x-5-0-ah-baterie-xr-li-ion-nabijecka-kufr-t-stak-63316\/#primaryimage\"},\"image\":{\"@id\":\"https:\/\/www.koupeltech.com\/index.php\/produkt\/znackovy-dewalt-dcf922p2t-18v-aku-bezuhlikovy-razovy-utahovak-1-2-2-x-5-0-ah-baterie-xr-li-ion-nabijecka-kufr-t-stak-63316\/#primaryimage\"},\"thumbnailUrl\":\"https:\/\/www.koupeltech.com\/wp-content\/uploads\/2026\/SK0027144-CZ20260425-092328-0-1777080210-32039-1_dcf922aab.jpg-622769cb.webp\",\"datePublished\":\"2026-04-27T14:05:31+00:00\",\"breadcrumb\":{\"@id\":\"https:\/\/www.koupeltech.com\/index.php\/produkt\/znackovy-dewalt-dcf922p2t-18v-aku-bezuhlikovy-razovy-utahovak-1-2-2-x-5-0-ah-baterie-xr-li-ion-nabijecka-kufr-t-stak-63316\/#breadcrumb\"},\"inLanguage\":\"cs\",\"potentialAction\":[{\"@type\":\"ReadAction\",\"target\":[\"https:\/\/www.koupeltech.com\/index.php\/produkt\/znackovy-dewalt-dcf922p2t-18v-aku-bezuhlikovy-razovy-utahovak-1-2-2-x-5-0-ah-baterie-xr-li-ion-nabijecka-kufr-t-stak-63316\/\"]}]},{\"@type\":\"ImageObject\",\"inLanguage\":\"cs\",\"@id\":\"https:\/\/www.koupeltech.com\/index.php\/produkt\/znackovy-dewalt-dcf922p2t-18v-aku-bezuhlikovy-razovy-utahovak-1-2-2-x-5-0-ah-baterie-xr-li-ion-nabijecka-kufr-t-stak-63316\/#primaryimage\",\"url\":\"https:\/\/www.koupeltech.com\/wp-content\/uploads\/2026\/SK0027144-CZ20260425-092328-0-1777080210-32039-1_dcf922aab.jpg-622769cb.webp\",\"contentUrl\":\"https:\/\/www.koupeltech.com\/wp-content\/uploads\/2026\/SK0027144-CZ20260425-092328-0-1777080210-32039-1_dcf922aab.jpg-622769cb.webp\",\"width\":1000,\"height\":750},{\"@type\":\"BreadcrumbList\",\"@id\":\"https:\/\/www.koupeltech.com\/index.php\/produkt\/znackovy-dewalt-dcf922p2t-18v-aku-bezuhlikovy-razovy-utahovak-1-2-2-x-5-0-ah-baterie-xr-li-ion-nabijecka-kufr-t-stak-63316\/#breadcrumb\",\"itemListElement\":[{\"@type\":\"ListItem\",\"position\":1,\"name\":\"Home\",\"item\":\"https:\/\/www.koupeltech.com\/\"},{\"@type\":\"ListItem\",\"position\":2,\"name\":\"Products\",\"item\":\"https:\/\/www.koupeltech.com\/index.php\/products\/\"},{\"@type\":\"ListItem\",\"position\":3,\"name\":\"Zna\u010dkov\u00fd DEWALT DCF922P2T 18V AKU BEZUHL\u00cdKOV\u00dd R\u00c1ZOV\u00dd UTAHOV\u00c1K 1\/2&#8243;, 2 X 5,0 AH BATERIE XR LI-ION, NAB\u00cdJE\u010cKA, KUFR T-STAK\"}]},{\"@type\":\"WebSite\",\"@id\":\"https:\/\/www.koupeltech.com\/#website\",\"url\":\"https:\/\/www.koupeltech.com\/\",\"name\":\"\",\"description\":\"\",\"potentialAction\":[{\"@type\":\"SearchAction\",\"target\":{\"@type\":\"EntryPoint\",\"urlTemplate\":\"https:\/\/www.koupeltech.com\/?s={search_term_string}\"},\"query-input\":{\"@type\":\"PropertyValueSpecification\",\"valueRequired\":true,\"valueName\":\"search_term_string\"}}],\"inLanguage\":\"cs\"}]}<\/script>\n<!-- \/ Yoast SEO plugin. -->","yoast_head_json":{"title":"Zna\u010dkov\u00fd DEWALT DCF922P2T 18V AKU BEZUHL\u00cdKOV\u00dd R\u00c1ZOV\u00dd UTAHOV\u00c1K 1\/2\", 2 X 5,0 AH BATERIE XR LI-ION, NAB\u00cdJE\u010cKA, KUFR T-STAK -","robots":{"index":"index","follow":"follow","max-snippet":"max-snippet:-1","max-image-preview":"max-image-preview:large","max-video-preview":"max-video-preview:-1"},"canonical":"https:\/\/www.koupeltech.com\/index.php\/produkt\/znackovy-dewalt-dcf922p2t-18v-aku-bezuhlikovy-razovy-utahovak-1-2-2-x-5-0-ah-baterie-xr-li-ion-nabijecka-kufr-t-stak-63316\/","og_locale":"cs_CZ","og_type":"article","og_title":"Zna\u010dkov\u00fd DEWALT DCF922P2T 18V AKU BEZUHL\u00cdKOV\u00dd R\u00c1ZOV\u00dd UTAHOV\u00c1K 1\/2\", 2 X 5,0 AH BATERIE XR LI-ION, NAB\u00cdJE\u010cKA, KUFR T-STAK -","og_description":"Up\u00ednac\u00ed \u010dty\u0159hran 1\/2\u201d s pojistnou kuli\u010dkou umo\u017e\u0148uje rychlou v\u00fdm\u011bnu n\u00e1str\u010dn\u00e9ho kl\u00ed\u010deSpou\u0161\u0165 s plynulou regulac\u00ed ot\u00e1\u010dek umo\u017e\u0148uje regulaci ot\u00e1\u010dek p\u0159i pou\u017eit\u00e9 k p\u0159esn\u00e9mu utahov\u00e1n\u00edDotykov\u00fd ovlada\u010d re\u017eim\u016f, rychlost\u00ed a LED umo\u017e\u0148uje u\u017eivateli nastavit specifick\u00fd re\u017eim, regulovat ot\u00e1\u010dky nebo upravit jas LEDPrecision wrench\u2122 : P\u0159i povolen\u00ed \u0161roubu se sn\u00ed\u017e\u00ed ot\u00e1\u010dky. P\u0159i za\u0161roubov\u00e1n\u00ed voln\u00e9ho z\u00e1vitu stroj zastav\u00ed na 0,5 [&hellip;]","og_url":"https:\/\/www.koupeltech.com\/index.php\/produkt\/znackovy-dewalt-dcf922p2t-18v-aku-bezuhlikovy-razovy-utahovak-1-2-2-x-5-0-ah-baterie-xr-li-ion-nabijecka-kufr-t-stak-63316\/","og_image":[{"width":1000,"height":750,"url":"https:\/\/www.koupeltech.com\/wp-content\/uploads\/2026\/SK0027144-CZ20260425-092328-0-1777080210-32039-1_dcf922aab.jpg-622769cb.webp","type":"image\/webp"}],"twitter_card":"summary_large_image","twitter_misc":{"Odhadovan\u00e1 doba \u010dten\u00ed":"1 minuta"},"schema":{"@context":"https:\/\/schema.org","@graph":[{"@type":"WebPage","@id":"https:\/\/www.koupeltech.com\/index.php\/produkt\/znackovy-dewalt-dcf922p2t-18v-aku-bezuhlikovy-razovy-utahovak-1-2-2-x-5-0-ah-baterie-xr-li-ion-nabijecka-kufr-t-stak-63316\/","url":"https:\/\/www.koupeltech.com\/index.php\/produkt\/znackovy-dewalt-dcf922p2t-18v-aku-bezuhlikovy-razovy-utahovak-1-2-2-x-5-0-ah-baterie-xr-li-ion-nabijecka-kufr-t-stak-63316\/","name":"Zna\u010dkov\u00fd DEWALT DCF922P2T 18V AKU BEZUHL\u00cdKOV\u00dd R\u00c1ZOV\u00dd UTAHOV\u00c1K 1\/2\", 2 X 5,0 AH BATERIE XR LI-ION, NAB\u00cdJE\u010cKA, KUFR T-STAK -","isPartOf":{"@id":"https:\/\/www.koupeltech.com\/#website"},"primaryImageOfPage":{"@id":"https:\/\/www.koupeltech.com\/index.php\/produkt\/znackovy-dewalt-dcf922p2t-18v-aku-bezuhlikovy-razovy-utahovak-1-2-2-x-5-0-ah-baterie-xr-li-ion-nabijecka-kufr-t-stak-63316\/#primaryimage"},"image":{"@id":"https:\/\/www.koupeltech.com\/index.php\/produkt\/znackovy-dewalt-dcf922p2t-18v-aku-bezuhlikovy-razovy-utahovak-1-2-2-x-5-0-ah-baterie-xr-li-ion-nabijecka-kufr-t-stak-63316\/#primaryimage"},"thumbnailUrl":"https:\/\/www.koupeltech.com\/wp-content\/uploads\/2026\/SK0027144-CZ20260425-092328-0-1777080210-32039-1_dcf922aab.jpg-622769cb.webp","datePublished":"2026-04-27T14:05:31+00:00","breadcrumb":{"@id":"https:\/\/www.koupeltech.com\/index.php\/produkt\/znackovy-dewalt-dcf922p2t-18v-aku-bezuhlikovy-razovy-utahovak-1-2-2-x-5-0-ah-baterie-xr-li-ion-nabijecka-kufr-t-stak-63316\/#breadcrumb"},"inLanguage":"cs","potentialAction":[{"@type":"ReadAction","target":["https:\/\/www.koupeltech.com\/index.php\/produkt\/znackovy-dewalt-dcf922p2t-18v-aku-bezuhlikovy-razovy-utahovak-1-2-2-x-5-0-ah-baterie-xr-li-ion-nabijecka-kufr-t-stak-63316\/"]}]},{"@type":"ImageObject","inLanguage":"cs","@id":"https:\/\/www.koupeltech.com\/index.php\/produkt\/znackovy-dewalt-dcf922p2t-18v-aku-bezuhlikovy-razovy-utahovak-1-2-2-x-5-0-ah-baterie-xr-li-ion-nabijecka-kufr-t-stak-63316\/#primaryimage","url":"https:\/\/www.koupeltech.com\/wp-content\/uploads\/2026\/SK0027144-CZ20260425-092328-0-1777080210-32039-1_dcf922aab.jpg-622769cb.webp","contentUrl":"https:\/\/www.koupeltech.com\/wp-content\/uploads\/2026\/SK0027144-CZ20260425-092328-0-1777080210-32039-1_dcf922aab.jpg-622769cb.webp","width":1000,"height":750},{"@type":"BreadcrumbList","@id":"https:\/\/www.koupeltech.com\/index.php\/produkt\/znackovy-dewalt-dcf922p2t-18v-aku-bezuhlikovy-razovy-utahovak-1-2-2-x-5-0-ah-baterie-xr-li-ion-nabijecka-kufr-t-stak-63316\/#breadcrumb","itemListElement":[{"@type":"ListItem","position":1,"name":"Home","item":"https:\/\/www.koupeltech.com\/"},{"@type":"ListItem","position":2,"name":"Products","item":"https:\/\/www.koupeltech.com\/index.php\/products\/"},{"@type":"ListItem","position":3,"name":"Zna\u010dkov\u00fd DEWALT DCF922P2T 18V AKU BEZUHL\u00cdKOV\u00dd R\u00c1ZOV\u00dd UTAHOV\u00c1K 1\/2&#8243;, 2 X 5,0 AH BATERIE XR LI-ION, NAB\u00cdJE\u010cKA, KUFR T-STAK"}]},{"@type":"WebSite","@id":"https:\/\/www.koupeltech.com\/#website","url":"https:\/\/www.koupeltech.com\/","name":"","description":"","potentialAction":[{"@type":"SearchAction","target":{"@type":"EntryPoint","urlTemplate":"https:\/\/www.koupeltech.com\/?s={search_term_string}"},"query-input":{"@type":"PropertyValueSpecification","valueRequired":true,"valueName":"search_term_string"}}],"inLanguage":"cs"}]}},"_links":{"self":[{"href":"https:\/\/www.koupeltech.com\/index.php\/wp-json\/wp\/v2\/product\/63316","targetHints":{"allow":["GET"]}}],"collection":[{"href":"https:\/\/www.koupeltech.com\/index.php\/wp-json\/wp\/v2\/product"}],"about":[{"href":"https:\/\/www.koupeltech.com\/index.php\/wp-json\/wp\/v2\/types\/product"}],"replies":[{"embeddable":true,"href":"https:\/\/www.koupeltech.com\/index.php\/wp-json\/wp\/v2\/comments?post=63316"}],"wp:featuredmedia":[{"embeddable":true,"href":"https:\/\/www.koupeltech.com\/index.php\/wp-json\/wp\/v2\/media\/63416"}],"wp:attachment":[{"href":"https:\/\/www.koupeltech.com\/index.php\/wp-json\/wp\/v2\/media?parent=63316"}],"wp:term":[{"taxonomy":"product_brand","embeddable":true,"href":"https:\/\/www.koupeltech.com\/index.php\/wp-json\/wp\/v2\/product_brand?post=63316"},{"taxonomy":"product_cat","embeddable":true,"href":"https:\/\/www.koupeltech.com\/index.php\/wp-json\/wp\/v2\/product_cat?post=63316"},{"taxonomy":"product_tag","embeddable":true,"href":"https:\/\/www.koupeltech.com\/index.php\/wp-json\/wp\/v2\/product_tag?post=63316"}],"curies":[{"name":"wp","href":"https:\/\/api.w.org\/{rel}","templated":true}]}}