{"id":63389,"date":"2026-04-27T14:05:31","date_gmt":"2026-04-27T14:05:31","guid":{"rendered":""},"modified":"2026-04-27T14:05:31","modified_gmt":"2026-04-27T14:05:31","slug":"zlevneny-einhell-tc-mg-135-e-bruska-vysokorychlostni-63389","status":"publish","type":"product","link":"https:\/\/www.koupeltech.com\/index.php\/produkt\/zlevneny-einhell-tc-mg-135-e-bruska-vysokorychlostni-63389\/","title":{"rendered":"Zlevn\u011bn\u00fd Einhell TC-MG 135 E bruska vysokorychlostn\u00ed"},"content":{"rendered":"<table>\n<div class=\"tab-pane active product-description\" id=\"popis\" role=\"tabpanel\">\n<div class=\"short-description\" itemprop=\"description\"><\/div>\n<div class=\"description\">N\u00e1stroj pro brou\u0161en\u00ed a grav\u00edrov\u00e1n\u00ed TC-MG 135 E je vysoce kvalitn\u00ed a kompaktn\u00ed p\u0159\u00edstroj, kter\u00e9 d\u00edky sv\u00e9 bohat\u00e9 nab\u00eddce p\u0159\u00edslu\u0161enstv\u00ed nab\u00edz\u00ed \u0161irokou \u0161k\u00e1lu r\u016fzn\u00e9ho pou\u017eit\u00ed p\u0159i vrt\u00e1n\u00ed, fr\u00e9zov\u00e1n\u00ed, brou\u0161en\u00ed a kart\u00e1\u010dov\u00e1n\u00ed. D\u00edky aretaci v\u0159etena lze r\u016fzn\u00e9 n\u00e1stavce rychle a snadno vym\u011b\u0148ovat. Elektronick\u00e1 regulace ot\u00e1\u010dek zaji\u0161\u0165uje jemn\u00fd rozb\u011bh a umo\u017e\u0148uje p\u0159esn\u00e9 p\u0159izp\u016fsoben\u00ed v\u00fdkonu dan\u00e9mu \u00fakolu. TC-MG 135 E m\u00e1 flexibiln\u00ed h\u0159\u00eddel, kter\u00e1 umo\u017e\u0148uje elegantn\u00ed a snadn\u00e9 opracov\u00e1n\u00ed nejr\u016fzn\u011bj\u0161\u00edch \u010d\u00e1st\u00ed obrobku. Pomoc\u00ed teleskopick\u00e9ho stojanu a p\u0159\u00edslu\u0161n\u00e9ho h\u00e1\u010dku lze nav\u00edc b\u011bhem pr\u00e1ce elegantn\u011b namontovat n\u00e1stroj. D\u00edky m\u011bkk\u00e9mu \u00fachopu a ergonomick\u00e9mu designu se p\u0159\u00edstroj velmi dob\u0159e dr\u017e\u00ed. Sou\u010d\u00e1st\u00ed dod\u00e1vky je tak\u00e9 rozs\u00e1hl\u00e1, 189d\u00edln\u00e1 sada p\u0159\u00edslu\u0161enstv\u00ed pro brou\u0161en\u00ed, vrt\u00e1n\u00ed, fr\u00e9zov\u00e1n\u00ed a pro mnoho dal\u0161\u00edch \u010dinnost\u00ed a v\u0161e je ulo\u017een\u00e9 v praktick\u00e9m \u00falo\u017en\u00e9m boxu.<\/p>\n<p>\u27a4 Vlastnosti<span class='bullet-line'>Elektronick\u00e1 regulace ot\u00e1\u010dek<br \/><\/span><span class='bullet-line'>Areta\u010dn\u00ed tla\u010d\u00edtko pro v\u00fdm\u011bnu n\u00e1stroje<br \/><\/span><span class='bullet-line'>Dr\u017e\u00e1k n\u00e1stroj\u016f<br \/><\/span><span class='bullet-line'>M\u011bkk\u00fd \u00fachop<br \/><\/span><span class='bullet-line'>H\u00e1\u010dek pro zav\u011b\u0161en\u00ed na teleskopick\u00fd stojan<br \/><\/span><span class='bullet-line'>Flexibiln\u00ed h\u0159\u00eddel<br \/><\/span><span class='bullet-line'>189d\u00edln\u00e1 sada p\u0159\u00edslu\u0161enstv\u00ed<\/span><\/div>\n<div class=\"parameters\">\n<tr>\n<td>D\u00e9lka<\/td>\n<td>340 mm<\/td>\n<\/tr>\n<tr>\n<td>\u0160\u00ed\u0159ka<\/td>\n<td>218 mm<\/td>\n<\/tr>\n<tr>\n<td>V\u00fd\u0161ka<\/td>\n<td>125 mm<\/td>\n<\/tr>\n<tr>\n<td>Hrub\u00e1 hmotnost jednoho balen\u00ed<\/td>\n<td>2.5 kg<\/td>\n<\/tr>\n<tr>\n<td>Hmotnost v\u00fdrobku<\/td>\n<td>0.67<\/td>\n<\/tr>\n<tr>\n<td>S\u00ed\u0165ov\u00e1 p\u0159\u00edpojka<\/td>\n<td>230 V | 50 Hz<\/td>\n<\/tr>\n<tr>\n<td>V\u00fdkon<\/td>\n<td>135 W<\/td>\n<\/tr>\n<tr>\n<td>Rychlost ot\u00e1\u010dek<\/td>\n<td>10000 min^-1 &#8211; 35000 min^-1<\/td>\n<\/tr><\/div>\n<\/table>\n","protected":false},"excerpt":{"rendered":"<p>N\u00e1stroj pro brou\u0161en\u00ed a grav\u00edrov\u00e1n\u00ed TC-MG 135 E je vysoce kvalitn\u00ed a kompaktn\u00ed p\u0159\u00edstroj, kter\u00e9 d\u00edky sv\u00e9 bohat\u00e9 nab\u00eddce p\u0159\u00edslu\u0161enstv\u00ed nab\u00edz\u00ed \u0161irokou \u0161k\u00e1lu r\u016fzn\u00e9ho pou\u017eit\u00ed p\u0159i vrt\u00e1n\u00ed, fr\u00e9zov\u00e1n\u00ed, brou\u0161en\u00ed a kart\u00e1\u010dov\u00e1n\u00ed. D\u00edky aretaci v\u0159etena lze r\u016fzn\u00e9 n\u00e1stavce rychle a snadno vym\u011b\u0148ovat. Elektronick\u00e1 regulace ot\u00e1\u010dek zaji\u0161\u0165uje jemn\u00fd rozb\u011bh a umo\u017e\u0148uje p\u0159esn\u00e9 p\u0159izp\u016fsoben\u00ed v\u00fdkonu dan\u00e9mu \u00fakolu. TC-MG [&hellip;]<\/p>\n","protected":false},"featured_media":63489,"comment_status":"open","ping_status":"open","template":"","meta":[],"product_brand":[],"product_cat":[43],"product_tag":[],"class_list":{"0":"post-63389","1":"product","2":"type-product","3":"status-publish","4":"has-post-thumbnail","6":"product_cat-naradi","8":"first","9":"instock","10":"sale","11":"shipping-taxable","12":"purchasable","13":"product-type-simple"},"yoast_head":"<!-- This site is optimized with the Yoast SEO plugin v26.8 - https:\/\/yoast.com\/product\/yoast-seo-wordpress\/ -->\n<title>Zlevn\u011bn\u00fd Einhell TC-MG 135 E bruska vysokorychlostn\u00ed -<\/title>\n<meta name=\"robots\" content=\"index, follow, max-snippet:-1, max-image-preview:large, max-video-preview:-1\" \/>\n<link rel=\"canonical\" href=\"https:\/\/www.koupeltech.com\/index.php\/produkt\/zlevneny-einhell-tc-mg-135-e-bruska-vysokorychlostni-63389\/\" \/>\n<meta property=\"og:locale\" content=\"cs_CZ\" \/>\n<meta property=\"og:type\" content=\"article\" \/>\n<meta property=\"og:title\" content=\"Zlevn\u011bn\u00fd Einhell TC-MG 135 E bruska vysokorychlostn\u00ed -\" \/>\n<meta property=\"og:description\" content=\"N\u00e1stroj pro brou\u0161en\u00ed a grav\u00edrov\u00e1n\u00ed TC-MG 135 E je vysoce kvalitn\u00ed a kompaktn\u00ed p\u0159\u00edstroj, kter\u00e9 d\u00edky sv\u00e9 bohat\u00e9 nab\u00eddce p\u0159\u00edslu\u0161enstv\u00ed nab\u00edz\u00ed \u0161irokou \u0161k\u00e1lu r\u016fzn\u00e9ho pou\u017eit\u00ed p\u0159i vrt\u00e1n\u00ed, fr\u00e9zov\u00e1n\u00ed, brou\u0161en\u00ed a kart\u00e1\u010dov\u00e1n\u00ed. D\u00edky aretaci v\u0159etena lze r\u016fzn\u00e9 n\u00e1stavce rychle a snadno vym\u011b\u0148ovat. Elektronick\u00e1 regulace ot\u00e1\u010dek zaji\u0161\u0165uje jemn\u00fd rozb\u011bh a umo\u017e\u0148uje p\u0159esn\u00e9 p\u0159izp\u016fsoben\u00ed v\u00fdkonu dan\u00e9mu \u00fakolu. TC-MG [&hellip;]\" \/>\n<meta property=\"og:url\" content=\"https:\/\/www.koupeltech.com\/index.php\/produkt\/zlevneny-einhell-tc-mg-135-e-bruska-vysokorychlostni-63389\/\" \/>\n<meta property=\"og:image\" content=\"https:\/\/www.koupeltech.com\/wp-content\/uploads\/2026\/SK0027222-CZ20260425-092328-0-1777080210-4419169_tc-mg-135-e.webp\" \/>\n\t<meta property=\"og:image:width\" content=\"700\" \/>\n\t<meta property=\"og:image:height\" content=\"700\" \/>\n\t<meta property=\"og:image:type\" content=\"image\/webp\" \/>\n<meta name=\"twitter:card\" content=\"summary_large_image\" \/>\n<meta name=\"twitter:label1\" content=\"Odhadovan\u00e1 doba \u010dten\u00ed\" \/>\n\t<meta name=\"twitter:data1\" content=\"1 minuta\" \/>\n<script type=\"application\/ld+json\" class=\"yoast-schema-graph\">{\"@context\":\"https:\/\/schema.org\",\"@graph\":[{\"@type\":\"WebPage\",\"@id\":\"https:\/\/www.koupeltech.com\/index.php\/produkt\/zlevneny-einhell-tc-mg-135-e-bruska-vysokorychlostni-63389\/\",\"url\":\"https:\/\/www.koupeltech.com\/index.php\/produkt\/zlevneny-einhell-tc-mg-135-e-bruska-vysokorychlostni-63389\/\",\"name\":\"Zlevn\u011bn\u00fd Einhell TC-MG 135 E bruska vysokorychlostn\u00ed -\",\"isPartOf\":{\"@id\":\"https:\/\/www.koupeltech.com\/#website\"},\"primaryImageOfPage\":{\"@id\":\"https:\/\/www.koupeltech.com\/index.php\/produkt\/zlevneny-einhell-tc-mg-135-e-bruska-vysokorychlostni-63389\/#primaryimage\"},\"image\":{\"@id\":\"https:\/\/www.koupeltech.com\/index.php\/produkt\/zlevneny-einhell-tc-mg-135-e-bruska-vysokorychlostni-63389\/#primaryimage\"},\"thumbnailUrl\":\"https:\/\/www.koupeltech.com\/wp-content\/uploads\/2026\/SK0027222-CZ20260425-092328-0-1777080210-4419169_tc-mg-135-e.webp\",\"datePublished\":\"2026-04-27T14:05:31+00:00\",\"breadcrumb\":{\"@id\":\"https:\/\/www.koupeltech.com\/index.php\/produkt\/zlevneny-einhell-tc-mg-135-e-bruska-vysokorychlostni-63389\/#breadcrumb\"},\"inLanguage\":\"cs\",\"potentialAction\":[{\"@type\":\"ReadAction\",\"target\":[\"https:\/\/www.koupeltech.com\/index.php\/produkt\/zlevneny-einhell-tc-mg-135-e-bruska-vysokorychlostni-63389\/\"]}]},{\"@type\":\"ImageObject\",\"inLanguage\":\"cs\",\"@id\":\"https:\/\/www.koupeltech.com\/index.php\/produkt\/zlevneny-einhell-tc-mg-135-e-bruska-vysokorychlostni-63389\/#primaryimage\",\"url\":\"https:\/\/www.koupeltech.com\/wp-content\/uploads\/2026\/SK0027222-CZ20260425-092328-0-1777080210-4419169_tc-mg-135-e.webp\",\"contentUrl\":\"https:\/\/www.koupeltech.com\/wp-content\/uploads\/2026\/SK0027222-CZ20260425-092328-0-1777080210-4419169_tc-mg-135-e.webp\",\"width\":700,\"height\":700},{\"@type\":\"BreadcrumbList\",\"@id\":\"https:\/\/www.koupeltech.com\/index.php\/produkt\/zlevneny-einhell-tc-mg-135-e-bruska-vysokorychlostni-63389\/#breadcrumb\",\"itemListElement\":[{\"@type\":\"ListItem\",\"position\":1,\"name\":\"Home\",\"item\":\"https:\/\/www.koupeltech.com\/\"},{\"@type\":\"ListItem\",\"position\":2,\"name\":\"Products\",\"item\":\"https:\/\/www.koupeltech.com\/index.php\/products\/\"},{\"@type\":\"ListItem\",\"position\":3,\"name\":\"Zlevn\u011bn\u00fd Einhell TC-MG 135 E bruska vysokorychlostn\u00ed\"}]},{\"@type\":\"WebSite\",\"@id\":\"https:\/\/www.koupeltech.com\/#website\",\"url\":\"https:\/\/www.koupeltech.com\/\",\"name\":\"\",\"description\":\"\",\"potentialAction\":[{\"@type\":\"SearchAction\",\"target\":{\"@type\":\"EntryPoint\",\"urlTemplate\":\"https:\/\/www.koupeltech.com\/?s={search_term_string}\"},\"query-input\":{\"@type\":\"PropertyValueSpecification\",\"valueRequired\":true,\"valueName\":\"search_term_string\"}}],\"inLanguage\":\"cs\"}]}<\/script>\n<!-- \/ Yoast SEO plugin. -->","yoast_head_json":{"title":"Zlevn\u011bn\u00fd Einhell TC-MG 135 E bruska vysokorychlostn\u00ed -","robots":{"index":"index","follow":"follow","max-snippet":"max-snippet:-1","max-image-preview":"max-image-preview:large","max-video-preview":"max-video-preview:-1"},"canonical":"https:\/\/www.koupeltech.com\/index.php\/produkt\/zlevneny-einhell-tc-mg-135-e-bruska-vysokorychlostni-63389\/","og_locale":"cs_CZ","og_type":"article","og_title":"Zlevn\u011bn\u00fd Einhell TC-MG 135 E bruska vysokorychlostn\u00ed -","og_description":"N\u00e1stroj pro brou\u0161en\u00ed a grav\u00edrov\u00e1n\u00ed TC-MG 135 E je vysoce kvalitn\u00ed a kompaktn\u00ed p\u0159\u00edstroj, kter\u00e9 d\u00edky sv\u00e9 bohat\u00e9 nab\u00eddce p\u0159\u00edslu\u0161enstv\u00ed nab\u00edz\u00ed \u0161irokou \u0161k\u00e1lu r\u016fzn\u00e9ho pou\u017eit\u00ed p\u0159i vrt\u00e1n\u00ed, fr\u00e9zov\u00e1n\u00ed, brou\u0161en\u00ed a kart\u00e1\u010dov\u00e1n\u00ed. D\u00edky aretaci v\u0159etena lze r\u016fzn\u00e9 n\u00e1stavce rychle a snadno vym\u011b\u0148ovat. Elektronick\u00e1 regulace ot\u00e1\u010dek zaji\u0161\u0165uje jemn\u00fd rozb\u011bh a umo\u017e\u0148uje p\u0159esn\u00e9 p\u0159izp\u016fsoben\u00ed v\u00fdkonu dan\u00e9mu \u00fakolu. TC-MG [&hellip;]","og_url":"https:\/\/www.koupeltech.com\/index.php\/produkt\/zlevneny-einhell-tc-mg-135-e-bruska-vysokorychlostni-63389\/","og_image":[{"width":700,"height":700,"url":"https:\/\/www.koupeltech.com\/wp-content\/uploads\/2026\/SK0027222-CZ20260425-092328-0-1777080210-4419169_tc-mg-135-e.webp","type":"image\/webp"}],"twitter_card":"summary_large_image","twitter_misc":{"Odhadovan\u00e1 doba \u010dten\u00ed":"1 minuta"},"schema":{"@context":"https:\/\/schema.org","@graph":[{"@type":"WebPage","@id":"https:\/\/www.koupeltech.com\/index.php\/produkt\/zlevneny-einhell-tc-mg-135-e-bruska-vysokorychlostni-63389\/","url":"https:\/\/www.koupeltech.com\/index.php\/produkt\/zlevneny-einhell-tc-mg-135-e-bruska-vysokorychlostni-63389\/","name":"Zlevn\u011bn\u00fd Einhell TC-MG 135 E bruska vysokorychlostn\u00ed -","isPartOf":{"@id":"https:\/\/www.koupeltech.com\/#website"},"primaryImageOfPage":{"@id":"https:\/\/www.koupeltech.com\/index.php\/produkt\/zlevneny-einhell-tc-mg-135-e-bruska-vysokorychlostni-63389\/#primaryimage"},"image":{"@id":"https:\/\/www.koupeltech.com\/index.php\/produkt\/zlevneny-einhell-tc-mg-135-e-bruska-vysokorychlostni-63389\/#primaryimage"},"thumbnailUrl":"https:\/\/www.koupeltech.com\/wp-content\/uploads\/2026\/SK0027222-CZ20260425-092328-0-1777080210-4419169_tc-mg-135-e.webp","datePublished":"2026-04-27T14:05:31+00:00","breadcrumb":{"@id":"https:\/\/www.koupeltech.com\/index.php\/produkt\/zlevneny-einhell-tc-mg-135-e-bruska-vysokorychlostni-63389\/#breadcrumb"},"inLanguage":"cs","potentialAction":[{"@type":"ReadAction","target":["https:\/\/www.koupeltech.com\/index.php\/produkt\/zlevneny-einhell-tc-mg-135-e-bruska-vysokorychlostni-63389\/"]}]},{"@type":"ImageObject","inLanguage":"cs","@id":"https:\/\/www.koupeltech.com\/index.php\/produkt\/zlevneny-einhell-tc-mg-135-e-bruska-vysokorychlostni-63389\/#primaryimage","url":"https:\/\/www.koupeltech.com\/wp-content\/uploads\/2026\/SK0027222-CZ20260425-092328-0-1777080210-4419169_tc-mg-135-e.webp","contentUrl":"https:\/\/www.koupeltech.com\/wp-content\/uploads\/2026\/SK0027222-CZ20260425-092328-0-1777080210-4419169_tc-mg-135-e.webp","width":700,"height":700},{"@type":"BreadcrumbList","@id":"https:\/\/www.koupeltech.com\/index.php\/produkt\/zlevneny-einhell-tc-mg-135-e-bruska-vysokorychlostni-63389\/#breadcrumb","itemListElement":[{"@type":"ListItem","position":1,"name":"Home","item":"https:\/\/www.koupeltech.com\/"},{"@type":"ListItem","position":2,"name":"Products","item":"https:\/\/www.koupeltech.com\/index.php\/products\/"},{"@type":"ListItem","position":3,"name":"Zlevn\u011bn\u00fd Einhell TC-MG 135 E bruska vysokorychlostn\u00ed"}]},{"@type":"WebSite","@id":"https:\/\/www.koupeltech.com\/#website","url":"https:\/\/www.koupeltech.com\/","name":"","description":"","potentialAction":[{"@type":"SearchAction","target":{"@type":"EntryPoint","urlTemplate":"https:\/\/www.koupeltech.com\/?s={search_term_string}"},"query-input":{"@type":"PropertyValueSpecification","valueRequired":true,"valueName":"search_term_string"}}],"inLanguage":"cs"}]}},"_links":{"self":[{"href":"https:\/\/www.koupeltech.com\/index.php\/wp-json\/wp\/v2\/product\/63389","targetHints":{"allow":["GET"]}}],"collection":[{"href":"https:\/\/www.koupeltech.com\/index.php\/wp-json\/wp\/v2\/product"}],"about":[{"href":"https:\/\/www.koupeltech.com\/index.php\/wp-json\/wp\/v2\/types\/product"}],"replies":[{"embeddable":true,"href":"https:\/\/www.koupeltech.com\/index.php\/wp-json\/wp\/v2\/comments?post=63389"}],"wp:featuredmedia":[{"embeddable":true,"href":"https:\/\/www.koupeltech.com\/index.php\/wp-json\/wp\/v2\/media\/63489"}],"wp:attachment":[{"href":"https:\/\/www.koupeltech.com\/index.php\/wp-json\/wp\/v2\/media?parent=63389"}],"wp:term":[{"taxonomy":"product_brand","embeddable":true,"href":"https:\/\/www.koupeltech.com\/index.php\/wp-json\/wp\/v2\/product_brand?post=63389"},{"taxonomy":"product_cat","embeddable":true,"href":"https:\/\/www.koupeltech.com\/index.php\/wp-json\/wp\/v2\/product_cat?post=63389"},{"taxonomy":"product_tag","embeddable":true,"href":"https:\/\/www.koupeltech.com\/index.php\/wp-json\/wp\/v2\/product_tag?post=63389"}],"curies":[{"name":"wp","href":"https:\/\/api.w.org\/{rel}","templated":true}]}}