{"id":6347,"date":"2026-04-27T13:56:48","date_gmt":"2026-04-27T13:56:48","guid":{"rendered":""},"modified":"2026-04-27T13:56:48","modified_gmt":"2026-04-27T13:56:48","slug":"remmers-uv-lazura-palisandr-5-0l-oblibeny-6347","status":"publish","type":"product","link":"https:\/\/www.koupeltech.com\/index.php\/produkt\/remmers-uv-lazura-palisandr-5-0l-oblibeny-6347\/","title":{"rendered":"REMMERS UV+ LAZURA PALISANDR 5,0L Obl\u00edben\u00fd"},"content":{"rendered":"<table>\n<div class=\"tab-pane active product-description\" id=\"popis\" role=\"tabpanel\">\n<div class=\"short-description\" itemprop=\"description\"><\/div>\n<div class=\"description\"><span class='bullet-line'>Syntetick\u00e1, st\u0159edn\u011bvrstv\u00e1 lazura na d\u0159evo ve 12 r\u016fzn\u00fdch odst\u00ednech s vysokou ochranou p\u0159ed UV z\u00e1\u0159en\u00edm. <br \/><\/span><span class='bullet-line'>Je ur\u010den\u00e1 k dekorativn\u00edm \u00faprav\u00e1m ploch z jehli\u010dnat\u00e9ho i listnat\u00e9ho d\u0159eva, jako je nap\u0159. bedn\u011bn\u00ed, d\u0159ev\u011bn\u00e9 obklady, oblo\u017een\u00ed d\u0159ev\u011bn\u00fdmi deskami, zahradn\u00ed n\u00e1bytek, okna, dve\u0159e, atd. <br \/><\/span><span class='bullet-line'>Vypl\u0148uje mezeru mezi tenkovrstv\u00fdmi impregna\u010dn\u00edmi lazurami a silnovrstv\u00fdmi lazurami. <br \/><\/span><span class='bullet-line'>Rovn\u011b\u017e se pou\u017e\u00edv\u00e1 pro dodate\u010dnou barevnou \u00fapravu nosn\u00fdch a v\u00fdztuhov\u00fdch d\u0159ev\u011bn\u00fdch d\u00edl\u016f impregnovan\u00fdch ochrann\u00fdm prost\u0159edkem na d\u0159evo dle DIN 68 800 d\u00edl 3.<br \/><\/span><span class='bullet-line'>Remmers UV+ Lazura se vyr\u00e1b\u011bla i pod n\u00e1zvy Langzeit Lasur UV a Dauerschutz Lasur. <br \/><\/span><span class='bullet-line'>Obsah je v\u017edy toto\u017en\u00fd a v\u00fdrobky lze bez probl\u00e9m\u016f kombinovat. <br \/><\/span><span class='bullet-line'>Ke zm\u011bn\u011b n\u00e1zvu do\u0161lo jeho p\u0159ekladem pro \u010desk\u00fd trh.<br \/><\/span><br \/>\u25ba Z\u00e1kladn\u00ed informace o lazu\u0159e UV+ Lazura:<span class='bullet-line'>spot\u0159eba cca 0,1 l\/m2 &#8211; prvn\u00ed n\u00e1t\u011br a 0,06 l\/m2 &#8211; druh\u00fd n\u00e1t\u011br<br \/><\/span><span class='bullet-line'>hustota cca 0,94 g\/cm3 p\u0159i 20 \u00b0C<br \/><\/span><span class='bullet-line'>rozpou\u0161t\u011bdlov\u00e1 barva (alkydov\u00e9 prysky\u0159ice)<br \/><\/span><span class='bullet-line'>hedv\u00e1bn\u00fd lesk<br \/><\/span><span class='bullet-line'>12 hotov\u00fdch odst\u00edn\u016f (2234-st\u0159\u00edb\u0159it\u011b \u0161ed\u00e1, 2235-b\u00edl\u00e1, 2238-dub rustik\u00e1ln\u00ed, 2239-dub sv\u011btl\u00fd, 2240-bezbarv\u00fd UV+, 2242-o\u0159ech, 2243-eben, 2244-teak, 2245-jedlov\u011b zelen\u00e1, 2246-borovice, 2247-pinie\/mod\u0159\u00edn, 2248-palisandr)<br \/><\/span><span class='bullet-line'>vypl\u0148uje mezeru mezi tenkovrstv\u00fdmi impregna\u010dn\u00edmi lazurami a silnovrstv\u00fdmi lazurami<br \/><\/span><span class='bullet-line'>je hydrofobn\u00ed, reguluje vlhkost<br \/><\/span><span class='bullet-line'>je odoln\u00ed\u00e1 pov\u011btrnostn\u00edm vliv\u016fm<br \/><\/span><span class='bullet-line'>vysoce odoln\u00e1 proti UV z\u00e1\u0159en\u00ed i pro sv\u011btl\u00e9 odst\u00edny a bezbarv\u00fd odst\u00edn UV+<br \/><\/span><span class='bullet-line'>odpuzuje prach<br \/><\/span><span class='bullet-line'>neloupe se<br \/><\/span><span class='bullet-line'>neobsahuje biocidn\u00ed l\u00e1tky a kobalt<br \/><\/span><span class='bullet-line'>testov\u00e1na podle DIN EN 71-3 (bezpe\u010dnost hra\u010dek)<br \/><\/span><span class='bullet-line'>nan\u00e1\u0161en\u00ed \u0161t\u011btcem, v\u00e1le\u010dkem<br \/><\/span><span class='bullet-line'>\u010di\u0161t\u011bn\u00ed n\u00e1\u0159ad\u00ed \u0159edidlem S 6006, p\u0159\u00edpadn\u011b \u0159edidlem V 101, ne\u0159ed\u00ed se<br \/><\/span><br \/>\u25ba Doba schnut\u00ed:<span class='bullet-line'>p\u0159et\u00edrateln\u00e1 po cca 7 hodin\u00e1ch<br \/><\/span><span class='bullet-line'>cca 12 hodin p\u0159i teplot\u011b 20 \u00b0C a relativn\u00ed vlhkosti vzduchu 65 %<br \/><\/span><br \/>\u25ba Pou\u017e\u00edv\u00e1 se na:<span class='bullet-line'>obklady fas\u00e1d<br \/><\/span><span class='bullet-line'>okna a dve\u0159e<br \/><\/span><span class='bullet-line'>st\u0159e\u0161n\u00ed p\u0159esahy<br \/><\/span><span class='bullet-line'>okenice a balk\u00f3nov\u00e1 z\u00e1bradl\u00ed<br \/><\/span><span class='bullet-line'>ploty z kvalitn\u00edch materi\u00e1l\u016f<br \/><\/span><span class='bullet-line'>palis\u00e1dy a pergoly<br \/><\/span><span class='bullet-line'>bes\u00eddky a p\u0159\u00edst\u0159e\u0161ky na auto<br \/><\/span><span class='bullet-line'>pohledov\u00e9 ochrann\u00e9 st\u011bny<br \/><\/span><span class='bullet-line'>zahradn\u00ed n\u00e1bytek<br \/><\/span><br \/>\u25ba Dopl\u0148kov\u00e9 informace o lazu\u0159e UV Lazura:<span class='bullet-line'>Ve venkovn\u00edm prost\u0159ed\u00ed je nutn\u00e9 jehli\u010dnat\u00e9 d\u0159evo a d\u0159eviny n\u00e1chyln\u00e9 k napaden\u00ed houbami nejd\u0159\u00edve o\u0161et\u0159it impregnac\u00ed Holzschutz-Grund nebo lazurou s biocidn\u00edmi p\u0159\u00eddavky HK Lasur.<br \/><\/span><span class='bullet-line'>Pro ponech\u00e1n\u00ed p\u0159irozen\u00e9ho vzhledu d\u0159eva je mo\u017en\u00e9 pou\u017e\u00edt 2 x n\u00e1t\u011br UV+ Lazura v bezbarv\u00e9 variant\u011b Bezbarv\u00fd UV+. <br \/><\/span><span class='bullet-line'>V exteri\u00e9ru je ale nutn\u00e1 p\u0159edchoz\u00ed ochrana proti zamodr\u00e1n\u00ed pomoc\u00ed produktu Holzschutz-Creme bezbarv\u00fd.<\/span><\/div>\n<div class=\"parameters\">\n<tr>\n<td>Hmotnost<\/td>\n<td>5,175<\/td>\n<\/tr><\/div>\n<\/table>\n","protected":false},"excerpt":{"rendered":"<p>Syntetick\u00e1, st\u0159edn\u011bvrstv\u00e1 lazura na d\u0159evo ve 12 r\u016fzn\u00fdch odst\u00ednech s vysokou ochranou p\u0159ed UV z\u00e1\u0159en\u00edm. Je ur\u010den\u00e1 k dekorativn\u00edm \u00faprav\u00e1m ploch z jehli\u010dnat\u00e9ho i listnat\u00e9ho d\u0159eva, jako je nap\u0159. bedn\u011bn\u00ed, d\u0159ev\u011bn\u00e9 obklady, oblo\u017een\u00ed d\u0159ev\u011bn\u00fdmi deskami, zahradn\u00ed n\u00e1bytek, okna, dve\u0159e, atd. Vypl\u0148uje mezeru mezi tenkovrstv\u00fdmi impregna\u010dn\u00edmi lazurami a silnovrstv\u00fdmi lazurami. Rovn\u011b\u017e se pou\u017e\u00edv\u00e1 pro dodate\u010dnou barevnou [&hellip;]<\/p>\n","protected":false},"featured_media":6447,"comment_status":"open","ping_status":"open","template":"","meta":[],"product_brand":[],"product_cat":[40,42,41],"product_tag":[],"class_list":{"0":"post-6347","1":"product","2":"type-product","3":"status-publish","4":"has-post-thumbnail","6":"product_cat-barvy","7":"product_cat-chemie","8":"product_cat-laky","10":"first","11":"instock","12":"sale","13":"shipping-taxable","14":"purchasable","15":"product-type-simple"},"yoast_head":"<!-- This site is optimized with the Yoast SEO plugin v26.8 - https:\/\/yoast.com\/product\/yoast-seo-wordpress\/ -->\n<title>REMMERS UV+ LAZURA PALISANDR 5,0L Obl\u00edben\u00fd -<\/title>\n<meta name=\"robots\" content=\"index, follow, max-snippet:-1, max-image-preview:large, max-video-preview:-1\" \/>\n<link rel=\"canonical\" href=\"https:\/\/www.koupeltech.com\/index.php\/produkt\/remmers-uv-lazura-palisandr-5-0l-oblibeny-6347\/\" \/>\n<meta property=\"og:locale\" content=\"cs_CZ\" \/>\n<meta property=\"og:type\" content=\"article\" \/>\n<meta property=\"og:title\" content=\"REMMERS UV+ LAZURA PALISANDR 5,0L Obl\u00edben\u00fd -\" \/>\n<meta property=\"og:description\" content=\"Syntetick\u00e1, st\u0159edn\u011bvrstv\u00e1 lazura na d\u0159evo ve 12 r\u016fzn\u00fdch odst\u00ednech s vysokou ochranou p\u0159ed UV z\u00e1\u0159en\u00edm. Je ur\u010den\u00e1 k dekorativn\u00edm \u00faprav\u00e1m ploch z jehli\u010dnat\u00e9ho i listnat\u00e9ho d\u0159eva, jako je nap\u0159. bedn\u011bn\u00ed, d\u0159ev\u011bn\u00e9 obklady, oblo\u017een\u00ed d\u0159ev\u011bn\u00fdmi deskami, zahradn\u00ed n\u00e1bytek, okna, dve\u0159e, atd. Vypl\u0148uje mezeru mezi tenkovrstv\u00fdmi impregna\u010dn\u00edmi lazurami a silnovrstv\u00fdmi lazurami. Rovn\u011b\u017e se pou\u017e\u00edv\u00e1 pro dodate\u010dnou barevnou [&hellip;]\" \/>\n<meta property=\"og:url\" content=\"https:\/\/www.koupeltech.com\/index.php\/produkt\/remmers-uv-lazura-palisandr-5-0l-oblibeny-6347\/\" \/>\n<meta property=\"og:image\" content=\"https:\/\/www.koupeltech.com\/wp-content\/uploads\/2026\/SK0022300-CZ20260425-092328-0-1777080210-palisander_10.webp\" \/>\n\t<meta property=\"og:image:width\" content=\"700\" \/>\n\t<meta property=\"og:image:height\" content=\"700\" \/>\n\t<meta property=\"og:image:type\" content=\"image\/webp\" \/>\n<meta name=\"twitter:card\" content=\"summary_large_image\" \/>\n<meta name=\"twitter:label1\" content=\"Odhadovan\u00e1 doba \u010dten\u00ed\" \/>\n\t<meta name=\"twitter:data1\" content=\"2 minuty\" \/>\n<script type=\"application\/ld+json\" class=\"yoast-schema-graph\">{\"@context\":\"https:\/\/schema.org\",\"@graph\":[{\"@type\":\"WebPage\",\"@id\":\"https:\/\/www.koupeltech.com\/index.php\/produkt\/remmers-uv-lazura-palisandr-5-0l-oblibeny-6347\/\",\"url\":\"https:\/\/www.koupeltech.com\/index.php\/produkt\/remmers-uv-lazura-palisandr-5-0l-oblibeny-6347\/\",\"name\":\"REMMERS UV+ LAZURA PALISANDR 5,0L Obl\u00edben\u00fd -\",\"isPartOf\":{\"@id\":\"https:\/\/www.koupeltech.com\/#website\"},\"primaryImageOfPage\":{\"@id\":\"https:\/\/www.koupeltech.com\/index.php\/produkt\/remmers-uv-lazura-palisandr-5-0l-oblibeny-6347\/#primaryimage\"},\"image\":{\"@id\":\"https:\/\/www.koupeltech.com\/index.php\/produkt\/remmers-uv-lazura-palisandr-5-0l-oblibeny-6347\/#primaryimage\"},\"thumbnailUrl\":\"https:\/\/www.koupeltech.com\/wp-content\/uploads\/2026\/SK0022300-CZ20260425-092328-0-1777080210-palisander_10.webp\",\"datePublished\":\"2026-04-27T13:56:48+00:00\",\"breadcrumb\":{\"@id\":\"https:\/\/www.koupeltech.com\/index.php\/produkt\/remmers-uv-lazura-palisandr-5-0l-oblibeny-6347\/#breadcrumb\"},\"inLanguage\":\"cs\",\"potentialAction\":[{\"@type\":\"ReadAction\",\"target\":[\"https:\/\/www.koupeltech.com\/index.php\/produkt\/remmers-uv-lazura-palisandr-5-0l-oblibeny-6347\/\"]}]},{\"@type\":\"ImageObject\",\"inLanguage\":\"cs\",\"@id\":\"https:\/\/www.koupeltech.com\/index.php\/produkt\/remmers-uv-lazura-palisandr-5-0l-oblibeny-6347\/#primaryimage\",\"url\":\"https:\/\/www.koupeltech.com\/wp-content\/uploads\/2026\/SK0022300-CZ20260425-092328-0-1777080210-palisander_10.webp\",\"contentUrl\":\"https:\/\/www.koupeltech.com\/wp-content\/uploads\/2026\/SK0022300-CZ20260425-092328-0-1777080210-palisander_10.webp\",\"width\":700,\"height\":700},{\"@type\":\"BreadcrumbList\",\"@id\":\"https:\/\/www.koupeltech.com\/index.php\/produkt\/remmers-uv-lazura-palisandr-5-0l-oblibeny-6347\/#breadcrumb\",\"itemListElement\":[{\"@type\":\"ListItem\",\"position\":1,\"name\":\"Home\",\"item\":\"https:\/\/www.koupeltech.com\/\"},{\"@type\":\"ListItem\",\"position\":2,\"name\":\"Products\",\"item\":\"https:\/\/www.koupeltech.com\/index.php\/products\/\"},{\"@type\":\"ListItem\",\"position\":3,\"name\":\"REMMERS UV+ LAZURA PALISANDR 5,0L Obl\u00edben\u00fd\"}]},{\"@type\":\"WebSite\",\"@id\":\"https:\/\/www.koupeltech.com\/#website\",\"url\":\"https:\/\/www.koupeltech.com\/\",\"name\":\"\",\"description\":\"\",\"potentialAction\":[{\"@type\":\"SearchAction\",\"target\":{\"@type\":\"EntryPoint\",\"urlTemplate\":\"https:\/\/www.koupeltech.com\/?s={search_term_string}\"},\"query-input\":{\"@type\":\"PropertyValueSpecification\",\"valueRequired\":true,\"valueName\":\"search_term_string\"}}],\"inLanguage\":\"cs\"}]}<\/script>\n<!-- \/ Yoast SEO plugin. -->","yoast_head_json":{"title":"REMMERS UV+ LAZURA PALISANDR 5,0L Obl\u00edben\u00fd -","robots":{"index":"index","follow":"follow","max-snippet":"max-snippet:-1","max-image-preview":"max-image-preview:large","max-video-preview":"max-video-preview:-1"},"canonical":"https:\/\/www.koupeltech.com\/index.php\/produkt\/remmers-uv-lazura-palisandr-5-0l-oblibeny-6347\/","og_locale":"cs_CZ","og_type":"article","og_title":"REMMERS UV+ LAZURA PALISANDR 5,0L Obl\u00edben\u00fd -","og_description":"Syntetick\u00e1, st\u0159edn\u011bvrstv\u00e1 lazura na d\u0159evo ve 12 r\u016fzn\u00fdch odst\u00ednech s vysokou ochranou p\u0159ed UV z\u00e1\u0159en\u00edm. Je ur\u010den\u00e1 k dekorativn\u00edm \u00faprav\u00e1m ploch z jehli\u010dnat\u00e9ho i listnat\u00e9ho d\u0159eva, jako je nap\u0159. bedn\u011bn\u00ed, d\u0159ev\u011bn\u00e9 obklady, oblo\u017een\u00ed d\u0159ev\u011bn\u00fdmi deskami, zahradn\u00ed n\u00e1bytek, okna, dve\u0159e, atd. Vypl\u0148uje mezeru mezi tenkovrstv\u00fdmi impregna\u010dn\u00edmi lazurami a silnovrstv\u00fdmi lazurami. Rovn\u011b\u017e se pou\u017e\u00edv\u00e1 pro dodate\u010dnou barevnou [&hellip;]","og_url":"https:\/\/www.koupeltech.com\/index.php\/produkt\/remmers-uv-lazura-palisandr-5-0l-oblibeny-6347\/","og_image":[{"width":700,"height":700,"url":"https:\/\/www.koupeltech.com\/wp-content\/uploads\/2026\/SK0022300-CZ20260425-092328-0-1777080210-palisander_10.webp","type":"image\/webp"}],"twitter_card":"summary_large_image","twitter_misc":{"Odhadovan\u00e1 doba \u010dten\u00ed":"2 minuty"},"schema":{"@context":"https:\/\/schema.org","@graph":[{"@type":"WebPage","@id":"https:\/\/www.koupeltech.com\/index.php\/produkt\/remmers-uv-lazura-palisandr-5-0l-oblibeny-6347\/","url":"https:\/\/www.koupeltech.com\/index.php\/produkt\/remmers-uv-lazura-palisandr-5-0l-oblibeny-6347\/","name":"REMMERS UV+ LAZURA PALISANDR 5,0L Obl\u00edben\u00fd -","isPartOf":{"@id":"https:\/\/www.koupeltech.com\/#website"},"primaryImageOfPage":{"@id":"https:\/\/www.koupeltech.com\/index.php\/produkt\/remmers-uv-lazura-palisandr-5-0l-oblibeny-6347\/#primaryimage"},"image":{"@id":"https:\/\/www.koupeltech.com\/index.php\/produkt\/remmers-uv-lazura-palisandr-5-0l-oblibeny-6347\/#primaryimage"},"thumbnailUrl":"https:\/\/www.koupeltech.com\/wp-content\/uploads\/2026\/SK0022300-CZ20260425-092328-0-1777080210-palisander_10.webp","datePublished":"2026-04-27T13:56:48+00:00","breadcrumb":{"@id":"https:\/\/www.koupeltech.com\/index.php\/produkt\/remmers-uv-lazura-palisandr-5-0l-oblibeny-6347\/#breadcrumb"},"inLanguage":"cs","potentialAction":[{"@type":"ReadAction","target":["https:\/\/www.koupeltech.com\/index.php\/produkt\/remmers-uv-lazura-palisandr-5-0l-oblibeny-6347\/"]}]},{"@type":"ImageObject","inLanguage":"cs","@id":"https:\/\/www.koupeltech.com\/index.php\/produkt\/remmers-uv-lazura-palisandr-5-0l-oblibeny-6347\/#primaryimage","url":"https:\/\/www.koupeltech.com\/wp-content\/uploads\/2026\/SK0022300-CZ20260425-092328-0-1777080210-palisander_10.webp","contentUrl":"https:\/\/www.koupeltech.com\/wp-content\/uploads\/2026\/SK0022300-CZ20260425-092328-0-1777080210-palisander_10.webp","width":700,"height":700},{"@type":"BreadcrumbList","@id":"https:\/\/www.koupeltech.com\/index.php\/produkt\/remmers-uv-lazura-palisandr-5-0l-oblibeny-6347\/#breadcrumb","itemListElement":[{"@type":"ListItem","position":1,"name":"Home","item":"https:\/\/www.koupeltech.com\/"},{"@type":"ListItem","position":2,"name":"Products","item":"https:\/\/www.koupeltech.com\/index.php\/products\/"},{"@type":"ListItem","position":3,"name":"REMMERS UV+ LAZURA PALISANDR 5,0L Obl\u00edben\u00fd"}]},{"@type":"WebSite","@id":"https:\/\/www.koupeltech.com\/#website","url":"https:\/\/www.koupeltech.com\/","name":"","description":"","potentialAction":[{"@type":"SearchAction","target":{"@type":"EntryPoint","urlTemplate":"https:\/\/www.koupeltech.com\/?s={search_term_string}"},"query-input":{"@type":"PropertyValueSpecification","valueRequired":true,"valueName":"search_term_string"}}],"inLanguage":"cs"}]}},"_links":{"self":[{"href":"https:\/\/www.koupeltech.com\/index.php\/wp-json\/wp\/v2\/product\/6347","targetHints":{"allow":["GET"]}}],"collection":[{"href":"https:\/\/www.koupeltech.com\/index.php\/wp-json\/wp\/v2\/product"}],"about":[{"href":"https:\/\/www.koupeltech.com\/index.php\/wp-json\/wp\/v2\/types\/product"}],"replies":[{"embeddable":true,"href":"https:\/\/www.koupeltech.com\/index.php\/wp-json\/wp\/v2\/comments?post=6347"}],"wp:featuredmedia":[{"embeddable":true,"href":"https:\/\/www.koupeltech.com\/index.php\/wp-json\/wp\/v2\/media\/6447"}],"wp:attachment":[{"href":"https:\/\/www.koupeltech.com\/index.php\/wp-json\/wp\/v2\/media?parent=6347"}],"wp:term":[{"taxonomy":"product_brand","embeddable":true,"href":"https:\/\/www.koupeltech.com\/index.php\/wp-json\/wp\/v2\/product_brand?post=6347"},{"taxonomy":"product_cat","embeddable":true,"href":"https:\/\/www.koupeltech.com\/index.php\/wp-json\/wp\/v2\/product_cat?post=6347"},{"taxonomy":"product_tag","embeddable":true,"href":"https:\/\/www.koupeltech.com\/index.php\/wp-json\/wp\/v2\/product_tag?post=6347"}],"curies":[{"name":"wp","href":"https:\/\/api.w.org\/{rel}","templated":true}]}}