{"id":6357,"date":"2026-04-27T13:56:48","date_gmt":"2026-04-27T13:56:48","guid":{"rendered":""},"modified":"2026-04-27T13:56:48","modified_gmt":"2026-04-27T13:56:48","slug":"doprava-zdarma-remmers-wetterschutz-uv-lazura-5l-bezbarvy-6357","status":"publish","type":"product","link":"https:\/\/www.koupeltech.com\/index.php\/produkt\/doprava-zdarma-remmers-wetterschutz-uv-lazura-5l-bezbarvy-6357\/","title":{"rendered":"Doprava Zdarma REMMERS WETTERSCHUTZ-UV LAZURA 5L BEZBARV\u00dd"},"content":{"rendered":"<table>\n<div class=\"tab-pane active product-description\" id=\"popis\" role=\"tabpanel\">\n<div class=\"short-description\" itemprop=\"description\">Doprodej <\/div>\n<div class=\"description\">\n<p><span class=\"bullet-line\">Lazurov\u00fd gel s nanoabsorb\u00e9ry UV z\u00e1\u0159en\u00ed na vodn\u00ed b\u00e1zi.<\/span><br \/><span class=\"bullet-line\">Prody\u0161n\u00e1, st\u0159edn\u011bvrstv\u00e1 lazura pro v\u0161echny druhy d\u0159eva v\u010detn\u011b exotick\u00e9ho.&nbsp;<\/span><br \/><span class=\"bullet-line\">Neskap\u00e1v\u00e1 a poskytuje d\u0159evu ochranu proti UV z\u00e1\u0159en\u00ed a pov\u011btrnostn\u00edm vliv\u016fm.&nbsp;<\/span><br \/><span class=\"bullet-line\">Pro venkovn\u00ed pou\u017eit\u00ed s p\u0159\u00edm\u00fdm p\u016fsoben\u00edm UV z\u00e1\u0159en\u00ed se doporu\u010duje impregnovat d\u0159evo v\u00fdrobkem HOLZSCHUTZ-CREME (Farblos) a pot\u00e9 aplikovat dvojn\u00e1sobn\u00fd n\u00e1t\u011br WETTERSCHUTZ-LASUR UV v odst\u00ednech, pop\u0159\u00edpad\u011b trojn\u00e1sobn\u00fd n\u00e1t\u011br WETTERSCHUTZ-LASUR UV+ Farblos.<\/span><\/p>\n<p>\u25ba Oblast pou\u017eit\u00ed<span class=\"bullet-line\">d\u0159ev\u011bn\u00e9 domky<\/span><br \/><span class=\"bullet-line\">venkovn\u00ed oblo\u017een\u00ed<\/span><br \/><span class=\"bullet-line\">st\u0159e\u0161n\u00ed podhledy<\/span><br \/><span class=\"bullet-line\">zahradn\u00ed domky<\/span><br \/><span class=\"bullet-line\">zahradn\u00ed n\u00e1bytek<\/span><br \/><span class=\"bullet-line\">ploty, p\u0159\u00edst\u0159e\u0161ky pro auta<\/span><br \/><span class=\"bullet-line\">pergoly, hr\u00e1zd\u011bn\u00ed atd.<\/span><\/p>\n<p>\u25ba Spot\u0159eba<span class=\"bullet-line\">cca 10 m\u00b2\/litr podle typu a nas\u00e1kavosti d\u0159eva<\/span><\/p>\n<p>\u25ba \u0158edidlo:<span class=\"bullet-line\">ne\u0159edit, voda + sapon\u00e1t<\/span><\/p>\n<p>\u25ba Tipy a rady<span class=\"bullet-line\">WETTERSCHUTZ-LASUR UV (Farblos UV+) je v syst\u00e9mu s v\u00fdrobkem HOLZSCHUTZ-CREME (bezbarv\u00fd) pou\u017eiteln\u00e1 tak\u00e9 pro oblast s p\u0159\u00edm\u00fdm p\u016fsoben\u00edm pov\u011btrnostn\u00edch vliv\u016f.&nbsp;<\/span><br \/><span class=\"bullet-line\">Pro trvanlivost sv\u011btl\u00fdch d\u0159evin slou\u017e\u00ed WETTERSCHUTZ-LASUR UV (Farblos UV+) tak\u00e9 jako \u201eob\u011btovan\u00e1 vrstva\u201c, kter\u00e1 bude v p\u0159\u00edpad\u011b renovace obnovena.&nbsp;<\/span><br \/><span class=\"bullet-line\">Vybran\u00fd barevn\u00fd odst\u00edn tak tmavne v\u00fdrazn\u011b pomaleji.<\/span><\/p>\n<\/div>\n<\/table>\n","protected":false},"excerpt":{"rendered":"<p>Doprodej Lazurov\u00fd gel s nanoabsorb\u00e9ry UV z\u00e1\u0159en\u00ed na vodn\u00ed b\u00e1zi.Prody\u0161n\u00e1, st\u0159edn\u011bvrstv\u00e1 lazura pro v\u0161echny druhy d\u0159eva v\u010detn\u011b exotick\u00e9ho.&nbsp;Neskap\u00e1v\u00e1 a poskytuje d\u0159evu ochranu proti UV z\u00e1\u0159en\u00ed a pov\u011btrnostn\u00edm vliv\u016fm.&nbsp;Pro venkovn\u00ed pou\u017eit\u00ed s p\u0159\u00edm\u00fdm p\u016fsoben\u00edm UV z\u00e1\u0159en\u00ed se doporu\u010duje impregnovat d\u0159evo v\u00fdrobkem HOLZSCHUTZ-CREME (Farblos) a pot\u00e9 aplikovat dvojn\u00e1sobn\u00fd n\u00e1t\u011br WETTERSCHUTZ-LASUR UV v odst\u00ednech, pop\u0159\u00edpad\u011b trojn\u00e1sobn\u00fd n\u00e1t\u011br WETTERSCHUTZ-LASUR [&hellip;]<\/p>\n","protected":false},"featured_media":6457,"comment_status":"open","ping_status":"open","template":"","meta":[],"product_brand":[],"product_cat":[40,42,41],"product_tag":[],"class_list":{"0":"post-6357","1":"product","2":"type-product","3":"status-publish","4":"has-post-thumbnail","6":"product_cat-barvy","7":"product_cat-chemie","8":"product_cat-laky","10":"first","11":"instock","12":"sale","13":"shipping-taxable","14":"purchasable","15":"product-type-simple"},"yoast_head":"<!-- This site is optimized with the Yoast SEO plugin v26.8 - https:\/\/yoast.com\/product\/yoast-seo-wordpress\/ -->\n<title>Doprava Zdarma REMMERS WETTERSCHUTZ-UV LAZURA 5L BEZBARV\u00dd -<\/title>\n<meta name=\"robots\" content=\"index, follow, max-snippet:-1, max-image-preview:large, max-video-preview:-1\" \/>\n<link rel=\"canonical\" href=\"https:\/\/www.koupeltech.com\/index.php\/produkt\/doprava-zdarma-remmers-wetterschutz-uv-lazura-5l-bezbarvy-6357\/\" \/>\n<meta property=\"og:locale\" content=\"cs_CZ\" \/>\n<meta property=\"og:type\" content=\"article\" \/>\n<meta property=\"og:title\" content=\"Doprava Zdarma REMMERS WETTERSCHUTZ-UV LAZURA 5L BEZBARV\u00dd -\" \/>\n<meta property=\"og:description\" content=\"Doprodej Lazurov\u00fd gel s nanoabsorb\u00e9ry UV z\u00e1\u0159en\u00ed na vodn\u00ed b\u00e1zi.Prody\u0161n\u00e1, st\u0159edn\u011bvrstv\u00e1 lazura pro v\u0161echny druhy d\u0159eva v\u010detn\u011b exotick\u00e9ho.&nbsp;Neskap\u00e1v\u00e1 a poskytuje d\u0159evu ochranu proti UV z\u00e1\u0159en\u00ed a pov\u011btrnostn\u00edm vliv\u016fm.&nbsp;Pro venkovn\u00ed pou\u017eit\u00ed s p\u0159\u00edm\u00fdm p\u016fsoben\u00edm UV z\u00e1\u0159en\u00ed se doporu\u010duje impregnovat d\u0159evo v\u00fdrobkem HOLZSCHUTZ-CREME (Farblos) a pot\u00e9 aplikovat dvojn\u00e1sobn\u00fd n\u00e1t\u011br WETTERSCHUTZ-LASUR UV v odst\u00ednech, pop\u0159\u00edpad\u011b trojn\u00e1sobn\u00fd n\u00e1t\u011br WETTERSCHUTZ-LASUR [&hellip;]\" \/>\n<meta property=\"og:url\" content=\"https:\/\/www.koupeltech.com\/index.php\/produkt\/doprava-zdarma-remmers-wetterschutz-uv-lazura-5l-bezbarvy-6357\/\" \/>\n<meta property=\"og:image\" content=\"https:\/\/www.koupeltech.com\/wp-content\/uploads\/2026\/SK0022310-CZ20260425-092328-0-1777080210-1508404131-wetterschutz-lasur-uv-eiche-hell-2500ml-100mm-1..webp\" \/>\n\t<meta property=\"og:image:width\" content=\"700\" \/>\n\t<meta property=\"og:image:height\" content=\"700\" \/>\n\t<meta property=\"og:image:type\" content=\"image\/webp\" \/>\n<meta name=\"twitter:card\" content=\"summary_large_image\" \/>\n<meta name=\"twitter:label1\" content=\"Odhadovan\u00e1 doba \u010dten\u00ed\" \/>\n\t<meta name=\"twitter:data1\" content=\"1 minuta\" \/>\n<script type=\"application\/ld+json\" class=\"yoast-schema-graph\">{\"@context\":\"https:\/\/schema.org\",\"@graph\":[{\"@type\":\"WebPage\",\"@id\":\"https:\/\/www.koupeltech.com\/index.php\/produkt\/doprava-zdarma-remmers-wetterschutz-uv-lazura-5l-bezbarvy-6357\/\",\"url\":\"https:\/\/www.koupeltech.com\/index.php\/produkt\/doprava-zdarma-remmers-wetterschutz-uv-lazura-5l-bezbarvy-6357\/\",\"name\":\"Doprava Zdarma REMMERS WETTERSCHUTZ-UV LAZURA 5L BEZBARV\u00dd -\",\"isPartOf\":{\"@id\":\"https:\/\/www.koupeltech.com\/#website\"},\"primaryImageOfPage\":{\"@id\":\"https:\/\/www.koupeltech.com\/index.php\/produkt\/doprava-zdarma-remmers-wetterschutz-uv-lazura-5l-bezbarvy-6357\/#primaryimage\"},\"image\":{\"@id\":\"https:\/\/www.koupeltech.com\/index.php\/produkt\/doprava-zdarma-remmers-wetterschutz-uv-lazura-5l-bezbarvy-6357\/#primaryimage\"},\"thumbnailUrl\":\"https:\/\/www.koupeltech.com\/wp-content\/uploads\/2026\/SK0022310-CZ20260425-092328-0-1777080210-1508404131-wetterschutz-lasur-uv-eiche-hell-2500ml-100mm-1..webp\",\"datePublished\":\"2026-04-27T13:56:48+00:00\",\"breadcrumb\":{\"@id\":\"https:\/\/www.koupeltech.com\/index.php\/produkt\/doprava-zdarma-remmers-wetterschutz-uv-lazura-5l-bezbarvy-6357\/#breadcrumb\"},\"inLanguage\":\"cs\",\"potentialAction\":[{\"@type\":\"ReadAction\",\"target\":[\"https:\/\/www.koupeltech.com\/index.php\/produkt\/doprava-zdarma-remmers-wetterschutz-uv-lazura-5l-bezbarvy-6357\/\"]}]},{\"@type\":\"ImageObject\",\"inLanguage\":\"cs\",\"@id\":\"https:\/\/www.koupeltech.com\/index.php\/produkt\/doprava-zdarma-remmers-wetterschutz-uv-lazura-5l-bezbarvy-6357\/#primaryimage\",\"url\":\"https:\/\/www.koupeltech.com\/wp-content\/uploads\/2026\/SK0022310-CZ20260425-092328-0-1777080210-1508404131-wetterschutz-lasur-uv-eiche-hell-2500ml-100mm-1..webp\",\"contentUrl\":\"https:\/\/www.koupeltech.com\/wp-content\/uploads\/2026\/SK0022310-CZ20260425-092328-0-1777080210-1508404131-wetterschutz-lasur-uv-eiche-hell-2500ml-100mm-1..webp\",\"width\":700,\"height\":700},{\"@type\":\"BreadcrumbList\",\"@id\":\"https:\/\/www.koupeltech.com\/index.php\/produkt\/doprava-zdarma-remmers-wetterschutz-uv-lazura-5l-bezbarvy-6357\/#breadcrumb\",\"itemListElement\":[{\"@type\":\"ListItem\",\"position\":1,\"name\":\"Home\",\"item\":\"https:\/\/www.koupeltech.com\/\"},{\"@type\":\"ListItem\",\"position\":2,\"name\":\"Products\",\"item\":\"https:\/\/www.koupeltech.com\/index.php\/products\/\"},{\"@type\":\"ListItem\",\"position\":3,\"name\":\"Doprava Zdarma REMMERS WETTERSCHUTZ-UV LAZURA 5L BEZBARV\u00dd\"}]},{\"@type\":\"WebSite\",\"@id\":\"https:\/\/www.koupeltech.com\/#website\",\"url\":\"https:\/\/www.koupeltech.com\/\",\"name\":\"\",\"description\":\"\",\"potentialAction\":[{\"@type\":\"SearchAction\",\"target\":{\"@type\":\"EntryPoint\",\"urlTemplate\":\"https:\/\/www.koupeltech.com\/?s={search_term_string}\"},\"query-input\":{\"@type\":\"PropertyValueSpecification\",\"valueRequired\":true,\"valueName\":\"search_term_string\"}}],\"inLanguage\":\"cs\"}]}<\/script>\n<!-- \/ Yoast SEO plugin. -->","yoast_head_json":{"title":"Doprava Zdarma REMMERS WETTERSCHUTZ-UV LAZURA 5L BEZBARV\u00dd -","robots":{"index":"index","follow":"follow","max-snippet":"max-snippet:-1","max-image-preview":"max-image-preview:large","max-video-preview":"max-video-preview:-1"},"canonical":"https:\/\/www.koupeltech.com\/index.php\/produkt\/doprava-zdarma-remmers-wetterschutz-uv-lazura-5l-bezbarvy-6357\/","og_locale":"cs_CZ","og_type":"article","og_title":"Doprava Zdarma REMMERS WETTERSCHUTZ-UV LAZURA 5L BEZBARV\u00dd -","og_description":"Doprodej Lazurov\u00fd gel s nanoabsorb\u00e9ry UV z\u00e1\u0159en\u00ed na vodn\u00ed b\u00e1zi.Prody\u0161n\u00e1, st\u0159edn\u011bvrstv\u00e1 lazura pro v\u0161echny druhy d\u0159eva v\u010detn\u011b exotick\u00e9ho.&nbsp;Neskap\u00e1v\u00e1 a poskytuje d\u0159evu ochranu proti UV z\u00e1\u0159en\u00ed a pov\u011btrnostn\u00edm vliv\u016fm.&nbsp;Pro venkovn\u00ed pou\u017eit\u00ed s p\u0159\u00edm\u00fdm p\u016fsoben\u00edm UV z\u00e1\u0159en\u00ed se doporu\u010duje impregnovat d\u0159evo v\u00fdrobkem HOLZSCHUTZ-CREME (Farblos) a pot\u00e9 aplikovat dvojn\u00e1sobn\u00fd n\u00e1t\u011br WETTERSCHUTZ-LASUR UV v odst\u00ednech, pop\u0159\u00edpad\u011b trojn\u00e1sobn\u00fd n\u00e1t\u011br WETTERSCHUTZ-LASUR [&hellip;]","og_url":"https:\/\/www.koupeltech.com\/index.php\/produkt\/doprava-zdarma-remmers-wetterschutz-uv-lazura-5l-bezbarvy-6357\/","og_image":[{"width":700,"height":700,"url":"https:\/\/www.koupeltech.com\/wp-content\/uploads\/2026\/SK0022310-CZ20260425-092328-0-1777080210-1508404131-wetterschutz-lasur-uv-eiche-hell-2500ml-100mm-1..webp","type":"image\/webp"}],"twitter_card":"summary_large_image","twitter_misc":{"Odhadovan\u00e1 doba \u010dten\u00ed":"1 minuta"},"schema":{"@context":"https:\/\/schema.org","@graph":[{"@type":"WebPage","@id":"https:\/\/www.koupeltech.com\/index.php\/produkt\/doprava-zdarma-remmers-wetterschutz-uv-lazura-5l-bezbarvy-6357\/","url":"https:\/\/www.koupeltech.com\/index.php\/produkt\/doprava-zdarma-remmers-wetterschutz-uv-lazura-5l-bezbarvy-6357\/","name":"Doprava Zdarma REMMERS WETTERSCHUTZ-UV LAZURA 5L BEZBARV\u00dd -","isPartOf":{"@id":"https:\/\/www.koupeltech.com\/#website"},"primaryImageOfPage":{"@id":"https:\/\/www.koupeltech.com\/index.php\/produkt\/doprava-zdarma-remmers-wetterschutz-uv-lazura-5l-bezbarvy-6357\/#primaryimage"},"image":{"@id":"https:\/\/www.koupeltech.com\/index.php\/produkt\/doprava-zdarma-remmers-wetterschutz-uv-lazura-5l-bezbarvy-6357\/#primaryimage"},"thumbnailUrl":"https:\/\/www.koupeltech.com\/wp-content\/uploads\/2026\/SK0022310-CZ20260425-092328-0-1777080210-1508404131-wetterschutz-lasur-uv-eiche-hell-2500ml-100mm-1..webp","datePublished":"2026-04-27T13:56:48+00:00","breadcrumb":{"@id":"https:\/\/www.koupeltech.com\/index.php\/produkt\/doprava-zdarma-remmers-wetterschutz-uv-lazura-5l-bezbarvy-6357\/#breadcrumb"},"inLanguage":"cs","potentialAction":[{"@type":"ReadAction","target":["https:\/\/www.koupeltech.com\/index.php\/produkt\/doprava-zdarma-remmers-wetterschutz-uv-lazura-5l-bezbarvy-6357\/"]}]},{"@type":"ImageObject","inLanguage":"cs","@id":"https:\/\/www.koupeltech.com\/index.php\/produkt\/doprava-zdarma-remmers-wetterschutz-uv-lazura-5l-bezbarvy-6357\/#primaryimage","url":"https:\/\/www.koupeltech.com\/wp-content\/uploads\/2026\/SK0022310-CZ20260425-092328-0-1777080210-1508404131-wetterschutz-lasur-uv-eiche-hell-2500ml-100mm-1..webp","contentUrl":"https:\/\/www.koupeltech.com\/wp-content\/uploads\/2026\/SK0022310-CZ20260425-092328-0-1777080210-1508404131-wetterschutz-lasur-uv-eiche-hell-2500ml-100mm-1..webp","width":700,"height":700},{"@type":"BreadcrumbList","@id":"https:\/\/www.koupeltech.com\/index.php\/produkt\/doprava-zdarma-remmers-wetterschutz-uv-lazura-5l-bezbarvy-6357\/#breadcrumb","itemListElement":[{"@type":"ListItem","position":1,"name":"Home","item":"https:\/\/www.koupeltech.com\/"},{"@type":"ListItem","position":2,"name":"Products","item":"https:\/\/www.koupeltech.com\/index.php\/products\/"},{"@type":"ListItem","position":3,"name":"Doprava Zdarma REMMERS WETTERSCHUTZ-UV LAZURA 5L BEZBARV\u00dd"}]},{"@type":"WebSite","@id":"https:\/\/www.koupeltech.com\/#website","url":"https:\/\/www.koupeltech.com\/","name":"","description":"","potentialAction":[{"@type":"SearchAction","target":{"@type":"EntryPoint","urlTemplate":"https:\/\/www.koupeltech.com\/?s={search_term_string}"},"query-input":{"@type":"PropertyValueSpecification","valueRequired":true,"valueName":"search_term_string"}}],"inLanguage":"cs"}]}},"_links":{"self":[{"href":"https:\/\/www.koupeltech.com\/index.php\/wp-json\/wp\/v2\/product\/6357","targetHints":{"allow":["GET"]}}],"collection":[{"href":"https:\/\/www.koupeltech.com\/index.php\/wp-json\/wp\/v2\/product"}],"about":[{"href":"https:\/\/www.koupeltech.com\/index.php\/wp-json\/wp\/v2\/types\/product"}],"replies":[{"embeddable":true,"href":"https:\/\/www.koupeltech.com\/index.php\/wp-json\/wp\/v2\/comments?post=6357"}],"wp:featuredmedia":[{"embeddable":true,"href":"https:\/\/www.koupeltech.com\/index.php\/wp-json\/wp\/v2\/media\/6457"}],"wp:attachment":[{"href":"https:\/\/www.koupeltech.com\/index.php\/wp-json\/wp\/v2\/media?parent=6357"}],"wp:term":[{"taxonomy":"product_brand","embeddable":true,"href":"https:\/\/www.koupeltech.com\/index.php\/wp-json\/wp\/v2\/product_brand?post=6357"},{"taxonomy":"product_cat","embeddable":true,"href":"https:\/\/www.koupeltech.com\/index.php\/wp-json\/wp\/v2\/product_cat?post=6357"},{"taxonomy":"product_tag","embeddable":true,"href":"https:\/\/www.koupeltech.com\/index.php\/wp-json\/wp\/v2\/product_tag?post=6357"}],"curies":[{"name":"wp","href":"https:\/\/api.w.org\/{rel}","templated":true}]}}