{"id":6358,"date":"2026-04-27T13:56:48","date_gmt":"2026-04-27T13:56:48","guid":{"rendered":""},"modified":"2026-04-27T13:56:48","modified_gmt":"2026-04-27T13:56:48","slug":"makita-dcl184z-akumulatorovy-vysavac-horka-nabidka-6358","status":"publish","type":"product","link":"https:\/\/www.koupeltech.com\/index.php\/produkt\/makita-dcl184z-akumulatorovy-vysavac-horka-nabidka-6358\/","title":{"rendered":"Makita DCL184Z Akumul\u00e1torov\u00fd vysava\u010d Hork\u00e1 Nab\u00eddka"},"content":{"rendered":"<table>\n<div class=\"tab-pane active product-description\" id=\"popis\" role=\"tabpanel\">\n<div class=\"short-description\" itemprop=\"description\"><\/div>\n<div class=\"description\"><span class='bullet-line'>Praktick\u00fd aku vysava\u010d pro akumul\u00e1tory Li-ion 18V LXT<br \/><\/span><span class='bullet-line'>Ide\u00e1ln\u00ed pomocn\u00edk p\u0159i vys\u00e1v\u00e1n\u00ed automobilu<br \/><\/span><span class='bullet-line'>A\u017e 133 minut pr\u00e1ce na jedno nabit\u00ed akumul\u00e1toru BL1850B<br \/><\/span><span class='bullet-line'>Mo\u017enost pou\u017eit\u00ed pap\u00edrov\u00e9ho (330 ml) nebo textiln\u00edho (500 ml) s\u00e1\u010dku<br \/><\/span><span class='bullet-line'>Vy\u0161\u0161\u00ed v\u00fdkon stroje ne\u017e u p\u0159echoz\u00edch model\u016f &#8211; 38 W<br \/><\/span><span class='bullet-line'>Maxim\u00e1ln\u00ed objem vzduchu 1,4 m3\/min<br \/><\/span><span class='bullet-line'>Mo\u017enost v\u00fdb\u011bru ze 3 stup\u0148\u016f s\u00e1n\u00ed<br \/><\/span><span class='bullet-line'>Mo\u017enost \u00fapravy stroje pro ofukov\u00e1n\u00ed<br \/><\/span><span class='bullet-line'>Sv\u011bteln\u00e1 signalizace vybit\u00ed akumul\u00e1toru<br \/><\/span><span class='bullet-line'>Praktick\u00e9 uchycen\u00ed hadice pro jednodu\u0161\u0161\u00ed transport<br \/><\/span><span class='bullet-line'>\u0160irok\u00fd v\u00fdb\u011br p\u0159\u00edslu\u0161enstv\u00ed<br \/><\/span><span class='bullet-line'>Dod\u00e1vka bez akumul\u00e1toru, nab\u00edje\u010dky a kufru<br \/><\/span><br \/>\u25ba P\u0159\u00edslu\u0161enstv\u00ed<span class='bullet-line'>Hadice (140H92-6)<br \/><\/span><span class='bullet-line'>Hubice na autokoberce (459056-4)<br \/><\/span><span class='bullet-line'>\u0160t\u011brbinov\u00e1 hubice (422437-5)<br \/><\/span><span class='bullet-line'>Hubice na \u010daloun\u011bn\u00ed (140H95-0)<br \/><\/span><span class='bullet-line'>Kart\u00e1\u010dov\u00e1 hubice (140H94-2)<br \/><\/span><span class='bullet-line'>Ofukovac\u00ed adapt\u00e9r (140J64-3)<br \/><\/span><span class='bullet-line'>Prachov\u00fd s\u00e1\u010dek (198746-1)<br \/><\/span><span class='bullet-line'>Pap\u00edrov\u00fd s\u00e1\u010dek 5 ks (194566-1)<br \/><\/span><span class='bullet-line'>Dr\u017e\u00e1k s\u00e1\u010dku (143677-9)<br \/><\/span><span class='bullet-line'>Popruh (162544-9)<\/span><\/div>\n<div class=\"parameters\">\n<tr>\n<td>Akumul\u00e1tor<\/td>\n<td>Li-ion 18 V<\/td>\n<\/tr>\n<tr>\n<td>Doba pou\u017eit\u00ed\/akumul\u00e1tor<\/td>\n<td>BL1850-133\/50\/33 min<\/td>\n<\/tr>\n<tr>\n<td>Max. pr\u016ftok vzduchu<\/td>\n<td>1,4 m3\/min<\/td>\n<\/tr>\n<tr>\n<td>Max. v\u00fdkon<\/td>\n<td>38 W<\/td>\n<\/tr>\n<tr>\n<td>Objem n\u00e1doby<\/td>\n<td>500 ml<\/td>\n<\/tr>\n<tr>\n<td>Hmotnost<\/td>\n<td>1,5 \/ 2,1 kg<\/td>\n<\/tr>\n<tr>\n<td>Rozm\u011bry (Dx\u0160xV)<\/td>\n<td>365 x 138 x 202 mm<\/td>\n<\/tr><\/div>\n<\/table>\n","protected":false},"excerpt":{"rendered":"<p>Praktick\u00fd aku vysava\u010d pro akumul\u00e1tory Li-ion 18V LXTIde\u00e1ln\u00ed pomocn\u00edk p\u0159i vys\u00e1v\u00e1n\u00ed automobiluA\u017e 133 minut pr\u00e1ce na jedno nabit\u00ed akumul\u00e1toru BL1850BMo\u017enost pou\u017eit\u00ed pap\u00edrov\u00e9ho (330 ml) nebo textiln\u00edho (500 ml) s\u00e1\u010dkuVy\u0161\u0161\u00ed v\u00fdkon stroje ne\u017e u p\u0159echoz\u00edch model\u016f &#8211; 38 WMaxim\u00e1ln\u00ed objem vzduchu 1,4 m3\/minMo\u017enost v\u00fdb\u011bru ze 3 stup\u0148\u016f s\u00e1n\u00edMo\u017enost \u00fapravy stroje pro ofukov\u00e1n\u00edSv\u011bteln\u00e1 signalizace vybit\u00ed akumul\u00e1toruPraktick\u00e9 uchycen\u00ed [&hellip;]<\/p>\n","protected":false},"featured_media":6458,"comment_status":"open","ping_status":"open","template":"","meta":[],"product_brand":[],"product_cat":[43],"product_tag":[],"class_list":{"0":"post-6358","1":"product","2":"type-product","3":"status-publish","4":"has-post-thumbnail","6":"product_cat-naradi","8":"first","9":"instock","10":"sale","11":"shipping-taxable","12":"purchasable","13":"product-type-simple"},"yoast_head":"<!-- This site is optimized with the Yoast SEO plugin v26.8 - https:\/\/yoast.com\/product\/yoast-seo-wordpress\/ -->\n<title>Makita DCL184Z Akumul\u00e1torov\u00fd vysava\u010d Hork\u00e1 Nab\u00eddka -<\/title>\n<meta name=\"robots\" content=\"index, follow, max-snippet:-1, max-image-preview:large, max-video-preview:-1\" \/>\n<link rel=\"canonical\" href=\"https:\/\/www.koupeltech.com\/index.php\/produkt\/makita-dcl184z-akumulatorovy-vysavac-horka-nabidka-6358\/\" \/>\n<meta property=\"og:locale\" content=\"cs_CZ\" \/>\n<meta property=\"og:type\" content=\"article\" \/>\n<meta property=\"og:title\" content=\"Makita DCL184Z Akumul\u00e1torov\u00fd vysava\u010d Hork\u00e1 Nab\u00eddka -\" \/>\n<meta property=\"og:description\" content=\"Praktick\u00fd aku vysava\u010d pro akumul\u00e1tory Li-ion 18V LXTIde\u00e1ln\u00ed pomocn\u00edk p\u0159i vys\u00e1v\u00e1n\u00ed automobiluA\u017e 133 minut pr\u00e1ce na jedno nabit\u00ed akumul\u00e1toru BL1850BMo\u017enost pou\u017eit\u00ed pap\u00edrov\u00e9ho (330 ml) nebo textiln\u00edho (500 ml) s\u00e1\u010dkuVy\u0161\u0161\u00ed v\u00fdkon stroje ne\u017e u p\u0159echoz\u00edch model\u016f &#8211; 38 WMaxim\u00e1ln\u00ed objem vzduchu 1,4 m3\/minMo\u017enost v\u00fdb\u011bru ze 3 stup\u0148\u016f s\u00e1n\u00edMo\u017enost \u00fapravy stroje pro ofukov\u00e1n\u00edSv\u011bteln\u00e1 signalizace vybit\u00ed akumul\u00e1toruPraktick\u00e9 uchycen\u00ed [&hellip;]\" \/>\n<meta property=\"og:url\" content=\"https:\/\/www.koupeltech.com\/index.php\/produkt\/makita-dcl184z-akumulatorovy-vysavac-horka-nabidka-6358\/\" \/>\n<meta property=\"og:image\" content=\"https:\/\/www.koupeltech.com\/wp-content\/uploads\/2026\/SK0022311-CZ20260425-092328-0-1777080210-dcl184z.webp\" \/>\n\t<meta property=\"og:image:width\" content=\"700\" \/>\n\t<meta property=\"og:image:height\" content=\"514\" \/>\n\t<meta property=\"og:image:type\" content=\"image\/webp\" \/>\n<meta name=\"twitter:card\" content=\"summary_large_image\" \/>\n<meta name=\"twitter:label1\" content=\"Odhadovan\u00e1 doba \u010dten\u00ed\" \/>\n\t<meta name=\"twitter:data1\" content=\"1 minuta\" \/>\n<script type=\"application\/ld+json\" class=\"yoast-schema-graph\">{\"@context\":\"https:\/\/schema.org\",\"@graph\":[{\"@type\":\"WebPage\",\"@id\":\"https:\/\/www.koupeltech.com\/index.php\/produkt\/makita-dcl184z-akumulatorovy-vysavac-horka-nabidka-6358\/\",\"url\":\"https:\/\/www.koupeltech.com\/index.php\/produkt\/makita-dcl184z-akumulatorovy-vysavac-horka-nabidka-6358\/\",\"name\":\"Makita DCL184Z Akumul\u00e1torov\u00fd vysava\u010d Hork\u00e1 Nab\u00eddka -\",\"isPartOf\":{\"@id\":\"https:\/\/www.koupeltech.com\/#website\"},\"primaryImageOfPage\":{\"@id\":\"https:\/\/www.koupeltech.com\/index.php\/produkt\/makita-dcl184z-akumulatorovy-vysavac-horka-nabidka-6358\/#primaryimage\"},\"image\":{\"@id\":\"https:\/\/www.koupeltech.com\/index.php\/produkt\/makita-dcl184z-akumulatorovy-vysavac-horka-nabidka-6358\/#primaryimage\"},\"thumbnailUrl\":\"https:\/\/www.koupeltech.com\/wp-content\/uploads\/2026\/SK0022311-CZ20260425-092328-0-1777080210-dcl184z.webp\",\"datePublished\":\"2026-04-27T13:56:48+00:00\",\"breadcrumb\":{\"@id\":\"https:\/\/www.koupeltech.com\/index.php\/produkt\/makita-dcl184z-akumulatorovy-vysavac-horka-nabidka-6358\/#breadcrumb\"},\"inLanguage\":\"cs\",\"potentialAction\":[{\"@type\":\"ReadAction\",\"target\":[\"https:\/\/www.koupeltech.com\/index.php\/produkt\/makita-dcl184z-akumulatorovy-vysavac-horka-nabidka-6358\/\"]}]},{\"@type\":\"ImageObject\",\"inLanguage\":\"cs\",\"@id\":\"https:\/\/www.koupeltech.com\/index.php\/produkt\/makita-dcl184z-akumulatorovy-vysavac-horka-nabidka-6358\/#primaryimage\",\"url\":\"https:\/\/www.koupeltech.com\/wp-content\/uploads\/2026\/SK0022311-CZ20260425-092328-0-1777080210-dcl184z.webp\",\"contentUrl\":\"https:\/\/www.koupeltech.com\/wp-content\/uploads\/2026\/SK0022311-CZ20260425-092328-0-1777080210-dcl184z.webp\",\"width\":700,\"height\":514},{\"@type\":\"BreadcrumbList\",\"@id\":\"https:\/\/www.koupeltech.com\/index.php\/produkt\/makita-dcl184z-akumulatorovy-vysavac-horka-nabidka-6358\/#breadcrumb\",\"itemListElement\":[{\"@type\":\"ListItem\",\"position\":1,\"name\":\"Home\",\"item\":\"https:\/\/www.koupeltech.com\/\"},{\"@type\":\"ListItem\",\"position\":2,\"name\":\"Products\",\"item\":\"https:\/\/www.koupeltech.com\/index.php\/products\/\"},{\"@type\":\"ListItem\",\"position\":3,\"name\":\"Makita DCL184Z Akumul\u00e1torov\u00fd vysava\u010d Hork\u00e1 Nab\u00eddka\"}]},{\"@type\":\"WebSite\",\"@id\":\"https:\/\/www.koupeltech.com\/#website\",\"url\":\"https:\/\/www.koupeltech.com\/\",\"name\":\"\",\"description\":\"\",\"potentialAction\":[{\"@type\":\"SearchAction\",\"target\":{\"@type\":\"EntryPoint\",\"urlTemplate\":\"https:\/\/www.koupeltech.com\/?s={search_term_string}\"},\"query-input\":{\"@type\":\"PropertyValueSpecification\",\"valueRequired\":true,\"valueName\":\"search_term_string\"}}],\"inLanguage\":\"cs\"}]}<\/script>\n<!-- \/ Yoast SEO plugin. -->","yoast_head_json":{"title":"Makita DCL184Z Akumul\u00e1torov\u00fd vysava\u010d Hork\u00e1 Nab\u00eddka -","robots":{"index":"index","follow":"follow","max-snippet":"max-snippet:-1","max-image-preview":"max-image-preview:large","max-video-preview":"max-video-preview:-1"},"canonical":"https:\/\/www.koupeltech.com\/index.php\/produkt\/makita-dcl184z-akumulatorovy-vysavac-horka-nabidka-6358\/","og_locale":"cs_CZ","og_type":"article","og_title":"Makita DCL184Z Akumul\u00e1torov\u00fd vysava\u010d Hork\u00e1 Nab\u00eddka -","og_description":"Praktick\u00fd aku vysava\u010d pro akumul\u00e1tory Li-ion 18V LXTIde\u00e1ln\u00ed pomocn\u00edk p\u0159i vys\u00e1v\u00e1n\u00ed automobiluA\u017e 133 minut pr\u00e1ce na jedno nabit\u00ed akumul\u00e1toru BL1850BMo\u017enost pou\u017eit\u00ed pap\u00edrov\u00e9ho (330 ml) nebo textiln\u00edho (500 ml) s\u00e1\u010dkuVy\u0161\u0161\u00ed v\u00fdkon stroje ne\u017e u p\u0159echoz\u00edch model\u016f &#8211; 38 WMaxim\u00e1ln\u00ed objem vzduchu 1,4 m3\/minMo\u017enost v\u00fdb\u011bru ze 3 stup\u0148\u016f s\u00e1n\u00edMo\u017enost \u00fapravy stroje pro ofukov\u00e1n\u00edSv\u011bteln\u00e1 signalizace vybit\u00ed akumul\u00e1toruPraktick\u00e9 uchycen\u00ed [&hellip;]","og_url":"https:\/\/www.koupeltech.com\/index.php\/produkt\/makita-dcl184z-akumulatorovy-vysavac-horka-nabidka-6358\/","og_image":[{"width":700,"height":514,"url":"https:\/\/www.koupeltech.com\/wp-content\/uploads\/2026\/SK0022311-CZ20260425-092328-0-1777080210-dcl184z.webp","type":"image\/webp"}],"twitter_card":"summary_large_image","twitter_misc":{"Odhadovan\u00e1 doba \u010dten\u00ed":"1 minuta"},"schema":{"@context":"https:\/\/schema.org","@graph":[{"@type":"WebPage","@id":"https:\/\/www.koupeltech.com\/index.php\/produkt\/makita-dcl184z-akumulatorovy-vysavac-horka-nabidka-6358\/","url":"https:\/\/www.koupeltech.com\/index.php\/produkt\/makita-dcl184z-akumulatorovy-vysavac-horka-nabidka-6358\/","name":"Makita DCL184Z Akumul\u00e1torov\u00fd vysava\u010d Hork\u00e1 Nab\u00eddka -","isPartOf":{"@id":"https:\/\/www.koupeltech.com\/#website"},"primaryImageOfPage":{"@id":"https:\/\/www.koupeltech.com\/index.php\/produkt\/makita-dcl184z-akumulatorovy-vysavac-horka-nabidka-6358\/#primaryimage"},"image":{"@id":"https:\/\/www.koupeltech.com\/index.php\/produkt\/makita-dcl184z-akumulatorovy-vysavac-horka-nabidka-6358\/#primaryimage"},"thumbnailUrl":"https:\/\/www.koupeltech.com\/wp-content\/uploads\/2026\/SK0022311-CZ20260425-092328-0-1777080210-dcl184z.webp","datePublished":"2026-04-27T13:56:48+00:00","breadcrumb":{"@id":"https:\/\/www.koupeltech.com\/index.php\/produkt\/makita-dcl184z-akumulatorovy-vysavac-horka-nabidka-6358\/#breadcrumb"},"inLanguage":"cs","potentialAction":[{"@type":"ReadAction","target":["https:\/\/www.koupeltech.com\/index.php\/produkt\/makita-dcl184z-akumulatorovy-vysavac-horka-nabidka-6358\/"]}]},{"@type":"ImageObject","inLanguage":"cs","@id":"https:\/\/www.koupeltech.com\/index.php\/produkt\/makita-dcl184z-akumulatorovy-vysavac-horka-nabidka-6358\/#primaryimage","url":"https:\/\/www.koupeltech.com\/wp-content\/uploads\/2026\/SK0022311-CZ20260425-092328-0-1777080210-dcl184z.webp","contentUrl":"https:\/\/www.koupeltech.com\/wp-content\/uploads\/2026\/SK0022311-CZ20260425-092328-0-1777080210-dcl184z.webp","width":700,"height":514},{"@type":"BreadcrumbList","@id":"https:\/\/www.koupeltech.com\/index.php\/produkt\/makita-dcl184z-akumulatorovy-vysavac-horka-nabidka-6358\/#breadcrumb","itemListElement":[{"@type":"ListItem","position":1,"name":"Home","item":"https:\/\/www.koupeltech.com\/"},{"@type":"ListItem","position":2,"name":"Products","item":"https:\/\/www.koupeltech.com\/index.php\/products\/"},{"@type":"ListItem","position":3,"name":"Makita DCL184Z Akumul\u00e1torov\u00fd vysava\u010d Hork\u00e1 Nab\u00eddka"}]},{"@type":"WebSite","@id":"https:\/\/www.koupeltech.com\/#website","url":"https:\/\/www.koupeltech.com\/","name":"","description":"","potentialAction":[{"@type":"SearchAction","target":{"@type":"EntryPoint","urlTemplate":"https:\/\/www.koupeltech.com\/?s={search_term_string}"},"query-input":{"@type":"PropertyValueSpecification","valueRequired":true,"valueName":"search_term_string"}}],"inLanguage":"cs"}]}},"_links":{"self":[{"href":"https:\/\/www.koupeltech.com\/index.php\/wp-json\/wp\/v2\/product\/6358","targetHints":{"allow":["GET"]}}],"collection":[{"href":"https:\/\/www.koupeltech.com\/index.php\/wp-json\/wp\/v2\/product"}],"about":[{"href":"https:\/\/www.koupeltech.com\/index.php\/wp-json\/wp\/v2\/types\/product"}],"replies":[{"embeddable":true,"href":"https:\/\/www.koupeltech.com\/index.php\/wp-json\/wp\/v2\/comments?post=6358"}],"wp:featuredmedia":[{"embeddable":true,"href":"https:\/\/www.koupeltech.com\/index.php\/wp-json\/wp\/v2\/media\/6458"}],"wp:attachment":[{"href":"https:\/\/www.koupeltech.com\/index.php\/wp-json\/wp\/v2\/media?parent=6358"}],"wp:term":[{"taxonomy":"product_brand","embeddable":true,"href":"https:\/\/www.koupeltech.com\/index.php\/wp-json\/wp\/v2\/product_brand?post=6358"},{"taxonomy":"product_cat","embeddable":true,"href":"https:\/\/www.koupeltech.com\/index.php\/wp-json\/wp\/v2\/product_cat?post=6358"},{"taxonomy":"product_tag","embeddable":true,"href":"https:\/\/www.koupeltech.com\/index.php\/wp-json\/wp\/v2\/product_tag?post=6358"}],"curies":[{"name":"wp","href":"https:\/\/api.w.org\/{rel}","templated":true}]}}