{"id":6359,"date":"2026-04-27T13:56:48","date_gmt":"2026-04-27T13:56:48","guid":{"rendered":""},"modified":"2026-04-27T13:56:48","modified_gmt":"2026-04-27T13:56:48","slug":"hit-sezony-makita-debdml812-aku-led-svitilna-li-ion-lxt-14-4v-18v-z-6359","status":"publish","type":"product","link":"https:\/\/www.koupeltech.com\/index.php\/produkt\/hit-sezony-makita-debdml812-aku-led-svitilna-li-ion-lxt-14-4v-18v-z-6359\/","title":{"rendered":"Hit Sez\u00f3ny Makita DEBDML812 Aku LED sv\u00edtilna Li-ion LXT 14,4V + 18V Z"},"content":{"rendered":"<table>\n<div class=\"tab-pane active product-description\" id=\"popis\" role=\"tabpanel\">\n<div class=\"short-description\" itemprop=\"description\"><\/div>\n<div class=\"description\"><span class='bullet-line'>V\u00fdkonn\u00e1 aku LED sv\u00edtilna Li-ion 14,4 v nebo 18V<br \/><\/span><span class='bullet-line'>Vysok\u00e1 intenzita sv\u00edcen\u00ed s dosahem a\u017e do 640 m<br \/><\/span><span class='bullet-line'>A\u017e 7 hodin sv\u00edcen\u00ed na jedno nabit\u00ed akumul\u00e1toru BL1850B<br \/><\/span><span class='bullet-line'>Mo\u017enost nastaven\u00ed \u00fahlu sv\u00edcen\u00ed 90\u00b0vertik\u00e1ln\u011b<br \/><\/span><span class='bullet-line'>Mo\u017enost nastaven\u00ed 4 r\u016fzn\u00fdch stup\u0148\u016f intenzity sv\u00edcen\u00ed<br \/><\/span><span class='bullet-line'>P\u0159i bodov\u00e9m sv\u00edcen\u00ed je dosvit a\u017e 640 m<br \/><\/span><span class='bullet-line'>Funkce stroboskopu<br \/><\/span><span class='bullet-line'>Technologie XPT umo\u017e\u0148uj\u00edc\u00ed pou\u017eit\u00ed v prost\u0159ed\u00ed se zv\u00fd\u0161enou pra\u0161nost\u00ed nebo vlhkost\u00ed<br \/><\/span><span class='bullet-line'>Integrovan\u00fd h\u00e1\u010dek umo\u017e\u0148uj\u00edc\u00ed zav\u011b\u0161en\u00ed sv\u00edtilny<br \/><\/span><span class='bullet-line'>Dod\u00e1v\u00e1 se bez akumul\u00e1toru a nab\u00edje\u010dky<\/span><\/div>\n<div class=\"parameters\">\n<tr>\n<td>Akumul\u00e1tor<\/td>\n<td>Li-ion 14,4 \/ 18 V<\/td>\n<\/tr>\n<tr>\n<td>Doba pou\u017eit\u00ed\/akumul\u00e1tor<\/td>\n<td>6-10 hod\/BL1860B<\/td>\n<\/tr>\n<tr>\n<td>Sv\u00edtivost<\/td>\n<td>520\/51000\/71000 lux<\/td>\n<\/tr>\n<tr>\n<td>Hmotnost<\/td>\n<td>0,9 \/ 1,6 kg<\/td>\n<\/tr>\n<tr>\n<td>Rozm\u011bry (Dx\u0160xV)<\/td>\n<td>313 x 119 x 115 mm<\/td>\n<\/tr><\/div>\n<\/table>\n","protected":false},"excerpt":{"rendered":"<p>V\u00fdkonn\u00e1 aku LED sv\u00edtilna Li-ion 14,4 v nebo 18VVysok\u00e1 intenzita sv\u00edcen\u00ed s dosahem a\u017e do 640 mA\u017e 7 hodin sv\u00edcen\u00ed na jedno nabit\u00ed akumul\u00e1toru BL1850BMo\u017enost nastaven\u00ed \u00fahlu sv\u00edcen\u00ed 90\u00b0vertik\u00e1ln\u011bMo\u017enost nastaven\u00ed 4 r\u016fzn\u00fdch stup\u0148\u016f intenzity sv\u00edcen\u00edP\u0159i bodov\u00e9m sv\u00edcen\u00ed je dosvit a\u017e 640 mFunkce stroboskopuTechnologie XPT umo\u017e\u0148uj\u00edc\u00ed pou\u017eit\u00ed v prost\u0159ed\u00ed se zv\u00fd\u0161enou pra\u0161nost\u00ed nebo vlhkost\u00edIntegrovan\u00fd h\u00e1\u010dek umo\u017e\u0148uj\u00edc\u00ed [&hellip;]<\/p>\n","protected":false},"featured_media":6459,"comment_status":"open","ping_status":"open","template":"","meta":[],"product_brand":[],"product_cat":[43],"product_tag":[],"class_list":{"0":"post-6359","1":"product","2":"type-product","3":"status-publish","4":"has-post-thumbnail","6":"product_cat-naradi","8":"first","9":"instock","10":"sale","11":"shipping-taxable","12":"purchasable","13":"product-type-simple"},"yoast_head":"<!-- This site is optimized with the Yoast SEO plugin v26.8 - https:\/\/yoast.com\/product\/yoast-seo-wordpress\/ -->\n<title>Hit Sez\u00f3ny Makita DEBDML812 Aku LED sv\u00edtilna Li-ion LXT 14,4V + 18V Z -<\/title>\n<meta name=\"robots\" content=\"index, follow, max-snippet:-1, max-image-preview:large, max-video-preview:-1\" \/>\n<link rel=\"canonical\" href=\"https:\/\/www.koupeltech.com\/index.php\/produkt\/hit-sezony-makita-debdml812-aku-led-svitilna-li-ion-lxt-14-4v-18v-z-6359\/\" \/>\n<meta property=\"og:locale\" content=\"cs_CZ\" \/>\n<meta property=\"og:type\" content=\"article\" \/>\n<meta property=\"og:title\" content=\"Hit Sez\u00f3ny Makita DEBDML812 Aku LED sv\u00edtilna Li-ion LXT 14,4V + 18V Z -\" \/>\n<meta property=\"og:description\" content=\"V\u00fdkonn\u00e1 aku LED sv\u00edtilna Li-ion 14,4 v nebo 18VVysok\u00e1 intenzita sv\u00edcen\u00ed s dosahem a\u017e do 640 mA\u017e 7 hodin sv\u00edcen\u00ed na jedno nabit\u00ed akumul\u00e1toru BL1850BMo\u017enost nastaven\u00ed \u00fahlu sv\u00edcen\u00ed 90\u00b0vertik\u00e1ln\u011bMo\u017enost nastaven\u00ed 4 r\u016fzn\u00fdch stup\u0148\u016f intenzity sv\u00edcen\u00edP\u0159i bodov\u00e9m sv\u00edcen\u00ed je dosvit a\u017e 640 mFunkce stroboskopuTechnologie XPT umo\u017e\u0148uj\u00edc\u00ed pou\u017eit\u00ed v prost\u0159ed\u00ed se zv\u00fd\u0161enou pra\u0161nost\u00ed nebo vlhkost\u00edIntegrovan\u00fd h\u00e1\u010dek umo\u017e\u0148uj\u00edc\u00ed [&hellip;]\" \/>\n<meta property=\"og:url\" content=\"https:\/\/www.koupeltech.com\/index.php\/produkt\/hit-sezony-makita-debdml812-aku-led-svitilna-li-ion-lxt-14-4v-18v-z-6359\/\" \/>\n<meta property=\"og:image\" content=\"https:\/\/www.koupeltech.com\/wp-content\/uploads\/2026\/SK0022312-CZ20260425-092328-0-1777080210-dml812z_im_1_orig.webp\" \/>\n\t<meta property=\"og:image:width\" content=\"373\" \/>\n\t<meta property=\"og:image:height\" content=\"699\" \/>\n\t<meta property=\"og:image:type\" content=\"image\/webp\" \/>\n<meta name=\"twitter:card\" content=\"summary_large_image\" \/>\n<meta name=\"twitter:label1\" content=\"Odhadovan\u00e1 doba \u010dten\u00ed\" \/>\n\t<meta name=\"twitter:data1\" content=\"1 minuta\" \/>\n<script type=\"application\/ld+json\" class=\"yoast-schema-graph\">{\"@context\":\"https:\/\/schema.org\",\"@graph\":[{\"@type\":\"WebPage\",\"@id\":\"https:\/\/www.koupeltech.com\/index.php\/produkt\/hit-sezony-makita-debdml812-aku-led-svitilna-li-ion-lxt-14-4v-18v-z-6359\/\",\"url\":\"https:\/\/www.koupeltech.com\/index.php\/produkt\/hit-sezony-makita-debdml812-aku-led-svitilna-li-ion-lxt-14-4v-18v-z-6359\/\",\"name\":\"Hit Sez\u00f3ny Makita DEBDML812 Aku LED sv\u00edtilna Li-ion LXT 14,4V + 18V Z -\",\"isPartOf\":{\"@id\":\"https:\/\/www.koupeltech.com\/#website\"},\"primaryImageOfPage\":{\"@id\":\"https:\/\/www.koupeltech.com\/index.php\/produkt\/hit-sezony-makita-debdml812-aku-led-svitilna-li-ion-lxt-14-4v-18v-z-6359\/#primaryimage\"},\"image\":{\"@id\":\"https:\/\/www.koupeltech.com\/index.php\/produkt\/hit-sezony-makita-debdml812-aku-led-svitilna-li-ion-lxt-14-4v-18v-z-6359\/#primaryimage\"},\"thumbnailUrl\":\"https:\/\/www.koupeltech.com\/wp-content\/uploads\/2026\/SK0022312-CZ20260425-092328-0-1777080210-dml812z_im_1_orig.webp\",\"datePublished\":\"2026-04-27T13:56:48+00:00\",\"breadcrumb\":{\"@id\":\"https:\/\/www.koupeltech.com\/index.php\/produkt\/hit-sezony-makita-debdml812-aku-led-svitilna-li-ion-lxt-14-4v-18v-z-6359\/#breadcrumb\"},\"inLanguage\":\"cs\",\"potentialAction\":[{\"@type\":\"ReadAction\",\"target\":[\"https:\/\/www.koupeltech.com\/index.php\/produkt\/hit-sezony-makita-debdml812-aku-led-svitilna-li-ion-lxt-14-4v-18v-z-6359\/\"]}]},{\"@type\":\"ImageObject\",\"inLanguage\":\"cs\",\"@id\":\"https:\/\/www.koupeltech.com\/index.php\/produkt\/hit-sezony-makita-debdml812-aku-led-svitilna-li-ion-lxt-14-4v-18v-z-6359\/#primaryimage\",\"url\":\"https:\/\/www.koupeltech.com\/wp-content\/uploads\/2026\/SK0022312-CZ20260425-092328-0-1777080210-dml812z_im_1_orig.webp\",\"contentUrl\":\"https:\/\/www.koupeltech.com\/wp-content\/uploads\/2026\/SK0022312-CZ20260425-092328-0-1777080210-dml812z_im_1_orig.webp\",\"width\":373,\"height\":699},{\"@type\":\"BreadcrumbList\",\"@id\":\"https:\/\/www.koupeltech.com\/index.php\/produkt\/hit-sezony-makita-debdml812-aku-led-svitilna-li-ion-lxt-14-4v-18v-z-6359\/#breadcrumb\",\"itemListElement\":[{\"@type\":\"ListItem\",\"position\":1,\"name\":\"Home\",\"item\":\"https:\/\/www.koupeltech.com\/\"},{\"@type\":\"ListItem\",\"position\":2,\"name\":\"Products\",\"item\":\"https:\/\/www.koupeltech.com\/index.php\/products\/\"},{\"@type\":\"ListItem\",\"position\":3,\"name\":\"Hit Sez\u00f3ny Makita DEBDML812 Aku LED sv\u00edtilna Li-ion LXT 14,4V + 18V Z\"}]},{\"@type\":\"WebSite\",\"@id\":\"https:\/\/www.koupeltech.com\/#website\",\"url\":\"https:\/\/www.koupeltech.com\/\",\"name\":\"\",\"description\":\"\",\"potentialAction\":[{\"@type\":\"SearchAction\",\"target\":{\"@type\":\"EntryPoint\",\"urlTemplate\":\"https:\/\/www.koupeltech.com\/?s={search_term_string}\"},\"query-input\":{\"@type\":\"PropertyValueSpecification\",\"valueRequired\":true,\"valueName\":\"search_term_string\"}}],\"inLanguage\":\"cs\"}]}<\/script>\n<!-- \/ Yoast SEO plugin. -->","yoast_head_json":{"title":"Hit Sez\u00f3ny Makita DEBDML812 Aku LED sv\u00edtilna Li-ion LXT 14,4V + 18V Z -","robots":{"index":"index","follow":"follow","max-snippet":"max-snippet:-1","max-image-preview":"max-image-preview:large","max-video-preview":"max-video-preview:-1"},"canonical":"https:\/\/www.koupeltech.com\/index.php\/produkt\/hit-sezony-makita-debdml812-aku-led-svitilna-li-ion-lxt-14-4v-18v-z-6359\/","og_locale":"cs_CZ","og_type":"article","og_title":"Hit Sez\u00f3ny Makita DEBDML812 Aku LED sv\u00edtilna Li-ion LXT 14,4V + 18V Z -","og_description":"V\u00fdkonn\u00e1 aku LED sv\u00edtilna Li-ion 14,4 v nebo 18VVysok\u00e1 intenzita sv\u00edcen\u00ed s dosahem a\u017e do 640 mA\u017e 7 hodin sv\u00edcen\u00ed na jedno nabit\u00ed akumul\u00e1toru BL1850BMo\u017enost nastaven\u00ed \u00fahlu sv\u00edcen\u00ed 90\u00b0vertik\u00e1ln\u011bMo\u017enost nastaven\u00ed 4 r\u016fzn\u00fdch stup\u0148\u016f intenzity sv\u00edcen\u00edP\u0159i bodov\u00e9m sv\u00edcen\u00ed je dosvit a\u017e 640 mFunkce stroboskopuTechnologie XPT umo\u017e\u0148uj\u00edc\u00ed pou\u017eit\u00ed v prost\u0159ed\u00ed se zv\u00fd\u0161enou pra\u0161nost\u00ed nebo vlhkost\u00edIntegrovan\u00fd h\u00e1\u010dek umo\u017e\u0148uj\u00edc\u00ed [&hellip;]","og_url":"https:\/\/www.koupeltech.com\/index.php\/produkt\/hit-sezony-makita-debdml812-aku-led-svitilna-li-ion-lxt-14-4v-18v-z-6359\/","og_image":[{"width":373,"height":699,"url":"https:\/\/www.koupeltech.com\/wp-content\/uploads\/2026\/SK0022312-CZ20260425-092328-0-1777080210-dml812z_im_1_orig.webp","type":"image\/webp"}],"twitter_card":"summary_large_image","twitter_misc":{"Odhadovan\u00e1 doba \u010dten\u00ed":"1 minuta"},"schema":{"@context":"https:\/\/schema.org","@graph":[{"@type":"WebPage","@id":"https:\/\/www.koupeltech.com\/index.php\/produkt\/hit-sezony-makita-debdml812-aku-led-svitilna-li-ion-lxt-14-4v-18v-z-6359\/","url":"https:\/\/www.koupeltech.com\/index.php\/produkt\/hit-sezony-makita-debdml812-aku-led-svitilna-li-ion-lxt-14-4v-18v-z-6359\/","name":"Hit Sez\u00f3ny Makita DEBDML812 Aku LED sv\u00edtilna Li-ion LXT 14,4V + 18V Z -","isPartOf":{"@id":"https:\/\/www.koupeltech.com\/#website"},"primaryImageOfPage":{"@id":"https:\/\/www.koupeltech.com\/index.php\/produkt\/hit-sezony-makita-debdml812-aku-led-svitilna-li-ion-lxt-14-4v-18v-z-6359\/#primaryimage"},"image":{"@id":"https:\/\/www.koupeltech.com\/index.php\/produkt\/hit-sezony-makita-debdml812-aku-led-svitilna-li-ion-lxt-14-4v-18v-z-6359\/#primaryimage"},"thumbnailUrl":"https:\/\/www.koupeltech.com\/wp-content\/uploads\/2026\/SK0022312-CZ20260425-092328-0-1777080210-dml812z_im_1_orig.webp","datePublished":"2026-04-27T13:56:48+00:00","breadcrumb":{"@id":"https:\/\/www.koupeltech.com\/index.php\/produkt\/hit-sezony-makita-debdml812-aku-led-svitilna-li-ion-lxt-14-4v-18v-z-6359\/#breadcrumb"},"inLanguage":"cs","potentialAction":[{"@type":"ReadAction","target":["https:\/\/www.koupeltech.com\/index.php\/produkt\/hit-sezony-makita-debdml812-aku-led-svitilna-li-ion-lxt-14-4v-18v-z-6359\/"]}]},{"@type":"ImageObject","inLanguage":"cs","@id":"https:\/\/www.koupeltech.com\/index.php\/produkt\/hit-sezony-makita-debdml812-aku-led-svitilna-li-ion-lxt-14-4v-18v-z-6359\/#primaryimage","url":"https:\/\/www.koupeltech.com\/wp-content\/uploads\/2026\/SK0022312-CZ20260425-092328-0-1777080210-dml812z_im_1_orig.webp","contentUrl":"https:\/\/www.koupeltech.com\/wp-content\/uploads\/2026\/SK0022312-CZ20260425-092328-0-1777080210-dml812z_im_1_orig.webp","width":373,"height":699},{"@type":"BreadcrumbList","@id":"https:\/\/www.koupeltech.com\/index.php\/produkt\/hit-sezony-makita-debdml812-aku-led-svitilna-li-ion-lxt-14-4v-18v-z-6359\/#breadcrumb","itemListElement":[{"@type":"ListItem","position":1,"name":"Home","item":"https:\/\/www.koupeltech.com\/"},{"@type":"ListItem","position":2,"name":"Products","item":"https:\/\/www.koupeltech.com\/index.php\/products\/"},{"@type":"ListItem","position":3,"name":"Hit Sez\u00f3ny Makita DEBDML812 Aku LED sv\u00edtilna Li-ion LXT 14,4V + 18V Z"}]},{"@type":"WebSite","@id":"https:\/\/www.koupeltech.com\/#website","url":"https:\/\/www.koupeltech.com\/","name":"","description":"","potentialAction":[{"@type":"SearchAction","target":{"@type":"EntryPoint","urlTemplate":"https:\/\/www.koupeltech.com\/?s={search_term_string}"},"query-input":{"@type":"PropertyValueSpecification","valueRequired":true,"valueName":"search_term_string"}}],"inLanguage":"cs"}]}},"_links":{"self":[{"href":"https:\/\/www.koupeltech.com\/index.php\/wp-json\/wp\/v2\/product\/6359","targetHints":{"allow":["GET"]}}],"collection":[{"href":"https:\/\/www.koupeltech.com\/index.php\/wp-json\/wp\/v2\/product"}],"about":[{"href":"https:\/\/www.koupeltech.com\/index.php\/wp-json\/wp\/v2\/types\/product"}],"replies":[{"embeddable":true,"href":"https:\/\/www.koupeltech.com\/index.php\/wp-json\/wp\/v2\/comments?post=6359"}],"wp:featuredmedia":[{"embeddable":true,"href":"https:\/\/www.koupeltech.com\/index.php\/wp-json\/wp\/v2\/media\/6459"}],"wp:attachment":[{"href":"https:\/\/www.koupeltech.com\/index.php\/wp-json\/wp\/v2\/media?parent=6359"}],"wp:term":[{"taxonomy":"product_brand","embeddable":true,"href":"https:\/\/www.koupeltech.com\/index.php\/wp-json\/wp\/v2\/product_brand?post=6359"},{"taxonomy":"product_cat","embeddable":true,"href":"https:\/\/www.koupeltech.com\/index.php\/wp-json\/wp\/v2\/product_cat?post=6359"},{"taxonomy":"product_tag","embeddable":true,"href":"https:\/\/www.koupeltech.com\/index.php\/wp-json\/wp\/v2\/product_tag?post=6359"}],"curies":[{"name":"wp","href":"https:\/\/api.w.org\/{rel}","templated":true}]}}