{"id":6360,"date":"2026-04-27T13:56:48","date_gmt":"2026-04-27T13:56:48","guid":{"rendered":""},"modified":"2026-04-27T13:56:48","modified_gmt":"2026-04-27T13:56:48","slug":"makita-dtw700rtj-aku-razovy-utahovak-1-2-li-ion-lxt-18v-5-0ah-vikendova-akce-6360","status":"publish","type":"product","link":"https:\/\/www.koupeltech.com\/index.php\/produkt\/makita-dtw700rtj-aku-razovy-utahovak-1-2-li-ion-lxt-18v-5-0ah-vikendova-akce-6360\/","title":{"rendered":"Makita DTW700RTJ Aku r\u00e1zov\u00fd utahov\u00e1k 1\/2&#8243; Li-ion LXT 18V\/5,0Ah V\u00edkendov\u00e1 Akce"},"content":{"rendered":"<table>\n<div class=\"tab-pane active product-description\" id=\"popis\" role=\"tabpanel\">\n<div class=\"short-description\" itemprop=\"description\"><\/div>\n<div class=\"description\"><span class='bullet-line'>Kompaktn\u00ed aku r\u00e1zov\u00fd utahov\u00e1k s vysok\u00fdm utahovac\u00edm momentem a\u017e 700 Nm a \u0159adou zaj\u00edmav\u00fdch funkc\u00ed<br \/><\/span><span class='bullet-line'>Spolehliv\u00fd bezuhl\u00edkov\u00fd motor umo\u017e\u0148uj\u00edc\u00ed del\u0161\u00ed pou\u017eit\u00ed na jedno nabit\u00ed akumul\u00e1toru<br \/><\/span><span class='bullet-line'>Technologie XPT umo\u017e\u0148uj\u00edc\u00ed pou\u017eit\u00ed v prost\u0159ed\u00ed se zv\u00fd\u0161enou pra\u0161nost\u00ed nebo vlhkost\u00ed<br \/><\/span><span class='bullet-line'>N\u00edzk\u00e1 hmotnost, velmi kompaktn\u00ed tvar, ergonomicky tvarovan\u00e1 pogumovan\u00e1 rukoje\u0165<br \/><\/span><span class='bullet-line'>Mo\u017enost nastaven\u00ed 4 stup\u0148\u016f rychlosti dota\u017een\u00ed<br \/><\/span><span class='bullet-line'>Speci\u00e1ln\u00ed funkce umo\u017e\u0148uj\u00edc\u00ed r\u016fzn\u00e9 nastaven\u00ed automatick\u00e9ho zastaven\u00ed stroje p\u0159i L i P chodu<br \/><\/span><span class='bullet-line'>Speci\u00e1ln\u00ed funkce pro zapnut\u00ed maxim\u00e1ln\u00edch ot\u00e1\u010dek stroje<br \/><\/span><span class='bullet-line'>Odoln\u00e1 p\u0159evodovka s celokovovou konstrukc\u00ed, hlin\u00edkov\u00fd kryt p\u0159evodovky<br \/><\/span><span class='bullet-line'>Dvojit\u00e9 LED osv\u011btlen\u00ed pracovn\u00ed plochy s funkc\u00ed dosvitu<br \/><\/span><span class='bullet-line'>Elektronick\u00fd vyp\u00edna\u010d,motorov\u00e1 brzda, L\/P chod<br \/><\/span><span class='bullet-line'>Sou\u010d\u00e1st\u00ed dod\u00e1vky jsou dva akumul\u00e1tory BL1850B, rychlonab\u00edje\u010dka a Makpac<br \/><\/span><br \/>\u25ba P\u0159\u00edslu\u0161enstv\u00ed<span class='bullet-line'>Makpac (Typ 3) (821551-8)<br \/><\/span><span class='bullet-line'>Vlo\u017eka sytaineru (837645-9)<br \/><\/span><span class='bullet-line'>2 ks akumul\u00e1toru BL1850 (196672-8)<br \/><\/span><span class='bullet-line'>Rychlonab\u00edje\u010dka DC18RC (195584-2)<br \/><\/span><span class='bullet-line'>H\u00e1\u010dek (347723-2)<br \/><\/span><span class='bullet-line'>\u0160roub M4x12 (251314-2)<br \/><\/span><span class='bullet-line'>Kryt akumul\u00e1toru (450128-8)<\/span><\/div>\n<div class=\"parameters\">\n<tr>\n<td>Akumul\u00e1tor<\/td>\n<td>Li-ion 18 V<\/td>\n<\/tr>\n<tr>\n<td>Ot\u00e1\u010dky napr\u00e1zdno<\/td>\n<td>0-500\/1200\/1900\/2200 min-1<\/td>\n<\/tr>\n<tr>\n<td>Po\u010det \u00fader\u016f napr\u00e1zdno<\/td>\n<td>0-1000\/1700\/2400\/2700 min-1<\/td>\n<\/tr>\n<tr>\n<td>Max. utahovac\u00ed moment<\/td>\n<td>700 Nm<\/td>\n<\/tr>\n<tr>\n<td>Standardn\u00ed \u0161roub<\/td>\n<td>M12 &#8211; M22<\/td>\n<\/tr>\n<tr>\n<td>Upnut\u00ed \/ velikost vrt\u00e1ku<\/td>\n<td>\u010dty\u0159hran 1\/2&#8220;<\/td>\n<\/tr>\n<tr>\n<td>Hmotnost<\/td>\n<td>2,7 kg<\/td>\n<\/tr>\n<tr>\n<td>Rozm\u011bry (Dx\u0160xV)<\/td>\n<td>170 x 81 x 276 mm<\/td>\n<\/tr><\/div>\n<\/table>\n","protected":false},"excerpt":{"rendered":"<p>Kompaktn\u00ed aku r\u00e1zov\u00fd utahov\u00e1k s vysok\u00fdm utahovac\u00edm momentem a\u017e 700 Nm a \u0159adou zaj\u00edmav\u00fdch funkc\u00edSpolehliv\u00fd bezuhl\u00edkov\u00fd motor umo\u017e\u0148uj\u00edc\u00ed del\u0161\u00ed pou\u017eit\u00ed na jedno nabit\u00ed akumul\u00e1toruTechnologie XPT umo\u017e\u0148uj\u00edc\u00ed pou\u017eit\u00ed v prost\u0159ed\u00ed se zv\u00fd\u0161enou pra\u0161nost\u00ed nebo vlhkost\u00edN\u00edzk\u00e1 hmotnost, velmi kompaktn\u00ed tvar, ergonomicky tvarovan\u00e1 pogumovan\u00e1 rukoje\u0165Mo\u017enost nastaven\u00ed 4 stup\u0148\u016f rychlosti dota\u017een\u00edSpeci\u00e1ln\u00ed funkce umo\u017e\u0148uj\u00edc\u00ed r\u016fzn\u00e9 nastaven\u00ed automatick\u00e9ho zastaven\u00ed stroje p\u0159i [&hellip;]<\/p>\n","protected":false},"featured_media":6460,"comment_status":"open","ping_status":"open","template":"","meta":[],"product_brand":[],"product_cat":[43],"product_tag":[],"class_list":{"0":"post-6360","1":"product","2":"type-product","3":"status-publish","4":"has-post-thumbnail","6":"product_cat-naradi","8":"first","9":"instock","10":"sale","11":"shipping-taxable","12":"purchasable","13":"product-type-simple"},"yoast_head":"<!-- This site is optimized with the Yoast SEO plugin v26.8 - https:\/\/yoast.com\/product\/yoast-seo-wordpress\/ -->\n<title>Makita DTW700RTJ Aku r\u00e1zov\u00fd utahov\u00e1k 1\/2&quot; Li-ion LXT 18V\/5,0Ah V\u00edkendov\u00e1 Akce -<\/title>\n<meta name=\"robots\" content=\"index, follow, max-snippet:-1, max-image-preview:large, max-video-preview:-1\" \/>\n<link rel=\"canonical\" href=\"https:\/\/www.koupeltech.com\/index.php\/produkt\/makita-dtw700rtj-aku-razovy-utahovak-1-2-li-ion-lxt-18v-5-0ah-vikendova-akce-6360\/\" \/>\n<meta property=\"og:locale\" content=\"cs_CZ\" \/>\n<meta property=\"og:type\" content=\"article\" \/>\n<meta property=\"og:title\" content=\"Makita DTW700RTJ Aku r\u00e1zov\u00fd utahov\u00e1k 1\/2&quot; Li-ion LXT 18V\/5,0Ah V\u00edkendov\u00e1 Akce -\" \/>\n<meta property=\"og:description\" content=\"Kompaktn\u00ed aku r\u00e1zov\u00fd utahov\u00e1k s vysok\u00fdm utahovac\u00edm momentem a\u017e 700 Nm a \u0159adou zaj\u00edmav\u00fdch funkc\u00edSpolehliv\u00fd bezuhl\u00edkov\u00fd motor umo\u017e\u0148uj\u00edc\u00ed del\u0161\u00ed pou\u017eit\u00ed na jedno nabit\u00ed akumul\u00e1toruTechnologie XPT umo\u017e\u0148uj\u00edc\u00ed pou\u017eit\u00ed v prost\u0159ed\u00ed se zv\u00fd\u0161enou pra\u0161nost\u00ed nebo vlhkost\u00edN\u00edzk\u00e1 hmotnost, velmi kompaktn\u00ed tvar, ergonomicky tvarovan\u00e1 pogumovan\u00e1 rukoje\u0165Mo\u017enost nastaven\u00ed 4 stup\u0148\u016f rychlosti dota\u017een\u00edSpeci\u00e1ln\u00ed funkce umo\u017e\u0148uj\u00edc\u00ed r\u016fzn\u00e9 nastaven\u00ed automatick\u00e9ho zastaven\u00ed stroje p\u0159i [&hellip;]\" \/>\n<meta property=\"og:url\" content=\"https:\/\/www.koupeltech.com\/index.php\/produkt\/makita-dtw700rtj-aku-razovy-utahovak-1-2-li-ion-lxt-18v-5-0ah-vikendova-akce-6360\/\" \/>\n<meta property=\"og:image\" content=\"https:\/\/www.koupeltech.com\/wp-content\/uploads\/2026\/SK0022313-CZ20260425-092328-0-1777080210-242bd8b2470397c1e5c9b9cccd9dd105.webp\" \/>\n\t<meta property=\"og:image:width\" content=\"643\" \/>\n\t<meta property=\"og:image:height\" content=\"699\" \/>\n\t<meta property=\"og:image:type\" content=\"image\/webp\" \/>\n<meta name=\"twitter:card\" content=\"summary_large_image\" \/>\n<meta name=\"twitter:label1\" content=\"Odhadovan\u00e1 doba \u010dten\u00ed\" \/>\n\t<meta name=\"twitter:data1\" content=\"1 minuta\" \/>\n<script type=\"application\/ld+json\" class=\"yoast-schema-graph\">{\"@context\":\"https:\/\/schema.org\",\"@graph\":[{\"@type\":\"WebPage\",\"@id\":\"https:\/\/www.koupeltech.com\/index.php\/produkt\/makita-dtw700rtj-aku-razovy-utahovak-1-2-li-ion-lxt-18v-5-0ah-vikendova-akce-6360\/\",\"url\":\"https:\/\/www.koupeltech.com\/index.php\/produkt\/makita-dtw700rtj-aku-razovy-utahovak-1-2-li-ion-lxt-18v-5-0ah-vikendova-akce-6360\/\",\"name\":\"Makita DTW700RTJ Aku r\u00e1zov\u00fd utahov\u00e1k 1\/2\\\" Li-ion LXT 18V\/5,0Ah V\u00edkendov\u00e1 Akce -\",\"isPartOf\":{\"@id\":\"https:\/\/www.koupeltech.com\/#website\"},\"primaryImageOfPage\":{\"@id\":\"https:\/\/www.koupeltech.com\/index.php\/produkt\/makita-dtw700rtj-aku-razovy-utahovak-1-2-li-ion-lxt-18v-5-0ah-vikendova-akce-6360\/#primaryimage\"},\"image\":{\"@id\":\"https:\/\/www.koupeltech.com\/index.php\/produkt\/makita-dtw700rtj-aku-razovy-utahovak-1-2-li-ion-lxt-18v-5-0ah-vikendova-akce-6360\/#primaryimage\"},\"thumbnailUrl\":\"https:\/\/www.koupeltech.com\/wp-content\/uploads\/2026\/SK0022313-CZ20260425-092328-0-1777080210-242bd8b2470397c1e5c9b9cccd9dd105.webp\",\"datePublished\":\"2026-04-27T13:56:48+00:00\",\"breadcrumb\":{\"@id\":\"https:\/\/www.koupeltech.com\/index.php\/produkt\/makita-dtw700rtj-aku-razovy-utahovak-1-2-li-ion-lxt-18v-5-0ah-vikendova-akce-6360\/#breadcrumb\"},\"inLanguage\":\"cs\",\"potentialAction\":[{\"@type\":\"ReadAction\",\"target\":[\"https:\/\/www.koupeltech.com\/index.php\/produkt\/makita-dtw700rtj-aku-razovy-utahovak-1-2-li-ion-lxt-18v-5-0ah-vikendova-akce-6360\/\"]}]},{\"@type\":\"ImageObject\",\"inLanguage\":\"cs\",\"@id\":\"https:\/\/www.koupeltech.com\/index.php\/produkt\/makita-dtw700rtj-aku-razovy-utahovak-1-2-li-ion-lxt-18v-5-0ah-vikendova-akce-6360\/#primaryimage\",\"url\":\"https:\/\/www.koupeltech.com\/wp-content\/uploads\/2026\/SK0022313-CZ20260425-092328-0-1777080210-242bd8b2470397c1e5c9b9cccd9dd105.webp\",\"contentUrl\":\"https:\/\/www.koupeltech.com\/wp-content\/uploads\/2026\/SK0022313-CZ20260425-092328-0-1777080210-242bd8b2470397c1e5c9b9cccd9dd105.webp\",\"width\":643,\"height\":699},{\"@type\":\"BreadcrumbList\",\"@id\":\"https:\/\/www.koupeltech.com\/index.php\/produkt\/makita-dtw700rtj-aku-razovy-utahovak-1-2-li-ion-lxt-18v-5-0ah-vikendova-akce-6360\/#breadcrumb\",\"itemListElement\":[{\"@type\":\"ListItem\",\"position\":1,\"name\":\"Home\",\"item\":\"https:\/\/www.koupeltech.com\/\"},{\"@type\":\"ListItem\",\"position\":2,\"name\":\"Products\",\"item\":\"https:\/\/www.koupeltech.com\/index.php\/products\/\"},{\"@type\":\"ListItem\",\"position\":3,\"name\":\"Makita DTW700RTJ Aku r\u00e1zov\u00fd utahov\u00e1k 1\/2&#8243; Li-ion LXT 18V\/5,0Ah V\u00edkendov\u00e1 Akce\"}]},{\"@type\":\"WebSite\",\"@id\":\"https:\/\/www.koupeltech.com\/#website\",\"url\":\"https:\/\/www.koupeltech.com\/\",\"name\":\"\",\"description\":\"\",\"potentialAction\":[{\"@type\":\"SearchAction\",\"target\":{\"@type\":\"EntryPoint\",\"urlTemplate\":\"https:\/\/www.koupeltech.com\/?s={search_term_string}\"},\"query-input\":{\"@type\":\"PropertyValueSpecification\",\"valueRequired\":true,\"valueName\":\"search_term_string\"}}],\"inLanguage\":\"cs\"}]}<\/script>\n<!-- \/ Yoast SEO plugin. -->","yoast_head_json":{"title":"Makita DTW700RTJ Aku r\u00e1zov\u00fd utahov\u00e1k 1\/2\" Li-ion LXT 18V\/5,0Ah V\u00edkendov\u00e1 Akce -","robots":{"index":"index","follow":"follow","max-snippet":"max-snippet:-1","max-image-preview":"max-image-preview:large","max-video-preview":"max-video-preview:-1"},"canonical":"https:\/\/www.koupeltech.com\/index.php\/produkt\/makita-dtw700rtj-aku-razovy-utahovak-1-2-li-ion-lxt-18v-5-0ah-vikendova-akce-6360\/","og_locale":"cs_CZ","og_type":"article","og_title":"Makita DTW700RTJ Aku r\u00e1zov\u00fd utahov\u00e1k 1\/2\" Li-ion LXT 18V\/5,0Ah V\u00edkendov\u00e1 Akce -","og_description":"Kompaktn\u00ed aku r\u00e1zov\u00fd utahov\u00e1k s vysok\u00fdm utahovac\u00edm momentem a\u017e 700 Nm a \u0159adou zaj\u00edmav\u00fdch funkc\u00edSpolehliv\u00fd bezuhl\u00edkov\u00fd motor umo\u017e\u0148uj\u00edc\u00ed del\u0161\u00ed pou\u017eit\u00ed na jedno nabit\u00ed akumul\u00e1toruTechnologie XPT umo\u017e\u0148uj\u00edc\u00ed pou\u017eit\u00ed v prost\u0159ed\u00ed se zv\u00fd\u0161enou pra\u0161nost\u00ed nebo vlhkost\u00edN\u00edzk\u00e1 hmotnost, velmi kompaktn\u00ed tvar, ergonomicky tvarovan\u00e1 pogumovan\u00e1 rukoje\u0165Mo\u017enost nastaven\u00ed 4 stup\u0148\u016f rychlosti dota\u017een\u00edSpeci\u00e1ln\u00ed funkce umo\u017e\u0148uj\u00edc\u00ed r\u016fzn\u00e9 nastaven\u00ed automatick\u00e9ho zastaven\u00ed stroje p\u0159i [&hellip;]","og_url":"https:\/\/www.koupeltech.com\/index.php\/produkt\/makita-dtw700rtj-aku-razovy-utahovak-1-2-li-ion-lxt-18v-5-0ah-vikendova-akce-6360\/","og_image":[{"width":643,"height":699,"url":"https:\/\/www.koupeltech.com\/wp-content\/uploads\/2026\/SK0022313-CZ20260425-092328-0-1777080210-242bd8b2470397c1e5c9b9cccd9dd105.webp","type":"image\/webp"}],"twitter_card":"summary_large_image","twitter_misc":{"Odhadovan\u00e1 doba \u010dten\u00ed":"1 minuta"},"schema":{"@context":"https:\/\/schema.org","@graph":[{"@type":"WebPage","@id":"https:\/\/www.koupeltech.com\/index.php\/produkt\/makita-dtw700rtj-aku-razovy-utahovak-1-2-li-ion-lxt-18v-5-0ah-vikendova-akce-6360\/","url":"https:\/\/www.koupeltech.com\/index.php\/produkt\/makita-dtw700rtj-aku-razovy-utahovak-1-2-li-ion-lxt-18v-5-0ah-vikendova-akce-6360\/","name":"Makita DTW700RTJ Aku r\u00e1zov\u00fd utahov\u00e1k 1\/2\" Li-ion LXT 18V\/5,0Ah V\u00edkendov\u00e1 Akce -","isPartOf":{"@id":"https:\/\/www.koupeltech.com\/#website"},"primaryImageOfPage":{"@id":"https:\/\/www.koupeltech.com\/index.php\/produkt\/makita-dtw700rtj-aku-razovy-utahovak-1-2-li-ion-lxt-18v-5-0ah-vikendova-akce-6360\/#primaryimage"},"image":{"@id":"https:\/\/www.koupeltech.com\/index.php\/produkt\/makita-dtw700rtj-aku-razovy-utahovak-1-2-li-ion-lxt-18v-5-0ah-vikendova-akce-6360\/#primaryimage"},"thumbnailUrl":"https:\/\/www.koupeltech.com\/wp-content\/uploads\/2026\/SK0022313-CZ20260425-092328-0-1777080210-242bd8b2470397c1e5c9b9cccd9dd105.webp","datePublished":"2026-04-27T13:56:48+00:00","breadcrumb":{"@id":"https:\/\/www.koupeltech.com\/index.php\/produkt\/makita-dtw700rtj-aku-razovy-utahovak-1-2-li-ion-lxt-18v-5-0ah-vikendova-akce-6360\/#breadcrumb"},"inLanguage":"cs","potentialAction":[{"@type":"ReadAction","target":["https:\/\/www.koupeltech.com\/index.php\/produkt\/makita-dtw700rtj-aku-razovy-utahovak-1-2-li-ion-lxt-18v-5-0ah-vikendova-akce-6360\/"]}]},{"@type":"ImageObject","inLanguage":"cs","@id":"https:\/\/www.koupeltech.com\/index.php\/produkt\/makita-dtw700rtj-aku-razovy-utahovak-1-2-li-ion-lxt-18v-5-0ah-vikendova-akce-6360\/#primaryimage","url":"https:\/\/www.koupeltech.com\/wp-content\/uploads\/2026\/SK0022313-CZ20260425-092328-0-1777080210-242bd8b2470397c1e5c9b9cccd9dd105.webp","contentUrl":"https:\/\/www.koupeltech.com\/wp-content\/uploads\/2026\/SK0022313-CZ20260425-092328-0-1777080210-242bd8b2470397c1e5c9b9cccd9dd105.webp","width":643,"height":699},{"@type":"BreadcrumbList","@id":"https:\/\/www.koupeltech.com\/index.php\/produkt\/makita-dtw700rtj-aku-razovy-utahovak-1-2-li-ion-lxt-18v-5-0ah-vikendova-akce-6360\/#breadcrumb","itemListElement":[{"@type":"ListItem","position":1,"name":"Home","item":"https:\/\/www.koupeltech.com\/"},{"@type":"ListItem","position":2,"name":"Products","item":"https:\/\/www.koupeltech.com\/index.php\/products\/"},{"@type":"ListItem","position":3,"name":"Makita DTW700RTJ Aku r\u00e1zov\u00fd utahov\u00e1k 1\/2&#8243; Li-ion LXT 18V\/5,0Ah V\u00edkendov\u00e1 Akce"}]},{"@type":"WebSite","@id":"https:\/\/www.koupeltech.com\/#website","url":"https:\/\/www.koupeltech.com\/","name":"","description":"","potentialAction":[{"@type":"SearchAction","target":{"@type":"EntryPoint","urlTemplate":"https:\/\/www.koupeltech.com\/?s={search_term_string}"},"query-input":{"@type":"PropertyValueSpecification","valueRequired":true,"valueName":"search_term_string"}}],"inLanguage":"cs"}]}},"_links":{"self":[{"href":"https:\/\/www.koupeltech.com\/index.php\/wp-json\/wp\/v2\/product\/6360","targetHints":{"allow":["GET"]}}],"collection":[{"href":"https:\/\/www.koupeltech.com\/index.php\/wp-json\/wp\/v2\/product"}],"about":[{"href":"https:\/\/www.koupeltech.com\/index.php\/wp-json\/wp\/v2\/types\/product"}],"replies":[{"embeddable":true,"href":"https:\/\/www.koupeltech.com\/index.php\/wp-json\/wp\/v2\/comments?post=6360"}],"wp:featuredmedia":[{"embeddable":true,"href":"https:\/\/www.koupeltech.com\/index.php\/wp-json\/wp\/v2\/media\/6460"}],"wp:attachment":[{"href":"https:\/\/www.koupeltech.com\/index.php\/wp-json\/wp\/v2\/media?parent=6360"}],"wp:term":[{"taxonomy":"product_brand","embeddable":true,"href":"https:\/\/www.koupeltech.com\/index.php\/wp-json\/wp\/v2\/product_brand?post=6360"},{"taxonomy":"product_cat","embeddable":true,"href":"https:\/\/www.koupeltech.com\/index.php\/wp-json\/wp\/v2\/product_cat?post=6360"},{"taxonomy":"product_tag","embeddable":true,"href":"https:\/\/www.koupeltech.com\/index.php\/wp-json\/wp\/v2\/product_tag?post=6360"}],"curies":[{"name":"wp","href":"https:\/\/api.w.org\/{rel}","templated":true}]}}