{"id":6364,"date":"2026-04-27T13:56:48","date_gmt":"2026-04-27T13:56:48","guid":{"rendered":""},"modified":"2026-04-27T13:56:48","modified_gmt":"2026-04-27T13:56:48","slug":"akcni-cena-makita-tw001gm201-aku-razovy-utahovak-3-4-li-ion-xgt-40v-4-0ah-6364","status":"publish","type":"product","link":"https:\/\/www.koupeltech.com\/index.php\/produkt\/akcni-cena-makita-tw001gm201-aku-razovy-utahovak-3-4-li-ion-xgt-40v-4-0ah-6364\/","title":{"rendered":"Ak\u010dn\u00ed Cena Makita TW001GM201 Aku r\u00e1zov\u00fd utahov\u00e1k 3\/4&#8243;Li-ion XGT 40V\/4,0Ah"},"content":{"rendered":"<table>\n<div class=\"tab-pane active product-description\" id=\"popis\" role=\"tabpanel\">\n<div class=\"short-description\" itemprop=\"description\"><\/div>\n<div class=\"description\">\n<p><span class=\"bullet-line\">Siln\u00fd r\u00e1zov\u00fd utahov\u00e1k s extr\u00e9mn\u00edm utahovac\u00edm momentem a \u0159adou zaj\u00edmav\u00fdch funkc\u00ed<\/span><br \/><span class=\"bullet-line\">Technologie Li-ion XGT 40V umo\u017e\u0148uj\u00edc\u00ed extr\u00e9mn\u00ed zat\u00ed\u017een\u00ed stroje a dlouhou v\u00fddr\u017e na jedno nabit\u00ed akumul\u00e1toru<\/span><br \/><span class=\"bullet-line\">Spolehliv\u00fd bezuhl\u00edkov\u00fd motor<\/span><br \/><span class=\"bullet-line\">Technologie XPT umo\u017e\u0148uj\u00edc\u00ed pou\u017eit\u00ed v prost\u0159ed\u00ed se zv\u00fd\u0161enou pra\u0161nost\u00ed nebo vlhkost\u00ed<\/span><br \/><span class=\"bullet-line\">Maxim\u00e1ln\u00ed utahovac\u00ed moment a\u017e 1630 Nm<\/span><br \/><span class=\"bullet-line\">Mo\u017enost nastaven\u00ed 4 stup\u0148\u016f rychlosti dota\u017een\u00ed<\/span><br \/><span class=\"bullet-line\">Mo\u017enost nastaven\u00ed 3 mo\u017enost\u00ed automatick\u00e9ho zastaven\u00ed stroje za ur\u010dit\u00fdch podm\u00ednek<\/span><br \/><span class=\"bullet-line\">Speci\u00e1ln\u00ed funkce pro uvoln\u011bn\u00ed uta\u017een\u00e9 matice<\/span><br \/><span class=\"bullet-line\">Mo\u017enost rychl\u00e9 zm\u011bny funkce stroje<\/span><br \/><span class=\"bullet-line\">Dvojit\u00e9 LED osv\u011btlen\u00ed pracovn\u00ed plochy s funkc\u00ed dosvitu<\/span><br \/><span class=\"bullet-line\">Elektronick\u00fd vyp\u00edna\u010d, motorov\u00e1 brzda, L\/P chod<\/span><\/p>\n<p>\u25ba P\u0159\u00edslu\u0161enstv\u00ed<span class=\"bullet-line\">Makpac (821551-8)<\/span><br \/><span class=\"bullet-line\">Vlo\u017eka Makpacu (835K85-1)<\/span><br \/><span class=\"bullet-line\">2 ks akumul\u00e1toru BL4040 (191B26-6)<\/span><br \/><span class=\"bullet-line\">Rychlonab\u00edje\u010dka DC40RA (630B63-0)<\/span><br \/><span class=\"bullet-line\">Kryt akumul\u00e1toru (412393-7)<\/span><br \/><span class=\"bullet-line\">H\u00e1\u010dek (346949-3)<\/span><br \/><span class=\"bullet-line\">\u0160roub (251314-2)<\/span><\/p>\n<\/div>\n<div class=\"parameters\">\n<tr>\n<td>Akumul\u00e1tor<\/td>\n<td>Li-ion 40V<\/td>\n<\/tr>\n<tr>\n<td>Ot\u00e1\u010dky napr\u00e1zdno<\/td>\n<td>0-950\/1.150\/1.400\/1.800 min-1<\/td>\n<\/tr>\n<tr>\n<td>Po\u010det \u00fader\u016f napr\u00e1zdno<\/td>\n<td>0-1.900\/2.200\/2.400\/2.500 min-1<\/td>\n<\/tr>\n<tr>\n<td>Max. utahovac\u00ed moment<\/td>\n<td>1630 Nm<\/td>\n<\/tr>\n<tr>\n<td>Upnut\u00ed \/ velikost vrt\u00e1ku<\/td>\n<td>\u010dty\u0159hran 3\/4&#8243;<\/td>\n<\/tr>\n<tr>\n<td>Hmotnost<\/td>\n<td>4,2 kg<\/td>\n<\/tr>\n<tr>\n<td>Rozm\u011bry (Dx\u0160xV)<\/td>\n<td>217 x 94 x 303 mm<\/td>\n<\/tr><\/div>\n<\/table>\n","protected":false},"excerpt":{"rendered":"<p>Siln\u00fd r\u00e1zov\u00fd utahov\u00e1k s extr\u00e9mn\u00edm utahovac\u00edm momentem a \u0159adou zaj\u00edmav\u00fdch funkc\u00edTechnologie Li-ion XGT 40V umo\u017e\u0148uj\u00edc\u00ed extr\u00e9mn\u00ed zat\u00ed\u017een\u00ed stroje a dlouhou v\u00fddr\u017e na jedno nabit\u00ed akumul\u00e1toruSpolehliv\u00fd bezuhl\u00edkov\u00fd motorTechnologie XPT umo\u017e\u0148uj\u00edc\u00ed pou\u017eit\u00ed v prost\u0159ed\u00ed se zv\u00fd\u0161enou pra\u0161nost\u00ed nebo vlhkost\u00edMaxim\u00e1ln\u00ed utahovac\u00ed moment a\u017e 1630 NmMo\u017enost nastaven\u00ed 4 stup\u0148\u016f rychlosti dota\u017een\u00edMo\u017enost nastaven\u00ed 3 mo\u017enost\u00ed automatick\u00e9ho zastaven\u00ed stroje za ur\u010dit\u00fdch [&hellip;]<\/p>\n","protected":false},"featured_media":6464,"comment_status":"open","ping_status":"open","template":"","meta":[],"product_brand":[],"product_cat":[43],"product_tag":[],"class_list":{"0":"post-6364","1":"product","2":"type-product","3":"status-publish","4":"has-post-thumbnail","6":"product_cat-naradi","8":"first","9":"instock","10":"sale","11":"shipping-taxable","12":"purchasable","13":"product-type-simple"},"yoast_head":"<!-- This site is optimized with the Yoast SEO plugin v26.8 - https:\/\/yoast.com\/product\/yoast-seo-wordpress\/ -->\n<title>Ak\u010dn\u00ed Cena Makita TW001GM201 Aku r\u00e1zov\u00fd utahov\u00e1k 3\/4&quot;Li-ion XGT 40V\/4,0Ah -<\/title>\n<meta name=\"robots\" content=\"index, follow, max-snippet:-1, max-image-preview:large, max-video-preview:-1\" \/>\n<link rel=\"canonical\" href=\"https:\/\/www.koupeltech.com\/index.php\/produkt\/akcni-cena-makita-tw001gm201-aku-razovy-utahovak-3-4-li-ion-xgt-40v-4-0ah-6364\/\" \/>\n<meta property=\"og:locale\" content=\"cs_CZ\" \/>\n<meta property=\"og:type\" content=\"article\" \/>\n<meta property=\"og:title\" content=\"Ak\u010dn\u00ed Cena Makita TW001GM201 Aku r\u00e1zov\u00fd utahov\u00e1k 3\/4&quot;Li-ion XGT 40V\/4,0Ah -\" \/>\n<meta property=\"og:description\" content=\"Siln\u00fd r\u00e1zov\u00fd utahov\u00e1k s extr\u00e9mn\u00edm utahovac\u00edm momentem a \u0159adou zaj\u00edmav\u00fdch funkc\u00edTechnologie Li-ion XGT 40V umo\u017e\u0148uj\u00edc\u00ed extr\u00e9mn\u00ed zat\u00ed\u017een\u00ed stroje a dlouhou v\u00fddr\u017e na jedno nabit\u00ed akumul\u00e1toruSpolehliv\u00fd bezuhl\u00edkov\u00fd motorTechnologie XPT umo\u017e\u0148uj\u00edc\u00ed pou\u017eit\u00ed v prost\u0159ed\u00ed se zv\u00fd\u0161enou pra\u0161nost\u00ed nebo vlhkost\u00edMaxim\u00e1ln\u00ed utahovac\u00ed moment a\u017e 1630 NmMo\u017enost nastaven\u00ed 4 stup\u0148\u016f rychlosti dota\u017een\u00edMo\u017enost nastaven\u00ed 3 mo\u017enost\u00ed automatick\u00e9ho zastaven\u00ed stroje za ur\u010dit\u00fdch [&hellip;]\" \/>\n<meta property=\"og:url\" content=\"https:\/\/www.koupeltech.com\/index.php\/produkt\/akcni-cena-makita-tw001gm201-aku-razovy-utahovak-3-4-li-ion-xgt-40v-4-0ah-6364\/\" \/>\n<meta property=\"og:image\" content=\"https:\/\/www.koupeltech.com\/wp-content\/uploads\/2026\/SK0022318-CZ20260425-092328-0-1777080210-1607616486938.webp\" \/>\n\t<meta property=\"og:image:width\" content=\"700\" \/>\n\t<meta property=\"og:image:height\" content=\"700\" \/>\n\t<meta property=\"og:image:type\" content=\"image\/webp\" \/>\n<meta name=\"twitter:card\" content=\"summary_large_image\" \/>\n<meta name=\"twitter:label1\" content=\"Odhadovan\u00e1 doba \u010dten\u00ed\" \/>\n\t<meta name=\"twitter:data1\" content=\"1 minuta\" \/>\n<script type=\"application\/ld+json\" class=\"yoast-schema-graph\">{\"@context\":\"https:\/\/schema.org\",\"@graph\":[{\"@type\":\"WebPage\",\"@id\":\"https:\/\/www.koupeltech.com\/index.php\/produkt\/akcni-cena-makita-tw001gm201-aku-razovy-utahovak-3-4-li-ion-xgt-40v-4-0ah-6364\/\",\"url\":\"https:\/\/www.koupeltech.com\/index.php\/produkt\/akcni-cena-makita-tw001gm201-aku-razovy-utahovak-3-4-li-ion-xgt-40v-4-0ah-6364\/\",\"name\":\"Ak\u010dn\u00ed Cena Makita TW001GM201 Aku r\u00e1zov\u00fd utahov\u00e1k 3\/4\\\"Li-ion XGT 40V\/4,0Ah -\",\"isPartOf\":{\"@id\":\"https:\/\/www.koupeltech.com\/#website\"},\"primaryImageOfPage\":{\"@id\":\"https:\/\/www.koupeltech.com\/index.php\/produkt\/akcni-cena-makita-tw001gm201-aku-razovy-utahovak-3-4-li-ion-xgt-40v-4-0ah-6364\/#primaryimage\"},\"image\":{\"@id\":\"https:\/\/www.koupeltech.com\/index.php\/produkt\/akcni-cena-makita-tw001gm201-aku-razovy-utahovak-3-4-li-ion-xgt-40v-4-0ah-6364\/#primaryimage\"},\"thumbnailUrl\":\"https:\/\/www.koupeltech.com\/wp-content\/uploads\/2026\/SK0022318-CZ20260425-092328-0-1777080210-1607616486938.webp\",\"datePublished\":\"2026-04-27T13:56:48+00:00\",\"breadcrumb\":{\"@id\":\"https:\/\/www.koupeltech.com\/index.php\/produkt\/akcni-cena-makita-tw001gm201-aku-razovy-utahovak-3-4-li-ion-xgt-40v-4-0ah-6364\/#breadcrumb\"},\"inLanguage\":\"cs\",\"potentialAction\":[{\"@type\":\"ReadAction\",\"target\":[\"https:\/\/www.koupeltech.com\/index.php\/produkt\/akcni-cena-makita-tw001gm201-aku-razovy-utahovak-3-4-li-ion-xgt-40v-4-0ah-6364\/\"]}]},{\"@type\":\"ImageObject\",\"inLanguage\":\"cs\",\"@id\":\"https:\/\/www.koupeltech.com\/index.php\/produkt\/akcni-cena-makita-tw001gm201-aku-razovy-utahovak-3-4-li-ion-xgt-40v-4-0ah-6364\/#primaryimage\",\"url\":\"https:\/\/www.koupeltech.com\/wp-content\/uploads\/2026\/SK0022318-CZ20260425-092328-0-1777080210-1607616486938.webp\",\"contentUrl\":\"https:\/\/www.koupeltech.com\/wp-content\/uploads\/2026\/SK0022318-CZ20260425-092328-0-1777080210-1607616486938.webp\",\"width\":700,\"height\":700},{\"@type\":\"BreadcrumbList\",\"@id\":\"https:\/\/www.koupeltech.com\/index.php\/produkt\/akcni-cena-makita-tw001gm201-aku-razovy-utahovak-3-4-li-ion-xgt-40v-4-0ah-6364\/#breadcrumb\",\"itemListElement\":[{\"@type\":\"ListItem\",\"position\":1,\"name\":\"Home\",\"item\":\"https:\/\/www.koupeltech.com\/\"},{\"@type\":\"ListItem\",\"position\":2,\"name\":\"Products\",\"item\":\"https:\/\/www.koupeltech.com\/index.php\/products\/\"},{\"@type\":\"ListItem\",\"position\":3,\"name\":\"Ak\u010dn\u00ed Cena Makita TW001GM201 Aku r\u00e1zov\u00fd utahov\u00e1k 3\/4&#8243;Li-ion XGT 40V\/4,0Ah\"}]},{\"@type\":\"WebSite\",\"@id\":\"https:\/\/www.koupeltech.com\/#website\",\"url\":\"https:\/\/www.koupeltech.com\/\",\"name\":\"\",\"description\":\"\",\"potentialAction\":[{\"@type\":\"SearchAction\",\"target\":{\"@type\":\"EntryPoint\",\"urlTemplate\":\"https:\/\/www.koupeltech.com\/?s={search_term_string}\"},\"query-input\":{\"@type\":\"PropertyValueSpecification\",\"valueRequired\":true,\"valueName\":\"search_term_string\"}}],\"inLanguage\":\"cs\"}]}<\/script>\n<!-- \/ Yoast SEO plugin. -->","yoast_head_json":{"title":"Ak\u010dn\u00ed Cena Makita TW001GM201 Aku r\u00e1zov\u00fd utahov\u00e1k 3\/4\"Li-ion XGT 40V\/4,0Ah -","robots":{"index":"index","follow":"follow","max-snippet":"max-snippet:-1","max-image-preview":"max-image-preview:large","max-video-preview":"max-video-preview:-1"},"canonical":"https:\/\/www.koupeltech.com\/index.php\/produkt\/akcni-cena-makita-tw001gm201-aku-razovy-utahovak-3-4-li-ion-xgt-40v-4-0ah-6364\/","og_locale":"cs_CZ","og_type":"article","og_title":"Ak\u010dn\u00ed Cena Makita TW001GM201 Aku r\u00e1zov\u00fd utahov\u00e1k 3\/4\"Li-ion XGT 40V\/4,0Ah -","og_description":"Siln\u00fd r\u00e1zov\u00fd utahov\u00e1k s extr\u00e9mn\u00edm utahovac\u00edm momentem a \u0159adou zaj\u00edmav\u00fdch funkc\u00edTechnologie Li-ion XGT 40V umo\u017e\u0148uj\u00edc\u00ed extr\u00e9mn\u00ed zat\u00ed\u017een\u00ed stroje a dlouhou v\u00fddr\u017e na jedno nabit\u00ed akumul\u00e1toruSpolehliv\u00fd bezuhl\u00edkov\u00fd motorTechnologie XPT umo\u017e\u0148uj\u00edc\u00ed pou\u017eit\u00ed v prost\u0159ed\u00ed se zv\u00fd\u0161enou pra\u0161nost\u00ed nebo vlhkost\u00edMaxim\u00e1ln\u00ed utahovac\u00ed moment a\u017e 1630 NmMo\u017enost nastaven\u00ed 4 stup\u0148\u016f rychlosti dota\u017een\u00edMo\u017enost nastaven\u00ed 3 mo\u017enost\u00ed automatick\u00e9ho zastaven\u00ed stroje za ur\u010dit\u00fdch [&hellip;]","og_url":"https:\/\/www.koupeltech.com\/index.php\/produkt\/akcni-cena-makita-tw001gm201-aku-razovy-utahovak-3-4-li-ion-xgt-40v-4-0ah-6364\/","og_image":[{"width":700,"height":700,"url":"https:\/\/www.koupeltech.com\/wp-content\/uploads\/2026\/SK0022318-CZ20260425-092328-0-1777080210-1607616486938.webp","type":"image\/webp"}],"twitter_card":"summary_large_image","twitter_misc":{"Odhadovan\u00e1 doba \u010dten\u00ed":"1 minuta"},"schema":{"@context":"https:\/\/schema.org","@graph":[{"@type":"WebPage","@id":"https:\/\/www.koupeltech.com\/index.php\/produkt\/akcni-cena-makita-tw001gm201-aku-razovy-utahovak-3-4-li-ion-xgt-40v-4-0ah-6364\/","url":"https:\/\/www.koupeltech.com\/index.php\/produkt\/akcni-cena-makita-tw001gm201-aku-razovy-utahovak-3-4-li-ion-xgt-40v-4-0ah-6364\/","name":"Ak\u010dn\u00ed Cena Makita TW001GM201 Aku r\u00e1zov\u00fd utahov\u00e1k 3\/4\"Li-ion XGT 40V\/4,0Ah -","isPartOf":{"@id":"https:\/\/www.koupeltech.com\/#website"},"primaryImageOfPage":{"@id":"https:\/\/www.koupeltech.com\/index.php\/produkt\/akcni-cena-makita-tw001gm201-aku-razovy-utahovak-3-4-li-ion-xgt-40v-4-0ah-6364\/#primaryimage"},"image":{"@id":"https:\/\/www.koupeltech.com\/index.php\/produkt\/akcni-cena-makita-tw001gm201-aku-razovy-utahovak-3-4-li-ion-xgt-40v-4-0ah-6364\/#primaryimage"},"thumbnailUrl":"https:\/\/www.koupeltech.com\/wp-content\/uploads\/2026\/SK0022318-CZ20260425-092328-0-1777080210-1607616486938.webp","datePublished":"2026-04-27T13:56:48+00:00","breadcrumb":{"@id":"https:\/\/www.koupeltech.com\/index.php\/produkt\/akcni-cena-makita-tw001gm201-aku-razovy-utahovak-3-4-li-ion-xgt-40v-4-0ah-6364\/#breadcrumb"},"inLanguage":"cs","potentialAction":[{"@type":"ReadAction","target":["https:\/\/www.koupeltech.com\/index.php\/produkt\/akcni-cena-makita-tw001gm201-aku-razovy-utahovak-3-4-li-ion-xgt-40v-4-0ah-6364\/"]}]},{"@type":"ImageObject","inLanguage":"cs","@id":"https:\/\/www.koupeltech.com\/index.php\/produkt\/akcni-cena-makita-tw001gm201-aku-razovy-utahovak-3-4-li-ion-xgt-40v-4-0ah-6364\/#primaryimage","url":"https:\/\/www.koupeltech.com\/wp-content\/uploads\/2026\/SK0022318-CZ20260425-092328-0-1777080210-1607616486938.webp","contentUrl":"https:\/\/www.koupeltech.com\/wp-content\/uploads\/2026\/SK0022318-CZ20260425-092328-0-1777080210-1607616486938.webp","width":700,"height":700},{"@type":"BreadcrumbList","@id":"https:\/\/www.koupeltech.com\/index.php\/produkt\/akcni-cena-makita-tw001gm201-aku-razovy-utahovak-3-4-li-ion-xgt-40v-4-0ah-6364\/#breadcrumb","itemListElement":[{"@type":"ListItem","position":1,"name":"Home","item":"https:\/\/www.koupeltech.com\/"},{"@type":"ListItem","position":2,"name":"Products","item":"https:\/\/www.koupeltech.com\/index.php\/products\/"},{"@type":"ListItem","position":3,"name":"Ak\u010dn\u00ed Cena Makita TW001GM201 Aku r\u00e1zov\u00fd utahov\u00e1k 3\/4&#8243;Li-ion XGT 40V\/4,0Ah"}]},{"@type":"WebSite","@id":"https:\/\/www.koupeltech.com\/#website","url":"https:\/\/www.koupeltech.com\/","name":"","description":"","potentialAction":[{"@type":"SearchAction","target":{"@type":"EntryPoint","urlTemplate":"https:\/\/www.koupeltech.com\/?s={search_term_string}"},"query-input":{"@type":"PropertyValueSpecification","valueRequired":true,"valueName":"search_term_string"}}],"inLanguage":"cs"}]}},"_links":{"self":[{"href":"https:\/\/www.koupeltech.com\/index.php\/wp-json\/wp\/v2\/product\/6364","targetHints":{"allow":["GET"]}}],"collection":[{"href":"https:\/\/www.koupeltech.com\/index.php\/wp-json\/wp\/v2\/product"}],"about":[{"href":"https:\/\/www.koupeltech.com\/index.php\/wp-json\/wp\/v2\/types\/product"}],"replies":[{"embeddable":true,"href":"https:\/\/www.koupeltech.com\/index.php\/wp-json\/wp\/v2\/comments?post=6364"}],"wp:featuredmedia":[{"embeddable":true,"href":"https:\/\/www.koupeltech.com\/index.php\/wp-json\/wp\/v2\/media\/6464"}],"wp:attachment":[{"href":"https:\/\/www.koupeltech.com\/index.php\/wp-json\/wp\/v2\/media?parent=6364"}],"wp:term":[{"taxonomy":"product_brand","embeddable":true,"href":"https:\/\/www.koupeltech.com\/index.php\/wp-json\/wp\/v2\/product_brand?post=6364"},{"taxonomy":"product_cat","embeddable":true,"href":"https:\/\/www.koupeltech.com\/index.php\/wp-json\/wp\/v2\/product_cat?post=6364"},{"taxonomy":"product_tag","embeddable":true,"href":"https:\/\/www.koupeltech.com\/index.php\/wp-json\/wp\/v2\/product_tag?post=6364"}],"curies":[{"name":"wp","href":"https:\/\/api.w.org\/{rel}","templated":true}]}}