{"id":63912,"date":"2026-04-27T14:05:36","date_gmt":"2026-04-27T14:05:36","guid":{"rendered":""},"modified":"2026-04-27T14:05:36","modified_gmt":"2026-04-27T14:05:36","slug":"znackovy-makita-mr009gz-aku-radio-s-dab-bluetooth-a-led-lampou-li-ion-xgt-40v-z-63912","status":"publish","type":"product","link":"https:\/\/www.koupeltech.com\/index.php\/produkt\/znackovy-makita-mr009gz-aku-radio-s-dab-bluetooth-a-led-lampou-li-ion-xgt-40v-z-63912\/","title":{"rendered":"Zna\u010dkov\u00fd Makita MR009GZ Aku r\u00e1dio s DAB, BlueTooth a LED lampou Li-ion XGT 40V Z"},"content":{"rendered":"<table>\n<div class=\"tab-pane active product-description\" id=\"popis\" role=\"tabpanel\">\n<div class=\"short-description\" itemprop=\"description\">V\u00ddPRODEJ cena na 5 ks !<\/div>\n<div class=\"description\">\n<p><span class=\"bullet-line\">Praktick\u00e9 r\u00e1dio s LED sv\u00edtilnou pro pro akumul\u00e1tory Li-ion XGT 40V<\/span><br \/><span class=\"bullet-line\">Pro tento model jsou pou\u017eiteln\u00e9 akumul\u00e1tory XGT s kapacitou 2, 2,5, 4 a 5 Ah.<\/span><br \/><span class=\"bullet-line\">R\u00e1dio umo\u017e\u0148uje p\u0159\u00edjem sign\u00e1lu FM + digit\u00e1ln\u00edho sign\u00e1lu DAB a DAB+<\/span><br \/><span class=\"bullet-line\">Mo\u017enost p\u0159ipojen\u00ed extern\u00edho zdroje pomoc\u00ed technologie Bluetooth verze 5.0<\/span><br \/><span class=\"bullet-line\">Technologie XPT umo\u017e\u0148uj\u00edc\u00ed pou\u017eit\u00ed v prost\u0159ed\u00ed se zv\u00fd\u0161enou pra\u0161nost\u00ed nebo vlhkost\u00ed<\/span><br \/><span class=\"bullet-line\">Digit\u00e1ln\u00ed displej<\/span><br \/><span class=\"bullet-line\">Mo\u017enost nab\u00edjen\u00ed extern\u00edho p\u0159\u00edstroje pomoc\u00ed USB (2,4 A)<\/span><br \/><span class=\"bullet-line\">Pogumovan\u00ed stroje jako ochrana proti po\u0161kozen\u00ed<\/span><br \/><span class=\"bullet-line\">Maxim\u00e1ln\u00ed v\u00fdkon r\u00e1dia je 3 W<\/span><br \/><span class=\"bullet-line\">Vysok\u00e1 intenzita sv\u00edcen\u00ed 310 lm d\u00edky 20 LED diod\u00e1m<\/span><br \/><span class=\"bullet-line\">Mo\u017enost volby 3 odst\u00edn\u016f osv\u011btlen\u00ed &#8211; denn\u00ed sv\u011btlo 5.000 K\/ neutr\u00e1ln\u00ed b\u00edl\u00e1 3.500 K \/ tepl\u00fd odst\u00edn b\u00edl\u00e9 2.500 K<\/span><br \/><span class=\"bullet-line\">Mo\u017enost p\u0159epnut\u00ed na b\u00edlou LED diodu na horn\u00ed stran\u011b pro p\u0159\u00edm\u00e9 sv\u011btlo<\/span><br \/><span class=\"bullet-line\">A\u017e 47 hodin sv\u00edcen\u00ed nebo 14 hodin sv\u00edcen\u00ed s r\u00e1diem na jedno nabit\u00ed akumul\u00e1toru BL4040<\/span><br \/><span class=\"bullet-line\">Dod\u00e1v\u00e1 se bez akumul\u00e1toru a nab\u00edje\u010dky<\/span><\/p>\n<p>\u27a4 P\u0159\u00edslu\u0161enstv\u00ed<span class=\"bullet-line\">P\u00e1s s h\u00e1\u010dkem pro zav\u011b\u0161en\u00ed (SE00001178)<\/span><\/p>\n<\/div>\n<div class=\"parameters\">\n<tr>\n<td>Akumul\u00e1tor<\/td>\n<td>Li-ion 40 V<\/td>\n<\/tr>\n<tr>\n<td>Doba sv\u00edcen\u00ed<\/td>\n<td>a\u017e 47 hod s BL4040<\/td>\n<\/tr>\n<tr>\n<td>Frekvence p\u00e1sma (FM)<\/td>\n<td>87,5 &#8211; 108 MHz<\/td>\n<\/tr>\n<tr>\n<td>Frekvence DAB<\/td>\n<td>174.928 &#8211; 239.200 MHz<\/td>\n<\/tr>\n<tr>\n<td>Max. v\u00fdkon<\/td>\n<td>3 W<\/td>\n<\/tr>\n<tr>\n<td>Zdroj sv\u011btla<\/td>\n<td>20 x LED + 1 x LED \u010deln\u00ed<\/td>\n<\/tr>\n<tr>\n<td>Sv\u00edtivost<\/td>\n<td>max 300 lm<\/td>\n<\/tr>\n<tr>\n<td>Hmotnost<\/td>\n<td>0,95 kg<\/td>\n<\/tr>\n<tr>\n<td>Rozm\u011bry (Dx\u0160xV)<\/td>\n<td>126 x 147 x 295 mm<\/td>\n<\/tr><\/div>\n<\/table>\n","protected":false},"excerpt":{"rendered":"<p>V\u00ddPRODEJ cena na 5 ks ! Praktick\u00e9 r\u00e1dio s LED sv\u00edtilnou pro pro akumul\u00e1tory Li-ion XGT 40VPro tento model jsou pou\u017eiteln\u00e9 akumul\u00e1tory XGT s kapacitou 2, 2,5, 4 a 5 Ah.R\u00e1dio umo\u017e\u0148uje p\u0159\u00edjem sign\u00e1lu FM + digit\u00e1ln\u00edho sign\u00e1lu DAB a DAB+Mo\u017enost p\u0159ipojen\u00ed extern\u00edho zdroje pomoc\u00ed technologie Bluetooth verze 5.0Technologie XPT umo\u017e\u0148uj\u00edc\u00ed pou\u017eit\u00ed v prost\u0159ed\u00ed se [&hellip;]<\/p>\n","protected":false},"featured_media":64012,"comment_status":"open","ping_status":"open","template":"","meta":[],"product_brand":[],"product_cat":[43],"product_tag":[],"class_list":{"0":"post-63912","1":"product","2":"type-product","3":"status-publish","4":"has-post-thumbnail","6":"product_cat-naradi","8":"first","9":"instock","10":"sale","11":"shipping-taxable","12":"purchasable","13":"product-type-simple"},"yoast_head":"<!-- This site is optimized with the Yoast SEO plugin v26.8 - https:\/\/yoast.com\/product\/yoast-seo-wordpress\/ -->\n<title>Zna\u010dkov\u00fd Makita MR009GZ Aku r\u00e1dio s DAB, BlueTooth a LED lampou Li-ion XGT 40V Z -<\/title>\n<meta name=\"robots\" content=\"index, follow, max-snippet:-1, max-image-preview:large, max-video-preview:-1\" \/>\n<link rel=\"canonical\" href=\"https:\/\/www.koupeltech.com\/index.php\/produkt\/znackovy-makita-mr009gz-aku-radio-s-dab-bluetooth-a-led-lampou-li-ion-xgt-40v-z-63912\/\" \/>\n<meta property=\"og:locale\" content=\"cs_CZ\" \/>\n<meta property=\"og:type\" content=\"article\" \/>\n<meta property=\"og:title\" content=\"Zna\u010dkov\u00fd Makita MR009GZ Aku r\u00e1dio s DAB, BlueTooth a LED lampou Li-ion XGT 40V Z -\" \/>\n<meta property=\"og:description\" content=\"V\u00ddPRODEJ cena na 5 ks ! Praktick\u00e9 r\u00e1dio s LED sv\u00edtilnou pro pro akumul\u00e1tory Li-ion XGT 40VPro tento model jsou pou\u017eiteln\u00e9 akumul\u00e1tory XGT s kapacitou 2, 2,5, 4 a 5 Ah.R\u00e1dio umo\u017e\u0148uje p\u0159\u00edjem sign\u00e1lu FM + digit\u00e1ln\u00edho sign\u00e1lu DAB a DAB+Mo\u017enost p\u0159ipojen\u00ed extern\u00edho zdroje pomoc\u00ed technologie Bluetooth verze 5.0Technologie XPT umo\u017e\u0148uj\u00edc\u00ed pou\u017eit\u00ed v prost\u0159ed\u00ed se [&hellip;]\" \/>\n<meta property=\"og:url\" content=\"https:\/\/www.koupeltech.com\/index.php\/produkt\/znackovy-makita-mr009gz-aku-radio-s-dab-bluetooth-a-led-lampou-li-ion-xgt-40v-z-63912\/\" \/>\n<meta property=\"og:image\" content=\"https:\/\/www.koupeltech.com\/wp-content\/uploads\/2026\/SK0027458-CZ20260425-092328-0-1777080210-priloha_-skk-47001.webp\" \/>\n\t<meta property=\"og:image:width\" content=\"800\" \/>\n\t<meta property=\"og:image:height\" content=\"800\" \/>\n\t<meta property=\"og:image:type\" content=\"image\/webp\" \/>\n<meta name=\"twitter:card\" content=\"summary_large_image\" \/>\n<meta name=\"twitter:label1\" content=\"Odhadovan\u00e1 doba \u010dten\u00ed\" \/>\n\t<meta name=\"twitter:data1\" content=\"1 minuta\" \/>\n<script type=\"application\/ld+json\" class=\"yoast-schema-graph\">{\"@context\":\"https:\/\/schema.org\",\"@graph\":[{\"@type\":\"WebPage\",\"@id\":\"https:\/\/www.koupeltech.com\/index.php\/produkt\/znackovy-makita-mr009gz-aku-radio-s-dab-bluetooth-a-led-lampou-li-ion-xgt-40v-z-63912\/\",\"url\":\"https:\/\/www.koupeltech.com\/index.php\/produkt\/znackovy-makita-mr009gz-aku-radio-s-dab-bluetooth-a-led-lampou-li-ion-xgt-40v-z-63912\/\",\"name\":\"Zna\u010dkov\u00fd Makita MR009GZ Aku r\u00e1dio s DAB, BlueTooth a LED lampou Li-ion XGT 40V Z -\",\"isPartOf\":{\"@id\":\"https:\/\/www.koupeltech.com\/#website\"},\"primaryImageOfPage\":{\"@id\":\"https:\/\/www.koupeltech.com\/index.php\/produkt\/znackovy-makita-mr009gz-aku-radio-s-dab-bluetooth-a-led-lampou-li-ion-xgt-40v-z-63912\/#primaryimage\"},\"image\":{\"@id\":\"https:\/\/www.koupeltech.com\/index.php\/produkt\/znackovy-makita-mr009gz-aku-radio-s-dab-bluetooth-a-led-lampou-li-ion-xgt-40v-z-63912\/#primaryimage\"},\"thumbnailUrl\":\"https:\/\/www.koupeltech.com\/wp-content\/uploads\/2026\/SK0027458-CZ20260425-092328-0-1777080210-priloha_-skk-47001.webp\",\"datePublished\":\"2026-04-27T14:05:36+00:00\",\"breadcrumb\":{\"@id\":\"https:\/\/www.koupeltech.com\/index.php\/produkt\/znackovy-makita-mr009gz-aku-radio-s-dab-bluetooth-a-led-lampou-li-ion-xgt-40v-z-63912\/#breadcrumb\"},\"inLanguage\":\"cs\",\"potentialAction\":[{\"@type\":\"ReadAction\",\"target\":[\"https:\/\/www.koupeltech.com\/index.php\/produkt\/znackovy-makita-mr009gz-aku-radio-s-dab-bluetooth-a-led-lampou-li-ion-xgt-40v-z-63912\/\"]}]},{\"@type\":\"ImageObject\",\"inLanguage\":\"cs\",\"@id\":\"https:\/\/www.koupeltech.com\/index.php\/produkt\/znackovy-makita-mr009gz-aku-radio-s-dab-bluetooth-a-led-lampou-li-ion-xgt-40v-z-63912\/#primaryimage\",\"url\":\"https:\/\/www.koupeltech.com\/wp-content\/uploads\/2026\/SK0027458-CZ20260425-092328-0-1777080210-priloha_-skk-47001.webp\",\"contentUrl\":\"https:\/\/www.koupeltech.com\/wp-content\/uploads\/2026\/SK0027458-CZ20260425-092328-0-1777080210-priloha_-skk-47001.webp\",\"width\":800,\"height\":800},{\"@type\":\"BreadcrumbList\",\"@id\":\"https:\/\/www.koupeltech.com\/index.php\/produkt\/znackovy-makita-mr009gz-aku-radio-s-dab-bluetooth-a-led-lampou-li-ion-xgt-40v-z-63912\/#breadcrumb\",\"itemListElement\":[{\"@type\":\"ListItem\",\"position\":1,\"name\":\"Home\",\"item\":\"https:\/\/www.koupeltech.com\/\"},{\"@type\":\"ListItem\",\"position\":2,\"name\":\"Products\",\"item\":\"https:\/\/www.koupeltech.com\/index.php\/products\/\"},{\"@type\":\"ListItem\",\"position\":3,\"name\":\"Zna\u010dkov\u00fd Makita MR009GZ Aku r\u00e1dio s DAB, BlueTooth a LED lampou Li-ion XGT 40V Z\"}]},{\"@type\":\"WebSite\",\"@id\":\"https:\/\/www.koupeltech.com\/#website\",\"url\":\"https:\/\/www.koupeltech.com\/\",\"name\":\"\",\"description\":\"\",\"potentialAction\":[{\"@type\":\"SearchAction\",\"target\":{\"@type\":\"EntryPoint\",\"urlTemplate\":\"https:\/\/www.koupeltech.com\/?s={search_term_string}\"},\"query-input\":{\"@type\":\"PropertyValueSpecification\",\"valueRequired\":true,\"valueName\":\"search_term_string\"}}],\"inLanguage\":\"cs\"}]}<\/script>\n<!-- \/ Yoast SEO plugin. -->","yoast_head_json":{"title":"Zna\u010dkov\u00fd Makita MR009GZ Aku r\u00e1dio s DAB, BlueTooth a LED lampou Li-ion XGT 40V Z -","robots":{"index":"index","follow":"follow","max-snippet":"max-snippet:-1","max-image-preview":"max-image-preview:large","max-video-preview":"max-video-preview:-1"},"canonical":"https:\/\/www.koupeltech.com\/index.php\/produkt\/znackovy-makita-mr009gz-aku-radio-s-dab-bluetooth-a-led-lampou-li-ion-xgt-40v-z-63912\/","og_locale":"cs_CZ","og_type":"article","og_title":"Zna\u010dkov\u00fd Makita MR009GZ Aku r\u00e1dio s DAB, BlueTooth a LED lampou Li-ion XGT 40V Z -","og_description":"V\u00ddPRODEJ cena na 5 ks ! Praktick\u00e9 r\u00e1dio s LED sv\u00edtilnou pro pro akumul\u00e1tory Li-ion XGT 40VPro tento model jsou pou\u017eiteln\u00e9 akumul\u00e1tory XGT s kapacitou 2, 2,5, 4 a 5 Ah.R\u00e1dio umo\u017e\u0148uje p\u0159\u00edjem sign\u00e1lu FM + digit\u00e1ln\u00edho sign\u00e1lu DAB a DAB+Mo\u017enost p\u0159ipojen\u00ed extern\u00edho zdroje pomoc\u00ed technologie Bluetooth verze 5.0Technologie XPT umo\u017e\u0148uj\u00edc\u00ed pou\u017eit\u00ed v prost\u0159ed\u00ed se [&hellip;]","og_url":"https:\/\/www.koupeltech.com\/index.php\/produkt\/znackovy-makita-mr009gz-aku-radio-s-dab-bluetooth-a-led-lampou-li-ion-xgt-40v-z-63912\/","og_image":[{"width":800,"height":800,"url":"https:\/\/www.koupeltech.com\/wp-content\/uploads\/2026\/SK0027458-CZ20260425-092328-0-1777080210-priloha_-skk-47001.webp","type":"image\/webp"}],"twitter_card":"summary_large_image","twitter_misc":{"Odhadovan\u00e1 doba \u010dten\u00ed":"1 minuta"},"schema":{"@context":"https:\/\/schema.org","@graph":[{"@type":"WebPage","@id":"https:\/\/www.koupeltech.com\/index.php\/produkt\/znackovy-makita-mr009gz-aku-radio-s-dab-bluetooth-a-led-lampou-li-ion-xgt-40v-z-63912\/","url":"https:\/\/www.koupeltech.com\/index.php\/produkt\/znackovy-makita-mr009gz-aku-radio-s-dab-bluetooth-a-led-lampou-li-ion-xgt-40v-z-63912\/","name":"Zna\u010dkov\u00fd Makita MR009GZ Aku r\u00e1dio s DAB, BlueTooth a LED lampou Li-ion XGT 40V Z -","isPartOf":{"@id":"https:\/\/www.koupeltech.com\/#website"},"primaryImageOfPage":{"@id":"https:\/\/www.koupeltech.com\/index.php\/produkt\/znackovy-makita-mr009gz-aku-radio-s-dab-bluetooth-a-led-lampou-li-ion-xgt-40v-z-63912\/#primaryimage"},"image":{"@id":"https:\/\/www.koupeltech.com\/index.php\/produkt\/znackovy-makita-mr009gz-aku-radio-s-dab-bluetooth-a-led-lampou-li-ion-xgt-40v-z-63912\/#primaryimage"},"thumbnailUrl":"https:\/\/www.koupeltech.com\/wp-content\/uploads\/2026\/SK0027458-CZ20260425-092328-0-1777080210-priloha_-skk-47001.webp","datePublished":"2026-04-27T14:05:36+00:00","breadcrumb":{"@id":"https:\/\/www.koupeltech.com\/index.php\/produkt\/znackovy-makita-mr009gz-aku-radio-s-dab-bluetooth-a-led-lampou-li-ion-xgt-40v-z-63912\/#breadcrumb"},"inLanguage":"cs","potentialAction":[{"@type":"ReadAction","target":["https:\/\/www.koupeltech.com\/index.php\/produkt\/znackovy-makita-mr009gz-aku-radio-s-dab-bluetooth-a-led-lampou-li-ion-xgt-40v-z-63912\/"]}]},{"@type":"ImageObject","inLanguage":"cs","@id":"https:\/\/www.koupeltech.com\/index.php\/produkt\/znackovy-makita-mr009gz-aku-radio-s-dab-bluetooth-a-led-lampou-li-ion-xgt-40v-z-63912\/#primaryimage","url":"https:\/\/www.koupeltech.com\/wp-content\/uploads\/2026\/SK0027458-CZ20260425-092328-0-1777080210-priloha_-skk-47001.webp","contentUrl":"https:\/\/www.koupeltech.com\/wp-content\/uploads\/2026\/SK0027458-CZ20260425-092328-0-1777080210-priloha_-skk-47001.webp","width":800,"height":800},{"@type":"BreadcrumbList","@id":"https:\/\/www.koupeltech.com\/index.php\/produkt\/znackovy-makita-mr009gz-aku-radio-s-dab-bluetooth-a-led-lampou-li-ion-xgt-40v-z-63912\/#breadcrumb","itemListElement":[{"@type":"ListItem","position":1,"name":"Home","item":"https:\/\/www.koupeltech.com\/"},{"@type":"ListItem","position":2,"name":"Products","item":"https:\/\/www.koupeltech.com\/index.php\/products\/"},{"@type":"ListItem","position":3,"name":"Zna\u010dkov\u00fd Makita MR009GZ Aku r\u00e1dio s DAB, BlueTooth a LED lampou Li-ion XGT 40V Z"}]},{"@type":"WebSite","@id":"https:\/\/www.koupeltech.com\/#website","url":"https:\/\/www.koupeltech.com\/","name":"","description":"","potentialAction":[{"@type":"SearchAction","target":{"@type":"EntryPoint","urlTemplate":"https:\/\/www.koupeltech.com\/?s={search_term_string}"},"query-input":{"@type":"PropertyValueSpecification","valueRequired":true,"valueName":"search_term_string"}}],"inLanguage":"cs"}]}},"_links":{"self":[{"href":"https:\/\/www.koupeltech.com\/index.php\/wp-json\/wp\/v2\/product\/63912","targetHints":{"allow":["GET"]}}],"collection":[{"href":"https:\/\/www.koupeltech.com\/index.php\/wp-json\/wp\/v2\/product"}],"about":[{"href":"https:\/\/www.koupeltech.com\/index.php\/wp-json\/wp\/v2\/types\/product"}],"replies":[{"embeddable":true,"href":"https:\/\/www.koupeltech.com\/index.php\/wp-json\/wp\/v2\/comments?post=63912"}],"wp:featuredmedia":[{"embeddable":true,"href":"https:\/\/www.koupeltech.com\/index.php\/wp-json\/wp\/v2\/media\/64012"}],"wp:attachment":[{"href":"https:\/\/www.koupeltech.com\/index.php\/wp-json\/wp\/v2\/media?parent=63912"}],"wp:term":[{"taxonomy":"product_brand","embeddable":true,"href":"https:\/\/www.koupeltech.com\/index.php\/wp-json\/wp\/v2\/product_brand?post=63912"},{"taxonomy":"product_cat","embeddable":true,"href":"https:\/\/www.koupeltech.com\/index.php\/wp-json\/wp\/v2\/product_cat?post=63912"},{"taxonomy":"product_tag","embeddable":true,"href":"https:\/\/www.koupeltech.com\/index.php\/wp-json\/wp\/v2\/product_tag?post=63912"}],"curies":[{"name":"wp","href":"https:\/\/api.w.org\/{rel}","templated":true}]}}