{"id":65502,"date":"2026-04-27T14:05:51","date_gmt":"2026-04-27T14:05:51","guid":{"rendered":""},"modified":"2026-04-27T14:05:51","modified_gmt":"2026-04-27T14:05:51","slug":"madlo-plastove-400x35-mm-nimco-bm-1235-05-casove-omezene-65502","status":"publish","type":"product","link":"https:\/\/www.koupeltech.com\/index.php\/produkt\/madlo-plastove-400x35-mm-nimco-bm-1235-05-casove-omezene-65502\/","title":{"rendered":"Madlo plastov\u00e9 400&#215;35 mm Nimco BM 1235-05 \u010casov\u011b Omezen\u00e9"},"content":{"rendered":"<div class=\"basic-description\">\n<h3>Detailn\u00ed popis produktu<\/h3>\n<p>                                    Madlo plastov\u00e9 p\u0159idr\u017eovac\u00ed 40 cm x 35 mm do koupelny, sprchy je skv\u011bl\u00fdm dopl\u0148kem do koupelny. \u010casto b\u00fdv\u00e1 koupeln\u011b vy\u010dlen\u011bna jen opravdu mal\u00e1 plocha. A pr\u00e1v\u011b proto, \u017ee v t\u00e9to \u010dasto nejmen\u0161\u00ed m\u00edstnosti neb\u00fdv\u00e1 p\u0159\u00edli\u0161 prostoru pro estetick\u00e9 dopl\u0148ky, m\u011bli bychom zaost\u0159it svoji pozornost p\u0159edev\u0161\u00edm na p\u0159edm\u011bty, kter\u00e9 pln\u00ed konkr\u00e9tn\u00ed funkce. \u0158e\u0161en\u00edm m\u016f\u017ee b\u00fdt pr\u00e1v\u011b n\u011bkter\u00fd z n\u00e1sleduj\u00edc\u00edch v\u00fdrobk\u016f. Upevn\u011bn\u00ed madla z ka\u017ed\u00e9 strany 3 \u0161rouby. Materi\u00e1l plast ABS- je tuh\u00fd a hou\u017eevnat\u00fd, odoln\u00fd v\u016f\u010di mechanick\u00e9mu po\u0161kozen\u00ed. Vynik\u00e1 vysokou tepelnou odolnost\u00ed a zdravotn\u00ed nez\u00e1vadnost\u00ed. Nosnost max 100 kg.NIMCO v\u0161eobecn\u00fd ilustrovan\u00fd n\u00e1vod k mont\u00e1\u017ei v\u00fdrobk\u016f. Sou\u010d\u00e1st\u00ed v\u00fdrobku jsou \u0161rouby a hmo\u017edinky. Lze je pou\u017eit do betonu a obkladu, kter\u00fd m\u00e1 tlou\u0161\u0165ku do 8 mm. Spr\u00e1vn\u00e1 kombinace pou\u017eit\u00ed hmo\u017edinek a \u0161roub\u016f pro: BETON\u00a0\u2013 hmo\u017edinka pr. 6, vrut min. 3,5*40 mm CIHLA\u00a0\u2013 hmo\u017edinka pr. 6, vrut min 3,5*40 mm RIGIPS\u00a0\u2013 hmo\u017edinka uzlovac\u00ed do s\u00e1drokartonu a dut\u00fdch materi\u00e1l\u016f pr.6 mm, d\u00e9lka hmo\u017edinky 35 mm, vrut 3,5*40 mm OBKLAD\u00a0\u2013 hmo\u017edinky a \u0161rouby- nutn\u00e9 pou\u017e\u00edt del\u0161\u00ed o tlou\u0161\u0165ku dan\u00e9ho obkladu (dla\u017eby) \u00a0 \u010cast\u00e9 chyby p\u0159i mont\u00e1\u017ei!\u00a0 -vrt\u00e1n\u00ed mezi sp\u00e1ry -pou\u017eit\u00ed nespr\u00e1vn\u00e9 velikosti (pr\u016fm\u011bru a d\u00e9lky) hmo\u017edinek a \u0161roub\u016f -pou\u017eit\u00ed nespr\u00e1vn\u00e9 velikosti vrt\u00e1ku -zanesen\u00fd otvor po vyvrt\u00e1n\u00ed -pou\u017eit\u00e1 hmo\u017edinka vy\u010dn\u00edv\u00e1 nad obklad. Hmo\u017edinka mus\u00ed b\u00fdt v\u00a0jedn\u00e9 rovin\u011b s\u00a0obkladem. V\u00a0opa\u010dn\u00e9m p\u0159\u00edpad\u011b v\u00fdrobek na obklad\u011b nedr\u017e\u00ed a vyvikl\u00e1 se! -v\u00fdrobek nebude na st\u011bn\u011b uchycen\u00fd v\u00a0jedn\u00e9 rovin\u011b, pokud budou chybn\u011b vyvrtan\u00e9 otvory                            <\/p><\/div>\n<div class=\"extended-description\">\n<h3>Dopl\u0148kov\u00e9 parametry<\/h3>\n<table class=\"detail-parameters\">\n<tbody>\n<tr>\n<th>        <span class=\"row-header-label\">            Kategorie<span class=\"row-header-label-colon\">:<\/span>        <\/span>    <\/th>\n<td>            <\/td>\n<\/tr>\n<tr>\n<th>            <span class=\"row-header-label\">                Z\u00e1ruka<span class=\"row-header-label-colon\">:<\/span>            <\/span>        <\/th>\n<td>            60        <\/td>\n<\/tr>\n<tr>\n<th>                <span class=\"row-header-label\">                                            Balen\u00ed (\u0161 x v x h)<span class=\"row-header-label-colon\">:<\/span>                                    <\/span>            <\/th>\n<td>                                                            80 x 120 x 550mm                                                <\/td>\n<\/tr>\n<tr>\n<th>                <span class=\"row-header-label\">                                            Barva<span class=\"row-header-label-colon\">:<\/span>                                    <\/span>            <\/th>\n<td>                                                            B\u00edl\u00e1                                                <\/td>\n<\/tr>\n<tr>\n<th>                <span class=\"row-header-label\">                                            Dostupnost<span class=\"row-header-label-colon\">:<\/span>                                    <\/span>            <\/th>\n<td>                                                            Skladem                                                <\/td>\n<\/tr>\n<tr>\n<th>                <span class=\"row-header-label\">                                            Materi\u00e1l<span class=\"row-header-label-colon\">:<\/span>                                    <\/span>            <\/th>\n<td>                                                            Plast,                                                                                 plast ABS                                                <\/td>\n<\/tr>\n<tr>\n<th>                <span class=\"row-header-label\">                                            Povrch<span class=\"row-header-label-colon\">:<\/span>                                    <\/span>            <\/th>\n<td>                                                            Plast ABS b\u00edl\u00fd.                                                <\/td>\n<\/tr>\n<tr>\n<th>                <span class=\"row-header-label\">                                            Rozm\u011br<span class=\"row-header-label-colon\">:<\/span>                                    <\/span>            <\/th>\n<td>                                                            401-500 mm                                                <\/td>\n<\/tr>\n<tr>\n<th>                <span class=\"row-header-label\">                                            Rozm\u011bry (\u0161 x v x h)<span class=\"row-header-label-colon\">:<\/span>                                    <\/span>            <\/th>\n<td>                                                            475 x 75 x 70mm                                                <\/td>\n<\/tr>\n<tr>\n<th>                <span class=\"row-header-label\">                                            Typ mont\u00e1\u017ee<span class=\"row-header-label-colon\">:<\/span>                                    <\/span>            <\/th>\n<td>                                                            Vrt\u00e1n\u00ed                                                <\/td>\n<\/tr>\n<tr>\n<th>                <span class=\"row-header-label\">                                            V\u00e1ha<span class=\"row-header-label-colon\">:<\/span>                                    <\/span>            <\/th>\n<td>                                                            0,358 kg                                                <\/td>\n<\/tr>\n<tr>\n<th>                <span class=\"row-header-label\">                                            Z\u00e1ru\u010dn\u00ed doba<span class=\"row-header-label-colon\">:<\/span>                                    <\/span>            <\/th>\n<td>                                                            5 let                                                <\/td>\n<\/tr>\n<\/tbody>\n<\/table><\/div>\n<\/p><\/div>\n<\/p><\/div>\n","protected":false},"excerpt":{"rendered":"<p>Detailn\u00ed popis produktu Madlo plastov\u00e9 p\u0159idr\u017eovac\u00ed 40 cm x 35 mm do koupelny, sprchy je skv\u011bl\u00fdm dopl\u0148kem do koupelny. \u010casto b\u00fdv\u00e1 koupeln\u011b vy\u010dlen\u011bna jen opravdu mal\u00e1 plocha. A pr\u00e1v\u011b proto, \u017ee v t\u00e9to \u010dasto nejmen\u0161\u00ed m\u00edstnosti neb\u00fdv\u00e1 p\u0159\u00edli\u0161 prostoru pro estetick\u00e9 dopl\u0148ky, m\u011bli bychom zaost\u0159it svoji pozornost p\u0159edev\u0161\u00edm na p\u0159edm\u011bty, kter\u00e9 pln\u00ed konkr\u00e9tn\u00ed funkce. \u0158e\u0161en\u00edm [&hellip;]<\/p>\n","protected":false},"featured_media":65602,"comment_status":"open","ping_status":"open","template":"","meta":[],"product_brand":[],"product_cat":[76],"product_tag":[],"class_list":{"0":"post-65502","1":"product","2":"type-product","3":"status-publish","4":"has-post-thumbnail","6":"product_cat-detsky-a-senior-program","8":"first","9":"instock","10":"sale","11":"shipping-taxable","12":"purchasable","13":"product-type-simple"},"yoast_head":"<!-- This site is optimized with the Yoast SEO plugin v26.8 - https:\/\/yoast.com\/product\/yoast-seo-wordpress\/ -->\n<title>Madlo plastov\u00e9 400x35 mm Nimco BM 1235-05 \u010casov\u011b Omezen\u00e9 -<\/title>\n<meta name=\"robots\" content=\"index, follow, max-snippet:-1, max-image-preview:large, max-video-preview:-1\" \/>\n<link rel=\"canonical\" href=\"https:\/\/www.koupeltech.com\/index.php\/produkt\/madlo-plastove-400x35-mm-nimco-bm-1235-05-casove-omezene-65502\/\" \/>\n<meta property=\"og:locale\" content=\"cs_CZ\" \/>\n<meta property=\"og:type\" content=\"article\" \/>\n<meta property=\"og:title\" content=\"Madlo plastov\u00e9 400x35 mm Nimco BM 1235-05 \u010casov\u011b Omezen\u00e9 -\" \/>\n<meta property=\"og:description\" content=\"Detailn\u00ed popis produktu Madlo plastov\u00e9 p\u0159idr\u017eovac\u00ed 40 cm x 35 mm do koupelny, sprchy je skv\u011bl\u00fdm dopl\u0148kem do koupelny. \u010casto b\u00fdv\u00e1 koupeln\u011b vy\u010dlen\u011bna jen opravdu mal\u00e1 plocha. A pr\u00e1v\u011b proto, \u017ee v t\u00e9to \u010dasto nejmen\u0161\u00ed m\u00edstnosti neb\u00fdv\u00e1 p\u0159\u00edli\u0161 prostoru pro estetick\u00e9 dopl\u0148ky, m\u011bli bychom zaost\u0159it svoji pozornost p\u0159edev\u0161\u00edm na p\u0159edm\u011bty, kter\u00e9 pln\u00ed konkr\u00e9tn\u00ed funkce. \u0158e\u0161en\u00edm [&hellip;]\" \/>\n<meta property=\"og:url\" content=\"https:\/\/www.koupeltech.com\/index.php\/produkt\/madlo-plastove-400x35-mm-nimco-bm-1235-05-casove-omezene-65502\/\" \/>\n<meta property=\"og:image\" content=\"https:\/\/www.koupeltech.com\/wp-content\/uploads\/2026\/SK0028059-CZ20260425-092556-0-1777080363-1937485_madlo-plastove-400x35-mm-nahled.webp\" \/>\n\t<meta property=\"og:image:width\" content=\"1000\" \/>\n\t<meta property=\"og:image:height\" content=\"750\" \/>\n\t<meta property=\"og:image:type\" content=\"image\/webp\" \/>\n<meta name=\"twitter:card\" content=\"summary_large_image\" \/>\n<meta name=\"twitter:label1\" content=\"Odhadovan\u00e1 doba \u010dten\u00ed\" \/>\n\t<meta name=\"twitter:data1\" content=\"2 minuty\" \/>\n<script type=\"application\/ld+json\" class=\"yoast-schema-graph\">{\"@context\":\"https:\/\/schema.org\",\"@graph\":[{\"@type\":\"WebPage\",\"@id\":\"https:\/\/www.koupeltech.com\/index.php\/produkt\/madlo-plastove-400x35-mm-nimco-bm-1235-05-casove-omezene-65502\/\",\"url\":\"https:\/\/www.koupeltech.com\/index.php\/produkt\/madlo-plastove-400x35-mm-nimco-bm-1235-05-casove-omezene-65502\/\",\"name\":\"Madlo plastov\u00e9 400x35 mm Nimco BM 1235-05 \u010casov\u011b Omezen\u00e9 -\",\"isPartOf\":{\"@id\":\"https:\/\/www.koupeltech.com\/#website\"},\"primaryImageOfPage\":{\"@id\":\"https:\/\/www.koupeltech.com\/index.php\/produkt\/madlo-plastove-400x35-mm-nimco-bm-1235-05-casove-omezene-65502\/#primaryimage\"},\"image\":{\"@id\":\"https:\/\/www.koupeltech.com\/index.php\/produkt\/madlo-plastove-400x35-mm-nimco-bm-1235-05-casove-omezene-65502\/#primaryimage\"},\"thumbnailUrl\":\"https:\/\/www.koupeltech.com\/wp-content\/uploads\/2026\/SK0028059-CZ20260425-092556-0-1777080363-1937485_madlo-plastove-400x35-mm-nahled.webp\",\"datePublished\":\"2026-04-27T14:05:51+00:00\",\"breadcrumb\":{\"@id\":\"https:\/\/www.koupeltech.com\/index.php\/produkt\/madlo-plastove-400x35-mm-nimco-bm-1235-05-casove-omezene-65502\/#breadcrumb\"},\"inLanguage\":\"cs\",\"potentialAction\":[{\"@type\":\"ReadAction\",\"target\":[\"https:\/\/www.koupeltech.com\/index.php\/produkt\/madlo-plastove-400x35-mm-nimco-bm-1235-05-casove-omezene-65502\/\"]}]},{\"@type\":\"ImageObject\",\"inLanguage\":\"cs\",\"@id\":\"https:\/\/www.koupeltech.com\/index.php\/produkt\/madlo-plastove-400x35-mm-nimco-bm-1235-05-casove-omezene-65502\/#primaryimage\",\"url\":\"https:\/\/www.koupeltech.com\/wp-content\/uploads\/2026\/SK0028059-CZ20260425-092556-0-1777080363-1937485_madlo-plastove-400x35-mm-nahled.webp\",\"contentUrl\":\"https:\/\/www.koupeltech.com\/wp-content\/uploads\/2026\/SK0028059-CZ20260425-092556-0-1777080363-1937485_madlo-plastove-400x35-mm-nahled.webp\",\"width\":1000,\"height\":750},{\"@type\":\"BreadcrumbList\",\"@id\":\"https:\/\/www.koupeltech.com\/index.php\/produkt\/madlo-plastove-400x35-mm-nimco-bm-1235-05-casove-omezene-65502\/#breadcrumb\",\"itemListElement\":[{\"@type\":\"ListItem\",\"position\":1,\"name\":\"Home\",\"item\":\"https:\/\/www.koupeltech.com\/\"},{\"@type\":\"ListItem\",\"position\":2,\"name\":\"Products\",\"item\":\"https:\/\/www.koupeltech.com\/index.php\/products\/\"},{\"@type\":\"ListItem\",\"position\":3,\"name\":\"Madlo plastov\u00e9 400&#215;35 mm Nimco BM 1235-05 \u010casov\u011b Omezen\u00e9\"}]},{\"@type\":\"WebSite\",\"@id\":\"https:\/\/www.koupeltech.com\/#website\",\"url\":\"https:\/\/www.koupeltech.com\/\",\"name\":\"\",\"description\":\"\",\"potentialAction\":[{\"@type\":\"SearchAction\",\"target\":{\"@type\":\"EntryPoint\",\"urlTemplate\":\"https:\/\/www.koupeltech.com\/?s={search_term_string}\"},\"query-input\":{\"@type\":\"PropertyValueSpecification\",\"valueRequired\":true,\"valueName\":\"search_term_string\"}}],\"inLanguage\":\"cs\"}]}<\/script>\n<!-- \/ Yoast SEO plugin. -->","yoast_head_json":{"title":"Madlo plastov\u00e9 400x35 mm Nimco BM 1235-05 \u010casov\u011b Omezen\u00e9 -","robots":{"index":"index","follow":"follow","max-snippet":"max-snippet:-1","max-image-preview":"max-image-preview:large","max-video-preview":"max-video-preview:-1"},"canonical":"https:\/\/www.koupeltech.com\/index.php\/produkt\/madlo-plastove-400x35-mm-nimco-bm-1235-05-casove-omezene-65502\/","og_locale":"cs_CZ","og_type":"article","og_title":"Madlo plastov\u00e9 400x35 mm Nimco BM 1235-05 \u010casov\u011b Omezen\u00e9 -","og_description":"Detailn\u00ed popis produktu Madlo plastov\u00e9 p\u0159idr\u017eovac\u00ed 40 cm x 35 mm do koupelny, sprchy je skv\u011bl\u00fdm dopl\u0148kem do koupelny. \u010casto b\u00fdv\u00e1 koupeln\u011b vy\u010dlen\u011bna jen opravdu mal\u00e1 plocha. A pr\u00e1v\u011b proto, \u017ee v t\u00e9to \u010dasto nejmen\u0161\u00ed m\u00edstnosti neb\u00fdv\u00e1 p\u0159\u00edli\u0161 prostoru pro estetick\u00e9 dopl\u0148ky, m\u011bli bychom zaost\u0159it svoji pozornost p\u0159edev\u0161\u00edm na p\u0159edm\u011bty, kter\u00e9 pln\u00ed konkr\u00e9tn\u00ed funkce. \u0158e\u0161en\u00edm [&hellip;]","og_url":"https:\/\/www.koupeltech.com\/index.php\/produkt\/madlo-plastove-400x35-mm-nimco-bm-1235-05-casove-omezene-65502\/","og_image":[{"width":1000,"height":750,"url":"https:\/\/www.koupeltech.com\/wp-content\/uploads\/2026\/SK0028059-CZ20260425-092556-0-1777080363-1937485_madlo-plastove-400x35-mm-nahled.webp","type":"image\/webp"}],"twitter_card":"summary_large_image","twitter_misc":{"Odhadovan\u00e1 doba \u010dten\u00ed":"2 minuty"},"schema":{"@context":"https:\/\/schema.org","@graph":[{"@type":"WebPage","@id":"https:\/\/www.koupeltech.com\/index.php\/produkt\/madlo-plastove-400x35-mm-nimco-bm-1235-05-casove-omezene-65502\/","url":"https:\/\/www.koupeltech.com\/index.php\/produkt\/madlo-plastove-400x35-mm-nimco-bm-1235-05-casove-omezene-65502\/","name":"Madlo plastov\u00e9 400x35 mm Nimco BM 1235-05 \u010casov\u011b Omezen\u00e9 -","isPartOf":{"@id":"https:\/\/www.koupeltech.com\/#website"},"primaryImageOfPage":{"@id":"https:\/\/www.koupeltech.com\/index.php\/produkt\/madlo-plastove-400x35-mm-nimco-bm-1235-05-casove-omezene-65502\/#primaryimage"},"image":{"@id":"https:\/\/www.koupeltech.com\/index.php\/produkt\/madlo-plastove-400x35-mm-nimco-bm-1235-05-casove-omezene-65502\/#primaryimage"},"thumbnailUrl":"https:\/\/www.koupeltech.com\/wp-content\/uploads\/2026\/SK0028059-CZ20260425-092556-0-1777080363-1937485_madlo-plastove-400x35-mm-nahled.webp","datePublished":"2026-04-27T14:05:51+00:00","breadcrumb":{"@id":"https:\/\/www.koupeltech.com\/index.php\/produkt\/madlo-plastove-400x35-mm-nimco-bm-1235-05-casove-omezene-65502\/#breadcrumb"},"inLanguage":"cs","potentialAction":[{"@type":"ReadAction","target":["https:\/\/www.koupeltech.com\/index.php\/produkt\/madlo-plastove-400x35-mm-nimco-bm-1235-05-casove-omezene-65502\/"]}]},{"@type":"ImageObject","inLanguage":"cs","@id":"https:\/\/www.koupeltech.com\/index.php\/produkt\/madlo-plastove-400x35-mm-nimco-bm-1235-05-casove-omezene-65502\/#primaryimage","url":"https:\/\/www.koupeltech.com\/wp-content\/uploads\/2026\/SK0028059-CZ20260425-092556-0-1777080363-1937485_madlo-plastove-400x35-mm-nahled.webp","contentUrl":"https:\/\/www.koupeltech.com\/wp-content\/uploads\/2026\/SK0028059-CZ20260425-092556-0-1777080363-1937485_madlo-plastove-400x35-mm-nahled.webp","width":1000,"height":750},{"@type":"BreadcrumbList","@id":"https:\/\/www.koupeltech.com\/index.php\/produkt\/madlo-plastove-400x35-mm-nimco-bm-1235-05-casove-omezene-65502\/#breadcrumb","itemListElement":[{"@type":"ListItem","position":1,"name":"Home","item":"https:\/\/www.koupeltech.com\/"},{"@type":"ListItem","position":2,"name":"Products","item":"https:\/\/www.koupeltech.com\/index.php\/products\/"},{"@type":"ListItem","position":3,"name":"Madlo plastov\u00e9 400&#215;35 mm Nimco BM 1235-05 \u010casov\u011b Omezen\u00e9"}]},{"@type":"WebSite","@id":"https:\/\/www.koupeltech.com\/#website","url":"https:\/\/www.koupeltech.com\/","name":"","description":"","potentialAction":[{"@type":"SearchAction","target":{"@type":"EntryPoint","urlTemplate":"https:\/\/www.koupeltech.com\/?s={search_term_string}"},"query-input":{"@type":"PropertyValueSpecification","valueRequired":true,"valueName":"search_term_string"}}],"inLanguage":"cs"}]}},"_links":{"self":[{"href":"https:\/\/www.koupeltech.com\/index.php\/wp-json\/wp\/v2\/product\/65502","targetHints":{"allow":["GET"]}}],"collection":[{"href":"https:\/\/www.koupeltech.com\/index.php\/wp-json\/wp\/v2\/product"}],"about":[{"href":"https:\/\/www.koupeltech.com\/index.php\/wp-json\/wp\/v2\/types\/product"}],"replies":[{"embeddable":true,"href":"https:\/\/www.koupeltech.com\/index.php\/wp-json\/wp\/v2\/comments?post=65502"}],"wp:featuredmedia":[{"embeddable":true,"href":"https:\/\/www.koupeltech.com\/index.php\/wp-json\/wp\/v2\/media\/65602"}],"wp:attachment":[{"href":"https:\/\/www.koupeltech.com\/index.php\/wp-json\/wp\/v2\/media?parent=65502"}],"wp:term":[{"taxonomy":"product_brand","embeddable":true,"href":"https:\/\/www.koupeltech.com\/index.php\/wp-json\/wp\/v2\/product_brand?post=65502"},{"taxonomy":"product_cat","embeddable":true,"href":"https:\/\/www.koupeltech.com\/index.php\/wp-json\/wp\/v2\/product_cat?post=65502"},{"taxonomy":"product_tag","embeddable":true,"href":"https:\/\/www.koupeltech.com\/index.php\/wp-json\/wp\/v2\/product_tag?post=65502"}],"curies":[{"name":"wp","href":"https:\/\/api.w.org\/{rel}","templated":true}]}}