{"id":65536,"date":"2026-04-27T14:05:51","date_gmt":"2026-04-27T14:05:51","guid":{"rendered":""},"modified":"2026-04-27T14:05:51","modified_gmt":"2026-04-27T14:05:51","slug":"the-new-yorker-wc-sedatko-slim-soft-close-bila-chrom-koupelny-sanita-cz-nova-kolekce-65536","status":"publish","type":"product","link":"https:\/\/www.koupeltech.com\/index.php\/produkt\/the-new-yorker-wc-sedatko-slim-soft-close-bila-chrom-koupelny-sanita-cz-nova-kolekce-65536\/","title":{"rendered":"THE NEW YORKER WC sed\u00e1tko, SLIM, Soft Close, b\u00edl\u00e1\/chrom &#8211; koupelny-sanita.cz Nov\u00e1 Kolekce"},"content":{"rendered":"<div class=\"basic-description\">\n<h3>Detailn\u00ed popis produktu<\/h3>\n<p style=\"text-align: justify;\">Kolekce&nbsp;<strong>THE NEW YORKER<\/strong> od v\u00fdrobce <strong>KERASAN<\/strong>, navr\u017een\u00e1 Alessandrem Paolellim, p\u0159edstavuje modern\u00ed pojet\u00ed industri\u00e1ln\u00edho stylu. Pro ni je typick\u00fd zak\u0159iven\u00fd okraj keramiky, v\u00fdrazn\u00e9 linie a precizn\u011b promy\u0161len\u00e9 proporce. Charakter cel\u00e9 \u0159ady podtrhuje kovov\u00e1 konstrukce pod umyvadlo v \u010dern\u00e9 nebo chromov\u00e9 \u00faprav\u011b, kter\u00e1 vytv\u00e1\u0159\u00ed v\u00fdrazn\u00fd kontrast a dod\u00e1v\u00e1 koupeln\u011b architektonicky jednotn\u00fd v\u00fdraz.<\/p>\n<p style=\"text-align: justify;\">D\u00edky \u0161irok\u00e9 nab\u00eddce velikost\u00ed, tvar\u016f a dopl\u0148k\u016f umo\u017e\u0148uje s\u00e9rie vytvo\u0159it ucelen\u00e9 \u0159e\u0161en\u00ed pro r\u016fzn\u00e9 typy projekt\u016f od men\u0161\u00edch koupelen po prostorn\u00e9 interi\u00e9ry. K dispozici jsou umyvadla v\u010detn\u011b voln\u011b stoj\u00edc\u00edch variant, WC m\u00edsy, bidety, konstrukce i dal\u0161\u00ed p\u0159\u00edslu\u0161enstv\u00ed, kter\u00e9 spole\u010dn\u011b podporuj\u00ed jednotn\u00fd design cel\u00e9ho prostoru. Voln\u011b stoj\u00edc\u00ed umyvadlo zv\u00fdrazn\u00ed industri\u00e1ln\u00ed charakter kolekce a p\u0159in\u00e1\u0161\u00ed modern\u011bji p\u016fsob\u00edc\u00ed prvek do prostoru. Ide\u00e1ln\u00ed je kombinace se stoj\u00edc\u00edm WC a skryt\u00fdm splachovac\u00edm syst\u00e9mem, kter\u00e9 podpo\u0159\u00ed celkov\u011b lehk\u00fd a harmonick\u00fd vzhled koupelny.<\/p>\n<div class=\"product-explanation-item\">\n<h3>SoftClose<\/h3>\n<div style=\"float: left;\"><\/div>\n<p style=\"text-align: justify;\">Pomoc\u00ed hydraulick\u00e9ho syst\u00e9mu v\u00edko i sed\u00e1tko pomalu dopadaj\u00ed na m\u00edsu. Pozvoln\u00e9 skl\u00e1p\u011bn\u00ed sed\u00e1tka i v\u00edka zaru\u010duje bezpe\u010dnost a zabra\u0148uje po\u0161kozen\u00ed sed\u00e1tka i WC m\u00edsy\/urin\u00e1lu.<\/p>\n<div style=\"float: left;\"><\/div>\n<div style=\"clear: both;\"><\/div>\n<\/div><\/div>\n<div class=\"extended-description\">\n<h3>Dopl\u0148kov\u00e9 parametry<\/h3>\n<table class=\"detail-parameters\">\n<tbody>\n<tr>\n<th>        <span class=\"row-header-label\">            Kategorie<span class=\"row-header-label-colon\">:<\/span>        <\/span>    <\/th>\n<td>            <\/td>\n<\/tr>\n<tr>\n<th>            <span class=\"row-header-label\">                Z\u00e1ruka<span class=\"row-header-label-colon\">:<\/span>            <\/span>        <\/th>\n<td>            24        <\/td>\n<\/tr>\n<tr>\n<th>            <span class=\"row-header-label\">                Hmotnost<span class=\"row-header-label-colon\">:<\/span>            <\/span>        <\/th>\n<td>            3 kg        <\/td>\n<\/tr>\n<tr class=\"productEan\">\n<th>          <span class=\"row-header-label productEan__label\">              EAN<span class=\"row-header-label-colon\">:<\/span>          <\/span>      <\/th>\n<td>          <span class=\"productEan__value\">8388777317364<\/span>      <\/td>\n<\/tr>\n<tr>\n<th>                <span class=\"row-header-label\">                                            Balen\u00ed<span class=\"row-header-label-colon\">:<\/span>                                    <\/span>            <\/th>\n<td>                                                            1 ks                                                <\/td>\n<\/tr>\n<tr>\n<th>                <span class=\"row-header-label\">                                            Barva<span class=\"row-header-label-colon\">:<\/span>                                    <\/span>            <\/th>\n<td>                                                            B\u00edl\u00e1                                                <\/td>\n<\/tr>\n<tr>\n<th>                <span class=\"row-header-label\">                                            Dostupnost<span class=\"row-header-label-colon\">:<\/span>                                    <\/span>            <\/th>\n<td>                                                            Dod\u00e1n\u00ed do 8 t\u00fddn\u016f                                                <\/td>\n<\/tr>\n<tr>\n<th>                <span class=\"row-header-label\">                                            Materi\u00e1l<span class=\"row-header-label-colon\">:<\/span>                                    <\/span>            <\/th>\n<td>                                                            Polyester                                                <\/td>\n<\/tr>\n<tr>\n<th>                <span class=\"row-header-label\">                                            Ostatn\u00ed<span class=\"row-header-label-colon\">:<\/span>                                    <\/span>            <\/th>\n<td>                                                            Soft Close (pomal\u00e9 skl\u00e1p\u011bn\u00ed);SLIM (tenk\u00e9)                                                <\/td>\n<\/tr>\n<tr>\n<th>                <span class=\"row-header-label\">                                            Tvar<span class=\"row-header-label-colon\">:<\/span>                                    <\/span>            <\/th>\n<td>                                                            Pro konkr\u00e9tn\u00ed WC                                                <\/td>\n<\/tr>\n<tr>\n<th>                <span class=\"row-header-label\">                                            Z\u00e1ruka<span class=\"row-header-label-colon\">:<\/span>                                    <\/span>            <\/th>\n<td>                                                            2 roky                                                <\/td>\n<\/tr>\n<\/tbody>\n<\/table><\/div>\n<\/p><\/div>\n<\/p><\/div>\n","protected":false},"excerpt":{"rendered":"<p>Detailn\u00ed popis produktu Kolekce&nbsp;THE NEW YORKER od v\u00fdrobce KERASAN, navr\u017een\u00e1 Alessandrem Paolellim, p\u0159edstavuje modern\u00ed pojet\u00ed industri\u00e1ln\u00edho stylu. Pro ni je typick\u00fd zak\u0159iven\u00fd okraj keramiky, v\u00fdrazn\u00e9 linie a precizn\u011b promy\u0161len\u00e9 proporce. Charakter cel\u00e9 \u0159ady podtrhuje kovov\u00e1 konstrukce pod umyvadlo v \u010dern\u00e9 nebo chromov\u00e9 \u00faprav\u011b, kter\u00e1 vytv\u00e1\u0159\u00ed v\u00fdrazn\u00fd kontrast a dod\u00e1v\u00e1 koupeln\u011b architektonicky jednotn\u00fd v\u00fdraz. D\u00edky \u0161irok\u00e9 [&hellip;]<\/p>\n","protected":false},"featured_media":65636,"comment_status":"open","ping_status":"open","template":"","meta":[],"product_brand":[],"product_cat":[69],"product_tag":[],"class_list":{"0":"post-65536","1":"product","2":"type-product","3":"status-publish","4":"has-post-thumbnail","6":"product_cat-wc-sedatka","8":"first","9":"instock","10":"sale","11":"shipping-taxable","12":"purchasable","13":"product-type-simple"},"yoast_head":"<!-- This site is optimized with the Yoast SEO plugin v26.8 - https:\/\/yoast.com\/product\/yoast-seo-wordpress\/ -->\n<title>THE NEW YORKER WC sed\u00e1tko, SLIM, Soft Close, b\u00edl\u00e1\/chrom - koupelny-sanita.cz Nov\u00e1 Kolekce -<\/title>\n<meta name=\"robots\" content=\"index, follow, max-snippet:-1, max-image-preview:large, max-video-preview:-1\" \/>\n<link rel=\"canonical\" href=\"https:\/\/www.koupeltech.com\/index.php\/produkt\/the-new-yorker-wc-sedatko-slim-soft-close-bila-chrom-koupelny-sanita-cz-nova-kolekce-65536\/\" \/>\n<meta property=\"og:locale\" content=\"cs_CZ\" \/>\n<meta property=\"og:type\" content=\"article\" \/>\n<meta property=\"og:title\" content=\"THE NEW YORKER WC sed\u00e1tko, SLIM, Soft Close, b\u00edl\u00e1\/chrom - koupelny-sanita.cz Nov\u00e1 Kolekce -\" \/>\n<meta property=\"og:description\" content=\"Detailn\u00ed popis produktu Kolekce&nbsp;THE NEW YORKER od v\u00fdrobce KERASAN, navr\u017een\u00e1 Alessandrem Paolellim, p\u0159edstavuje modern\u00ed pojet\u00ed industri\u00e1ln\u00edho stylu. Pro ni je typick\u00fd zak\u0159iven\u00fd okraj keramiky, v\u00fdrazn\u00e9 linie a precizn\u011b promy\u0161len\u00e9 proporce. Charakter cel\u00e9 \u0159ady podtrhuje kovov\u00e1 konstrukce pod umyvadlo v \u010dern\u00e9 nebo chromov\u00e9 \u00faprav\u011b, kter\u00e1 vytv\u00e1\u0159\u00ed v\u00fdrazn\u00fd kontrast a dod\u00e1v\u00e1 koupeln\u011b architektonicky jednotn\u00fd v\u00fdraz. D\u00edky \u0161irok\u00e9 [&hellip;]\" \/>\n<meta property=\"og:url\" content=\"https:\/\/www.koupeltech.com\/index.php\/produkt\/the-new-yorker-wc-sedatko-slim-soft-close-bila-chrom-koupelny-sanita-cz-nova-kolekce-65536\/\" \/>\n<meta property=\"og:image\" content=\"https:\/\/www.koupeltech.com\/wp-content\/uploads\/2026\/SK0028095-CZ20260425-092556-0-1777080363-1937965_the-new-yorker-wc-sedatko--slim--soft-close--bila-c.webp\" \/>\n\t<meta property=\"og:image:width\" content=\"1000\" \/>\n\t<meta property=\"og:image:height\" content=\"750\" \/>\n\t<meta property=\"og:image:type\" content=\"image\/webp\" \/>\n<meta name=\"twitter:card\" content=\"summary_large_image\" \/>\n<meta name=\"twitter:label1\" content=\"Odhadovan\u00e1 doba \u010dten\u00ed\" \/>\n\t<meta name=\"twitter:data1\" content=\"1 minuta\" \/>\n<script type=\"application\/ld+json\" class=\"yoast-schema-graph\">{\"@context\":\"https:\/\/schema.org\",\"@graph\":[{\"@type\":\"WebPage\",\"@id\":\"https:\/\/www.koupeltech.com\/index.php\/produkt\/the-new-yorker-wc-sedatko-slim-soft-close-bila-chrom-koupelny-sanita-cz-nova-kolekce-65536\/\",\"url\":\"https:\/\/www.koupeltech.com\/index.php\/produkt\/the-new-yorker-wc-sedatko-slim-soft-close-bila-chrom-koupelny-sanita-cz-nova-kolekce-65536\/\",\"name\":\"THE NEW YORKER WC sed\u00e1tko, SLIM, Soft Close, b\u00edl\u00e1\/chrom - koupelny-sanita.cz Nov\u00e1 Kolekce -\",\"isPartOf\":{\"@id\":\"https:\/\/www.koupeltech.com\/#website\"},\"primaryImageOfPage\":{\"@id\":\"https:\/\/www.koupeltech.com\/index.php\/produkt\/the-new-yorker-wc-sedatko-slim-soft-close-bila-chrom-koupelny-sanita-cz-nova-kolekce-65536\/#primaryimage\"},\"image\":{\"@id\":\"https:\/\/www.koupeltech.com\/index.php\/produkt\/the-new-yorker-wc-sedatko-slim-soft-close-bila-chrom-koupelny-sanita-cz-nova-kolekce-65536\/#primaryimage\"},\"thumbnailUrl\":\"https:\/\/www.koupeltech.com\/wp-content\/uploads\/2026\/SK0028095-CZ20260425-092556-0-1777080363-1937965_the-new-yorker-wc-sedatko--slim--soft-close--bila-c.webp\",\"datePublished\":\"2026-04-27T14:05:51+00:00\",\"breadcrumb\":{\"@id\":\"https:\/\/www.koupeltech.com\/index.php\/produkt\/the-new-yorker-wc-sedatko-slim-soft-close-bila-chrom-koupelny-sanita-cz-nova-kolekce-65536\/#breadcrumb\"},\"inLanguage\":\"cs\",\"potentialAction\":[{\"@type\":\"ReadAction\",\"target\":[\"https:\/\/www.koupeltech.com\/index.php\/produkt\/the-new-yorker-wc-sedatko-slim-soft-close-bila-chrom-koupelny-sanita-cz-nova-kolekce-65536\/\"]}]},{\"@type\":\"ImageObject\",\"inLanguage\":\"cs\",\"@id\":\"https:\/\/www.koupeltech.com\/index.php\/produkt\/the-new-yorker-wc-sedatko-slim-soft-close-bila-chrom-koupelny-sanita-cz-nova-kolekce-65536\/#primaryimage\",\"url\":\"https:\/\/www.koupeltech.com\/wp-content\/uploads\/2026\/SK0028095-CZ20260425-092556-0-1777080363-1937965_the-new-yorker-wc-sedatko--slim--soft-close--bila-c.webp\",\"contentUrl\":\"https:\/\/www.koupeltech.com\/wp-content\/uploads\/2026\/SK0028095-CZ20260425-092556-0-1777080363-1937965_the-new-yorker-wc-sedatko--slim--soft-close--bila-c.webp\",\"width\":1000,\"height\":750},{\"@type\":\"BreadcrumbList\",\"@id\":\"https:\/\/www.koupeltech.com\/index.php\/produkt\/the-new-yorker-wc-sedatko-slim-soft-close-bila-chrom-koupelny-sanita-cz-nova-kolekce-65536\/#breadcrumb\",\"itemListElement\":[{\"@type\":\"ListItem\",\"position\":1,\"name\":\"Home\",\"item\":\"https:\/\/www.koupeltech.com\/\"},{\"@type\":\"ListItem\",\"position\":2,\"name\":\"Products\",\"item\":\"https:\/\/www.koupeltech.com\/index.php\/products\/\"},{\"@type\":\"ListItem\",\"position\":3,\"name\":\"THE NEW YORKER WC sed\u00e1tko, SLIM, Soft Close, b\u00edl\u00e1\/chrom &#8211; koupelny-sanita.cz Nov\u00e1 Kolekce\"}]},{\"@type\":\"WebSite\",\"@id\":\"https:\/\/www.koupeltech.com\/#website\",\"url\":\"https:\/\/www.koupeltech.com\/\",\"name\":\"\",\"description\":\"\",\"potentialAction\":[{\"@type\":\"SearchAction\",\"target\":{\"@type\":\"EntryPoint\",\"urlTemplate\":\"https:\/\/www.koupeltech.com\/?s={search_term_string}\"},\"query-input\":{\"@type\":\"PropertyValueSpecification\",\"valueRequired\":true,\"valueName\":\"search_term_string\"}}],\"inLanguage\":\"cs\"}]}<\/script>\n<!-- \/ Yoast SEO plugin. -->","yoast_head_json":{"title":"THE NEW YORKER WC sed\u00e1tko, SLIM, Soft Close, b\u00edl\u00e1\/chrom - koupelny-sanita.cz Nov\u00e1 Kolekce -","robots":{"index":"index","follow":"follow","max-snippet":"max-snippet:-1","max-image-preview":"max-image-preview:large","max-video-preview":"max-video-preview:-1"},"canonical":"https:\/\/www.koupeltech.com\/index.php\/produkt\/the-new-yorker-wc-sedatko-slim-soft-close-bila-chrom-koupelny-sanita-cz-nova-kolekce-65536\/","og_locale":"cs_CZ","og_type":"article","og_title":"THE NEW YORKER WC sed\u00e1tko, SLIM, Soft Close, b\u00edl\u00e1\/chrom - koupelny-sanita.cz Nov\u00e1 Kolekce -","og_description":"Detailn\u00ed popis produktu Kolekce&nbsp;THE NEW YORKER od v\u00fdrobce KERASAN, navr\u017een\u00e1 Alessandrem Paolellim, p\u0159edstavuje modern\u00ed pojet\u00ed industri\u00e1ln\u00edho stylu. Pro ni je typick\u00fd zak\u0159iven\u00fd okraj keramiky, v\u00fdrazn\u00e9 linie a precizn\u011b promy\u0161len\u00e9 proporce. Charakter cel\u00e9 \u0159ady podtrhuje kovov\u00e1 konstrukce pod umyvadlo v \u010dern\u00e9 nebo chromov\u00e9 \u00faprav\u011b, kter\u00e1 vytv\u00e1\u0159\u00ed v\u00fdrazn\u00fd kontrast a dod\u00e1v\u00e1 koupeln\u011b architektonicky jednotn\u00fd v\u00fdraz. D\u00edky \u0161irok\u00e9 [&hellip;]","og_url":"https:\/\/www.koupeltech.com\/index.php\/produkt\/the-new-yorker-wc-sedatko-slim-soft-close-bila-chrom-koupelny-sanita-cz-nova-kolekce-65536\/","og_image":[{"width":1000,"height":750,"url":"https:\/\/www.koupeltech.com\/wp-content\/uploads\/2026\/SK0028095-CZ20260425-092556-0-1777080363-1937965_the-new-yorker-wc-sedatko--slim--soft-close--bila-c.webp","type":"image\/webp"}],"twitter_card":"summary_large_image","twitter_misc":{"Odhadovan\u00e1 doba \u010dten\u00ed":"1 minuta"},"schema":{"@context":"https:\/\/schema.org","@graph":[{"@type":"WebPage","@id":"https:\/\/www.koupeltech.com\/index.php\/produkt\/the-new-yorker-wc-sedatko-slim-soft-close-bila-chrom-koupelny-sanita-cz-nova-kolekce-65536\/","url":"https:\/\/www.koupeltech.com\/index.php\/produkt\/the-new-yorker-wc-sedatko-slim-soft-close-bila-chrom-koupelny-sanita-cz-nova-kolekce-65536\/","name":"THE NEW YORKER WC sed\u00e1tko, SLIM, Soft Close, b\u00edl\u00e1\/chrom - koupelny-sanita.cz Nov\u00e1 Kolekce -","isPartOf":{"@id":"https:\/\/www.koupeltech.com\/#website"},"primaryImageOfPage":{"@id":"https:\/\/www.koupeltech.com\/index.php\/produkt\/the-new-yorker-wc-sedatko-slim-soft-close-bila-chrom-koupelny-sanita-cz-nova-kolekce-65536\/#primaryimage"},"image":{"@id":"https:\/\/www.koupeltech.com\/index.php\/produkt\/the-new-yorker-wc-sedatko-slim-soft-close-bila-chrom-koupelny-sanita-cz-nova-kolekce-65536\/#primaryimage"},"thumbnailUrl":"https:\/\/www.koupeltech.com\/wp-content\/uploads\/2026\/SK0028095-CZ20260425-092556-0-1777080363-1937965_the-new-yorker-wc-sedatko--slim--soft-close--bila-c.webp","datePublished":"2026-04-27T14:05:51+00:00","breadcrumb":{"@id":"https:\/\/www.koupeltech.com\/index.php\/produkt\/the-new-yorker-wc-sedatko-slim-soft-close-bila-chrom-koupelny-sanita-cz-nova-kolekce-65536\/#breadcrumb"},"inLanguage":"cs","potentialAction":[{"@type":"ReadAction","target":["https:\/\/www.koupeltech.com\/index.php\/produkt\/the-new-yorker-wc-sedatko-slim-soft-close-bila-chrom-koupelny-sanita-cz-nova-kolekce-65536\/"]}]},{"@type":"ImageObject","inLanguage":"cs","@id":"https:\/\/www.koupeltech.com\/index.php\/produkt\/the-new-yorker-wc-sedatko-slim-soft-close-bila-chrom-koupelny-sanita-cz-nova-kolekce-65536\/#primaryimage","url":"https:\/\/www.koupeltech.com\/wp-content\/uploads\/2026\/SK0028095-CZ20260425-092556-0-1777080363-1937965_the-new-yorker-wc-sedatko--slim--soft-close--bila-c.webp","contentUrl":"https:\/\/www.koupeltech.com\/wp-content\/uploads\/2026\/SK0028095-CZ20260425-092556-0-1777080363-1937965_the-new-yorker-wc-sedatko--slim--soft-close--bila-c.webp","width":1000,"height":750},{"@type":"BreadcrumbList","@id":"https:\/\/www.koupeltech.com\/index.php\/produkt\/the-new-yorker-wc-sedatko-slim-soft-close-bila-chrom-koupelny-sanita-cz-nova-kolekce-65536\/#breadcrumb","itemListElement":[{"@type":"ListItem","position":1,"name":"Home","item":"https:\/\/www.koupeltech.com\/"},{"@type":"ListItem","position":2,"name":"Products","item":"https:\/\/www.koupeltech.com\/index.php\/products\/"},{"@type":"ListItem","position":3,"name":"THE NEW YORKER WC sed\u00e1tko, SLIM, Soft Close, b\u00edl\u00e1\/chrom &#8211; koupelny-sanita.cz Nov\u00e1 Kolekce"}]},{"@type":"WebSite","@id":"https:\/\/www.koupeltech.com\/#website","url":"https:\/\/www.koupeltech.com\/","name":"","description":"","potentialAction":[{"@type":"SearchAction","target":{"@type":"EntryPoint","urlTemplate":"https:\/\/www.koupeltech.com\/?s={search_term_string}"},"query-input":{"@type":"PropertyValueSpecification","valueRequired":true,"valueName":"search_term_string"}}],"inLanguage":"cs"}]}},"_links":{"self":[{"href":"https:\/\/www.koupeltech.com\/index.php\/wp-json\/wp\/v2\/product\/65536","targetHints":{"allow":["GET"]}}],"collection":[{"href":"https:\/\/www.koupeltech.com\/index.php\/wp-json\/wp\/v2\/product"}],"about":[{"href":"https:\/\/www.koupeltech.com\/index.php\/wp-json\/wp\/v2\/types\/product"}],"replies":[{"embeddable":true,"href":"https:\/\/www.koupeltech.com\/index.php\/wp-json\/wp\/v2\/comments?post=65536"}],"wp:featuredmedia":[{"embeddable":true,"href":"https:\/\/www.koupeltech.com\/index.php\/wp-json\/wp\/v2\/media\/65636"}],"wp:attachment":[{"href":"https:\/\/www.koupeltech.com\/index.php\/wp-json\/wp\/v2\/media?parent=65536"}],"wp:term":[{"taxonomy":"product_brand","embeddable":true,"href":"https:\/\/www.koupeltech.com\/index.php\/wp-json\/wp\/v2\/product_brand?post=65536"},{"taxonomy":"product_cat","embeddable":true,"href":"https:\/\/www.koupeltech.com\/index.php\/wp-json\/wp\/v2\/product_cat?post=65536"},{"taxonomy":"product_tag","embeddable":true,"href":"https:\/\/www.koupeltech.com\/index.php\/wp-json\/wp\/v2\/product_tag?post=65536"}],"curies":[{"name":"wp","href":"https:\/\/api.w.org\/{rel}","templated":true}]}}