{"id":65571,"date":"2026-04-27T14:05:51","date_gmt":"2026-04-27T14:05:51","guid":{"rendered":""},"modified":"2026-04-27T14:05:51","modified_gmt":"2026-04-27T14:05:51","slug":"agos-betonove-umyvatko-40x22cm-leve-prave-tmave-hneda-pololesk-koupelny-sanita-cz-nakupujte-hned-65571","status":"publish","type":"product","link":"https:\/\/www.koupeltech.com\/index.php\/produkt\/agos-betonove-umyvatko-40x22cm-leve-prave-tmave-hneda-pololesk-koupelny-sanita-cz-nakupujte-hned-65571\/","title":{"rendered":"AGOS betonov\u00e9 um\u00fdv\u00e1tko 40x22cm, lev\u00e9\/prav\u00e9, tmav\u011b hn\u011bd\u00e1 pololesk &#8211; koupelny-sanita.cz Nakupujte Hned"},"content":{"rendered":"<div class=\"basic-description\">\n<h3>Detailn\u00ed popis produktu<\/h3>\n<p>Vyrobeno z p\u0159\u00edrodn\u00edho materi\u00e1lu, jednotliv\u00e9 kusy se mohou nepatrn\u011b odli\u0161ovat v barevnosti a velikosti. Beton o\u0161et\u0159en\u00fd vod\u011b odoln\u00fdm n\u00e1t\u011brem.<\/p>\n<\/p><\/div>\n<div class=\"extended-description\">\n<h3>Dopl\u0148kov\u00e9 parametry<\/h3>\n<table class=\"detail-parameters\">\n<tbody>\n<tr>\n<th>        <span class=\"row-header-label\">            Kategorie<span class=\"row-header-label-colon\">:<\/span>        <\/span>    <\/th>\n<td>            <\/td>\n<\/tr>\n<tr>\n<th>            <span class=\"row-header-label\">                Z\u00e1ruka<span class=\"row-header-label-colon\">:<\/span>            <\/span>        <\/th>\n<td>            24        <\/td>\n<\/tr>\n<tr>\n<th>            <span class=\"row-header-label\">                Hmotnost<span class=\"row-header-label-colon\">:<\/span>            <\/span>        <\/th>\n<td>            5.142 kg        <\/td>\n<\/tr>\n<tr class=\"productEan\">\n<th>          <span class=\"row-header-label productEan__label\">              EAN<span class=\"row-header-label-colon\">:<\/span>          <\/span>      <\/th>\n<td>          <span class=\"productEan__value\">8590913120213<\/span>      <\/td>\n<\/tr>\n<tr>\n<th>                <span class=\"row-header-label\">                                            3D model<span class=\"row-header-label-colon\">:<\/span>                                    <\/span>            <\/th>\n<td>                                                            ANO                                                <\/td>\n<\/tr>\n<tr>\n<th>                <span class=\"row-header-label\">                                            Balen\u00ed<span class=\"row-header-label-colon\">:<\/span>                                    <\/span>            <\/th>\n<td>                                                            1 ks                                                <\/td>\n<\/tr>\n<tr>\n<th>                <span class=\"row-header-label\">                                            Balen\u00ed neobsahuje<span class=\"row-header-label-colon\">:<\/span>                                    <\/span>            <\/th>\n<td>                                                            V\u00fdpust                                                <\/td>\n<\/tr>\n<tr>\n<th>                <span class=\"row-header-label\">                                            Barva<span class=\"row-header-label-colon\">:<\/span>                                    <\/span>            <\/th>\n<td>                                                            Hn\u011bd\u00e1                                                <\/td>\n<\/tr>\n<tr>\n<th>                <span class=\"row-header-label\">                                            Dostupnost<span class=\"row-header-label-colon\">:<\/span>                                    <\/span>            <\/th>\n<td>                                                            Skladem                                                <\/td>\n<\/tr>\n<tr>\n<th>                <span class=\"row-header-label\">                                            Hloubka<span class=\"row-header-label-colon\">:<\/span>                                    <\/span>            <\/th>\n<td>                                                            220 mm                                                <\/td>\n<\/tr>\n<tr>\n<th>                <span class=\"row-header-label\">                                            Instalace<span class=\"row-header-label-colon\">:<\/span>                                    <\/span>            <\/th>\n<td>                                                            Do n\u00e1bytku                                                <\/td>\n<\/tr>\n<tr>\n<th>                <span class=\"row-header-label\">                                            Materi\u00e1l<span class=\"row-header-label-colon\">:<\/span>                                    <\/span>            <\/th>\n<td>                                                            Beton                                                <\/td>\n<\/tr>\n<tr>\n<th>                <span class=\"row-header-label\">                                            Otvor pro baterii<span class=\"row-header-label-colon\">:<\/span>                                    <\/span>            <\/th>\n<td>                                                            1 otvor                                                <\/td>\n<\/tr>\n<tr>\n<th>                <span class=\"row-header-label\">                                            P\u0159epad<span class=\"row-header-label-colon\">:<\/span>                                    <\/span>            <\/th>\n<td>                                                            Ne                                                <\/td>\n<\/tr>\n<tr>\n<th>                <span class=\"row-header-label\">                                            Rozm\u011br<span class=\"row-header-label-colon\">:<\/span>                                    <\/span>            <\/th>\n<td>                                                            40&#215;10,6&#215;22 cm                                                <\/td>\n<\/tr>\n<tr>\n<th>                <span class=\"row-header-label\">                                            \u0160\u00ed\u0159ka<span class=\"row-header-label-colon\">:<\/span>                                    <\/span>            <\/th>\n<td>                                                            400 mm                                                <\/td>\n<\/tr>\n<tr>\n<th>                <span class=\"row-header-label\">                                            Tvar<span class=\"row-header-label-colon\">:<\/span>                                    <\/span>            <\/th>\n<td>                                                            Obd\u00e9ln\u00edk                                                <\/td>\n<\/tr>\n<tr>\n<th>                <span class=\"row-header-label\">                                            Typ umyvadla<span class=\"row-header-label-colon\">:<\/span>                                    <\/span>            <\/th>\n<td>                                                            N\u00e1bytkov\u00e9 umyvadlo                                                <\/td>\n<\/tr>\n<tr>\n<th>                <span class=\"row-header-label\">                                            V\u00fd\u0161ka<span class=\"row-header-label-colon\">:<\/span>                                    <\/span>            <\/th>\n<td>                                                            106 mm                                                <\/td>\n<\/tr>\n<tr>\n<th>                <span class=\"row-header-label\">                                            Z\u00e1ruka<span class=\"row-header-label-colon\">:<\/span>                                    <\/span>            <\/th>\n<td>                                                            2 roky                                                <\/td>\n<\/tr>\n<\/tbody>\n<\/table><\/div>\n<\/p><\/div>\n<\/p><\/div>\n","protected":false},"excerpt":{"rendered":"<p>Detailn\u00ed popis produktu Vyrobeno z p\u0159\u00edrodn\u00edho materi\u00e1lu, jednotliv\u00e9 kusy se mohou nepatrn\u011b odli\u0161ovat v barevnosti a velikosti. Beton o\u0161et\u0159en\u00fd vod\u011b odoln\u00fdm n\u00e1t\u011brem. Dopl\u0148kov\u00e9 parametry Kategorie: Z\u00e1ruka: 24 Hmotnost: 5.142 kg EAN: 8590913120213 3D model: ANO Balen\u00ed: 1 ks Balen\u00ed neobsahuje: V\u00fdpust Barva: Hn\u011bd\u00e1 Dostupnost: Skladem Hloubka: 220 mm Instalace: Do n\u00e1bytku Materi\u00e1l: Beton Otvor pro [&hellip;]<\/p>\n","protected":false},"featured_media":65671,"comment_status":"open","ping_status":"open","template":"","meta":[],"product_brand":[],"product_cat":[100],"product_tag":[],"class_list":{"0":"post-65571","1":"product","2":"type-product","3":"status-publish","4":"has-post-thumbnail","6":"product_cat-umyvatka","8":"first","9":"instock","10":"sale","11":"shipping-taxable","12":"purchasable","13":"product-type-simple"},"yoast_head":"<!-- This site is optimized with the Yoast SEO plugin v26.8 - https:\/\/yoast.com\/product\/yoast-seo-wordpress\/ -->\n<title>AGOS betonov\u00e9 um\u00fdv\u00e1tko 40x22cm, lev\u00e9\/prav\u00e9, tmav\u011b hn\u011bd\u00e1 pololesk - koupelny-sanita.cz Nakupujte Hned -<\/title>\n<meta name=\"robots\" content=\"index, follow, max-snippet:-1, max-image-preview:large, max-video-preview:-1\" \/>\n<link rel=\"canonical\" href=\"https:\/\/www.koupeltech.com\/index.php\/produkt\/agos-betonove-umyvatko-40x22cm-leve-prave-tmave-hneda-pololesk-koupelny-sanita-cz-nakupujte-hned-65571\/\" \/>\n<meta property=\"og:locale\" content=\"cs_CZ\" \/>\n<meta property=\"og:type\" content=\"article\" \/>\n<meta property=\"og:title\" content=\"AGOS betonov\u00e9 um\u00fdv\u00e1tko 40x22cm, lev\u00e9\/prav\u00e9, tmav\u011b hn\u011bd\u00e1 pololesk - koupelny-sanita.cz Nakupujte Hned -\" \/>\n<meta property=\"og:description\" content=\"Detailn\u00ed popis produktu Vyrobeno z p\u0159\u00edrodn\u00edho materi\u00e1lu, jednotliv\u00e9 kusy se mohou nepatrn\u011b odli\u0161ovat v barevnosti a velikosti. Beton o\u0161et\u0159en\u00fd vod\u011b odoln\u00fdm n\u00e1t\u011brem. Dopl\u0148kov\u00e9 parametry Kategorie: Z\u00e1ruka: 24 Hmotnost: 5.142 kg EAN: 8590913120213 3D model: ANO Balen\u00ed: 1 ks Balen\u00ed neobsahuje: V\u00fdpust Barva: Hn\u011bd\u00e1 Dostupnost: Skladem Hloubka: 220 mm Instalace: Do n\u00e1bytku Materi\u00e1l: Beton Otvor pro [&hellip;]\" \/>\n<meta property=\"og:url\" content=\"https:\/\/www.koupeltech.com\/index.php\/produkt\/agos-betonove-umyvatko-40x22cm-leve-prave-tmave-hneda-pololesk-koupelny-sanita-cz-nakupujte-hned-65571\/\" \/>\n<meta property=\"og:image\" content=\"https:\/\/www.koupeltech.com\/wp-content\/uploads\/2026\/SK0028146-CZ20260425-092556-0-1777080363-1938421_as40015-261666587545384.webp\" \/>\n\t<meta property=\"og:image:width\" content=\"1000\" \/>\n\t<meta property=\"og:image:height\" content=\"750\" \/>\n\t<meta property=\"og:image:type\" content=\"image\/webp\" \/>\n<meta name=\"twitter:card\" content=\"summary_large_image\" \/>\n<script type=\"application\/ld+json\" class=\"yoast-schema-graph\">{\"@context\":\"https:\/\/schema.org\",\"@graph\":[{\"@type\":\"WebPage\",\"@id\":\"https:\/\/www.koupeltech.com\/index.php\/produkt\/agos-betonove-umyvatko-40x22cm-leve-prave-tmave-hneda-pololesk-koupelny-sanita-cz-nakupujte-hned-65571\/\",\"url\":\"https:\/\/www.koupeltech.com\/index.php\/produkt\/agos-betonove-umyvatko-40x22cm-leve-prave-tmave-hneda-pololesk-koupelny-sanita-cz-nakupujte-hned-65571\/\",\"name\":\"AGOS betonov\u00e9 um\u00fdv\u00e1tko 40x22cm, lev\u00e9\/prav\u00e9, tmav\u011b hn\u011bd\u00e1 pololesk - koupelny-sanita.cz Nakupujte Hned -\",\"isPartOf\":{\"@id\":\"https:\/\/www.koupeltech.com\/#website\"},\"primaryImageOfPage\":{\"@id\":\"https:\/\/www.koupeltech.com\/index.php\/produkt\/agos-betonove-umyvatko-40x22cm-leve-prave-tmave-hneda-pololesk-koupelny-sanita-cz-nakupujte-hned-65571\/#primaryimage\"},\"image\":{\"@id\":\"https:\/\/www.koupeltech.com\/index.php\/produkt\/agos-betonove-umyvatko-40x22cm-leve-prave-tmave-hneda-pololesk-koupelny-sanita-cz-nakupujte-hned-65571\/#primaryimage\"},\"thumbnailUrl\":\"https:\/\/www.koupeltech.com\/wp-content\/uploads\/2026\/SK0028146-CZ20260425-092556-0-1777080363-1938421_as40015-261666587545384.webp\",\"datePublished\":\"2026-04-27T14:05:51+00:00\",\"breadcrumb\":{\"@id\":\"https:\/\/www.koupeltech.com\/index.php\/produkt\/agos-betonove-umyvatko-40x22cm-leve-prave-tmave-hneda-pololesk-koupelny-sanita-cz-nakupujte-hned-65571\/#breadcrumb\"},\"inLanguage\":\"cs\",\"potentialAction\":[{\"@type\":\"ReadAction\",\"target\":[\"https:\/\/www.koupeltech.com\/index.php\/produkt\/agos-betonove-umyvatko-40x22cm-leve-prave-tmave-hneda-pololesk-koupelny-sanita-cz-nakupujte-hned-65571\/\"]}]},{\"@type\":\"ImageObject\",\"inLanguage\":\"cs\",\"@id\":\"https:\/\/www.koupeltech.com\/index.php\/produkt\/agos-betonove-umyvatko-40x22cm-leve-prave-tmave-hneda-pololesk-koupelny-sanita-cz-nakupujte-hned-65571\/#primaryimage\",\"url\":\"https:\/\/www.koupeltech.com\/wp-content\/uploads\/2026\/SK0028146-CZ20260425-092556-0-1777080363-1938421_as40015-261666587545384.webp\",\"contentUrl\":\"https:\/\/www.koupeltech.com\/wp-content\/uploads\/2026\/SK0028146-CZ20260425-092556-0-1777080363-1938421_as40015-261666587545384.webp\",\"width\":1000,\"height\":750},{\"@type\":\"BreadcrumbList\",\"@id\":\"https:\/\/www.koupeltech.com\/index.php\/produkt\/agos-betonove-umyvatko-40x22cm-leve-prave-tmave-hneda-pololesk-koupelny-sanita-cz-nakupujte-hned-65571\/#breadcrumb\",\"itemListElement\":[{\"@type\":\"ListItem\",\"position\":1,\"name\":\"Home\",\"item\":\"https:\/\/www.koupeltech.com\/\"},{\"@type\":\"ListItem\",\"position\":2,\"name\":\"Products\",\"item\":\"https:\/\/www.koupeltech.com\/index.php\/products\/\"},{\"@type\":\"ListItem\",\"position\":3,\"name\":\"AGOS betonov\u00e9 um\u00fdv\u00e1tko 40x22cm, lev\u00e9\/prav\u00e9, tmav\u011b hn\u011bd\u00e1 pololesk &#8211; koupelny-sanita.cz Nakupujte Hned\"}]},{\"@type\":\"WebSite\",\"@id\":\"https:\/\/www.koupeltech.com\/#website\",\"url\":\"https:\/\/www.koupeltech.com\/\",\"name\":\"\",\"description\":\"\",\"potentialAction\":[{\"@type\":\"SearchAction\",\"target\":{\"@type\":\"EntryPoint\",\"urlTemplate\":\"https:\/\/www.koupeltech.com\/?s={search_term_string}\"},\"query-input\":{\"@type\":\"PropertyValueSpecification\",\"valueRequired\":true,\"valueName\":\"search_term_string\"}}],\"inLanguage\":\"cs\"}]}<\/script>\n<!-- \/ Yoast SEO plugin. -->","yoast_head_json":{"title":"AGOS betonov\u00e9 um\u00fdv\u00e1tko 40x22cm, lev\u00e9\/prav\u00e9, tmav\u011b hn\u011bd\u00e1 pololesk - koupelny-sanita.cz Nakupujte Hned -","robots":{"index":"index","follow":"follow","max-snippet":"max-snippet:-1","max-image-preview":"max-image-preview:large","max-video-preview":"max-video-preview:-1"},"canonical":"https:\/\/www.koupeltech.com\/index.php\/produkt\/agos-betonove-umyvatko-40x22cm-leve-prave-tmave-hneda-pololesk-koupelny-sanita-cz-nakupujte-hned-65571\/","og_locale":"cs_CZ","og_type":"article","og_title":"AGOS betonov\u00e9 um\u00fdv\u00e1tko 40x22cm, lev\u00e9\/prav\u00e9, tmav\u011b hn\u011bd\u00e1 pololesk - koupelny-sanita.cz Nakupujte Hned -","og_description":"Detailn\u00ed popis produktu Vyrobeno z p\u0159\u00edrodn\u00edho materi\u00e1lu, jednotliv\u00e9 kusy se mohou nepatrn\u011b odli\u0161ovat v barevnosti a velikosti. Beton o\u0161et\u0159en\u00fd vod\u011b odoln\u00fdm n\u00e1t\u011brem. Dopl\u0148kov\u00e9 parametry Kategorie: Z\u00e1ruka: 24 Hmotnost: 5.142 kg EAN: 8590913120213 3D model: ANO Balen\u00ed: 1 ks Balen\u00ed neobsahuje: V\u00fdpust Barva: Hn\u011bd\u00e1 Dostupnost: Skladem Hloubka: 220 mm Instalace: Do n\u00e1bytku Materi\u00e1l: Beton Otvor pro [&hellip;]","og_url":"https:\/\/www.koupeltech.com\/index.php\/produkt\/agos-betonove-umyvatko-40x22cm-leve-prave-tmave-hneda-pololesk-koupelny-sanita-cz-nakupujte-hned-65571\/","og_image":[{"width":1000,"height":750,"url":"https:\/\/www.koupeltech.com\/wp-content\/uploads\/2026\/SK0028146-CZ20260425-092556-0-1777080363-1938421_as40015-261666587545384.webp","type":"image\/webp"}],"twitter_card":"summary_large_image","schema":{"@context":"https:\/\/schema.org","@graph":[{"@type":"WebPage","@id":"https:\/\/www.koupeltech.com\/index.php\/produkt\/agos-betonove-umyvatko-40x22cm-leve-prave-tmave-hneda-pololesk-koupelny-sanita-cz-nakupujte-hned-65571\/","url":"https:\/\/www.koupeltech.com\/index.php\/produkt\/agos-betonove-umyvatko-40x22cm-leve-prave-tmave-hneda-pololesk-koupelny-sanita-cz-nakupujte-hned-65571\/","name":"AGOS betonov\u00e9 um\u00fdv\u00e1tko 40x22cm, lev\u00e9\/prav\u00e9, tmav\u011b hn\u011bd\u00e1 pololesk - koupelny-sanita.cz Nakupujte Hned -","isPartOf":{"@id":"https:\/\/www.koupeltech.com\/#website"},"primaryImageOfPage":{"@id":"https:\/\/www.koupeltech.com\/index.php\/produkt\/agos-betonove-umyvatko-40x22cm-leve-prave-tmave-hneda-pololesk-koupelny-sanita-cz-nakupujte-hned-65571\/#primaryimage"},"image":{"@id":"https:\/\/www.koupeltech.com\/index.php\/produkt\/agos-betonove-umyvatko-40x22cm-leve-prave-tmave-hneda-pololesk-koupelny-sanita-cz-nakupujte-hned-65571\/#primaryimage"},"thumbnailUrl":"https:\/\/www.koupeltech.com\/wp-content\/uploads\/2026\/SK0028146-CZ20260425-092556-0-1777080363-1938421_as40015-261666587545384.webp","datePublished":"2026-04-27T14:05:51+00:00","breadcrumb":{"@id":"https:\/\/www.koupeltech.com\/index.php\/produkt\/agos-betonove-umyvatko-40x22cm-leve-prave-tmave-hneda-pololesk-koupelny-sanita-cz-nakupujte-hned-65571\/#breadcrumb"},"inLanguage":"cs","potentialAction":[{"@type":"ReadAction","target":["https:\/\/www.koupeltech.com\/index.php\/produkt\/agos-betonove-umyvatko-40x22cm-leve-prave-tmave-hneda-pololesk-koupelny-sanita-cz-nakupujte-hned-65571\/"]}]},{"@type":"ImageObject","inLanguage":"cs","@id":"https:\/\/www.koupeltech.com\/index.php\/produkt\/agos-betonove-umyvatko-40x22cm-leve-prave-tmave-hneda-pololesk-koupelny-sanita-cz-nakupujte-hned-65571\/#primaryimage","url":"https:\/\/www.koupeltech.com\/wp-content\/uploads\/2026\/SK0028146-CZ20260425-092556-0-1777080363-1938421_as40015-261666587545384.webp","contentUrl":"https:\/\/www.koupeltech.com\/wp-content\/uploads\/2026\/SK0028146-CZ20260425-092556-0-1777080363-1938421_as40015-261666587545384.webp","width":1000,"height":750},{"@type":"BreadcrumbList","@id":"https:\/\/www.koupeltech.com\/index.php\/produkt\/agos-betonove-umyvatko-40x22cm-leve-prave-tmave-hneda-pololesk-koupelny-sanita-cz-nakupujte-hned-65571\/#breadcrumb","itemListElement":[{"@type":"ListItem","position":1,"name":"Home","item":"https:\/\/www.koupeltech.com\/"},{"@type":"ListItem","position":2,"name":"Products","item":"https:\/\/www.koupeltech.com\/index.php\/products\/"},{"@type":"ListItem","position":3,"name":"AGOS betonov\u00e9 um\u00fdv\u00e1tko 40x22cm, lev\u00e9\/prav\u00e9, tmav\u011b hn\u011bd\u00e1 pololesk &#8211; koupelny-sanita.cz Nakupujte Hned"}]},{"@type":"WebSite","@id":"https:\/\/www.koupeltech.com\/#website","url":"https:\/\/www.koupeltech.com\/","name":"","description":"","potentialAction":[{"@type":"SearchAction","target":{"@type":"EntryPoint","urlTemplate":"https:\/\/www.koupeltech.com\/?s={search_term_string}"},"query-input":{"@type":"PropertyValueSpecification","valueRequired":true,"valueName":"search_term_string"}}],"inLanguage":"cs"}]}},"_links":{"self":[{"href":"https:\/\/www.koupeltech.com\/index.php\/wp-json\/wp\/v2\/product\/65571","targetHints":{"allow":["GET"]}}],"collection":[{"href":"https:\/\/www.koupeltech.com\/index.php\/wp-json\/wp\/v2\/product"}],"about":[{"href":"https:\/\/www.koupeltech.com\/index.php\/wp-json\/wp\/v2\/types\/product"}],"replies":[{"embeddable":true,"href":"https:\/\/www.koupeltech.com\/index.php\/wp-json\/wp\/v2\/comments?post=65571"}],"wp:featuredmedia":[{"embeddable":true,"href":"https:\/\/www.koupeltech.com\/index.php\/wp-json\/wp\/v2\/media\/65671"}],"wp:attachment":[{"href":"https:\/\/www.koupeltech.com\/index.php\/wp-json\/wp\/v2\/media?parent=65571"}],"wp:term":[{"taxonomy":"product_brand","embeddable":true,"href":"https:\/\/www.koupeltech.com\/index.php\/wp-json\/wp\/v2\/product_brand?post=65571"},{"taxonomy":"product_cat","embeddable":true,"href":"https:\/\/www.koupeltech.com\/index.php\/wp-json\/wp\/v2\/product_cat?post=65571"},{"taxonomy":"product_tag","embeddable":true,"href":"https:\/\/www.koupeltech.com\/index.php\/wp-json\/wp\/v2\/product_tag?post=65571"}],"curies":[{"name":"wp","href":"https:\/\/api.w.org\/{rel}","templated":true}]}}