{"id":6568,"date":"2026-04-27T13:56:50","date_gmt":"2026-04-27T13:56:50","guid":{"rendered":""},"modified":"2026-04-27T13:56:50","modified_gmt":"2026-04-27T13:56:50","slug":"knipex-002137le-kufr-robust-prazdny-znackovy-6568","status":"publish","type":"product","link":"https:\/\/www.koupeltech.com\/index.php\/produkt\/knipex-002137le-kufr-robust-prazdny-znackovy-6568\/","title":{"rendered":"Knipex 002137LE kufr &#8222;Robust&#8220; pr\u00e1zdn\u00fd Zna\u010dkov\u00fd"},"content":{"rendered":"<table>\n<div class=\"tab-pane active product-description\" id=\"popis\" role=\"tabpanel\">\n<div class=\"short-description\" itemprop=\"description\"><\/div>\n<div class=\"description\"><span class='bullet-line'>Pro nejn\u00e1ro\u010dn\u011bj\u0161\u00ed podm\u00ednky: Odoln\u00e9 v\u016f\u010di prachu, vod\u011b a extr\u00e9mn\u00edm teplot\u00e1m<br \/><\/span><span class='bullet-line'>Kufr vhodn\u00fd pro leteckou p\u0159epravu, z odoln\u00e9ho polypropyl\u00e9nu<br \/><\/span><span class='bullet-line'>Prachot\u011bsn\u00fd a vodot\u011bsn\u00fd<br \/><\/span><span class='bullet-line'>Automatick\u00fd ventil pro vyrovn\u00e1n\u00ed tlaku<br \/><\/span><span class='bullet-line'>Odoln\u00fd v\u016f\u010di teplot\u00e1m od &#8211; 30 \u00b0C do +80 \u00b0C<br \/><\/span><span class='bullet-line'>Za\u0159\u00edzen\u00ed pro visac\u00ed z\u00e1mek<br \/><\/span><span class='bullet-line'>P\u0159ihr\u00e1dka na dokumenty; n\u00e1strojov\u00e9 desky vyroben\u00e9 ze \u0161p\u00ednu odpuzuj\u00edc\u00edch dvoust\u011bnn\u00fdch pl\u00e1t\u016f z\u00a0PP\u00a0s\u00a0kapsami a p\u00e1sy na n\u00e1\u0159ad\u00ed<br \/><\/span><span class='bullet-line'>Uzamykateln\u00e9 dno individu\u00e1ln\u011b d\u011bliteln\u00e9 syst\u00e9mem hlin\u00edkov\u00fdch p\u0159ep\u00e1\u017eek<br \/><\/span><span class='bullet-line'>Ergonomick\u00e1 dvouslo\u017ekov\u00e1 rukoje\u0165<br \/><\/span><span class='bullet-line'>S celkem 147 mo\u017enostmi zasunut\u00ed<br \/><\/span><span class='bullet-line'>Max. zat\u00ed\u017eitelnost: 35 kg<\/span><\/div>\n<div class=\"parameters\">\n<tr>\n<td>\u010c. v\u00fdr.<\/td>\n<td>00 21 37 LE<\/td>\n<\/tr>\n<tr>\n<td>EAN<\/td>\n<td>4003773082590<\/td>\n<\/tr>\n<tr>\n<td>Hmotnost<\/td>\n<td>9.940 g<\/td>\n<\/tr>\n<tr>\n<td>Rozm\u011bry<\/td>\n<td>428 x 263 mm<\/td>\n<\/tr>\n<tr>\n<td>REACH<\/td>\n<td>neobsahuje SVHC \u00a0<\/td>\n<\/tr>\n<tr>\n<td>RoHS<\/td>\n<td>nelze pou\u017e\u00edt \u00a0<\/td>\n<\/tr>\n<tr>\n<td>Rozm\u011br, vn\u011bj\u0161\u00ed (vnit\u0159n\u00ed) \u0161\u00ed\u0159ka<\/td>\n<td>609 mm (540 mm)<\/td>\n<\/tr>\n<tr>\n<td>Rozm\u011br, vn\u011bj\u0161\u00ed (vnit\u0159n\u00ed) v\u00fd\u0161ka<\/td>\n<td>263 mm (229 mm)<\/td>\n<\/tr>\n<tr>\n<td>Rozm\u011br, vn\u011bj\u0161\u00ed (vnit\u0159n\u00ed) hloubka<\/td>\n<td>428 mm (364 mm)<\/td>\n<\/tr><\/div>\n<\/table>\n","protected":false},"excerpt":{"rendered":"<p>Pro nejn\u00e1ro\u010dn\u011bj\u0161\u00ed podm\u00ednky: Odoln\u00e9 v\u016f\u010di prachu, vod\u011b a extr\u00e9mn\u00edm teplot\u00e1mKufr vhodn\u00fd pro leteckou p\u0159epravu, z odoln\u00e9ho polypropyl\u00e9nuPrachot\u011bsn\u00fd a vodot\u011bsn\u00fdAutomatick\u00fd ventil pro vyrovn\u00e1n\u00ed tlakuOdoln\u00fd v\u016f\u010di teplot\u00e1m od &#8211; 30 \u00b0C do +80 \u00b0CZa\u0159\u00edzen\u00ed pro visac\u00ed z\u00e1mekP\u0159ihr\u00e1dka na dokumenty; n\u00e1strojov\u00e9 desky vyroben\u00e9 ze \u0161p\u00ednu odpuzuj\u00edc\u00edch dvoust\u011bnn\u00fdch pl\u00e1t\u016f z\u00a0PP\u00a0s\u00a0kapsami a p\u00e1sy na n\u00e1\u0159ad\u00edUzamykateln\u00e9 dno individu\u00e1ln\u011b d\u011bliteln\u00e9 syst\u00e9mem hlin\u00edkov\u00fdch [&hellip;]<\/p>\n","protected":false},"featured_media":6668,"comment_status":"open","ping_status":"open","template":"","meta":[],"product_brand":[],"product_cat":[45],"product_tag":[],"class_list":{"0":"post-6568","1":"product","2":"type-product","3":"status-publish","4":"has-post-thumbnail","6":"product_cat-dilna","8":"first","9":"instock","10":"sale","11":"shipping-taxable","12":"purchasable","13":"product-type-simple"},"yoast_head":"<!-- This site is optimized with the Yoast SEO plugin v26.8 - https:\/\/yoast.com\/product\/yoast-seo-wordpress\/ -->\n<title>Knipex 002137LE kufr &quot;Robust&quot; pr\u00e1zdn\u00fd Zna\u010dkov\u00fd -<\/title>\n<meta name=\"robots\" content=\"index, follow, max-snippet:-1, max-image-preview:large, max-video-preview:-1\" \/>\n<link rel=\"canonical\" href=\"https:\/\/www.koupeltech.com\/index.php\/produkt\/knipex-002137le-kufr-robust-prazdny-znackovy-6568\/\" \/>\n<meta property=\"og:locale\" content=\"cs_CZ\" \/>\n<meta property=\"og:type\" content=\"article\" \/>\n<meta property=\"og:title\" content=\"Knipex 002137LE kufr &quot;Robust&quot; pr\u00e1zdn\u00fd Zna\u010dkov\u00fd -\" \/>\n<meta property=\"og:description\" content=\"Pro nejn\u00e1ro\u010dn\u011bj\u0161\u00ed podm\u00ednky: Odoln\u00e9 v\u016f\u010di prachu, vod\u011b a extr\u00e9mn\u00edm teplot\u00e1mKufr vhodn\u00fd pro leteckou p\u0159epravu, z odoln\u00e9ho polypropyl\u00e9nuPrachot\u011bsn\u00fd a vodot\u011bsn\u00fdAutomatick\u00fd ventil pro vyrovn\u00e1n\u00ed tlakuOdoln\u00fd v\u016f\u010di teplot\u00e1m od &#8211; 30 \u00b0C do +80 \u00b0CZa\u0159\u00edzen\u00ed pro visac\u00ed z\u00e1mekP\u0159ihr\u00e1dka na dokumenty; n\u00e1strojov\u00e9 desky vyroben\u00e9 ze \u0161p\u00ednu odpuzuj\u00edc\u00edch dvoust\u011bnn\u00fdch pl\u00e1t\u016f z\u00a0PP\u00a0s\u00a0kapsami a p\u00e1sy na n\u00e1\u0159ad\u00edUzamykateln\u00e9 dno individu\u00e1ln\u011b d\u011bliteln\u00e9 syst\u00e9mem hlin\u00edkov\u00fdch [&hellip;]\" \/>\n<meta property=\"og:url\" content=\"https:\/\/www.koupeltech.com\/index.php\/produkt\/knipex-002137le-kufr-robust-prazdny-znackovy-6568\/\" \/>\n<meta property=\"og:image\" content=\"https:\/\/www.koupeltech.com\/wp-content\/uploads\/2026\/SK0022422-CZ20260425-092328-0-1777080210-image-3_1.webp\" \/>\n\t<meta property=\"og:image:width\" content=\"645\" \/>\n\t<meta property=\"og:image:height\" content=\"699\" \/>\n\t<meta property=\"og:image:type\" content=\"image\/webp\" \/>\n<meta name=\"twitter:card\" content=\"summary_large_image\" \/>\n<meta name=\"twitter:label1\" content=\"Odhadovan\u00e1 doba \u010dten\u00ed\" \/>\n\t<meta name=\"twitter:data1\" content=\"1 minuta\" \/>\n<script type=\"application\/ld+json\" class=\"yoast-schema-graph\">{\"@context\":\"https:\/\/schema.org\",\"@graph\":[{\"@type\":\"WebPage\",\"@id\":\"https:\/\/www.koupeltech.com\/index.php\/produkt\/knipex-002137le-kufr-robust-prazdny-znackovy-6568\/\",\"url\":\"https:\/\/www.koupeltech.com\/index.php\/produkt\/knipex-002137le-kufr-robust-prazdny-znackovy-6568\/\",\"name\":\"Knipex 002137LE kufr \\\"Robust\\\" pr\u00e1zdn\u00fd Zna\u010dkov\u00fd -\",\"isPartOf\":{\"@id\":\"https:\/\/www.koupeltech.com\/#website\"},\"primaryImageOfPage\":{\"@id\":\"https:\/\/www.koupeltech.com\/index.php\/produkt\/knipex-002137le-kufr-robust-prazdny-znackovy-6568\/#primaryimage\"},\"image\":{\"@id\":\"https:\/\/www.koupeltech.com\/index.php\/produkt\/knipex-002137le-kufr-robust-prazdny-znackovy-6568\/#primaryimage\"},\"thumbnailUrl\":\"https:\/\/www.koupeltech.com\/wp-content\/uploads\/2026\/SK0022422-CZ20260425-092328-0-1777080210-image-3_1.webp\",\"datePublished\":\"2026-04-27T13:56:50+00:00\",\"breadcrumb\":{\"@id\":\"https:\/\/www.koupeltech.com\/index.php\/produkt\/knipex-002137le-kufr-robust-prazdny-znackovy-6568\/#breadcrumb\"},\"inLanguage\":\"cs\",\"potentialAction\":[{\"@type\":\"ReadAction\",\"target\":[\"https:\/\/www.koupeltech.com\/index.php\/produkt\/knipex-002137le-kufr-robust-prazdny-znackovy-6568\/\"]}]},{\"@type\":\"ImageObject\",\"inLanguage\":\"cs\",\"@id\":\"https:\/\/www.koupeltech.com\/index.php\/produkt\/knipex-002137le-kufr-robust-prazdny-znackovy-6568\/#primaryimage\",\"url\":\"https:\/\/www.koupeltech.com\/wp-content\/uploads\/2026\/SK0022422-CZ20260425-092328-0-1777080210-image-3_1.webp\",\"contentUrl\":\"https:\/\/www.koupeltech.com\/wp-content\/uploads\/2026\/SK0022422-CZ20260425-092328-0-1777080210-image-3_1.webp\",\"width\":645,\"height\":699},{\"@type\":\"BreadcrumbList\",\"@id\":\"https:\/\/www.koupeltech.com\/index.php\/produkt\/knipex-002137le-kufr-robust-prazdny-znackovy-6568\/#breadcrumb\",\"itemListElement\":[{\"@type\":\"ListItem\",\"position\":1,\"name\":\"Home\",\"item\":\"https:\/\/www.koupeltech.com\/\"},{\"@type\":\"ListItem\",\"position\":2,\"name\":\"Products\",\"item\":\"https:\/\/www.koupeltech.com\/index.php\/products\/\"},{\"@type\":\"ListItem\",\"position\":3,\"name\":\"Knipex 002137LE kufr &#8222;Robust&#8220; pr\u00e1zdn\u00fd Zna\u010dkov\u00fd\"}]},{\"@type\":\"WebSite\",\"@id\":\"https:\/\/www.koupeltech.com\/#website\",\"url\":\"https:\/\/www.koupeltech.com\/\",\"name\":\"\",\"description\":\"\",\"potentialAction\":[{\"@type\":\"SearchAction\",\"target\":{\"@type\":\"EntryPoint\",\"urlTemplate\":\"https:\/\/www.koupeltech.com\/?s={search_term_string}\"},\"query-input\":{\"@type\":\"PropertyValueSpecification\",\"valueRequired\":true,\"valueName\":\"search_term_string\"}}],\"inLanguage\":\"cs\"}]}<\/script>\n<!-- \/ Yoast SEO plugin. -->","yoast_head_json":{"title":"Knipex 002137LE kufr \"Robust\" pr\u00e1zdn\u00fd Zna\u010dkov\u00fd -","robots":{"index":"index","follow":"follow","max-snippet":"max-snippet:-1","max-image-preview":"max-image-preview:large","max-video-preview":"max-video-preview:-1"},"canonical":"https:\/\/www.koupeltech.com\/index.php\/produkt\/knipex-002137le-kufr-robust-prazdny-znackovy-6568\/","og_locale":"cs_CZ","og_type":"article","og_title":"Knipex 002137LE kufr \"Robust\" pr\u00e1zdn\u00fd Zna\u010dkov\u00fd -","og_description":"Pro nejn\u00e1ro\u010dn\u011bj\u0161\u00ed podm\u00ednky: Odoln\u00e9 v\u016f\u010di prachu, vod\u011b a extr\u00e9mn\u00edm teplot\u00e1mKufr vhodn\u00fd pro leteckou p\u0159epravu, z odoln\u00e9ho polypropyl\u00e9nuPrachot\u011bsn\u00fd a vodot\u011bsn\u00fdAutomatick\u00fd ventil pro vyrovn\u00e1n\u00ed tlakuOdoln\u00fd v\u016f\u010di teplot\u00e1m od &#8211; 30 \u00b0C do +80 \u00b0CZa\u0159\u00edzen\u00ed pro visac\u00ed z\u00e1mekP\u0159ihr\u00e1dka na dokumenty; n\u00e1strojov\u00e9 desky vyroben\u00e9 ze \u0161p\u00ednu odpuzuj\u00edc\u00edch dvoust\u011bnn\u00fdch pl\u00e1t\u016f z\u00a0PP\u00a0s\u00a0kapsami a p\u00e1sy na n\u00e1\u0159ad\u00edUzamykateln\u00e9 dno individu\u00e1ln\u011b d\u011bliteln\u00e9 syst\u00e9mem hlin\u00edkov\u00fdch [&hellip;]","og_url":"https:\/\/www.koupeltech.com\/index.php\/produkt\/knipex-002137le-kufr-robust-prazdny-znackovy-6568\/","og_image":[{"width":645,"height":699,"url":"https:\/\/www.koupeltech.com\/wp-content\/uploads\/2026\/SK0022422-CZ20260425-092328-0-1777080210-image-3_1.webp","type":"image\/webp"}],"twitter_card":"summary_large_image","twitter_misc":{"Odhadovan\u00e1 doba \u010dten\u00ed":"1 minuta"},"schema":{"@context":"https:\/\/schema.org","@graph":[{"@type":"WebPage","@id":"https:\/\/www.koupeltech.com\/index.php\/produkt\/knipex-002137le-kufr-robust-prazdny-znackovy-6568\/","url":"https:\/\/www.koupeltech.com\/index.php\/produkt\/knipex-002137le-kufr-robust-prazdny-znackovy-6568\/","name":"Knipex 002137LE kufr \"Robust\" pr\u00e1zdn\u00fd Zna\u010dkov\u00fd -","isPartOf":{"@id":"https:\/\/www.koupeltech.com\/#website"},"primaryImageOfPage":{"@id":"https:\/\/www.koupeltech.com\/index.php\/produkt\/knipex-002137le-kufr-robust-prazdny-znackovy-6568\/#primaryimage"},"image":{"@id":"https:\/\/www.koupeltech.com\/index.php\/produkt\/knipex-002137le-kufr-robust-prazdny-znackovy-6568\/#primaryimage"},"thumbnailUrl":"https:\/\/www.koupeltech.com\/wp-content\/uploads\/2026\/SK0022422-CZ20260425-092328-0-1777080210-image-3_1.webp","datePublished":"2026-04-27T13:56:50+00:00","breadcrumb":{"@id":"https:\/\/www.koupeltech.com\/index.php\/produkt\/knipex-002137le-kufr-robust-prazdny-znackovy-6568\/#breadcrumb"},"inLanguage":"cs","potentialAction":[{"@type":"ReadAction","target":["https:\/\/www.koupeltech.com\/index.php\/produkt\/knipex-002137le-kufr-robust-prazdny-znackovy-6568\/"]}]},{"@type":"ImageObject","inLanguage":"cs","@id":"https:\/\/www.koupeltech.com\/index.php\/produkt\/knipex-002137le-kufr-robust-prazdny-znackovy-6568\/#primaryimage","url":"https:\/\/www.koupeltech.com\/wp-content\/uploads\/2026\/SK0022422-CZ20260425-092328-0-1777080210-image-3_1.webp","contentUrl":"https:\/\/www.koupeltech.com\/wp-content\/uploads\/2026\/SK0022422-CZ20260425-092328-0-1777080210-image-3_1.webp","width":645,"height":699},{"@type":"BreadcrumbList","@id":"https:\/\/www.koupeltech.com\/index.php\/produkt\/knipex-002137le-kufr-robust-prazdny-znackovy-6568\/#breadcrumb","itemListElement":[{"@type":"ListItem","position":1,"name":"Home","item":"https:\/\/www.koupeltech.com\/"},{"@type":"ListItem","position":2,"name":"Products","item":"https:\/\/www.koupeltech.com\/index.php\/products\/"},{"@type":"ListItem","position":3,"name":"Knipex 002137LE kufr &#8222;Robust&#8220; pr\u00e1zdn\u00fd Zna\u010dkov\u00fd"}]},{"@type":"WebSite","@id":"https:\/\/www.koupeltech.com\/#website","url":"https:\/\/www.koupeltech.com\/","name":"","description":"","potentialAction":[{"@type":"SearchAction","target":{"@type":"EntryPoint","urlTemplate":"https:\/\/www.koupeltech.com\/?s={search_term_string}"},"query-input":{"@type":"PropertyValueSpecification","valueRequired":true,"valueName":"search_term_string"}}],"inLanguage":"cs"}]}},"_links":{"self":[{"href":"https:\/\/www.koupeltech.com\/index.php\/wp-json\/wp\/v2\/product\/6568","targetHints":{"allow":["GET"]}}],"collection":[{"href":"https:\/\/www.koupeltech.com\/index.php\/wp-json\/wp\/v2\/product"}],"about":[{"href":"https:\/\/www.koupeltech.com\/index.php\/wp-json\/wp\/v2\/types\/product"}],"replies":[{"embeddable":true,"href":"https:\/\/www.koupeltech.com\/index.php\/wp-json\/wp\/v2\/comments?post=6568"}],"wp:featuredmedia":[{"embeddable":true,"href":"https:\/\/www.koupeltech.com\/index.php\/wp-json\/wp\/v2\/media\/6668"}],"wp:attachment":[{"href":"https:\/\/www.koupeltech.com\/index.php\/wp-json\/wp\/v2\/media?parent=6568"}],"wp:term":[{"taxonomy":"product_brand","embeddable":true,"href":"https:\/\/www.koupeltech.com\/index.php\/wp-json\/wp\/v2\/product_brand?post=6568"},{"taxonomy":"product_cat","embeddable":true,"href":"https:\/\/www.koupeltech.com\/index.php\/wp-json\/wp\/v2\/product_cat?post=6568"},{"taxonomy":"product_tag","embeddable":true,"href":"https:\/\/www.koupeltech.com\/index.php\/wp-json\/wp\/v2\/product_tag?post=6568"}],"curies":[{"name":"wp","href":"https:\/\/api.w.org\/{rel}","templated":true}]}}