{"id":6569,"date":"2026-04-27T13:56:50","date_gmt":"2026-04-27T13:56:50","guid":{"rendered":""},"modified":"2026-04-27T13:56:50","modified_gmt":"2026-04-27T13:56:50","slug":"novinka-knipex-002141le-kufr-na-naradi-big-twin-move-prazdny-6569","status":"publish","type":"product","link":"https:\/\/www.koupeltech.com\/index.php\/produkt\/novinka-knipex-002141le-kufr-na-naradi-big-twin-move-prazdny-6569\/","title":{"rendered":"Novinka Knipex 002141LE kufr na n\u00e1\u0159ad\u00ed Big Twin Move, pr\u00e1zdn\u00fd"},"content":{"rendered":"<table>\n<div class=\"tab-pane active product-description\" id=\"popis\" role=\"tabpanel\">\n<div class=\"short-description\" itemprop=\"description\"><\/div>\n<div class=\"description\"><span class='bullet-line'>Sada s teleskopickou rukojet\u00ed a dv\u011bma vn\u011bj\u0161\u00edmi kole\u010dky s hladk\u00fdm chodem<br \/><\/span><span class='bullet-line'>Samostatn\u011b stoj\u00edc\u00ed ve v\u0161ech poloh\u00e1ch otev\u0159en\u00ed d\u00edky dr\u017e\u00e1k\u016fm v\u00edka s kloubovou mechanikou, um\u00edst\u011bn\u00fdm z obou stran a voln\u011b nastaviteln\u00fdm \u00fahlem<br \/><\/span><span class='bullet-line'>Lze otev\u0159\u00edt z jedn\u00e9 nebo z obou stran; dno a v\u00edko lze otev\u00edrat nez\u00e1visle na sob\u011b<br \/><\/span><span class='bullet-line'>Pole pro \u0161t\u00edtky se dv\u011bma n\u00e1lepkami pro individu\u00e1ln\u00ed ozna\u010den\u00ed<br \/><\/span><span class='bullet-line'>Max. zat\u00ed\u017eitelnost: 30 kg<br \/><\/span><span class='bullet-line'>Objem: 38 litr\u016f<br \/><\/span><span class='bullet-line'>Odoln\u00e9 proveden\u00ed z materi\u00e1lu ABS, \u010dern\u00e9<br \/><\/span><span class='bullet-line'>Obvodov\u00fd hlin\u00edkov\u00fd r\u00e1m s pevn\u011b namontovanou, stabiln\u00ed, oboustrann\u011b osaditelnou st\u0159edovou st\u011bnou, s mnohostrann\u00fdmi mo\u017enostmi zasunut\u00ed n\u00e1\u0159ad\u00ed d\u00edky elastick\u00fdm p\u00e1sk\u016fm a 12ti mal\u00fdm kapsami<br \/><\/span><span class='bullet-line'>Kovov\u00e9 panty<br \/><\/span><span class='bullet-line'>K\u00f3dovan\u00fd z\u00e1mek otev\u00edran\u00fd kombinac\u00ed 3 \u010d\u00edsel pro bezpe\u010dn\u00e9 uzam\u010den\u00ed kufru.<br \/><\/span><span class='bullet-line'>Dva kovov\u00e9 skl\u00e1p\u011bc\u00ed z\u00e1mky pro upevn\u011bn\u00ed v\u00edka i spodku<br \/><\/span><span class='bullet-line'>Vyj\u00edmateln\u00e1 p\u0159ihr\u00e1dka na dokumenty a vyj\u00edmateln\u00e9 desky na n\u00e1\u0159ad\u00ed vyroben\u00e9 ze \u0161p\u00ednu odpuzuj\u00edc\u00edch dvoust\u011bnn\u00fdch pl\u00e1t\u016f z PP s 13 kapsami na n\u00e1\u0159ad\u00ed<br \/><\/span><span class='bullet-line'>Dno ve tvaru vani\u010dky, lze nastavit zm\u00e1\u010dknut\u00edm tla\u010d\u00edtka, v\u00fd\u0161ka 70\u00a0mm, lze rozd\u011blit vlo\u017ekami; kryc\u00ed deska s\u00a013 kapsami na n\u00e1\u0159ad\u00ed<br \/><\/span><span class='bullet-line'>S celkem 95 mo\u017enostmi zasunut\u00ed<\/span><\/div>\n<div class=\"parameters\">\n<tr>\n<td>\u010c. v\u00fdr.<\/td>\n<td>00 21 41 LE<\/td>\n<\/tr>\n<tr>\n<td>EAN<\/td>\n<td>4003773071549<\/td>\n<\/tr>\n<tr>\n<td>Hmotnost<\/td>\n<td>8.600 g<\/td>\n<\/tr>\n<tr>\n<td>Rozm\u011bry<\/td>\n<td>260 x 410 mm<\/td>\n<\/tr>\n<tr>\n<td>REACH<\/td>\n<td>neobsahuje SVHC \u00a0<\/td>\n<\/tr>\n<tr>\n<td>RoHS<\/td>\n<td>nelze pou\u017e\u00edt \u00a0<\/td>\n<\/tr>\n<tr>\n<td>Rozm\u011br, vn\u011bj\u0161\u00ed (vnit\u0159n\u00ed) \u0161\u00ed\u0159ka<\/td>\n<td>520 mm (490 mm)<\/td>\n<\/tr>\n<tr>\n<td>Rozm\u011br, vn\u011bj\u0161\u00ed (vnit\u0159n\u00ed) v\u00fd\u0161ka<\/td>\n<td>435 mm (370 mm)<\/td>\n<\/tr>\n<tr>\n<td>Rozm\u011br, vn\u011bj\u0161\u00ed (vnit\u0159n\u00ed) hloubka<\/td>\n<td>290 mm (110 mm) \/ (100 mm)<\/td>\n<\/tr><\/div>\n<\/table>\n","protected":false},"excerpt":{"rendered":"<p>Sada s teleskopickou rukojet\u00ed a dv\u011bma vn\u011bj\u0161\u00edmi kole\u010dky s hladk\u00fdm chodemSamostatn\u011b stoj\u00edc\u00ed ve v\u0161ech poloh\u00e1ch otev\u0159en\u00ed d\u00edky dr\u017e\u00e1k\u016fm v\u00edka s kloubovou mechanikou, um\u00edst\u011bn\u00fdm z obou stran a voln\u011b nastaviteln\u00fdm \u00fahlemLze otev\u0159\u00edt z jedn\u00e9 nebo z obou stran; dno a v\u00edko lze otev\u00edrat nez\u00e1visle na sob\u011bPole pro \u0161t\u00edtky se dv\u011bma n\u00e1lepkami pro individu\u00e1ln\u00ed ozna\u010den\u00edMax. zat\u00ed\u017eitelnost: 30 [&hellip;]<\/p>\n","protected":false},"featured_media":6669,"comment_status":"open","ping_status":"open","template":"","meta":[],"product_brand":[],"product_cat":[45],"product_tag":[],"class_list":{"0":"post-6569","1":"product","2":"type-product","3":"status-publish","4":"has-post-thumbnail","6":"product_cat-dilna","8":"first","9":"instock","10":"sale","11":"shipping-taxable","12":"purchasable","13":"product-type-simple"},"yoast_head":"<!-- This site is optimized with the Yoast SEO plugin v26.8 - https:\/\/yoast.com\/product\/yoast-seo-wordpress\/ -->\n<title>Novinka Knipex 002141LE kufr na n\u00e1\u0159ad\u00ed Big Twin Move, pr\u00e1zdn\u00fd -<\/title>\n<meta name=\"robots\" content=\"index, follow, max-snippet:-1, max-image-preview:large, max-video-preview:-1\" \/>\n<link rel=\"canonical\" href=\"https:\/\/www.koupeltech.com\/index.php\/produkt\/novinka-knipex-002141le-kufr-na-naradi-big-twin-move-prazdny-6569\/\" \/>\n<meta property=\"og:locale\" content=\"cs_CZ\" \/>\n<meta property=\"og:type\" content=\"article\" \/>\n<meta property=\"og:title\" content=\"Novinka Knipex 002141LE kufr na n\u00e1\u0159ad\u00ed Big Twin Move, pr\u00e1zdn\u00fd -\" \/>\n<meta property=\"og:description\" content=\"Sada s teleskopickou rukojet\u00ed a dv\u011bma vn\u011bj\u0161\u00edmi kole\u010dky s hladk\u00fdm chodemSamostatn\u011b stoj\u00edc\u00ed ve v\u0161ech poloh\u00e1ch otev\u0159en\u00ed d\u00edky dr\u017e\u00e1k\u016fm v\u00edka s kloubovou mechanikou, um\u00edst\u011bn\u00fdm z obou stran a voln\u011b nastaviteln\u00fdm \u00fahlemLze otev\u0159\u00edt z jedn\u00e9 nebo z obou stran; dno a v\u00edko lze otev\u00edrat nez\u00e1visle na sob\u011bPole pro \u0161t\u00edtky se dv\u011bma n\u00e1lepkami pro individu\u00e1ln\u00ed ozna\u010den\u00edMax. zat\u00ed\u017eitelnost: 30 [&hellip;]\" \/>\n<meta property=\"og:url\" content=\"https:\/\/www.koupeltech.com\/index.php\/produkt\/novinka-knipex-002141le-kufr-na-naradi-big-twin-move-prazdny-6569\/\" \/>\n<meta property=\"og:image\" content=\"https:\/\/www.koupeltech.com\/wp-content\/uploads\/2026\/SK0022423-CZ20260425-092328-0-1777080210-image-20_1.webp\" \/>\n\t<meta property=\"og:image:width\" content=\"600\" \/>\n\t<meta property=\"og:image:height\" content=\"491\" \/>\n\t<meta property=\"og:image:type\" content=\"image\/webp\" \/>\n<meta name=\"twitter:card\" content=\"summary_large_image\" \/>\n<meta name=\"twitter:label1\" content=\"Odhadovan\u00e1 doba \u010dten\u00ed\" \/>\n\t<meta name=\"twitter:data1\" content=\"1 minuta\" \/>\n<script type=\"application\/ld+json\" class=\"yoast-schema-graph\">{\"@context\":\"https:\/\/schema.org\",\"@graph\":[{\"@type\":\"WebPage\",\"@id\":\"https:\/\/www.koupeltech.com\/index.php\/produkt\/novinka-knipex-002141le-kufr-na-naradi-big-twin-move-prazdny-6569\/\",\"url\":\"https:\/\/www.koupeltech.com\/index.php\/produkt\/novinka-knipex-002141le-kufr-na-naradi-big-twin-move-prazdny-6569\/\",\"name\":\"Novinka Knipex 002141LE kufr na n\u00e1\u0159ad\u00ed Big Twin Move, pr\u00e1zdn\u00fd -\",\"isPartOf\":{\"@id\":\"https:\/\/www.koupeltech.com\/#website\"},\"primaryImageOfPage\":{\"@id\":\"https:\/\/www.koupeltech.com\/index.php\/produkt\/novinka-knipex-002141le-kufr-na-naradi-big-twin-move-prazdny-6569\/#primaryimage\"},\"image\":{\"@id\":\"https:\/\/www.koupeltech.com\/index.php\/produkt\/novinka-knipex-002141le-kufr-na-naradi-big-twin-move-prazdny-6569\/#primaryimage\"},\"thumbnailUrl\":\"https:\/\/www.koupeltech.com\/wp-content\/uploads\/2026\/SK0022423-CZ20260425-092328-0-1777080210-image-20_1.webp\",\"datePublished\":\"2026-04-27T13:56:50+00:00\",\"breadcrumb\":{\"@id\":\"https:\/\/www.koupeltech.com\/index.php\/produkt\/novinka-knipex-002141le-kufr-na-naradi-big-twin-move-prazdny-6569\/#breadcrumb\"},\"inLanguage\":\"cs\",\"potentialAction\":[{\"@type\":\"ReadAction\",\"target\":[\"https:\/\/www.koupeltech.com\/index.php\/produkt\/novinka-knipex-002141le-kufr-na-naradi-big-twin-move-prazdny-6569\/\"]}]},{\"@type\":\"ImageObject\",\"inLanguage\":\"cs\",\"@id\":\"https:\/\/www.koupeltech.com\/index.php\/produkt\/novinka-knipex-002141le-kufr-na-naradi-big-twin-move-prazdny-6569\/#primaryimage\",\"url\":\"https:\/\/www.koupeltech.com\/wp-content\/uploads\/2026\/SK0022423-CZ20260425-092328-0-1777080210-image-20_1.webp\",\"contentUrl\":\"https:\/\/www.koupeltech.com\/wp-content\/uploads\/2026\/SK0022423-CZ20260425-092328-0-1777080210-image-20_1.webp\",\"width\":600,\"height\":491},{\"@type\":\"BreadcrumbList\",\"@id\":\"https:\/\/www.koupeltech.com\/index.php\/produkt\/novinka-knipex-002141le-kufr-na-naradi-big-twin-move-prazdny-6569\/#breadcrumb\",\"itemListElement\":[{\"@type\":\"ListItem\",\"position\":1,\"name\":\"Home\",\"item\":\"https:\/\/www.koupeltech.com\/\"},{\"@type\":\"ListItem\",\"position\":2,\"name\":\"Products\",\"item\":\"https:\/\/www.koupeltech.com\/index.php\/products\/\"},{\"@type\":\"ListItem\",\"position\":3,\"name\":\"Novinka Knipex 002141LE kufr na n\u00e1\u0159ad\u00ed Big Twin Move, pr\u00e1zdn\u00fd\"}]},{\"@type\":\"WebSite\",\"@id\":\"https:\/\/www.koupeltech.com\/#website\",\"url\":\"https:\/\/www.koupeltech.com\/\",\"name\":\"\",\"description\":\"\",\"potentialAction\":[{\"@type\":\"SearchAction\",\"target\":{\"@type\":\"EntryPoint\",\"urlTemplate\":\"https:\/\/www.koupeltech.com\/?s={search_term_string}\"},\"query-input\":{\"@type\":\"PropertyValueSpecification\",\"valueRequired\":true,\"valueName\":\"search_term_string\"}}],\"inLanguage\":\"cs\"}]}<\/script>\n<!-- \/ Yoast SEO plugin. -->","yoast_head_json":{"title":"Novinka Knipex 002141LE kufr na n\u00e1\u0159ad\u00ed Big Twin Move, pr\u00e1zdn\u00fd -","robots":{"index":"index","follow":"follow","max-snippet":"max-snippet:-1","max-image-preview":"max-image-preview:large","max-video-preview":"max-video-preview:-1"},"canonical":"https:\/\/www.koupeltech.com\/index.php\/produkt\/novinka-knipex-002141le-kufr-na-naradi-big-twin-move-prazdny-6569\/","og_locale":"cs_CZ","og_type":"article","og_title":"Novinka Knipex 002141LE kufr na n\u00e1\u0159ad\u00ed Big Twin Move, pr\u00e1zdn\u00fd -","og_description":"Sada s teleskopickou rukojet\u00ed a dv\u011bma vn\u011bj\u0161\u00edmi kole\u010dky s hladk\u00fdm chodemSamostatn\u011b stoj\u00edc\u00ed ve v\u0161ech poloh\u00e1ch otev\u0159en\u00ed d\u00edky dr\u017e\u00e1k\u016fm v\u00edka s kloubovou mechanikou, um\u00edst\u011bn\u00fdm z obou stran a voln\u011b nastaviteln\u00fdm \u00fahlemLze otev\u0159\u00edt z jedn\u00e9 nebo z obou stran; dno a v\u00edko lze otev\u00edrat nez\u00e1visle na sob\u011bPole pro \u0161t\u00edtky se dv\u011bma n\u00e1lepkami pro individu\u00e1ln\u00ed ozna\u010den\u00edMax. zat\u00ed\u017eitelnost: 30 [&hellip;]","og_url":"https:\/\/www.koupeltech.com\/index.php\/produkt\/novinka-knipex-002141le-kufr-na-naradi-big-twin-move-prazdny-6569\/","og_image":[{"width":600,"height":491,"url":"https:\/\/www.koupeltech.com\/wp-content\/uploads\/2026\/SK0022423-CZ20260425-092328-0-1777080210-image-20_1.webp","type":"image\/webp"}],"twitter_card":"summary_large_image","twitter_misc":{"Odhadovan\u00e1 doba \u010dten\u00ed":"1 minuta"},"schema":{"@context":"https:\/\/schema.org","@graph":[{"@type":"WebPage","@id":"https:\/\/www.koupeltech.com\/index.php\/produkt\/novinka-knipex-002141le-kufr-na-naradi-big-twin-move-prazdny-6569\/","url":"https:\/\/www.koupeltech.com\/index.php\/produkt\/novinka-knipex-002141le-kufr-na-naradi-big-twin-move-prazdny-6569\/","name":"Novinka Knipex 002141LE kufr na n\u00e1\u0159ad\u00ed Big Twin Move, pr\u00e1zdn\u00fd -","isPartOf":{"@id":"https:\/\/www.koupeltech.com\/#website"},"primaryImageOfPage":{"@id":"https:\/\/www.koupeltech.com\/index.php\/produkt\/novinka-knipex-002141le-kufr-na-naradi-big-twin-move-prazdny-6569\/#primaryimage"},"image":{"@id":"https:\/\/www.koupeltech.com\/index.php\/produkt\/novinka-knipex-002141le-kufr-na-naradi-big-twin-move-prazdny-6569\/#primaryimage"},"thumbnailUrl":"https:\/\/www.koupeltech.com\/wp-content\/uploads\/2026\/SK0022423-CZ20260425-092328-0-1777080210-image-20_1.webp","datePublished":"2026-04-27T13:56:50+00:00","breadcrumb":{"@id":"https:\/\/www.koupeltech.com\/index.php\/produkt\/novinka-knipex-002141le-kufr-na-naradi-big-twin-move-prazdny-6569\/#breadcrumb"},"inLanguage":"cs","potentialAction":[{"@type":"ReadAction","target":["https:\/\/www.koupeltech.com\/index.php\/produkt\/novinka-knipex-002141le-kufr-na-naradi-big-twin-move-prazdny-6569\/"]}]},{"@type":"ImageObject","inLanguage":"cs","@id":"https:\/\/www.koupeltech.com\/index.php\/produkt\/novinka-knipex-002141le-kufr-na-naradi-big-twin-move-prazdny-6569\/#primaryimage","url":"https:\/\/www.koupeltech.com\/wp-content\/uploads\/2026\/SK0022423-CZ20260425-092328-0-1777080210-image-20_1.webp","contentUrl":"https:\/\/www.koupeltech.com\/wp-content\/uploads\/2026\/SK0022423-CZ20260425-092328-0-1777080210-image-20_1.webp","width":600,"height":491},{"@type":"BreadcrumbList","@id":"https:\/\/www.koupeltech.com\/index.php\/produkt\/novinka-knipex-002141le-kufr-na-naradi-big-twin-move-prazdny-6569\/#breadcrumb","itemListElement":[{"@type":"ListItem","position":1,"name":"Home","item":"https:\/\/www.koupeltech.com\/"},{"@type":"ListItem","position":2,"name":"Products","item":"https:\/\/www.koupeltech.com\/index.php\/products\/"},{"@type":"ListItem","position":3,"name":"Novinka Knipex 002141LE kufr na n\u00e1\u0159ad\u00ed Big Twin Move, pr\u00e1zdn\u00fd"}]},{"@type":"WebSite","@id":"https:\/\/www.koupeltech.com\/#website","url":"https:\/\/www.koupeltech.com\/","name":"","description":"","potentialAction":[{"@type":"SearchAction","target":{"@type":"EntryPoint","urlTemplate":"https:\/\/www.koupeltech.com\/?s={search_term_string}"},"query-input":{"@type":"PropertyValueSpecification","valueRequired":true,"valueName":"search_term_string"}}],"inLanguage":"cs"}]}},"_links":{"self":[{"href":"https:\/\/www.koupeltech.com\/index.php\/wp-json\/wp\/v2\/product\/6569","targetHints":{"allow":["GET"]}}],"collection":[{"href":"https:\/\/www.koupeltech.com\/index.php\/wp-json\/wp\/v2\/product"}],"about":[{"href":"https:\/\/www.koupeltech.com\/index.php\/wp-json\/wp\/v2\/types\/product"}],"replies":[{"embeddable":true,"href":"https:\/\/www.koupeltech.com\/index.php\/wp-json\/wp\/v2\/comments?post=6569"}],"wp:featuredmedia":[{"embeddable":true,"href":"https:\/\/www.koupeltech.com\/index.php\/wp-json\/wp\/v2\/media\/6669"}],"wp:attachment":[{"href":"https:\/\/www.koupeltech.com\/index.php\/wp-json\/wp\/v2\/media?parent=6569"}],"wp:term":[{"taxonomy":"product_brand","embeddable":true,"href":"https:\/\/www.koupeltech.com\/index.php\/wp-json\/wp\/v2\/product_brand?post=6569"},{"taxonomy":"product_cat","embeddable":true,"href":"https:\/\/www.koupeltech.com\/index.php\/wp-json\/wp\/v2\/product_cat?post=6569"},{"taxonomy":"product_tag","embeddable":true,"href":"https:\/\/www.koupeltech.com\/index.php\/wp-json\/wp\/v2\/product_tag?post=6569"}],"curies":[{"name":"wp","href":"https:\/\/api.w.org\/{rel}","templated":true}]}}