{"id":6570,"date":"2026-04-27T13:56:50","date_gmt":"2026-04-27T13:56:50","guid":{"rendered":""},"modified":"2026-04-27T13:56:50","modified_gmt":"2026-04-27T13:56:50","slug":"bosch-2608602538-diamantovy-delici-kotouc-standard-for-ceramic-230-mm-hit-sezony-6570","status":"publish","type":"product","link":"https:\/\/www.koupeltech.com\/index.php\/produkt\/bosch-2608602538-diamantovy-delici-kotouc-standard-for-ceramic-230-mm-hit-sezony-6570\/","title":{"rendered":"Bosch 2608602538 Diamantov\u00fd d\u011blic\u00ed kotou\u010d Standard for Ceramic 230 mm Hit Sez\u00f3ny"},"content":{"rendered":"<table>\n<div class=\"tab-pane active product-description\" id=\"popis\" role=\"tabpanel\">\n<div class=\"short-description\" itemprop=\"description\"><\/div>\n<div class=\"description\"><span class='bullet-line'>Diamantov\u00fd d\u011blic\u00ed kotou\u010d Bosch Standard for Ceramic o pr\u016fm\u011bru 230 mm ur\u010den\u00fd pro \u0159ez\u00e1n\u00ed keramiky <br \/><\/span><span class='bullet-line'>D\u00edky speci\u00e1ln\u00ed technologii v\u00fdroby zaru\u010duje kotou\u010d \u010dist\u00e9 \u0159ezn\u00e9 hrany keramick\u00fdch obklad\u016f nebo dla\u017edic <br \/><\/span><span class='bullet-line'>V\u00fd\u0161ka \u0159ezn\u00e9ho segmentu 7 mm a tlou\u0161\u0165ka 1,6 mm <br \/><\/span><span class='bullet-line'>Maxim\u00e1ln\u00ed rychlost 6 650 ot\u00e1\u010dek za minutu <br \/><\/span><span class='bullet-line'>Vnit\u0159n\u00ed up\u00ednac\u00ed otvor o pr\u016fm\u011bru 25,4 mm mo\u017en\u00e9 vyu\u017eit\u00ed v \u00fahlov\u00fdch brusk\u00e1ch a stoln\u00edch pil\u00e1ch balen\u00ed v pap\u00edrov\u00e9 krabici<\/span><\/div>\n<\/table>\n","protected":false},"excerpt":{"rendered":"<p>Diamantov\u00fd d\u011blic\u00ed kotou\u010d Bosch Standard for Ceramic o pr\u016fm\u011bru 230 mm ur\u010den\u00fd pro \u0159ez\u00e1n\u00ed keramiky D\u00edky speci\u00e1ln\u00ed technologii v\u00fdroby zaru\u010duje kotou\u010d \u010dist\u00e9 \u0159ezn\u00e9 hrany keramick\u00fdch obklad\u016f nebo dla\u017edic V\u00fd\u0161ka \u0159ezn\u00e9ho segmentu 7 mm a tlou\u0161\u0165ka 1,6 mm Maxim\u00e1ln\u00ed rychlost 6 650 ot\u00e1\u010dek za minutu Vnit\u0159n\u00ed up\u00ednac\u00ed otvor o pr\u016fm\u011bru 25,4 mm mo\u017en\u00e9 vyu\u017eit\u00ed v \u00fahlov\u00fdch [&hellip;]<\/p>\n","protected":false},"featured_media":6670,"comment_status":"open","ping_status":"open","template":"","meta":[],"product_brand":[],"product_cat":[43],"product_tag":[],"class_list":{"0":"post-6570","1":"product","2":"type-product","3":"status-publish","4":"has-post-thumbnail","6":"product_cat-naradi","8":"first","9":"instock","10":"sale","11":"shipping-taxable","12":"purchasable","13":"product-type-simple"},"yoast_head":"<!-- This site is optimized with the Yoast SEO plugin v26.8 - https:\/\/yoast.com\/product\/yoast-seo-wordpress\/ -->\n<title>Bosch 2608602538 Diamantov\u00fd d\u011blic\u00ed kotou\u010d Standard for Ceramic 230 mm Hit Sez\u00f3ny -<\/title>\n<meta name=\"robots\" content=\"index, follow, max-snippet:-1, max-image-preview:large, max-video-preview:-1\" \/>\n<link rel=\"canonical\" href=\"https:\/\/www.koupeltech.com\/index.php\/produkt\/bosch-2608602538-diamantovy-delici-kotouc-standard-for-ceramic-230-mm-hit-sezony-6570\/\" \/>\n<meta property=\"og:locale\" content=\"cs_CZ\" \/>\n<meta property=\"og:type\" content=\"article\" \/>\n<meta property=\"og:title\" content=\"Bosch 2608602538 Diamantov\u00fd d\u011blic\u00ed kotou\u010d Standard for Ceramic 230 mm Hit Sez\u00f3ny -\" \/>\n<meta property=\"og:description\" content=\"Diamantov\u00fd d\u011blic\u00ed kotou\u010d Bosch Standard for Ceramic o pr\u016fm\u011bru 230 mm ur\u010den\u00fd pro \u0159ez\u00e1n\u00ed keramiky D\u00edky speci\u00e1ln\u00ed technologii v\u00fdroby zaru\u010duje kotou\u010d \u010dist\u00e9 \u0159ezn\u00e9 hrany keramick\u00fdch obklad\u016f nebo dla\u017edic V\u00fd\u0161ka \u0159ezn\u00e9ho segmentu 7 mm a tlou\u0161\u0165ka 1,6 mm Maxim\u00e1ln\u00ed rychlost 6 650 ot\u00e1\u010dek za minutu Vnit\u0159n\u00ed up\u00ednac\u00ed otvor o pr\u016fm\u011bru 25,4 mm mo\u017en\u00e9 vyu\u017eit\u00ed v \u00fahlov\u00fdch [&hellip;]\" \/>\n<meta property=\"og:url\" content=\"https:\/\/www.koupeltech.com\/index.php\/produkt\/bosch-2608602538-diamantovy-delici-kotouc-standard-for-ceramic-230-mm-hit-sezony-6570\/\" \/>\n<meta property=\"og:image\" content=\"https:\/\/www.koupeltech.com\/wp-content\/uploads\/2026\/SK0022424-CZ20260425-092328-0-1777080210-bosch-diamantovy-delici-kotouc-standard-for-ceramic-2608602.webp\" \/>\n\t<meta property=\"og:image:width\" content=\"700\" \/>\n\t<meta property=\"og:image:height\" content=\"700\" \/>\n\t<meta property=\"og:image:type\" content=\"image\/webp\" \/>\n<meta name=\"twitter:card\" content=\"summary_large_image\" \/>\n<script type=\"application\/ld+json\" class=\"yoast-schema-graph\">{\"@context\":\"https:\/\/schema.org\",\"@graph\":[{\"@type\":\"WebPage\",\"@id\":\"https:\/\/www.koupeltech.com\/index.php\/produkt\/bosch-2608602538-diamantovy-delici-kotouc-standard-for-ceramic-230-mm-hit-sezony-6570\/\",\"url\":\"https:\/\/www.koupeltech.com\/index.php\/produkt\/bosch-2608602538-diamantovy-delici-kotouc-standard-for-ceramic-230-mm-hit-sezony-6570\/\",\"name\":\"Bosch 2608602538 Diamantov\u00fd d\u011blic\u00ed kotou\u010d Standard for Ceramic 230 mm Hit Sez\u00f3ny -\",\"isPartOf\":{\"@id\":\"https:\/\/www.koupeltech.com\/#website\"},\"primaryImageOfPage\":{\"@id\":\"https:\/\/www.koupeltech.com\/index.php\/produkt\/bosch-2608602538-diamantovy-delici-kotouc-standard-for-ceramic-230-mm-hit-sezony-6570\/#primaryimage\"},\"image\":{\"@id\":\"https:\/\/www.koupeltech.com\/index.php\/produkt\/bosch-2608602538-diamantovy-delici-kotouc-standard-for-ceramic-230-mm-hit-sezony-6570\/#primaryimage\"},\"thumbnailUrl\":\"https:\/\/www.koupeltech.com\/wp-content\/uploads\/2026\/SK0022424-CZ20260425-092328-0-1777080210-bosch-diamantovy-delici-kotouc-standard-for-ceramic-2608602.webp\",\"datePublished\":\"2026-04-27T13:56:50+00:00\",\"breadcrumb\":{\"@id\":\"https:\/\/www.koupeltech.com\/index.php\/produkt\/bosch-2608602538-diamantovy-delici-kotouc-standard-for-ceramic-230-mm-hit-sezony-6570\/#breadcrumb\"},\"inLanguage\":\"cs\",\"potentialAction\":[{\"@type\":\"ReadAction\",\"target\":[\"https:\/\/www.koupeltech.com\/index.php\/produkt\/bosch-2608602538-diamantovy-delici-kotouc-standard-for-ceramic-230-mm-hit-sezony-6570\/\"]}]},{\"@type\":\"ImageObject\",\"inLanguage\":\"cs\",\"@id\":\"https:\/\/www.koupeltech.com\/index.php\/produkt\/bosch-2608602538-diamantovy-delici-kotouc-standard-for-ceramic-230-mm-hit-sezony-6570\/#primaryimage\",\"url\":\"https:\/\/www.koupeltech.com\/wp-content\/uploads\/2026\/SK0022424-CZ20260425-092328-0-1777080210-bosch-diamantovy-delici-kotouc-standard-for-ceramic-2608602.webp\",\"contentUrl\":\"https:\/\/www.koupeltech.com\/wp-content\/uploads\/2026\/SK0022424-CZ20260425-092328-0-1777080210-bosch-diamantovy-delici-kotouc-standard-for-ceramic-2608602.webp\",\"width\":700,\"height\":700},{\"@type\":\"BreadcrumbList\",\"@id\":\"https:\/\/www.koupeltech.com\/index.php\/produkt\/bosch-2608602538-diamantovy-delici-kotouc-standard-for-ceramic-230-mm-hit-sezony-6570\/#breadcrumb\",\"itemListElement\":[{\"@type\":\"ListItem\",\"position\":1,\"name\":\"Home\",\"item\":\"https:\/\/www.koupeltech.com\/\"},{\"@type\":\"ListItem\",\"position\":2,\"name\":\"Products\",\"item\":\"https:\/\/www.koupeltech.com\/index.php\/products\/\"},{\"@type\":\"ListItem\",\"position\":3,\"name\":\"Bosch 2608602538 Diamantov\u00fd d\u011blic\u00ed kotou\u010d Standard for Ceramic 230 mm Hit Sez\u00f3ny\"}]},{\"@type\":\"WebSite\",\"@id\":\"https:\/\/www.koupeltech.com\/#website\",\"url\":\"https:\/\/www.koupeltech.com\/\",\"name\":\"\",\"description\":\"\",\"potentialAction\":[{\"@type\":\"SearchAction\",\"target\":{\"@type\":\"EntryPoint\",\"urlTemplate\":\"https:\/\/www.koupeltech.com\/?s={search_term_string}\"},\"query-input\":{\"@type\":\"PropertyValueSpecification\",\"valueRequired\":true,\"valueName\":\"search_term_string\"}}],\"inLanguage\":\"cs\"}]}<\/script>\n<!-- \/ Yoast SEO plugin. -->","yoast_head_json":{"title":"Bosch 2608602538 Diamantov\u00fd d\u011blic\u00ed kotou\u010d Standard for Ceramic 230 mm Hit Sez\u00f3ny -","robots":{"index":"index","follow":"follow","max-snippet":"max-snippet:-1","max-image-preview":"max-image-preview:large","max-video-preview":"max-video-preview:-1"},"canonical":"https:\/\/www.koupeltech.com\/index.php\/produkt\/bosch-2608602538-diamantovy-delici-kotouc-standard-for-ceramic-230-mm-hit-sezony-6570\/","og_locale":"cs_CZ","og_type":"article","og_title":"Bosch 2608602538 Diamantov\u00fd d\u011blic\u00ed kotou\u010d Standard for Ceramic 230 mm Hit Sez\u00f3ny -","og_description":"Diamantov\u00fd d\u011blic\u00ed kotou\u010d Bosch Standard for Ceramic o pr\u016fm\u011bru 230 mm ur\u010den\u00fd pro \u0159ez\u00e1n\u00ed keramiky D\u00edky speci\u00e1ln\u00ed technologii v\u00fdroby zaru\u010duje kotou\u010d \u010dist\u00e9 \u0159ezn\u00e9 hrany keramick\u00fdch obklad\u016f nebo dla\u017edic V\u00fd\u0161ka \u0159ezn\u00e9ho segmentu 7 mm a tlou\u0161\u0165ka 1,6 mm Maxim\u00e1ln\u00ed rychlost 6 650 ot\u00e1\u010dek za minutu Vnit\u0159n\u00ed up\u00ednac\u00ed otvor o pr\u016fm\u011bru 25,4 mm mo\u017en\u00e9 vyu\u017eit\u00ed v \u00fahlov\u00fdch [&hellip;]","og_url":"https:\/\/www.koupeltech.com\/index.php\/produkt\/bosch-2608602538-diamantovy-delici-kotouc-standard-for-ceramic-230-mm-hit-sezony-6570\/","og_image":[{"width":700,"height":700,"url":"https:\/\/www.koupeltech.com\/wp-content\/uploads\/2026\/SK0022424-CZ20260425-092328-0-1777080210-bosch-diamantovy-delici-kotouc-standard-for-ceramic-2608602.webp","type":"image\/webp"}],"twitter_card":"summary_large_image","schema":{"@context":"https:\/\/schema.org","@graph":[{"@type":"WebPage","@id":"https:\/\/www.koupeltech.com\/index.php\/produkt\/bosch-2608602538-diamantovy-delici-kotouc-standard-for-ceramic-230-mm-hit-sezony-6570\/","url":"https:\/\/www.koupeltech.com\/index.php\/produkt\/bosch-2608602538-diamantovy-delici-kotouc-standard-for-ceramic-230-mm-hit-sezony-6570\/","name":"Bosch 2608602538 Diamantov\u00fd d\u011blic\u00ed kotou\u010d Standard for Ceramic 230 mm Hit Sez\u00f3ny -","isPartOf":{"@id":"https:\/\/www.koupeltech.com\/#website"},"primaryImageOfPage":{"@id":"https:\/\/www.koupeltech.com\/index.php\/produkt\/bosch-2608602538-diamantovy-delici-kotouc-standard-for-ceramic-230-mm-hit-sezony-6570\/#primaryimage"},"image":{"@id":"https:\/\/www.koupeltech.com\/index.php\/produkt\/bosch-2608602538-diamantovy-delici-kotouc-standard-for-ceramic-230-mm-hit-sezony-6570\/#primaryimage"},"thumbnailUrl":"https:\/\/www.koupeltech.com\/wp-content\/uploads\/2026\/SK0022424-CZ20260425-092328-0-1777080210-bosch-diamantovy-delici-kotouc-standard-for-ceramic-2608602.webp","datePublished":"2026-04-27T13:56:50+00:00","breadcrumb":{"@id":"https:\/\/www.koupeltech.com\/index.php\/produkt\/bosch-2608602538-diamantovy-delici-kotouc-standard-for-ceramic-230-mm-hit-sezony-6570\/#breadcrumb"},"inLanguage":"cs","potentialAction":[{"@type":"ReadAction","target":["https:\/\/www.koupeltech.com\/index.php\/produkt\/bosch-2608602538-diamantovy-delici-kotouc-standard-for-ceramic-230-mm-hit-sezony-6570\/"]}]},{"@type":"ImageObject","inLanguage":"cs","@id":"https:\/\/www.koupeltech.com\/index.php\/produkt\/bosch-2608602538-diamantovy-delici-kotouc-standard-for-ceramic-230-mm-hit-sezony-6570\/#primaryimage","url":"https:\/\/www.koupeltech.com\/wp-content\/uploads\/2026\/SK0022424-CZ20260425-092328-0-1777080210-bosch-diamantovy-delici-kotouc-standard-for-ceramic-2608602.webp","contentUrl":"https:\/\/www.koupeltech.com\/wp-content\/uploads\/2026\/SK0022424-CZ20260425-092328-0-1777080210-bosch-diamantovy-delici-kotouc-standard-for-ceramic-2608602.webp","width":700,"height":700},{"@type":"BreadcrumbList","@id":"https:\/\/www.koupeltech.com\/index.php\/produkt\/bosch-2608602538-diamantovy-delici-kotouc-standard-for-ceramic-230-mm-hit-sezony-6570\/#breadcrumb","itemListElement":[{"@type":"ListItem","position":1,"name":"Home","item":"https:\/\/www.koupeltech.com\/"},{"@type":"ListItem","position":2,"name":"Products","item":"https:\/\/www.koupeltech.com\/index.php\/products\/"},{"@type":"ListItem","position":3,"name":"Bosch 2608602538 Diamantov\u00fd d\u011blic\u00ed kotou\u010d Standard for Ceramic 230 mm Hit Sez\u00f3ny"}]},{"@type":"WebSite","@id":"https:\/\/www.koupeltech.com\/#website","url":"https:\/\/www.koupeltech.com\/","name":"","description":"","potentialAction":[{"@type":"SearchAction","target":{"@type":"EntryPoint","urlTemplate":"https:\/\/www.koupeltech.com\/?s={search_term_string}"},"query-input":{"@type":"PropertyValueSpecification","valueRequired":true,"valueName":"search_term_string"}}],"inLanguage":"cs"}]}},"_links":{"self":[{"href":"https:\/\/www.koupeltech.com\/index.php\/wp-json\/wp\/v2\/product\/6570","targetHints":{"allow":["GET"]}}],"collection":[{"href":"https:\/\/www.koupeltech.com\/index.php\/wp-json\/wp\/v2\/product"}],"about":[{"href":"https:\/\/www.koupeltech.com\/index.php\/wp-json\/wp\/v2\/types\/product"}],"replies":[{"embeddable":true,"href":"https:\/\/www.koupeltech.com\/index.php\/wp-json\/wp\/v2\/comments?post=6570"}],"wp:featuredmedia":[{"embeddable":true,"href":"https:\/\/www.koupeltech.com\/index.php\/wp-json\/wp\/v2\/media\/6670"}],"wp:attachment":[{"href":"https:\/\/www.koupeltech.com\/index.php\/wp-json\/wp\/v2\/media?parent=6570"}],"wp:term":[{"taxonomy":"product_brand","embeddable":true,"href":"https:\/\/www.koupeltech.com\/index.php\/wp-json\/wp\/v2\/product_brand?post=6570"},{"taxonomy":"product_cat","embeddable":true,"href":"https:\/\/www.koupeltech.com\/index.php\/wp-json\/wp\/v2\/product_cat?post=6570"},{"taxonomy":"product_tag","embeddable":true,"href":"https:\/\/www.koupeltech.com\/index.php\/wp-json\/wp\/v2\/product_tag?post=6570"}],"curies":[{"name":"wp","href":"https:\/\/api.w.org\/{rel}","templated":true}]}}