{"id":6571,"date":"2026-04-27T13:56:50","date_gmt":"2026-04-27T13:56:50","guid":{"rendered":""},"modified":"2026-04-27T13:56:50","modified_gmt":"2026-04-27T13:56:50","slug":"makita-dga519z-aku-uhlova-bruska-s-regulaci-a-x-lock-125mm-li-ion-lxt-18v-bez-aku-z-posledni-sance-6571","status":"publish","type":"product","link":"https:\/\/www.koupeltech.com\/index.php\/produkt\/makita-dga519z-aku-uhlova-bruska-s-regulaci-a-x-lock-125mm-li-ion-lxt-18v-bez-aku-z-posledni-sance-6571\/","title":{"rendered":"Makita DGA519Z Aku \u00fahlov\u00e1 bruska s regulac\u00ed a X-lock 125mm Li-ion LXT 18V, bez aku Z Posledn\u00ed \u0160ance"},"content":{"rendered":"<table>\n<div class=\"tab-pane active product-description\" id=\"popis\" role=\"tabpanel\">\n<div class=\"short-description\" itemprop=\"description\"><\/div>\n<div class=\"description\">\n<p><span class=\"bullet-line\">Aku \u00fahlov\u00e1 bruska se syst\u00e9mem X-LOCK umo\u017e\u0148uj\u00edc\u00ed rychlou bezn\u00e1strojovou v\u00fdm\u011bnu p\u0159\u00edslu\u0161enstv\u00ed<\/span><br \/><span class=\"bullet-line\">Spolehliv\u00fd bezuhl\u00edkov\u00fd motor umo\u017e\u0148uj\u00edc\u00ed del\u0161\u00ed pou\u017eit\u00ed na jedno nabit\u00ed akumul\u00e1toru<\/span><br \/><span class=\"bullet-line\">Technologie XPT umo\u017e\u0148uj\u00edc\u00ed pou\u017eit\u00ed v prost\u0159ed\u00ed se zv\u00fd\u0161enou pra\u0161nost\u00ed nebo vlhkost\u00ed<\/span><br \/><span class=\"bullet-line\">Mo\u017enost regulace ot\u00e1\u010dek 3.000 &#8211; 8500 min-1<\/span><br \/><span class=\"bullet-line\">Technologie ADT &#8211; automatick\u00e9 elektronick\u00e9 nastaven\u00ed po\u010dtu ot\u00e1\u010dek podle aktu\u00e1ln\u00edch pracovn\u00edch podm\u00ednek<\/span><br \/><span class=\"bullet-line\">Zastaven\u00ed stroje v p\u0159\u00edpad\u011b blokace n\u00e1stroje &#8211; AFT<\/span><br \/><span class=\"bullet-line\">Pozvoln\u00fd rozb\u011bh, dob\u011bhov\u00e1 brzda kotou\u010de<\/span><br \/><span class=\"bullet-line\">Bezn\u00e1strojov\u00fd syst\u00e9m up\u00edn\u00e1n\u00ed\/nastaven\u00ed krytu kotou\u010de<\/span><br \/><span class=\"bullet-line\">Sklopn\u00fd vyp\u00edna\u010d<\/span><br \/><span class=\"bullet-line\">Snadn\u00e9 uchopen\u00ed, mal\u00fd obvod krytu motoru<\/span><br \/><span class=\"bullet-line\">Dod\u00e1vka bez akumul\u00e1toru, rychlonab\u00edje\u010dky a Makpacu<\/span><\/p>\n<p>\u25ba P\u0159\u00edslu\u0161enstv\u00ed<span class=\"bullet-line\">Bo\u010dn\u00ed rukoje\u0165 (158237-4)<\/span><\/p>\n<\/div>\n<div class=\"parameters\">\n<tr>\n<td>Akumul\u00e1tor<\/td>\n<td>Li-ion 18 V<\/td>\n<\/tr>\n<tr>\n<td>Ot\u00e1\u010dky napr\u00e1zdno<\/td>\n<td>3.000-8.500 min-1<\/td>\n<\/tr>\n<tr>\n<td>Pr\u016fm\u011br kotou\u010de<\/td>\n<td>125 mm<\/td>\n<\/tr>\n<tr>\n<td>Velikost v\u0159etene<\/td>\n<td>M14 x 2<\/td>\n<\/tr>\n<tr>\n<td>Hmotnost<\/td>\n<td>2,4 \/ 3,1 kg<\/td>\n<\/tr>\n<tr>\n<td>Rozm\u011bry (Dx\u0160xV)<\/td>\n<td>396 x 140 x 147 mm<\/td>\n<\/tr><\/div>\n<\/table>\n","protected":false},"excerpt":{"rendered":"<p>Aku \u00fahlov\u00e1 bruska se syst\u00e9mem X-LOCK umo\u017e\u0148uj\u00edc\u00ed rychlou bezn\u00e1strojovou v\u00fdm\u011bnu p\u0159\u00edslu\u0161enstv\u00edSpolehliv\u00fd bezuhl\u00edkov\u00fd motor umo\u017e\u0148uj\u00edc\u00ed del\u0161\u00ed pou\u017eit\u00ed na jedno nabit\u00ed akumul\u00e1toruTechnologie XPT umo\u017e\u0148uj\u00edc\u00ed pou\u017eit\u00ed v prost\u0159ed\u00ed se zv\u00fd\u0161enou pra\u0161nost\u00ed nebo vlhkost\u00edMo\u017enost regulace ot\u00e1\u010dek 3.000 &#8211; 8500 min-1Technologie ADT &#8211; automatick\u00e9 elektronick\u00e9 nastaven\u00ed po\u010dtu ot\u00e1\u010dek podle aktu\u00e1ln\u00edch pracovn\u00edch podm\u00ednekZastaven\u00ed stroje v p\u0159\u00edpad\u011b blokace n\u00e1stroje &#8211; AFTPozvoln\u00fd rozb\u011bh, [&hellip;]<\/p>\n","protected":false},"featured_media":6671,"comment_status":"open","ping_status":"open","template":"","meta":[],"product_brand":[],"product_cat":[43],"product_tag":[],"class_list":{"0":"post-6571","1":"product","2":"type-product","3":"status-publish","4":"has-post-thumbnail","6":"product_cat-naradi","8":"first","9":"instock","10":"sale","11":"shipping-taxable","12":"purchasable","13":"product-type-simple"},"yoast_head":"<!-- This site is optimized with the Yoast SEO plugin v26.8 - https:\/\/yoast.com\/product\/yoast-seo-wordpress\/ -->\n<title>Makita DGA519Z Aku \u00fahlov\u00e1 bruska s regulac\u00ed a X-lock 125mm Li-ion LXT 18V, bez aku Z Posledn\u00ed \u0160ance -<\/title>\n<meta name=\"robots\" content=\"index, follow, max-snippet:-1, max-image-preview:large, max-video-preview:-1\" \/>\n<link rel=\"canonical\" href=\"https:\/\/www.koupeltech.com\/index.php\/produkt\/makita-dga519z-aku-uhlova-bruska-s-regulaci-a-x-lock-125mm-li-ion-lxt-18v-bez-aku-z-posledni-sance-6571\/\" \/>\n<meta property=\"og:locale\" content=\"cs_CZ\" \/>\n<meta property=\"og:type\" content=\"article\" \/>\n<meta property=\"og:title\" content=\"Makita DGA519Z Aku \u00fahlov\u00e1 bruska s regulac\u00ed a X-lock 125mm Li-ion LXT 18V, bez aku Z Posledn\u00ed \u0160ance -\" \/>\n<meta property=\"og:description\" content=\"Aku \u00fahlov\u00e1 bruska se syst\u00e9mem X-LOCK umo\u017e\u0148uj\u00edc\u00ed rychlou bezn\u00e1strojovou v\u00fdm\u011bnu p\u0159\u00edslu\u0161enstv\u00edSpolehliv\u00fd bezuhl\u00edkov\u00fd motor umo\u017e\u0148uj\u00edc\u00ed del\u0161\u00ed pou\u017eit\u00ed na jedno nabit\u00ed akumul\u00e1toruTechnologie XPT umo\u017e\u0148uj\u00edc\u00ed pou\u017eit\u00ed v prost\u0159ed\u00ed se zv\u00fd\u0161enou pra\u0161nost\u00ed nebo vlhkost\u00edMo\u017enost regulace ot\u00e1\u010dek 3.000 &#8211; 8500 min-1Technologie ADT &#8211; automatick\u00e9 elektronick\u00e9 nastaven\u00ed po\u010dtu ot\u00e1\u010dek podle aktu\u00e1ln\u00edch pracovn\u00edch podm\u00ednekZastaven\u00ed stroje v p\u0159\u00edpad\u011b blokace n\u00e1stroje &#8211; AFTPozvoln\u00fd rozb\u011bh, [&hellip;]\" \/>\n<meta property=\"og:url\" content=\"https:\/\/www.koupeltech.com\/index.php\/produkt\/makita-dga519z-aku-uhlova-bruska-s-regulaci-a-x-lock-125mm-li-ion-lxt-18v-bez-aku-z-posledni-sance-6571\/\" \/>\n<meta property=\"og:image\" content=\"https:\/\/www.koupeltech.com\/wp-content\/uploads\/2026\/SK0022425-CZ20260425-092328-0-1777080210-m_40882.webp\" \/>\n\t<meta property=\"og:image:width\" content=\"300\" \/>\n\t<meta property=\"og:image:height\" content=\"300\" \/>\n\t<meta property=\"og:image:type\" content=\"image\/webp\" \/>\n<meta name=\"twitter:card\" content=\"summary_large_image\" \/>\n<meta name=\"twitter:label1\" content=\"Odhadovan\u00e1 doba \u010dten\u00ed\" \/>\n\t<meta name=\"twitter:data1\" content=\"1 minuta\" \/>\n<script type=\"application\/ld+json\" class=\"yoast-schema-graph\">{\"@context\":\"https:\/\/schema.org\",\"@graph\":[{\"@type\":\"WebPage\",\"@id\":\"https:\/\/www.koupeltech.com\/index.php\/produkt\/makita-dga519z-aku-uhlova-bruska-s-regulaci-a-x-lock-125mm-li-ion-lxt-18v-bez-aku-z-posledni-sance-6571\/\",\"url\":\"https:\/\/www.koupeltech.com\/index.php\/produkt\/makita-dga519z-aku-uhlova-bruska-s-regulaci-a-x-lock-125mm-li-ion-lxt-18v-bez-aku-z-posledni-sance-6571\/\",\"name\":\"Makita DGA519Z Aku \u00fahlov\u00e1 bruska s regulac\u00ed a X-lock 125mm Li-ion LXT 18V, bez aku Z Posledn\u00ed \u0160ance -\",\"isPartOf\":{\"@id\":\"https:\/\/www.koupeltech.com\/#website\"},\"primaryImageOfPage\":{\"@id\":\"https:\/\/www.koupeltech.com\/index.php\/produkt\/makita-dga519z-aku-uhlova-bruska-s-regulaci-a-x-lock-125mm-li-ion-lxt-18v-bez-aku-z-posledni-sance-6571\/#primaryimage\"},\"image\":{\"@id\":\"https:\/\/www.koupeltech.com\/index.php\/produkt\/makita-dga519z-aku-uhlova-bruska-s-regulaci-a-x-lock-125mm-li-ion-lxt-18v-bez-aku-z-posledni-sance-6571\/#primaryimage\"},\"thumbnailUrl\":\"https:\/\/www.koupeltech.com\/wp-content\/uploads\/2026\/SK0022425-CZ20260425-092328-0-1777080210-m_40882.webp\",\"datePublished\":\"2026-04-27T13:56:50+00:00\",\"breadcrumb\":{\"@id\":\"https:\/\/www.koupeltech.com\/index.php\/produkt\/makita-dga519z-aku-uhlova-bruska-s-regulaci-a-x-lock-125mm-li-ion-lxt-18v-bez-aku-z-posledni-sance-6571\/#breadcrumb\"},\"inLanguage\":\"cs\",\"potentialAction\":[{\"@type\":\"ReadAction\",\"target\":[\"https:\/\/www.koupeltech.com\/index.php\/produkt\/makita-dga519z-aku-uhlova-bruska-s-regulaci-a-x-lock-125mm-li-ion-lxt-18v-bez-aku-z-posledni-sance-6571\/\"]}]},{\"@type\":\"ImageObject\",\"inLanguage\":\"cs\",\"@id\":\"https:\/\/www.koupeltech.com\/index.php\/produkt\/makita-dga519z-aku-uhlova-bruska-s-regulaci-a-x-lock-125mm-li-ion-lxt-18v-bez-aku-z-posledni-sance-6571\/#primaryimage\",\"url\":\"https:\/\/www.koupeltech.com\/wp-content\/uploads\/2026\/SK0022425-CZ20260425-092328-0-1777080210-m_40882.webp\",\"contentUrl\":\"https:\/\/www.koupeltech.com\/wp-content\/uploads\/2026\/SK0022425-CZ20260425-092328-0-1777080210-m_40882.webp\",\"width\":300,\"height\":300},{\"@type\":\"BreadcrumbList\",\"@id\":\"https:\/\/www.koupeltech.com\/index.php\/produkt\/makita-dga519z-aku-uhlova-bruska-s-regulaci-a-x-lock-125mm-li-ion-lxt-18v-bez-aku-z-posledni-sance-6571\/#breadcrumb\",\"itemListElement\":[{\"@type\":\"ListItem\",\"position\":1,\"name\":\"Home\",\"item\":\"https:\/\/www.koupeltech.com\/\"},{\"@type\":\"ListItem\",\"position\":2,\"name\":\"Products\",\"item\":\"https:\/\/www.koupeltech.com\/index.php\/products\/\"},{\"@type\":\"ListItem\",\"position\":3,\"name\":\"Makita DGA519Z Aku \u00fahlov\u00e1 bruska s regulac\u00ed a X-lock 125mm Li-ion LXT 18V, bez aku Z Posledn\u00ed \u0160ance\"}]},{\"@type\":\"WebSite\",\"@id\":\"https:\/\/www.koupeltech.com\/#website\",\"url\":\"https:\/\/www.koupeltech.com\/\",\"name\":\"\",\"description\":\"\",\"potentialAction\":[{\"@type\":\"SearchAction\",\"target\":{\"@type\":\"EntryPoint\",\"urlTemplate\":\"https:\/\/www.koupeltech.com\/?s={search_term_string}\"},\"query-input\":{\"@type\":\"PropertyValueSpecification\",\"valueRequired\":true,\"valueName\":\"search_term_string\"}}],\"inLanguage\":\"cs\"}]}<\/script>\n<!-- \/ Yoast SEO plugin. -->","yoast_head_json":{"title":"Makita DGA519Z Aku \u00fahlov\u00e1 bruska s regulac\u00ed a X-lock 125mm Li-ion LXT 18V, bez aku Z Posledn\u00ed \u0160ance -","robots":{"index":"index","follow":"follow","max-snippet":"max-snippet:-1","max-image-preview":"max-image-preview:large","max-video-preview":"max-video-preview:-1"},"canonical":"https:\/\/www.koupeltech.com\/index.php\/produkt\/makita-dga519z-aku-uhlova-bruska-s-regulaci-a-x-lock-125mm-li-ion-lxt-18v-bez-aku-z-posledni-sance-6571\/","og_locale":"cs_CZ","og_type":"article","og_title":"Makita DGA519Z Aku \u00fahlov\u00e1 bruska s regulac\u00ed a X-lock 125mm Li-ion LXT 18V, bez aku Z Posledn\u00ed \u0160ance -","og_description":"Aku \u00fahlov\u00e1 bruska se syst\u00e9mem X-LOCK umo\u017e\u0148uj\u00edc\u00ed rychlou bezn\u00e1strojovou v\u00fdm\u011bnu p\u0159\u00edslu\u0161enstv\u00edSpolehliv\u00fd bezuhl\u00edkov\u00fd motor umo\u017e\u0148uj\u00edc\u00ed del\u0161\u00ed pou\u017eit\u00ed na jedno nabit\u00ed akumul\u00e1toruTechnologie XPT umo\u017e\u0148uj\u00edc\u00ed pou\u017eit\u00ed v prost\u0159ed\u00ed se zv\u00fd\u0161enou pra\u0161nost\u00ed nebo vlhkost\u00edMo\u017enost regulace ot\u00e1\u010dek 3.000 &#8211; 8500 min-1Technologie ADT &#8211; automatick\u00e9 elektronick\u00e9 nastaven\u00ed po\u010dtu ot\u00e1\u010dek podle aktu\u00e1ln\u00edch pracovn\u00edch podm\u00ednekZastaven\u00ed stroje v p\u0159\u00edpad\u011b blokace n\u00e1stroje &#8211; AFTPozvoln\u00fd rozb\u011bh, [&hellip;]","og_url":"https:\/\/www.koupeltech.com\/index.php\/produkt\/makita-dga519z-aku-uhlova-bruska-s-regulaci-a-x-lock-125mm-li-ion-lxt-18v-bez-aku-z-posledni-sance-6571\/","og_image":[{"width":300,"height":300,"url":"https:\/\/www.koupeltech.com\/wp-content\/uploads\/2026\/SK0022425-CZ20260425-092328-0-1777080210-m_40882.webp","type":"image\/webp"}],"twitter_card":"summary_large_image","twitter_misc":{"Odhadovan\u00e1 doba \u010dten\u00ed":"1 minuta"},"schema":{"@context":"https:\/\/schema.org","@graph":[{"@type":"WebPage","@id":"https:\/\/www.koupeltech.com\/index.php\/produkt\/makita-dga519z-aku-uhlova-bruska-s-regulaci-a-x-lock-125mm-li-ion-lxt-18v-bez-aku-z-posledni-sance-6571\/","url":"https:\/\/www.koupeltech.com\/index.php\/produkt\/makita-dga519z-aku-uhlova-bruska-s-regulaci-a-x-lock-125mm-li-ion-lxt-18v-bez-aku-z-posledni-sance-6571\/","name":"Makita DGA519Z Aku \u00fahlov\u00e1 bruska s regulac\u00ed a X-lock 125mm Li-ion LXT 18V, bez aku Z Posledn\u00ed \u0160ance -","isPartOf":{"@id":"https:\/\/www.koupeltech.com\/#website"},"primaryImageOfPage":{"@id":"https:\/\/www.koupeltech.com\/index.php\/produkt\/makita-dga519z-aku-uhlova-bruska-s-regulaci-a-x-lock-125mm-li-ion-lxt-18v-bez-aku-z-posledni-sance-6571\/#primaryimage"},"image":{"@id":"https:\/\/www.koupeltech.com\/index.php\/produkt\/makita-dga519z-aku-uhlova-bruska-s-regulaci-a-x-lock-125mm-li-ion-lxt-18v-bez-aku-z-posledni-sance-6571\/#primaryimage"},"thumbnailUrl":"https:\/\/www.koupeltech.com\/wp-content\/uploads\/2026\/SK0022425-CZ20260425-092328-0-1777080210-m_40882.webp","datePublished":"2026-04-27T13:56:50+00:00","breadcrumb":{"@id":"https:\/\/www.koupeltech.com\/index.php\/produkt\/makita-dga519z-aku-uhlova-bruska-s-regulaci-a-x-lock-125mm-li-ion-lxt-18v-bez-aku-z-posledni-sance-6571\/#breadcrumb"},"inLanguage":"cs","potentialAction":[{"@type":"ReadAction","target":["https:\/\/www.koupeltech.com\/index.php\/produkt\/makita-dga519z-aku-uhlova-bruska-s-regulaci-a-x-lock-125mm-li-ion-lxt-18v-bez-aku-z-posledni-sance-6571\/"]}]},{"@type":"ImageObject","inLanguage":"cs","@id":"https:\/\/www.koupeltech.com\/index.php\/produkt\/makita-dga519z-aku-uhlova-bruska-s-regulaci-a-x-lock-125mm-li-ion-lxt-18v-bez-aku-z-posledni-sance-6571\/#primaryimage","url":"https:\/\/www.koupeltech.com\/wp-content\/uploads\/2026\/SK0022425-CZ20260425-092328-0-1777080210-m_40882.webp","contentUrl":"https:\/\/www.koupeltech.com\/wp-content\/uploads\/2026\/SK0022425-CZ20260425-092328-0-1777080210-m_40882.webp","width":300,"height":300},{"@type":"BreadcrumbList","@id":"https:\/\/www.koupeltech.com\/index.php\/produkt\/makita-dga519z-aku-uhlova-bruska-s-regulaci-a-x-lock-125mm-li-ion-lxt-18v-bez-aku-z-posledni-sance-6571\/#breadcrumb","itemListElement":[{"@type":"ListItem","position":1,"name":"Home","item":"https:\/\/www.koupeltech.com\/"},{"@type":"ListItem","position":2,"name":"Products","item":"https:\/\/www.koupeltech.com\/index.php\/products\/"},{"@type":"ListItem","position":3,"name":"Makita DGA519Z Aku \u00fahlov\u00e1 bruska s regulac\u00ed a X-lock 125mm Li-ion LXT 18V, bez aku Z Posledn\u00ed \u0160ance"}]},{"@type":"WebSite","@id":"https:\/\/www.koupeltech.com\/#website","url":"https:\/\/www.koupeltech.com\/","name":"","description":"","potentialAction":[{"@type":"SearchAction","target":{"@type":"EntryPoint","urlTemplate":"https:\/\/www.koupeltech.com\/?s={search_term_string}"},"query-input":{"@type":"PropertyValueSpecification","valueRequired":true,"valueName":"search_term_string"}}],"inLanguage":"cs"}]}},"_links":{"self":[{"href":"https:\/\/www.koupeltech.com\/index.php\/wp-json\/wp\/v2\/product\/6571","targetHints":{"allow":["GET"]}}],"collection":[{"href":"https:\/\/www.koupeltech.com\/index.php\/wp-json\/wp\/v2\/product"}],"about":[{"href":"https:\/\/www.koupeltech.com\/index.php\/wp-json\/wp\/v2\/types\/product"}],"replies":[{"embeddable":true,"href":"https:\/\/www.koupeltech.com\/index.php\/wp-json\/wp\/v2\/comments?post=6571"}],"wp:featuredmedia":[{"embeddable":true,"href":"https:\/\/www.koupeltech.com\/index.php\/wp-json\/wp\/v2\/media\/6671"}],"wp:attachment":[{"href":"https:\/\/www.koupeltech.com\/index.php\/wp-json\/wp\/v2\/media?parent=6571"}],"wp:term":[{"taxonomy":"product_brand","embeddable":true,"href":"https:\/\/www.koupeltech.com\/index.php\/wp-json\/wp\/v2\/product_brand?post=6571"},{"taxonomy":"product_cat","embeddable":true,"href":"https:\/\/www.koupeltech.com\/index.php\/wp-json\/wp\/v2\/product_cat?post=6571"},{"taxonomy":"product_tag","embeddable":true,"href":"https:\/\/www.koupeltech.com\/index.php\/wp-json\/wp\/v2\/product_tag?post=6571"}],"curies":[{"name":"wp","href":"https:\/\/api.w.org\/{rel}","templated":true}]}}