{"id":6575,"date":"2026-04-27T13:56:50","date_gmt":"2026-04-27T13:56:50","guid":{"rendered":""},"modified":"2026-04-27T13:56:50","modified_gmt":"2026-04-27T13:56:50","slug":"aktualni-bosch-2608900533-x-lock-diamantovy-kotouc-na-kov-125-x-22-23-mm-6575","status":"publish","type":"product","link":"https:\/\/www.koupeltech.com\/index.php\/produkt\/aktualni-bosch-2608900533-x-lock-diamantovy-kotouc-na-kov-125-x-22-23-mm-6575\/","title":{"rendered":"Aktu\u00e1ln\u00ed Bosch 2608900533 X-LOCK diamantov\u00fd kotou\u010d na kov 125 x 22,23 mm"},"content":{"rendered":"<table>\n<div class=\"tab-pane active product-description\" id=\"popis\" role=\"tabpanel\">\n<div class=\"short-description\" itemprop=\"description\"><\/div>\n<div class=\"description\"><span class='bullet-line'>X-LOCK diamantov\u00fd \u0159ezac\u00ed kotou\u010d na kov m\u00e1 a\u017e 100-kr\u00e1t del\u0161\u00ed \u017eivotnost<br \/><\/span><span class='bullet-line'>Ocelov\u00e9 t\u011blo s diamantovou \u0159eznou hranou je extr\u00e9mn\u011b robustn\u00ed<br \/><\/span><span class='bullet-line'>Kotou\u010d si zachov\u00e1v\u00e1 konstantn\u00ed hloubku i rychlost \u0159ezu po celou dobu sv\u00e9 \u017eivotnosti<br \/><\/span><span class='bullet-line'>Bosch Diamond Technology &#8211; kotou\u010d se nerozt\u0159\u00ed\u0161t\u00ed p\u0159i p\u00e1du na zem, nevytv\u00e1\u0159\u00ed chemick\u00fd z\u00e1pach a nezvy\u0161uje pra\u0161nost p\u0159i \u0159ez\u00e1n\u00ed<br \/><\/span><span class='bullet-line'>Je ur\u010den k \u0159ez\u00e1n\u00ed kov\u016f, v\u010detn\u011b oceli, litiny, nerezov\u00e9 oceli a m\u011bdi<br \/><\/span><span class='bullet-line'>Diamantov\u00e9 kotou\u010de na kov Bosch spl\u0148uj\u00ed nejp\u0159\u00edsn\u011bj\u0161\u00ed bezpe\u010dnostn\u00ed po\u017eadavky, nap\u0159. EN 13236<br \/><\/span><span class='bullet-line'>X-LOCK diamantov\u00e9 kotou\u010de na kov lze pou\u017e\u00edt i se standardn\u00edmi \u00fahlov\u00fdmi bruskami<\/span><\/div>\n<div class=\"parameters\">\n<tr>\n<td>Pr\u016fm\u011br otvoru mm<\/td>\n<td>22,23 mm<\/td>\n<\/tr>\n<tr>\n<td>Pr\u016fm\u011br kotou\u010de<\/td>\n<td>125 mm<\/td>\n<\/tr><\/div>\n<\/table>\n","protected":false},"excerpt":{"rendered":"<p>X-LOCK diamantov\u00fd \u0159ezac\u00ed kotou\u010d na kov m\u00e1 a\u017e 100-kr\u00e1t del\u0161\u00ed \u017eivotnostOcelov\u00e9 t\u011blo s diamantovou \u0159eznou hranou je extr\u00e9mn\u011b robustn\u00edKotou\u010d si zachov\u00e1v\u00e1 konstantn\u00ed hloubku i rychlost \u0159ezu po celou dobu sv\u00e9 \u017eivotnostiBosch Diamond Technology &#8211; kotou\u010d se nerozt\u0159\u00ed\u0161t\u00ed p\u0159i p\u00e1du na zem, nevytv\u00e1\u0159\u00ed chemick\u00fd z\u00e1pach a nezvy\u0161uje pra\u0161nost p\u0159i \u0159ez\u00e1n\u00edJe ur\u010den k \u0159ez\u00e1n\u00ed kov\u016f, v\u010detn\u011b oceli, [&hellip;]<\/p>\n","protected":false},"featured_media":6675,"comment_status":"open","ping_status":"open","template":"","meta":[],"product_brand":[],"product_cat":[43],"product_tag":[],"class_list":{"0":"post-6575","1":"product","2":"type-product","3":"status-publish","4":"has-post-thumbnail","6":"product_cat-naradi","8":"first","9":"instock","10":"sale","11":"shipping-taxable","12":"purchasable","13":"product-type-simple"},"yoast_head":"<!-- This site is optimized with the Yoast SEO plugin v26.8 - https:\/\/yoast.com\/product\/yoast-seo-wordpress\/ -->\n<title>Aktu\u00e1ln\u00ed Bosch 2608900533 X-LOCK diamantov\u00fd kotou\u010d na kov 125 x 22,23 mm -<\/title>\n<meta name=\"robots\" content=\"index, follow, max-snippet:-1, max-image-preview:large, max-video-preview:-1\" \/>\n<link rel=\"canonical\" href=\"https:\/\/www.koupeltech.com\/index.php\/produkt\/aktualni-bosch-2608900533-x-lock-diamantovy-kotouc-na-kov-125-x-22-23-mm-6575\/\" \/>\n<meta property=\"og:locale\" content=\"cs_CZ\" \/>\n<meta property=\"og:type\" content=\"article\" \/>\n<meta property=\"og:title\" content=\"Aktu\u00e1ln\u00ed Bosch 2608900533 X-LOCK diamantov\u00fd kotou\u010d na kov 125 x 22,23 mm -\" \/>\n<meta property=\"og:description\" content=\"X-LOCK diamantov\u00fd \u0159ezac\u00ed kotou\u010d na kov m\u00e1 a\u017e 100-kr\u00e1t del\u0161\u00ed \u017eivotnostOcelov\u00e9 t\u011blo s diamantovou \u0159eznou hranou je extr\u00e9mn\u011b robustn\u00edKotou\u010d si zachov\u00e1v\u00e1 konstantn\u00ed hloubku i rychlost \u0159ezu po celou dobu sv\u00e9 \u017eivotnostiBosch Diamond Technology &#8211; kotou\u010d se nerozt\u0159\u00ed\u0161t\u00ed p\u0159i p\u00e1du na zem, nevytv\u00e1\u0159\u00ed chemick\u00fd z\u00e1pach a nezvy\u0161uje pra\u0161nost p\u0159i \u0159ez\u00e1n\u00edJe ur\u010den k \u0159ez\u00e1n\u00ed kov\u016f, v\u010detn\u011b oceli, [&hellip;]\" \/>\n<meta property=\"og:url\" content=\"https:\/\/www.koupeltech.com\/index.php\/produkt\/aktualni-bosch-2608900533-x-lock-diamantovy-kotouc-na-kov-125-x-22-23-mm-6575\/\" \/>\n<meta property=\"og:image\" content=\"https:\/\/www.koupeltech.com\/wp-content\/uploads\/2026\/SK0022429-CZ20260425-092328-0-1777080210-bosch-2608900533.webp\" \/>\n\t<meta property=\"og:image:width\" content=\"498\" \/>\n\t<meta property=\"og:image:height\" content=\"497\" \/>\n\t<meta property=\"og:image:type\" content=\"image\/webp\" \/>\n<meta name=\"twitter:card\" content=\"summary_large_image\" \/>\n<meta name=\"twitter:label1\" content=\"Odhadovan\u00e1 doba \u010dten\u00ed\" \/>\n\t<meta name=\"twitter:data1\" content=\"1 minuta\" \/>\n<script type=\"application\/ld+json\" class=\"yoast-schema-graph\">{\"@context\":\"https:\/\/schema.org\",\"@graph\":[{\"@type\":\"WebPage\",\"@id\":\"https:\/\/www.koupeltech.com\/index.php\/produkt\/aktualni-bosch-2608900533-x-lock-diamantovy-kotouc-na-kov-125-x-22-23-mm-6575\/\",\"url\":\"https:\/\/www.koupeltech.com\/index.php\/produkt\/aktualni-bosch-2608900533-x-lock-diamantovy-kotouc-na-kov-125-x-22-23-mm-6575\/\",\"name\":\"Aktu\u00e1ln\u00ed Bosch 2608900533 X-LOCK diamantov\u00fd kotou\u010d na kov 125 x 22,23 mm -\",\"isPartOf\":{\"@id\":\"https:\/\/www.koupeltech.com\/#website\"},\"primaryImageOfPage\":{\"@id\":\"https:\/\/www.koupeltech.com\/index.php\/produkt\/aktualni-bosch-2608900533-x-lock-diamantovy-kotouc-na-kov-125-x-22-23-mm-6575\/#primaryimage\"},\"image\":{\"@id\":\"https:\/\/www.koupeltech.com\/index.php\/produkt\/aktualni-bosch-2608900533-x-lock-diamantovy-kotouc-na-kov-125-x-22-23-mm-6575\/#primaryimage\"},\"thumbnailUrl\":\"https:\/\/www.koupeltech.com\/wp-content\/uploads\/2026\/SK0022429-CZ20260425-092328-0-1777080210-bosch-2608900533.webp\",\"datePublished\":\"2026-04-27T13:56:50+00:00\",\"breadcrumb\":{\"@id\":\"https:\/\/www.koupeltech.com\/index.php\/produkt\/aktualni-bosch-2608900533-x-lock-diamantovy-kotouc-na-kov-125-x-22-23-mm-6575\/#breadcrumb\"},\"inLanguage\":\"cs\",\"potentialAction\":[{\"@type\":\"ReadAction\",\"target\":[\"https:\/\/www.koupeltech.com\/index.php\/produkt\/aktualni-bosch-2608900533-x-lock-diamantovy-kotouc-na-kov-125-x-22-23-mm-6575\/\"]}]},{\"@type\":\"ImageObject\",\"inLanguage\":\"cs\",\"@id\":\"https:\/\/www.koupeltech.com\/index.php\/produkt\/aktualni-bosch-2608900533-x-lock-diamantovy-kotouc-na-kov-125-x-22-23-mm-6575\/#primaryimage\",\"url\":\"https:\/\/www.koupeltech.com\/wp-content\/uploads\/2026\/SK0022429-CZ20260425-092328-0-1777080210-bosch-2608900533.webp\",\"contentUrl\":\"https:\/\/www.koupeltech.com\/wp-content\/uploads\/2026\/SK0022429-CZ20260425-092328-0-1777080210-bosch-2608900533.webp\",\"width\":498,\"height\":497},{\"@type\":\"BreadcrumbList\",\"@id\":\"https:\/\/www.koupeltech.com\/index.php\/produkt\/aktualni-bosch-2608900533-x-lock-diamantovy-kotouc-na-kov-125-x-22-23-mm-6575\/#breadcrumb\",\"itemListElement\":[{\"@type\":\"ListItem\",\"position\":1,\"name\":\"Home\",\"item\":\"https:\/\/www.koupeltech.com\/\"},{\"@type\":\"ListItem\",\"position\":2,\"name\":\"Products\",\"item\":\"https:\/\/www.koupeltech.com\/index.php\/products\/\"},{\"@type\":\"ListItem\",\"position\":3,\"name\":\"Aktu\u00e1ln\u00ed Bosch 2608900533 X-LOCK diamantov\u00fd kotou\u010d na kov 125 x 22,23 mm\"}]},{\"@type\":\"WebSite\",\"@id\":\"https:\/\/www.koupeltech.com\/#website\",\"url\":\"https:\/\/www.koupeltech.com\/\",\"name\":\"\",\"description\":\"\",\"potentialAction\":[{\"@type\":\"SearchAction\",\"target\":{\"@type\":\"EntryPoint\",\"urlTemplate\":\"https:\/\/www.koupeltech.com\/?s={search_term_string}\"},\"query-input\":{\"@type\":\"PropertyValueSpecification\",\"valueRequired\":true,\"valueName\":\"search_term_string\"}}],\"inLanguage\":\"cs\"}]}<\/script>\n<!-- \/ Yoast SEO plugin. -->","yoast_head_json":{"title":"Aktu\u00e1ln\u00ed Bosch 2608900533 X-LOCK diamantov\u00fd kotou\u010d na kov 125 x 22,23 mm -","robots":{"index":"index","follow":"follow","max-snippet":"max-snippet:-1","max-image-preview":"max-image-preview:large","max-video-preview":"max-video-preview:-1"},"canonical":"https:\/\/www.koupeltech.com\/index.php\/produkt\/aktualni-bosch-2608900533-x-lock-diamantovy-kotouc-na-kov-125-x-22-23-mm-6575\/","og_locale":"cs_CZ","og_type":"article","og_title":"Aktu\u00e1ln\u00ed Bosch 2608900533 X-LOCK diamantov\u00fd kotou\u010d na kov 125 x 22,23 mm -","og_description":"X-LOCK diamantov\u00fd \u0159ezac\u00ed kotou\u010d na kov m\u00e1 a\u017e 100-kr\u00e1t del\u0161\u00ed \u017eivotnostOcelov\u00e9 t\u011blo s diamantovou \u0159eznou hranou je extr\u00e9mn\u011b robustn\u00edKotou\u010d si zachov\u00e1v\u00e1 konstantn\u00ed hloubku i rychlost \u0159ezu po celou dobu sv\u00e9 \u017eivotnostiBosch Diamond Technology &#8211; kotou\u010d se nerozt\u0159\u00ed\u0161t\u00ed p\u0159i p\u00e1du na zem, nevytv\u00e1\u0159\u00ed chemick\u00fd z\u00e1pach a nezvy\u0161uje pra\u0161nost p\u0159i \u0159ez\u00e1n\u00edJe ur\u010den k \u0159ez\u00e1n\u00ed kov\u016f, v\u010detn\u011b oceli, [&hellip;]","og_url":"https:\/\/www.koupeltech.com\/index.php\/produkt\/aktualni-bosch-2608900533-x-lock-diamantovy-kotouc-na-kov-125-x-22-23-mm-6575\/","og_image":[{"width":498,"height":497,"url":"https:\/\/www.koupeltech.com\/wp-content\/uploads\/2026\/SK0022429-CZ20260425-092328-0-1777080210-bosch-2608900533.webp","type":"image\/webp"}],"twitter_card":"summary_large_image","twitter_misc":{"Odhadovan\u00e1 doba \u010dten\u00ed":"1 minuta"},"schema":{"@context":"https:\/\/schema.org","@graph":[{"@type":"WebPage","@id":"https:\/\/www.koupeltech.com\/index.php\/produkt\/aktualni-bosch-2608900533-x-lock-diamantovy-kotouc-na-kov-125-x-22-23-mm-6575\/","url":"https:\/\/www.koupeltech.com\/index.php\/produkt\/aktualni-bosch-2608900533-x-lock-diamantovy-kotouc-na-kov-125-x-22-23-mm-6575\/","name":"Aktu\u00e1ln\u00ed Bosch 2608900533 X-LOCK diamantov\u00fd kotou\u010d na kov 125 x 22,23 mm -","isPartOf":{"@id":"https:\/\/www.koupeltech.com\/#website"},"primaryImageOfPage":{"@id":"https:\/\/www.koupeltech.com\/index.php\/produkt\/aktualni-bosch-2608900533-x-lock-diamantovy-kotouc-na-kov-125-x-22-23-mm-6575\/#primaryimage"},"image":{"@id":"https:\/\/www.koupeltech.com\/index.php\/produkt\/aktualni-bosch-2608900533-x-lock-diamantovy-kotouc-na-kov-125-x-22-23-mm-6575\/#primaryimage"},"thumbnailUrl":"https:\/\/www.koupeltech.com\/wp-content\/uploads\/2026\/SK0022429-CZ20260425-092328-0-1777080210-bosch-2608900533.webp","datePublished":"2026-04-27T13:56:50+00:00","breadcrumb":{"@id":"https:\/\/www.koupeltech.com\/index.php\/produkt\/aktualni-bosch-2608900533-x-lock-diamantovy-kotouc-na-kov-125-x-22-23-mm-6575\/#breadcrumb"},"inLanguage":"cs","potentialAction":[{"@type":"ReadAction","target":["https:\/\/www.koupeltech.com\/index.php\/produkt\/aktualni-bosch-2608900533-x-lock-diamantovy-kotouc-na-kov-125-x-22-23-mm-6575\/"]}]},{"@type":"ImageObject","inLanguage":"cs","@id":"https:\/\/www.koupeltech.com\/index.php\/produkt\/aktualni-bosch-2608900533-x-lock-diamantovy-kotouc-na-kov-125-x-22-23-mm-6575\/#primaryimage","url":"https:\/\/www.koupeltech.com\/wp-content\/uploads\/2026\/SK0022429-CZ20260425-092328-0-1777080210-bosch-2608900533.webp","contentUrl":"https:\/\/www.koupeltech.com\/wp-content\/uploads\/2026\/SK0022429-CZ20260425-092328-0-1777080210-bosch-2608900533.webp","width":498,"height":497},{"@type":"BreadcrumbList","@id":"https:\/\/www.koupeltech.com\/index.php\/produkt\/aktualni-bosch-2608900533-x-lock-diamantovy-kotouc-na-kov-125-x-22-23-mm-6575\/#breadcrumb","itemListElement":[{"@type":"ListItem","position":1,"name":"Home","item":"https:\/\/www.koupeltech.com\/"},{"@type":"ListItem","position":2,"name":"Products","item":"https:\/\/www.koupeltech.com\/index.php\/products\/"},{"@type":"ListItem","position":3,"name":"Aktu\u00e1ln\u00ed Bosch 2608900533 X-LOCK diamantov\u00fd kotou\u010d na kov 125 x 22,23 mm"}]},{"@type":"WebSite","@id":"https:\/\/www.koupeltech.com\/#website","url":"https:\/\/www.koupeltech.com\/","name":"","description":"","potentialAction":[{"@type":"SearchAction","target":{"@type":"EntryPoint","urlTemplate":"https:\/\/www.koupeltech.com\/?s={search_term_string}"},"query-input":{"@type":"PropertyValueSpecification","valueRequired":true,"valueName":"search_term_string"}}],"inLanguage":"cs"}]}},"_links":{"self":[{"href":"https:\/\/www.koupeltech.com\/index.php\/wp-json\/wp\/v2\/product\/6575","targetHints":{"allow":["GET"]}}],"collection":[{"href":"https:\/\/www.koupeltech.com\/index.php\/wp-json\/wp\/v2\/product"}],"about":[{"href":"https:\/\/www.koupeltech.com\/index.php\/wp-json\/wp\/v2\/types\/product"}],"replies":[{"embeddable":true,"href":"https:\/\/www.koupeltech.com\/index.php\/wp-json\/wp\/v2\/comments?post=6575"}],"wp:featuredmedia":[{"embeddable":true,"href":"https:\/\/www.koupeltech.com\/index.php\/wp-json\/wp\/v2\/media\/6675"}],"wp:attachment":[{"href":"https:\/\/www.koupeltech.com\/index.php\/wp-json\/wp\/v2\/media?parent=6575"}],"wp:term":[{"taxonomy":"product_brand","embeddable":true,"href":"https:\/\/www.koupeltech.com\/index.php\/wp-json\/wp\/v2\/product_brand?post=6575"},{"taxonomy":"product_cat","embeddable":true,"href":"https:\/\/www.koupeltech.com\/index.php\/wp-json\/wp\/v2\/product_cat?post=6575"},{"taxonomy":"product_tag","embeddable":true,"href":"https:\/\/www.koupeltech.com\/index.php\/wp-json\/wp\/v2\/product_tag?post=6575"}],"curies":[{"name":"wp","href":"https:\/\/api.w.org\/{rel}","templated":true}]}}