{"id":65750,"date":"2026-04-27T14:05:53","date_gmt":"2026-04-27T14:05:53","guid":{"rendered":""},"modified":"2026-04-27T14:05:53","modified_gmt":"2026-04-27T14:05:53","slug":"akce-doza-na-kartacky-nimco-ak-57-65750","status":"publish","type":"product","link":"https:\/\/www.koupeltech.com\/index.php\/produkt\/akce-doza-na-kartacky-nimco-ak-57-65750\/","title":{"rendered":"Akce D\u00f3za na kart\u00e1\u010dky Nimco AK 57"},"content":{"rendered":"<div class=\"basic-description\">\n<h3>Detailn\u00ed popis produktu<\/h3>\n<p>                                    Stylov\u00fd poh\u00e1rek z ak\u00e1ciov\u00e9ho d\u0159eva je funk\u010dn\u00ed dopln\u011bk, kter\u00fd zaujme svou p\u0159irozenou kr\u00e1sou. Ide\u00e1ln\u00ed pro ulo\u017een\u00ed zubn\u00edch kart\u00e1\u010dk\u016f. H\u0159ejiv\u00fd odst\u00edn d\u0159eva a jeho jemn\u00e1 kresba vytv\u00e1\u0159ej\u00ed v koupeln\u011b pocit \u010distoty, tepla a p\u0159\u00edjemn\u00e9ho propojen\u00ed s p\u0159\u00edrodou. Ka\u017ed\u00fd poh\u00e1rek je origin\u00e1l d\u00edky p\u0159irozen\u00fdm vzor\u016fm d\u0159eva. V\u00fdrobky \u0159ady Akaya jsou vyrobeny z FSC certifikovan\u00e9ho ak\u00e1ciov\u00e9ho d\u0159eva, kter\u00e9 poch\u00e1z\u00ed z odpov\u011bdn\u011b obhospoda\u0159ovan\u00fdch les\u016f.Uveden\u00fd v\u00fdrobek se nemontuje na ze\u010f.V\u0161eobecn\u00fd n\u00e1vod \u00fadr\u017eby voln\u011b stoj\u00edc\u00edch dopl\u0148k\u016f Povrch polyresinov\u00fdch a plastov\u00fdch POM materi\u00e1l\u016f vy\u017eaduje pravideln\u00e9 \u010di\u0161t\u011bn\u00ed. Voln\u011b stoj\u00edc\u00ed dopl\u0148ky lze \u010distit m\u00fddlovou vodou. Po vy\u010di\u0161t\u011bn\u00ed vyt\u0159ete had\u0159\u00edkem do sucha. Nenechte dopln\u011bk st\u00e1t na umyvadle ve vod\u011b! P\u016fsoben\u00edm vody, zbytk\u016f m\u00fddla, pasty apod. m\u016f\u017ee doj\u00edt k\u00a0po\u0161kozen\u00ed povrchu. Tot\u00e9\u017e plat\u00ed i pro bambusov\u00e9 dopl\u0148ky, kter\u00e9 jsou sou\u010d\u00e1st\u00ed n\u011bkter\u00fdch voln\u011b stoj\u00edc\u00edch dopl\u0148k\u016f. Na odstran\u011bn\u00ed siln\u011bj\u0161\u00edho zne\u010di\u0161t\u011bn\u00ed pou\u017eijte ocet. Roztok by m\u011bl p\u016fsobit cca 15 \u2013 20 minut. Po aplikaci je nutn\u00e9 v\u00fdrobek dob\u0159e opl\u00e1chnout \u010distou vodou. V \u017e\u00e1dn\u00e9m p\u0159\u00edpad\u011b nepou\u017e\u00edvejte k \u010di\u0161t\u011bn\u00ed my\u010dku na n\u00e1dob\u00ed. Pro \u00fadr\u017ebu kovov\u00e9ho, sklen\u011bn\u00e9ho a keramick\u00e9ho p\u0159\u00edslu\u0161enstv\u00ed sta\u010d\u00ed pou\u017e\u00edvat had\u0159\u00edky, kter\u00e9 lze objednat pod n\u00e1sleduj\u00edc\u00edmi artiklov\u00fdmi \u010d\u00edsly: RP 1005, RP 1005 SET, RP 1006 a RP 1006 SET. Tyto had\u0159\u00edky jsou skv\u011bl\u00fdmi pomocn\u00edky v dom\u00e1cnosti. Jsou ide\u00e1ln\u00ed pro \u010di\u0161t\u011bn\u00ed r\u016fzn\u00fdch povrch\u016f a d\u00edky jejich vysok\u00e9 kvalit\u011b zajist\u00ed dokonal\u00fd v\u00fdsledek p\u0159i ka\u017ed\u00e9m pou\u017eit\u00ed, a to bez pou\u017eit\u00ed chemick\u00fdch prost\u0159edk\u016f. Po\u0161kozen\u00ed m\u016f\u017ee nastat v t\u011bchto p\u0159\u00edpadech : a) pou\u017eit\u00ed b\u011bl\u00edc\u00edch nebo desinfek\u010dn\u00edch prost\u0159edk\u016f p\u0159edev\u0161\u00edm pokud obsahuj\u00ed slou\u010deniny chloru\u00a0 (chlornany, chlore\u010dnany, apod.). Tyto prost\u0159edky nemus\u00ed b\u00fdt pou\u017e\u00edv\u00e1ny p\u0159\u00edmo na v\u00fdrobky. V\u00fdrobek m\u016f\u017ee b\u00fdt po\u0161kozen i v nev\u011btrateln\u00e9 m\u00edstnosti, kde se sr\u00e1\u017e\u00ed voda s p\u0159\u00edm\u011bs\u00ed chloru (baz\u00e9ny, v\u00ed\u0159ivky apod). b) vlivem p\u016fsoben\u00ed vodn\u00edho kamene. Tlust\u00e9 vrstvy vodn\u00edho kamene, kter\u00e9 jsou i vlhk\u00e9, v\u00fdrazn\u011b zvy\u0161uj\u00ed riziko po\u0161kozen\u00ed c) pou\u017eit\u00ed alkalick\u00fdch nebo kysel\u00fdch siln\u011b koncentrovan\u00fdch \u010distic\u00edch prost\u0159edk\u016f a prost\u0159edk\u016f obsahuj\u00edc\u00ed siln\u00e1 oxida\u010dn\u00ed \u010dinidla (protipl\u00eds\u0148ov\u00e9 a b\u011bl\u00edc\u00ed prost\u0159edky). Tyto prost\u0159edky nemus\u00ed b\u00fdt pou\u017e\u00edv\u00e1ny p\u0159\u00edmo na v\u00fdrobky. V omezen\u011b prov\u011btr\u00e1van\u00fdch prostorech je vhodn\u00e9 se vyhnout pou\u017eit\u00ed t\u011bchto prost\u0159edk\u016f \u2013 odpa\u0159ovan\u00e9 chlorovan\u00e9 slou\u010deniny mohou na povrchu kondenzovat a t\u00edm ho po\u0161kodit. Pokud je nutn\u00e9 tyto \u010distic\u00ed nebo desinfek\u010dn\u00ed prost\u0159edky pou\u017e\u00edt, je nutn\u00e9 zajistit dobr\u00e9 v\u011btr\u00e1n\u00ed prostor a \u010di\u0161t\u011bn\u00e9 povrchy dob\u0159e a rychle opl\u00e1chnout! d) pou\u017e\u00edt\u00ed prost\u0159edk\u016f stavebn\u00ed chemie ur\u010den\u00fdch pro \u010di\u0161t\u011bn\u00ed nap\u0159. dla\u017eeb od stavebn\u00edch hmot &#8211; jsou velmi korozn\u011b agresivn\u00ed! e) pou\u017eit\u00ed tekut\u00fdch nebo pastovit\u00fdch p\u00edsk\u016f, kter\u00e9 obsahuj\u00ed abrasivn\u00ed \u010d\u00e1stice! Je t\u0159eba vyhnout se jak\u00fdmkoli drsn\u00fdm \u010distic\u00edm prost\u0159edk\u016fm, proto\u017ee ty mohou b\u00fdt p\u0159\u00ed\u010dinou \u0161kr\u00e1banc\u016f. V \u017e\u00e1dn\u00e9m p\u0159\u00edpad\u011b se nesm\u00ed pou\u017e\u00edvat ocelov\u00e1 vlna. Ta uvol\u0148uje \u010d\u00e1ste\u010dky \u017eeleza, kter\u00e9 poru\u0161uj\u00ed povrch. f) pou\u017e\u00edv\u00e1n\u00ed ponorn\u00fdch l\u00e1zn\u00ed na \u010di\u0161t\u011bn\u00ed st\u0159\u00edbra! Ty obsahuj\u00ed siln\u00e9 kyseliny nebo chloridy a jsou pro \u010di\u0161t\u011bn\u00ed v\u00fdrobk\u016f \u010di v\u00fdrobk\u016f rovn\u011b\u017e naprosto nevhodn\u00e9. g) v p\u0159\u00edpad\u011b \u010di\u0161t\u011bn\u00ed povrch\u016f \u010dist\u00edc\u00edmi prost\u0159edky, kde nen\u00ed zn\u00e1m\u00e9 slo\u017een\u00ed, kter\u00e9 by mohlo po\u0161kodit vrchn\u00ed vrstvu povrchov\u00e9 \u00fapravy. \u0160kodliv\u00e1 je i kuchy\u0148sk\u00e1 s\u016fl. Pou\u017e\u00edv\u00e1n\u00edm nevhodn\u00fdch \u010dist\u00edc\u00edch prost\u0159edk\u016f nebo nespr\u00e1vnou \u00fadr\u017ebou doch\u00e1z\u00ed k po\u0161kozen\u00ed v\u00fdrobku vinou spot\u0159ebitele a na vznikl\u00e9 z\u00e1vady nem\u016f\u017ee b\u00fdt uplatn\u011bna reklamace! \u00a0                            <\/p><\/div>\n<div class=\"extended-description\">\n<h3>Dopl\u0148kov\u00e9 parametry<\/h3>\n<table class=\"detail-parameters\">\n<tbody>\n<tr>\n<th>        <span class=\"row-header-label\">            Kategorie<span class=\"row-header-label-colon\">:<\/span>        <\/span>    <\/th>\n<td>            <\/td>\n<\/tr>\n<tr>\n<th>                <span class=\"row-header-label\">                                            Balen\u00ed (\u0161 x v x h)<span class=\"row-header-label-colon\">:<\/span>                                    <\/span>            <\/th>\n<td>                                                            80 x 110 x 80mm                                                <\/td>\n<\/tr>\n<tr>\n<th>                <span class=\"row-header-label\">                                            Dostupnost<span class=\"row-header-label-colon\">:<\/span>                                    <\/span>            <\/th>\n<td>                                                            Skladem                                                <\/td>\n<\/tr>\n<tr>\n<th>                <span class=\"row-header-label\">                                            Materi\u00e1l<span class=\"row-header-label-colon\">:<\/span>                                    <\/span>            <\/th>\n<td>                                                            Ak\u00e1ciov\u00e9 d\u0159evo                                                <\/td>\n<\/tr>\n<tr>\n<th>                <span class=\"row-header-label\">                                            Rozm\u011br<span class=\"row-header-label-colon\">:<\/span>                                    <\/span>            <\/th>\n<td>                                                            Ak\u00e1cie                                                <\/td>\n<\/tr>\n<tr>\n<th>                <span class=\"row-header-label\">                                            Rozm\u011bry (\u0161 x v x h)<span class=\"row-header-label-colon\">:<\/span>                                    <\/span>            <\/th>\n<td>                                                            73 x 96 x 73mm                                                <\/td>\n<\/tr>\n<tr>\n<th>                <span class=\"row-header-label\">                                            Tvar<span class=\"row-header-label-colon\">:<\/span>                                    <\/span>            <\/th>\n<td>                                                            Kulat\u00e9                                                <\/td>\n<\/tr>\n<tr>\n<th>                <span class=\"row-header-label\">                                            Typ mont\u00e1\u017ee<span class=\"row-header-label-colon\">:<\/span>                                    <\/span>            <\/th>\n<td>                                                            Voln\u011b                                                <\/td>\n<\/tr>\n<tr>\n<th>                <span class=\"row-header-label\">                                            V\u00e1ha<span class=\"row-header-label-colon\">:<\/span>                                    <\/span>            <\/th>\n<td>                                                            0,108 kg                                                <\/td>\n<\/tr>\n<tr>\n<th>                <span class=\"row-header-label\">                                            Z\u00e1ru\u010dn\u00ed doba<span class=\"row-header-label-colon\">:<\/span>                                    <\/span>            <\/th>\n<td>                                                            2 roky                                                <\/td>\n<\/tr>\n<\/tbody>\n<\/table><\/div>\n<\/p><\/div>\n<\/p><\/div>\n","protected":false},"excerpt":{"rendered":"<p>Detailn\u00ed popis produktu Stylov\u00fd poh\u00e1rek z ak\u00e1ciov\u00e9ho d\u0159eva je funk\u010dn\u00ed dopln\u011bk, kter\u00fd zaujme svou p\u0159irozenou kr\u00e1sou. Ide\u00e1ln\u00ed pro ulo\u017een\u00ed zubn\u00edch kart\u00e1\u010dk\u016f. H\u0159ejiv\u00fd odst\u00edn d\u0159eva a jeho jemn\u00e1 kresba vytv\u00e1\u0159ej\u00ed v koupeln\u011b pocit \u010distoty, tepla a p\u0159\u00edjemn\u00e9ho propojen\u00ed s p\u0159\u00edrodou. Ka\u017ed\u00fd poh\u00e1rek je origin\u00e1l d\u00edky p\u0159irozen\u00fdm vzor\u016fm d\u0159eva. V\u00fdrobky \u0159ady Akaya jsou vyrobeny z FSC certifikovan\u00e9ho [&hellip;]<\/p>\n","protected":false},"featured_media":65850,"comment_status":"open","ping_status":"open","template":"","meta":[],"product_brand":[],"product_cat":[72],"product_tag":[],"class_list":{"0":"post-65750","1":"product","2":"type-product","3":"status-publish","4":"has-post-thumbnail","6":"product_cat-koupelnove-doplnky","8":"first","9":"instock","10":"sale","11":"shipping-taxable","12":"purchasable","13":"product-type-simple"},"yoast_head":"<!-- This site is optimized with the Yoast SEO plugin v26.8 - https:\/\/yoast.com\/product\/yoast-seo-wordpress\/ -->\n<title>Akce D\u00f3za na kart\u00e1\u010dky Nimco AK 57 -<\/title>\n<meta name=\"robots\" content=\"index, follow, max-snippet:-1, max-image-preview:large, max-video-preview:-1\" \/>\n<link rel=\"canonical\" href=\"https:\/\/www.koupeltech.com\/index.php\/produkt\/akce-doza-na-kartacky-nimco-ak-57-65750\/\" \/>\n<meta property=\"og:locale\" content=\"cs_CZ\" \/>\n<meta property=\"og:type\" content=\"article\" \/>\n<meta property=\"og:title\" content=\"Akce D\u00f3za na kart\u00e1\u010dky Nimco AK 57 -\" \/>\n<meta property=\"og:description\" content=\"Detailn\u00ed popis produktu Stylov\u00fd poh\u00e1rek z ak\u00e1ciov\u00e9ho d\u0159eva je funk\u010dn\u00ed dopln\u011bk, kter\u00fd zaujme svou p\u0159irozenou kr\u00e1sou. Ide\u00e1ln\u00ed pro ulo\u017een\u00ed zubn\u00edch kart\u00e1\u010dk\u016f. H\u0159ejiv\u00fd odst\u00edn d\u0159eva a jeho jemn\u00e1 kresba vytv\u00e1\u0159ej\u00ed v koupeln\u011b pocit \u010distoty, tepla a p\u0159\u00edjemn\u00e9ho propojen\u00ed s p\u0159\u00edrodou. Ka\u017ed\u00fd poh\u00e1rek je origin\u00e1l d\u00edky p\u0159irozen\u00fdm vzor\u016fm d\u0159eva. V\u00fdrobky \u0159ady Akaya jsou vyrobeny z FSC certifikovan\u00e9ho [&hellip;]\" \/>\n<meta property=\"og:url\" content=\"https:\/\/www.koupeltech.com\/index.php\/produkt\/akce-doza-na-kartacky-nimco-ak-57-65750\/\" \/>\n<meta property=\"og:image\" content=\"https:\/\/www.koupeltech.com\/wp-content\/uploads\/2026\/SK0028235-CZ20260425-092556-0-1777080363-1938712_doza-na-kartacky-nahled.webp\" \/>\n\t<meta property=\"og:image:width\" content=\"1000\" \/>\n\t<meta property=\"og:image:height\" content=\"750\" \/>\n\t<meta property=\"og:image:type\" content=\"image\/webp\" \/>\n<meta name=\"twitter:card\" content=\"summary_large_image\" \/>\n<meta name=\"twitter:label1\" content=\"Odhadovan\u00e1 doba \u010dten\u00ed\" \/>\n\t<meta name=\"twitter:data1\" content=\"4 minuty\" \/>\n<script type=\"application\/ld+json\" class=\"yoast-schema-graph\">{\"@context\":\"https:\/\/schema.org\",\"@graph\":[{\"@type\":\"WebPage\",\"@id\":\"https:\/\/www.koupeltech.com\/index.php\/produkt\/akce-doza-na-kartacky-nimco-ak-57-65750\/\",\"url\":\"https:\/\/www.koupeltech.com\/index.php\/produkt\/akce-doza-na-kartacky-nimco-ak-57-65750\/\",\"name\":\"Akce D\u00f3za na kart\u00e1\u010dky Nimco AK 57 -\",\"isPartOf\":{\"@id\":\"https:\/\/www.koupeltech.com\/#website\"},\"primaryImageOfPage\":{\"@id\":\"https:\/\/www.koupeltech.com\/index.php\/produkt\/akce-doza-na-kartacky-nimco-ak-57-65750\/#primaryimage\"},\"image\":{\"@id\":\"https:\/\/www.koupeltech.com\/index.php\/produkt\/akce-doza-na-kartacky-nimco-ak-57-65750\/#primaryimage\"},\"thumbnailUrl\":\"https:\/\/www.koupeltech.com\/wp-content\/uploads\/2026\/SK0028235-CZ20260425-092556-0-1777080363-1938712_doza-na-kartacky-nahled.webp\",\"datePublished\":\"2026-04-27T14:05:53+00:00\",\"breadcrumb\":{\"@id\":\"https:\/\/www.koupeltech.com\/index.php\/produkt\/akce-doza-na-kartacky-nimco-ak-57-65750\/#breadcrumb\"},\"inLanguage\":\"cs\",\"potentialAction\":[{\"@type\":\"ReadAction\",\"target\":[\"https:\/\/www.koupeltech.com\/index.php\/produkt\/akce-doza-na-kartacky-nimco-ak-57-65750\/\"]}]},{\"@type\":\"ImageObject\",\"inLanguage\":\"cs\",\"@id\":\"https:\/\/www.koupeltech.com\/index.php\/produkt\/akce-doza-na-kartacky-nimco-ak-57-65750\/#primaryimage\",\"url\":\"https:\/\/www.koupeltech.com\/wp-content\/uploads\/2026\/SK0028235-CZ20260425-092556-0-1777080363-1938712_doza-na-kartacky-nahled.webp\",\"contentUrl\":\"https:\/\/www.koupeltech.com\/wp-content\/uploads\/2026\/SK0028235-CZ20260425-092556-0-1777080363-1938712_doza-na-kartacky-nahled.webp\",\"width\":1000,\"height\":750},{\"@type\":\"BreadcrumbList\",\"@id\":\"https:\/\/www.koupeltech.com\/index.php\/produkt\/akce-doza-na-kartacky-nimco-ak-57-65750\/#breadcrumb\",\"itemListElement\":[{\"@type\":\"ListItem\",\"position\":1,\"name\":\"Home\",\"item\":\"https:\/\/www.koupeltech.com\/\"},{\"@type\":\"ListItem\",\"position\":2,\"name\":\"Products\",\"item\":\"https:\/\/www.koupeltech.com\/index.php\/products\/\"},{\"@type\":\"ListItem\",\"position\":3,\"name\":\"Akce D\u00f3za na kart\u00e1\u010dky Nimco AK 57\"}]},{\"@type\":\"WebSite\",\"@id\":\"https:\/\/www.koupeltech.com\/#website\",\"url\":\"https:\/\/www.koupeltech.com\/\",\"name\":\"\",\"description\":\"\",\"potentialAction\":[{\"@type\":\"SearchAction\",\"target\":{\"@type\":\"EntryPoint\",\"urlTemplate\":\"https:\/\/www.koupeltech.com\/?s={search_term_string}\"},\"query-input\":{\"@type\":\"PropertyValueSpecification\",\"valueRequired\":true,\"valueName\":\"search_term_string\"}}],\"inLanguage\":\"cs\"}]}<\/script>\n<!-- \/ Yoast SEO plugin. -->","yoast_head_json":{"title":"Akce D\u00f3za na kart\u00e1\u010dky Nimco AK 57 -","robots":{"index":"index","follow":"follow","max-snippet":"max-snippet:-1","max-image-preview":"max-image-preview:large","max-video-preview":"max-video-preview:-1"},"canonical":"https:\/\/www.koupeltech.com\/index.php\/produkt\/akce-doza-na-kartacky-nimco-ak-57-65750\/","og_locale":"cs_CZ","og_type":"article","og_title":"Akce D\u00f3za na kart\u00e1\u010dky Nimco AK 57 -","og_description":"Detailn\u00ed popis produktu Stylov\u00fd poh\u00e1rek z ak\u00e1ciov\u00e9ho d\u0159eva je funk\u010dn\u00ed dopln\u011bk, kter\u00fd zaujme svou p\u0159irozenou kr\u00e1sou. Ide\u00e1ln\u00ed pro ulo\u017een\u00ed zubn\u00edch kart\u00e1\u010dk\u016f. H\u0159ejiv\u00fd odst\u00edn d\u0159eva a jeho jemn\u00e1 kresba vytv\u00e1\u0159ej\u00ed v koupeln\u011b pocit \u010distoty, tepla a p\u0159\u00edjemn\u00e9ho propojen\u00ed s p\u0159\u00edrodou. Ka\u017ed\u00fd poh\u00e1rek je origin\u00e1l d\u00edky p\u0159irozen\u00fdm vzor\u016fm d\u0159eva. V\u00fdrobky \u0159ady Akaya jsou vyrobeny z FSC certifikovan\u00e9ho [&hellip;]","og_url":"https:\/\/www.koupeltech.com\/index.php\/produkt\/akce-doza-na-kartacky-nimco-ak-57-65750\/","og_image":[{"width":1000,"height":750,"url":"https:\/\/www.koupeltech.com\/wp-content\/uploads\/2026\/SK0028235-CZ20260425-092556-0-1777080363-1938712_doza-na-kartacky-nahled.webp","type":"image\/webp"}],"twitter_card":"summary_large_image","twitter_misc":{"Odhadovan\u00e1 doba \u010dten\u00ed":"4 minuty"},"schema":{"@context":"https:\/\/schema.org","@graph":[{"@type":"WebPage","@id":"https:\/\/www.koupeltech.com\/index.php\/produkt\/akce-doza-na-kartacky-nimco-ak-57-65750\/","url":"https:\/\/www.koupeltech.com\/index.php\/produkt\/akce-doza-na-kartacky-nimco-ak-57-65750\/","name":"Akce D\u00f3za na kart\u00e1\u010dky Nimco AK 57 -","isPartOf":{"@id":"https:\/\/www.koupeltech.com\/#website"},"primaryImageOfPage":{"@id":"https:\/\/www.koupeltech.com\/index.php\/produkt\/akce-doza-na-kartacky-nimco-ak-57-65750\/#primaryimage"},"image":{"@id":"https:\/\/www.koupeltech.com\/index.php\/produkt\/akce-doza-na-kartacky-nimco-ak-57-65750\/#primaryimage"},"thumbnailUrl":"https:\/\/www.koupeltech.com\/wp-content\/uploads\/2026\/SK0028235-CZ20260425-092556-0-1777080363-1938712_doza-na-kartacky-nahled.webp","datePublished":"2026-04-27T14:05:53+00:00","breadcrumb":{"@id":"https:\/\/www.koupeltech.com\/index.php\/produkt\/akce-doza-na-kartacky-nimco-ak-57-65750\/#breadcrumb"},"inLanguage":"cs","potentialAction":[{"@type":"ReadAction","target":["https:\/\/www.koupeltech.com\/index.php\/produkt\/akce-doza-na-kartacky-nimco-ak-57-65750\/"]}]},{"@type":"ImageObject","inLanguage":"cs","@id":"https:\/\/www.koupeltech.com\/index.php\/produkt\/akce-doza-na-kartacky-nimco-ak-57-65750\/#primaryimage","url":"https:\/\/www.koupeltech.com\/wp-content\/uploads\/2026\/SK0028235-CZ20260425-092556-0-1777080363-1938712_doza-na-kartacky-nahled.webp","contentUrl":"https:\/\/www.koupeltech.com\/wp-content\/uploads\/2026\/SK0028235-CZ20260425-092556-0-1777080363-1938712_doza-na-kartacky-nahled.webp","width":1000,"height":750},{"@type":"BreadcrumbList","@id":"https:\/\/www.koupeltech.com\/index.php\/produkt\/akce-doza-na-kartacky-nimco-ak-57-65750\/#breadcrumb","itemListElement":[{"@type":"ListItem","position":1,"name":"Home","item":"https:\/\/www.koupeltech.com\/"},{"@type":"ListItem","position":2,"name":"Products","item":"https:\/\/www.koupeltech.com\/index.php\/products\/"},{"@type":"ListItem","position":3,"name":"Akce D\u00f3za na kart\u00e1\u010dky Nimco AK 57"}]},{"@type":"WebSite","@id":"https:\/\/www.koupeltech.com\/#website","url":"https:\/\/www.koupeltech.com\/","name":"","description":"","potentialAction":[{"@type":"SearchAction","target":{"@type":"EntryPoint","urlTemplate":"https:\/\/www.koupeltech.com\/?s={search_term_string}"},"query-input":{"@type":"PropertyValueSpecification","valueRequired":true,"valueName":"search_term_string"}}],"inLanguage":"cs"}]}},"_links":{"self":[{"href":"https:\/\/www.koupeltech.com\/index.php\/wp-json\/wp\/v2\/product\/65750","targetHints":{"allow":["GET"]}}],"collection":[{"href":"https:\/\/www.koupeltech.com\/index.php\/wp-json\/wp\/v2\/product"}],"about":[{"href":"https:\/\/www.koupeltech.com\/index.php\/wp-json\/wp\/v2\/types\/product"}],"replies":[{"embeddable":true,"href":"https:\/\/www.koupeltech.com\/index.php\/wp-json\/wp\/v2\/comments?post=65750"}],"wp:featuredmedia":[{"embeddable":true,"href":"https:\/\/www.koupeltech.com\/index.php\/wp-json\/wp\/v2\/media\/65850"}],"wp:attachment":[{"href":"https:\/\/www.koupeltech.com\/index.php\/wp-json\/wp\/v2\/media?parent=65750"}],"wp:term":[{"taxonomy":"product_brand","embeddable":true,"href":"https:\/\/www.koupeltech.com\/index.php\/wp-json\/wp\/v2\/product_brand?post=65750"},{"taxonomy":"product_cat","embeddable":true,"href":"https:\/\/www.koupeltech.com\/index.php\/wp-json\/wp\/v2\/product_cat?post=65750"},{"taxonomy":"product_tag","embeddable":true,"href":"https:\/\/www.koupeltech.com\/index.php\/wp-json\/wp\/v2\/product_tag?post=65750"}],"curies":[{"name":"wp","href":"https:\/\/api.w.org\/{rel}","templated":true}]}}