{"id":6576,"date":"2026-04-27T13:56:50","date_gmt":"2026-04-27T13:56:50","guid":{"rendered":""},"modified":"2026-04-27T13:56:50","modified_gmt":"2026-04-27T13:56:50","slug":"bosch-gws-180-li-2x4-0-ah-uhlova-bruska-o125-mm-znackovy-6576","status":"publish","type":"product","link":"https:\/\/www.koupeltech.com\/index.php\/produkt\/bosch-gws-180-li-2x4-0-ah-uhlova-bruska-o125-mm-znackovy-6576\/","title":{"rendered":"Bosch GWS 180-LI (2&#215;4.0 Ah) \u00dahlov\u00e1 bruska \u00d8125 mm Zna\u010dkov\u00fd"},"content":{"rendered":"<table>\n<div class=\"tab-pane active product-description\" id=\"popis\" role=\"tabpanel\">\n<div class=\"short-description\" itemprop=\"description\"><\/div>\n<div class=\"description\"><span class='bullet-line'>Bez kabel\u016f, bez uhl\u00edk\u016f, bez limit\u016f &#8211; zdokonalen\u00ed od kabelu k akumul\u00e1toru se snadno dostupn\u00fdm \u0159e\u0161en\u00edm<br \/><\/span><span class='bullet-line'>GWS 180-LI (125 mm) + 2x GBA 18V 4.0 Ah + GAL 18V-40 + kufr<br \/><\/span><br \/>\u25ba 18V Flexible Power System<span class='bullet-line'>Kompatibiln\u00ed se v\u0161emi 18V akumul\u00e1tory Bosch Professional<br \/><\/span><span class='bullet-line'>Prodlou\u017een\u00e1 doba provozu s akumul\u00e1tory ProCore<br \/><\/span><br \/>\u25ba V\u00fdkon rovn\u00fd s\u00ed\u0165ov\u00e9mu<span class='bullet-line'>Vysoce v\u00fdkonn\u00fd bezuhl\u00edkov\u00fd motor poskytuje ekvivalentn\u00ed v\u00fdkon 700 W<br \/><\/span><span class='bullet-line'>Zv\u00fd\u0161en\u00e1 produktivita d\u00edky vylep\u0161en\u00e9 \u00fa\u010dinnosti a chodu<br \/><\/span><br \/>\u25ba Kompaktn\u00ed a robustn\u00ed konstrukce hlavy<span class='bullet-line'>Kompaktn\u00ed pouzdro p\u0159evodovky pro snadn\u011bj\u0161\u00ed pro provoz ve st\u00edst\u011bn\u00fdch prostorech<br \/><\/span><span class='bullet-line'>Kovov\u00e1 p\u0159\u00edruba pro del\u0161\u00ed \u017eivotnost<br \/><\/span><br \/>\u25ba Ochrana proti prachu<span class='bullet-line'>Odn\u00edmateln\u00fd prachov\u00fd filtr pro del\u0161\u00ed \u017eivotnost motoru<br \/><\/span><br \/>\u25ba Pohodln\u00e1 manipulace a snadn\u00e9 ovl\u00e1d\u00e1n\u00ed<span class='bullet-line'>M\u011bkk\u00e1 protiskluzov\u00e1 rukoje\u0165<br \/><\/span><span class='bullet-line'>Vyv\u00e1\u017een\u00fd design a tenk\u00e1 rukoje\u0165, speci\u00e1ln\u011b optimalizov\u00e1na pro v\u0161estrann\u00e9 \u0159ez\u00e1n\u00ed<br \/><\/span><br \/>\u25ba Nejvy\u0161\u0161\u00ed pohodl\u00ed a ochrana u\u017eivatele<span class='bullet-line'>Ochrann\u00fd kryt<br \/><\/span><span class='bullet-line'>K mont\u00e1\u017ei krytu nen\u00ed pot\u0159eba \u017e\u00e1dn\u00fd kl\u00ed\u010d<br \/><\/span><span class='bullet-line'>Vhodn\u00fd pro \u0159ez\u00e1n\u00ed a pro rychl\u00e9 nastaven\u00ed<\/span><\/div>\n<div class=\"parameters\">\n<tr>\n<td>TECHNICK\u00c9 \u00daDAJE<\/td>\n<td>GWS 180-LI<\/td>\n<\/tr>\n<tr>\n<td>Nap\u011bt\u00ed akumul\u00e1toru<\/td>\n<td>18V<\/td>\n<\/tr>\n<tr>\n<td>Max. v\u00fdkon<\/td>\n<td>Srovnateln\u00fd s v\u00fdkonem 700 W<\/td>\n<\/tr>\n<tr>\n<td>Volnob\u011b\u017en\u00e9 ot\u00e1\u010dky<\/td>\n<td>11.000 ot\/min<\/td>\n<\/tr>\n<tr>\n<td>Pr\u016fm\u011br kotou\u010de<\/td>\n<td>125 mm<\/td>\n<\/tr>\n<tr>\n<td>Z\u00e1vit h\u0159\u00eddele brusky<\/td>\n<td>M14<\/td>\n<\/tr>\n<tr>\n<td>Hmotnost<\/td>\n<td>1.6 kg<\/td>\n<\/tr><\/div>\n<\/table>\n","protected":false},"excerpt":{"rendered":"<p>Bez kabel\u016f, bez uhl\u00edk\u016f, bez limit\u016f &#8211; zdokonalen\u00ed od kabelu k akumul\u00e1toru se snadno dostupn\u00fdm \u0159e\u0161en\u00edmGWS 180-LI (125 mm) + 2x GBA 18V 4.0 Ah + GAL 18V-40 + kufr\u25ba 18V Flexible Power SystemKompatibiln\u00ed se v\u0161emi 18V akumul\u00e1tory Bosch ProfessionalProdlou\u017een\u00e1 doba provozu s akumul\u00e1tory ProCore\u25ba V\u00fdkon rovn\u00fd s\u00ed\u0165ov\u00e9muVysoce v\u00fdkonn\u00fd bezuhl\u00edkov\u00fd motor poskytuje ekvivalentn\u00ed v\u00fdkon 700 [&hellip;]<\/p>\n","protected":false},"featured_media":6676,"comment_status":"open","ping_status":"open","template":"","meta":[],"product_brand":[],"product_cat":[43],"product_tag":[],"class_list":{"0":"post-6576","1":"product","2":"type-product","3":"status-publish","4":"has-post-thumbnail","6":"product_cat-naradi","8":"first","9":"instock","10":"sale","11":"shipping-taxable","12":"purchasable","13":"product-type-simple"},"yoast_head":"<!-- This site is optimized with the Yoast SEO plugin v26.8 - https:\/\/yoast.com\/product\/yoast-seo-wordpress\/ -->\n<title>Bosch GWS 180-LI (2x4.0 Ah) \u00dahlov\u00e1 bruska \u00d8125 mm Zna\u010dkov\u00fd -<\/title>\n<meta name=\"robots\" content=\"index, follow, max-snippet:-1, max-image-preview:large, max-video-preview:-1\" \/>\n<link rel=\"canonical\" href=\"https:\/\/www.koupeltech.com\/index.php\/produkt\/bosch-gws-180-li-2x4-0-ah-uhlova-bruska-o125-mm-znackovy-6576\/\" \/>\n<meta property=\"og:locale\" content=\"cs_CZ\" \/>\n<meta property=\"og:type\" content=\"article\" \/>\n<meta property=\"og:title\" content=\"Bosch GWS 180-LI (2x4.0 Ah) \u00dahlov\u00e1 bruska \u00d8125 mm Zna\u010dkov\u00fd -\" \/>\n<meta property=\"og:description\" content=\"Bez kabel\u016f, bez uhl\u00edk\u016f, bez limit\u016f &#8211; zdokonalen\u00ed od kabelu k akumul\u00e1toru se snadno dostupn\u00fdm \u0159e\u0161en\u00edmGWS 180-LI (125 mm) + 2x GBA 18V 4.0 Ah + GAL 18V-40 + kufr\u25ba 18V Flexible Power SystemKompatibiln\u00ed se v\u0161emi 18V akumul\u00e1tory Bosch ProfessionalProdlou\u017een\u00e1 doba provozu s akumul\u00e1tory ProCore\u25ba V\u00fdkon rovn\u00fd s\u00ed\u0165ov\u00e9muVysoce v\u00fdkonn\u00fd bezuhl\u00edkov\u00fd motor poskytuje ekvivalentn\u00ed v\u00fdkon 700 [&hellip;]\" \/>\n<meta property=\"og:url\" content=\"https:\/\/www.koupeltech.com\/index.php\/produkt\/bosch-gws-180-li-2x4-0-ah-uhlova-bruska-o125-mm-znackovy-6576\/\" \/>\n<meta property=\"og:image\" content=\"https:\/\/www.koupeltech.com\/wp-content\/uploads\/2026\/SK0022430-CZ20260425-092328-0-1777080210-o344424v12-gws180_li_dynamic_5-0battery_1.webp\" \/>\n\t<meta property=\"og:image:width\" content=\"699\" \/>\n\t<meta property=\"og:image:height\" content=\"411\" \/>\n\t<meta property=\"og:image:type\" content=\"image\/webp\" \/>\n<meta name=\"twitter:card\" content=\"summary_large_image\" \/>\n<meta name=\"twitter:label1\" content=\"Odhadovan\u00e1 doba \u010dten\u00ed\" \/>\n\t<meta name=\"twitter:data1\" content=\"1 minuta\" \/>\n<script type=\"application\/ld+json\" class=\"yoast-schema-graph\">{\"@context\":\"https:\/\/schema.org\",\"@graph\":[{\"@type\":\"WebPage\",\"@id\":\"https:\/\/www.koupeltech.com\/index.php\/produkt\/bosch-gws-180-li-2x4-0-ah-uhlova-bruska-o125-mm-znackovy-6576\/\",\"url\":\"https:\/\/www.koupeltech.com\/index.php\/produkt\/bosch-gws-180-li-2x4-0-ah-uhlova-bruska-o125-mm-znackovy-6576\/\",\"name\":\"Bosch GWS 180-LI (2x4.0 Ah) \u00dahlov\u00e1 bruska \u00d8125 mm Zna\u010dkov\u00fd -\",\"isPartOf\":{\"@id\":\"https:\/\/www.koupeltech.com\/#website\"},\"primaryImageOfPage\":{\"@id\":\"https:\/\/www.koupeltech.com\/index.php\/produkt\/bosch-gws-180-li-2x4-0-ah-uhlova-bruska-o125-mm-znackovy-6576\/#primaryimage\"},\"image\":{\"@id\":\"https:\/\/www.koupeltech.com\/index.php\/produkt\/bosch-gws-180-li-2x4-0-ah-uhlova-bruska-o125-mm-znackovy-6576\/#primaryimage\"},\"thumbnailUrl\":\"https:\/\/www.koupeltech.com\/wp-content\/uploads\/2026\/SK0022430-CZ20260425-092328-0-1777080210-o344424v12-gws180_li_dynamic_5-0battery_1.webp\",\"datePublished\":\"2026-04-27T13:56:50+00:00\",\"breadcrumb\":{\"@id\":\"https:\/\/www.koupeltech.com\/index.php\/produkt\/bosch-gws-180-li-2x4-0-ah-uhlova-bruska-o125-mm-znackovy-6576\/#breadcrumb\"},\"inLanguage\":\"cs\",\"potentialAction\":[{\"@type\":\"ReadAction\",\"target\":[\"https:\/\/www.koupeltech.com\/index.php\/produkt\/bosch-gws-180-li-2x4-0-ah-uhlova-bruska-o125-mm-znackovy-6576\/\"]}]},{\"@type\":\"ImageObject\",\"inLanguage\":\"cs\",\"@id\":\"https:\/\/www.koupeltech.com\/index.php\/produkt\/bosch-gws-180-li-2x4-0-ah-uhlova-bruska-o125-mm-znackovy-6576\/#primaryimage\",\"url\":\"https:\/\/www.koupeltech.com\/wp-content\/uploads\/2026\/SK0022430-CZ20260425-092328-0-1777080210-o344424v12-gws180_li_dynamic_5-0battery_1.webp\",\"contentUrl\":\"https:\/\/www.koupeltech.com\/wp-content\/uploads\/2026\/SK0022430-CZ20260425-092328-0-1777080210-o344424v12-gws180_li_dynamic_5-0battery_1.webp\",\"width\":699,\"height\":411},{\"@type\":\"BreadcrumbList\",\"@id\":\"https:\/\/www.koupeltech.com\/index.php\/produkt\/bosch-gws-180-li-2x4-0-ah-uhlova-bruska-o125-mm-znackovy-6576\/#breadcrumb\",\"itemListElement\":[{\"@type\":\"ListItem\",\"position\":1,\"name\":\"Home\",\"item\":\"https:\/\/www.koupeltech.com\/\"},{\"@type\":\"ListItem\",\"position\":2,\"name\":\"Products\",\"item\":\"https:\/\/www.koupeltech.com\/index.php\/products\/\"},{\"@type\":\"ListItem\",\"position\":3,\"name\":\"Bosch GWS 180-LI (2&#215;4.0 Ah) \u00dahlov\u00e1 bruska \u00d8125 mm Zna\u010dkov\u00fd\"}]},{\"@type\":\"WebSite\",\"@id\":\"https:\/\/www.koupeltech.com\/#website\",\"url\":\"https:\/\/www.koupeltech.com\/\",\"name\":\"\",\"description\":\"\",\"potentialAction\":[{\"@type\":\"SearchAction\",\"target\":{\"@type\":\"EntryPoint\",\"urlTemplate\":\"https:\/\/www.koupeltech.com\/?s={search_term_string}\"},\"query-input\":{\"@type\":\"PropertyValueSpecification\",\"valueRequired\":true,\"valueName\":\"search_term_string\"}}],\"inLanguage\":\"cs\"}]}<\/script>\n<!-- \/ Yoast SEO plugin. -->","yoast_head_json":{"title":"Bosch GWS 180-LI (2x4.0 Ah) \u00dahlov\u00e1 bruska \u00d8125 mm Zna\u010dkov\u00fd -","robots":{"index":"index","follow":"follow","max-snippet":"max-snippet:-1","max-image-preview":"max-image-preview:large","max-video-preview":"max-video-preview:-1"},"canonical":"https:\/\/www.koupeltech.com\/index.php\/produkt\/bosch-gws-180-li-2x4-0-ah-uhlova-bruska-o125-mm-znackovy-6576\/","og_locale":"cs_CZ","og_type":"article","og_title":"Bosch GWS 180-LI (2x4.0 Ah) \u00dahlov\u00e1 bruska \u00d8125 mm Zna\u010dkov\u00fd -","og_description":"Bez kabel\u016f, bez uhl\u00edk\u016f, bez limit\u016f &#8211; zdokonalen\u00ed od kabelu k akumul\u00e1toru se snadno dostupn\u00fdm \u0159e\u0161en\u00edmGWS 180-LI (125 mm) + 2x GBA 18V 4.0 Ah + GAL 18V-40 + kufr\u25ba 18V Flexible Power SystemKompatibiln\u00ed se v\u0161emi 18V akumul\u00e1tory Bosch ProfessionalProdlou\u017een\u00e1 doba provozu s akumul\u00e1tory ProCore\u25ba V\u00fdkon rovn\u00fd s\u00ed\u0165ov\u00e9muVysoce v\u00fdkonn\u00fd bezuhl\u00edkov\u00fd motor poskytuje ekvivalentn\u00ed v\u00fdkon 700 [&hellip;]","og_url":"https:\/\/www.koupeltech.com\/index.php\/produkt\/bosch-gws-180-li-2x4-0-ah-uhlova-bruska-o125-mm-znackovy-6576\/","og_image":[{"width":699,"height":411,"url":"https:\/\/www.koupeltech.com\/wp-content\/uploads\/2026\/SK0022430-CZ20260425-092328-0-1777080210-o344424v12-gws180_li_dynamic_5-0battery_1.webp","type":"image\/webp"}],"twitter_card":"summary_large_image","twitter_misc":{"Odhadovan\u00e1 doba \u010dten\u00ed":"1 minuta"},"schema":{"@context":"https:\/\/schema.org","@graph":[{"@type":"WebPage","@id":"https:\/\/www.koupeltech.com\/index.php\/produkt\/bosch-gws-180-li-2x4-0-ah-uhlova-bruska-o125-mm-znackovy-6576\/","url":"https:\/\/www.koupeltech.com\/index.php\/produkt\/bosch-gws-180-li-2x4-0-ah-uhlova-bruska-o125-mm-znackovy-6576\/","name":"Bosch GWS 180-LI (2x4.0 Ah) \u00dahlov\u00e1 bruska \u00d8125 mm Zna\u010dkov\u00fd -","isPartOf":{"@id":"https:\/\/www.koupeltech.com\/#website"},"primaryImageOfPage":{"@id":"https:\/\/www.koupeltech.com\/index.php\/produkt\/bosch-gws-180-li-2x4-0-ah-uhlova-bruska-o125-mm-znackovy-6576\/#primaryimage"},"image":{"@id":"https:\/\/www.koupeltech.com\/index.php\/produkt\/bosch-gws-180-li-2x4-0-ah-uhlova-bruska-o125-mm-znackovy-6576\/#primaryimage"},"thumbnailUrl":"https:\/\/www.koupeltech.com\/wp-content\/uploads\/2026\/SK0022430-CZ20260425-092328-0-1777080210-o344424v12-gws180_li_dynamic_5-0battery_1.webp","datePublished":"2026-04-27T13:56:50+00:00","breadcrumb":{"@id":"https:\/\/www.koupeltech.com\/index.php\/produkt\/bosch-gws-180-li-2x4-0-ah-uhlova-bruska-o125-mm-znackovy-6576\/#breadcrumb"},"inLanguage":"cs","potentialAction":[{"@type":"ReadAction","target":["https:\/\/www.koupeltech.com\/index.php\/produkt\/bosch-gws-180-li-2x4-0-ah-uhlova-bruska-o125-mm-znackovy-6576\/"]}]},{"@type":"ImageObject","inLanguage":"cs","@id":"https:\/\/www.koupeltech.com\/index.php\/produkt\/bosch-gws-180-li-2x4-0-ah-uhlova-bruska-o125-mm-znackovy-6576\/#primaryimage","url":"https:\/\/www.koupeltech.com\/wp-content\/uploads\/2026\/SK0022430-CZ20260425-092328-0-1777080210-o344424v12-gws180_li_dynamic_5-0battery_1.webp","contentUrl":"https:\/\/www.koupeltech.com\/wp-content\/uploads\/2026\/SK0022430-CZ20260425-092328-0-1777080210-o344424v12-gws180_li_dynamic_5-0battery_1.webp","width":699,"height":411},{"@type":"BreadcrumbList","@id":"https:\/\/www.koupeltech.com\/index.php\/produkt\/bosch-gws-180-li-2x4-0-ah-uhlova-bruska-o125-mm-znackovy-6576\/#breadcrumb","itemListElement":[{"@type":"ListItem","position":1,"name":"Home","item":"https:\/\/www.koupeltech.com\/"},{"@type":"ListItem","position":2,"name":"Products","item":"https:\/\/www.koupeltech.com\/index.php\/products\/"},{"@type":"ListItem","position":3,"name":"Bosch GWS 180-LI (2&#215;4.0 Ah) \u00dahlov\u00e1 bruska \u00d8125 mm Zna\u010dkov\u00fd"}]},{"@type":"WebSite","@id":"https:\/\/www.koupeltech.com\/#website","url":"https:\/\/www.koupeltech.com\/","name":"","description":"","potentialAction":[{"@type":"SearchAction","target":{"@type":"EntryPoint","urlTemplate":"https:\/\/www.koupeltech.com\/?s={search_term_string}"},"query-input":{"@type":"PropertyValueSpecification","valueRequired":true,"valueName":"search_term_string"}}],"inLanguage":"cs"}]}},"_links":{"self":[{"href":"https:\/\/www.koupeltech.com\/index.php\/wp-json\/wp\/v2\/product\/6576","targetHints":{"allow":["GET"]}}],"collection":[{"href":"https:\/\/www.koupeltech.com\/index.php\/wp-json\/wp\/v2\/product"}],"about":[{"href":"https:\/\/www.koupeltech.com\/index.php\/wp-json\/wp\/v2\/types\/product"}],"replies":[{"embeddable":true,"href":"https:\/\/www.koupeltech.com\/index.php\/wp-json\/wp\/v2\/comments?post=6576"}],"wp:featuredmedia":[{"embeddable":true,"href":"https:\/\/www.koupeltech.com\/index.php\/wp-json\/wp\/v2\/media\/6676"}],"wp:attachment":[{"href":"https:\/\/www.koupeltech.com\/index.php\/wp-json\/wp\/v2\/media?parent=6576"}],"wp:term":[{"taxonomy":"product_brand","embeddable":true,"href":"https:\/\/www.koupeltech.com\/index.php\/wp-json\/wp\/v2\/product_brand?post=6576"},{"taxonomy":"product_cat","embeddable":true,"href":"https:\/\/www.koupeltech.com\/index.php\/wp-json\/wp\/v2\/product_cat?post=6576"},{"taxonomy":"product_tag","embeddable":true,"href":"https:\/\/www.koupeltech.com\/index.php\/wp-json\/wp\/v2\/product_tag?post=6576"}],"curies":[{"name":"wp","href":"https:\/\/api.w.org\/{rel}","templated":true}]}}