{"id":6581,"date":"2026-04-27T13:56:50","date_gmt":"2026-04-27T13:56:50","guid":{"rendered":""},"modified":"2026-04-27T13:56:50","modified_gmt":"2026-04-27T13:56:50","slug":"bosch-2608621826-x-lock-fibrovy-brusny-kotouc-prisma-ceramic-25-ks-dokud-zasoby-vydrzi-6581","status":"publish","type":"product","link":"https:\/\/www.koupeltech.com\/index.php\/produkt\/bosch-2608621826-x-lock-fibrovy-brusny-kotouc-prisma-ceramic-25-ks-dokud-zasoby-vydrzi-6581\/","title":{"rendered":"Bosch 2608621826 X-LOCK f\u00edbrov\u00fd brusn\u00fd kotou\u010d Prisma Ceramic, 25 ks Dokud Z\u00e1soby Vydr\u017e\u00ed"},"content":{"rendered":"<table>\n<div class=\"tab-pane active product-description\" id=\"popis\" role=\"tabpanel\">\n<div class=\"short-description\" itemprop=\"description\"><\/div>\n<div class=\"description\"><span class='bullet-line'>Maxim\u00e1ln\u00ed rychlost pro brou\u0161en\u00ed kovu a nerezav\u011bj\u00edc\u00ed oceli<br \/><\/span><span class='bullet-line'>Disky X-LOCK vyroben\u00e9 z prizmatick\u00fdch keramick\u00fdch vl\u00e1ken, nerezov\u00e1 ocel R782 &#8211; nejrychleji brou\u0161en\u00ed kovu<br \/><\/span><span class='bullet-line'>Prizmatick\u00e1 keramick\u00e1 technologie umo\u017e\u0148uje diskem X-LOCK R782 brousit nerezovou ocel a\u017e o 80% rychleji ne\u017e tradi\u010dn\u00ed keramick\u00e9 disky<br \/><\/span><span class='bullet-line'>Prizmatick\u00e9 keramick\u00e9 zrna se ost\u0159\u00ed, \u010d\u00edm\u017e se zajist\u00ed rovnom\u011brn\u00e9 brou\u0161en\u00ed<br \/><\/span><span class='bullet-line'>Chladic\u00ed \u010dl\u00e1nek pom\u00e1h\u00e1 odv\u00e1d\u011bt teplo b\u011bhem procesu brou\u0161en\u00ed, co d\u011bl\u00e1 tento v\u00fdrobek dokonal\u00fdm pro nerezovou ocel<\/span><\/div>\n<div class=\"parameters\">\n<tr>\n<td>Zrnitost<\/td>\n<td>80<\/td>\n<\/tr>\n<tr>\n<td>Pr\u016fm\u011br otvoru mm<\/td>\n<td>22,23 mm<\/td>\n<\/tr>\n<tr>\n<td>Druh balen\u00ed<\/td>\n<td>Plastov\u00fd obal, s\u00e1\u010dek, bez eurootvoru pro zav\u011b\u0161en\u00ed<\/td>\n<\/tr>\n<tr>\n<td>Po\u010det kus\u016f v balen\u00ed<\/td>\n<td>25 ks<\/td>\n<\/tr>\n<tr>\n<td>Pr\u016fm\u011br kotou\u010de<\/td>\n<td>125 mm<\/td>\n<\/tr><\/div>\n<\/table>\n","protected":false},"excerpt":{"rendered":"<p>Maxim\u00e1ln\u00ed rychlost pro brou\u0161en\u00ed kovu a nerezav\u011bj\u00edc\u00ed oceliDisky X-LOCK vyroben\u00e9 z prizmatick\u00fdch keramick\u00fdch vl\u00e1ken, nerezov\u00e1 ocel R782 &#8211; nejrychleji brou\u0161en\u00ed kovuPrizmatick\u00e1 keramick\u00e1 technologie umo\u017e\u0148uje diskem X-LOCK R782 brousit nerezovou ocel a\u017e o 80% rychleji ne\u017e tradi\u010dn\u00ed keramick\u00e9 diskyPrizmatick\u00e9 keramick\u00e9 zrna se ost\u0159\u00ed, \u010d\u00edm\u017e se zajist\u00ed rovnom\u011brn\u00e9 brou\u0161en\u00edChladic\u00ed \u010dl\u00e1nek pom\u00e1h\u00e1 odv\u00e1d\u011bt teplo b\u011bhem procesu brou\u0161en\u00ed, co [&hellip;]<\/p>\n","protected":false},"featured_media":6681,"comment_status":"open","ping_status":"open","template":"","meta":[],"product_brand":[],"product_cat":[43],"product_tag":[],"class_list":{"0":"post-6581","1":"product","2":"type-product","3":"status-publish","4":"has-post-thumbnail","6":"product_cat-naradi","8":"first","9":"instock","10":"sale","11":"shipping-taxable","12":"purchasable","13":"product-type-simple"},"yoast_head":"<!-- This site is optimized with the Yoast SEO plugin v26.8 - https:\/\/yoast.com\/product\/yoast-seo-wordpress\/ -->\n<title>Bosch 2608621826 X-LOCK f\u00edbrov\u00fd brusn\u00fd kotou\u010d Prisma Ceramic, 25 ks Dokud Z\u00e1soby Vydr\u017e\u00ed -<\/title>\n<meta name=\"robots\" content=\"index, follow, max-snippet:-1, max-image-preview:large, max-video-preview:-1\" \/>\n<link rel=\"canonical\" href=\"https:\/\/www.koupeltech.com\/index.php\/produkt\/bosch-2608621826-x-lock-fibrovy-brusny-kotouc-prisma-ceramic-25-ks-dokud-zasoby-vydrzi-6581\/\" \/>\n<meta property=\"og:locale\" content=\"cs_CZ\" \/>\n<meta property=\"og:type\" content=\"article\" \/>\n<meta property=\"og:title\" content=\"Bosch 2608621826 X-LOCK f\u00edbrov\u00fd brusn\u00fd kotou\u010d Prisma Ceramic, 25 ks Dokud Z\u00e1soby Vydr\u017e\u00ed -\" \/>\n<meta property=\"og:description\" content=\"Maxim\u00e1ln\u00ed rychlost pro brou\u0161en\u00ed kovu a nerezav\u011bj\u00edc\u00ed oceliDisky X-LOCK vyroben\u00e9 z prizmatick\u00fdch keramick\u00fdch vl\u00e1ken, nerezov\u00e1 ocel R782 &#8211; nejrychleji brou\u0161en\u00ed kovuPrizmatick\u00e1 keramick\u00e1 technologie umo\u017e\u0148uje diskem X-LOCK R782 brousit nerezovou ocel a\u017e o 80% rychleji ne\u017e tradi\u010dn\u00ed keramick\u00e9 diskyPrizmatick\u00e9 keramick\u00e9 zrna se ost\u0159\u00ed, \u010d\u00edm\u017e se zajist\u00ed rovnom\u011brn\u00e9 brou\u0161en\u00edChladic\u00ed \u010dl\u00e1nek pom\u00e1h\u00e1 odv\u00e1d\u011bt teplo b\u011bhem procesu brou\u0161en\u00ed, co [&hellip;]\" \/>\n<meta property=\"og:url\" content=\"https:\/\/www.koupeltech.com\/index.php\/produkt\/bosch-2608621826-x-lock-fibrovy-brusny-kotouc-prisma-ceramic-25-ks-dokud-zasoby-vydrzi-6581\/\" \/>\n<meta property=\"og:image\" content=\"https:\/\/www.koupeltech.com\/wp-content\/uploads\/2026\/SK0022435-CZ20260425-092328-0-1777080210-bosch-2608621826.webp\" \/>\n\t<meta property=\"og:image:width\" content=\"554\" \/>\n\t<meta property=\"og:image:height\" content=\"556\" \/>\n\t<meta property=\"og:image:type\" content=\"image\/webp\" \/>\n<meta name=\"twitter:card\" content=\"summary_large_image\" \/>\n<meta name=\"twitter:label1\" content=\"Odhadovan\u00e1 doba \u010dten\u00ed\" \/>\n\t<meta name=\"twitter:data1\" content=\"1 minuta\" \/>\n<script type=\"application\/ld+json\" class=\"yoast-schema-graph\">{\"@context\":\"https:\/\/schema.org\",\"@graph\":[{\"@type\":\"WebPage\",\"@id\":\"https:\/\/www.koupeltech.com\/index.php\/produkt\/bosch-2608621826-x-lock-fibrovy-brusny-kotouc-prisma-ceramic-25-ks-dokud-zasoby-vydrzi-6581\/\",\"url\":\"https:\/\/www.koupeltech.com\/index.php\/produkt\/bosch-2608621826-x-lock-fibrovy-brusny-kotouc-prisma-ceramic-25-ks-dokud-zasoby-vydrzi-6581\/\",\"name\":\"Bosch 2608621826 X-LOCK f\u00edbrov\u00fd brusn\u00fd kotou\u010d Prisma Ceramic, 25 ks Dokud Z\u00e1soby Vydr\u017e\u00ed -\",\"isPartOf\":{\"@id\":\"https:\/\/www.koupeltech.com\/#website\"},\"primaryImageOfPage\":{\"@id\":\"https:\/\/www.koupeltech.com\/index.php\/produkt\/bosch-2608621826-x-lock-fibrovy-brusny-kotouc-prisma-ceramic-25-ks-dokud-zasoby-vydrzi-6581\/#primaryimage\"},\"image\":{\"@id\":\"https:\/\/www.koupeltech.com\/index.php\/produkt\/bosch-2608621826-x-lock-fibrovy-brusny-kotouc-prisma-ceramic-25-ks-dokud-zasoby-vydrzi-6581\/#primaryimage\"},\"thumbnailUrl\":\"https:\/\/www.koupeltech.com\/wp-content\/uploads\/2026\/SK0022435-CZ20260425-092328-0-1777080210-bosch-2608621826.webp\",\"datePublished\":\"2026-04-27T13:56:50+00:00\",\"breadcrumb\":{\"@id\":\"https:\/\/www.koupeltech.com\/index.php\/produkt\/bosch-2608621826-x-lock-fibrovy-brusny-kotouc-prisma-ceramic-25-ks-dokud-zasoby-vydrzi-6581\/#breadcrumb\"},\"inLanguage\":\"cs\",\"potentialAction\":[{\"@type\":\"ReadAction\",\"target\":[\"https:\/\/www.koupeltech.com\/index.php\/produkt\/bosch-2608621826-x-lock-fibrovy-brusny-kotouc-prisma-ceramic-25-ks-dokud-zasoby-vydrzi-6581\/\"]}]},{\"@type\":\"ImageObject\",\"inLanguage\":\"cs\",\"@id\":\"https:\/\/www.koupeltech.com\/index.php\/produkt\/bosch-2608621826-x-lock-fibrovy-brusny-kotouc-prisma-ceramic-25-ks-dokud-zasoby-vydrzi-6581\/#primaryimage\",\"url\":\"https:\/\/www.koupeltech.com\/wp-content\/uploads\/2026\/SK0022435-CZ20260425-092328-0-1777080210-bosch-2608621826.webp\",\"contentUrl\":\"https:\/\/www.koupeltech.com\/wp-content\/uploads\/2026\/SK0022435-CZ20260425-092328-0-1777080210-bosch-2608621826.webp\",\"width\":554,\"height\":556},{\"@type\":\"BreadcrumbList\",\"@id\":\"https:\/\/www.koupeltech.com\/index.php\/produkt\/bosch-2608621826-x-lock-fibrovy-brusny-kotouc-prisma-ceramic-25-ks-dokud-zasoby-vydrzi-6581\/#breadcrumb\",\"itemListElement\":[{\"@type\":\"ListItem\",\"position\":1,\"name\":\"Home\",\"item\":\"https:\/\/www.koupeltech.com\/\"},{\"@type\":\"ListItem\",\"position\":2,\"name\":\"Products\",\"item\":\"https:\/\/www.koupeltech.com\/index.php\/products\/\"},{\"@type\":\"ListItem\",\"position\":3,\"name\":\"Bosch 2608621826 X-LOCK f\u00edbrov\u00fd brusn\u00fd kotou\u010d Prisma Ceramic, 25 ks Dokud Z\u00e1soby Vydr\u017e\u00ed\"}]},{\"@type\":\"WebSite\",\"@id\":\"https:\/\/www.koupeltech.com\/#website\",\"url\":\"https:\/\/www.koupeltech.com\/\",\"name\":\"\",\"description\":\"\",\"potentialAction\":[{\"@type\":\"SearchAction\",\"target\":{\"@type\":\"EntryPoint\",\"urlTemplate\":\"https:\/\/www.koupeltech.com\/?s={search_term_string}\"},\"query-input\":{\"@type\":\"PropertyValueSpecification\",\"valueRequired\":true,\"valueName\":\"search_term_string\"}}],\"inLanguage\":\"cs\"}]}<\/script>\n<!-- \/ Yoast SEO plugin. -->","yoast_head_json":{"title":"Bosch 2608621826 X-LOCK f\u00edbrov\u00fd brusn\u00fd kotou\u010d Prisma Ceramic, 25 ks Dokud Z\u00e1soby Vydr\u017e\u00ed -","robots":{"index":"index","follow":"follow","max-snippet":"max-snippet:-1","max-image-preview":"max-image-preview:large","max-video-preview":"max-video-preview:-1"},"canonical":"https:\/\/www.koupeltech.com\/index.php\/produkt\/bosch-2608621826-x-lock-fibrovy-brusny-kotouc-prisma-ceramic-25-ks-dokud-zasoby-vydrzi-6581\/","og_locale":"cs_CZ","og_type":"article","og_title":"Bosch 2608621826 X-LOCK f\u00edbrov\u00fd brusn\u00fd kotou\u010d Prisma Ceramic, 25 ks Dokud Z\u00e1soby Vydr\u017e\u00ed -","og_description":"Maxim\u00e1ln\u00ed rychlost pro brou\u0161en\u00ed kovu a nerezav\u011bj\u00edc\u00ed oceliDisky X-LOCK vyroben\u00e9 z prizmatick\u00fdch keramick\u00fdch vl\u00e1ken, nerezov\u00e1 ocel R782 &#8211; nejrychleji brou\u0161en\u00ed kovuPrizmatick\u00e1 keramick\u00e1 technologie umo\u017e\u0148uje diskem X-LOCK R782 brousit nerezovou ocel a\u017e o 80% rychleji ne\u017e tradi\u010dn\u00ed keramick\u00e9 diskyPrizmatick\u00e9 keramick\u00e9 zrna se ost\u0159\u00ed, \u010d\u00edm\u017e se zajist\u00ed rovnom\u011brn\u00e9 brou\u0161en\u00edChladic\u00ed \u010dl\u00e1nek pom\u00e1h\u00e1 odv\u00e1d\u011bt teplo b\u011bhem procesu brou\u0161en\u00ed, co [&hellip;]","og_url":"https:\/\/www.koupeltech.com\/index.php\/produkt\/bosch-2608621826-x-lock-fibrovy-brusny-kotouc-prisma-ceramic-25-ks-dokud-zasoby-vydrzi-6581\/","og_image":[{"width":554,"height":556,"url":"https:\/\/www.koupeltech.com\/wp-content\/uploads\/2026\/SK0022435-CZ20260425-092328-0-1777080210-bosch-2608621826.webp","type":"image\/webp"}],"twitter_card":"summary_large_image","twitter_misc":{"Odhadovan\u00e1 doba \u010dten\u00ed":"1 minuta"},"schema":{"@context":"https:\/\/schema.org","@graph":[{"@type":"WebPage","@id":"https:\/\/www.koupeltech.com\/index.php\/produkt\/bosch-2608621826-x-lock-fibrovy-brusny-kotouc-prisma-ceramic-25-ks-dokud-zasoby-vydrzi-6581\/","url":"https:\/\/www.koupeltech.com\/index.php\/produkt\/bosch-2608621826-x-lock-fibrovy-brusny-kotouc-prisma-ceramic-25-ks-dokud-zasoby-vydrzi-6581\/","name":"Bosch 2608621826 X-LOCK f\u00edbrov\u00fd brusn\u00fd kotou\u010d Prisma Ceramic, 25 ks Dokud Z\u00e1soby Vydr\u017e\u00ed -","isPartOf":{"@id":"https:\/\/www.koupeltech.com\/#website"},"primaryImageOfPage":{"@id":"https:\/\/www.koupeltech.com\/index.php\/produkt\/bosch-2608621826-x-lock-fibrovy-brusny-kotouc-prisma-ceramic-25-ks-dokud-zasoby-vydrzi-6581\/#primaryimage"},"image":{"@id":"https:\/\/www.koupeltech.com\/index.php\/produkt\/bosch-2608621826-x-lock-fibrovy-brusny-kotouc-prisma-ceramic-25-ks-dokud-zasoby-vydrzi-6581\/#primaryimage"},"thumbnailUrl":"https:\/\/www.koupeltech.com\/wp-content\/uploads\/2026\/SK0022435-CZ20260425-092328-0-1777080210-bosch-2608621826.webp","datePublished":"2026-04-27T13:56:50+00:00","breadcrumb":{"@id":"https:\/\/www.koupeltech.com\/index.php\/produkt\/bosch-2608621826-x-lock-fibrovy-brusny-kotouc-prisma-ceramic-25-ks-dokud-zasoby-vydrzi-6581\/#breadcrumb"},"inLanguage":"cs","potentialAction":[{"@type":"ReadAction","target":["https:\/\/www.koupeltech.com\/index.php\/produkt\/bosch-2608621826-x-lock-fibrovy-brusny-kotouc-prisma-ceramic-25-ks-dokud-zasoby-vydrzi-6581\/"]}]},{"@type":"ImageObject","inLanguage":"cs","@id":"https:\/\/www.koupeltech.com\/index.php\/produkt\/bosch-2608621826-x-lock-fibrovy-brusny-kotouc-prisma-ceramic-25-ks-dokud-zasoby-vydrzi-6581\/#primaryimage","url":"https:\/\/www.koupeltech.com\/wp-content\/uploads\/2026\/SK0022435-CZ20260425-092328-0-1777080210-bosch-2608621826.webp","contentUrl":"https:\/\/www.koupeltech.com\/wp-content\/uploads\/2026\/SK0022435-CZ20260425-092328-0-1777080210-bosch-2608621826.webp","width":554,"height":556},{"@type":"BreadcrumbList","@id":"https:\/\/www.koupeltech.com\/index.php\/produkt\/bosch-2608621826-x-lock-fibrovy-brusny-kotouc-prisma-ceramic-25-ks-dokud-zasoby-vydrzi-6581\/#breadcrumb","itemListElement":[{"@type":"ListItem","position":1,"name":"Home","item":"https:\/\/www.koupeltech.com\/"},{"@type":"ListItem","position":2,"name":"Products","item":"https:\/\/www.koupeltech.com\/index.php\/products\/"},{"@type":"ListItem","position":3,"name":"Bosch 2608621826 X-LOCK f\u00edbrov\u00fd brusn\u00fd kotou\u010d Prisma Ceramic, 25 ks Dokud Z\u00e1soby Vydr\u017e\u00ed"}]},{"@type":"WebSite","@id":"https:\/\/www.koupeltech.com\/#website","url":"https:\/\/www.koupeltech.com\/","name":"","description":"","potentialAction":[{"@type":"SearchAction","target":{"@type":"EntryPoint","urlTemplate":"https:\/\/www.koupeltech.com\/?s={search_term_string}"},"query-input":{"@type":"PropertyValueSpecification","valueRequired":true,"valueName":"search_term_string"}}],"inLanguage":"cs"}]}},"_links":{"self":[{"href":"https:\/\/www.koupeltech.com\/index.php\/wp-json\/wp\/v2\/product\/6581","targetHints":{"allow":["GET"]}}],"collection":[{"href":"https:\/\/www.koupeltech.com\/index.php\/wp-json\/wp\/v2\/product"}],"about":[{"href":"https:\/\/www.koupeltech.com\/index.php\/wp-json\/wp\/v2\/types\/product"}],"replies":[{"embeddable":true,"href":"https:\/\/www.koupeltech.com\/index.php\/wp-json\/wp\/v2\/comments?post=6581"}],"wp:featuredmedia":[{"embeddable":true,"href":"https:\/\/www.koupeltech.com\/index.php\/wp-json\/wp\/v2\/media\/6681"}],"wp:attachment":[{"href":"https:\/\/www.koupeltech.com\/index.php\/wp-json\/wp\/v2\/media?parent=6581"}],"wp:term":[{"taxonomy":"product_brand","embeddable":true,"href":"https:\/\/www.koupeltech.com\/index.php\/wp-json\/wp\/v2\/product_brand?post=6581"},{"taxonomy":"product_cat","embeddable":true,"href":"https:\/\/www.koupeltech.com\/index.php\/wp-json\/wp\/v2\/product_cat?post=6581"},{"taxonomy":"product_tag","embeddable":true,"href":"https:\/\/www.koupeltech.com\/index.php\/wp-json\/wp\/v2\/product_tag?post=6581"}],"curies":[{"name":"wp","href":"https:\/\/api.w.org\/{rel}","templated":true}]}}