{"id":6586,"date":"2026-04-27T13:56:50","date_gmt":"2026-04-27T13:56:50","guid":{"rendered":""},"modified":"2026-04-27T13:56:50","modified_gmt":"2026-04-27T13:56:50","slug":"makita-duh604sz-aku-plotostrih-600mm-li-ion-lxt-18v-bez-aku-z-nejlepsi-volba-6586","status":"publish","type":"product","link":"https:\/\/www.koupeltech.com\/index.php\/produkt\/makita-duh604sz-aku-plotostrih-600mm-li-ion-lxt-18v-bez-aku-z-nejlepsi-volba-6586\/","title":{"rendered":"Makita DUH604SZ Aku plotost\u0159ih 600mm Li-ion LXT 18V,bez aku Z Nejlep\u0161\u00ed Volba"},"content":{"rendered":"<table>\n<div class=\"tab-pane active product-description\" id=\"popis\" role=\"tabpanel\">\n<div class=\"short-description\" itemprop=\"description\"><\/div>\n<div class=\"description\"><span class='bullet-line'>Aku jednostrann\u00fd plotost\u0159ih v\u00fdkonem srovnateln\u00fd s benzinov\u00fdm plotost\u0159ihem<br \/><\/span><span class='bullet-line'>Spolehliv\u00fd bezuhl\u00edkov\u00fd motor<br \/><\/span><span class='bullet-line'>B\u011bhem pr\u00e1ce m\u00e1 bezuhl\u00edkov\u00fd motor v\u00fdrazn\u011b ni\u017e\u0161\u00ed teplotu a stroj je tak mo\u017en\u00e9 pou\u017e\u00edt i p\u0159i n\u00e1ro\u010dn\u00fdch aplikac\u00edch<br \/><\/span><span class='bullet-line'>Technologie XPT umo\u017e\u0148uj\u00edc\u00ed pou\u017eit\u00ed v prost\u0159ed\u00ed se zv\u00fd\u0161enou pra\u0161nost\u00ed nebo vlhkost\u00ed<br \/><\/span><span class='bullet-line'>N\u00edzk\u00e1 hmotnost a ide\u00e1ln\u00ed vyv\u00e1\u017een\u00ed pro pohodlnou pr\u00e1ci<br \/><\/span><span class='bullet-line'>Velmi \u00fa\u010dinn\u00e1 a rychl\u00e1 pr\u00e1ce<br \/><\/span><span class='bullet-line'>Nov\u00fd tvar no\u017e\u016f umo\u017e\u0148uj\u00edc\u00ed lep\u0161\u00ed zachycen\u00ed v\u011btv\u00ed a d\u00edky n\u00edzk\u00e9mu odporu i v\u00fdrazn\u011b del\u0161\u00ed chod na jedno nabit\u00ed akumul\u00e1toru<br \/><\/span><span class='bullet-line'>Elektronika s mo\u017enost\u00ed nastaven\u00ed 3 rychlost\u00ed<br \/><\/span><span class='bullet-line'>Zp\u011btn\u00fd chod pro uvoln\u011bn\u00ed no\u017e\u016f<br \/><\/span><span class='bullet-line'>Motorov\u00e1 brzda<br \/><\/span><span class='bullet-line'>Velmi tich\u00fd chod, n\u00edzk\u00e9 vibrace<br \/><\/span><span class='bullet-line'>Dod\u00e1vka bez akumul\u00e1toru a nab\u00edje\u010dky<br \/><\/span><br \/>\u25ba P\u0159\u00edslu\u0161enstv\u00ed<span class='bullet-line'>N\u016f\u017e 600 mm (131D38-1)<br \/><\/span><span class='bullet-line'>Lapa\u010d od\u0159ezk\u016f 600 mm (131D33-1)<br \/><\/span><span class='bullet-line'>Kryt no\u017ee (412769-8)<\/span><\/div>\n<div class=\"parameters\">\n<tr>\n<td>Akumul\u00e1tor<\/td>\n<td>Li-ion 18 V<\/td>\n<\/tr>\n<tr>\n<td>D\u00e9lka \u0159ezu<\/td>\n<td>600 mm<\/td>\n<\/tr>\n<tr>\n<td>Po\u010det \u00fader\u016f napr\u00e1zdno<\/td>\n<td>0-2000\/3600\/4400 min-1<\/td>\n<\/tr>\n<tr>\n<td>Tlou\u0161\u0165ka \u0159ezu<\/td>\n<td>23,5 mm<\/td>\n<\/tr>\n<tr>\n<td>Hmotnost<\/td>\n<td>3,1 \/ 3,8 kg<\/td>\n<\/tr>\n<tr>\n<td>Rozm\u011bry (Dx\u0160xV)<\/td>\n<td>1061 x 282 x 143 mm<\/td>\n<\/tr><\/div>\n<\/table>\n","protected":false},"excerpt":{"rendered":"<p>Aku jednostrann\u00fd plotost\u0159ih v\u00fdkonem srovnateln\u00fd s benzinov\u00fdm plotost\u0159ihemSpolehliv\u00fd bezuhl\u00edkov\u00fd motorB\u011bhem pr\u00e1ce m\u00e1 bezuhl\u00edkov\u00fd motor v\u00fdrazn\u011b ni\u017e\u0161\u00ed teplotu a stroj je tak mo\u017en\u00e9 pou\u017e\u00edt i p\u0159i n\u00e1ro\u010dn\u00fdch aplikac\u00edchTechnologie XPT umo\u017e\u0148uj\u00edc\u00ed pou\u017eit\u00ed v prost\u0159ed\u00ed se zv\u00fd\u0161enou pra\u0161nost\u00ed nebo vlhkost\u00edN\u00edzk\u00e1 hmotnost a ide\u00e1ln\u00ed vyv\u00e1\u017een\u00ed pro pohodlnou pr\u00e1ciVelmi \u00fa\u010dinn\u00e1 a rychl\u00e1 pr\u00e1ceNov\u00fd tvar no\u017e\u016f umo\u017e\u0148uj\u00edc\u00ed lep\u0161\u00ed zachycen\u00ed v\u011btv\u00ed a [&hellip;]<\/p>\n","protected":false},"featured_media":6686,"comment_status":"open","ping_status":"open","template":"","meta":[],"product_brand":[],"product_cat":[44],"product_tag":[],"class_list":{"0":"post-6586","1":"product","2":"type-product","3":"status-publish","4":"has-post-thumbnail","6":"product_cat-zahrada","8":"first","9":"instock","10":"sale","11":"shipping-taxable","12":"purchasable","13":"product-type-simple"},"yoast_head":"<!-- This site is optimized with the Yoast SEO plugin v26.8 - https:\/\/yoast.com\/product\/yoast-seo-wordpress\/ -->\n<title>Makita DUH604SZ Aku plotost\u0159ih 600mm Li-ion LXT 18V,bez aku Z Nejlep\u0161\u00ed Volba -<\/title>\n<meta name=\"robots\" content=\"index, follow, max-snippet:-1, max-image-preview:large, max-video-preview:-1\" \/>\n<link rel=\"canonical\" href=\"https:\/\/www.koupeltech.com\/index.php\/produkt\/makita-duh604sz-aku-plotostrih-600mm-li-ion-lxt-18v-bez-aku-z-nejlepsi-volba-6586\/\" \/>\n<meta property=\"og:locale\" content=\"cs_CZ\" \/>\n<meta property=\"og:type\" content=\"article\" \/>\n<meta property=\"og:title\" content=\"Makita DUH604SZ Aku plotost\u0159ih 600mm Li-ion LXT 18V,bez aku Z Nejlep\u0161\u00ed Volba -\" \/>\n<meta property=\"og:description\" content=\"Aku jednostrann\u00fd plotost\u0159ih v\u00fdkonem srovnateln\u00fd s benzinov\u00fdm plotost\u0159ihemSpolehliv\u00fd bezuhl\u00edkov\u00fd motorB\u011bhem pr\u00e1ce m\u00e1 bezuhl\u00edkov\u00fd motor v\u00fdrazn\u011b ni\u017e\u0161\u00ed teplotu a stroj je tak mo\u017en\u00e9 pou\u017e\u00edt i p\u0159i n\u00e1ro\u010dn\u00fdch aplikac\u00edchTechnologie XPT umo\u017e\u0148uj\u00edc\u00ed pou\u017eit\u00ed v prost\u0159ed\u00ed se zv\u00fd\u0161enou pra\u0161nost\u00ed nebo vlhkost\u00edN\u00edzk\u00e1 hmotnost a ide\u00e1ln\u00ed vyv\u00e1\u017een\u00ed pro pohodlnou pr\u00e1ciVelmi \u00fa\u010dinn\u00e1 a rychl\u00e1 pr\u00e1ceNov\u00fd tvar no\u017e\u016f umo\u017e\u0148uj\u00edc\u00ed lep\u0161\u00ed zachycen\u00ed v\u011btv\u00ed a [&hellip;]\" \/>\n<meta property=\"og:url\" content=\"https:\/\/www.koupeltech.com\/index.php\/produkt\/makita-duh604sz-aku-plotostrih-600mm-li-ion-lxt-18v-bez-aku-z-nejlepsi-volba-6586\/\" \/>\n<meta property=\"og:image\" content=\"https:\/\/www.koupeltech.com\/wp-content\/uploads\/2026\/SK0022440-CZ20260425-092328-0-1777080210-duh604s_c1l0.webp\" \/>\n\t<meta property=\"og:image:width\" content=\"1000\" \/>\n\t<meta property=\"og:image:height\" content=\"185\" \/>\n\t<meta property=\"og:image:type\" content=\"image\/webp\" \/>\n<meta name=\"twitter:card\" content=\"summary_large_image\" \/>\n<meta name=\"twitter:label1\" content=\"Odhadovan\u00e1 doba \u010dten\u00ed\" \/>\n\t<meta name=\"twitter:data1\" content=\"1 minuta\" \/>\n<script type=\"application\/ld+json\" class=\"yoast-schema-graph\">{\"@context\":\"https:\/\/schema.org\",\"@graph\":[{\"@type\":\"WebPage\",\"@id\":\"https:\/\/www.koupeltech.com\/index.php\/produkt\/makita-duh604sz-aku-plotostrih-600mm-li-ion-lxt-18v-bez-aku-z-nejlepsi-volba-6586\/\",\"url\":\"https:\/\/www.koupeltech.com\/index.php\/produkt\/makita-duh604sz-aku-plotostrih-600mm-li-ion-lxt-18v-bez-aku-z-nejlepsi-volba-6586\/\",\"name\":\"Makita DUH604SZ Aku plotost\u0159ih 600mm Li-ion LXT 18V,bez aku Z Nejlep\u0161\u00ed Volba -\",\"isPartOf\":{\"@id\":\"https:\/\/www.koupeltech.com\/#website\"},\"primaryImageOfPage\":{\"@id\":\"https:\/\/www.koupeltech.com\/index.php\/produkt\/makita-duh604sz-aku-plotostrih-600mm-li-ion-lxt-18v-bez-aku-z-nejlepsi-volba-6586\/#primaryimage\"},\"image\":{\"@id\":\"https:\/\/www.koupeltech.com\/index.php\/produkt\/makita-duh604sz-aku-plotostrih-600mm-li-ion-lxt-18v-bez-aku-z-nejlepsi-volba-6586\/#primaryimage\"},\"thumbnailUrl\":\"https:\/\/www.koupeltech.com\/wp-content\/uploads\/2026\/SK0022440-CZ20260425-092328-0-1777080210-duh604s_c1l0.webp\",\"datePublished\":\"2026-04-27T13:56:50+00:00\",\"breadcrumb\":{\"@id\":\"https:\/\/www.koupeltech.com\/index.php\/produkt\/makita-duh604sz-aku-plotostrih-600mm-li-ion-lxt-18v-bez-aku-z-nejlepsi-volba-6586\/#breadcrumb\"},\"inLanguage\":\"cs\",\"potentialAction\":[{\"@type\":\"ReadAction\",\"target\":[\"https:\/\/www.koupeltech.com\/index.php\/produkt\/makita-duh604sz-aku-plotostrih-600mm-li-ion-lxt-18v-bez-aku-z-nejlepsi-volba-6586\/\"]}]},{\"@type\":\"ImageObject\",\"inLanguage\":\"cs\",\"@id\":\"https:\/\/www.koupeltech.com\/index.php\/produkt\/makita-duh604sz-aku-plotostrih-600mm-li-ion-lxt-18v-bez-aku-z-nejlepsi-volba-6586\/#primaryimage\",\"url\":\"https:\/\/www.koupeltech.com\/wp-content\/uploads\/2026\/SK0022440-CZ20260425-092328-0-1777080210-duh604s_c1l0.webp\",\"contentUrl\":\"https:\/\/www.koupeltech.com\/wp-content\/uploads\/2026\/SK0022440-CZ20260425-092328-0-1777080210-duh604s_c1l0.webp\",\"width\":1000,\"height\":185},{\"@type\":\"BreadcrumbList\",\"@id\":\"https:\/\/www.koupeltech.com\/index.php\/produkt\/makita-duh604sz-aku-plotostrih-600mm-li-ion-lxt-18v-bez-aku-z-nejlepsi-volba-6586\/#breadcrumb\",\"itemListElement\":[{\"@type\":\"ListItem\",\"position\":1,\"name\":\"Home\",\"item\":\"https:\/\/www.koupeltech.com\/\"},{\"@type\":\"ListItem\",\"position\":2,\"name\":\"Products\",\"item\":\"https:\/\/www.koupeltech.com\/index.php\/products\/\"},{\"@type\":\"ListItem\",\"position\":3,\"name\":\"Makita DUH604SZ Aku plotost\u0159ih 600mm Li-ion LXT 18V,bez aku Z Nejlep\u0161\u00ed Volba\"}]},{\"@type\":\"WebSite\",\"@id\":\"https:\/\/www.koupeltech.com\/#website\",\"url\":\"https:\/\/www.koupeltech.com\/\",\"name\":\"\",\"description\":\"\",\"potentialAction\":[{\"@type\":\"SearchAction\",\"target\":{\"@type\":\"EntryPoint\",\"urlTemplate\":\"https:\/\/www.koupeltech.com\/?s={search_term_string}\"},\"query-input\":{\"@type\":\"PropertyValueSpecification\",\"valueRequired\":true,\"valueName\":\"search_term_string\"}}],\"inLanguage\":\"cs\"}]}<\/script>\n<!-- \/ Yoast SEO plugin. -->","yoast_head_json":{"title":"Makita DUH604SZ Aku plotost\u0159ih 600mm Li-ion LXT 18V,bez aku Z Nejlep\u0161\u00ed Volba -","robots":{"index":"index","follow":"follow","max-snippet":"max-snippet:-1","max-image-preview":"max-image-preview:large","max-video-preview":"max-video-preview:-1"},"canonical":"https:\/\/www.koupeltech.com\/index.php\/produkt\/makita-duh604sz-aku-plotostrih-600mm-li-ion-lxt-18v-bez-aku-z-nejlepsi-volba-6586\/","og_locale":"cs_CZ","og_type":"article","og_title":"Makita DUH604SZ Aku plotost\u0159ih 600mm Li-ion LXT 18V,bez aku Z Nejlep\u0161\u00ed Volba -","og_description":"Aku jednostrann\u00fd plotost\u0159ih v\u00fdkonem srovnateln\u00fd s benzinov\u00fdm plotost\u0159ihemSpolehliv\u00fd bezuhl\u00edkov\u00fd motorB\u011bhem pr\u00e1ce m\u00e1 bezuhl\u00edkov\u00fd motor v\u00fdrazn\u011b ni\u017e\u0161\u00ed teplotu a stroj je tak mo\u017en\u00e9 pou\u017e\u00edt i p\u0159i n\u00e1ro\u010dn\u00fdch aplikac\u00edchTechnologie XPT umo\u017e\u0148uj\u00edc\u00ed pou\u017eit\u00ed v prost\u0159ed\u00ed se zv\u00fd\u0161enou pra\u0161nost\u00ed nebo vlhkost\u00edN\u00edzk\u00e1 hmotnost a ide\u00e1ln\u00ed vyv\u00e1\u017een\u00ed pro pohodlnou pr\u00e1ciVelmi \u00fa\u010dinn\u00e1 a rychl\u00e1 pr\u00e1ceNov\u00fd tvar no\u017e\u016f umo\u017e\u0148uj\u00edc\u00ed lep\u0161\u00ed zachycen\u00ed v\u011btv\u00ed a [&hellip;]","og_url":"https:\/\/www.koupeltech.com\/index.php\/produkt\/makita-duh604sz-aku-plotostrih-600mm-li-ion-lxt-18v-bez-aku-z-nejlepsi-volba-6586\/","og_image":[{"width":1000,"height":185,"url":"https:\/\/www.koupeltech.com\/wp-content\/uploads\/2026\/SK0022440-CZ20260425-092328-0-1777080210-duh604s_c1l0.webp","type":"image\/webp"}],"twitter_card":"summary_large_image","twitter_misc":{"Odhadovan\u00e1 doba \u010dten\u00ed":"1 minuta"},"schema":{"@context":"https:\/\/schema.org","@graph":[{"@type":"WebPage","@id":"https:\/\/www.koupeltech.com\/index.php\/produkt\/makita-duh604sz-aku-plotostrih-600mm-li-ion-lxt-18v-bez-aku-z-nejlepsi-volba-6586\/","url":"https:\/\/www.koupeltech.com\/index.php\/produkt\/makita-duh604sz-aku-plotostrih-600mm-li-ion-lxt-18v-bez-aku-z-nejlepsi-volba-6586\/","name":"Makita DUH604SZ Aku plotost\u0159ih 600mm Li-ion LXT 18V,bez aku Z Nejlep\u0161\u00ed Volba -","isPartOf":{"@id":"https:\/\/www.koupeltech.com\/#website"},"primaryImageOfPage":{"@id":"https:\/\/www.koupeltech.com\/index.php\/produkt\/makita-duh604sz-aku-plotostrih-600mm-li-ion-lxt-18v-bez-aku-z-nejlepsi-volba-6586\/#primaryimage"},"image":{"@id":"https:\/\/www.koupeltech.com\/index.php\/produkt\/makita-duh604sz-aku-plotostrih-600mm-li-ion-lxt-18v-bez-aku-z-nejlepsi-volba-6586\/#primaryimage"},"thumbnailUrl":"https:\/\/www.koupeltech.com\/wp-content\/uploads\/2026\/SK0022440-CZ20260425-092328-0-1777080210-duh604s_c1l0.webp","datePublished":"2026-04-27T13:56:50+00:00","breadcrumb":{"@id":"https:\/\/www.koupeltech.com\/index.php\/produkt\/makita-duh604sz-aku-plotostrih-600mm-li-ion-lxt-18v-bez-aku-z-nejlepsi-volba-6586\/#breadcrumb"},"inLanguage":"cs","potentialAction":[{"@type":"ReadAction","target":["https:\/\/www.koupeltech.com\/index.php\/produkt\/makita-duh604sz-aku-plotostrih-600mm-li-ion-lxt-18v-bez-aku-z-nejlepsi-volba-6586\/"]}]},{"@type":"ImageObject","inLanguage":"cs","@id":"https:\/\/www.koupeltech.com\/index.php\/produkt\/makita-duh604sz-aku-plotostrih-600mm-li-ion-lxt-18v-bez-aku-z-nejlepsi-volba-6586\/#primaryimage","url":"https:\/\/www.koupeltech.com\/wp-content\/uploads\/2026\/SK0022440-CZ20260425-092328-0-1777080210-duh604s_c1l0.webp","contentUrl":"https:\/\/www.koupeltech.com\/wp-content\/uploads\/2026\/SK0022440-CZ20260425-092328-0-1777080210-duh604s_c1l0.webp","width":1000,"height":185},{"@type":"BreadcrumbList","@id":"https:\/\/www.koupeltech.com\/index.php\/produkt\/makita-duh604sz-aku-plotostrih-600mm-li-ion-lxt-18v-bez-aku-z-nejlepsi-volba-6586\/#breadcrumb","itemListElement":[{"@type":"ListItem","position":1,"name":"Home","item":"https:\/\/www.koupeltech.com\/"},{"@type":"ListItem","position":2,"name":"Products","item":"https:\/\/www.koupeltech.com\/index.php\/products\/"},{"@type":"ListItem","position":3,"name":"Makita DUH604SZ Aku plotost\u0159ih 600mm Li-ion LXT 18V,bez aku Z Nejlep\u0161\u00ed Volba"}]},{"@type":"WebSite","@id":"https:\/\/www.koupeltech.com\/#website","url":"https:\/\/www.koupeltech.com\/","name":"","description":"","potentialAction":[{"@type":"SearchAction","target":{"@type":"EntryPoint","urlTemplate":"https:\/\/www.koupeltech.com\/?s={search_term_string}"},"query-input":{"@type":"PropertyValueSpecification","valueRequired":true,"valueName":"search_term_string"}}],"inLanguage":"cs"}]}},"_links":{"self":[{"href":"https:\/\/www.koupeltech.com\/index.php\/wp-json\/wp\/v2\/product\/6586","targetHints":{"allow":["GET"]}}],"collection":[{"href":"https:\/\/www.koupeltech.com\/index.php\/wp-json\/wp\/v2\/product"}],"about":[{"href":"https:\/\/www.koupeltech.com\/index.php\/wp-json\/wp\/v2\/types\/product"}],"replies":[{"embeddable":true,"href":"https:\/\/www.koupeltech.com\/index.php\/wp-json\/wp\/v2\/comments?post=6586"}],"wp:featuredmedia":[{"embeddable":true,"href":"https:\/\/www.koupeltech.com\/index.php\/wp-json\/wp\/v2\/media\/6686"}],"wp:attachment":[{"href":"https:\/\/www.koupeltech.com\/index.php\/wp-json\/wp\/v2\/media?parent=6586"}],"wp:term":[{"taxonomy":"product_brand","embeddable":true,"href":"https:\/\/www.koupeltech.com\/index.php\/wp-json\/wp\/v2\/product_brand?post=6586"},{"taxonomy":"product_cat","embeddable":true,"href":"https:\/\/www.koupeltech.com\/index.php\/wp-json\/wp\/v2\/product_cat?post=6586"},{"taxonomy":"product_tag","embeddable":true,"href":"https:\/\/www.koupeltech.com\/index.php\/wp-json\/wp\/v2\/product_tag?post=6586"}],"curies":[{"name":"wp","href":"https:\/\/api.w.org\/{rel}","templated":true}]}}