{"id":6588,"date":"2026-04-27T13:56:50","date_gmt":"2026-04-27T13:56:50","guid":{"rendered":""},"modified":"2026-04-27T13:56:50","modified_gmt":"2026-04-27T13:56:50","slug":"hit-sezony-makita-e-15235-siroky-pas-s-kapsami-880x170x310mm-olde-05175-6588","status":"publish","type":"product","link":"https:\/\/www.koupeltech.com\/index.php\/produkt\/hit-sezony-makita-e-15235-siroky-pas-s-kapsami-880x170x310mm-olde-05175-6588\/","title":{"rendered":"Hit Sez\u00f3ny Makita E-15235 \u0161irok\u00fd p\u00e1s s kapsami 880x170x310mm=oldE-05175"},"content":{"rendered":"<table>\n<div class=\"tab-pane active product-description\" id=\"popis\" role=\"tabpanel\">\n<div class=\"short-description\" itemprop=\"description\"><\/div>\n<div class=\"description\"><span class='bullet-line'>Zes\u00edlen\u00fd ko\u017een\u00fd opasek s dvojitou sponou <br \/><\/span><span class='bullet-line'>D-krou\u017eky pro p\u0159ipevn\u011bn\u00ed polstrovan\u00fdch podvazk\u016f (\u010d\u00edslo polo\u017eky: E-05393), nejsou sou\u010d\u00e1st\u00ed dod\u00e1vky<br \/><\/span><span class='bullet-line'>D-krou\u017eek pro p\u0159ipevn\u011bn\u00ed n\u00e1stroj\u016f s karabinami<br \/><\/span><span class='bullet-line'>Dr\u017e\u00e1k na smartphone se zipem<br \/><\/span><span class='bullet-line'>Dv\u011b kapsy na vizitky a karty<br \/><\/span><span class='bullet-line'>Dr\u017e\u00e1k smartphonu <br \/><\/span><span class='bullet-line'>Elastick\u00e9 poutka vhodn\u00e9 nap\u0159\u00edklad pro \u0161roubov\u00e1ky<br \/><\/span><span class='bullet-line'>Elastick\u00e9 poutka na n\u00e1\u0159ad\u00ed uvnit\u0159 ta\u0161ky<br \/><\/span><span class='bullet-line'>P\u0159edn\u00ed p\u0159ihr\u00e1dka pro pln\u011bn\u00ed h\u0159eb\u00edky nebo \u0161rouby<br \/><\/span><span class='bullet-line'>Protiskluzov\u00e1 p\u00e1ska na horn\u00edm okraji p\u0159ihr\u00e1dek zabra\u0148uje vypadnut\u00ed p\u0159\u00edslu\u0161enstv\u00ed<br \/><\/span><span class='bullet-line'>Dr\u017e\u00e1k \u0161roubov\u00e1ku z prav\u00e9 k\u016f\u017ee<br \/><\/span><span class='bullet-line'>Velk\u00e1 p\u0159ihr\u00e1dka na no\u017ee prav\u00e1 k\u016f\u017ee<br \/><\/span><span class='bullet-line'>Dr\u017e\u00e1k kladiva z nerezov\u00e9 oceli, houpa\u010dky s t\u011blem pro pohodln\u00e9 no\u0161en\u00ed<br \/><\/span><span class='bullet-line'>Elastick\u00e9 poutka na dr\u017e\u00e1ky bit\u016f a bit\u016f<br \/><\/span><span class='bullet-line'>Dal\u0161\u00ed tla\u010d\u00edtko fixuje upev\u0148ovac\u00ed poutko na pouzd\u0159e<br \/><\/span><span class='bullet-line'>Upev\u0148ovac\u00ed poutko z prav\u00e9 k\u016f\u017ee s tla\u010d\u00edtkem fixuje akumul\u00e1torov\u00fd \u0161roubov\u00e1k pevn\u011b v pouzdru<br \/><\/span><span class='bullet-line'>Siln\u00e1 konstrukce d\u00edky zes\u00edlen\u00e9mu n\u00fdtov\u00e1n\u00ed<br \/><\/span><span class='bullet-line'>Zes\u00edlen\u00e9 dr\u017e\u00e1ky opask\u016f \u0161it\u00e9 z polypropylenov\u00fdch p\u00e1sek<\/span><\/div>\n<div class=\"parameters\">\n<tr>\n<td>Hmotnost produktu<\/td>\n<td>1 500 kg<\/td>\n<\/tr>\n<tr>\n<td>Rozm\u011bry produktu (D x \u0160 x V)<\/td>\n<td>880 x 170 x 310 mm<\/td>\n<\/tr><\/div>\n<\/table>\n","protected":false},"excerpt":{"rendered":"<p>Zes\u00edlen\u00fd ko\u017een\u00fd opasek s dvojitou sponou D-krou\u017eky pro p\u0159ipevn\u011bn\u00ed polstrovan\u00fdch podvazk\u016f (\u010d\u00edslo polo\u017eky: E-05393), nejsou sou\u010d\u00e1st\u00ed dod\u00e1vkyD-krou\u017eek pro p\u0159ipevn\u011bn\u00ed n\u00e1stroj\u016f s karabinamiDr\u017e\u00e1k na smartphone se zipemDv\u011b kapsy na vizitky a kartyDr\u017e\u00e1k smartphonu Elastick\u00e9 poutka vhodn\u00e9 nap\u0159\u00edklad pro \u0161roubov\u00e1kyElastick\u00e9 poutka na n\u00e1\u0159ad\u00ed uvnit\u0159 ta\u0161kyP\u0159edn\u00ed p\u0159ihr\u00e1dka pro pln\u011bn\u00ed h\u0159eb\u00edky nebo \u0161roubyProtiskluzov\u00e1 p\u00e1ska na horn\u00edm okraji p\u0159ihr\u00e1dek zabra\u0148uje [&hellip;]<\/p>\n","protected":false},"featured_media":6688,"comment_status":"open","ping_status":"open","template":"","meta":[],"product_brand":[],"product_cat":[45],"product_tag":[],"class_list":{"0":"post-6588","1":"product","2":"type-product","3":"status-publish","4":"has-post-thumbnail","6":"product_cat-dilna","8":"first","9":"instock","10":"sale","11":"shipping-taxable","12":"purchasable","13":"product-type-simple"},"yoast_head":"<!-- This site is optimized with the Yoast SEO plugin v26.8 - https:\/\/yoast.com\/product\/yoast-seo-wordpress\/ -->\n<title>Hit Sez\u00f3ny Makita E-15235 \u0161irok\u00fd p\u00e1s s kapsami 880x170x310mm=oldE-05175 -<\/title>\n<meta name=\"robots\" content=\"index, follow, max-snippet:-1, max-image-preview:large, max-video-preview:-1\" \/>\n<link rel=\"canonical\" href=\"https:\/\/www.koupeltech.com\/index.php\/produkt\/hit-sezony-makita-e-15235-siroky-pas-s-kapsami-880x170x310mm-olde-05175-6588\/\" \/>\n<meta property=\"og:locale\" content=\"cs_CZ\" \/>\n<meta property=\"og:type\" content=\"article\" \/>\n<meta property=\"og:title\" content=\"Hit Sez\u00f3ny Makita E-15235 \u0161irok\u00fd p\u00e1s s kapsami 880x170x310mm=oldE-05175 -\" \/>\n<meta property=\"og:description\" content=\"Zes\u00edlen\u00fd ko\u017een\u00fd opasek s dvojitou sponou D-krou\u017eky pro p\u0159ipevn\u011bn\u00ed polstrovan\u00fdch podvazk\u016f (\u010d\u00edslo polo\u017eky: E-05393), nejsou sou\u010d\u00e1st\u00ed dod\u00e1vkyD-krou\u017eek pro p\u0159ipevn\u011bn\u00ed n\u00e1stroj\u016f s karabinamiDr\u017e\u00e1k na smartphone se zipemDv\u011b kapsy na vizitky a kartyDr\u017e\u00e1k smartphonu Elastick\u00e9 poutka vhodn\u00e9 nap\u0159\u00edklad pro \u0161roubov\u00e1kyElastick\u00e9 poutka na n\u00e1\u0159ad\u00ed uvnit\u0159 ta\u0161kyP\u0159edn\u00ed p\u0159ihr\u00e1dka pro pln\u011bn\u00ed h\u0159eb\u00edky nebo \u0161roubyProtiskluzov\u00e1 p\u00e1ska na horn\u00edm okraji p\u0159ihr\u00e1dek zabra\u0148uje [&hellip;]\" \/>\n<meta property=\"og:url\" content=\"https:\/\/www.koupeltech.com\/index.php\/produkt\/hit-sezony-makita-e-15235-siroky-pas-s-kapsami-880x170x310mm-olde-05175-6588\/\" \/>\n<meta property=\"og:image\" content=\"https:\/\/www.koupeltech.com\/wp-content\/uploads\/2026\/SK0022442-CZ20260425-092328-0-1777080210-e-05175.webp\" \/>\n\t<meta property=\"og:image:width\" content=\"700\" \/>\n\t<meta property=\"og:image:height\" content=\"265\" \/>\n\t<meta property=\"og:image:type\" content=\"image\/webp\" \/>\n<meta name=\"twitter:card\" content=\"summary_large_image\" \/>\n<meta name=\"twitter:label1\" content=\"Odhadovan\u00e1 doba \u010dten\u00ed\" \/>\n\t<meta name=\"twitter:data1\" content=\"1 minuta\" \/>\n<script type=\"application\/ld+json\" class=\"yoast-schema-graph\">{\"@context\":\"https:\/\/schema.org\",\"@graph\":[{\"@type\":\"WebPage\",\"@id\":\"https:\/\/www.koupeltech.com\/index.php\/produkt\/hit-sezony-makita-e-15235-siroky-pas-s-kapsami-880x170x310mm-olde-05175-6588\/\",\"url\":\"https:\/\/www.koupeltech.com\/index.php\/produkt\/hit-sezony-makita-e-15235-siroky-pas-s-kapsami-880x170x310mm-olde-05175-6588\/\",\"name\":\"Hit Sez\u00f3ny Makita E-15235 \u0161irok\u00fd p\u00e1s s kapsami 880x170x310mm=oldE-05175 -\",\"isPartOf\":{\"@id\":\"https:\/\/www.koupeltech.com\/#website\"},\"primaryImageOfPage\":{\"@id\":\"https:\/\/www.koupeltech.com\/index.php\/produkt\/hit-sezony-makita-e-15235-siroky-pas-s-kapsami-880x170x310mm-olde-05175-6588\/#primaryimage\"},\"image\":{\"@id\":\"https:\/\/www.koupeltech.com\/index.php\/produkt\/hit-sezony-makita-e-15235-siroky-pas-s-kapsami-880x170x310mm-olde-05175-6588\/#primaryimage\"},\"thumbnailUrl\":\"https:\/\/www.koupeltech.com\/wp-content\/uploads\/2026\/SK0022442-CZ20260425-092328-0-1777080210-e-05175.webp\",\"datePublished\":\"2026-04-27T13:56:50+00:00\",\"breadcrumb\":{\"@id\":\"https:\/\/www.koupeltech.com\/index.php\/produkt\/hit-sezony-makita-e-15235-siroky-pas-s-kapsami-880x170x310mm-olde-05175-6588\/#breadcrumb\"},\"inLanguage\":\"cs\",\"potentialAction\":[{\"@type\":\"ReadAction\",\"target\":[\"https:\/\/www.koupeltech.com\/index.php\/produkt\/hit-sezony-makita-e-15235-siroky-pas-s-kapsami-880x170x310mm-olde-05175-6588\/\"]}]},{\"@type\":\"ImageObject\",\"inLanguage\":\"cs\",\"@id\":\"https:\/\/www.koupeltech.com\/index.php\/produkt\/hit-sezony-makita-e-15235-siroky-pas-s-kapsami-880x170x310mm-olde-05175-6588\/#primaryimage\",\"url\":\"https:\/\/www.koupeltech.com\/wp-content\/uploads\/2026\/SK0022442-CZ20260425-092328-0-1777080210-e-05175.webp\",\"contentUrl\":\"https:\/\/www.koupeltech.com\/wp-content\/uploads\/2026\/SK0022442-CZ20260425-092328-0-1777080210-e-05175.webp\",\"width\":700,\"height\":265},{\"@type\":\"BreadcrumbList\",\"@id\":\"https:\/\/www.koupeltech.com\/index.php\/produkt\/hit-sezony-makita-e-15235-siroky-pas-s-kapsami-880x170x310mm-olde-05175-6588\/#breadcrumb\",\"itemListElement\":[{\"@type\":\"ListItem\",\"position\":1,\"name\":\"Home\",\"item\":\"https:\/\/www.koupeltech.com\/\"},{\"@type\":\"ListItem\",\"position\":2,\"name\":\"Products\",\"item\":\"https:\/\/www.koupeltech.com\/index.php\/products\/\"},{\"@type\":\"ListItem\",\"position\":3,\"name\":\"Hit Sez\u00f3ny Makita E-15235 \u0161irok\u00fd p\u00e1s s kapsami 880x170x310mm=oldE-05175\"}]},{\"@type\":\"WebSite\",\"@id\":\"https:\/\/www.koupeltech.com\/#website\",\"url\":\"https:\/\/www.koupeltech.com\/\",\"name\":\"\",\"description\":\"\",\"potentialAction\":[{\"@type\":\"SearchAction\",\"target\":{\"@type\":\"EntryPoint\",\"urlTemplate\":\"https:\/\/www.koupeltech.com\/?s={search_term_string}\"},\"query-input\":{\"@type\":\"PropertyValueSpecification\",\"valueRequired\":true,\"valueName\":\"search_term_string\"}}],\"inLanguage\":\"cs\"}]}<\/script>\n<!-- \/ Yoast SEO plugin. -->","yoast_head_json":{"title":"Hit Sez\u00f3ny Makita E-15235 \u0161irok\u00fd p\u00e1s s kapsami 880x170x310mm=oldE-05175 -","robots":{"index":"index","follow":"follow","max-snippet":"max-snippet:-1","max-image-preview":"max-image-preview:large","max-video-preview":"max-video-preview:-1"},"canonical":"https:\/\/www.koupeltech.com\/index.php\/produkt\/hit-sezony-makita-e-15235-siroky-pas-s-kapsami-880x170x310mm-olde-05175-6588\/","og_locale":"cs_CZ","og_type":"article","og_title":"Hit Sez\u00f3ny Makita E-15235 \u0161irok\u00fd p\u00e1s s kapsami 880x170x310mm=oldE-05175 -","og_description":"Zes\u00edlen\u00fd ko\u017een\u00fd opasek s dvojitou sponou D-krou\u017eky pro p\u0159ipevn\u011bn\u00ed polstrovan\u00fdch podvazk\u016f (\u010d\u00edslo polo\u017eky: E-05393), nejsou sou\u010d\u00e1st\u00ed dod\u00e1vkyD-krou\u017eek pro p\u0159ipevn\u011bn\u00ed n\u00e1stroj\u016f s karabinamiDr\u017e\u00e1k na smartphone se zipemDv\u011b kapsy na vizitky a kartyDr\u017e\u00e1k smartphonu Elastick\u00e9 poutka vhodn\u00e9 nap\u0159\u00edklad pro \u0161roubov\u00e1kyElastick\u00e9 poutka na n\u00e1\u0159ad\u00ed uvnit\u0159 ta\u0161kyP\u0159edn\u00ed p\u0159ihr\u00e1dka pro pln\u011bn\u00ed h\u0159eb\u00edky nebo \u0161roubyProtiskluzov\u00e1 p\u00e1ska na horn\u00edm okraji p\u0159ihr\u00e1dek zabra\u0148uje [&hellip;]","og_url":"https:\/\/www.koupeltech.com\/index.php\/produkt\/hit-sezony-makita-e-15235-siroky-pas-s-kapsami-880x170x310mm-olde-05175-6588\/","og_image":[{"width":700,"height":265,"url":"https:\/\/www.koupeltech.com\/wp-content\/uploads\/2026\/SK0022442-CZ20260425-092328-0-1777080210-e-05175.webp","type":"image\/webp"}],"twitter_card":"summary_large_image","twitter_misc":{"Odhadovan\u00e1 doba \u010dten\u00ed":"1 minuta"},"schema":{"@context":"https:\/\/schema.org","@graph":[{"@type":"WebPage","@id":"https:\/\/www.koupeltech.com\/index.php\/produkt\/hit-sezony-makita-e-15235-siroky-pas-s-kapsami-880x170x310mm-olde-05175-6588\/","url":"https:\/\/www.koupeltech.com\/index.php\/produkt\/hit-sezony-makita-e-15235-siroky-pas-s-kapsami-880x170x310mm-olde-05175-6588\/","name":"Hit Sez\u00f3ny Makita E-15235 \u0161irok\u00fd p\u00e1s s kapsami 880x170x310mm=oldE-05175 -","isPartOf":{"@id":"https:\/\/www.koupeltech.com\/#website"},"primaryImageOfPage":{"@id":"https:\/\/www.koupeltech.com\/index.php\/produkt\/hit-sezony-makita-e-15235-siroky-pas-s-kapsami-880x170x310mm-olde-05175-6588\/#primaryimage"},"image":{"@id":"https:\/\/www.koupeltech.com\/index.php\/produkt\/hit-sezony-makita-e-15235-siroky-pas-s-kapsami-880x170x310mm-olde-05175-6588\/#primaryimage"},"thumbnailUrl":"https:\/\/www.koupeltech.com\/wp-content\/uploads\/2026\/SK0022442-CZ20260425-092328-0-1777080210-e-05175.webp","datePublished":"2026-04-27T13:56:50+00:00","breadcrumb":{"@id":"https:\/\/www.koupeltech.com\/index.php\/produkt\/hit-sezony-makita-e-15235-siroky-pas-s-kapsami-880x170x310mm-olde-05175-6588\/#breadcrumb"},"inLanguage":"cs","potentialAction":[{"@type":"ReadAction","target":["https:\/\/www.koupeltech.com\/index.php\/produkt\/hit-sezony-makita-e-15235-siroky-pas-s-kapsami-880x170x310mm-olde-05175-6588\/"]}]},{"@type":"ImageObject","inLanguage":"cs","@id":"https:\/\/www.koupeltech.com\/index.php\/produkt\/hit-sezony-makita-e-15235-siroky-pas-s-kapsami-880x170x310mm-olde-05175-6588\/#primaryimage","url":"https:\/\/www.koupeltech.com\/wp-content\/uploads\/2026\/SK0022442-CZ20260425-092328-0-1777080210-e-05175.webp","contentUrl":"https:\/\/www.koupeltech.com\/wp-content\/uploads\/2026\/SK0022442-CZ20260425-092328-0-1777080210-e-05175.webp","width":700,"height":265},{"@type":"BreadcrumbList","@id":"https:\/\/www.koupeltech.com\/index.php\/produkt\/hit-sezony-makita-e-15235-siroky-pas-s-kapsami-880x170x310mm-olde-05175-6588\/#breadcrumb","itemListElement":[{"@type":"ListItem","position":1,"name":"Home","item":"https:\/\/www.koupeltech.com\/"},{"@type":"ListItem","position":2,"name":"Products","item":"https:\/\/www.koupeltech.com\/index.php\/products\/"},{"@type":"ListItem","position":3,"name":"Hit Sez\u00f3ny Makita E-15235 \u0161irok\u00fd p\u00e1s s kapsami 880x170x310mm=oldE-05175"}]},{"@type":"WebSite","@id":"https:\/\/www.koupeltech.com\/#website","url":"https:\/\/www.koupeltech.com\/","name":"","description":"","potentialAction":[{"@type":"SearchAction","target":{"@type":"EntryPoint","urlTemplate":"https:\/\/www.koupeltech.com\/?s={search_term_string}"},"query-input":{"@type":"PropertyValueSpecification","valueRequired":true,"valueName":"search_term_string"}}],"inLanguage":"cs"}]}},"_links":{"self":[{"href":"https:\/\/www.koupeltech.com\/index.php\/wp-json\/wp\/v2\/product\/6588","targetHints":{"allow":["GET"]}}],"collection":[{"href":"https:\/\/www.koupeltech.com\/index.php\/wp-json\/wp\/v2\/product"}],"about":[{"href":"https:\/\/www.koupeltech.com\/index.php\/wp-json\/wp\/v2\/types\/product"}],"replies":[{"embeddable":true,"href":"https:\/\/www.koupeltech.com\/index.php\/wp-json\/wp\/v2\/comments?post=6588"}],"wp:featuredmedia":[{"embeddable":true,"href":"https:\/\/www.koupeltech.com\/index.php\/wp-json\/wp\/v2\/media\/6688"}],"wp:attachment":[{"href":"https:\/\/www.koupeltech.com\/index.php\/wp-json\/wp\/v2\/media?parent=6588"}],"wp:term":[{"taxonomy":"product_brand","embeddable":true,"href":"https:\/\/www.koupeltech.com\/index.php\/wp-json\/wp\/v2\/product_brand?post=6588"},{"taxonomy":"product_cat","embeddable":true,"href":"https:\/\/www.koupeltech.com\/index.php\/wp-json\/wp\/v2\/product_cat?post=6588"},{"taxonomy":"product_tag","embeddable":true,"href":"https:\/\/www.koupeltech.com\/index.php\/wp-json\/wp\/v2\/product_tag?post=6588"}],"curies":[{"name":"wp","href":"https:\/\/api.w.org\/{rel}","templated":true}]}}