{"id":6590,"date":"2026-04-27T13:56:50","date_gmt":"2026-04-27T13:56:50","guid":{"rendered":""},"modified":"2026-04-27T13:56:50","modified_gmt":"2026-04-27T13:56:50","slug":"makita-e-15285-brasna-na-naradi-a-kladivo-185x85x205mm-olde-05228-sleva-6590","status":"publish","type":"product","link":"https:\/\/www.koupeltech.com\/index.php\/produkt\/makita-e-15285-brasna-na-naradi-a-kladivo-185x85x205mm-olde-05228-sleva-6590\/","title":{"rendered":"Makita E-15285 bra\u0161na na n\u00e1\u0159ad\u00ed a kladivo 185x85x205mm=oldE-05228 Sleva"},"content":{"rendered":"<table>\n<div class=\"tab-pane active product-description\" id=\"popis\" role=\"tabpanel\">\n<div class=\"short-description\" itemprop=\"description\">185x85x205 mm \u2022 0,29 kg<\/div>\n<div class=\"description\"><span class='bullet-line'>Voln\u011b v\u00fdkyvn\u00e9 kladivo a dr\u017e\u00e1k n\u00e1stroj\u016f pro p\u0159ipevn\u011bn\u00ed k pracovn\u00edm kalhot\u00e1m nebo opasku<br \/><\/span><span class='bullet-line'>Voln\u011b se houpaj\u00edc\u00ed, aby v\u017edy visel svisle, lze pohyblivost regulovat pomoc\u00ed zaji\u0161\u0165ovac\u00edho \u0161roubu. <br \/><\/span><span class='bullet-line'>Siln\u00e9 n\u00fdtov\u00e1n\u00ed pro v\u011bt\u0161\u00ed odolnost. <br \/><\/span><span class='bullet-line'>Otev\u0159en\u00fd design pro optim\u00e1ln\u00ed p\u0159ehled. <br \/><\/span><span class='bullet-line'>\u010cetn\u00e9 vnit\u0159n\u00ed a vn\u011bj\u0161\u00ed smy\u010dky. <br \/><\/span><span class='bullet-line'>Vhodn\u00fd pro syst\u00e9m popruh-p\u00e1s.<br \/><\/span><span class='bullet-line'>\u0160roub pro nastaven\u00ed pohyblivosti dr\u017e\u00e1ku <br \/><\/span><span class='bullet-line'>Dva \u0161iroce otev\u0159en\u00e9 dr\u017e\u00e1ky no\u017e\u016f z prav\u00e9 k\u016f\u017ee<br \/><\/span><span class='bullet-line'>Dr\u017e\u00e1k kladiva z nerezov\u00e9 oceli <br \/><\/span><span class='bullet-line'>Elastick\u00e9 poutka na boc\u00edch dr\u017e\u00e1ku<br \/><\/span><span class='bullet-line'>Elastick\u00fd p\u00e1sek pro dal\u0161\u00ed n\u00e1\u0159ad\u00ed<br \/><\/span><span class='bullet-line'>Dva bo\u010dn\u00ed dr\u017e\u00e1ky pro ulo\u017een\u00ed v\u011bt\u0161\u00edho ru\u010dn\u00edho n\u00e1\u0159ad\u00ed<br \/><\/span><span class='bullet-line'>Extra zes\u00edlen\u00e1 z\u00e1da<br \/><\/span><span class='bullet-line'>Logo Makita v modern\u00ed design<br \/><\/span><span class='bullet-line'>Zes\u00edlen\u00e9 \u0161vy pro optim\u00e1ln\u00ed stabilitu<br \/><\/span><span class='bullet-line'>Dv\u011b univerz\u00e1ln\u011b pou\u017eiteln\u00e9 ko\u017een\u00e9 smy\u010dky fixuj\u00ed v\u011bt\u0161\u00ed n\u00e1stroje<br \/><\/span><span class='bullet-line'>Vhodn\u00e9 pro t\u00e9m\u011b\u0159 v\u0161echny tvary kladiva<br \/><\/span><span class='bullet-line'>O\u010dko na opasek pro v\u0161echny typy p\u00e1s\u016f do \u0161\u00ed\u0159ky 50 mm<br \/><\/span><span class='bullet-line'>O\u010dko na opasek vyroben\u00e9 z robustn\u00edho polypropylenu<br \/><\/span><span class='bullet-line'>Zes\u00edlen\u00fd zadn\u00ed panel pro v\u011bt\u0161\u00ed stabilitu<\/span><\/div>\n<div class=\"parameters\">\n<tr>\n<td>Hmotnost produktu<\/td>\n<td>0,330 kg<\/td>\n<\/tr>\n<tr>\n<td>Rozm\u011bry produktu (D x \u0160 x V)<\/td>\n<td>185 x 85 x 205 mm<\/td>\n<\/tr><\/div>\n<\/table>\n","protected":false},"excerpt":{"rendered":"<p>185x85x205 mm \u2022 0,29 kg Voln\u011b v\u00fdkyvn\u00e9 kladivo a dr\u017e\u00e1k n\u00e1stroj\u016f pro p\u0159ipevn\u011bn\u00ed k pracovn\u00edm kalhot\u00e1m nebo opaskuVoln\u011b se houpaj\u00edc\u00ed, aby v\u017edy visel svisle, lze pohyblivost regulovat pomoc\u00ed zaji\u0161\u0165ovac\u00edho \u0161roubu. Siln\u00e9 n\u00fdtov\u00e1n\u00ed pro v\u011bt\u0161\u00ed odolnost. Otev\u0159en\u00fd design pro optim\u00e1ln\u00ed p\u0159ehled. \u010cetn\u00e9 vnit\u0159n\u00ed a vn\u011bj\u0161\u00ed smy\u010dky. Vhodn\u00fd pro syst\u00e9m popruh-p\u00e1s.\u0160roub pro nastaven\u00ed pohyblivosti dr\u017e\u00e1ku Dva \u0161iroce [&hellip;]<\/p>\n","protected":false},"featured_media":6690,"comment_status":"open","ping_status":"open","template":"","meta":[],"product_brand":[],"product_cat":[45],"product_tag":[],"class_list":{"0":"post-6590","1":"product","2":"type-product","3":"status-publish","4":"has-post-thumbnail","6":"product_cat-dilna","8":"first","9":"instock","10":"sale","11":"shipping-taxable","12":"purchasable","13":"product-type-simple"},"yoast_head":"<!-- This site is optimized with the Yoast SEO plugin v26.8 - https:\/\/yoast.com\/product\/yoast-seo-wordpress\/ -->\n<title>Makita E-15285 bra\u0161na na n\u00e1\u0159ad\u00ed a kladivo 185x85x205mm=oldE-05228 Sleva -<\/title>\n<meta name=\"robots\" content=\"index, follow, max-snippet:-1, max-image-preview:large, max-video-preview:-1\" \/>\n<link rel=\"canonical\" href=\"https:\/\/www.koupeltech.com\/index.php\/produkt\/makita-e-15285-brasna-na-naradi-a-kladivo-185x85x205mm-olde-05228-sleva-6590\/\" \/>\n<meta property=\"og:locale\" content=\"cs_CZ\" \/>\n<meta property=\"og:type\" content=\"article\" \/>\n<meta property=\"og:title\" content=\"Makita E-15285 bra\u0161na na n\u00e1\u0159ad\u00ed a kladivo 185x85x205mm=oldE-05228 Sleva -\" \/>\n<meta property=\"og:description\" content=\"185x85x205 mm \u2022 0,29 kg Voln\u011b v\u00fdkyvn\u00e9 kladivo a dr\u017e\u00e1k n\u00e1stroj\u016f pro p\u0159ipevn\u011bn\u00ed k pracovn\u00edm kalhot\u00e1m nebo opaskuVoln\u011b se houpaj\u00edc\u00ed, aby v\u017edy visel svisle, lze pohyblivost regulovat pomoc\u00ed zaji\u0161\u0165ovac\u00edho \u0161roubu. Siln\u00e9 n\u00fdtov\u00e1n\u00ed pro v\u011bt\u0161\u00ed odolnost. Otev\u0159en\u00fd design pro optim\u00e1ln\u00ed p\u0159ehled. \u010cetn\u00e9 vnit\u0159n\u00ed a vn\u011bj\u0161\u00ed smy\u010dky. Vhodn\u00fd pro syst\u00e9m popruh-p\u00e1s.\u0160roub pro nastaven\u00ed pohyblivosti dr\u017e\u00e1ku Dva \u0161iroce [&hellip;]\" \/>\n<meta property=\"og:url\" content=\"https:\/\/www.koupeltech.com\/index.php\/produkt\/makita-e-15285-brasna-na-naradi-a-kladivo-185x85x205mm-olde-05228-sleva-6590\/\" \/>\n<meta property=\"og:image\" content=\"https:\/\/www.koupeltech.com\/wp-content\/uploads\/2026\/SK0022444-CZ20260425-092328-0-1777080210-priloha_-skk-49868.webp\" \/>\n\t<meta property=\"og:image:width\" content=\"769\" \/>\n\t<meta property=\"og:image:height\" content=\"800\" \/>\n\t<meta property=\"og:image:type\" content=\"image\/webp\" \/>\n<meta name=\"twitter:card\" content=\"summary_large_image\" \/>\n<meta name=\"twitter:label1\" content=\"Odhadovan\u00e1 doba \u010dten\u00ed\" \/>\n\t<meta name=\"twitter:data1\" content=\"1 minuta\" \/>\n<script type=\"application\/ld+json\" class=\"yoast-schema-graph\">{\"@context\":\"https:\/\/schema.org\",\"@graph\":[{\"@type\":\"WebPage\",\"@id\":\"https:\/\/www.koupeltech.com\/index.php\/produkt\/makita-e-15285-brasna-na-naradi-a-kladivo-185x85x205mm-olde-05228-sleva-6590\/\",\"url\":\"https:\/\/www.koupeltech.com\/index.php\/produkt\/makita-e-15285-brasna-na-naradi-a-kladivo-185x85x205mm-olde-05228-sleva-6590\/\",\"name\":\"Makita E-15285 bra\u0161na na n\u00e1\u0159ad\u00ed a kladivo 185x85x205mm=oldE-05228 Sleva -\",\"isPartOf\":{\"@id\":\"https:\/\/www.koupeltech.com\/#website\"},\"primaryImageOfPage\":{\"@id\":\"https:\/\/www.koupeltech.com\/index.php\/produkt\/makita-e-15285-brasna-na-naradi-a-kladivo-185x85x205mm-olde-05228-sleva-6590\/#primaryimage\"},\"image\":{\"@id\":\"https:\/\/www.koupeltech.com\/index.php\/produkt\/makita-e-15285-brasna-na-naradi-a-kladivo-185x85x205mm-olde-05228-sleva-6590\/#primaryimage\"},\"thumbnailUrl\":\"https:\/\/www.koupeltech.com\/wp-content\/uploads\/2026\/SK0022444-CZ20260425-092328-0-1777080210-priloha_-skk-49868.webp\",\"datePublished\":\"2026-04-27T13:56:50+00:00\",\"breadcrumb\":{\"@id\":\"https:\/\/www.koupeltech.com\/index.php\/produkt\/makita-e-15285-brasna-na-naradi-a-kladivo-185x85x205mm-olde-05228-sleva-6590\/#breadcrumb\"},\"inLanguage\":\"cs\",\"potentialAction\":[{\"@type\":\"ReadAction\",\"target\":[\"https:\/\/www.koupeltech.com\/index.php\/produkt\/makita-e-15285-brasna-na-naradi-a-kladivo-185x85x205mm-olde-05228-sleva-6590\/\"]}]},{\"@type\":\"ImageObject\",\"inLanguage\":\"cs\",\"@id\":\"https:\/\/www.koupeltech.com\/index.php\/produkt\/makita-e-15285-brasna-na-naradi-a-kladivo-185x85x205mm-olde-05228-sleva-6590\/#primaryimage\",\"url\":\"https:\/\/www.koupeltech.com\/wp-content\/uploads\/2026\/SK0022444-CZ20260425-092328-0-1777080210-priloha_-skk-49868.webp\",\"contentUrl\":\"https:\/\/www.koupeltech.com\/wp-content\/uploads\/2026\/SK0022444-CZ20260425-092328-0-1777080210-priloha_-skk-49868.webp\",\"width\":769,\"height\":800},{\"@type\":\"BreadcrumbList\",\"@id\":\"https:\/\/www.koupeltech.com\/index.php\/produkt\/makita-e-15285-brasna-na-naradi-a-kladivo-185x85x205mm-olde-05228-sleva-6590\/#breadcrumb\",\"itemListElement\":[{\"@type\":\"ListItem\",\"position\":1,\"name\":\"Home\",\"item\":\"https:\/\/www.koupeltech.com\/\"},{\"@type\":\"ListItem\",\"position\":2,\"name\":\"Products\",\"item\":\"https:\/\/www.koupeltech.com\/index.php\/products\/\"},{\"@type\":\"ListItem\",\"position\":3,\"name\":\"Makita E-15285 bra\u0161na na n\u00e1\u0159ad\u00ed a kladivo 185x85x205mm=oldE-05228 Sleva\"}]},{\"@type\":\"WebSite\",\"@id\":\"https:\/\/www.koupeltech.com\/#website\",\"url\":\"https:\/\/www.koupeltech.com\/\",\"name\":\"\",\"description\":\"\",\"potentialAction\":[{\"@type\":\"SearchAction\",\"target\":{\"@type\":\"EntryPoint\",\"urlTemplate\":\"https:\/\/www.koupeltech.com\/?s={search_term_string}\"},\"query-input\":{\"@type\":\"PropertyValueSpecification\",\"valueRequired\":true,\"valueName\":\"search_term_string\"}}],\"inLanguage\":\"cs\"}]}<\/script>\n<!-- \/ Yoast SEO plugin. -->","yoast_head_json":{"title":"Makita E-15285 bra\u0161na na n\u00e1\u0159ad\u00ed a kladivo 185x85x205mm=oldE-05228 Sleva -","robots":{"index":"index","follow":"follow","max-snippet":"max-snippet:-1","max-image-preview":"max-image-preview:large","max-video-preview":"max-video-preview:-1"},"canonical":"https:\/\/www.koupeltech.com\/index.php\/produkt\/makita-e-15285-brasna-na-naradi-a-kladivo-185x85x205mm-olde-05228-sleva-6590\/","og_locale":"cs_CZ","og_type":"article","og_title":"Makita E-15285 bra\u0161na na n\u00e1\u0159ad\u00ed a kladivo 185x85x205mm=oldE-05228 Sleva -","og_description":"185x85x205 mm \u2022 0,29 kg Voln\u011b v\u00fdkyvn\u00e9 kladivo a dr\u017e\u00e1k n\u00e1stroj\u016f pro p\u0159ipevn\u011bn\u00ed k pracovn\u00edm kalhot\u00e1m nebo opaskuVoln\u011b se houpaj\u00edc\u00ed, aby v\u017edy visel svisle, lze pohyblivost regulovat pomoc\u00ed zaji\u0161\u0165ovac\u00edho \u0161roubu. Siln\u00e9 n\u00fdtov\u00e1n\u00ed pro v\u011bt\u0161\u00ed odolnost. Otev\u0159en\u00fd design pro optim\u00e1ln\u00ed p\u0159ehled. \u010cetn\u00e9 vnit\u0159n\u00ed a vn\u011bj\u0161\u00ed smy\u010dky. Vhodn\u00fd pro syst\u00e9m popruh-p\u00e1s.\u0160roub pro nastaven\u00ed pohyblivosti dr\u017e\u00e1ku Dva \u0161iroce [&hellip;]","og_url":"https:\/\/www.koupeltech.com\/index.php\/produkt\/makita-e-15285-brasna-na-naradi-a-kladivo-185x85x205mm-olde-05228-sleva-6590\/","og_image":[{"width":769,"height":800,"url":"https:\/\/www.koupeltech.com\/wp-content\/uploads\/2026\/SK0022444-CZ20260425-092328-0-1777080210-priloha_-skk-49868.webp","type":"image\/webp"}],"twitter_card":"summary_large_image","twitter_misc":{"Odhadovan\u00e1 doba \u010dten\u00ed":"1 minuta"},"schema":{"@context":"https:\/\/schema.org","@graph":[{"@type":"WebPage","@id":"https:\/\/www.koupeltech.com\/index.php\/produkt\/makita-e-15285-brasna-na-naradi-a-kladivo-185x85x205mm-olde-05228-sleva-6590\/","url":"https:\/\/www.koupeltech.com\/index.php\/produkt\/makita-e-15285-brasna-na-naradi-a-kladivo-185x85x205mm-olde-05228-sleva-6590\/","name":"Makita E-15285 bra\u0161na na n\u00e1\u0159ad\u00ed a kladivo 185x85x205mm=oldE-05228 Sleva -","isPartOf":{"@id":"https:\/\/www.koupeltech.com\/#website"},"primaryImageOfPage":{"@id":"https:\/\/www.koupeltech.com\/index.php\/produkt\/makita-e-15285-brasna-na-naradi-a-kladivo-185x85x205mm-olde-05228-sleva-6590\/#primaryimage"},"image":{"@id":"https:\/\/www.koupeltech.com\/index.php\/produkt\/makita-e-15285-brasna-na-naradi-a-kladivo-185x85x205mm-olde-05228-sleva-6590\/#primaryimage"},"thumbnailUrl":"https:\/\/www.koupeltech.com\/wp-content\/uploads\/2026\/SK0022444-CZ20260425-092328-0-1777080210-priloha_-skk-49868.webp","datePublished":"2026-04-27T13:56:50+00:00","breadcrumb":{"@id":"https:\/\/www.koupeltech.com\/index.php\/produkt\/makita-e-15285-brasna-na-naradi-a-kladivo-185x85x205mm-olde-05228-sleva-6590\/#breadcrumb"},"inLanguage":"cs","potentialAction":[{"@type":"ReadAction","target":["https:\/\/www.koupeltech.com\/index.php\/produkt\/makita-e-15285-brasna-na-naradi-a-kladivo-185x85x205mm-olde-05228-sleva-6590\/"]}]},{"@type":"ImageObject","inLanguage":"cs","@id":"https:\/\/www.koupeltech.com\/index.php\/produkt\/makita-e-15285-brasna-na-naradi-a-kladivo-185x85x205mm-olde-05228-sleva-6590\/#primaryimage","url":"https:\/\/www.koupeltech.com\/wp-content\/uploads\/2026\/SK0022444-CZ20260425-092328-0-1777080210-priloha_-skk-49868.webp","contentUrl":"https:\/\/www.koupeltech.com\/wp-content\/uploads\/2026\/SK0022444-CZ20260425-092328-0-1777080210-priloha_-skk-49868.webp","width":769,"height":800},{"@type":"BreadcrumbList","@id":"https:\/\/www.koupeltech.com\/index.php\/produkt\/makita-e-15285-brasna-na-naradi-a-kladivo-185x85x205mm-olde-05228-sleva-6590\/#breadcrumb","itemListElement":[{"@type":"ListItem","position":1,"name":"Home","item":"https:\/\/www.koupeltech.com\/"},{"@type":"ListItem","position":2,"name":"Products","item":"https:\/\/www.koupeltech.com\/index.php\/products\/"},{"@type":"ListItem","position":3,"name":"Makita E-15285 bra\u0161na na n\u00e1\u0159ad\u00ed a kladivo 185x85x205mm=oldE-05228 Sleva"}]},{"@type":"WebSite","@id":"https:\/\/www.koupeltech.com\/#website","url":"https:\/\/www.koupeltech.com\/","name":"","description":"","potentialAction":[{"@type":"SearchAction","target":{"@type":"EntryPoint","urlTemplate":"https:\/\/www.koupeltech.com\/?s={search_term_string}"},"query-input":{"@type":"PropertyValueSpecification","valueRequired":true,"valueName":"search_term_string"}}],"inLanguage":"cs"}]}},"_links":{"self":[{"href":"https:\/\/www.koupeltech.com\/index.php\/wp-json\/wp\/v2\/product\/6590","targetHints":{"allow":["GET"]}}],"collection":[{"href":"https:\/\/www.koupeltech.com\/index.php\/wp-json\/wp\/v2\/product"}],"about":[{"href":"https:\/\/www.koupeltech.com\/index.php\/wp-json\/wp\/v2\/types\/product"}],"replies":[{"embeddable":true,"href":"https:\/\/www.koupeltech.com\/index.php\/wp-json\/wp\/v2\/comments?post=6590"}],"wp:featuredmedia":[{"embeddable":true,"href":"https:\/\/www.koupeltech.com\/index.php\/wp-json\/wp\/v2\/media\/6690"}],"wp:attachment":[{"href":"https:\/\/www.koupeltech.com\/index.php\/wp-json\/wp\/v2\/media?parent=6590"}],"wp:term":[{"taxonomy":"product_brand","embeddable":true,"href":"https:\/\/www.koupeltech.com\/index.php\/wp-json\/wp\/v2\/product_brand?post=6590"},{"taxonomy":"product_cat","embeddable":true,"href":"https:\/\/www.koupeltech.com\/index.php\/wp-json\/wp\/v2\/product_cat?post=6590"},{"taxonomy":"product_tag","embeddable":true,"href":"https:\/\/www.koupeltech.com\/index.php\/wp-json\/wp\/v2\/product_tag?post=6590"}],"curies":[{"name":"wp","href":"https:\/\/api.w.org\/{rel}","templated":true}]}}