{"id":6691,"date":"2026-04-27T13:56:51","date_gmt":"2026-04-27T13:56:51","guid":{"rendered":""},"modified":"2026-04-27T13:56:51","modified_gmt":"2026-04-27T13:56:51","slug":"makita-e-05234-brasna-na-naradi-a-kladivo-110x70x165mm-bezpecna-platba-6691","status":"publish","type":"product","link":"https:\/\/www.koupeltech.com\/index.php\/produkt\/makita-e-05234-brasna-na-naradi-a-kladivo-110x70x165mm-bezpecna-platba-6691\/","title":{"rendered":"Makita E-05234 Bra\u0161na na n\u00e1\u0159ad\u00ed a kladivo 110x70x165mm Bezpe\u010dn\u00e1 Platba"},"content":{"rendered":"<table>\n<div class=\"tab-pane active product-description\" id=\"popis\" role=\"tabpanel\">\n<div class=\"short-description\" itemprop=\"description\">110x70x165 mm \u2022 0,15 kg<\/div>\n<div class=\"description\"><span class='bullet-line'>Dr\u017e\u00e1k kladiva s dr\u017e\u00e1kem kladiva s bo\u010dn\u00edmi branami a dv\u011bma pru\u017en\u00fdmi p\u00e1sky pro pera nebo \u0161roubov\u00e1ky<br \/><\/span><span class='bullet-line'>Z\u00e1padkov\u00fd mechanismus voln\u011b se pohybuj\u00edc\u00edho dr\u017e\u00e1ku kladiva bo\u010dn\u00ed br\u00e1ny umo\u017e\u0148uje u\u017eivateli upnout kladivo c\u00edlen\u011b, ani\u017e by se d\u00edval. <br \/><\/span><span class='bullet-line'>Upnut\u00e9 kladivo se m\u016f\u017ee houpat doprava a doleva a p\u0159izp\u016fsobovat se pohyb\u016fm u\u017eivatele. <br \/><\/span><span class='bullet-line'>Design vhodn\u00fd pro staveni\u0161t\u011b v kombinaci s odoln\u00fdmi n\u00fdtovan\u00fdmi materi\u00e1ly.<\/span><\/div>\n<div class=\"parameters\">\n<tr>\n<td>Hmotnost produktu<\/td>\n<td>0,190 kg<\/td>\n<\/tr>\n<tr>\n<td>Rozm\u011bry produktu (D x \u0160 x V)<\/td>\n<td>110 x 70 x 165 mm<\/td>\n<\/tr><\/div>\n<\/table>\n","protected":false},"excerpt":{"rendered":"<p>110x70x165 mm \u2022 0,15 kg Dr\u017e\u00e1k kladiva s dr\u017e\u00e1kem kladiva s bo\u010dn\u00edmi branami a dv\u011bma pru\u017en\u00fdmi p\u00e1sky pro pera nebo \u0161roubov\u00e1kyZ\u00e1padkov\u00fd mechanismus voln\u011b se pohybuj\u00edc\u00edho dr\u017e\u00e1ku kladiva bo\u010dn\u00ed br\u00e1ny umo\u017e\u0148uje u\u017eivateli upnout kladivo c\u00edlen\u011b, ani\u017e by se d\u00edval. Upnut\u00e9 kladivo se m\u016f\u017ee houpat doprava a doleva a p\u0159izp\u016fsobovat se pohyb\u016fm u\u017eivatele. Design vhodn\u00fd pro staveni\u0161t\u011b [&hellip;]<\/p>\n","protected":false},"featured_media":6791,"comment_status":"open","ping_status":"open","template":"","meta":[],"product_brand":[],"product_cat":[45],"product_tag":[],"class_list":{"0":"post-6691","1":"product","2":"type-product","3":"status-publish","4":"has-post-thumbnail","6":"product_cat-dilna","8":"first","9":"instock","10":"sale","11":"shipping-taxable","12":"purchasable","13":"product-type-simple"},"yoast_head":"<!-- This site is optimized with the Yoast SEO plugin v26.8 - https:\/\/yoast.com\/product\/yoast-seo-wordpress\/ -->\n<title>Makita E-05234 Bra\u0161na na n\u00e1\u0159ad\u00ed a kladivo 110x70x165mm Bezpe\u010dn\u00e1 Platba -<\/title>\n<meta name=\"robots\" content=\"index, follow, max-snippet:-1, max-image-preview:large, max-video-preview:-1\" \/>\n<link rel=\"canonical\" href=\"https:\/\/www.koupeltech.com\/index.php\/produkt\/makita-e-05234-brasna-na-naradi-a-kladivo-110x70x165mm-bezpecna-platba-6691\/\" \/>\n<meta property=\"og:locale\" content=\"cs_CZ\" \/>\n<meta property=\"og:type\" content=\"article\" \/>\n<meta property=\"og:title\" content=\"Makita E-05234 Bra\u0161na na n\u00e1\u0159ad\u00ed a kladivo 110x70x165mm Bezpe\u010dn\u00e1 Platba -\" \/>\n<meta property=\"og:description\" content=\"110x70x165 mm \u2022 0,15 kg Dr\u017e\u00e1k kladiva s dr\u017e\u00e1kem kladiva s bo\u010dn\u00edmi branami a dv\u011bma pru\u017en\u00fdmi p\u00e1sky pro pera nebo \u0161roubov\u00e1kyZ\u00e1padkov\u00fd mechanismus voln\u011b se pohybuj\u00edc\u00edho dr\u017e\u00e1ku kladiva bo\u010dn\u00ed br\u00e1ny umo\u017e\u0148uje u\u017eivateli upnout kladivo c\u00edlen\u011b, ani\u017e by se d\u00edval. Upnut\u00e9 kladivo se m\u016f\u017ee houpat doprava a doleva a p\u0159izp\u016fsobovat se pohyb\u016fm u\u017eivatele. Design vhodn\u00fd pro staveni\u0161t\u011b [&hellip;]\" \/>\n<meta property=\"og:url\" content=\"https:\/\/www.koupeltech.com\/index.php\/produkt\/makita-e-05234-brasna-na-naradi-a-kladivo-110x70x165mm-bezpecna-platba-6691\/\" \/>\n<meta property=\"og:image\" content=\"https:\/\/www.koupeltech.com\/wp-content\/uploads\/2026\/SK0022445-CZ20260425-092328-0-1777080210-e-05234.webp\" \/>\n\t<meta property=\"og:image:width\" content=\"490\" \/>\n\t<meta property=\"og:image:height\" content=\"700\" \/>\n\t<meta property=\"og:image:type\" content=\"image\/webp\" \/>\n<meta name=\"twitter:card\" content=\"summary_large_image\" \/>\n<meta name=\"twitter:label1\" content=\"Odhadovan\u00e1 doba \u010dten\u00ed\" \/>\n\t<meta name=\"twitter:data1\" content=\"1 minuta\" \/>\n<script type=\"application\/ld+json\" class=\"yoast-schema-graph\">{\"@context\":\"https:\/\/schema.org\",\"@graph\":[{\"@type\":\"WebPage\",\"@id\":\"https:\/\/www.koupeltech.com\/index.php\/produkt\/makita-e-05234-brasna-na-naradi-a-kladivo-110x70x165mm-bezpecna-platba-6691\/\",\"url\":\"https:\/\/www.koupeltech.com\/index.php\/produkt\/makita-e-05234-brasna-na-naradi-a-kladivo-110x70x165mm-bezpecna-platba-6691\/\",\"name\":\"Makita E-05234 Bra\u0161na na n\u00e1\u0159ad\u00ed a kladivo 110x70x165mm Bezpe\u010dn\u00e1 Platba -\",\"isPartOf\":{\"@id\":\"https:\/\/www.koupeltech.com\/#website\"},\"primaryImageOfPage\":{\"@id\":\"https:\/\/www.koupeltech.com\/index.php\/produkt\/makita-e-05234-brasna-na-naradi-a-kladivo-110x70x165mm-bezpecna-platba-6691\/#primaryimage\"},\"image\":{\"@id\":\"https:\/\/www.koupeltech.com\/index.php\/produkt\/makita-e-05234-brasna-na-naradi-a-kladivo-110x70x165mm-bezpecna-platba-6691\/#primaryimage\"},\"thumbnailUrl\":\"https:\/\/www.koupeltech.com\/wp-content\/uploads\/2026\/SK0022445-CZ20260425-092328-0-1777080210-e-05234.webp\",\"datePublished\":\"2026-04-27T13:56:51+00:00\",\"breadcrumb\":{\"@id\":\"https:\/\/www.koupeltech.com\/index.php\/produkt\/makita-e-05234-brasna-na-naradi-a-kladivo-110x70x165mm-bezpecna-platba-6691\/#breadcrumb\"},\"inLanguage\":\"cs\",\"potentialAction\":[{\"@type\":\"ReadAction\",\"target\":[\"https:\/\/www.koupeltech.com\/index.php\/produkt\/makita-e-05234-brasna-na-naradi-a-kladivo-110x70x165mm-bezpecna-platba-6691\/\"]}]},{\"@type\":\"ImageObject\",\"inLanguage\":\"cs\",\"@id\":\"https:\/\/www.koupeltech.com\/index.php\/produkt\/makita-e-05234-brasna-na-naradi-a-kladivo-110x70x165mm-bezpecna-platba-6691\/#primaryimage\",\"url\":\"https:\/\/www.koupeltech.com\/wp-content\/uploads\/2026\/SK0022445-CZ20260425-092328-0-1777080210-e-05234.webp\",\"contentUrl\":\"https:\/\/www.koupeltech.com\/wp-content\/uploads\/2026\/SK0022445-CZ20260425-092328-0-1777080210-e-05234.webp\",\"width\":490,\"height\":700},{\"@type\":\"BreadcrumbList\",\"@id\":\"https:\/\/www.koupeltech.com\/index.php\/produkt\/makita-e-05234-brasna-na-naradi-a-kladivo-110x70x165mm-bezpecna-platba-6691\/#breadcrumb\",\"itemListElement\":[{\"@type\":\"ListItem\",\"position\":1,\"name\":\"Home\",\"item\":\"https:\/\/www.koupeltech.com\/\"},{\"@type\":\"ListItem\",\"position\":2,\"name\":\"Products\",\"item\":\"https:\/\/www.koupeltech.com\/index.php\/products\/\"},{\"@type\":\"ListItem\",\"position\":3,\"name\":\"Makita E-05234 Bra\u0161na na n\u00e1\u0159ad\u00ed a kladivo 110x70x165mm Bezpe\u010dn\u00e1 Platba\"}]},{\"@type\":\"WebSite\",\"@id\":\"https:\/\/www.koupeltech.com\/#website\",\"url\":\"https:\/\/www.koupeltech.com\/\",\"name\":\"\",\"description\":\"\",\"potentialAction\":[{\"@type\":\"SearchAction\",\"target\":{\"@type\":\"EntryPoint\",\"urlTemplate\":\"https:\/\/www.koupeltech.com\/?s={search_term_string}\"},\"query-input\":{\"@type\":\"PropertyValueSpecification\",\"valueRequired\":true,\"valueName\":\"search_term_string\"}}],\"inLanguage\":\"cs\"}]}<\/script>\n<!-- \/ Yoast SEO plugin. -->","yoast_head_json":{"title":"Makita E-05234 Bra\u0161na na n\u00e1\u0159ad\u00ed a kladivo 110x70x165mm Bezpe\u010dn\u00e1 Platba -","robots":{"index":"index","follow":"follow","max-snippet":"max-snippet:-1","max-image-preview":"max-image-preview:large","max-video-preview":"max-video-preview:-1"},"canonical":"https:\/\/www.koupeltech.com\/index.php\/produkt\/makita-e-05234-brasna-na-naradi-a-kladivo-110x70x165mm-bezpecna-platba-6691\/","og_locale":"cs_CZ","og_type":"article","og_title":"Makita E-05234 Bra\u0161na na n\u00e1\u0159ad\u00ed a kladivo 110x70x165mm Bezpe\u010dn\u00e1 Platba -","og_description":"110x70x165 mm \u2022 0,15 kg Dr\u017e\u00e1k kladiva s dr\u017e\u00e1kem kladiva s bo\u010dn\u00edmi branami a dv\u011bma pru\u017en\u00fdmi p\u00e1sky pro pera nebo \u0161roubov\u00e1kyZ\u00e1padkov\u00fd mechanismus voln\u011b se pohybuj\u00edc\u00edho dr\u017e\u00e1ku kladiva bo\u010dn\u00ed br\u00e1ny umo\u017e\u0148uje u\u017eivateli upnout kladivo c\u00edlen\u011b, ani\u017e by se d\u00edval. Upnut\u00e9 kladivo se m\u016f\u017ee houpat doprava a doleva a p\u0159izp\u016fsobovat se pohyb\u016fm u\u017eivatele. Design vhodn\u00fd pro staveni\u0161t\u011b [&hellip;]","og_url":"https:\/\/www.koupeltech.com\/index.php\/produkt\/makita-e-05234-brasna-na-naradi-a-kladivo-110x70x165mm-bezpecna-platba-6691\/","og_image":[{"width":490,"height":700,"url":"https:\/\/www.koupeltech.com\/wp-content\/uploads\/2026\/SK0022445-CZ20260425-092328-0-1777080210-e-05234.webp","type":"image\/webp"}],"twitter_card":"summary_large_image","twitter_misc":{"Odhadovan\u00e1 doba \u010dten\u00ed":"1 minuta"},"schema":{"@context":"https:\/\/schema.org","@graph":[{"@type":"WebPage","@id":"https:\/\/www.koupeltech.com\/index.php\/produkt\/makita-e-05234-brasna-na-naradi-a-kladivo-110x70x165mm-bezpecna-platba-6691\/","url":"https:\/\/www.koupeltech.com\/index.php\/produkt\/makita-e-05234-brasna-na-naradi-a-kladivo-110x70x165mm-bezpecna-platba-6691\/","name":"Makita E-05234 Bra\u0161na na n\u00e1\u0159ad\u00ed a kladivo 110x70x165mm Bezpe\u010dn\u00e1 Platba -","isPartOf":{"@id":"https:\/\/www.koupeltech.com\/#website"},"primaryImageOfPage":{"@id":"https:\/\/www.koupeltech.com\/index.php\/produkt\/makita-e-05234-brasna-na-naradi-a-kladivo-110x70x165mm-bezpecna-platba-6691\/#primaryimage"},"image":{"@id":"https:\/\/www.koupeltech.com\/index.php\/produkt\/makita-e-05234-brasna-na-naradi-a-kladivo-110x70x165mm-bezpecna-platba-6691\/#primaryimage"},"thumbnailUrl":"https:\/\/www.koupeltech.com\/wp-content\/uploads\/2026\/SK0022445-CZ20260425-092328-0-1777080210-e-05234.webp","datePublished":"2026-04-27T13:56:51+00:00","breadcrumb":{"@id":"https:\/\/www.koupeltech.com\/index.php\/produkt\/makita-e-05234-brasna-na-naradi-a-kladivo-110x70x165mm-bezpecna-platba-6691\/#breadcrumb"},"inLanguage":"cs","potentialAction":[{"@type":"ReadAction","target":["https:\/\/www.koupeltech.com\/index.php\/produkt\/makita-e-05234-brasna-na-naradi-a-kladivo-110x70x165mm-bezpecna-platba-6691\/"]}]},{"@type":"ImageObject","inLanguage":"cs","@id":"https:\/\/www.koupeltech.com\/index.php\/produkt\/makita-e-05234-brasna-na-naradi-a-kladivo-110x70x165mm-bezpecna-platba-6691\/#primaryimage","url":"https:\/\/www.koupeltech.com\/wp-content\/uploads\/2026\/SK0022445-CZ20260425-092328-0-1777080210-e-05234.webp","contentUrl":"https:\/\/www.koupeltech.com\/wp-content\/uploads\/2026\/SK0022445-CZ20260425-092328-0-1777080210-e-05234.webp","width":490,"height":700},{"@type":"BreadcrumbList","@id":"https:\/\/www.koupeltech.com\/index.php\/produkt\/makita-e-05234-brasna-na-naradi-a-kladivo-110x70x165mm-bezpecna-platba-6691\/#breadcrumb","itemListElement":[{"@type":"ListItem","position":1,"name":"Home","item":"https:\/\/www.koupeltech.com\/"},{"@type":"ListItem","position":2,"name":"Products","item":"https:\/\/www.koupeltech.com\/index.php\/products\/"},{"@type":"ListItem","position":3,"name":"Makita E-05234 Bra\u0161na na n\u00e1\u0159ad\u00ed a kladivo 110x70x165mm Bezpe\u010dn\u00e1 Platba"}]},{"@type":"WebSite","@id":"https:\/\/www.koupeltech.com\/#website","url":"https:\/\/www.koupeltech.com\/","name":"","description":"","potentialAction":[{"@type":"SearchAction","target":{"@type":"EntryPoint","urlTemplate":"https:\/\/www.koupeltech.com\/?s={search_term_string}"},"query-input":{"@type":"PropertyValueSpecification","valueRequired":true,"valueName":"search_term_string"}}],"inLanguage":"cs"}]}},"_links":{"self":[{"href":"https:\/\/www.koupeltech.com\/index.php\/wp-json\/wp\/v2\/product\/6691","targetHints":{"allow":["GET"]}}],"collection":[{"href":"https:\/\/www.koupeltech.com\/index.php\/wp-json\/wp\/v2\/product"}],"about":[{"href":"https:\/\/www.koupeltech.com\/index.php\/wp-json\/wp\/v2\/types\/product"}],"replies":[{"embeddable":true,"href":"https:\/\/www.koupeltech.com\/index.php\/wp-json\/wp\/v2\/comments?post=6691"}],"wp:featuredmedia":[{"embeddable":true,"href":"https:\/\/www.koupeltech.com\/index.php\/wp-json\/wp\/v2\/media\/6791"}],"wp:attachment":[{"href":"https:\/\/www.koupeltech.com\/index.php\/wp-json\/wp\/v2\/media?parent=6691"}],"wp:term":[{"taxonomy":"product_brand","embeddable":true,"href":"https:\/\/www.koupeltech.com\/index.php\/wp-json\/wp\/v2\/product_brand?post=6691"},{"taxonomy":"product_cat","embeddable":true,"href":"https:\/\/www.koupeltech.com\/index.php\/wp-json\/wp\/v2\/product_cat?post=6691"},{"taxonomy":"product_tag","embeddable":true,"href":"https:\/\/www.koupeltech.com\/index.php\/wp-json\/wp\/v2\/product_tag?post=6691"}],"curies":[{"name":"wp","href":"https:\/\/api.w.org\/{rel}","templated":true}]}}