{"id":6692,"date":"2026-04-27T13:56:51","date_gmt":"2026-04-27T13:56:51","guid":{"rendered":""},"modified":"2026-04-27T13:56:51","modified_gmt":"2026-04-27T13:56:51","slug":"doprava-zdarma-makita-e-15316-universalni-brasna-110x15x165mm-6692","status":"publish","type":"product","link":"https:\/\/www.koupeltech.com\/index.php\/produkt\/doprava-zdarma-makita-e-15316-universalni-brasna-110x15x165mm-6692\/","title":{"rendered":"Doprava Zdarma Makita E-15316 Univers\u00e1ln\u00ed bra\u0161na 110x15x165mm"},"content":{"rendered":"<table>\n<div class=\"tab-pane active product-description\" id=\"popis\" role=\"tabpanel\">\n<div class=\"short-description\" itemprop=\"description\">110x15x165 mm \u2022 0,09 kg<\/div>\n<div class=\"description\">\n<p><span class=\"bullet-line\">Univerz\u00e1ln\u011b pou\u017eiteln\u00e9 pro m\u011b\u0159ic\u00ed p\u00e1sky a \u0161roubov\u00e1ky, nap\u0159\u00edklad se dv\u011bma gumi\u010dkami pro pera<\/span><br \/><span class=\"bullet-line\">Dr\u017e\u00e1k z nerezov\u00e9 oceli se dv\u011bma elastick\u00fdmi p\u00e1sky pro \u0161roubov\u00e1ky, pera atd.&nbsp;<\/span><br \/><span class=\"bullet-line\">Univerz\u00e1ln\u011b pou\u017eiteln\u00fd pro m\u011b\u0159ic\u00ed p\u00e1sky, akumul\u00e1torov\u00e9 \u0161roubov\u00e1ky nebo jin\u00e9 n\u00e1stroje pro zav\u011b\u0161en\u00ed.&nbsp;<\/span><br \/><span class=\"bullet-line\">Extra vyztu\u017een\u00e1 z\u00e1da pro bezpe\u010dn\u00e9 dr\u017een\u00ed.&nbsp;<\/span><br \/><span class=\"bullet-line\">Vhodn\u00fd pro syst\u00e9m popruh-p\u00e1s.<\/span><\/p>\n<\/div>\n<div class=\"parameters\">\n<tr>\n<td>Hmotnost produktu<\/td>\n<td>0,130 kg<\/td>\n<\/tr>\n<tr>\n<td>Rozm\u011bry produktu (D x \u0160 x V)<\/td>\n<td>110 x 15 x 165 mm<\/td>\n<\/tr><\/div>\n<\/table>\n","protected":false},"excerpt":{"rendered":"<p>110x15x165 mm \u2022 0,09 kg Univerz\u00e1ln\u011b pou\u017eiteln\u00e9 pro m\u011b\u0159ic\u00ed p\u00e1sky a \u0161roubov\u00e1ky, nap\u0159\u00edklad se dv\u011bma gumi\u010dkami pro peraDr\u017e\u00e1k z nerezov\u00e9 oceli se dv\u011bma elastick\u00fdmi p\u00e1sky pro \u0161roubov\u00e1ky, pera atd.&nbsp;Univerz\u00e1ln\u011b pou\u017eiteln\u00fd pro m\u011b\u0159ic\u00ed p\u00e1sky, akumul\u00e1torov\u00e9 \u0161roubov\u00e1ky nebo jin\u00e9 n\u00e1stroje pro zav\u011b\u0161en\u00ed.&nbsp;Extra vyztu\u017een\u00e1 z\u00e1da pro bezpe\u010dn\u00e9 dr\u017een\u00ed.&nbsp;Vhodn\u00fd pro syst\u00e9m popruh-p\u00e1s. Hmotnost produktu 0,130 kg Rozm\u011bry produktu (D [&hellip;]<\/p>\n","protected":false},"featured_media":6792,"comment_status":"open","ping_status":"open","template":"","meta":[],"product_brand":[],"product_cat":[45],"product_tag":[],"class_list":{"0":"post-6692","1":"product","2":"type-product","3":"status-publish","4":"has-post-thumbnail","6":"product_cat-dilna","8":"first","9":"instock","10":"sale","11":"shipping-taxable","12":"purchasable","13":"product-type-simple"},"yoast_head":"<!-- This site is optimized with the Yoast SEO plugin v26.8 - https:\/\/yoast.com\/product\/yoast-seo-wordpress\/ -->\n<title>Doprava Zdarma Makita E-15316 Univers\u00e1ln\u00ed bra\u0161na 110x15x165mm -<\/title>\n<meta name=\"robots\" content=\"index, follow, max-snippet:-1, max-image-preview:large, max-video-preview:-1\" \/>\n<link rel=\"canonical\" href=\"https:\/\/www.koupeltech.com\/index.php\/produkt\/doprava-zdarma-makita-e-15316-universalni-brasna-110x15x165mm-6692\/\" \/>\n<meta property=\"og:locale\" content=\"cs_CZ\" \/>\n<meta property=\"og:type\" content=\"article\" \/>\n<meta property=\"og:title\" content=\"Doprava Zdarma Makita E-15316 Univers\u00e1ln\u00ed bra\u0161na 110x15x165mm -\" \/>\n<meta property=\"og:description\" content=\"110x15x165 mm \u2022 0,09 kg Univerz\u00e1ln\u011b pou\u017eiteln\u00e9 pro m\u011b\u0159ic\u00ed p\u00e1sky a \u0161roubov\u00e1ky, nap\u0159\u00edklad se dv\u011bma gumi\u010dkami pro peraDr\u017e\u00e1k z nerezov\u00e9 oceli se dv\u011bma elastick\u00fdmi p\u00e1sky pro \u0161roubov\u00e1ky, pera atd.&nbsp;Univerz\u00e1ln\u011b pou\u017eiteln\u00fd pro m\u011b\u0159ic\u00ed p\u00e1sky, akumul\u00e1torov\u00e9 \u0161roubov\u00e1ky nebo jin\u00e9 n\u00e1stroje pro zav\u011b\u0161en\u00ed.&nbsp;Extra vyztu\u017een\u00e1 z\u00e1da pro bezpe\u010dn\u00e9 dr\u017een\u00ed.&nbsp;Vhodn\u00fd pro syst\u00e9m popruh-p\u00e1s. Hmotnost produktu 0,130 kg Rozm\u011bry produktu (D [&hellip;]\" \/>\n<meta property=\"og:url\" content=\"https:\/\/www.koupeltech.com\/index.php\/produkt\/doprava-zdarma-makita-e-15316-universalni-brasna-110x15x165mm-6692\/\" \/>\n<meta property=\"og:image\" content=\"https:\/\/www.koupeltech.com\/wp-content\/uploads\/2026\/SK0022446-CZ20260425-092328-0-1777080210-e-05256-1.webp\" \/>\n\t<meta property=\"og:image:width\" content=\"587\" \/>\n\t<meta property=\"og:image:height\" content=\"700\" \/>\n\t<meta property=\"og:image:type\" content=\"image\/webp\" \/>\n<meta name=\"twitter:card\" content=\"summary_large_image\" \/>\n<script type=\"application\/ld+json\" class=\"yoast-schema-graph\">{\"@context\":\"https:\/\/schema.org\",\"@graph\":[{\"@type\":\"WebPage\",\"@id\":\"https:\/\/www.koupeltech.com\/index.php\/produkt\/doprava-zdarma-makita-e-15316-universalni-brasna-110x15x165mm-6692\/\",\"url\":\"https:\/\/www.koupeltech.com\/index.php\/produkt\/doprava-zdarma-makita-e-15316-universalni-brasna-110x15x165mm-6692\/\",\"name\":\"Doprava Zdarma Makita E-15316 Univers\u00e1ln\u00ed bra\u0161na 110x15x165mm -\",\"isPartOf\":{\"@id\":\"https:\/\/www.koupeltech.com\/#website\"},\"primaryImageOfPage\":{\"@id\":\"https:\/\/www.koupeltech.com\/index.php\/produkt\/doprava-zdarma-makita-e-15316-universalni-brasna-110x15x165mm-6692\/#primaryimage\"},\"image\":{\"@id\":\"https:\/\/www.koupeltech.com\/index.php\/produkt\/doprava-zdarma-makita-e-15316-universalni-brasna-110x15x165mm-6692\/#primaryimage\"},\"thumbnailUrl\":\"https:\/\/www.koupeltech.com\/wp-content\/uploads\/2026\/SK0022446-CZ20260425-092328-0-1777080210-e-05256-1.webp\",\"datePublished\":\"2026-04-27T13:56:51+00:00\",\"breadcrumb\":{\"@id\":\"https:\/\/www.koupeltech.com\/index.php\/produkt\/doprava-zdarma-makita-e-15316-universalni-brasna-110x15x165mm-6692\/#breadcrumb\"},\"inLanguage\":\"cs\",\"potentialAction\":[{\"@type\":\"ReadAction\",\"target\":[\"https:\/\/www.koupeltech.com\/index.php\/produkt\/doprava-zdarma-makita-e-15316-universalni-brasna-110x15x165mm-6692\/\"]}]},{\"@type\":\"ImageObject\",\"inLanguage\":\"cs\",\"@id\":\"https:\/\/www.koupeltech.com\/index.php\/produkt\/doprava-zdarma-makita-e-15316-universalni-brasna-110x15x165mm-6692\/#primaryimage\",\"url\":\"https:\/\/www.koupeltech.com\/wp-content\/uploads\/2026\/SK0022446-CZ20260425-092328-0-1777080210-e-05256-1.webp\",\"contentUrl\":\"https:\/\/www.koupeltech.com\/wp-content\/uploads\/2026\/SK0022446-CZ20260425-092328-0-1777080210-e-05256-1.webp\",\"width\":587,\"height\":700},{\"@type\":\"BreadcrumbList\",\"@id\":\"https:\/\/www.koupeltech.com\/index.php\/produkt\/doprava-zdarma-makita-e-15316-universalni-brasna-110x15x165mm-6692\/#breadcrumb\",\"itemListElement\":[{\"@type\":\"ListItem\",\"position\":1,\"name\":\"Home\",\"item\":\"https:\/\/www.koupeltech.com\/\"},{\"@type\":\"ListItem\",\"position\":2,\"name\":\"Products\",\"item\":\"https:\/\/www.koupeltech.com\/index.php\/products\/\"},{\"@type\":\"ListItem\",\"position\":3,\"name\":\"Doprava Zdarma Makita E-15316 Univers\u00e1ln\u00ed bra\u0161na 110x15x165mm\"}]},{\"@type\":\"WebSite\",\"@id\":\"https:\/\/www.koupeltech.com\/#website\",\"url\":\"https:\/\/www.koupeltech.com\/\",\"name\":\"\",\"description\":\"\",\"potentialAction\":[{\"@type\":\"SearchAction\",\"target\":{\"@type\":\"EntryPoint\",\"urlTemplate\":\"https:\/\/www.koupeltech.com\/?s={search_term_string}\"},\"query-input\":{\"@type\":\"PropertyValueSpecification\",\"valueRequired\":true,\"valueName\":\"search_term_string\"}}],\"inLanguage\":\"cs\"}]}<\/script>\n<!-- \/ Yoast SEO plugin. -->","yoast_head_json":{"title":"Doprava Zdarma Makita E-15316 Univers\u00e1ln\u00ed bra\u0161na 110x15x165mm -","robots":{"index":"index","follow":"follow","max-snippet":"max-snippet:-1","max-image-preview":"max-image-preview:large","max-video-preview":"max-video-preview:-1"},"canonical":"https:\/\/www.koupeltech.com\/index.php\/produkt\/doprava-zdarma-makita-e-15316-universalni-brasna-110x15x165mm-6692\/","og_locale":"cs_CZ","og_type":"article","og_title":"Doprava Zdarma Makita E-15316 Univers\u00e1ln\u00ed bra\u0161na 110x15x165mm -","og_description":"110x15x165 mm \u2022 0,09 kg Univerz\u00e1ln\u011b pou\u017eiteln\u00e9 pro m\u011b\u0159ic\u00ed p\u00e1sky a \u0161roubov\u00e1ky, nap\u0159\u00edklad se dv\u011bma gumi\u010dkami pro peraDr\u017e\u00e1k z nerezov\u00e9 oceli se dv\u011bma elastick\u00fdmi p\u00e1sky pro \u0161roubov\u00e1ky, pera atd.&nbsp;Univerz\u00e1ln\u011b pou\u017eiteln\u00fd pro m\u011b\u0159ic\u00ed p\u00e1sky, akumul\u00e1torov\u00e9 \u0161roubov\u00e1ky nebo jin\u00e9 n\u00e1stroje pro zav\u011b\u0161en\u00ed.&nbsp;Extra vyztu\u017een\u00e1 z\u00e1da pro bezpe\u010dn\u00e9 dr\u017een\u00ed.&nbsp;Vhodn\u00fd pro syst\u00e9m popruh-p\u00e1s. Hmotnost produktu 0,130 kg Rozm\u011bry produktu (D [&hellip;]","og_url":"https:\/\/www.koupeltech.com\/index.php\/produkt\/doprava-zdarma-makita-e-15316-universalni-brasna-110x15x165mm-6692\/","og_image":[{"width":587,"height":700,"url":"https:\/\/www.koupeltech.com\/wp-content\/uploads\/2026\/SK0022446-CZ20260425-092328-0-1777080210-e-05256-1.webp","type":"image\/webp"}],"twitter_card":"summary_large_image","schema":{"@context":"https:\/\/schema.org","@graph":[{"@type":"WebPage","@id":"https:\/\/www.koupeltech.com\/index.php\/produkt\/doprava-zdarma-makita-e-15316-universalni-brasna-110x15x165mm-6692\/","url":"https:\/\/www.koupeltech.com\/index.php\/produkt\/doprava-zdarma-makita-e-15316-universalni-brasna-110x15x165mm-6692\/","name":"Doprava Zdarma Makita E-15316 Univers\u00e1ln\u00ed bra\u0161na 110x15x165mm -","isPartOf":{"@id":"https:\/\/www.koupeltech.com\/#website"},"primaryImageOfPage":{"@id":"https:\/\/www.koupeltech.com\/index.php\/produkt\/doprava-zdarma-makita-e-15316-universalni-brasna-110x15x165mm-6692\/#primaryimage"},"image":{"@id":"https:\/\/www.koupeltech.com\/index.php\/produkt\/doprava-zdarma-makita-e-15316-universalni-brasna-110x15x165mm-6692\/#primaryimage"},"thumbnailUrl":"https:\/\/www.koupeltech.com\/wp-content\/uploads\/2026\/SK0022446-CZ20260425-092328-0-1777080210-e-05256-1.webp","datePublished":"2026-04-27T13:56:51+00:00","breadcrumb":{"@id":"https:\/\/www.koupeltech.com\/index.php\/produkt\/doprava-zdarma-makita-e-15316-universalni-brasna-110x15x165mm-6692\/#breadcrumb"},"inLanguage":"cs","potentialAction":[{"@type":"ReadAction","target":["https:\/\/www.koupeltech.com\/index.php\/produkt\/doprava-zdarma-makita-e-15316-universalni-brasna-110x15x165mm-6692\/"]}]},{"@type":"ImageObject","inLanguage":"cs","@id":"https:\/\/www.koupeltech.com\/index.php\/produkt\/doprava-zdarma-makita-e-15316-universalni-brasna-110x15x165mm-6692\/#primaryimage","url":"https:\/\/www.koupeltech.com\/wp-content\/uploads\/2026\/SK0022446-CZ20260425-092328-0-1777080210-e-05256-1.webp","contentUrl":"https:\/\/www.koupeltech.com\/wp-content\/uploads\/2026\/SK0022446-CZ20260425-092328-0-1777080210-e-05256-1.webp","width":587,"height":700},{"@type":"BreadcrumbList","@id":"https:\/\/www.koupeltech.com\/index.php\/produkt\/doprava-zdarma-makita-e-15316-universalni-brasna-110x15x165mm-6692\/#breadcrumb","itemListElement":[{"@type":"ListItem","position":1,"name":"Home","item":"https:\/\/www.koupeltech.com\/"},{"@type":"ListItem","position":2,"name":"Products","item":"https:\/\/www.koupeltech.com\/index.php\/products\/"},{"@type":"ListItem","position":3,"name":"Doprava Zdarma Makita E-15316 Univers\u00e1ln\u00ed bra\u0161na 110x15x165mm"}]},{"@type":"WebSite","@id":"https:\/\/www.koupeltech.com\/#website","url":"https:\/\/www.koupeltech.com\/","name":"","description":"","potentialAction":[{"@type":"SearchAction","target":{"@type":"EntryPoint","urlTemplate":"https:\/\/www.koupeltech.com\/?s={search_term_string}"},"query-input":{"@type":"PropertyValueSpecification","valueRequired":true,"valueName":"search_term_string"}}],"inLanguage":"cs"}]}},"_links":{"self":[{"href":"https:\/\/www.koupeltech.com\/index.php\/wp-json\/wp\/v2\/product\/6692","targetHints":{"allow":["GET"]}}],"collection":[{"href":"https:\/\/www.koupeltech.com\/index.php\/wp-json\/wp\/v2\/product"}],"about":[{"href":"https:\/\/www.koupeltech.com\/index.php\/wp-json\/wp\/v2\/types\/product"}],"replies":[{"embeddable":true,"href":"https:\/\/www.koupeltech.com\/index.php\/wp-json\/wp\/v2\/comments?post=6692"}],"wp:featuredmedia":[{"embeddable":true,"href":"https:\/\/www.koupeltech.com\/index.php\/wp-json\/wp\/v2\/media\/6792"}],"wp:attachment":[{"href":"https:\/\/www.koupeltech.com\/index.php\/wp-json\/wp\/v2\/media?parent=6692"}],"wp:term":[{"taxonomy":"product_brand","embeddable":true,"href":"https:\/\/www.koupeltech.com\/index.php\/wp-json\/wp\/v2\/product_brand?post=6692"},{"taxonomy":"product_cat","embeddable":true,"href":"https:\/\/www.koupeltech.com\/index.php\/wp-json\/wp\/v2\/product_cat?post=6692"},{"taxonomy":"product_tag","embeddable":true,"href":"https:\/\/www.koupeltech.com\/index.php\/wp-json\/wp\/v2\/product_tag?post=6692"}],"curies":[{"name":"wp","href":"https:\/\/api.w.org\/{rel}","templated":true}]}}