{"id":6701,"date":"2026-04-27T13:56:51","date_gmt":"2026-04-27T13:56:51","guid":{"rendered":""},"modified":"2026-04-27T13:56:51","modified_gmt":"2026-04-27T13:56:51","slug":"makita-e-05446-brasna-na-naradi-490x310x360mm-novinka-6701","status":"publish","type":"product","link":"https:\/\/www.koupeltech.com\/index.php\/produkt\/makita-e-05446-brasna-na-naradi-490x310x360mm-novinka-6701\/","title":{"rendered":"Makita E-05446 bra\u0161na na n\u00e1\u0159ad\u00ed 490x310x360mm Novinka"},"content":{"rendered":"<table>\n<div class=\"tab-pane active product-description\" id=\"popis\" role=\"tabpanel\">\n<div class=\"short-description\" itemprop=\"description\">490x310x360 mm \u2022 2,72 kg \u2022 30,70 l<\/div>\n<div class=\"description\"><span class='bullet-line'>Ta\u0161ka na n\u00e1\u0159ad\u00ed s odn\u00edmatelnou kapuc\u00ed a p\u0159ehledn\u00fdm uspo\u0159\u00e1d\u00e1n\u00edm a velkorys\u00fdm prostorem<br \/><\/span><span class='bullet-line'>Bra\u0161na na n\u00e1\u0159ad\u00ed m\u00e1 dev\u011bt vn\u011bj\u0161\u00edch p\u0159ihr\u00e1dek v r\u016fzn\u00fdch velikostech, osm elastick\u00fdch p\u00e1sk\u016f pro ru\u010dn\u00ed n\u00e1\u0159ad\u00ed a velkou p\u0159ihr\u00e1dku uprost\u0159ed ta\u0161ky pro stroje. <br \/><\/span><span class='bullet-line'>Dno je vodot\u011bsn\u00e9 a vyztu\u017een\u00e9. <br \/><\/span><span class='bullet-line'>S \u010d\u00e1ste\u010dn\u011b \u010daloun\u011bnou kovovou rukojet\u00ed. <br \/><\/span><span class='bullet-line'>V\u010detn\u011b odn\u00edmateln\u00e9 kapuce a popruhu ze syst\u00e9mu popruh-p\u00e1s.<br \/><\/span><span class='bullet-line'>Robustn\u00ed kovov\u00e1 rukoje\u0165<br \/><\/span><span class='bullet-line'>Odn\u00edmateln\u00e1 kapuce chr\u00e1n\u00edc\u00ed p\u0159ed ne\u010distotami a st\u0159\u00edkaj\u00edc\u00ed vodou<br \/><\/span><span class='bullet-line'>Kapotu lze odejmout a ulo\u017eit pomoc\u00ed t\u0159\u00ed elastick\u00fdch popruh\u016f <br \/><\/span><span class='bullet-line'>Vodot\u011bsn\u00fd plastov\u00fd podstavec a dal\u0161\u00ed n\u00fdty pro optim\u00e1ln\u00ed stabilitu a dlouhou \u017eivotnost<br \/><\/span><span class='bullet-line'>Prostor pro ru\u010dn\u00ed pilu se zipem na p\u0159edn\u00ed stran\u011b ta\u0161ky<br \/><\/span><span class='bullet-line'>P\u00e1s ze syst\u00e9mu popruhov\u00e9ho p\u00e1su je sou\u010d\u00e1st\u00ed dod\u00e1vky<br \/><\/span><span class='bullet-line'>P\u011bt vn\u011bj\u0161\u00edch p\u0159ihr\u00e1dek na ru\u010dn\u00ed n\u00e1\u0159ad\u00ed<br \/><\/span><span class='bullet-line'>Elastick\u00e9 poutka pro nap\u0159. kapotu, vodov\u00e1hu nebo p\u00e1\u010didlo<br \/><\/span><span class='bullet-line'>Pohodln\u00e9 no\u0161en\u00ed d\u00edky polstrov\u00e1n\u00ed ramenn\u00edho popruhu<br \/><\/span><span class='bullet-line'>Bo\u010dn\u00ed kapsy s gumi\u010dkou<br \/><\/span><span class='bullet-line'>Jasn\u00e1 organizace a dobr\u00fd p\u0159ehled otev\u0159ete p\u0159ihr\u00e1dku na n\u00e1\u0159ad\u00ed<br \/><\/span><span class='bullet-line'>Pro t\u0159\u00edd\u011bn\u00e9 um\u00edst\u011bn\u00ed v\u00edce ne\u017e 30 ru\u010dn\u00edch n\u00e1stroj\u016f<\/span><\/div>\n<div class=\"parameters\">\n<tr>\n<td>Hmotnost produktu<\/td>\n<td>2800 kg<\/td>\n<\/tr>\n<tr>\n<td>Rozm\u011bry produktu (D x \u0160 x V)<\/td>\n<td>490 x 310 x 360 mm<\/td>\n<\/tr><\/div>\n<\/table>\n","protected":false},"excerpt":{"rendered":"<p>490x310x360 mm \u2022 2,72 kg \u2022 30,70 l Ta\u0161ka na n\u00e1\u0159ad\u00ed s odn\u00edmatelnou kapuc\u00ed a p\u0159ehledn\u00fdm uspo\u0159\u00e1d\u00e1n\u00edm a velkorys\u00fdm prostoremBra\u0161na na n\u00e1\u0159ad\u00ed m\u00e1 dev\u011bt vn\u011bj\u0161\u00edch p\u0159ihr\u00e1dek v r\u016fzn\u00fdch velikostech, osm elastick\u00fdch p\u00e1sk\u016f pro ru\u010dn\u00ed n\u00e1\u0159ad\u00ed a velkou p\u0159ihr\u00e1dku uprost\u0159ed ta\u0161ky pro stroje. Dno je vodot\u011bsn\u00e9 a vyztu\u017een\u00e9. S \u010d\u00e1ste\u010dn\u011b \u010daloun\u011bnou kovovou rukojet\u00ed. V\u010detn\u011b odn\u00edmateln\u00e9 kapuce [&hellip;]<\/p>\n","protected":false},"featured_media":6801,"comment_status":"open","ping_status":"open","template":"","meta":[],"product_brand":[],"product_cat":[45],"product_tag":[],"class_list":{"0":"post-6701","1":"product","2":"type-product","3":"status-publish","4":"has-post-thumbnail","6":"product_cat-dilna","8":"first","9":"instock","10":"sale","11":"shipping-taxable","12":"purchasable","13":"product-type-simple"},"yoast_head":"<!-- This site is optimized with the Yoast SEO plugin v26.8 - https:\/\/yoast.com\/product\/yoast-seo-wordpress\/ -->\n<title>Makita E-05446 bra\u0161na na n\u00e1\u0159ad\u00ed 490x310x360mm Novinka -<\/title>\n<meta name=\"robots\" content=\"index, follow, max-snippet:-1, max-image-preview:large, max-video-preview:-1\" \/>\n<link rel=\"canonical\" href=\"https:\/\/www.koupeltech.com\/index.php\/produkt\/makita-e-05446-brasna-na-naradi-490x310x360mm-novinka-6701\/\" \/>\n<meta property=\"og:locale\" content=\"cs_CZ\" \/>\n<meta property=\"og:type\" content=\"article\" \/>\n<meta property=\"og:title\" content=\"Makita E-05446 bra\u0161na na n\u00e1\u0159ad\u00ed 490x310x360mm Novinka -\" \/>\n<meta property=\"og:description\" content=\"490x310x360 mm \u2022 2,72 kg \u2022 30,70 l Ta\u0161ka na n\u00e1\u0159ad\u00ed s odn\u00edmatelnou kapuc\u00ed a p\u0159ehledn\u00fdm uspo\u0159\u00e1d\u00e1n\u00edm a velkorys\u00fdm prostoremBra\u0161na na n\u00e1\u0159ad\u00ed m\u00e1 dev\u011bt vn\u011bj\u0161\u00edch p\u0159ihr\u00e1dek v r\u016fzn\u00fdch velikostech, osm elastick\u00fdch p\u00e1sk\u016f pro ru\u010dn\u00ed n\u00e1\u0159ad\u00ed a velkou p\u0159ihr\u00e1dku uprost\u0159ed ta\u0161ky pro stroje. Dno je vodot\u011bsn\u00e9 a vyztu\u017een\u00e9. S \u010d\u00e1ste\u010dn\u011b \u010daloun\u011bnou kovovou rukojet\u00ed. V\u010detn\u011b odn\u00edmateln\u00e9 kapuce [&hellip;]\" \/>\n<meta property=\"og:url\" content=\"https:\/\/www.koupeltech.com\/index.php\/produkt\/makita-e-05446-brasna-na-naradi-490x310x360mm-novinka-6701\/\" \/>\n<meta property=\"og:image\" content=\"https:\/\/www.koupeltech.com\/wp-content\/uploads\/2026\/SK0022455-CZ20260425-092328-0-1777080210-e-05430-1.webp\" \/>\n\t<meta property=\"og:image:width\" content=\"700\" \/>\n\t<meta property=\"og:image:height\" content=\"624\" \/>\n\t<meta property=\"og:image:type\" content=\"image\/webp\" \/>\n<meta name=\"twitter:card\" content=\"summary_large_image\" \/>\n<meta name=\"twitter:label1\" content=\"Odhadovan\u00e1 doba \u010dten\u00ed\" \/>\n\t<meta name=\"twitter:data1\" content=\"1 minuta\" \/>\n<script type=\"application\/ld+json\" class=\"yoast-schema-graph\">{\"@context\":\"https:\/\/schema.org\",\"@graph\":[{\"@type\":\"WebPage\",\"@id\":\"https:\/\/www.koupeltech.com\/index.php\/produkt\/makita-e-05446-brasna-na-naradi-490x310x360mm-novinka-6701\/\",\"url\":\"https:\/\/www.koupeltech.com\/index.php\/produkt\/makita-e-05446-brasna-na-naradi-490x310x360mm-novinka-6701\/\",\"name\":\"Makita E-05446 bra\u0161na na n\u00e1\u0159ad\u00ed 490x310x360mm Novinka -\",\"isPartOf\":{\"@id\":\"https:\/\/www.koupeltech.com\/#website\"},\"primaryImageOfPage\":{\"@id\":\"https:\/\/www.koupeltech.com\/index.php\/produkt\/makita-e-05446-brasna-na-naradi-490x310x360mm-novinka-6701\/#primaryimage\"},\"image\":{\"@id\":\"https:\/\/www.koupeltech.com\/index.php\/produkt\/makita-e-05446-brasna-na-naradi-490x310x360mm-novinka-6701\/#primaryimage\"},\"thumbnailUrl\":\"https:\/\/www.koupeltech.com\/wp-content\/uploads\/2026\/SK0022455-CZ20260425-092328-0-1777080210-e-05430-1.webp\",\"datePublished\":\"2026-04-27T13:56:51+00:00\",\"breadcrumb\":{\"@id\":\"https:\/\/www.koupeltech.com\/index.php\/produkt\/makita-e-05446-brasna-na-naradi-490x310x360mm-novinka-6701\/#breadcrumb\"},\"inLanguage\":\"cs\",\"potentialAction\":[{\"@type\":\"ReadAction\",\"target\":[\"https:\/\/www.koupeltech.com\/index.php\/produkt\/makita-e-05446-brasna-na-naradi-490x310x360mm-novinka-6701\/\"]}]},{\"@type\":\"ImageObject\",\"inLanguage\":\"cs\",\"@id\":\"https:\/\/www.koupeltech.com\/index.php\/produkt\/makita-e-05446-brasna-na-naradi-490x310x360mm-novinka-6701\/#primaryimage\",\"url\":\"https:\/\/www.koupeltech.com\/wp-content\/uploads\/2026\/SK0022455-CZ20260425-092328-0-1777080210-e-05430-1.webp\",\"contentUrl\":\"https:\/\/www.koupeltech.com\/wp-content\/uploads\/2026\/SK0022455-CZ20260425-092328-0-1777080210-e-05430-1.webp\",\"width\":700,\"height\":624},{\"@type\":\"BreadcrumbList\",\"@id\":\"https:\/\/www.koupeltech.com\/index.php\/produkt\/makita-e-05446-brasna-na-naradi-490x310x360mm-novinka-6701\/#breadcrumb\",\"itemListElement\":[{\"@type\":\"ListItem\",\"position\":1,\"name\":\"Home\",\"item\":\"https:\/\/www.koupeltech.com\/\"},{\"@type\":\"ListItem\",\"position\":2,\"name\":\"Products\",\"item\":\"https:\/\/www.koupeltech.com\/index.php\/products\/\"},{\"@type\":\"ListItem\",\"position\":3,\"name\":\"Makita E-05446 bra\u0161na na n\u00e1\u0159ad\u00ed 490x310x360mm Novinka\"}]},{\"@type\":\"WebSite\",\"@id\":\"https:\/\/www.koupeltech.com\/#website\",\"url\":\"https:\/\/www.koupeltech.com\/\",\"name\":\"\",\"description\":\"\",\"potentialAction\":[{\"@type\":\"SearchAction\",\"target\":{\"@type\":\"EntryPoint\",\"urlTemplate\":\"https:\/\/www.koupeltech.com\/?s={search_term_string}\"},\"query-input\":{\"@type\":\"PropertyValueSpecification\",\"valueRequired\":true,\"valueName\":\"search_term_string\"}}],\"inLanguage\":\"cs\"}]}<\/script>\n<!-- \/ Yoast SEO plugin. -->","yoast_head_json":{"title":"Makita E-05446 bra\u0161na na n\u00e1\u0159ad\u00ed 490x310x360mm Novinka -","robots":{"index":"index","follow":"follow","max-snippet":"max-snippet:-1","max-image-preview":"max-image-preview:large","max-video-preview":"max-video-preview:-1"},"canonical":"https:\/\/www.koupeltech.com\/index.php\/produkt\/makita-e-05446-brasna-na-naradi-490x310x360mm-novinka-6701\/","og_locale":"cs_CZ","og_type":"article","og_title":"Makita E-05446 bra\u0161na na n\u00e1\u0159ad\u00ed 490x310x360mm Novinka -","og_description":"490x310x360 mm \u2022 2,72 kg \u2022 30,70 l Ta\u0161ka na n\u00e1\u0159ad\u00ed s odn\u00edmatelnou kapuc\u00ed a p\u0159ehledn\u00fdm uspo\u0159\u00e1d\u00e1n\u00edm a velkorys\u00fdm prostoremBra\u0161na na n\u00e1\u0159ad\u00ed m\u00e1 dev\u011bt vn\u011bj\u0161\u00edch p\u0159ihr\u00e1dek v r\u016fzn\u00fdch velikostech, osm elastick\u00fdch p\u00e1sk\u016f pro ru\u010dn\u00ed n\u00e1\u0159ad\u00ed a velkou p\u0159ihr\u00e1dku uprost\u0159ed ta\u0161ky pro stroje. Dno je vodot\u011bsn\u00e9 a vyztu\u017een\u00e9. S \u010d\u00e1ste\u010dn\u011b \u010daloun\u011bnou kovovou rukojet\u00ed. V\u010detn\u011b odn\u00edmateln\u00e9 kapuce [&hellip;]","og_url":"https:\/\/www.koupeltech.com\/index.php\/produkt\/makita-e-05446-brasna-na-naradi-490x310x360mm-novinka-6701\/","og_image":[{"width":700,"height":624,"url":"https:\/\/www.koupeltech.com\/wp-content\/uploads\/2026\/SK0022455-CZ20260425-092328-0-1777080210-e-05430-1.webp","type":"image\/webp"}],"twitter_card":"summary_large_image","twitter_misc":{"Odhadovan\u00e1 doba \u010dten\u00ed":"1 minuta"},"schema":{"@context":"https:\/\/schema.org","@graph":[{"@type":"WebPage","@id":"https:\/\/www.koupeltech.com\/index.php\/produkt\/makita-e-05446-brasna-na-naradi-490x310x360mm-novinka-6701\/","url":"https:\/\/www.koupeltech.com\/index.php\/produkt\/makita-e-05446-brasna-na-naradi-490x310x360mm-novinka-6701\/","name":"Makita E-05446 bra\u0161na na n\u00e1\u0159ad\u00ed 490x310x360mm Novinka -","isPartOf":{"@id":"https:\/\/www.koupeltech.com\/#website"},"primaryImageOfPage":{"@id":"https:\/\/www.koupeltech.com\/index.php\/produkt\/makita-e-05446-brasna-na-naradi-490x310x360mm-novinka-6701\/#primaryimage"},"image":{"@id":"https:\/\/www.koupeltech.com\/index.php\/produkt\/makita-e-05446-brasna-na-naradi-490x310x360mm-novinka-6701\/#primaryimage"},"thumbnailUrl":"https:\/\/www.koupeltech.com\/wp-content\/uploads\/2026\/SK0022455-CZ20260425-092328-0-1777080210-e-05430-1.webp","datePublished":"2026-04-27T13:56:51+00:00","breadcrumb":{"@id":"https:\/\/www.koupeltech.com\/index.php\/produkt\/makita-e-05446-brasna-na-naradi-490x310x360mm-novinka-6701\/#breadcrumb"},"inLanguage":"cs","potentialAction":[{"@type":"ReadAction","target":["https:\/\/www.koupeltech.com\/index.php\/produkt\/makita-e-05446-brasna-na-naradi-490x310x360mm-novinka-6701\/"]}]},{"@type":"ImageObject","inLanguage":"cs","@id":"https:\/\/www.koupeltech.com\/index.php\/produkt\/makita-e-05446-brasna-na-naradi-490x310x360mm-novinka-6701\/#primaryimage","url":"https:\/\/www.koupeltech.com\/wp-content\/uploads\/2026\/SK0022455-CZ20260425-092328-0-1777080210-e-05430-1.webp","contentUrl":"https:\/\/www.koupeltech.com\/wp-content\/uploads\/2026\/SK0022455-CZ20260425-092328-0-1777080210-e-05430-1.webp","width":700,"height":624},{"@type":"BreadcrumbList","@id":"https:\/\/www.koupeltech.com\/index.php\/produkt\/makita-e-05446-brasna-na-naradi-490x310x360mm-novinka-6701\/#breadcrumb","itemListElement":[{"@type":"ListItem","position":1,"name":"Home","item":"https:\/\/www.koupeltech.com\/"},{"@type":"ListItem","position":2,"name":"Products","item":"https:\/\/www.koupeltech.com\/index.php\/products\/"},{"@type":"ListItem","position":3,"name":"Makita E-05446 bra\u0161na na n\u00e1\u0159ad\u00ed 490x310x360mm Novinka"}]},{"@type":"WebSite","@id":"https:\/\/www.koupeltech.com\/#website","url":"https:\/\/www.koupeltech.com\/","name":"","description":"","potentialAction":[{"@type":"SearchAction","target":{"@type":"EntryPoint","urlTemplate":"https:\/\/www.koupeltech.com\/?s={search_term_string}"},"query-input":{"@type":"PropertyValueSpecification","valueRequired":true,"valueName":"search_term_string"}}],"inLanguage":"cs"}]}},"_links":{"self":[{"href":"https:\/\/www.koupeltech.com\/index.php\/wp-json\/wp\/v2\/product\/6701","targetHints":{"allow":["GET"]}}],"collection":[{"href":"https:\/\/www.koupeltech.com\/index.php\/wp-json\/wp\/v2\/product"}],"about":[{"href":"https:\/\/www.koupeltech.com\/index.php\/wp-json\/wp\/v2\/types\/product"}],"replies":[{"embeddable":true,"href":"https:\/\/www.koupeltech.com\/index.php\/wp-json\/wp\/v2\/comments?post=6701"}],"wp:featuredmedia":[{"embeddable":true,"href":"https:\/\/www.koupeltech.com\/index.php\/wp-json\/wp\/v2\/media\/6801"}],"wp:attachment":[{"href":"https:\/\/www.koupeltech.com\/index.php\/wp-json\/wp\/v2\/media?parent=6701"}],"wp:term":[{"taxonomy":"product_brand","embeddable":true,"href":"https:\/\/www.koupeltech.com\/index.php\/wp-json\/wp\/v2\/product_brand?post=6701"},{"taxonomy":"product_cat","embeddable":true,"href":"https:\/\/www.koupeltech.com\/index.php\/wp-json\/wp\/v2\/product_cat?post=6701"},{"taxonomy":"product_tag","embeddable":true,"href":"https:\/\/www.koupeltech.com\/index.php\/wp-json\/wp\/v2\/product_tag?post=6701"}],"curies":[{"name":"wp","href":"https:\/\/api.w.org\/{rel}","templated":true}]}}