{"id":6702,"date":"2026-04-27T13:56:51","date_gmt":"2026-04-27T13:56:51","guid":{"rendered":""},"modified":"2026-04-27T13:56:51","modified_gmt":"2026-04-27T13:56:51","slug":"makita-e-05452-taska-na-naradi-siroky-otvor-34-l-vikendova-akce-6702","status":"publish","type":"product","link":"https:\/\/www.koupeltech.com\/index.php\/produkt\/makita-e-05452-taska-na-naradi-siroky-otvor-34-l-vikendova-akce-6702\/","title":{"rendered":"Makita E-05452 Ta\u0161ka na n\u00e1\u0159ad\u00ed \u0161irok\u00fd otvor 34 l V\u00edkendov\u00e1 Akce"},"content":{"rendered":"<table>\n<div class=\"tab-pane active product-description\" id=\"popis\" role=\"tabpanel\">\n<div class=\"short-description\" itemprop=\"description\">510x295x280 mm \u2022 2,18 kg \u2022 34,3 l<\/div>\n<div class=\"description\"><span class='bullet-line'>Bra\u0161na na n\u00e1\u0159ad\u00ed s obzvl\u00e1\u0161t\u011b velk\u00fdm zpevn\u011bn\u00fdm otvorem a objemem 34 litr\u016f<br \/><\/span><span class='bullet-line'>Ta\u0161ka na n\u00e1\u0159ad\u00ed se zipem a vyztu\u017een\u00e1, velk\u00fd otvor pro dobr\u00fd p\u0159ehled o obsahu. <br \/><\/span><span class='bullet-line'>Ta\u0161ka m\u00e1 20 vnit\u0159n\u00edch a vn\u011bj\u0161\u00edch p\u0159ihr\u00e1dek a elastick\u00e9 p\u00e1sky pro bezpe\u010dn\u00e9 ulo\u017een\u00ed p\u0159\u00edslu\u0161enstv\u00ed a ru\u010dn\u00edho n\u00e1\u0159ad\u00ed. <br \/><\/span><span class='bullet-line'>Dno je vodot\u011bsn\u00e9 a dodate\u010dn\u011b vyztu\u017een\u00e9. <br \/><\/span><span class='bullet-line'>V\u010detn\u011b p\u00e1su ze syst\u00e9mu popruh-p\u00e1s.<br \/><\/span><br \/>\u25ba Popis v\u00fdrobku:<span class='bullet-line'>Ot\u011bruvzdorn\u00e9 a vodot\u011bsn\u00e9 dno vaku zaji\u0161\u0165uje prodlou\u017eenou \u017eivotnost a chr\u00e1n\u00ed stroje a ru\u010dn\u00ed n\u00e1\u0159ad\u00ed p\u0159ed mokr\u00fdm nebo vlhk\u00fdm povrchem. <br \/><\/span><span class='bullet-line'>Spodn\u00ed \u010d\u00e1st ta\u0161ky se tak\u00e9 snadno \u010dist\u00ed, stejn\u011b jako udr\u017eovat po\u0159\u00e1dek v ta\u0161ce.<br \/><\/span><span class='bullet-line'>Dev\u011bt vnit\u0159n\u00edch p\u0159ihr\u00e1dek<br \/><\/span><span class='bullet-line'>Vn\u011bj\u0161\u00ed p\u0159ihr\u00e1dky kolem ta\u0161ky<br \/><\/span><span class='bullet-line'>P\u00e1s vyroben\u00fd ze syst\u00e9mu \u0159em\u00ednkov\u00fdch p\u00e1s\u016f je sou\u010d\u00e1st\u00ed dod\u00e1vky<br \/><\/span><span class='bullet-line'>Vn\u011bj\u0161\u00ed elastick\u00e9 p\u00e1sky, nap\u0159\u00edklad pro vodov\u00e1hu<br \/><\/span><span class='bullet-line'>Protiskluzov\u00fd p\u00e1sek s pogumovan\u00fdm povrchem<br \/><\/span><span class='bullet-line'>D-krou\u017eek pro p\u0159ipevn\u011bn\u00ed n\u00e1stroj\u016f pomoc\u00ed karabin<br \/><\/span><span class='bullet-line'>Dlouh\u00fd Polypropylenov\u00e9 p\u00e1sky na ruce <br \/><\/span><span class='bullet-line'>Zip na kapse<\/span><\/div>\n<div class=\"parameters\">\n<tr>\n<td>Hmotnost produktu<\/td>\n<td>2,280 kg<\/td>\n<\/tr>\n<tr>\n<td>Rozm\u011bry produktu (D x \u0160 x V)<\/td>\n<td>510 x 295 x 280 mm<\/td>\n<\/tr><\/div>\n<\/table>\n","protected":false},"excerpt":{"rendered":"<p>510x295x280 mm \u2022 2,18 kg \u2022 34,3 l Bra\u0161na na n\u00e1\u0159ad\u00ed s obzvl\u00e1\u0161t\u011b velk\u00fdm zpevn\u011bn\u00fdm otvorem a objemem 34 litr\u016fTa\u0161ka na n\u00e1\u0159ad\u00ed se zipem a vyztu\u017een\u00e1, velk\u00fd otvor pro dobr\u00fd p\u0159ehled o obsahu. Ta\u0161ka m\u00e1 20 vnit\u0159n\u00edch a vn\u011bj\u0161\u00edch p\u0159ihr\u00e1dek a elastick\u00e9 p\u00e1sky pro bezpe\u010dn\u00e9 ulo\u017een\u00ed p\u0159\u00edslu\u0161enstv\u00ed a ru\u010dn\u00edho n\u00e1\u0159ad\u00ed. Dno je vodot\u011bsn\u00e9 a dodate\u010dn\u011b [&hellip;]<\/p>\n","protected":false},"featured_media":6802,"comment_status":"open","ping_status":"open","template":"","meta":[],"product_brand":[],"product_cat":[45],"product_tag":[],"class_list":{"0":"post-6702","1":"product","2":"type-product","3":"status-publish","4":"has-post-thumbnail","6":"product_cat-dilna","8":"first","9":"instock","10":"sale","11":"shipping-taxable","12":"purchasable","13":"product-type-simple"},"yoast_head":"<!-- This site is optimized with the Yoast SEO plugin v26.8 - https:\/\/yoast.com\/product\/yoast-seo-wordpress\/ -->\n<title>Makita E-05452 Ta\u0161ka na n\u00e1\u0159ad\u00ed \u0161irok\u00fd otvor 34 l V\u00edkendov\u00e1 Akce -<\/title>\n<meta name=\"robots\" content=\"index, follow, max-snippet:-1, max-image-preview:large, max-video-preview:-1\" \/>\n<link rel=\"canonical\" href=\"https:\/\/www.koupeltech.com\/index.php\/produkt\/makita-e-05452-taska-na-naradi-siroky-otvor-34-l-vikendova-akce-6702\/\" \/>\n<meta property=\"og:locale\" content=\"cs_CZ\" \/>\n<meta property=\"og:type\" content=\"article\" \/>\n<meta property=\"og:title\" content=\"Makita E-05452 Ta\u0161ka na n\u00e1\u0159ad\u00ed \u0161irok\u00fd otvor 34 l V\u00edkendov\u00e1 Akce -\" \/>\n<meta property=\"og:description\" content=\"510x295x280 mm \u2022 2,18 kg \u2022 34,3 l Bra\u0161na na n\u00e1\u0159ad\u00ed s obzvl\u00e1\u0161t\u011b velk\u00fdm zpevn\u011bn\u00fdm otvorem a objemem 34 litr\u016fTa\u0161ka na n\u00e1\u0159ad\u00ed se zipem a vyztu\u017een\u00e1, velk\u00fd otvor pro dobr\u00fd p\u0159ehled o obsahu. Ta\u0161ka m\u00e1 20 vnit\u0159n\u00edch a vn\u011bj\u0161\u00edch p\u0159ihr\u00e1dek a elastick\u00e9 p\u00e1sky pro bezpe\u010dn\u00e9 ulo\u017een\u00ed p\u0159\u00edslu\u0161enstv\u00ed a ru\u010dn\u00edho n\u00e1\u0159ad\u00ed. Dno je vodot\u011bsn\u00e9 a dodate\u010dn\u011b [&hellip;]\" \/>\n<meta property=\"og:url\" content=\"https:\/\/www.koupeltech.com\/index.php\/produkt\/makita-e-05452-taska-na-naradi-siroky-otvor-34-l-vikendova-akce-6702\/\" \/>\n<meta property=\"og:image\" content=\"https:\/\/www.koupeltech.com\/wp-content\/uploads\/2026\/SK0022456-CZ20260425-092328-0-1777080210-e-05452.webp\" \/>\n\t<meta property=\"og:image:width\" content=\"700\" \/>\n\t<meta property=\"og:image:height\" content=\"674\" \/>\n\t<meta property=\"og:image:type\" content=\"image\/webp\" \/>\n<meta name=\"twitter:card\" content=\"summary_large_image\" \/>\n<meta name=\"twitter:label1\" content=\"Odhadovan\u00e1 doba \u010dten\u00ed\" \/>\n\t<meta name=\"twitter:data1\" content=\"1 minuta\" \/>\n<script type=\"application\/ld+json\" class=\"yoast-schema-graph\">{\"@context\":\"https:\/\/schema.org\",\"@graph\":[{\"@type\":\"WebPage\",\"@id\":\"https:\/\/www.koupeltech.com\/index.php\/produkt\/makita-e-05452-taska-na-naradi-siroky-otvor-34-l-vikendova-akce-6702\/\",\"url\":\"https:\/\/www.koupeltech.com\/index.php\/produkt\/makita-e-05452-taska-na-naradi-siroky-otvor-34-l-vikendova-akce-6702\/\",\"name\":\"Makita E-05452 Ta\u0161ka na n\u00e1\u0159ad\u00ed \u0161irok\u00fd otvor 34 l V\u00edkendov\u00e1 Akce -\",\"isPartOf\":{\"@id\":\"https:\/\/www.koupeltech.com\/#website\"},\"primaryImageOfPage\":{\"@id\":\"https:\/\/www.koupeltech.com\/index.php\/produkt\/makita-e-05452-taska-na-naradi-siroky-otvor-34-l-vikendova-akce-6702\/#primaryimage\"},\"image\":{\"@id\":\"https:\/\/www.koupeltech.com\/index.php\/produkt\/makita-e-05452-taska-na-naradi-siroky-otvor-34-l-vikendova-akce-6702\/#primaryimage\"},\"thumbnailUrl\":\"https:\/\/www.koupeltech.com\/wp-content\/uploads\/2026\/SK0022456-CZ20260425-092328-0-1777080210-e-05452.webp\",\"datePublished\":\"2026-04-27T13:56:51+00:00\",\"breadcrumb\":{\"@id\":\"https:\/\/www.koupeltech.com\/index.php\/produkt\/makita-e-05452-taska-na-naradi-siroky-otvor-34-l-vikendova-akce-6702\/#breadcrumb\"},\"inLanguage\":\"cs\",\"potentialAction\":[{\"@type\":\"ReadAction\",\"target\":[\"https:\/\/www.koupeltech.com\/index.php\/produkt\/makita-e-05452-taska-na-naradi-siroky-otvor-34-l-vikendova-akce-6702\/\"]}]},{\"@type\":\"ImageObject\",\"inLanguage\":\"cs\",\"@id\":\"https:\/\/www.koupeltech.com\/index.php\/produkt\/makita-e-05452-taska-na-naradi-siroky-otvor-34-l-vikendova-akce-6702\/#primaryimage\",\"url\":\"https:\/\/www.koupeltech.com\/wp-content\/uploads\/2026\/SK0022456-CZ20260425-092328-0-1777080210-e-05452.webp\",\"contentUrl\":\"https:\/\/www.koupeltech.com\/wp-content\/uploads\/2026\/SK0022456-CZ20260425-092328-0-1777080210-e-05452.webp\",\"width\":700,\"height\":674},{\"@type\":\"BreadcrumbList\",\"@id\":\"https:\/\/www.koupeltech.com\/index.php\/produkt\/makita-e-05452-taska-na-naradi-siroky-otvor-34-l-vikendova-akce-6702\/#breadcrumb\",\"itemListElement\":[{\"@type\":\"ListItem\",\"position\":1,\"name\":\"Home\",\"item\":\"https:\/\/www.koupeltech.com\/\"},{\"@type\":\"ListItem\",\"position\":2,\"name\":\"Products\",\"item\":\"https:\/\/www.koupeltech.com\/index.php\/products\/\"},{\"@type\":\"ListItem\",\"position\":3,\"name\":\"Makita E-05452 Ta\u0161ka na n\u00e1\u0159ad\u00ed \u0161irok\u00fd otvor 34 l V\u00edkendov\u00e1 Akce\"}]},{\"@type\":\"WebSite\",\"@id\":\"https:\/\/www.koupeltech.com\/#website\",\"url\":\"https:\/\/www.koupeltech.com\/\",\"name\":\"\",\"description\":\"\",\"potentialAction\":[{\"@type\":\"SearchAction\",\"target\":{\"@type\":\"EntryPoint\",\"urlTemplate\":\"https:\/\/www.koupeltech.com\/?s={search_term_string}\"},\"query-input\":{\"@type\":\"PropertyValueSpecification\",\"valueRequired\":true,\"valueName\":\"search_term_string\"}}],\"inLanguage\":\"cs\"}]}<\/script>\n<!-- \/ Yoast SEO plugin. -->","yoast_head_json":{"title":"Makita E-05452 Ta\u0161ka na n\u00e1\u0159ad\u00ed \u0161irok\u00fd otvor 34 l V\u00edkendov\u00e1 Akce -","robots":{"index":"index","follow":"follow","max-snippet":"max-snippet:-1","max-image-preview":"max-image-preview:large","max-video-preview":"max-video-preview:-1"},"canonical":"https:\/\/www.koupeltech.com\/index.php\/produkt\/makita-e-05452-taska-na-naradi-siroky-otvor-34-l-vikendova-akce-6702\/","og_locale":"cs_CZ","og_type":"article","og_title":"Makita E-05452 Ta\u0161ka na n\u00e1\u0159ad\u00ed \u0161irok\u00fd otvor 34 l V\u00edkendov\u00e1 Akce -","og_description":"510x295x280 mm \u2022 2,18 kg \u2022 34,3 l Bra\u0161na na n\u00e1\u0159ad\u00ed s obzvl\u00e1\u0161t\u011b velk\u00fdm zpevn\u011bn\u00fdm otvorem a objemem 34 litr\u016fTa\u0161ka na n\u00e1\u0159ad\u00ed se zipem a vyztu\u017een\u00e1, velk\u00fd otvor pro dobr\u00fd p\u0159ehled o obsahu. Ta\u0161ka m\u00e1 20 vnit\u0159n\u00edch a vn\u011bj\u0161\u00edch p\u0159ihr\u00e1dek a elastick\u00e9 p\u00e1sky pro bezpe\u010dn\u00e9 ulo\u017een\u00ed p\u0159\u00edslu\u0161enstv\u00ed a ru\u010dn\u00edho n\u00e1\u0159ad\u00ed. Dno je vodot\u011bsn\u00e9 a dodate\u010dn\u011b [&hellip;]","og_url":"https:\/\/www.koupeltech.com\/index.php\/produkt\/makita-e-05452-taska-na-naradi-siroky-otvor-34-l-vikendova-akce-6702\/","og_image":[{"width":700,"height":674,"url":"https:\/\/www.koupeltech.com\/wp-content\/uploads\/2026\/SK0022456-CZ20260425-092328-0-1777080210-e-05452.webp","type":"image\/webp"}],"twitter_card":"summary_large_image","twitter_misc":{"Odhadovan\u00e1 doba \u010dten\u00ed":"1 minuta"},"schema":{"@context":"https:\/\/schema.org","@graph":[{"@type":"WebPage","@id":"https:\/\/www.koupeltech.com\/index.php\/produkt\/makita-e-05452-taska-na-naradi-siroky-otvor-34-l-vikendova-akce-6702\/","url":"https:\/\/www.koupeltech.com\/index.php\/produkt\/makita-e-05452-taska-na-naradi-siroky-otvor-34-l-vikendova-akce-6702\/","name":"Makita E-05452 Ta\u0161ka na n\u00e1\u0159ad\u00ed \u0161irok\u00fd otvor 34 l V\u00edkendov\u00e1 Akce -","isPartOf":{"@id":"https:\/\/www.koupeltech.com\/#website"},"primaryImageOfPage":{"@id":"https:\/\/www.koupeltech.com\/index.php\/produkt\/makita-e-05452-taska-na-naradi-siroky-otvor-34-l-vikendova-akce-6702\/#primaryimage"},"image":{"@id":"https:\/\/www.koupeltech.com\/index.php\/produkt\/makita-e-05452-taska-na-naradi-siroky-otvor-34-l-vikendova-akce-6702\/#primaryimage"},"thumbnailUrl":"https:\/\/www.koupeltech.com\/wp-content\/uploads\/2026\/SK0022456-CZ20260425-092328-0-1777080210-e-05452.webp","datePublished":"2026-04-27T13:56:51+00:00","breadcrumb":{"@id":"https:\/\/www.koupeltech.com\/index.php\/produkt\/makita-e-05452-taska-na-naradi-siroky-otvor-34-l-vikendova-akce-6702\/#breadcrumb"},"inLanguage":"cs","potentialAction":[{"@type":"ReadAction","target":["https:\/\/www.koupeltech.com\/index.php\/produkt\/makita-e-05452-taska-na-naradi-siroky-otvor-34-l-vikendova-akce-6702\/"]}]},{"@type":"ImageObject","inLanguage":"cs","@id":"https:\/\/www.koupeltech.com\/index.php\/produkt\/makita-e-05452-taska-na-naradi-siroky-otvor-34-l-vikendova-akce-6702\/#primaryimage","url":"https:\/\/www.koupeltech.com\/wp-content\/uploads\/2026\/SK0022456-CZ20260425-092328-0-1777080210-e-05452.webp","contentUrl":"https:\/\/www.koupeltech.com\/wp-content\/uploads\/2026\/SK0022456-CZ20260425-092328-0-1777080210-e-05452.webp","width":700,"height":674},{"@type":"BreadcrumbList","@id":"https:\/\/www.koupeltech.com\/index.php\/produkt\/makita-e-05452-taska-na-naradi-siroky-otvor-34-l-vikendova-akce-6702\/#breadcrumb","itemListElement":[{"@type":"ListItem","position":1,"name":"Home","item":"https:\/\/www.koupeltech.com\/"},{"@type":"ListItem","position":2,"name":"Products","item":"https:\/\/www.koupeltech.com\/index.php\/products\/"},{"@type":"ListItem","position":3,"name":"Makita E-05452 Ta\u0161ka na n\u00e1\u0159ad\u00ed \u0161irok\u00fd otvor 34 l V\u00edkendov\u00e1 Akce"}]},{"@type":"WebSite","@id":"https:\/\/www.koupeltech.com\/#website","url":"https:\/\/www.koupeltech.com\/","name":"","description":"","potentialAction":[{"@type":"SearchAction","target":{"@type":"EntryPoint","urlTemplate":"https:\/\/www.koupeltech.com\/?s={search_term_string}"},"query-input":{"@type":"PropertyValueSpecification","valueRequired":true,"valueName":"search_term_string"}}],"inLanguage":"cs"}]}},"_links":{"self":[{"href":"https:\/\/www.koupeltech.com\/index.php\/wp-json\/wp\/v2\/product\/6702","targetHints":{"allow":["GET"]}}],"collection":[{"href":"https:\/\/www.koupeltech.com\/index.php\/wp-json\/wp\/v2\/product"}],"about":[{"href":"https:\/\/www.koupeltech.com\/index.php\/wp-json\/wp\/v2\/types\/product"}],"replies":[{"embeddable":true,"href":"https:\/\/www.koupeltech.com\/index.php\/wp-json\/wp\/v2\/comments?post=6702"}],"wp:featuredmedia":[{"embeddable":true,"href":"https:\/\/www.koupeltech.com\/index.php\/wp-json\/wp\/v2\/media\/6802"}],"wp:attachment":[{"href":"https:\/\/www.koupeltech.com\/index.php\/wp-json\/wp\/v2\/media?parent=6702"}],"wp:term":[{"taxonomy":"product_brand","embeddable":true,"href":"https:\/\/www.koupeltech.com\/index.php\/wp-json\/wp\/v2\/product_brand?post=6702"},{"taxonomy":"product_cat","embeddable":true,"href":"https:\/\/www.koupeltech.com\/index.php\/wp-json\/wp\/v2\/product_cat?post=6702"},{"taxonomy":"product_tag","embeddable":true,"href":"https:\/\/www.koupeltech.com\/index.php\/wp-json\/wp\/v2\/product_tag?post=6702"}],"curies":[{"name":"wp","href":"https:\/\/api.w.org\/{rel}","templated":true}]}}