{"id":6705,"date":"2026-04-27T13:56:51","date_gmt":"2026-04-27T13:56:51","guid":{"rendered":""},"modified":"2026-04-27T13:56:51","modified_gmt":"2026-04-27T13:56:51","slug":"makita-e-05480-hranata-taska-260x220x410mm-must-have-6705","status":"publish","type":"product","link":"https:\/\/www.koupeltech.com\/index.php\/produkt\/makita-e-05480-hranata-taska-260x220x410mm-must-have-6705\/","title":{"rendered":"Makita E-05480 hranat\u00e1 ta\u0161ka 260x220x410mm Must-Have"},"content":{"rendered":"<table>\n<div class=\"tab-pane active product-description\" id=\"popis\" role=\"tabpanel\">\n<div class=\"short-description\" itemprop=\"description\">260x220x410 mm \u2022 1,09 kg \u2022 10,0 l<\/div>\n<div class=\"description\"><span class='bullet-line'>\u010ctvercov\u00e1 ta\u0161ka na n\u00e1\u0159ad\u00ed s hlubok\u00fdm vybr\u00e1n\u00edm a mnoha p\u0159ihr\u00e1dkami a elastick\u00fdmi p\u00e1sky<br \/><\/span><span class='bullet-line'>\u010ctvercov\u00e1 ta\u0161ka na n\u00e1\u0159ad\u00ed m\u00e1 \u0161est vn\u011bj\u0161\u00edch p\u0159ihr\u00e1dek, \u0161est elastick\u00fdch popruh\u016f a osm dal\u0161\u00edch vnit\u0159n\u00edch popruh\u016f a dr\u017e\u00e1k\u016f bit\u016f. <br \/><\/span><span class='bullet-line'>Na vn\u011bj\u0161\u00ed stran\u011b je um\u00edst\u011bn dr\u017e\u00e1k metru z nerezov\u00e9 oceli. <br \/><\/span><span class='bullet-line'>V\u010detn\u011b p\u00e1su ze syst\u00e9mu popruh-p\u00e1s. <br \/><\/span><span class='bullet-line'>Lze pou\u017e\u00edt tak\u00e9 jako p\u0159epravn\u00ed ta\u0161ku.<br \/><\/span><span class='bullet-line'>Lze jej p\u0159en\u00e1\u0161et dv\u011bma zp\u016fsoby: s pogumovanou rukojet\u00ed nebo se syst\u00e9mem popruh\u016f p\u0159es rameno<br \/><\/span><span class='bullet-line'>Protiskluzov\u00e1 p\u00e1ska na horn\u00ed hran\u011b chr\u00e1n\u00ed proti sklouznut\u00ed n\u00e1stroj\u016f<br \/><\/span><span class='bullet-line'>Vodot\u011bsn\u00e1 pogumovan\u00e1 z\u00e1kladna<br \/><\/span><span class='bullet-line'>Elastick\u00e9 poutka na bity<br \/><\/span><span class='bullet-line'>Makita Logo na p\u0159edn\u00ed stran\u011b ta\u0161ky<br \/><\/span><span class='bullet-line'>Elastick\u00e9 poutka na n\u00e1\u0159ad\u00ed kolem ta\u0161ky<br \/><\/span><span class='bullet-line'>Plastov\u00e1 li\u0161ta pro t\u0159\u00edd\u011bn\u00ed a upevn\u011bn\u00ed n\u00e1stroj\u016f<br \/><\/span><span class='bullet-line'>Elastick\u00e9 p\u00e1sky pro p\u0159ipevn\u011bn\u00ed del\u0161\u00edch n\u00e1stroj\u016f<br \/><\/span><span class='bullet-line'>Dr\u017e\u00e1k p\u00e1sky z nerezov\u00e9 oceli<br \/><\/span><span class='bullet-line'>Pogumovan\u00e1 rukoje\u0165 zaji\u0161\u0165uje pohodln\u00e9 no\u0161en\u00ed ta\u0161ky<\/span><\/div>\n<div class=\"parameters\">\n<tr>\n<td>Hmotnost produktu<\/td>\n<td>1,140 kg<\/td>\n<\/tr>\n<tr>\n<td>Rozm\u011bry produktu (D x \u0160 x V)<\/td>\n<td>260 x 220 x 410 mm<\/td>\n<\/tr><\/div>\n<\/table>\n","protected":false},"excerpt":{"rendered":"<p>260x220x410 mm \u2022 1,09 kg \u2022 10,0 l \u010ctvercov\u00e1 ta\u0161ka na n\u00e1\u0159ad\u00ed s hlubok\u00fdm vybr\u00e1n\u00edm a mnoha p\u0159ihr\u00e1dkami a elastick\u00fdmi p\u00e1sky\u010ctvercov\u00e1 ta\u0161ka na n\u00e1\u0159ad\u00ed m\u00e1 \u0161est vn\u011bj\u0161\u00edch p\u0159ihr\u00e1dek, \u0161est elastick\u00fdch popruh\u016f a osm dal\u0161\u00edch vnit\u0159n\u00edch popruh\u016f a dr\u017e\u00e1k\u016f bit\u016f. Na vn\u011bj\u0161\u00ed stran\u011b je um\u00edst\u011bn dr\u017e\u00e1k metru z nerezov\u00e9 oceli. V\u010detn\u011b p\u00e1su ze syst\u00e9mu popruh-p\u00e1s. Lze [&hellip;]<\/p>\n","protected":false},"featured_media":6805,"comment_status":"open","ping_status":"open","template":"","meta":[],"product_brand":[],"product_cat":[45],"product_tag":[],"class_list":{"0":"post-6705","1":"product","2":"type-product","3":"status-publish","4":"has-post-thumbnail","6":"product_cat-dilna","8":"first","9":"instock","10":"sale","11":"shipping-taxable","12":"purchasable","13":"product-type-simple"},"yoast_head":"<!-- This site is optimized with the Yoast SEO plugin v26.8 - https:\/\/yoast.com\/product\/yoast-seo-wordpress\/ -->\n<title>Makita E-05480 hranat\u00e1 ta\u0161ka 260x220x410mm Must-Have -<\/title>\n<meta name=\"robots\" content=\"index, follow, max-snippet:-1, max-image-preview:large, max-video-preview:-1\" \/>\n<link rel=\"canonical\" href=\"https:\/\/www.koupeltech.com\/index.php\/produkt\/makita-e-05480-hranata-taska-260x220x410mm-must-have-6705\/\" \/>\n<meta property=\"og:locale\" content=\"cs_CZ\" \/>\n<meta property=\"og:type\" content=\"article\" \/>\n<meta property=\"og:title\" content=\"Makita E-05480 hranat\u00e1 ta\u0161ka 260x220x410mm Must-Have -\" \/>\n<meta property=\"og:description\" content=\"260x220x410 mm \u2022 1,09 kg \u2022 10,0 l \u010ctvercov\u00e1 ta\u0161ka na n\u00e1\u0159ad\u00ed s hlubok\u00fdm vybr\u00e1n\u00edm a mnoha p\u0159ihr\u00e1dkami a elastick\u00fdmi p\u00e1sky\u010ctvercov\u00e1 ta\u0161ka na n\u00e1\u0159ad\u00ed m\u00e1 \u0161est vn\u011bj\u0161\u00edch p\u0159ihr\u00e1dek, \u0161est elastick\u00fdch popruh\u016f a osm dal\u0161\u00edch vnit\u0159n\u00edch popruh\u016f a dr\u017e\u00e1k\u016f bit\u016f. Na vn\u011bj\u0161\u00ed stran\u011b je um\u00edst\u011bn dr\u017e\u00e1k metru z nerezov\u00e9 oceli. V\u010detn\u011b p\u00e1su ze syst\u00e9mu popruh-p\u00e1s. Lze [&hellip;]\" \/>\n<meta property=\"og:url\" content=\"https:\/\/www.koupeltech.com\/index.php\/produkt\/makita-e-05480-hranata-taska-260x220x410mm-must-have-6705\/\" \/>\n<meta property=\"og:image\" content=\"https:\/\/www.koupeltech.com\/wp-content\/uploads\/2026\/SK0022459-CZ20260425-092328-0-1777080210-e-05480.webp\" \/>\n\t<meta property=\"og:image:width\" content=\"471\" \/>\n\t<meta property=\"og:image:height\" content=\"700\" \/>\n\t<meta property=\"og:image:type\" content=\"image\/webp\" \/>\n<meta name=\"twitter:card\" content=\"summary_large_image\" \/>\n<meta name=\"twitter:label1\" content=\"Odhadovan\u00e1 doba \u010dten\u00ed\" \/>\n\t<meta name=\"twitter:data1\" content=\"1 minuta\" \/>\n<script type=\"application\/ld+json\" class=\"yoast-schema-graph\">{\"@context\":\"https:\/\/schema.org\",\"@graph\":[{\"@type\":\"WebPage\",\"@id\":\"https:\/\/www.koupeltech.com\/index.php\/produkt\/makita-e-05480-hranata-taska-260x220x410mm-must-have-6705\/\",\"url\":\"https:\/\/www.koupeltech.com\/index.php\/produkt\/makita-e-05480-hranata-taska-260x220x410mm-must-have-6705\/\",\"name\":\"Makita E-05480 hranat\u00e1 ta\u0161ka 260x220x410mm Must-Have -\",\"isPartOf\":{\"@id\":\"https:\/\/www.koupeltech.com\/#website\"},\"primaryImageOfPage\":{\"@id\":\"https:\/\/www.koupeltech.com\/index.php\/produkt\/makita-e-05480-hranata-taska-260x220x410mm-must-have-6705\/#primaryimage\"},\"image\":{\"@id\":\"https:\/\/www.koupeltech.com\/index.php\/produkt\/makita-e-05480-hranata-taska-260x220x410mm-must-have-6705\/#primaryimage\"},\"thumbnailUrl\":\"https:\/\/www.koupeltech.com\/wp-content\/uploads\/2026\/SK0022459-CZ20260425-092328-0-1777080210-e-05480.webp\",\"datePublished\":\"2026-04-27T13:56:51+00:00\",\"breadcrumb\":{\"@id\":\"https:\/\/www.koupeltech.com\/index.php\/produkt\/makita-e-05480-hranata-taska-260x220x410mm-must-have-6705\/#breadcrumb\"},\"inLanguage\":\"cs\",\"potentialAction\":[{\"@type\":\"ReadAction\",\"target\":[\"https:\/\/www.koupeltech.com\/index.php\/produkt\/makita-e-05480-hranata-taska-260x220x410mm-must-have-6705\/\"]}]},{\"@type\":\"ImageObject\",\"inLanguage\":\"cs\",\"@id\":\"https:\/\/www.koupeltech.com\/index.php\/produkt\/makita-e-05480-hranata-taska-260x220x410mm-must-have-6705\/#primaryimage\",\"url\":\"https:\/\/www.koupeltech.com\/wp-content\/uploads\/2026\/SK0022459-CZ20260425-092328-0-1777080210-e-05480.webp\",\"contentUrl\":\"https:\/\/www.koupeltech.com\/wp-content\/uploads\/2026\/SK0022459-CZ20260425-092328-0-1777080210-e-05480.webp\",\"width\":471,\"height\":700},{\"@type\":\"BreadcrumbList\",\"@id\":\"https:\/\/www.koupeltech.com\/index.php\/produkt\/makita-e-05480-hranata-taska-260x220x410mm-must-have-6705\/#breadcrumb\",\"itemListElement\":[{\"@type\":\"ListItem\",\"position\":1,\"name\":\"Home\",\"item\":\"https:\/\/www.koupeltech.com\/\"},{\"@type\":\"ListItem\",\"position\":2,\"name\":\"Products\",\"item\":\"https:\/\/www.koupeltech.com\/index.php\/products\/\"},{\"@type\":\"ListItem\",\"position\":3,\"name\":\"Makita E-05480 hranat\u00e1 ta\u0161ka 260x220x410mm Must-Have\"}]},{\"@type\":\"WebSite\",\"@id\":\"https:\/\/www.koupeltech.com\/#website\",\"url\":\"https:\/\/www.koupeltech.com\/\",\"name\":\"\",\"description\":\"\",\"potentialAction\":[{\"@type\":\"SearchAction\",\"target\":{\"@type\":\"EntryPoint\",\"urlTemplate\":\"https:\/\/www.koupeltech.com\/?s={search_term_string}\"},\"query-input\":{\"@type\":\"PropertyValueSpecification\",\"valueRequired\":true,\"valueName\":\"search_term_string\"}}],\"inLanguage\":\"cs\"}]}<\/script>\n<!-- \/ Yoast SEO plugin. -->","yoast_head_json":{"title":"Makita E-05480 hranat\u00e1 ta\u0161ka 260x220x410mm Must-Have -","robots":{"index":"index","follow":"follow","max-snippet":"max-snippet:-1","max-image-preview":"max-image-preview:large","max-video-preview":"max-video-preview:-1"},"canonical":"https:\/\/www.koupeltech.com\/index.php\/produkt\/makita-e-05480-hranata-taska-260x220x410mm-must-have-6705\/","og_locale":"cs_CZ","og_type":"article","og_title":"Makita E-05480 hranat\u00e1 ta\u0161ka 260x220x410mm Must-Have -","og_description":"260x220x410 mm \u2022 1,09 kg \u2022 10,0 l \u010ctvercov\u00e1 ta\u0161ka na n\u00e1\u0159ad\u00ed s hlubok\u00fdm vybr\u00e1n\u00edm a mnoha p\u0159ihr\u00e1dkami a elastick\u00fdmi p\u00e1sky\u010ctvercov\u00e1 ta\u0161ka na n\u00e1\u0159ad\u00ed m\u00e1 \u0161est vn\u011bj\u0161\u00edch p\u0159ihr\u00e1dek, \u0161est elastick\u00fdch popruh\u016f a osm dal\u0161\u00edch vnit\u0159n\u00edch popruh\u016f a dr\u017e\u00e1k\u016f bit\u016f. Na vn\u011bj\u0161\u00ed stran\u011b je um\u00edst\u011bn dr\u017e\u00e1k metru z nerezov\u00e9 oceli. V\u010detn\u011b p\u00e1su ze syst\u00e9mu popruh-p\u00e1s. Lze [&hellip;]","og_url":"https:\/\/www.koupeltech.com\/index.php\/produkt\/makita-e-05480-hranata-taska-260x220x410mm-must-have-6705\/","og_image":[{"width":471,"height":700,"url":"https:\/\/www.koupeltech.com\/wp-content\/uploads\/2026\/SK0022459-CZ20260425-092328-0-1777080210-e-05480.webp","type":"image\/webp"}],"twitter_card":"summary_large_image","twitter_misc":{"Odhadovan\u00e1 doba \u010dten\u00ed":"1 minuta"},"schema":{"@context":"https:\/\/schema.org","@graph":[{"@type":"WebPage","@id":"https:\/\/www.koupeltech.com\/index.php\/produkt\/makita-e-05480-hranata-taska-260x220x410mm-must-have-6705\/","url":"https:\/\/www.koupeltech.com\/index.php\/produkt\/makita-e-05480-hranata-taska-260x220x410mm-must-have-6705\/","name":"Makita E-05480 hranat\u00e1 ta\u0161ka 260x220x410mm Must-Have -","isPartOf":{"@id":"https:\/\/www.koupeltech.com\/#website"},"primaryImageOfPage":{"@id":"https:\/\/www.koupeltech.com\/index.php\/produkt\/makita-e-05480-hranata-taska-260x220x410mm-must-have-6705\/#primaryimage"},"image":{"@id":"https:\/\/www.koupeltech.com\/index.php\/produkt\/makita-e-05480-hranata-taska-260x220x410mm-must-have-6705\/#primaryimage"},"thumbnailUrl":"https:\/\/www.koupeltech.com\/wp-content\/uploads\/2026\/SK0022459-CZ20260425-092328-0-1777080210-e-05480.webp","datePublished":"2026-04-27T13:56:51+00:00","breadcrumb":{"@id":"https:\/\/www.koupeltech.com\/index.php\/produkt\/makita-e-05480-hranata-taska-260x220x410mm-must-have-6705\/#breadcrumb"},"inLanguage":"cs","potentialAction":[{"@type":"ReadAction","target":["https:\/\/www.koupeltech.com\/index.php\/produkt\/makita-e-05480-hranata-taska-260x220x410mm-must-have-6705\/"]}]},{"@type":"ImageObject","inLanguage":"cs","@id":"https:\/\/www.koupeltech.com\/index.php\/produkt\/makita-e-05480-hranata-taska-260x220x410mm-must-have-6705\/#primaryimage","url":"https:\/\/www.koupeltech.com\/wp-content\/uploads\/2026\/SK0022459-CZ20260425-092328-0-1777080210-e-05480.webp","contentUrl":"https:\/\/www.koupeltech.com\/wp-content\/uploads\/2026\/SK0022459-CZ20260425-092328-0-1777080210-e-05480.webp","width":471,"height":700},{"@type":"BreadcrumbList","@id":"https:\/\/www.koupeltech.com\/index.php\/produkt\/makita-e-05480-hranata-taska-260x220x410mm-must-have-6705\/#breadcrumb","itemListElement":[{"@type":"ListItem","position":1,"name":"Home","item":"https:\/\/www.koupeltech.com\/"},{"@type":"ListItem","position":2,"name":"Products","item":"https:\/\/www.koupeltech.com\/index.php\/products\/"},{"@type":"ListItem","position":3,"name":"Makita E-05480 hranat\u00e1 ta\u0161ka 260x220x410mm Must-Have"}]},{"@type":"WebSite","@id":"https:\/\/www.koupeltech.com\/#website","url":"https:\/\/www.koupeltech.com\/","name":"","description":"","potentialAction":[{"@type":"SearchAction","target":{"@type":"EntryPoint","urlTemplate":"https:\/\/www.koupeltech.com\/?s={search_term_string}"},"query-input":{"@type":"PropertyValueSpecification","valueRequired":true,"valueName":"search_term_string"}}],"inLanguage":"cs"}]}},"_links":{"self":[{"href":"https:\/\/www.koupeltech.com\/index.php\/wp-json\/wp\/v2\/product\/6705","targetHints":{"allow":["GET"]}}],"collection":[{"href":"https:\/\/www.koupeltech.com\/index.php\/wp-json\/wp\/v2\/product"}],"about":[{"href":"https:\/\/www.koupeltech.com\/index.php\/wp-json\/wp\/v2\/types\/product"}],"replies":[{"embeddable":true,"href":"https:\/\/www.koupeltech.com\/index.php\/wp-json\/wp\/v2\/comments?post=6705"}],"wp:featuredmedia":[{"embeddable":true,"href":"https:\/\/www.koupeltech.com\/index.php\/wp-json\/wp\/v2\/media\/6805"}],"wp:attachment":[{"href":"https:\/\/www.koupeltech.com\/index.php\/wp-json\/wp\/v2\/media?parent=6705"}],"wp:term":[{"taxonomy":"product_brand","embeddable":true,"href":"https:\/\/www.koupeltech.com\/index.php\/wp-json\/wp\/v2\/product_brand?post=6705"},{"taxonomy":"product_cat","embeddable":true,"href":"https:\/\/www.koupeltech.com\/index.php\/wp-json\/wp\/v2\/product_cat?post=6705"},{"taxonomy":"product_tag","embeddable":true,"href":"https:\/\/www.koupeltech.com\/index.php\/wp-json\/wp\/v2\/product_tag?post=6705"}],"curies":[{"name":"wp","href":"https:\/\/api.w.org\/{rel}","templated":true}]}}