{"id":6706,"date":"2026-04-27T13:56:51","date_gmt":"2026-04-27T13:56:51","guid":{"rendered":""},"modified":"2026-04-27T13:56:51","modified_gmt":"2026-04-27T13:56:51","slug":"pouze-dnes-makita-e-05496-taska-na-naradi-520x250x270mm-6706","status":"publish","type":"product","link":"https:\/\/www.koupeltech.com\/index.php\/produkt\/pouze-dnes-makita-e-05496-taska-na-naradi-520x250x270mm-6706\/","title":{"rendered":"Pouze Dnes Makita E-05496 ta\u0161ka na n\u00e1\u0159ad\u00ed 520x250x270mm"},"content":{"rendered":"<table>\n<div class=\"tab-pane active product-description\" id=\"popis\" role=\"tabpanel\">\n<div class=\"short-description\" itemprop=\"description\">520x250x270 mm \u2022 1,77 kg \u2022 33,0 l<\/div>\n<div class=\"description\"><span class='bullet-line'>Prostorn\u00e1 ta\u0161ka na n\u00e1\u0159ad\u00ed s dostatkem prostoru pro r\u016fzn\u00e9 n\u00e1stroje s dr\u017eadly a ramenn\u00edm popruhem<br \/><\/span><span class='bullet-line'>Ta\u0161ka na n\u00e1\u0159ad\u00ed se zipem a objemem p\u0159ibli\u017en\u011b 33,0 l. <br \/><\/span><span class='bullet-line'>Se s\u00ed\u0165ovanou kapsou ve v\u00edku na dokumenty, \u0161esti vn\u011bj\u0161\u00edmi a t\u0159emi dlouh\u00fdmi vnit\u0159n\u00edmi kapsami. <br \/><\/span><span class='bullet-line'>Men\u0161\u00ed p\u0159edm\u011bty lze upevnit sedmi elastick\u00fdmi p\u00e1sky. <br \/><\/span><span class='bullet-line'>V\u010detn\u011b p\u00e1su ze syst\u00e9mu popruh-p\u00e1s. <br \/><\/span><span class='bullet-line'>Lze pou\u017e\u00edt tak\u00e9 jako p\u0159epravn\u00ed ta\u0161ku s popruhy na ruce.<br \/><\/span><span class='bullet-line'>Ta\u0161ka na vytv\u00e1\u0159en\u00ed vlastn\u00edch kombinovan\u00fdch sad s prostorn\u00fdm interi\u00e9rem, do kter\u00e9ho lze snadno ulo\u017eit v\u011bt\u0161\u00ed stroje nebo n\u00e1stroje.<\/span><\/div>\n<div class=\"parameters\">\n<tr>\n<td>Hmotnost produktu<\/td>\n<td>1,860 kg<\/td>\n<\/tr>\n<tr>\n<td>Rozm\u011bry produktu (D x \u0160 x V)<\/td>\n<td>520 x 250 x 270 mm<\/td>\n<\/tr><\/div>\n<\/table>\n","protected":false},"excerpt":{"rendered":"<p>520x250x270 mm \u2022 1,77 kg \u2022 33,0 l Prostorn\u00e1 ta\u0161ka na n\u00e1\u0159ad\u00ed s dostatkem prostoru pro r\u016fzn\u00e9 n\u00e1stroje s dr\u017eadly a ramenn\u00edm popruhemTa\u0161ka na n\u00e1\u0159ad\u00ed se zipem a objemem p\u0159ibli\u017en\u011b 33,0 l. Se s\u00ed\u0165ovanou kapsou ve v\u00edku na dokumenty, \u0161esti vn\u011bj\u0161\u00edmi a t\u0159emi dlouh\u00fdmi vnit\u0159n\u00edmi kapsami. Men\u0161\u00ed p\u0159edm\u011bty lze upevnit sedmi elastick\u00fdmi p\u00e1sky. V\u010detn\u011b p\u00e1su [&hellip;]<\/p>\n","protected":false},"featured_media":6806,"comment_status":"open","ping_status":"open","template":"","meta":[],"product_brand":[],"product_cat":[45],"product_tag":[],"class_list":{"0":"post-6706","1":"product","2":"type-product","3":"status-publish","4":"has-post-thumbnail","6":"product_cat-dilna","8":"first","9":"instock","10":"sale","11":"shipping-taxable","12":"purchasable","13":"product-type-simple"},"yoast_head":"<!-- This site is optimized with the Yoast SEO plugin v26.8 - https:\/\/yoast.com\/product\/yoast-seo-wordpress\/ -->\n<title>Pouze Dnes Makita E-05496 ta\u0161ka na n\u00e1\u0159ad\u00ed 520x250x270mm -<\/title>\n<meta name=\"robots\" content=\"index, follow, max-snippet:-1, max-image-preview:large, max-video-preview:-1\" \/>\n<link rel=\"canonical\" href=\"https:\/\/www.koupeltech.com\/index.php\/produkt\/pouze-dnes-makita-e-05496-taska-na-naradi-520x250x270mm-6706\/\" \/>\n<meta property=\"og:locale\" content=\"cs_CZ\" \/>\n<meta property=\"og:type\" content=\"article\" \/>\n<meta property=\"og:title\" content=\"Pouze Dnes Makita E-05496 ta\u0161ka na n\u00e1\u0159ad\u00ed 520x250x270mm -\" \/>\n<meta property=\"og:description\" content=\"520x250x270 mm \u2022 1,77 kg \u2022 33,0 l Prostorn\u00e1 ta\u0161ka na n\u00e1\u0159ad\u00ed s dostatkem prostoru pro r\u016fzn\u00e9 n\u00e1stroje s dr\u017eadly a ramenn\u00edm popruhemTa\u0161ka na n\u00e1\u0159ad\u00ed se zipem a objemem p\u0159ibli\u017en\u011b 33,0 l. Se s\u00ed\u0165ovanou kapsou ve v\u00edku na dokumenty, \u0161esti vn\u011bj\u0161\u00edmi a t\u0159emi dlouh\u00fdmi vnit\u0159n\u00edmi kapsami. Men\u0161\u00ed p\u0159edm\u011bty lze upevnit sedmi elastick\u00fdmi p\u00e1sky. V\u010detn\u011b p\u00e1su [&hellip;]\" \/>\n<meta property=\"og:url\" content=\"https:\/\/www.koupeltech.com\/index.php\/produkt\/pouze-dnes-makita-e-05496-taska-na-naradi-520x250x270mm-6706\/\" \/>\n<meta property=\"og:image\" content=\"https:\/\/www.koupeltech.com\/wp-content\/uploads\/2026\/SK0022460-CZ20260425-092328-0-1777080210-e-05496-1.webp\" \/>\n\t<meta property=\"og:image:width\" content=\"700\" \/>\n\t<meta property=\"og:image:height\" content=\"651\" \/>\n\t<meta property=\"og:image:type\" content=\"image\/webp\" \/>\n<meta name=\"twitter:card\" content=\"summary_large_image\" \/>\n<meta name=\"twitter:label1\" content=\"Odhadovan\u00e1 doba \u010dten\u00ed\" \/>\n\t<meta name=\"twitter:data1\" content=\"1 minuta\" \/>\n<script type=\"application\/ld+json\" class=\"yoast-schema-graph\">{\"@context\":\"https:\/\/schema.org\",\"@graph\":[{\"@type\":\"WebPage\",\"@id\":\"https:\/\/www.koupeltech.com\/index.php\/produkt\/pouze-dnes-makita-e-05496-taska-na-naradi-520x250x270mm-6706\/\",\"url\":\"https:\/\/www.koupeltech.com\/index.php\/produkt\/pouze-dnes-makita-e-05496-taska-na-naradi-520x250x270mm-6706\/\",\"name\":\"Pouze Dnes Makita E-05496 ta\u0161ka na n\u00e1\u0159ad\u00ed 520x250x270mm -\",\"isPartOf\":{\"@id\":\"https:\/\/www.koupeltech.com\/#website\"},\"primaryImageOfPage\":{\"@id\":\"https:\/\/www.koupeltech.com\/index.php\/produkt\/pouze-dnes-makita-e-05496-taska-na-naradi-520x250x270mm-6706\/#primaryimage\"},\"image\":{\"@id\":\"https:\/\/www.koupeltech.com\/index.php\/produkt\/pouze-dnes-makita-e-05496-taska-na-naradi-520x250x270mm-6706\/#primaryimage\"},\"thumbnailUrl\":\"https:\/\/www.koupeltech.com\/wp-content\/uploads\/2026\/SK0022460-CZ20260425-092328-0-1777080210-e-05496-1.webp\",\"datePublished\":\"2026-04-27T13:56:51+00:00\",\"breadcrumb\":{\"@id\":\"https:\/\/www.koupeltech.com\/index.php\/produkt\/pouze-dnes-makita-e-05496-taska-na-naradi-520x250x270mm-6706\/#breadcrumb\"},\"inLanguage\":\"cs\",\"potentialAction\":[{\"@type\":\"ReadAction\",\"target\":[\"https:\/\/www.koupeltech.com\/index.php\/produkt\/pouze-dnes-makita-e-05496-taska-na-naradi-520x250x270mm-6706\/\"]}]},{\"@type\":\"ImageObject\",\"inLanguage\":\"cs\",\"@id\":\"https:\/\/www.koupeltech.com\/index.php\/produkt\/pouze-dnes-makita-e-05496-taska-na-naradi-520x250x270mm-6706\/#primaryimage\",\"url\":\"https:\/\/www.koupeltech.com\/wp-content\/uploads\/2026\/SK0022460-CZ20260425-092328-0-1777080210-e-05496-1.webp\",\"contentUrl\":\"https:\/\/www.koupeltech.com\/wp-content\/uploads\/2026\/SK0022460-CZ20260425-092328-0-1777080210-e-05496-1.webp\",\"width\":700,\"height\":651},{\"@type\":\"BreadcrumbList\",\"@id\":\"https:\/\/www.koupeltech.com\/index.php\/produkt\/pouze-dnes-makita-e-05496-taska-na-naradi-520x250x270mm-6706\/#breadcrumb\",\"itemListElement\":[{\"@type\":\"ListItem\",\"position\":1,\"name\":\"Home\",\"item\":\"https:\/\/www.koupeltech.com\/\"},{\"@type\":\"ListItem\",\"position\":2,\"name\":\"Products\",\"item\":\"https:\/\/www.koupeltech.com\/index.php\/products\/\"},{\"@type\":\"ListItem\",\"position\":3,\"name\":\"Pouze Dnes Makita E-05496 ta\u0161ka na n\u00e1\u0159ad\u00ed 520x250x270mm\"}]},{\"@type\":\"WebSite\",\"@id\":\"https:\/\/www.koupeltech.com\/#website\",\"url\":\"https:\/\/www.koupeltech.com\/\",\"name\":\"\",\"description\":\"\",\"potentialAction\":[{\"@type\":\"SearchAction\",\"target\":{\"@type\":\"EntryPoint\",\"urlTemplate\":\"https:\/\/www.koupeltech.com\/?s={search_term_string}\"},\"query-input\":{\"@type\":\"PropertyValueSpecification\",\"valueRequired\":true,\"valueName\":\"search_term_string\"}}],\"inLanguage\":\"cs\"}]}<\/script>\n<!-- \/ Yoast SEO plugin. -->","yoast_head_json":{"title":"Pouze Dnes Makita E-05496 ta\u0161ka na n\u00e1\u0159ad\u00ed 520x250x270mm -","robots":{"index":"index","follow":"follow","max-snippet":"max-snippet:-1","max-image-preview":"max-image-preview:large","max-video-preview":"max-video-preview:-1"},"canonical":"https:\/\/www.koupeltech.com\/index.php\/produkt\/pouze-dnes-makita-e-05496-taska-na-naradi-520x250x270mm-6706\/","og_locale":"cs_CZ","og_type":"article","og_title":"Pouze Dnes Makita E-05496 ta\u0161ka na n\u00e1\u0159ad\u00ed 520x250x270mm -","og_description":"520x250x270 mm \u2022 1,77 kg \u2022 33,0 l Prostorn\u00e1 ta\u0161ka na n\u00e1\u0159ad\u00ed s dostatkem prostoru pro r\u016fzn\u00e9 n\u00e1stroje s dr\u017eadly a ramenn\u00edm popruhemTa\u0161ka na n\u00e1\u0159ad\u00ed se zipem a objemem p\u0159ibli\u017en\u011b 33,0 l. Se s\u00ed\u0165ovanou kapsou ve v\u00edku na dokumenty, \u0161esti vn\u011bj\u0161\u00edmi a t\u0159emi dlouh\u00fdmi vnit\u0159n\u00edmi kapsami. Men\u0161\u00ed p\u0159edm\u011bty lze upevnit sedmi elastick\u00fdmi p\u00e1sky. V\u010detn\u011b p\u00e1su [&hellip;]","og_url":"https:\/\/www.koupeltech.com\/index.php\/produkt\/pouze-dnes-makita-e-05496-taska-na-naradi-520x250x270mm-6706\/","og_image":[{"width":700,"height":651,"url":"https:\/\/www.koupeltech.com\/wp-content\/uploads\/2026\/SK0022460-CZ20260425-092328-0-1777080210-e-05496-1.webp","type":"image\/webp"}],"twitter_card":"summary_large_image","twitter_misc":{"Odhadovan\u00e1 doba \u010dten\u00ed":"1 minuta"},"schema":{"@context":"https:\/\/schema.org","@graph":[{"@type":"WebPage","@id":"https:\/\/www.koupeltech.com\/index.php\/produkt\/pouze-dnes-makita-e-05496-taska-na-naradi-520x250x270mm-6706\/","url":"https:\/\/www.koupeltech.com\/index.php\/produkt\/pouze-dnes-makita-e-05496-taska-na-naradi-520x250x270mm-6706\/","name":"Pouze Dnes Makita E-05496 ta\u0161ka na n\u00e1\u0159ad\u00ed 520x250x270mm -","isPartOf":{"@id":"https:\/\/www.koupeltech.com\/#website"},"primaryImageOfPage":{"@id":"https:\/\/www.koupeltech.com\/index.php\/produkt\/pouze-dnes-makita-e-05496-taska-na-naradi-520x250x270mm-6706\/#primaryimage"},"image":{"@id":"https:\/\/www.koupeltech.com\/index.php\/produkt\/pouze-dnes-makita-e-05496-taska-na-naradi-520x250x270mm-6706\/#primaryimage"},"thumbnailUrl":"https:\/\/www.koupeltech.com\/wp-content\/uploads\/2026\/SK0022460-CZ20260425-092328-0-1777080210-e-05496-1.webp","datePublished":"2026-04-27T13:56:51+00:00","breadcrumb":{"@id":"https:\/\/www.koupeltech.com\/index.php\/produkt\/pouze-dnes-makita-e-05496-taska-na-naradi-520x250x270mm-6706\/#breadcrumb"},"inLanguage":"cs","potentialAction":[{"@type":"ReadAction","target":["https:\/\/www.koupeltech.com\/index.php\/produkt\/pouze-dnes-makita-e-05496-taska-na-naradi-520x250x270mm-6706\/"]}]},{"@type":"ImageObject","inLanguage":"cs","@id":"https:\/\/www.koupeltech.com\/index.php\/produkt\/pouze-dnes-makita-e-05496-taska-na-naradi-520x250x270mm-6706\/#primaryimage","url":"https:\/\/www.koupeltech.com\/wp-content\/uploads\/2026\/SK0022460-CZ20260425-092328-0-1777080210-e-05496-1.webp","contentUrl":"https:\/\/www.koupeltech.com\/wp-content\/uploads\/2026\/SK0022460-CZ20260425-092328-0-1777080210-e-05496-1.webp","width":700,"height":651},{"@type":"BreadcrumbList","@id":"https:\/\/www.koupeltech.com\/index.php\/produkt\/pouze-dnes-makita-e-05496-taska-na-naradi-520x250x270mm-6706\/#breadcrumb","itemListElement":[{"@type":"ListItem","position":1,"name":"Home","item":"https:\/\/www.koupeltech.com\/"},{"@type":"ListItem","position":2,"name":"Products","item":"https:\/\/www.koupeltech.com\/index.php\/products\/"},{"@type":"ListItem","position":3,"name":"Pouze Dnes Makita E-05496 ta\u0161ka na n\u00e1\u0159ad\u00ed 520x250x270mm"}]},{"@type":"WebSite","@id":"https:\/\/www.koupeltech.com\/#website","url":"https:\/\/www.koupeltech.com\/","name":"","description":"","potentialAction":[{"@type":"SearchAction","target":{"@type":"EntryPoint","urlTemplate":"https:\/\/www.koupeltech.com\/?s={search_term_string}"},"query-input":{"@type":"PropertyValueSpecification","valueRequired":true,"valueName":"search_term_string"}}],"inLanguage":"cs"}]}},"_links":{"self":[{"href":"https:\/\/www.koupeltech.com\/index.php\/wp-json\/wp\/v2\/product\/6706","targetHints":{"allow":["GET"]}}],"collection":[{"href":"https:\/\/www.koupeltech.com\/index.php\/wp-json\/wp\/v2\/product"}],"about":[{"href":"https:\/\/www.koupeltech.com\/index.php\/wp-json\/wp\/v2\/types\/product"}],"replies":[{"embeddable":true,"href":"https:\/\/www.koupeltech.com\/index.php\/wp-json\/wp\/v2\/comments?post=6706"}],"wp:featuredmedia":[{"embeddable":true,"href":"https:\/\/www.koupeltech.com\/index.php\/wp-json\/wp\/v2\/media\/6806"}],"wp:attachment":[{"href":"https:\/\/www.koupeltech.com\/index.php\/wp-json\/wp\/v2\/media?parent=6706"}],"wp:term":[{"taxonomy":"product_brand","embeddable":true,"href":"https:\/\/www.koupeltech.com\/index.php\/wp-json\/wp\/v2\/product_brand?post=6706"},{"taxonomy":"product_cat","embeddable":true,"href":"https:\/\/www.koupeltech.com\/index.php\/wp-json\/wp\/v2\/product_cat?post=6706"},{"taxonomy":"product_tag","embeddable":true,"href":"https:\/\/www.koupeltech.com\/index.php\/wp-json\/wp\/v2\/product_tag?post=6706"}],"curies":[{"name":"wp","href":"https:\/\/api.w.org\/{rel}","templated":true}]}}