{"id":6707,"date":"2026-04-27T13:56:51","date_gmt":"2026-04-27T13:56:51","guid":{"rendered":""},"modified":"2026-04-27T13:56:51","modified_gmt":"2026-04-27T13:56:51","slug":"odeslani-ihned-makita-e-05505-taska-laptop-425x170x350mm-6707","status":"publish","type":"product","link":"https:\/\/www.koupeltech.com\/index.php\/produkt\/odeslani-ihned-makita-e-05505-taska-laptop-425x170x350mm-6707\/","title":{"rendered":"Odesl\u00e1n\u00ed Ihned Makita E-05505 ta\u0161ka laptop 425x170x350mm"},"content":{"rendered":"<table>\n<div class=\"tab-pane active product-description\" id=\"popis\" role=\"tabpanel\">\n<div class=\"short-description\" itemprop=\"description\">425x170x350 mm \u2022 2,49 kg \u2022 20,0 l<\/div>\n<div class=\"description\"><span class='bullet-line'>Bra\u0161na na notebook a technik, kterou lze na obou stran\u00e1ch otev\u0159\u00edt pro maxim\u00e1ln\u00ed p\u0159ehlednost a p\u0159ehlednost<br \/><\/span><span class='bullet-line'>Ta\u0161ka je na jedn\u00e9 stran\u011b vybavena p\u0159ihr\u00e1dkami na notebook a kancel\u00e1\u0159sk\u00e9 pot\u0159eby. <br \/><\/span><span class='bullet-line'>Sedm velk\u00fdch p\u0159ihr\u00e1dek se pou\u017e\u00edv\u00e1 k ulo\u017een\u00ed notebook\u016f, dokument\u016f a dal\u0161\u00edho kancel\u00e1\u0159sk\u00e9ho vybaven\u00ed. <br \/><\/span><span class='bullet-line'>Na druh\u00e9 stran\u011b m\u00e1 kapsa m\u00edsto pro sadu n\u00e1\u0159ad\u00ed. <br \/><\/span><span class='bullet-line'>38 elastick\u00fdch p\u00e1sk\u016f poskytuje prostor pro \u0161roubov\u00e1ky, kl\u00ed\u010de, pera atd.<br \/><\/span><br \/>\u25ba Mobiln\u00ed d\u00edlna a mobiln\u00ed kancel\u00e1\u0159 v jednom<span class='bullet-line'>Lze jej p\u0159ipevnit k v\u00fdsuvn\u00e9 rukojeti cestovn\u00edho kufru, jako je ta\u0161ka na notebook<br \/><\/span><span class='bullet-line'>Zes\u00edlen\u00e9 bo\u010dn\u00ed panely na stran\u011b n\u00e1stroje<br \/><\/span><span class='bullet-line'>S odpov\u00eddaj\u00edc\u00edmi p\u0159ihr\u00e1dkami pro skl\u00e1dac\u00ed metr a d\u00e1lkom\u011br<\/span><\/div>\n<div class=\"parameters\">\n<tr>\n<td>Hmotnost produktu<\/td>\n<td>2,490 kg<\/td>\n<\/tr>\n<tr>\n<td>Rozm\u011bry produktu (D x \u0160 x V)<\/td>\n<td>425 x 170 x 350 mm<\/td>\n<\/tr><\/div>\n<\/table>\n","protected":false},"excerpt":{"rendered":"<p>425x170x350 mm \u2022 2,49 kg \u2022 20,0 l Bra\u0161na na notebook a technik, kterou lze na obou stran\u00e1ch otev\u0159\u00edt pro maxim\u00e1ln\u00ed p\u0159ehlednost a p\u0159ehlednostTa\u0161ka je na jedn\u00e9 stran\u011b vybavena p\u0159ihr\u00e1dkami na notebook a kancel\u00e1\u0159sk\u00e9 pot\u0159eby. Sedm velk\u00fdch p\u0159ihr\u00e1dek se pou\u017e\u00edv\u00e1 k ulo\u017een\u00ed notebook\u016f, dokument\u016f a dal\u0161\u00edho kancel\u00e1\u0159sk\u00e9ho vybaven\u00ed. Na druh\u00e9 stran\u011b m\u00e1 kapsa m\u00edsto pro [&hellip;]<\/p>\n","protected":false},"featured_media":6807,"comment_status":"open","ping_status":"open","template":"","meta":[],"product_brand":[],"product_cat":[45],"product_tag":[],"class_list":{"0":"post-6707","1":"product","2":"type-product","3":"status-publish","4":"has-post-thumbnail","6":"product_cat-dilna","8":"first","9":"instock","10":"sale","11":"shipping-taxable","12":"purchasable","13":"product-type-simple"},"yoast_head":"<!-- This site is optimized with the Yoast SEO plugin v26.8 - https:\/\/yoast.com\/product\/yoast-seo-wordpress\/ -->\n<title>Odesl\u00e1n\u00ed Ihned Makita E-05505 ta\u0161ka laptop 425x170x350mm -<\/title>\n<meta name=\"robots\" content=\"index, follow, max-snippet:-1, max-image-preview:large, max-video-preview:-1\" \/>\n<link rel=\"canonical\" href=\"https:\/\/www.koupeltech.com\/index.php\/produkt\/odeslani-ihned-makita-e-05505-taska-laptop-425x170x350mm-6707\/\" \/>\n<meta property=\"og:locale\" content=\"cs_CZ\" \/>\n<meta property=\"og:type\" content=\"article\" \/>\n<meta property=\"og:title\" content=\"Odesl\u00e1n\u00ed Ihned Makita E-05505 ta\u0161ka laptop 425x170x350mm -\" \/>\n<meta property=\"og:description\" content=\"425x170x350 mm \u2022 2,49 kg \u2022 20,0 l Bra\u0161na na notebook a technik, kterou lze na obou stran\u00e1ch otev\u0159\u00edt pro maxim\u00e1ln\u00ed p\u0159ehlednost a p\u0159ehlednostTa\u0161ka je na jedn\u00e9 stran\u011b vybavena p\u0159ihr\u00e1dkami na notebook a kancel\u00e1\u0159sk\u00e9 pot\u0159eby. Sedm velk\u00fdch p\u0159ihr\u00e1dek se pou\u017e\u00edv\u00e1 k ulo\u017een\u00ed notebook\u016f, dokument\u016f a dal\u0161\u00edho kancel\u00e1\u0159sk\u00e9ho vybaven\u00ed. Na druh\u00e9 stran\u011b m\u00e1 kapsa m\u00edsto pro [&hellip;]\" \/>\n<meta property=\"og:url\" content=\"https:\/\/www.koupeltech.com\/index.php\/produkt\/odeslani-ihned-makita-e-05505-taska-laptop-425x170x350mm-6707\/\" \/>\n<meta property=\"og:image\" content=\"https:\/\/www.koupeltech.com\/wp-content\/uploads\/2026\/SK0022461-CZ20260425-092328-0-1777080210-e-05505-1.webp\" \/>\n\t<meta property=\"og:image:width\" content=\"700\" \/>\n\t<meta property=\"og:image:height\" content=\"642\" \/>\n\t<meta property=\"og:image:type\" content=\"image\/webp\" \/>\n<meta name=\"twitter:card\" content=\"summary_large_image\" \/>\n<meta name=\"twitter:label1\" content=\"Odhadovan\u00e1 doba \u010dten\u00ed\" \/>\n\t<meta name=\"twitter:data1\" content=\"1 minuta\" \/>\n<script type=\"application\/ld+json\" class=\"yoast-schema-graph\">{\"@context\":\"https:\/\/schema.org\",\"@graph\":[{\"@type\":\"WebPage\",\"@id\":\"https:\/\/www.koupeltech.com\/index.php\/produkt\/odeslani-ihned-makita-e-05505-taska-laptop-425x170x350mm-6707\/\",\"url\":\"https:\/\/www.koupeltech.com\/index.php\/produkt\/odeslani-ihned-makita-e-05505-taska-laptop-425x170x350mm-6707\/\",\"name\":\"Odesl\u00e1n\u00ed Ihned Makita E-05505 ta\u0161ka laptop 425x170x350mm -\",\"isPartOf\":{\"@id\":\"https:\/\/www.koupeltech.com\/#website\"},\"primaryImageOfPage\":{\"@id\":\"https:\/\/www.koupeltech.com\/index.php\/produkt\/odeslani-ihned-makita-e-05505-taska-laptop-425x170x350mm-6707\/#primaryimage\"},\"image\":{\"@id\":\"https:\/\/www.koupeltech.com\/index.php\/produkt\/odeslani-ihned-makita-e-05505-taska-laptop-425x170x350mm-6707\/#primaryimage\"},\"thumbnailUrl\":\"https:\/\/www.koupeltech.com\/wp-content\/uploads\/2026\/SK0022461-CZ20260425-092328-0-1777080210-e-05505-1.webp\",\"datePublished\":\"2026-04-27T13:56:51+00:00\",\"breadcrumb\":{\"@id\":\"https:\/\/www.koupeltech.com\/index.php\/produkt\/odeslani-ihned-makita-e-05505-taska-laptop-425x170x350mm-6707\/#breadcrumb\"},\"inLanguage\":\"cs\",\"potentialAction\":[{\"@type\":\"ReadAction\",\"target\":[\"https:\/\/www.koupeltech.com\/index.php\/produkt\/odeslani-ihned-makita-e-05505-taska-laptop-425x170x350mm-6707\/\"]}]},{\"@type\":\"ImageObject\",\"inLanguage\":\"cs\",\"@id\":\"https:\/\/www.koupeltech.com\/index.php\/produkt\/odeslani-ihned-makita-e-05505-taska-laptop-425x170x350mm-6707\/#primaryimage\",\"url\":\"https:\/\/www.koupeltech.com\/wp-content\/uploads\/2026\/SK0022461-CZ20260425-092328-0-1777080210-e-05505-1.webp\",\"contentUrl\":\"https:\/\/www.koupeltech.com\/wp-content\/uploads\/2026\/SK0022461-CZ20260425-092328-0-1777080210-e-05505-1.webp\",\"width\":700,\"height\":642},{\"@type\":\"BreadcrumbList\",\"@id\":\"https:\/\/www.koupeltech.com\/index.php\/produkt\/odeslani-ihned-makita-e-05505-taska-laptop-425x170x350mm-6707\/#breadcrumb\",\"itemListElement\":[{\"@type\":\"ListItem\",\"position\":1,\"name\":\"Home\",\"item\":\"https:\/\/www.koupeltech.com\/\"},{\"@type\":\"ListItem\",\"position\":2,\"name\":\"Products\",\"item\":\"https:\/\/www.koupeltech.com\/index.php\/products\/\"},{\"@type\":\"ListItem\",\"position\":3,\"name\":\"Odesl\u00e1n\u00ed Ihned Makita E-05505 ta\u0161ka laptop 425x170x350mm\"}]},{\"@type\":\"WebSite\",\"@id\":\"https:\/\/www.koupeltech.com\/#website\",\"url\":\"https:\/\/www.koupeltech.com\/\",\"name\":\"\",\"description\":\"\",\"potentialAction\":[{\"@type\":\"SearchAction\",\"target\":{\"@type\":\"EntryPoint\",\"urlTemplate\":\"https:\/\/www.koupeltech.com\/?s={search_term_string}\"},\"query-input\":{\"@type\":\"PropertyValueSpecification\",\"valueRequired\":true,\"valueName\":\"search_term_string\"}}],\"inLanguage\":\"cs\"}]}<\/script>\n<!-- \/ Yoast SEO plugin. -->","yoast_head_json":{"title":"Odesl\u00e1n\u00ed Ihned Makita E-05505 ta\u0161ka laptop 425x170x350mm -","robots":{"index":"index","follow":"follow","max-snippet":"max-snippet:-1","max-image-preview":"max-image-preview:large","max-video-preview":"max-video-preview:-1"},"canonical":"https:\/\/www.koupeltech.com\/index.php\/produkt\/odeslani-ihned-makita-e-05505-taska-laptop-425x170x350mm-6707\/","og_locale":"cs_CZ","og_type":"article","og_title":"Odesl\u00e1n\u00ed Ihned Makita E-05505 ta\u0161ka laptop 425x170x350mm -","og_description":"425x170x350 mm \u2022 2,49 kg \u2022 20,0 l Bra\u0161na na notebook a technik, kterou lze na obou stran\u00e1ch otev\u0159\u00edt pro maxim\u00e1ln\u00ed p\u0159ehlednost a p\u0159ehlednostTa\u0161ka je na jedn\u00e9 stran\u011b vybavena p\u0159ihr\u00e1dkami na notebook a kancel\u00e1\u0159sk\u00e9 pot\u0159eby. Sedm velk\u00fdch p\u0159ihr\u00e1dek se pou\u017e\u00edv\u00e1 k ulo\u017een\u00ed notebook\u016f, dokument\u016f a dal\u0161\u00edho kancel\u00e1\u0159sk\u00e9ho vybaven\u00ed. Na druh\u00e9 stran\u011b m\u00e1 kapsa m\u00edsto pro [&hellip;]","og_url":"https:\/\/www.koupeltech.com\/index.php\/produkt\/odeslani-ihned-makita-e-05505-taska-laptop-425x170x350mm-6707\/","og_image":[{"width":700,"height":642,"url":"https:\/\/www.koupeltech.com\/wp-content\/uploads\/2026\/SK0022461-CZ20260425-092328-0-1777080210-e-05505-1.webp","type":"image\/webp"}],"twitter_card":"summary_large_image","twitter_misc":{"Odhadovan\u00e1 doba \u010dten\u00ed":"1 minuta"},"schema":{"@context":"https:\/\/schema.org","@graph":[{"@type":"WebPage","@id":"https:\/\/www.koupeltech.com\/index.php\/produkt\/odeslani-ihned-makita-e-05505-taska-laptop-425x170x350mm-6707\/","url":"https:\/\/www.koupeltech.com\/index.php\/produkt\/odeslani-ihned-makita-e-05505-taska-laptop-425x170x350mm-6707\/","name":"Odesl\u00e1n\u00ed Ihned Makita E-05505 ta\u0161ka laptop 425x170x350mm -","isPartOf":{"@id":"https:\/\/www.koupeltech.com\/#website"},"primaryImageOfPage":{"@id":"https:\/\/www.koupeltech.com\/index.php\/produkt\/odeslani-ihned-makita-e-05505-taska-laptop-425x170x350mm-6707\/#primaryimage"},"image":{"@id":"https:\/\/www.koupeltech.com\/index.php\/produkt\/odeslani-ihned-makita-e-05505-taska-laptop-425x170x350mm-6707\/#primaryimage"},"thumbnailUrl":"https:\/\/www.koupeltech.com\/wp-content\/uploads\/2026\/SK0022461-CZ20260425-092328-0-1777080210-e-05505-1.webp","datePublished":"2026-04-27T13:56:51+00:00","breadcrumb":{"@id":"https:\/\/www.koupeltech.com\/index.php\/produkt\/odeslani-ihned-makita-e-05505-taska-laptop-425x170x350mm-6707\/#breadcrumb"},"inLanguage":"cs","potentialAction":[{"@type":"ReadAction","target":["https:\/\/www.koupeltech.com\/index.php\/produkt\/odeslani-ihned-makita-e-05505-taska-laptop-425x170x350mm-6707\/"]}]},{"@type":"ImageObject","inLanguage":"cs","@id":"https:\/\/www.koupeltech.com\/index.php\/produkt\/odeslani-ihned-makita-e-05505-taska-laptop-425x170x350mm-6707\/#primaryimage","url":"https:\/\/www.koupeltech.com\/wp-content\/uploads\/2026\/SK0022461-CZ20260425-092328-0-1777080210-e-05505-1.webp","contentUrl":"https:\/\/www.koupeltech.com\/wp-content\/uploads\/2026\/SK0022461-CZ20260425-092328-0-1777080210-e-05505-1.webp","width":700,"height":642},{"@type":"BreadcrumbList","@id":"https:\/\/www.koupeltech.com\/index.php\/produkt\/odeslani-ihned-makita-e-05505-taska-laptop-425x170x350mm-6707\/#breadcrumb","itemListElement":[{"@type":"ListItem","position":1,"name":"Home","item":"https:\/\/www.koupeltech.com\/"},{"@type":"ListItem","position":2,"name":"Products","item":"https:\/\/www.koupeltech.com\/index.php\/products\/"},{"@type":"ListItem","position":3,"name":"Odesl\u00e1n\u00ed Ihned Makita E-05505 ta\u0161ka laptop 425x170x350mm"}]},{"@type":"WebSite","@id":"https:\/\/www.koupeltech.com\/#website","url":"https:\/\/www.koupeltech.com\/","name":"","description":"","potentialAction":[{"@type":"SearchAction","target":{"@type":"EntryPoint","urlTemplate":"https:\/\/www.koupeltech.com\/?s={search_term_string}"},"query-input":{"@type":"PropertyValueSpecification","valueRequired":true,"valueName":"search_term_string"}}],"inLanguage":"cs"}]}},"_links":{"self":[{"href":"https:\/\/www.koupeltech.com\/index.php\/wp-json\/wp\/v2\/product\/6707","targetHints":{"allow":["GET"]}}],"collection":[{"href":"https:\/\/www.koupeltech.com\/index.php\/wp-json\/wp\/v2\/product"}],"about":[{"href":"https:\/\/www.koupeltech.com\/index.php\/wp-json\/wp\/v2\/types\/product"}],"replies":[{"embeddable":true,"href":"https:\/\/www.koupeltech.com\/index.php\/wp-json\/wp\/v2\/comments?post=6707"}],"wp:featuredmedia":[{"embeddable":true,"href":"https:\/\/www.koupeltech.com\/index.php\/wp-json\/wp\/v2\/media\/6807"}],"wp:attachment":[{"href":"https:\/\/www.koupeltech.com\/index.php\/wp-json\/wp\/v2\/media?parent=6707"}],"wp:term":[{"taxonomy":"product_brand","embeddable":true,"href":"https:\/\/www.koupeltech.com\/index.php\/wp-json\/wp\/v2\/product_brand?post=6707"},{"taxonomy":"product_cat","embeddable":true,"href":"https:\/\/www.koupeltech.com\/index.php\/wp-json\/wp\/v2\/product_cat?post=6707"},{"taxonomy":"product_tag","embeddable":true,"href":"https:\/\/www.koupeltech.com\/index.php\/wp-json\/wp\/v2\/product_tag?post=6707"}],"curies":[{"name":"wp","href":"https:\/\/api.w.org\/{rel}","templated":true}]}}