{"id":6708,"date":"2026-04-27T13:56:51","date_gmt":"2026-04-27T13:56:51","guid":{"rendered":""},"modified":"2026-04-27T13:56:51","modified_gmt":"2026-04-27T13:56:51","slug":"makita-e-15481-batoh-s-organizerem-390x230x490mm-olde-05511-objednat-nyni-6708","status":"publish","type":"product","link":"https:\/\/www.koupeltech.com\/index.php\/produkt\/makita-e-15481-batoh-s-organizerem-390x230x490mm-olde-05511-objednat-nyni-6708\/","title":{"rendered":"Makita E-15481 batoh s organiz\u00e9rem 390x230x490mm=oldE-05511 Objednat Nyn\u00ed"},"content":{"rendered":"<table>\n<div class=\"tab-pane active product-description\" id=\"popis\" role=\"tabpanel\">\n<div class=\"short-description\" itemprop=\"description\">230x390x490 mm \u2022 2,56 kg \u2022 22,30 l<\/div>\n<div class=\"description\"><span class='bullet-line'>Batoh s hlubok\u00fdm zipem pro \u0161irok\u00e9 otev\u00edr\u00e1n\u00ed, s vod\u011bodoln\u00fdm dnem a reflektory<br \/><\/span><span class='bullet-line'>Batoh na n\u00e1\u0159ad\u00ed a p\u0159\u00edslu\u0161enstv\u00ed, s elastick\u00fdmi popruhy a poutky pro bezpe\u010dnou p\u0159epravu. <br \/><\/span><span class='bullet-line'>S bo\u010dn\u00edmi kapsami pro nap\u0159. L\u00e1hev na pit\u00ed nebo vodov\u00e1hu. <br \/><\/span><span class='bullet-line'>P\u0159edn\u00ed kapsa pro ulo\u017een\u00ed men\u0161\u00edch p\u0159edm\u011bt\u016f. <br \/><\/span><span class='bullet-line'>S nastaviteln\u00fdmi ramenn\u00edmi popruhy a zes\u00edlenou zadn\u00ed \u010d\u00e1st\u00ed, aby se zabr\u00e1nilo nep\u0159\u00edjemn\u00e9mu stisknut\u00ed n\u00e1stroj\u016f.<br \/><\/span><br \/>\u25ba Perfektn\u00ed spole\u010dn\u00edk pro ter\u00e9nn\u00ed pracovn\u00edky a mont\u00e9ry<span class='bullet-line'>Zes\u00edlen\u00e9 \u0161vy pro optim\u00e1ln\u00ed stabilitu<br \/><\/span><span class='bullet-line'>Siln\u00e9 n\u00fdty pro v\u011bt\u0161\u00ed odolnost<br \/><\/span><span class='bullet-line'>Vodot\u011bsn\u00fd plastov\u00fd podstavec pro maxim\u00e1ln\u00ed ochranu pap\u00edr\u016f a n\u00e1stroj\u016f<br \/><\/span><span class='bullet-line'>Hlubok\u00fd zip pro optim\u00e1ln\u00ed p\u0159ehled<br \/><\/span><span class='bullet-line'>\u010cetn\u00e9 poutka udr\u017euj\u00ed po\u0159\u00e1dek v po\u0159\u00e1dku i p\u0159i vodorovn\u00e9m transportu<br \/><\/span><span class='bullet-line'>Reflexn\u00ed p\u00e1sky na boc\u00edch a vp\u0159edu d\u011blaj\u00ed Batoh snadno viditeln\u00fd ve tm\u011b<\/span><\/div>\n<div class=\"parameters\">\n<tr>\n<td>Hmotnost produktu<\/td>\n<td>2,630 kg<\/td>\n<\/tr>\n<tr>\n<td>Rozm\u011bry produktu (D x \u0160 x V)<\/td>\n<td>390 x 230 x 490 mm<\/td>\n<\/tr><\/div>\n<\/table>\n","protected":false},"excerpt":{"rendered":"<p>230x390x490 mm \u2022 2,56 kg \u2022 22,30 l Batoh s hlubok\u00fdm zipem pro \u0161irok\u00e9 otev\u00edr\u00e1n\u00ed, s vod\u011bodoln\u00fdm dnem a reflektoryBatoh na n\u00e1\u0159ad\u00ed a p\u0159\u00edslu\u0161enstv\u00ed, s elastick\u00fdmi popruhy a poutky pro bezpe\u010dnou p\u0159epravu. S bo\u010dn\u00edmi kapsami pro nap\u0159. L\u00e1hev na pit\u00ed nebo vodov\u00e1hu. P\u0159edn\u00ed kapsa pro ulo\u017een\u00ed men\u0161\u00edch p\u0159edm\u011bt\u016f. S nastaviteln\u00fdmi ramenn\u00edmi popruhy a zes\u00edlenou zadn\u00ed [&hellip;]<\/p>\n","protected":false},"featured_media":6808,"comment_status":"open","ping_status":"open","template":"","meta":[],"product_brand":[],"product_cat":[45],"product_tag":[],"class_list":{"0":"post-6708","1":"product","2":"type-product","3":"status-publish","4":"has-post-thumbnail","6":"product_cat-dilna","8":"first","9":"instock","10":"sale","11":"shipping-taxable","12":"purchasable","13":"product-type-simple"},"yoast_head":"<!-- This site is optimized with the Yoast SEO plugin v26.8 - https:\/\/yoast.com\/product\/yoast-seo-wordpress\/ -->\n<title>Makita E-15481 batoh s organiz\u00e9rem 390x230x490mm=oldE-05511 Objednat Nyn\u00ed -<\/title>\n<meta name=\"robots\" content=\"index, follow, max-snippet:-1, max-image-preview:large, max-video-preview:-1\" \/>\n<link rel=\"canonical\" href=\"https:\/\/www.koupeltech.com\/index.php\/produkt\/makita-e-15481-batoh-s-organizerem-390x230x490mm-olde-05511-objednat-nyni-6708\/\" \/>\n<meta property=\"og:locale\" content=\"cs_CZ\" \/>\n<meta property=\"og:type\" content=\"article\" \/>\n<meta property=\"og:title\" content=\"Makita E-15481 batoh s organiz\u00e9rem 390x230x490mm=oldE-05511 Objednat Nyn\u00ed -\" \/>\n<meta property=\"og:description\" content=\"230x390x490 mm \u2022 2,56 kg \u2022 22,30 l Batoh s hlubok\u00fdm zipem pro \u0161irok\u00e9 otev\u00edr\u00e1n\u00ed, s vod\u011bodoln\u00fdm dnem a reflektoryBatoh na n\u00e1\u0159ad\u00ed a p\u0159\u00edslu\u0161enstv\u00ed, s elastick\u00fdmi popruhy a poutky pro bezpe\u010dnou p\u0159epravu. S bo\u010dn\u00edmi kapsami pro nap\u0159. L\u00e1hev na pit\u00ed nebo vodov\u00e1hu. P\u0159edn\u00ed kapsa pro ulo\u017een\u00ed men\u0161\u00edch p\u0159edm\u011bt\u016f. S nastaviteln\u00fdmi ramenn\u00edmi popruhy a zes\u00edlenou zadn\u00ed [&hellip;]\" \/>\n<meta property=\"og:url\" content=\"https:\/\/www.koupeltech.com\/index.php\/produkt\/makita-e-15481-batoh-s-organizerem-390x230x490mm-olde-05511-objednat-nyni-6708\/\" \/>\n<meta property=\"og:image\" content=\"https:\/\/www.koupeltech.com\/wp-content\/uploads\/2026\/SK0022462-CZ20260425-092328-0-1777080210-priloha_-skk-49889.webp\" \/>\n\t<meta property=\"og:image:width\" content=\"706\" \/>\n\t<meta property=\"og:image:height\" content=\"800\" \/>\n\t<meta property=\"og:image:type\" content=\"image\/webp\" \/>\n<meta name=\"twitter:card\" content=\"summary_large_image\" \/>\n<meta name=\"twitter:label1\" content=\"Odhadovan\u00e1 doba \u010dten\u00ed\" \/>\n\t<meta name=\"twitter:data1\" content=\"1 minuta\" \/>\n<script type=\"application\/ld+json\" class=\"yoast-schema-graph\">{\"@context\":\"https:\/\/schema.org\",\"@graph\":[{\"@type\":\"WebPage\",\"@id\":\"https:\/\/www.koupeltech.com\/index.php\/produkt\/makita-e-15481-batoh-s-organizerem-390x230x490mm-olde-05511-objednat-nyni-6708\/\",\"url\":\"https:\/\/www.koupeltech.com\/index.php\/produkt\/makita-e-15481-batoh-s-organizerem-390x230x490mm-olde-05511-objednat-nyni-6708\/\",\"name\":\"Makita E-15481 batoh s organiz\u00e9rem 390x230x490mm=oldE-05511 Objednat Nyn\u00ed -\",\"isPartOf\":{\"@id\":\"https:\/\/www.koupeltech.com\/#website\"},\"primaryImageOfPage\":{\"@id\":\"https:\/\/www.koupeltech.com\/index.php\/produkt\/makita-e-15481-batoh-s-organizerem-390x230x490mm-olde-05511-objednat-nyni-6708\/#primaryimage\"},\"image\":{\"@id\":\"https:\/\/www.koupeltech.com\/index.php\/produkt\/makita-e-15481-batoh-s-organizerem-390x230x490mm-olde-05511-objednat-nyni-6708\/#primaryimage\"},\"thumbnailUrl\":\"https:\/\/www.koupeltech.com\/wp-content\/uploads\/2026\/SK0022462-CZ20260425-092328-0-1777080210-priloha_-skk-49889.webp\",\"datePublished\":\"2026-04-27T13:56:51+00:00\",\"breadcrumb\":{\"@id\":\"https:\/\/www.koupeltech.com\/index.php\/produkt\/makita-e-15481-batoh-s-organizerem-390x230x490mm-olde-05511-objednat-nyni-6708\/#breadcrumb\"},\"inLanguage\":\"cs\",\"potentialAction\":[{\"@type\":\"ReadAction\",\"target\":[\"https:\/\/www.koupeltech.com\/index.php\/produkt\/makita-e-15481-batoh-s-organizerem-390x230x490mm-olde-05511-objednat-nyni-6708\/\"]}]},{\"@type\":\"ImageObject\",\"inLanguage\":\"cs\",\"@id\":\"https:\/\/www.koupeltech.com\/index.php\/produkt\/makita-e-15481-batoh-s-organizerem-390x230x490mm-olde-05511-objednat-nyni-6708\/#primaryimage\",\"url\":\"https:\/\/www.koupeltech.com\/wp-content\/uploads\/2026\/SK0022462-CZ20260425-092328-0-1777080210-priloha_-skk-49889.webp\",\"contentUrl\":\"https:\/\/www.koupeltech.com\/wp-content\/uploads\/2026\/SK0022462-CZ20260425-092328-0-1777080210-priloha_-skk-49889.webp\",\"width\":706,\"height\":800},{\"@type\":\"BreadcrumbList\",\"@id\":\"https:\/\/www.koupeltech.com\/index.php\/produkt\/makita-e-15481-batoh-s-organizerem-390x230x490mm-olde-05511-objednat-nyni-6708\/#breadcrumb\",\"itemListElement\":[{\"@type\":\"ListItem\",\"position\":1,\"name\":\"Home\",\"item\":\"https:\/\/www.koupeltech.com\/\"},{\"@type\":\"ListItem\",\"position\":2,\"name\":\"Products\",\"item\":\"https:\/\/www.koupeltech.com\/index.php\/products\/\"},{\"@type\":\"ListItem\",\"position\":3,\"name\":\"Makita E-15481 batoh s organiz\u00e9rem 390x230x490mm=oldE-05511 Objednat Nyn\u00ed\"}]},{\"@type\":\"WebSite\",\"@id\":\"https:\/\/www.koupeltech.com\/#website\",\"url\":\"https:\/\/www.koupeltech.com\/\",\"name\":\"\",\"description\":\"\",\"potentialAction\":[{\"@type\":\"SearchAction\",\"target\":{\"@type\":\"EntryPoint\",\"urlTemplate\":\"https:\/\/www.koupeltech.com\/?s={search_term_string}\"},\"query-input\":{\"@type\":\"PropertyValueSpecification\",\"valueRequired\":true,\"valueName\":\"search_term_string\"}}],\"inLanguage\":\"cs\"}]}<\/script>\n<!-- \/ Yoast SEO plugin. -->","yoast_head_json":{"title":"Makita E-15481 batoh s organiz\u00e9rem 390x230x490mm=oldE-05511 Objednat Nyn\u00ed -","robots":{"index":"index","follow":"follow","max-snippet":"max-snippet:-1","max-image-preview":"max-image-preview:large","max-video-preview":"max-video-preview:-1"},"canonical":"https:\/\/www.koupeltech.com\/index.php\/produkt\/makita-e-15481-batoh-s-organizerem-390x230x490mm-olde-05511-objednat-nyni-6708\/","og_locale":"cs_CZ","og_type":"article","og_title":"Makita E-15481 batoh s organiz\u00e9rem 390x230x490mm=oldE-05511 Objednat Nyn\u00ed -","og_description":"230x390x490 mm \u2022 2,56 kg \u2022 22,30 l Batoh s hlubok\u00fdm zipem pro \u0161irok\u00e9 otev\u00edr\u00e1n\u00ed, s vod\u011bodoln\u00fdm dnem a reflektoryBatoh na n\u00e1\u0159ad\u00ed a p\u0159\u00edslu\u0161enstv\u00ed, s elastick\u00fdmi popruhy a poutky pro bezpe\u010dnou p\u0159epravu. S bo\u010dn\u00edmi kapsami pro nap\u0159. L\u00e1hev na pit\u00ed nebo vodov\u00e1hu. P\u0159edn\u00ed kapsa pro ulo\u017een\u00ed men\u0161\u00edch p\u0159edm\u011bt\u016f. S nastaviteln\u00fdmi ramenn\u00edmi popruhy a zes\u00edlenou zadn\u00ed [&hellip;]","og_url":"https:\/\/www.koupeltech.com\/index.php\/produkt\/makita-e-15481-batoh-s-organizerem-390x230x490mm-olde-05511-objednat-nyni-6708\/","og_image":[{"width":706,"height":800,"url":"https:\/\/www.koupeltech.com\/wp-content\/uploads\/2026\/SK0022462-CZ20260425-092328-0-1777080210-priloha_-skk-49889.webp","type":"image\/webp"}],"twitter_card":"summary_large_image","twitter_misc":{"Odhadovan\u00e1 doba \u010dten\u00ed":"1 minuta"},"schema":{"@context":"https:\/\/schema.org","@graph":[{"@type":"WebPage","@id":"https:\/\/www.koupeltech.com\/index.php\/produkt\/makita-e-15481-batoh-s-organizerem-390x230x490mm-olde-05511-objednat-nyni-6708\/","url":"https:\/\/www.koupeltech.com\/index.php\/produkt\/makita-e-15481-batoh-s-organizerem-390x230x490mm-olde-05511-objednat-nyni-6708\/","name":"Makita E-15481 batoh s organiz\u00e9rem 390x230x490mm=oldE-05511 Objednat Nyn\u00ed -","isPartOf":{"@id":"https:\/\/www.koupeltech.com\/#website"},"primaryImageOfPage":{"@id":"https:\/\/www.koupeltech.com\/index.php\/produkt\/makita-e-15481-batoh-s-organizerem-390x230x490mm-olde-05511-objednat-nyni-6708\/#primaryimage"},"image":{"@id":"https:\/\/www.koupeltech.com\/index.php\/produkt\/makita-e-15481-batoh-s-organizerem-390x230x490mm-olde-05511-objednat-nyni-6708\/#primaryimage"},"thumbnailUrl":"https:\/\/www.koupeltech.com\/wp-content\/uploads\/2026\/SK0022462-CZ20260425-092328-0-1777080210-priloha_-skk-49889.webp","datePublished":"2026-04-27T13:56:51+00:00","breadcrumb":{"@id":"https:\/\/www.koupeltech.com\/index.php\/produkt\/makita-e-15481-batoh-s-organizerem-390x230x490mm-olde-05511-objednat-nyni-6708\/#breadcrumb"},"inLanguage":"cs","potentialAction":[{"@type":"ReadAction","target":["https:\/\/www.koupeltech.com\/index.php\/produkt\/makita-e-15481-batoh-s-organizerem-390x230x490mm-olde-05511-objednat-nyni-6708\/"]}]},{"@type":"ImageObject","inLanguage":"cs","@id":"https:\/\/www.koupeltech.com\/index.php\/produkt\/makita-e-15481-batoh-s-organizerem-390x230x490mm-olde-05511-objednat-nyni-6708\/#primaryimage","url":"https:\/\/www.koupeltech.com\/wp-content\/uploads\/2026\/SK0022462-CZ20260425-092328-0-1777080210-priloha_-skk-49889.webp","contentUrl":"https:\/\/www.koupeltech.com\/wp-content\/uploads\/2026\/SK0022462-CZ20260425-092328-0-1777080210-priloha_-skk-49889.webp","width":706,"height":800},{"@type":"BreadcrumbList","@id":"https:\/\/www.koupeltech.com\/index.php\/produkt\/makita-e-15481-batoh-s-organizerem-390x230x490mm-olde-05511-objednat-nyni-6708\/#breadcrumb","itemListElement":[{"@type":"ListItem","position":1,"name":"Home","item":"https:\/\/www.koupeltech.com\/"},{"@type":"ListItem","position":2,"name":"Products","item":"https:\/\/www.koupeltech.com\/index.php\/products\/"},{"@type":"ListItem","position":3,"name":"Makita E-15481 batoh s organiz\u00e9rem 390x230x490mm=oldE-05511 Objednat Nyn\u00ed"}]},{"@type":"WebSite","@id":"https:\/\/www.koupeltech.com\/#website","url":"https:\/\/www.koupeltech.com\/","name":"","description":"","potentialAction":[{"@type":"SearchAction","target":{"@type":"EntryPoint","urlTemplate":"https:\/\/www.koupeltech.com\/?s={search_term_string}"},"query-input":{"@type":"PropertyValueSpecification","valueRequired":true,"valueName":"search_term_string"}}],"inLanguage":"cs"}]}},"_links":{"self":[{"href":"https:\/\/www.koupeltech.com\/index.php\/wp-json\/wp\/v2\/product\/6708","targetHints":{"allow":["GET"]}}],"collection":[{"href":"https:\/\/www.koupeltech.com\/index.php\/wp-json\/wp\/v2\/product"}],"about":[{"href":"https:\/\/www.koupeltech.com\/index.php\/wp-json\/wp\/v2\/types\/product"}],"replies":[{"embeddable":true,"href":"https:\/\/www.koupeltech.com\/index.php\/wp-json\/wp\/v2\/comments?post=6708"}],"wp:featuredmedia":[{"embeddable":true,"href":"https:\/\/www.koupeltech.com\/index.php\/wp-json\/wp\/v2\/media\/6808"}],"wp:attachment":[{"href":"https:\/\/www.koupeltech.com\/index.php\/wp-json\/wp\/v2\/media?parent=6708"}],"wp:term":[{"taxonomy":"product_brand","embeddable":true,"href":"https:\/\/www.koupeltech.com\/index.php\/wp-json\/wp\/v2\/product_brand?post=6708"},{"taxonomy":"product_cat","embeddable":true,"href":"https:\/\/www.koupeltech.com\/index.php\/wp-json\/wp\/v2\/product_cat?post=6708"},{"taxonomy":"product_tag","embeddable":true,"href":"https:\/\/www.koupeltech.com\/index.php\/wp-json\/wp\/v2\/product_tag?post=6708"}],"curies":[{"name":"wp","href":"https:\/\/api.w.org\/{rel}","templated":true}]}}