{"id":6709,"date":"2026-04-27T13:56:51","date_gmt":"2026-04-27T13:56:51","guid":{"rendered":""},"modified":"2026-04-27T13:56:51","modified_gmt":"2026-04-27T13:56:51","slug":"makita-e-05527-kosik-470x320mm-primo-od-vyrobce-6709","status":"publish","type":"product","link":"https:\/\/www.koupeltech.com\/index.php\/produkt\/makita-e-05527-kosik-470x320mm-primo-od-vyrobce-6709\/","title":{"rendered":"Makita E-05527 ko\u0161\u00edk 470x320mm P\u0159\u00edmo Od V\u00fdrobce"},"content":{"rendered":"<table>\n<div class=\"tab-pane active product-description\" id=\"popis\" role=\"tabpanel\">\n<div class=\"short-description\" itemprop=\"description\">470&#215;320 mm \u2022 0,68 kg \u2022 3,2 l<\/div>\n<div class=\"description\"><span class='bullet-line'>Ta\u0161ka pro vlo\u017een\u00ed do kbel\u00edku s deseti vnit\u0159n\u00edmi a dev\u00edti vn\u011bj\u0161\u00edmi kapsami na n\u00e1\u0159ad\u00ed a p\u0159\u00edslu\u0161enstv\u00ed<br \/><\/span><span class='bullet-line'>Dokonale uspo\u0159\u00e1dan\u00e9 s optim\u00e1ln\u00ed ta\u0161kou pro stroje, p\u0159\u00edslu\u0161enstv\u00ed a baterie. <br \/><\/span><span class='bullet-line'>Lze jej pou\u017e\u00edt v kbel\u00edc\u00edch r\u016fzn\u00fdch velikost\u00ed pomoc\u00ed nastaviteln\u00fdch popruh\u016f. <br \/><\/span><span class='bullet-line'>S pogumov\u00e1n\u00edm pro v\u011bt\u0161\u00ed odolnost. <br \/><\/span><span class='bullet-line'>Vn\u011bj\u0161\u00ed p\u0159ihr\u00e1dky jsou opat\u0159eny pru\u017en\u00fdm p\u00e1skem, kter\u00fd udr\u017euje n\u00e1stroj bezpe\u010dn\u011b na m\u00edst\u011b.<br \/><\/span><span class='bullet-line'>P\u0159edn\u00ed p\u0159ihr\u00e1dka je dostate\u010dn\u011b velk\u00e1 pro akumul\u00e1torov\u00fd \u0161roubov\u00e1k<br \/><\/span><span class='bullet-line'>Elastick\u00e9 konce p\u0159ihr\u00e1dek zaji\u0161\u0165uj\u00ed flexibilitu<br \/><\/span><span class='bullet-line'>Poutka fixuj\u00ed kapsy<br \/><\/span><span class='bullet-line'>Mnoho dal\u0161\u00edch p\u0159ihr\u00e1dek na zadn\u00ed stran\u011b kapsy na kbel\u00edk<br \/><\/span><span class='bullet-line'>Multifunk\u010dn\u00ed vnit\u0159n\u00ed p\u0159ihr\u00e1dky<br \/><\/span><span class='bullet-line'>Nastaven\u00ed velikosti pro r\u016fzn\u00e9 velikosti kbel\u00edk\u016f<br \/><\/span><span class='bullet-line'>Optim\u00e1ln\u011b se vejde do 20 l Stavebn\u00ed lopata<\/span><\/div>\n<div class=\"parameters\">\n<tr>\n<td>Hmotnost produktu<\/td>\n<td>0,720 kg<\/td>\n<\/tr>\n<tr>\n<td>Rozm\u011bry produktu (D x \u0160 x V)<\/td>\n<td>470 x 320 mm<\/td>\n<\/tr><\/div>\n<\/table>\n","protected":false},"excerpt":{"rendered":"<p>470&#215;320 mm \u2022 0,68 kg \u2022 3,2 l Ta\u0161ka pro vlo\u017een\u00ed do kbel\u00edku s deseti vnit\u0159n\u00edmi a dev\u00edti vn\u011bj\u0161\u00edmi kapsami na n\u00e1\u0159ad\u00ed a p\u0159\u00edslu\u0161enstv\u00edDokonale uspo\u0159\u00e1dan\u00e9 s optim\u00e1ln\u00ed ta\u0161kou pro stroje, p\u0159\u00edslu\u0161enstv\u00ed a baterie. Lze jej pou\u017e\u00edt v kbel\u00edc\u00edch r\u016fzn\u00fdch velikost\u00ed pomoc\u00ed nastaviteln\u00fdch popruh\u016f. S pogumov\u00e1n\u00edm pro v\u011bt\u0161\u00ed odolnost. Vn\u011bj\u0161\u00ed p\u0159ihr\u00e1dky jsou opat\u0159eny pru\u017en\u00fdm p\u00e1skem, kter\u00fd [&hellip;]<\/p>\n","protected":false},"featured_media":6809,"comment_status":"open","ping_status":"open","template":"","meta":[],"product_brand":[],"product_cat":[45],"product_tag":[],"class_list":{"0":"post-6709","1":"product","2":"type-product","3":"status-publish","4":"has-post-thumbnail","6":"product_cat-dilna","8":"first","9":"instock","10":"sale","11":"shipping-taxable","12":"purchasable","13":"product-type-simple"},"yoast_head":"<!-- This site is optimized with the Yoast SEO plugin v26.8 - https:\/\/yoast.com\/product\/yoast-seo-wordpress\/ -->\n<title>Makita E-05527 ko\u0161\u00edk 470x320mm P\u0159\u00edmo Od V\u00fdrobce -<\/title>\n<meta name=\"robots\" content=\"index, follow, max-snippet:-1, max-image-preview:large, max-video-preview:-1\" \/>\n<link rel=\"canonical\" href=\"https:\/\/www.koupeltech.com\/index.php\/produkt\/makita-e-05527-kosik-470x320mm-primo-od-vyrobce-6709\/\" \/>\n<meta property=\"og:locale\" content=\"cs_CZ\" \/>\n<meta property=\"og:type\" content=\"article\" \/>\n<meta property=\"og:title\" content=\"Makita E-05527 ko\u0161\u00edk 470x320mm P\u0159\u00edmo Od V\u00fdrobce -\" \/>\n<meta property=\"og:description\" content=\"470&#215;320 mm \u2022 0,68 kg \u2022 3,2 l Ta\u0161ka pro vlo\u017een\u00ed do kbel\u00edku s deseti vnit\u0159n\u00edmi a dev\u00edti vn\u011bj\u0161\u00edmi kapsami na n\u00e1\u0159ad\u00ed a p\u0159\u00edslu\u0161enstv\u00edDokonale uspo\u0159\u00e1dan\u00e9 s optim\u00e1ln\u00ed ta\u0161kou pro stroje, p\u0159\u00edslu\u0161enstv\u00ed a baterie. Lze jej pou\u017e\u00edt v kbel\u00edc\u00edch r\u016fzn\u00fdch velikost\u00ed pomoc\u00ed nastaviteln\u00fdch popruh\u016f. S pogumov\u00e1n\u00edm pro v\u011bt\u0161\u00ed odolnost. Vn\u011bj\u0161\u00ed p\u0159ihr\u00e1dky jsou opat\u0159eny pru\u017en\u00fdm p\u00e1skem, kter\u00fd [&hellip;]\" \/>\n<meta property=\"og:url\" content=\"https:\/\/www.koupeltech.com\/index.php\/produkt\/makita-e-05527-kosik-470x320mm-primo-od-vyrobce-6709\/\" \/>\n<meta property=\"og:image\" content=\"https:\/\/www.koupeltech.com\/wp-content\/uploads\/2026\/SK0022463-CZ20260425-092328-0-1777080210-e-05527-2.webp\" \/>\n\t<meta property=\"og:image:width\" content=\"615\" \/>\n\t<meta property=\"og:image:height\" content=\"700\" \/>\n\t<meta property=\"og:image:type\" content=\"image\/webp\" \/>\n<meta name=\"twitter:card\" content=\"summary_large_image\" \/>\n<meta name=\"twitter:label1\" content=\"Odhadovan\u00e1 doba \u010dten\u00ed\" \/>\n\t<meta name=\"twitter:data1\" content=\"1 minuta\" \/>\n<script type=\"application\/ld+json\" class=\"yoast-schema-graph\">{\"@context\":\"https:\/\/schema.org\",\"@graph\":[{\"@type\":\"WebPage\",\"@id\":\"https:\/\/www.koupeltech.com\/index.php\/produkt\/makita-e-05527-kosik-470x320mm-primo-od-vyrobce-6709\/\",\"url\":\"https:\/\/www.koupeltech.com\/index.php\/produkt\/makita-e-05527-kosik-470x320mm-primo-od-vyrobce-6709\/\",\"name\":\"Makita E-05527 ko\u0161\u00edk 470x320mm P\u0159\u00edmo Od V\u00fdrobce -\",\"isPartOf\":{\"@id\":\"https:\/\/www.koupeltech.com\/#website\"},\"primaryImageOfPage\":{\"@id\":\"https:\/\/www.koupeltech.com\/index.php\/produkt\/makita-e-05527-kosik-470x320mm-primo-od-vyrobce-6709\/#primaryimage\"},\"image\":{\"@id\":\"https:\/\/www.koupeltech.com\/index.php\/produkt\/makita-e-05527-kosik-470x320mm-primo-od-vyrobce-6709\/#primaryimage\"},\"thumbnailUrl\":\"https:\/\/www.koupeltech.com\/wp-content\/uploads\/2026\/SK0022463-CZ20260425-092328-0-1777080210-e-05527-2.webp\",\"datePublished\":\"2026-04-27T13:56:51+00:00\",\"breadcrumb\":{\"@id\":\"https:\/\/www.koupeltech.com\/index.php\/produkt\/makita-e-05527-kosik-470x320mm-primo-od-vyrobce-6709\/#breadcrumb\"},\"inLanguage\":\"cs\",\"potentialAction\":[{\"@type\":\"ReadAction\",\"target\":[\"https:\/\/www.koupeltech.com\/index.php\/produkt\/makita-e-05527-kosik-470x320mm-primo-od-vyrobce-6709\/\"]}]},{\"@type\":\"ImageObject\",\"inLanguage\":\"cs\",\"@id\":\"https:\/\/www.koupeltech.com\/index.php\/produkt\/makita-e-05527-kosik-470x320mm-primo-od-vyrobce-6709\/#primaryimage\",\"url\":\"https:\/\/www.koupeltech.com\/wp-content\/uploads\/2026\/SK0022463-CZ20260425-092328-0-1777080210-e-05527-2.webp\",\"contentUrl\":\"https:\/\/www.koupeltech.com\/wp-content\/uploads\/2026\/SK0022463-CZ20260425-092328-0-1777080210-e-05527-2.webp\",\"width\":615,\"height\":700},{\"@type\":\"BreadcrumbList\",\"@id\":\"https:\/\/www.koupeltech.com\/index.php\/produkt\/makita-e-05527-kosik-470x320mm-primo-od-vyrobce-6709\/#breadcrumb\",\"itemListElement\":[{\"@type\":\"ListItem\",\"position\":1,\"name\":\"Home\",\"item\":\"https:\/\/www.koupeltech.com\/\"},{\"@type\":\"ListItem\",\"position\":2,\"name\":\"Products\",\"item\":\"https:\/\/www.koupeltech.com\/index.php\/products\/\"},{\"@type\":\"ListItem\",\"position\":3,\"name\":\"Makita E-05527 ko\u0161\u00edk 470x320mm P\u0159\u00edmo Od V\u00fdrobce\"}]},{\"@type\":\"WebSite\",\"@id\":\"https:\/\/www.koupeltech.com\/#website\",\"url\":\"https:\/\/www.koupeltech.com\/\",\"name\":\"\",\"description\":\"\",\"potentialAction\":[{\"@type\":\"SearchAction\",\"target\":{\"@type\":\"EntryPoint\",\"urlTemplate\":\"https:\/\/www.koupeltech.com\/?s={search_term_string}\"},\"query-input\":{\"@type\":\"PropertyValueSpecification\",\"valueRequired\":true,\"valueName\":\"search_term_string\"}}],\"inLanguage\":\"cs\"}]}<\/script>\n<!-- \/ Yoast SEO plugin. -->","yoast_head_json":{"title":"Makita E-05527 ko\u0161\u00edk 470x320mm P\u0159\u00edmo Od V\u00fdrobce -","robots":{"index":"index","follow":"follow","max-snippet":"max-snippet:-1","max-image-preview":"max-image-preview:large","max-video-preview":"max-video-preview:-1"},"canonical":"https:\/\/www.koupeltech.com\/index.php\/produkt\/makita-e-05527-kosik-470x320mm-primo-od-vyrobce-6709\/","og_locale":"cs_CZ","og_type":"article","og_title":"Makita E-05527 ko\u0161\u00edk 470x320mm P\u0159\u00edmo Od V\u00fdrobce -","og_description":"470&#215;320 mm \u2022 0,68 kg \u2022 3,2 l Ta\u0161ka pro vlo\u017een\u00ed do kbel\u00edku s deseti vnit\u0159n\u00edmi a dev\u00edti vn\u011bj\u0161\u00edmi kapsami na n\u00e1\u0159ad\u00ed a p\u0159\u00edslu\u0161enstv\u00edDokonale uspo\u0159\u00e1dan\u00e9 s optim\u00e1ln\u00ed ta\u0161kou pro stroje, p\u0159\u00edslu\u0161enstv\u00ed a baterie. Lze jej pou\u017e\u00edt v kbel\u00edc\u00edch r\u016fzn\u00fdch velikost\u00ed pomoc\u00ed nastaviteln\u00fdch popruh\u016f. S pogumov\u00e1n\u00edm pro v\u011bt\u0161\u00ed odolnost. Vn\u011bj\u0161\u00ed p\u0159ihr\u00e1dky jsou opat\u0159eny pru\u017en\u00fdm p\u00e1skem, kter\u00fd [&hellip;]","og_url":"https:\/\/www.koupeltech.com\/index.php\/produkt\/makita-e-05527-kosik-470x320mm-primo-od-vyrobce-6709\/","og_image":[{"width":615,"height":700,"url":"https:\/\/www.koupeltech.com\/wp-content\/uploads\/2026\/SK0022463-CZ20260425-092328-0-1777080210-e-05527-2.webp","type":"image\/webp"}],"twitter_card":"summary_large_image","twitter_misc":{"Odhadovan\u00e1 doba \u010dten\u00ed":"1 minuta"},"schema":{"@context":"https:\/\/schema.org","@graph":[{"@type":"WebPage","@id":"https:\/\/www.koupeltech.com\/index.php\/produkt\/makita-e-05527-kosik-470x320mm-primo-od-vyrobce-6709\/","url":"https:\/\/www.koupeltech.com\/index.php\/produkt\/makita-e-05527-kosik-470x320mm-primo-od-vyrobce-6709\/","name":"Makita E-05527 ko\u0161\u00edk 470x320mm P\u0159\u00edmo Od V\u00fdrobce -","isPartOf":{"@id":"https:\/\/www.koupeltech.com\/#website"},"primaryImageOfPage":{"@id":"https:\/\/www.koupeltech.com\/index.php\/produkt\/makita-e-05527-kosik-470x320mm-primo-od-vyrobce-6709\/#primaryimage"},"image":{"@id":"https:\/\/www.koupeltech.com\/index.php\/produkt\/makita-e-05527-kosik-470x320mm-primo-od-vyrobce-6709\/#primaryimage"},"thumbnailUrl":"https:\/\/www.koupeltech.com\/wp-content\/uploads\/2026\/SK0022463-CZ20260425-092328-0-1777080210-e-05527-2.webp","datePublished":"2026-04-27T13:56:51+00:00","breadcrumb":{"@id":"https:\/\/www.koupeltech.com\/index.php\/produkt\/makita-e-05527-kosik-470x320mm-primo-od-vyrobce-6709\/#breadcrumb"},"inLanguage":"cs","potentialAction":[{"@type":"ReadAction","target":["https:\/\/www.koupeltech.com\/index.php\/produkt\/makita-e-05527-kosik-470x320mm-primo-od-vyrobce-6709\/"]}]},{"@type":"ImageObject","inLanguage":"cs","@id":"https:\/\/www.koupeltech.com\/index.php\/produkt\/makita-e-05527-kosik-470x320mm-primo-od-vyrobce-6709\/#primaryimage","url":"https:\/\/www.koupeltech.com\/wp-content\/uploads\/2026\/SK0022463-CZ20260425-092328-0-1777080210-e-05527-2.webp","contentUrl":"https:\/\/www.koupeltech.com\/wp-content\/uploads\/2026\/SK0022463-CZ20260425-092328-0-1777080210-e-05527-2.webp","width":615,"height":700},{"@type":"BreadcrumbList","@id":"https:\/\/www.koupeltech.com\/index.php\/produkt\/makita-e-05527-kosik-470x320mm-primo-od-vyrobce-6709\/#breadcrumb","itemListElement":[{"@type":"ListItem","position":1,"name":"Home","item":"https:\/\/www.koupeltech.com\/"},{"@type":"ListItem","position":2,"name":"Products","item":"https:\/\/www.koupeltech.com\/index.php\/products\/"},{"@type":"ListItem","position":3,"name":"Makita E-05527 ko\u0161\u00edk 470x320mm P\u0159\u00edmo Od V\u00fdrobce"}]},{"@type":"WebSite","@id":"https:\/\/www.koupeltech.com\/#website","url":"https:\/\/www.koupeltech.com\/","name":"","description":"","potentialAction":[{"@type":"SearchAction","target":{"@type":"EntryPoint","urlTemplate":"https:\/\/www.koupeltech.com\/?s={search_term_string}"},"query-input":{"@type":"PropertyValueSpecification","valueRequired":true,"valueName":"search_term_string"}}],"inLanguage":"cs"}]}},"_links":{"self":[{"href":"https:\/\/www.koupeltech.com\/index.php\/wp-json\/wp\/v2\/product\/6709","targetHints":{"allow":["GET"]}}],"collection":[{"href":"https:\/\/www.koupeltech.com\/index.php\/wp-json\/wp\/v2\/product"}],"about":[{"href":"https:\/\/www.koupeltech.com\/index.php\/wp-json\/wp\/v2\/types\/product"}],"replies":[{"embeddable":true,"href":"https:\/\/www.koupeltech.com\/index.php\/wp-json\/wp\/v2\/comments?post=6709"}],"wp:featuredmedia":[{"embeddable":true,"href":"https:\/\/www.koupeltech.com\/index.php\/wp-json\/wp\/v2\/media\/6809"}],"wp:attachment":[{"href":"https:\/\/www.koupeltech.com\/index.php\/wp-json\/wp\/v2\/media?parent=6709"}],"wp:term":[{"taxonomy":"product_brand","embeddable":true,"href":"https:\/\/www.koupeltech.com\/index.php\/wp-json\/wp\/v2\/product_brand?post=6709"},{"taxonomy":"product_cat","embeddable":true,"href":"https:\/\/www.koupeltech.com\/index.php\/wp-json\/wp\/v2\/product_cat?post=6709"},{"taxonomy":"product_tag","embeddable":true,"href":"https:\/\/www.koupeltech.com\/index.php\/wp-json\/wp\/v2\/product_tag?post=6709"}],"curies":[{"name":"wp","href":"https:\/\/api.w.org\/{rel}","templated":true}]}}