{"id":6719,"date":"2026-04-27T13:56:51","date_gmt":"2026-04-27T13:56:51","guid":{"rendered":""},"modified":"2026-04-27T13:56:51","modified_gmt":"2026-04-27T13:56:51","slug":"kup-ted-makita-191e07-8-rychlonabijecka-dc40ra-6719","status":"publish","type":"product","link":"https:\/\/www.koupeltech.com\/index.php\/produkt\/kup-ted-makita-191e07-8-rychlonabijecka-dc40ra-6719\/","title":{"rendered":"Kup Te\u010f Makita 191E07-8 Rychlonab\u00edje\u010dka DC40RA"},"content":{"rendered":"<table>\n<div class=\"tab-pane active product-description\" id=\"popis\" role=\"tabpanel\">\n<div class=\"short-description\" itemprop=\"description\">XGT \u2022 40 V max. \u2022 Li-ion<\/div>\n<div class=\"description\"><span class='bullet-line'>Rychlonab\u00edje\u010dka pro max. 40 V Baterie XGT. <br \/><\/span><span class='bullet-line'>S digit\u00e1ln\u00ed komunikac\u00ed mezi nab\u00edje\u010dkou, bateri\u00ed a n\u00e1strojem.<br \/><\/span><span class='bullet-line'>S volitelnou melodi\u00ed jako sign\u00e1lem pro dokon\u010den\u00ed procesu nab\u00edjen\u00ed. <br \/><\/span><span class='bullet-line'>Vybaven dv\u011bma ventil\u00e1tory pro obzvl\u00e1\u0161t\u011b rychl\u00e9 nab\u00edjen\u00ed bateri\u00ed XGT. <br \/><\/span><span class='bullet-line'>Lze p\u0159ipevnit na ze\u010f. <br \/><\/span><span class='bullet-line'>Spolu s nab\u00edjec\u00edm adapt\u00e9rem ADP10 (nen\u00ed sou\u010d\u00e1st\u00ed dod\u00e1vky) lze nab\u00edjet baterie 18 V LXT.<br \/><\/span><br \/>\u25ba V\u00cdCE V\u00ddKONU<span class='bullet-line'>S\u00e9rie Makita XGT nastavuje nov\u00e9 standardy a roz\u0161i\u0159uje mo\u017enosti vyu\u017eit\u00ed bezdr\u00e1tov\u00fdch stroj\u016f, kter\u00e9 byly d\u0159\u00edve vyhrazeny pro stroje nap\u00e1jen\u00e9 ze s\u00edt\u011b. 40 V max. <br \/><\/span><span class='bullet-line'>T\u0159\u00edda dopl\u0148uje osv\u011bd\u010denou produktovou \u0159adu 18 V LXT a nab\u00edz\u00ed u\u017eivatel\u016fm \u0159e\u0161en\u00ed, kter\u00e9 zvl\u00e1dne obzvl\u00e1\u0161t\u011b nam\u00e1havou pr\u00e1ci.<br \/><\/span><br \/>\u25ba ROBUSTN\u00cd<span class='bullet-line'>Nov\u00e9 baterie jsou speci\u00e1ln\u011b navr\u017eeny pro dod\u00e1v\u00e1n\u00ed vy\u0161\u0161\u00edch vyb\u00edjec\u00edch proud\u016f. <br \/><\/span><span class='bullet-line'>To znamen\u00e1, \u017ee odol\u00e1vaj\u00ed po\u017eadavk\u016fm i v n\u00e1ro\u010dn\u00fdch podm\u00ednk\u00e1ch a neust\u00e1le dod\u00e1vaj\u00ed maxim\u00e1ln\u00ed v\u00fdkon. <br \/><\/span><span class='bullet-line'>Vnit\u0159n\u00ed \u010dl\u00e1nky baterie jsou je\u0161t\u011b v\u00edce chr\u00e1n\u011bny proti prachu a vod\u011b. <br \/><\/span><span class='bullet-line'>Vylep\u0161en\u00e9 pouzdro tlum\u00edc\u00ed n\u00e1razy \u010din\u00ed baterie je\u0161t\u011b robustn\u011bj\u0161\u00edmi a bezpe\u010dn\u011bj\u0161\u00edmi.<br \/><\/span><br \/>\u25ba DIGIT\u00c1LN\u00cd KOMUNIKACE<span class='bullet-line'>Digit\u00e1ln\u00ed komunikace mezi bateri\u00ed, strojem a nab\u00edje\u010dkou zaji\u0161\u0165uje, \u017ee v\u0161echny t\u0159i komponenty funguj\u00ed optim\u00e1ln\u011b. <br \/><\/span><span class='bullet-line'>S touto digit\u00e1ln\u00ed komunikac\u00ed lze v z\u00e1vislosti na aplikaci dos\u00e1hnout znateln\u011b del\u0161\u00ed doby chodu na jedno nabit\u00ed baterie.<\/span><\/div>\n<div class=\"parameters\">\n<tr>\n<td>Napeti baterky<\/td>\n<td>40 V<\/td>\n<\/tr>\n<tr>\n<td>Typ baterie (Ni-Cd \/ Li-Ion)<\/td>\n<td>Li-ion<\/td>\n<\/tr>\n<tr>\n<td>Doba na\u010d\u00edt\u00e1n\u00ed<\/td>\n<td>28 &#8211; 45 min<\/td>\n<\/tr>\n<tr>\n<td>Spot\u0159eba energie<\/td>\n<td>310 W.<\/td>\n<\/tr>\n<tr>\n<td>D\u00e9lka nap\u00e1jec\u00edho kabelu<\/td>\n<td>2,0 m<\/td>\n<\/tr>\n<tr>\n<td>Typ<\/td>\n<td>DC40RA<\/td>\n<\/tr>\n<tr>\n<td>Hmotnost produktu<\/td>\n<td>1,0 kg<\/td>\n<\/tr>\n<tr>\n<td>Rozm\u011bry produktu (D x \u0160 x V)<\/td>\n<td>156 x 210 x 84 mm<\/td>\n<\/tr><\/div>\n<\/table>\n","protected":false},"excerpt":{"rendered":"<p>XGT \u2022 40 V max. \u2022 Li-ion Rychlonab\u00edje\u010dka pro max. 40 V Baterie XGT. S digit\u00e1ln\u00ed komunikac\u00ed mezi nab\u00edje\u010dkou, bateri\u00ed a n\u00e1strojem.S volitelnou melodi\u00ed jako sign\u00e1lem pro dokon\u010den\u00ed procesu nab\u00edjen\u00ed. Vybaven dv\u011bma ventil\u00e1tory pro obzvl\u00e1\u0161t\u011b rychl\u00e9 nab\u00edjen\u00ed bateri\u00ed XGT. Lze p\u0159ipevnit na ze\u010f. Spolu s nab\u00edjec\u00edm adapt\u00e9rem ADP10 (nen\u00ed sou\u010d\u00e1st\u00ed dod\u00e1vky) lze nab\u00edjet baterie 18 [&hellip;]<\/p>\n","protected":false},"featured_media":6819,"comment_status":"open","ping_status":"open","template":"","meta":[],"product_brand":[],"product_cat":[43],"product_tag":[],"class_list":{"0":"post-6719","1":"product","2":"type-product","3":"status-publish","4":"has-post-thumbnail","6":"product_cat-naradi","8":"first","9":"instock","10":"sale","11":"shipping-taxable","12":"purchasable","13":"product-type-simple"},"yoast_head":"<!-- This site is optimized with the Yoast SEO plugin v26.8 - https:\/\/yoast.com\/product\/yoast-seo-wordpress\/ -->\n<title>Kup Te\u010f Makita 191E07-8 Rychlonab\u00edje\u010dka DC40RA -<\/title>\n<meta name=\"robots\" content=\"index, follow, max-snippet:-1, max-image-preview:large, max-video-preview:-1\" \/>\n<link rel=\"canonical\" href=\"https:\/\/www.koupeltech.com\/index.php\/produkt\/kup-ted-makita-191e07-8-rychlonabijecka-dc40ra-6719\/\" \/>\n<meta property=\"og:locale\" content=\"cs_CZ\" \/>\n<meta property=\"og:type\" content=\"article\" \/>\n<meta property=\"og:title\" content=\"Kup Te\u010f Makita 191E07-8 Rychlonab\u00edje\u010dka DC40RA -\" \/>\n<meta property=\"og:description\" content=\"XGT \u2022 40 V max. \u2022 Li-ion Rychlonab\u00edje\u010dka pro max. 40 V Baterie XGT. S digit\u00e1ln\u00ed komunikac\u00ed mezi nab\u00edje\u010dkou, bateri\u00ed a n\u00e1strojem.S volitelnou melodi\u00ed jako sign\u00e1lem pro dokon\u010den\u00ed procesu nab\u00edjen\u00ed. Vybaven dv\u011bma ventil\u00e1tory pro obzvl\u00e1\u0161t\u011b rychl\u00e9 nab\u00edjen\u00ed bateri\u00ed XGT. Lze p\u0159ipevnit na ze\u010f. Spolu s nab\u00edjec\u00edm adapt\u00e9rem ADP10 (nen\u00ed sou\u010d\u00e1st\u00ed dod\u00e1vky) lze nab\u00edjet baterie 18 [&hellip;]\" \/>\n<meta property=\"og:url\" content=\"https:\/\/www.koupeltech.com\/index.php\/produkt\/kup-ted-makita-191e07-8-rychlonabijecka-dc40ra-6719\/\" \/>\n<meta property=\"og:image\" content=\"https:\/\/www.koupeltech.com\/wp-content\/uploads\/2026\/SK0022473-CZ20260425-092328-0-1777080210-191e07-8.webp\" \/>\n\t<meta property=\"og:image:width\" content=\"700\" \/>\n\t<meta property=\"og:image:height\" content=\"543\" \/>\n\t<meta property=\"og:image:type\" content=\"image\/webp\" \/>\n<meta name=\"twitter:card\" content=\"summary_large_image\" \/>\n<meta name=\"twitter:label1\" content=\"Odhadovan\u00e1 doba \u010dten\u00ed\" \/>\n\t<meta name=\"twitter:data1\" content=\"2 minuty\" \/>\n<script type=\"application\/ld+json\" class=\"yoast-schema-graph\">{\"@context\":\"https:\/\/schema.org\",\"@graph\":[{\"@type\":\"WebPage\",\"@id\":\"https:\/\/www.koupeltech.com\/index.php\/produkt\/kup-ted-makita-191e07-8-rychlonabijecka-dc40ra-6719\/\",\"url\":\"https:\/\/www.koupeltech.com\/index.php\/produkt\/kup-ted-makita-191e07-8-rychlonabijecka-dc40ra-6719\/\",\"name\":\"Kup Te\u010f Makita 191E07-8 Rychlonab\u00edje\u010dka DC40RA -\",\"isPartOf\":{\"@id\":\"https:\/\/www.koupeltech.com\/#website\"},\"primaryImageOfPage\":{\"@id\":\"https:\/\/www.koupeltech.com\/index.php\/produkt\/kup-ted-makita-191e07-8-rychlonabijecka-dc40ra-6719\/#primaryimage\"},\"image\":{\"@id\":\"https:\/\/www.koupeltech.com\/index.php\/produkt\/kup-ted-makita-191e07-8-rychlonabijecka-dc40ra-6719\/#primaryimage\"},\"thumbnailUrl\":\"https:\/\/www.koupeltech.com\/wp-content\/uploads\/2026\/SK0022473-CZ20260425-092328-0-1777080210-191e07-8.webp\",\"datePublished\":\"2026-04-27T13:56:51+00:00\",\"breadcrumb\":{\"@id\":\"https:\/\/www.koupeltech.com\/index.php\/produkt\/kup-ted-makita-191e07-8-rychlonabijecka-dc40ra-6719\/#breadcrumb\"},\"inLanguage\":\"cs\",\"potentialAction\":[{\"@type\":\"ReadAction\",\"target\":[\"https:\/\/www.koupeltech.com\/index.php\/produkt\/kup-ted-makita-191e07-8-rychlonabijecka-dc40ra-6719\/\"]}]},{\"@type\":\"ImageObject\",\"inLanguage\":\"cs\",\"@id\":\"https:\/\/www.koupeltech.com\/index.php\/produkt\/kup-ted-makita-191e07-8-rychlonabijecka-dc40ra-6719\/#primaryimage\",\"url\":\"https:\/\/www.koupeltech.com\/wp-content\/uploads\/2026\/SK0022473-CZ20260425-092328-0-1777080210-191e07-8.webp\",\"contentUrl\":\"https:\/\/www.koupeltech.com\/wp-content\/uploads\/2026\/SK0022473-CZ20260425-092328-0-1777080210-191e07-8.webp\",\"width\":700,\"height\":543},{\"@type\":\"BreadcrumbList\",\"@id\":\"https:\/\/www.koupeltech.com\/index.php\/produkt\/kup-ted-makita-191e07-8-rychlonabijecka-dc40ra-6719\/#breadcrumb\",\"itemListElement\":[{\"@type\":\"ListItem\",\"position\":1,\"name\":\"Home\",\"item\":\"https:\/\/www.koupeltech.com\/\"},{\"@type\":\"ListItem\",\"position\":2,\"name\":\"Products\",\"item\":\"https:\/\/www.koupeltech.com\/index.php\/products\/\"},{\"@type\":\"ListItem\",\"position\":3,\"name\":\"Kup Te\u010f Makita 191E07-8 Rychlonab\u00edje\u010dka DC40RA\"}]},{\"@type\":\"WebSite\",\"@id\":\"https:\/\/www.koupeltech.com\/#website\",\"url\":\"https:\/\/www.koupeltech.com\/\",\"name\":\"\",\"description\":\"\",\"potentialAction\":[{\"@type\":\"SearchAction\",\"target\":{\"@type\":\"EntryPoint\",\"urlTemplate\":\"https:\/\/www.koupeltech.com\/?s={search_term_string}\"},\"query-input\":{\"@type\":\"PropertyValueSpecification\",\"valueRequired\":true,\"valueName\":\"search_term_string\"}}],\"inLanguage\":\"cs\"}]}<\/script>\n<!-- \/ Yoast SEO plugin. -->","yoast_head_json":{"title":"Kup Te\u010f Makita 191E07-8 Rychlonab\u00edje\u010dka DC40RA -","robots":{"index":"index","follow":"follow","max-snippet":"max-snippet:-1","max-image-preview":"max-image-preview:large","max-video-preview":"max-video-preview:-1"},"canonical":"https:\/\/www.koupeltech.com\/index.php\/produkt\/kup-ted-makita-191e07-8-rychlonabijecka-dc40ra-6719\/","og_locale":"cs_CZ","og_type":"article","og_title":"Kup Te\u010f Makita 191E07-8 Rychlonab\u00edje\u010dka DC40RA -","og_description":"XGT \u2022 40 V max. \u2022 Li-ion Rychlonab\u00edje\u010dka pro max. 40 V Baterie XGT. S digit\u00e1ln\u00ed komunikac\u00ed mezi nab\u00edje\u010dkou, bateri\u00ed a n\u00e1strojem.S volitelnou melodi\u00ed jako sign\u00e1lem pro dokon\u010den\u00ed procesu nab\u00edjen\u00ed. Vybaven dv\u011bma ventil\u00e1tory pro obzvl\u00e1\u0161t\u011b rychl\u00e9 nab\u00edjen\u00ed bateri\u00ed XGT. Lze p\u0159ipevnit na ze\u010f. Spolu s nab\u00edjec\u00edm adapt\u00e9rem ADP10 (nen\u00ed sou\u010d\u00e1st\u00ed dod\u00e1vky) lze nab\u00edjet baterie 18 [&hellip;]","og_url":"https:\/\/www.koupeltech.com\/index.php\/produkt\/kup-ted-makita-191e07-8-rychlonabijecka-dc40ra-6719\/","og_image":[{"width":700,"height":543,"url":"https:\/\/www.koupeltech.com\/wp-content\/uploads\/2026\/SK0022473-CZ20260425-092328-0-1777080210-191e07-8.webp","type":"image\/webp"}],"twitter_card":"summary_large_image","twitter_misc":{"Odhadovan\u00e1 doba \u010dten\u00ed":"2 minuty"},"schema":{"@context":"https:\/\/schema.org","@graph":[{"@type":"WebPage","@id":"https:\/\/www.koupeltech.com\/index.php\/produkt\/kup-ted-makita-191e07-8-rychlonabijecka-dc40ra-6719\/","url":"https:\/\/www.koupeltech.com\/index.php\/produkt\/kup-ted-makita-191e07-8-rychlonabijecka-dc40ra-6719\/","name":"Kup Te\u010f Makita 191E07-8 Rychlonab\u00edje\u010dka DC40RA -","isPartOf":{"@id":"https:\/\/www.koupeltech.com\/#website"},"primaryImageOfPage":{"@id":"https:\/\/www.koupeltech.com\/index.php\/produkt\/kup-ted-makita-191e07-8-rychlonabijecka-dc40ra-6719\/#primaryimage"},"image":{"@id":"https:\/\/www.koupeltech.com\/index.php\/produkt\/kup-ted-makita-191e07-8-rychlonabijecka-dc40ra-6719\/#primaryimage"},"thumbnailUrl":"https:\/\/www.koupeltech.com\/wp-content\/uploads\/2026\/SK0022473-CZ20260425-092328-0-1777080210-191e07-8.webp","datePublished":"2026-04-27T13:56:51+00:00","breadcrumb":{"@id":"https:\/\/www.koupeltech.com\/index.php\/produkt\/kup-ted-makita-191e07-8-rychlonabijecka-dc40ra-6719\/#breadcrumb"},"inLanguage":"cs","potentialAction":[{"@type":"ReadAction","target":["https:\/\/www.koupeltech.com\/index.php\/produkt\/kup-ted-makita-191e07-8-rychlonabijecka-dc40ra-6719\/"]}]},{"@type":"ImageObject","inLanguage":"cs","@id":"https:\/\/www.koupeltech.com\/index.php\/produkt\/kup-ted-makita-191e07-8-rychlonabijecka-dc40ra-6719\/#primaryimage","url":"https:\/\/www.koupeltech.com\/wp-content\/uploads\/2026\/SK0022473-CZ20260425-092328-0-1777080210-191e07-8.webp","contentUrl":"https:\/\/www.koupeltech.com\/wp-content\/uploads\/2026\/SK0022473-CZ20260425-092328-0-1777080210-191e07-8.webp","width":700,"height":543},{"@type":"BreadcrumbList","@id":"https:\/\/www.koupeltech.com\/index.php\/produkt\/kup-ted-makita-191e07-8-rychlonabijecka-dc40ra-6719\/#breadcrumb","itemListElement":[{"@type":"ListItem","position":1,"name":"Home","item":"https:\/\/www.koupeltech.com\/"},{"@type":"ListItem","position":2,"name":"Products","item":"https:\/\/www.koupeltech.com\/index.php\/products\/"},{"@type":"ListItem","position":3,"name":"Kup Te\u010f Makita 191E07-8 Rychlonab\u00edje\u010dka DC40RA"}]},{"@type":"WebSite","@id":"https:\/\/www.koupeltech.com\/#website","url":"https:\/\/www.koupeltech.com\/","name":"","description":"","potentialAction":[{"@type":"SearchAction","target":{"@type":"EntryPoint","urlTemplate":"https:\/\/www.koupeltech.com\/?s={search_term_string}"},"query-input":{"@type":"PropertyValueSpecification","valueRequired":true,"valueName":"search_term_string"}}],"inLanguage":"cs"}]}},"_links":{"self":[{"href":"https:\/\/www.koupeltech.com\/index.php\/wp-json\/wp\/v2\/product\/6719","targetHints":{"allow":["GET"]}}],"collection":[{"href":"https:\/\/www.koupeltech.com\/index.php\/wp-json\/wp\/v2\/product"}],"about":[{"href":"https:\/\/www.koupeltech.com\/index.php\/wp-json\/wp\/v2\/types\/product"}],"replies":[{"embeddable":true,"href":"https:\/\/www.koupeltech.com\/index.php\/wp-json\/wp\/v2\/comments?post=6719"}],"wp:featuredmedia":[{"embeddable":true,"href":"https:\/\/www.koupeltech.com\/index.php\/wp-json\/wp\/v2\/media\/6819"}],"wp:attachment":[{"href":"https:\/\/www.koupeltech.com\/index.php\/wp-json\/wp\/v2\/media?parent=6719"}],"wp:term":[{"taxonomy":"product_brand","embeddable":true,"href":"https:\/\/www.koupeltech.com\/index.php\/wp-json\/wp\/v2\/product_brand?post=6719"},{"taxonomy":"product_cat","embeddable":true,"href":"https:\/\/www.koupeltech.com\/index.php\/wp-json\/wp\/v2\/product_cat?post=6719"},{"taxonomy":"product_tag","embeddable":true,"href":"https:\/\/www.koupeltech.com\/index.php\/wp-json\/wp\/v2\/product_tag?post=6719"}],"curies":[{"name":"wp","href":"https:\/\/api.w.org\/{rel}","templated":true}]}}